{"id":9967,"date":"2021-04-12T10:44:53","date_gmt":"2021-04-12T08:44:53","guid":{"rendered":"http:\/\/www.1010votropticien.com\/blog\/?page_id=9967"},"modified":"2021-04-14T21:53:39","modified_gmt":"2021-04-14T19:53:39","slug":"julbo-bebe-solaires","status":"publish","type":"page","link":"http:\/\/www.1010votropticien.com\/blog\/julbo-bebe-solaires\/","title":{"rendered":"Julbo b\u00e9b\u00e9 solaires 0-18 mois"},"content":{"rendered":"\n<h3 class=\"wp-block-heading\"><span style=\"color:#fb0b0b\" class=\"has-inline-color\">Nouveau :<\/span> Achetez votre Chlo\u00e9 directement en ligne, livraison \u00e0 domicile ou retrait en magasin ou au drive sans frais en cliquant directement <a href=\"https:\/\/optique-10-10.myshopify.com\/search?q=Julbo+b%C3%A9b%C3%A9&amp;options%5Bprefix%5D=last\" target=\"_blank\" rel=\"noreferrer noopener\"><span style=\"color:#ff0606\" class=\"has-inline-color\">ici<\/span><\/a><\/h3>\n\n\n\n<h4 class=\"wp-block-heading\">Voici un petit aper\u00e7u des mod\u00e8les de la collection Julbo b\u00e9b\u00e9 &#8230; Venez vite en magasin les essayer et d\u00e9couvrir d&rsquo;autres mod\u00e8les!<\/h4>\n\n\n\n<p>Forme id\u00e9alement couvrante, monture r\u00e9versible, pas de charni\u00e8res de branches, mat\u00e9riaux flex, cordon ajustable et verres cat4<\/p>\n\n\n\n<p><\/p>\n\n\n\n<figure class=\"wp-block-gallery columns-3 is-cropped wp-block-gallery-1 is-layout-flex\"><ul class=\"blocks-gallery-grid\"><li class=\"blocks-gallery-item\"><figure><a href=\"http:\/\/www.1010votropticien.com\/blog\/julbo-bebe-solaires\/julbo-loop-s-optique1010-faches-thumesnil-ref-18213\/\"><img decoding=\"async\" loading=\"lazy\" width=\"1024\" height=\"1024\" src=\"http:\/\/www.1010votropticien.com\/blog\/wp-content\/uploads\/2021\/04\/Julbo-LOOP-S-OPTIQUE1010-FACHES-THUMESNIL-R\u00e9f-18213-1024x1024.jpg\" alt=\"Julbo-LOOP-S-OPTIQUE1010-FACHES-THUMESNIL-R\u00e9f-18213\" data-id=\"9986\" data-full-url=\"http:\/\/www.1010votropticien.com\/blog\/wp-content\/uploads\/2021\/04\/Julbo-LOOP-S-OPTIQUE1010-FACHES-THUMESNIL-R\u00e9f-18213.jpg\" data-link=\"http:\/\/www.1010votropticien.com\/blog\/julbo-bebe-solaires\/julbo-loop-s-optique1010-faches-thumesnil-ref-18213\/\" class=\"wp-image-9986\" srcset=\"http:\/\/www.1010votropticien.com\/blog\/wp-content\/uploads\/2021\/04\/Julbo-LOOP-S-OPTIQUE1010-FACHES-THUMESNIL-R\u00e9f-18213-1024x1024.jpg 1024w, http:\/\/www.1010votropticien.com\/blog\/wp-content\/uploads\/2021\/04\/Julbo-LOOP-S-OPTIQUE1010-FACHES-THUMESNIL-R\u00e9f-18213-300x300.jpg 300w, http:\/\/www.1010votropticien.com\/blog\/wp-content\/uploads\/2021\/04\/Julbo-LOOP-S-OPTIQUE1010-FACHES-THUMESNIL-R\u00e9f-18213-768x768.jpg 768w, http:\/\/www.1010votropticien.com\/blog\/wp-content\/uploads\/2021\/04\/Julbo-LOOP-S-OPTIQUE1010-FACHES-THUMESNIL-R\u00e9f-18213-1536x1536.jpg 1536w, http:\/\/www.1010votropticien.com\/blog\/wp-content\/uploads\/2021\/04\/Julbo-LOOP-S-OPTIQUE1010-FACHES-THUMESNIL-R\u00e9f-18213-160x160.jpg 160w, http:\/\/www.1010votropticien.com\/blog\/wp-content\/uploads\/2021\/04\/Julbo-LOOP-S-OPTIQUE1010-FACHES-THUMESNIL-R\u00e9f-18213-240x240.jpg 240w, http:\/\/www.1010votropticien.com\/blog\/wp-content\/uploads\/2021\/04\/Julbo-LOOP-S-OPTIQUE1010-FACHES-THUMESNIL-R\u00e9f-18213-60x60.jpg 60w, http:\/\/www.1010votropticien.com\/blog\/wp-content\/uploads\/2021\/04\/Julbo-LOOP-S-OPTIQUE1010-FACHES-THUMESNIL-R\u00e9f-18213-184x184.jpg 184w, http:\/\/www.1010votropticien.com\/blog\/wp-content\/uploads\/2021\/04\/Julbo-LOOP-S-OPTIQUE1010-FACHES-THUMESNIL-R\u00e9f-18213-50x50.jpg 50w, http:\/\/www.1010votropticien.com\/blog\/wp-content\/uploads\/2021\/04\/Julbo-LOOP-S-OPTIQUE1010-FACHES-THUMESNIL-R\u00e9f-18213.jpg 1920w\" sizes=\"(max-width: 1024px) 100vw, 1024px\" \/><\/a><\/figure><\/li><li class=\"blocks-gallery-item\"><figure><a href=\"http:\/\/www.1010votropticien.com\/blog\/julbo-bebe-solaires\/julbo-loop-s-optique1010-faches-thumesnil-ref-18206\/\"><img decoding=\"async\" loading=\"lazy\" width=\"1024\" height=\"1024\" src=\"http:\/\/www.1010votropticien.com\/blog\/wp-content\/uploads\/2021\/04\/Julbo-LOOP-S-OPTIQUE1010-FACHES-THUMESNIL-R\u00e9f-18206-1024x1024.jpg\" alt=\"Julbo-LOOP-S-OPTIQUE1010-FACHES-THUMESNIL-R\u00e9f-18206\" data-id=\"9984\" data-full-url=\"http:\/\/www.1010votropticien.com\/blog\/wp-content\/uploads\/2021\/04\/Julbo-LOOP-S-OPTIQUE1010-FACHES-THUMESNIL-R\u00e9f-18206.jpg\" data-link=\"http:\/\/www.1010votropticien.com\/blog\/julbo-bebe-solaires\/julbo-loop-s-optique1010-faches-thumesnil-ref-18206\/\" class=\"wp-image-9984\" srcset=\"http:\/\/www.1010votropticien.com\/blog\/wp-content\/uploads\/2021\/04\/Julbo-LOOP-S-OPTIQUE1010-FACHES-THUMESNIL-R\u00e9f-18206-1024x1024.jpg 1024w, http:\/\/www.1010votropticien.com\/blog\/wp-content\/uploads\/2021\/04\/Julbo-LOOP-S-OPTIQUE1010-FACHES-THUMESNIL-R\u00e9f-18206-300x300.jpg 300w, http:\/\/www.1010votropticien.com\/blog\/wp-content\/uploads\/2021\/04\/Julbo-LOOP-S-OPTIQUE1010-FACHES-THUMESNIL-R\u00e9f-18206-768x768.jpg 768w, http:\/\/www.1010votropticien.com\/blog\/wp-content\/uploads\/2021\/04\/Julbo-LOOP-S-OPTIQUE1010-FACHES-THUMESNIL-R\u00e9f-18206-1536x1536.jpg 1536w, http:\/\/www.1010votropticien.com\/blog\/wp-content\/uploads\/2021\/04\/Julbo-LOOP-S-OPTIQUE1010-FACHES-THUMESNIL-R\u00e9f-18206-160x160.jpg 160w, http:\/\/www.1010votropticien.com\/blog\/wp-content\/uploads\/2021\/04\/Julbo-LOOP-S-OPTIQUE1010-FACHES-THUMESNIL-R\u00e9f-18206-240x240.jpg 240w, http:\/\/www.1010votropticien.com\/blog\/wp-content\/uploads\/2021\/04\/Julbo-LOOP-S-OPTIQUE1010-FACHES-THUMESNIL-R\u00e9f-18206-60x60.jpg 60w, http:\/\/www.1010votropticien.com\/blog\/wp-content\/uploads\/2021\/04\/Julbo-LOOP-S-OPTIQUE1010-FACHES-THUMESNIL-R\u00e9f-18206-184x184.jpg 184w, http:\/\/www.1010votropticien.com\/blog\/wp-content\/uploads\/2021\/04\/Julbo-LOOP-S-OPTIQUE1010-FACHES-THUMESNIL-R\u00e9f-18206-50x50.jpg 50w, http:\/\/www.1010votropticien.com\/blog\/wp-content\/uploads\/2021\/04\/Julbo-LOOP-S-OPTIQUE1010-FACHES-THUMESNIL-R\u00e9f-18206.jpg 1920w\" sizes=\"(max-width: 1024px) 100vw, 1024px\" \/><\/a><\/figure><\/li><li class=\"blocks-gallery-item\"><figure><a href=\"http:\/\/www.1010votropticien.com\/blog\/julbo-bebe-solaires\/julbo-loop-s-c-optique1010-faches-thumesnil-ref-18206\/\"><img decoding=\"async\" loading=\"lazy\" width=\"1024\" height=\"1024\" src=\"http:\/\/www.1010votropticien.com\/blog\/wp-content\/uploads\/2021\/04\/Julbo-LOOP-S-C-OPTIQUE1010-FACHES-THUMESNIL-R\u00e9f-18206-1024x1024.jpg\" alt=\"Julbo-LOOP-S-C-OPTIQUE1010-FACHES-THUMESNIL-R\u00e9f-18206\" data-id=\"9972\" data-full-url=\"http:\/\/www.1010votropticien.com\/blog\/wp-content\/uploads\/2021\/04\/Julbo-LOOP-S-C-OPTIQUE1010-FACHES-THUMESNIL-R\u00e9f-18206.jpg\" data-link=\"http:\/\/www.1010votropticien.com\/blog\/julbo-bebe-solaires\/julbo-loop-s-c-optique1010-faches-thumesnil-ref-18206\/\" class=\"wp-image-9972\" srcset=\"http:\/\/www.1010votropticien.com\/blog\/wp-content\/uploads\/2021\/04\/Julbo-LOOP-S-C-OPTIQUE1010-FACHES-THUMESNIL-R\u00e9f-18206-1024x1024.jpg 1024w, http:\/\/www.1010votropticien.com\/blog\/wp-content\/uploads\/2021\/04\/Julbo-LOOP-S-C-OPTIQUE1010-FACHES-THUMESNIL-R\u00e9f-18206-300x300.jpg 300w, http:\/\/www.1010votropticien.com\/blog\/wp-content\/uploads\/2021\/04\/Julbo-LOOP-S-C-OPTIQUE1010-FACHES-THUMESNIL-R\u00e9f-18206-768x768.jpg 768w, http:\/\/www.1010votropticien.com\/blog\/wp-content\/uploads\/2021\/04\/Julbo-LOOP-S-C-OPTIQUE1010-FACHES-THUMESNIL-R\u00e9f-18206-1536x1536.jpg 1536w, http:\/\/www.1010votropticien.com\/blog\/wp-content\/uploads\/2021\/04\/Julbo-LOOP-S-C-OPTIQUE1010-FACHES-THUMESNIL-R\u00e9f-18206-160x160.jpg 160w, http:\/\/www.1010votropticien.com\/blog\/wp-content\/uploads\/2021\/04\/Julbo-LOOP-S-C-OPTIQUE1010-FACHES-THUMESNIL-R\u00e9f-18206-240x240.jpg 240w, http:\/\/www.1010votropticien.com\/blog\/wp-content\/uploads\/2021\/04\/Julbo-LOOP-S-C-OPTIQUE1010-FACHES-THUMESNIL-R\u00e9f-18206-60x60.jpg 60w, http:\/\/www.1010votropticien.com\/blog\/wp-content\/uploads\/2021\/04\/Julbo-LOOP-S-C-OPTIQUE1010-FACHES-THUMESNIL-R\u00e9f-18206-184x184.jpg 184w, http:\/\/www.1010votropticien.com\/blog\/wp-content\/uploads\/2021\/04\/Julbo-LOOP-S-C-OPTIQUE1010-FACHES-THUMESNIL-R\u00e9f-18206-50x50.jpg 50w, http:\/\/www.1010votropticien.com\/blog\/wp-content\/uploads\/2021\/04\/Julbo-LOOP-S-C-OPTIQUE1010-FACHES-THUMESNIL-R\u00e9f-18206.jpg 1920w\" sizes=\"(max-width: 1024px) 100vw, 1024px\" \/><\/a><\/figure><\/li><li class=\"blocks-gallery-item\"><figure><a href=\"http:\/\/www.1010votropticien.com\/blog\/julbo-bebe-solaires\/julbo-loop-s-optique1010-faches-thumesnil-ref-18205\/\"><img decoding=\"async\" loading=\"lazy\" width=\"1024\" height=\"1024\" src=\"http:\/\/www.1010votropticien.com\/blog\/wp-content\/uploads\/2021\/04\/Julbo-LOOP-S-OPTIQUE1010-FACHES-THUMESNIL-R\u00e9f-18205-1024x1024.jpg\" alt=\"Julbo-LOOP-S-OPTIQUE1010-FACHES-THUMESNIL-R\u00e9f-18205\" data-id=\"9983\" data-full-url=\"http:\/\/www.1010votropticien.com\/blog\/wp-content\/uploads\/2021\/04\/Julbo-LOOP-S-OPTIQUE1010-FACHES-THUMESNIL-R\u00e9f-18205.jpg\" data-link=\"http:\/\/www.1010votropticien.com\/blog\/julbo-bebe-solaires\/julbo-loop-s-optique1010-faches-thumesnil-ref-18205\/\" class=\"wp-image-9983\" srcset=\"http:\/\/www.1010votropticien.com\/blog\/wp-content\/uploads\/2021\/04\/Julbo-LOOP-S-OPTIQUE1010-FACHES-THUMESNIL-R\u00e9f-18205-1024x1024.jpg 1024w, http:\/\/www.1010votropticien.com\/blog\/wp-content\/uploads\/2021\/04\/Julbo-LOOP-S-OPTIQUE1010-FACHES-THUMESNIL-R\u00e9f-18205-300x300.jpg 300w, http:\/\/www.1010votropticien.com\/blog\/wp-content\/uploads\/2021\/04\/Julbo-LOOP-S-OPTIQUE1010-FACHES-THUMESNIL-R\u00e9f-18205-768x768.jpg 768w, http:\/\/www.1010votropticien.com\/blog\/wp-content\/uploads\/2021\/04\/Julbo-LOOP-S-OPTIQUE1010-FACHES-THUMESNIL-R\u00e9f-18205-1536x1536.jpg 1536w, http:\/\/www.1010votropticien.com\/blog\/wp-content\/uploads\/2021\/04\/Julbo-LOOP-S-OPTIQUE1010-FACHES-THUMESNIL-R\u00e9f-18205-160x160.jpg 160w, http:\/\/www.1010votropticien.com\/blog\/wp-content\/uploads\/2021\/04\/Julbo-LOOP-S-OPTIQUE1010-FACHES-THUMESNIL-R\u00e9f-18205-240x240.jpg 240w, http:\/\/www.1010votropticien.com\/blog\/wp-content\/uploads\/2021\/04\/Julbo-LOOP-S-OPTIQUE1010-FACHES-THUMESNIL-R\u00e9f-18205-60x60.jpg 60w, http:\/\/www.1010votropticien.com\/blog\/wp-content\/uploads\/2021\/04\/Julbo-LOOP-S-OPTIQUE1010-FACHES-THUMESNIL-R\u00e9f-18205-184x184.jpg 184w, http:\/\/www.1010votropticien.com\/blog\/wp-content\/uploads\/2021\/04\/Julbo-LOOP-S-OPTIQUE1010-FACHES-THUMESNIL-R\u00e9f-18205-50x50.jpg 50w, http:\/\/www.1010votropticien.com\/blog\/wp-content\/uploads\/2021\/04\/Julbo-LOOP-S-OPTIQUE1010-FACHES-THUMESNIL-R\u00e9f-18205.jpg 1920w\" sizes=\"(max-width: 1024px) 100vw, 1024px\" \/><\/a><\/figure><\/li><li class=\"blocks-gallery-item\"><figure><a href=\"http:\/\/www.1010votropticien.com\/blog\/julbo-bebe-solaires\/julbo-loop-s-c-optique1010-faches-thumesnil-ref-18205\/\"><img decoding=\"async\" loading=\"lazy\" width=\"1024\" height=\"1024\" src=\"http:\/\/www.1010votropticien.com\/blog\/wp-content\/uploads\/2021\/04\/Julbo-LOOP-S-C-OPTIQUE1010-FACHES-THUMESNIL-R\u00e9f-18205-1024x1024.jpg\" alt=\"Julbo-LOOP-S-C-OPTIQUE1010-FACHES-THUMESNIL-R\u00e9f-18205\" data-id=\"9971\" data-full-url=\"http:\/\/www.1010votropticien.com\/blog\/wp-content\/uploads\/2021\/04\/Julbo-LOOP-S-C-OPTIQUE1010-FACHES-THUMESNIL-R\u00e9f-18205.jpg\" data-link=\"http:\/\/www.1010votropticien.com\/blog\/julbo-bebe-solaires\/julbo-loop-s-c-optique1010-faches-thumesnil-ref-18205\/\" class=\"wp-image-9971\" srcset=\"http:\/\/www.1010votropticien.com\/blog\/wp-content\/uploads\/2021\/04\/Julbo-LOOP-S-C-OPTIQUE1010-FACHES-THUMESNIL-R\u00e9f-18205-1024x1024.jpg 1024w, http:\/\/www.1010votropticien.com\/blog\/wp-content\/uploads\/2021\/04\/Julbo-LOOP-S-C-OPTIQUE1010-FACHES-THUMESNIL-R\u00e9f-18205-300x300.jpg 300w, http:\/\/www.1010votropticien.com\/blog\/wp-content\/uploads\/2021\/04\/Julbo-LOOP-S-C-OPTIQUE1010-FACHES-THUMESNIL-R\u00e9f-18205-768x768.jpg 768w, http:\/\/www.1010votropticien.com\/blog\/wp-content\/uploads\/2021\/04\/Julbo-LOOP-S-C-OPTIQUE1010-FACHES-THUMESNIL-R\u00e9f-18205-1536x1536.jpg 1536w, http:\/\/www.1010votropticien.com\/blog\/wp-content\/uploads\/2021\/04\/Julbo-LOOP-S-C-OPTIQUE1010-FACHES-THUMESNIL-R\u00e9f-18205-160x160.jpg 160w, http:\/\/www.1010votropticien.com\/blog\/wp-content\/uploads\/2021\/04\/Julbo-LOOP-S-C-OPTIQUE1010-FACHES-THUMESNIL-R\u00e9f-18205-240x240.jpg 240w, http:\/\/www.1010votropticien.com\/blog\/wp-content\/uploads\/2021\/04\/Julbo-LOOP-S-C-OPTIQUE1010-FACHES-THUMESNIL-R\u00e9f-18205-60x60.jpg 60w, http:\/\/www.1010votropticien.com\/blog\/wp-content\/uploads\/2021\/04\/Julbo-LOOP-S-C-OPTIQUE1010-FACHES-THUMESNIL-R\u00e9f-18205-184x184.jpg 184w, http:\/\/www.1010votropticien.com\/blog\/wp-content\/uploads\/2021\/04\/Julbo-LOOP-S-C-OPTIQUE1010-FACHES-THUMESNIL-R\u00e9f-18205-50x50.jpg 50w, http:\/\/www.1010votropticien.com\/blog\/wp-content\/uploads\/2021\/04\/Julbo-LOOP-S-C-OPTIQUE1010-FACHES-THUMESNIL-R\u00e9f-18205.jpg 1920w\" sizes=\"(max-width: 1024px) 100vw, 1024px\" \/><\/a><\/figure><\/li><li class=\"blocks-gallery-item\"><figure><a href=\"http:\/\/www.1010votropticien.com\/blog\/julbo-bebe-solaires\/julbo-loop-s-v-optique1010-faches-thumesnil-ref-18205\/\"><img decoding=\"async\" loading=\"lazy\" width=\"1024\" height=\"1024\" src=\"http:\/\/www.1010votropticien.com\/blog\/wp-content\/uploads\/2021\/04\/Julbo-LOOP-S-V-OPTIQUE1010-FACHES-THUMESNIL-R\u00e9f-18205-1024x1024.jpg\" alt=\"Julbo-LOOP-S-V-OPTIQUE1010-FACHES-THUMESNIL-R\u00e9f-18205\" data-id=\"9990\" data-full-url=\"http:\/\/www.1010votropticien.com\/blog\/wp-content\/uploads\/2021\/04\/Julbo-LOOP-S-V-OPTIQUE1010-FACHES-THUMESNIL-R\u00e9f-18205.jpg\" data-link=\"http:\/\/www.1010votropticien.com\/blog\/julbo-bebe-solaires\/julbo-loop-s-v-optique1010-faches-thumesnil-ref-18205\/\" class=\"wp-image-9990\" srcset=\"http:\/\/www.1010votropticien.com\/blog\/wp-content\/uploads\/2021\/04\/Julbo-LOOP-S-V-OPTIQUE1010-FACHES-THUMESNIL-R\u00e9f-18205-1024x1024.jpg 1024w, http:\/\/www.1010votropticien.com\/blog\/wp-content\/uploads\/2021\/04\/Julbo-LOOP-S-V-OPTIQUE1010-FACHES-THUMESNIL-R\u00e9f-18205-300x300.jpg 300w, http:\/\/www.1010votropticien.com\/blog\/wp-content\/uploads\/2021\/04\/Julbo-LOOP-S-V-OPTIQUE1010-FACHES-THUMESNIL-R\u00e9f-18205-768x768.jpg 768w, http:\/\/www.1010votropticien.com\/blog\/wp-content\/uploads\/2021\/04\/Julbo-LOOP-S-V-OPTIQUE1010-FACHES-THUMESNIL-R\u00e9f-18205-1536x1536.jpg 1536w, http:\/\/www.1010votropticien.com\/blog\/wp-content\/uploads\/2021\/04\/Julbo-LOOP-S-V-OPTIQUE1010-FACHES-THUMESNIL-R\u00e9f-18205-160x160.jpg 160w, http:\/\/www.1010votropticien.com\/blog\/wp-content\/uploads\/2021\/04\/Julbo-LOOP-S-V-OPTIQUE1010-FACHES-THUMESNIL-R\u00e9f-18205-240x240.jpg 240w, http:\/\/www.1010votropticien.com\/blog\/wp-content\/uploads\/2021\/04\/Julbo-LOOP-S-V-OPTIQUE1010-FACHES-THUMESNIL-R\u00e9f-18205-60x60.jpg 60w, http:\/\/www.1010votropticien.com\/blog\/wp-content\/uploads\/2021\/04\/Julbo-LOOP-S-V-OPTIQUE1010-FACHES-THUMESNIL-R\u00e9f-18205-184x184.jpg 184w, http:\/\/www.1010votropticien.com\/blog\/wp-content\/uploads\/2021\/04\/Julbo-LOOP-S-V-OPTIQUE1010-FACHES-THUMESNIL-R\u00e9f-18205-50x50.jpg 50w, http:\/\/www.1010votropticien.com\/blog\/wp-content\/uploads\/2021\/04\/Julbo-LOOP-S-V-OPTIQUE1010-FACHES-THUMESNIL-R\u00e9f-18205.jpg 1920w\" sizes=\"(max-width: 1024px) 100vw, 1024px\" \/><\/a><\/figure><\/li><li class=\"blocks-gallery-item\"><figure><a href=\"http:\/\/www.1010votropticien.com\/blog\/julbo-bebe-solaires\/julbo-loop-s-optique1010-faches-thumesnil-ref-18204\/\"><img decoding=\"async\" loading=\"lazy\" width=\"1024\" height=\"1024\" src=\"http:\/\/www.1010votropticien.com\/blog\/wp-content\/uploads\/2021\/04\/Julbo-LOOP-S-OPTIQUE1010-FACHES-THUMESNIL-R\u00e9f-18204-1024x1024.jpg\" alt=\"Julbo-LOOP-S-OPTIQUE1010-FACHES-THUMESNIL-R\u00e9f-18204\" data-id=\"9982\" data-full-url=\"http:\/\/www.1010votropticien.com\/blog\/wp-content\/uploads\/2021\/04\/Julbo-LOOP-S-OPTIQUE1010-FACHES-THUMESNIL-R\u00e9f-18204.jpg\" data-link=\"http:\/\/www.1010votropticien.com\/blog\/julbo-bebe-solaires\/julbo-loop-s-optique1010-faches-thumesnil-ref-18204\/\" class=\"wp-image-9982\" srcset=\"http:\/\/www.1010votropticien.com\/blog\/wp-content\/uploads\/2021\/04\/Julbo-LOOP-S-OPTIQUE1010-FACHES-THUMESNIL-R\u00e9f-18204-1024x1024.jpg 1024w, http:\/\/www.1010votropticien.com\/blog\/wp-content\/uploads\/2021\/04\/Julbo-LOOP-S-OPTIQUE1010-FACHES-THUMESNIL-R\u00e9f-18204-300x300.jpg 300w, http:\/\/www.1010votropticien.com\/blog\/wp-content\/uploads\/2021\/04\/Julbo-LOOP-S-OPTIQUE1010-FACHES-THUMESNIL-R\u00e9f-18204-768x768.jpg 768w, http:\/\/www.1010votropticien.com\/blog\/wp-content\/uploads\/2021\/04\/Julbo-LOOP-S-OPTIQUE1010-FACHES-THUMESNIL-R\u00e9f-18204-1536x1536.jpg 1536w, http:\/\/www.1010votropticien.com\/blog\/wp-content\/uploads\/2021\/04\/Julbo-LOOP-S-OPTIQUE1010-FACHES-THUMESNIL-R\u00e9f-18204-160x160.jpg 160w, http:\/\/www.1010votropticien.com\/blog\/wp-content\/uploads\/2021\/04\/Julbo-LOOP-S-OPTIQUE1010-FACHES-THUMESNIL-R\u00e9f-18204-240x240.jpg 240w, http:\/\/www.1010votropticien.com\/blog\/wp-content\/uploads\/2021\/04\/Julbo-LOOP-S-OPTIQUE1010-FACHES-THUMESNIL-R\u00e9f-18204-60x60.jpg 60w, http:\/\/www.1010votropticien.com\/blog\/wp-content\/uploads\/2021\/04\/Julbo-LOOP-S-OPTIQUE1010-FACHES-THUMESNIL-R\u00e9f-18204-184x184.jpg 184w, http:\/\/www.1010votropticien.com\/blog\/wp-content\/uploads\/2021\/04\/Julbo-LOOP-S-OPTIQUE1010-FACHES-THUMESNIL-R\u00e9f-18204-50x50.jpg 50w, http:\/\/www.1010votropticien.com\/blog\/wp-content\/uploads\/2021\/04\/Julbo-LOOP-S-OPTIQUE1010-FACHES-THUMESNIL-R\u00e9f-18204.jpg 1920w\" sizes=\"(max-width: 1024px) 100vw, 1024px\" \/><\/a><\/figure><\/li><li class=\"blocks-gallery-item\"><figure><a href=\"http:\/\/www.1010votropticien.com\/blog\/julbo-bebe-solaires\/julbo-loop-s-v-optique1010-faches-thumesnil-ref-18204\/\"><img decoding=\"async\" loading=\"lazy\" width=\"1024\" height=\"1024\" src=\"http:\/\/www.1010votropticien.com\/blog\/wp-content\/uploads\/2021\/04\/Julbo-LOOP-S-V-OPTIQUE1010-FACHES-THUMESNIL-R\u00e9f-18204-1024x1024.jpg\" alt=\"Julbo-LOOP-S-V-OPTIQUE1010-FACHES-THUMESNIL-R\u00e9f-18204\" data-id=\"9989\" data-full-url=\"http:\/\/www.1010votropticien.com\/blog\/wp-content\/uploads\/2021\/04\/Julbo-LOOP-S-V-OPTIQUE1010-FACHES-THUMESNIL-R\u00e9f-18204.jpg\" data-link=\"http:\/\/www.1010votropticien.com\/blog\/julbo-bebe-solaires\/julbo-loop-s-v-optique1010-faches-thumesnil-ref-18204\/\" class=\"wp-image-9989\" srcset=\"http:\/\/www.1010votropticien.com\/blog\/wp-content\/uploads\/2021\/04\/Julbo-LOOP-S-V-OPTIQUE1010-FACHES-THUMESNIL-R\u00e9f-18204-1024x1024.jpg 1024w, http:\/\/www.1010votropticien.com\/blog\/wp-content\/uploads\/2021\/04\/Julbo-LOOP-S-V-OPTIQUE1010-FACHES-THUMESNIL-R\u00e9f-18204-300x300.jpg 300w, http:\/\/www.1010votropticien.com\/blog\/wp-content\/uploads\/2021\/04\/Julbo-LOOP-S-V-OPTIQUE1010-FACHES-THUMESNIL-R\u00e9f-18204-768x768.jpg 768w, http:\/\/www.1010votropticien.com\/blog\/wp-content\/uploads\/2021\/04\/Julbo-LOOP-S-V-OPTIQUE1010-FACHES-THUMESNIL-R\u00e9f-18204-1536x1536.jpg 1536w, http:\/\/www.1010votropticien.com\/blog\/wp-content\/uploads\/2021\/04\/Julbo-LOOP-S-V-OPTIQUE1010-FACHES-THUMESNIL-R\u00e9f-18204-160x160.jpg 160w, http:\/\/www.1010votropticien.com\/blog\/wp-content\/uploads\/2021\/04\/Julbo-LOOP-S-V-OPTIQUE1010-FACHES-THUMESNIL-R\u00e9f-18204-240x240.jpg 240w, http:\/\/www.1010votropticien.com\/blog\/wp-content\/uploads\/2021\/04\/Julbo-LOOP-S-V-OPTIQUE1010-FACHES-THUMESNIL-R\u00e9f-18204-60x60.jpg 60w, http:\/\/www.1010votropticien.com\/blog\/wp-content\/uploads\/2021\/04\/Julbo-LOOP-S-V-OPTIQUE1010-FACHES-THUMESNIL-R\u00e9f-18204-184x184.jpg 184w, http:\/\/www.1010votropticien.com\/blog\/wp-content\/uploads\/2021\/04\/Julbo-LOOP-S-V-OPTIQUE1010-FACHES-THUMESNIL-R\u00e9f-18204-50x50.jpg 50w, http:\/\/www.1010votropticien.com\/blog\/wp-content\/uploads\/2021\/04\/Julbo-LOOP-S-V-OPTIQUE1010-FACHES-THUMESNIL-R\u00e9f-18204.jpg 1920w\" sizes=\"(max-width: 1024px) 100vw, 1024px\" \/><\/a><\/figure><\/li><li class=\"blocks-gallery-item\"><figure><a href=\"http:\/\/www.1010votropticien.com\/blog\/julbo-bebe-solaires\/julbo-loop-s-c-optique1010-faches-thumesnil-ref-18204\/\"><img decoding=\"async\" loading=\"lazy\" width=\"1024\" height=\"1024\" src=\"http:\/\/www.1010votropticien.com\/blog\/wp-content\/uploads\/2021\/04\/Julbo-LOOP-S-C-OPTIQUE1010-FACHES-THUMESNIL-R\u00e9f-18204-1024x1024.jpg\" alt=\"Julbo-LOOP-S-C-OPTIQUE1010-FACHES-THUMESNIL-R\u00e9f-18204\" data-id=\"9970\" data-full-url=\"http:\/\/www.1010votropticien.com\/blog\/wp-content\/uploads\/2021\/04\/Julbo-LOOP-S-C-OPTIQUE1010-FACHES-THUMESNIL-R\u00e9f-18204.jpg\" data-link=\"http:\/\/www.1010votropticien.com\/blog\/julbo-bebe-solaires\/julbo-loop-s-c-optique1010-faches-thumesnil-ref-18204\/\" class=\"wp-image-9970\" srcset=\"http:\/\/www.1010votropticien.com\/blog\/wp-content\/uploads\/2021\/04\/Julbo-LOOP-S-C-OPTIQUE1010-FACHES-THUMESNIL-R\u00e9f-18204-1024x1024.jpg 1024w, http:\/\/www.1010votropticien.com\/blog\/wp-content\/uploads\/2021\/04\/Julbo-LOOP-S-C-OPTIQUE1010-FACHES-THUMESNIL-R\u00e9f-18204-300x300.jpg 300w, http:\/\/www.1010votropticien.com\/blog\/wp-content\/uploads\/2021\/04\/Julbo-LOOP-S-C-OPTIQUE1010-FACHES-THUMESNIL-R\u00e9f-18204-768x768.jpg 768w, http:\/\/www.1010votropticien.com\/blog\/wp-content\/uploads\/2021\/04\/Julbo-LOOP-S-C-OPTIQUE1010-FACHES-THUMESNIL-R\u00e9f-18204-1536x1536.jpg 1536w, http:\/\/www.1010votropticien.com\/blog\/wp-content\/uploads\/2021\/04\/Julbo-LOOP-S-C-OPTIQUE1010-FACHES-THUMESNIL-R\u00e9f-18204-160x160.jpg 160w, http:\/\/www.1010votropticien.com\/blog\/wp-content\/uploads\/2021\/04\/Julbo-LOOP-S-C-OPTIQUE1010-FACHES-THUMESNIL-R\u00e9f-18204-240x240.jpg 240w, http:\/\/www.1010votropticien.com\/blog\/wp-content\/uploads\/2021\/04\/Julbo-LOOP-S-C-OPTIQUE1010-FACHES-THUMESNIL-R\u00e9f-18204-60x60.jpg 60w, http:\/\/www.1010votropticien.com\/blog\/wp-content\/uploads\/2021\/04\/Julbo-LOOP-S-C-OPTIQUE1010-FACHES-THUMESNIL-R\u00e9f-18204-184x184.jpg 184w, http:\/\/www.1010votropticien.com\/blog\/wp-content\/uploads\/2021\/04\/Julbo-LOOP-S-C-OPTIQUE1010-FACHES-THUMESNIL-R\u00e9f-18204-50x50.jpg 50w, http:\/\/www.1010votropticien.com\/blog\/wp-content\/uploads\/2021\/04\/Julbo-LOOP-S-C-OPTIQUE1010-FACHES-THUMESNIL-R\u00e9f-18204.jpg 1920w\" sizes=\"(max-width: 1024px) 100vw, 1024px\" \/><\/a><\/figure><\/li><\/ul><\/figure>\n","protected":false},"excerpt":{"rendered":"<p>Nouveau : Achetez votre Chlo\u00e9 directement en ligne, livraison \u00e0 domicile ou retrait en magasin ou au drive sans frais en cliquant directement ici Voici un petit aper\u00e7u des mod\u00e8les de la collection Julbo b\u00e9b\u00e9 &#8230; Venez vite en magasin les essayer et d\u00e9couvrir d&rsquo;autres mod\u00e8les! Forme id\u00e9alement couvrante, monture r\u00e9versible, pas de charni\u00e8res de [&hellip;]<\/p>\n","protected":false},"author":4,"featured_media":0,"parent":0,"menu_order":0,"comment_status":"closed","ping_status":"closed","template":"","meta":{"ngg_post_thumbnail":0},"_links":{"self":[{"href":"http:\/\/www.1010votropticien.com\/blog\/wp-json\/wp\/v2\/pages\/9967"}],"collection":[{"href":"http:\/\/www.1010votropticien.com\/blog\/wp-json\/wp\/v2\/pages"}],"about":[{"href":"http:\/\/www.1010votropticien.com\/blog\/wp-json\/wp\/v2\/types\/page"}],"author":[{"embeddable":true,"href":"http:\/\/www.1010votropticien.com\/blog\/wp-json\/wp\/v2\/users\/4"}],"replies":[{"embeddable":true,"href":"http:\/\/www.1010votropticien.com\/blog\/wp-json\/wp\/v2\/comments?post=9967"}],"version-history":[{"count":2,"href":"http:\/\/www.1010votropticien.com\/blog\/wp-json\/wp\/v2\/pages\/9967\/revisions"}],"predecessor-version":[{"id":10351,"href":"http:\/\/www.1010votropticien.com\/blog\/wp-json\/wp\/v2\/pages\/9967\/revisions\/10351"}],"wp:attachment":[{"href":"http:\/\/www.1010votropticien.com\/blog\/wp-json\/wp\/v2\/media?parent=9967"}],"curies":[{"name":"wp","href":"https:\/\/api.w.org\/{rel}","templated":true}]}}