{"id":8986,"date":"2021-01-07T17:01:50","date_gmt":"2021-01-07T16:01:50","guid":{"rendered":"http:\/\/www.1010votropticien.com\/blog\/?page_id=8986"},"modified":"2021-01-07T17:01:52","modified_gmt":"2021-01-07T16:01:52","slug":"lou","status":"publish","type":"page","link":"http:\/\/www.1010votropticien.com\/blog\/lou\/","title":{"rendered":"Lou"},"content":{"rendered":"\n<h2 class=\"wp-block-heading\">Voici un petit aper\u00e7u des mod\u00e8les de la collection Lou &#8230; Venez vite en magasin les essayer et d\u00e9couvrir d&rsquo;autres mod\u00e8les!<\/h2>\n\n\n\n<figure class=\"wp-block-gallery columns-3 is-cropped wp-block-gallery-1 is-layout-flex\"><ul class=\"blocks-gallery-grid\"><li class=\"blocks-gallery-item\"><figure><a href=\"http:\/\/www.1010votropticien.com\/blog\/?attachment_id=8987\"><img decoding=\"async\" loading=\"lazy\" width=\"1920\" height=\"1920\" src=\"https:\/\/i1.wp.com\/www.1010votropticien.com\/blog\/wp-content\/uploads\/2021\/01\/LOU-AM1-OPTIQUE-1010-FACHES-THUMESNIL-16632.jpg?fit=838%2C838\" alt=\"\" data-id=\"8987\" data-full-url=\"https:\/\/i1.wp.com\/www.1010votropticien.com\/blog\/wp-content\/uploads\/2021\/01\/LOU-AM1-OPTIQUE-1010-FACHES-THUMESNIL-16632.jpg?fit=1920%2C1920\" data-link=\"http:\/\/www.1010votropticien.com\/blog\/?attachment_id=8987\" class=\"wp-image-8987\" srcset=\"http:\/\/www.1010votropticien.com\/blog\/wp-content\/uploads\/2021\/01\/LOU-AM1-OPTIQUE-1010-FACHES-THUMESNIL-16632.jpg 1920w, http:\/\/www.1010votropticien.com\/blog\/wp-content\/uploads\/2021\/01\/LOU-AM1-OPTIQUE-1010-FACHES-THUMESNIL-16632-300x300.jpg 300w, http:\/\/www.1010votropticien.com\/blog\/wp-content\/uploads\/2021\/01\/LOU-AM1-OPTIQUE-1010-FACHES-THUMESNIL-16632-1024x1024.jpg 1024w, http:\/\/www.1010votropticien.com\/blog\/wp-content\/uploads\/2021\/01\/LOU-AM1-OPTIQUE-1010-FACHES-THUMESNIL-16632-768x768.jpg 768w, http:\/\/www.1010votropticien.com\/blog\/wp-content\/uploads\/2021\/01\/LOU-AM1-OPTIQUE-1010-FACHES-THUMESNIL-16632-1536x1536.jpg 1536w, http:\/\/www.1010votropticien.com\/blog\/wp-content\/uploads\/2021\/01\/LOU-AM1-OPTIQUE-1010-FACHES-THUMESNIL-16632-160x160.jpg 160w, http:\/\/www.1010votropticien.com\/blog\/wp-content\/uploads\/2021\/01\/LOU-AM1-OPTIQUE-1010-FACHES-THUMESNIL-16632-240x240.jpg 240w, http:\/\/www.1010votropticien.com\/blog\/wp-content\/uploads\/2021\/01\/LOU-AM1-OPTIQUE-1010-FACHES-THUMESNIL-16632-60x60.jpg 60w, http:\/\/www.1010votropticien.com\/blog\/wp-content\/uploads\/2021\/01\/LOU-AM1-OPTIQUE-1010-FACHES-THUMESNIL-16632-184x184.jpg 184w, http:\/\/www.1010votropticien.com\/blog\/wp-content\/uploads\/2021\/01\/LOU-AM1-OPTIQUE-1010-FACHES-THUMESNIL-16632-50x50.jpg 50w\" sizes=\"(max-width: 1920px) 100vw, 1920px\" \/><\/a><\/figure><\/li><li class=\"blocks-gallery-item\"><figure><a href=\"http:\/\/www.1010votropticien.com\/blog\/?attachment_id=8988\"><img decoding=\"async\" loading=\"lazy\" width=\"1920\" height=\"1920\" src=\"https:\/\/i1.wp.com\/www.1010votropticien.com\/blog\/wp-content\/uploads\/2021\/01\/LOU-AM27-OPTIQUE-1010-FACHES-THUMESNIL-16667.jpg?fit=838%2C838\" alt=\"\" data-id=\"8988\" data-full-url=\"https:\/\/i1.wp.com\/www.1010votropticien.com\/blog\/wp-content\/uploads\/2021\/01\/LOU-AM27-OPTIQUE-1010-FACHES-THUMESNIL-16667.jpg?fit=1920%2C1920\" data-link=\"http:\/\/www.1010votropticien.com\/blog\/?attachment_id=8988\" class=\"wp-image-8988\" srcset=\"http:\/\/www.1010votropticien.com\/blog\/wp-content\/uploads\/2021\/01\/LOU-AM27-OPTIQUE-1010-FACHES-THUMESNIL-16667.jpg 1920w, http:\/\/www.1010votropticien.com\/blog\/wp-content\/uploads\/2021\/01\/LOU-AM27-OPTIQUE-1010-FACHES-THUMESNIL-16667-300x300.jpg 300w, http:\/\/www.1010votropticien.com\/blog\/wp-content\/uploads\/2021\/01\/LOU-AM27-OPTIQUE-1010-FACHES-THUMESNIL-16667-1024x1024.jpg 1024w, http:\/\/www.1010votropticien.com\/blog\/wp-content\/uploads\/2021\/01\/LOU-AM27-OPTIQUE-1010-FACHES-THUMESNIL-16667-768x768.jpg 768w, http:\/\/www.1010votropticien.com\/blog\/wp-content\/uploads\/2021\/01\/LOU-AM27-OPTIQUE-1010-FACHES-THUMESNIL-16667-1536x1536.jpg 1536w, http:\/\/www.1010votropticien.com\/blog\/wp-content\/uploads\/2021\/01\/LOU-AM27-OPTIQUE-1010-FACHES-THUMESNIL-16667-160x160.jpg 160w, http:\/\/www.1010votropticien.com\/blog\/wp-content\/uploads\/2021\/01\/LOU-AM27-OPTIQUE-1010-FACHES-THUMESNIL-16667-240x240.jpg 240w, http:\/\/www.1010votropticien.com\/blog\/wp-content\/uploads\/2021\/01\/LOU-AM27-OPTIQUE-1010-FACHES-THUMESNIL-16667-60x60.jpg 60w, http:\/\/www.1010votropticien.com\/blog\/wp-content\/uploads\/2021\/01\/LOU-AM27-OPTIQUE-1010-FACHES-THUMESNIL-16667-184x184.jpg 184w, http:\/\/www.1010votropticien.com\/blog\/wp-content\/uploads\/2021\/01\/LOU-AM27-OPTIQUE-1010-FACHES-THUMESNIL-16667-50x50.jpg 50w\" sizes=\"(max-width: 1920px) 100vw, 1920px\" \/><\/a><\/figure><\/li><li class=\"blocks-gallery-item\"><figure><a href=\"http:\/\/www.1010votropticien.com\/blog\/?attachment_id=8989\"><img decoding=\"async\" loading=\"lazy\" width=\"1920\" height=\"1920\" src=\"https:\/\/i0.wp.com\/www.1010votropticien.com\/blog\/wp-content\/uploads\/2021\/01\/LOU-AW30-OPTIQUE-1010-FACHES-THUMESNIL-16636.jpg?fit=838%2C838\" alt=\"\" data-id=\"8989\" data-full-url=\"https:\/\/i0.wp.com\/www.1010votropticien.com\/blog\/wp-content\/uploads\/2021\/01\/LOU-AW30-OPTIQUE-1010-FACHES-THUMESNIL-16636.jpg?fit=1920%2C1920\" data-link=\"http:\/\/www.1010votropticien.com\/blog\/?attachment_id=8989\" class=\"wp-image-8989\" srcset=\"http:\/\/www.1010votropticien.com\/blog\/wp-content\/uploads\/2021\/01\/LOU-AW30-OPTIQUE-1010-FACHES-THUMESNIL-16636.jpg 1920w, http:\/\/www.1010votropticien.com\/blog\/wp-content\/uploads\/2021\/01\/LOU-AW30-OPTIQUE-1010-FACHES-THUMESNIL-16636-300x300.jpg 300w, http:\/\/www.1010votropticien.com\/blog\/wp-content\/uploads\/2021\/01\/LOU-AW30-OPTIQUE-1010-FACHES-THUMESNIL-16636-1024x1024.jpg 1024w, http:\/\/www.1010votropticien.com\/blog\/wp-content\/uploads\/2021\/01\/LOU-AW30-OPTIQUE-1010-FACHES-THUMESNIL-16636-768x768.jpg 768w, http:\/\/www.1010votropticien.com\/blog\/wp-content\/uploads\/2021\/01\/LOU-AW30-OPTIQUE-1010-FACHES-THUMESNIL-16636-1536x1536.jpg 1536w, http:\/\/www.1010votropticien.com\/blog\/wp-content\/uploads\/2021\/01\/LOU-AW30-OPTIQUE-1010-FACHES-THUMESNIL-16636-160x160.jpg 160w, http:\/\/www.1010votropticien.com\/blog\/wp-content\/uploads\/2021\/01\/LOU-AW30-OPTIQUE-1010-FACHES-THUMESNIL-16636-240x240.jpg 240w, http:\/\/www.1010votropticien.com\/blog\/wp-content\/uploads\/2021\/01\/LOU-AW30-OPTIQUE-1010-FACHES-THUMESNIL-16636-60x60.jpg 60w, http:\/\/www.1010votropticien.com\/blog\/wp-content\/uploads\/2021\/01\/LOU-AW30-OPTIQUE-1010-FACHES-THUMESNIL-16636-184x184.jpg 184w, http:\/\/www.1010votropticien.com\/blog\/wp-content\/uploads\/2021\/01\/LOU-AW30-OPTIQUE-1010-FACHES-THUMESNIL-16636-50x50.jpg 50w\" sizes=\"(max-width: 1920px) 100vw, 1920px\" \/><\/a><\/figure><\/li><li class=\"blocks-gallery-item\"><figure><a href=\"http:\/\/www.1010votropticien.com\/blog\/?attachment_id=8990\"><img decoding=\"async\" loading=\"lazy\" width=\"1920\" height=\"1920\" src=\"https:\/\/i2.wp.com\/www.1010votropticien.com\/blog\/wp-content\/uploads\/2021\/01\/LOU-MM14-OPTIQUE-1010-FACHES-THUMESNIL-17207.jpg?fit=838%2C838\" alt=\"\" data-id=\"8990\" data-full-url=\"https:\/\/i2.wp.com\/www.1010votropticien.com\/blog\/wp-content\/uploads\/2021\/01\/LOU-MM14-OPTIQUE-1010-FACHES-THUMESNIL-17207.jpg?fit=1920%2C1920\" data-link=\"http:\/\/www.1010votropticien.com\/blog\/?attachment_id=8990\" class=\"wp-image-8990\" srcset=\"http:\/\/www.1010votropticien.com\/blog\/wp-content\/uploads\/2021\/01\/LOU-MM14-OPTIQUE-1010-FACHES-THUMESNIL-17207.jpg 1920w, http:\/\/www.1010votropticien.com\/blog\/wp-content\/uploads\/2021\/01\/LOU-MM14-OPTIQUE-1010-FACHES-THUMESNIL-17207-300x300.jpg 300w, http:\/\/www.1010votropticien.com\/blog\/wp-content\/uploads\/2021\/01\/LOU-MM14-OPTIQUE-1010-FACHES-THUMESNIL-17207-1024x1024.jpg 1024w, http:\/\/www.1010votropticien.com\/blog\/wp-content\/uploads\/2021\/01\/LOU-MM14-OPTIQUE-1010-FACHES-THUMESNIL-17207-768x768.jpg 768w, http:\/\/www.1010votropticien.com\/blog\/wp-content\/uploads\/2021\/01\/LOU-MM14-OPTIQUE-1010-FACHES-THUMESNIL-17207-1536x1536.jpg 1536w, http:\/\/www.1010votropticien.com\/blog\/wp-content\/uploads\/2021\/01\/LOU-MM14-OPTIQUE-1010-FACHES-THUMESNIL-17207-160x160.jpg 160w, http:\/\/www.1010votropticien.com\/blog\/wp-content\/uploads\/2021\/01\/LOU-MM14-OPTIQUE-1010-FACHES-THUMESNIL-17207-240x240.jpg 240w, http:\/\/www.1010votropticien.com\/blog\/wp-content\/uploads\/2021\/01\/LOU-MM14-OPTIQUE-1010-FACHES-THUMESNIL-17207-60x60.jpg 60w, http:\/\/www.1010votropticien.com\/blog\/wp-content\/uploads\/2021\/01\/LOU-MM14-OPTIQUE-1010-FACHES-THUMESNIL-17207-184x184.jpg 184w, http:\/\/www.1010votropticien.com\/blog\/wp-content\/uploads\/2021\/01\/LOU-MM14-OPTIQUE-1010-FACHES-THUMESNIL-17207-50x50.jpg 50w\" sizes=\"(max-width: 1920px) 100vw, 1920px\" \/><\/a><\/figure><\/li><li class=\"blocks-gallery-item\"><figure><a href=\"http:\/\/www.1010votropticien.com\/blog\/?attachment_id=8991\"><img decoding=\"async\" loading=\"lazy\" width=\"1920\" height=\"1920\" src=\"https:\/\/i2.wp.com\/www.1010votropticien.com\/blog\/wp-content\/uploads\/2021\/01\/LOU-MW14-OPTIQUE-1010-FACHES-THUMESNIL-16619.jpg?fit=838%2C838\" alt=\"\" data-id=\"8991\" data-full-url=\"https:\/\/i2.wp.com\/www.1010votropticien.com\/blog\/wp-content\/uploads\/2021\/01\/LOU-MW14-OPTIQUE-1010-FACHES-THUMESNIL-16619.jpg?fit=1920%2C1920\" data-link=\"http:\/\/www.1010votropticien.com\/blog\/?attachment_id=8991\" class=\"wp-image-8991\" srcset=\"http:\/\/www.1010votropticien.com\/blog\/wp-content\/uploads\/2021\/01\/LOU-MW14-OPTIQUE-1010-FACHES-THUMESNIL-16619.jpg 1920w, http:\/\/www.1010votropticien.com\/blog\/wp-content\/uploads\/2021\/01\/LOU-MW14-OPTIQUE-1010-FACHES-THUMESNIL-16619-300x300.jpg 300w, http:\/\/www.1010votropticien.com\/blog\/wp-content\/uploads\/2021\/01\/LOU-MW14-OPTIQUE-1010-FACHES-THUMESNIL-16619-1024x1024.jpg 1024w, http:\/\/www.1010votropticien.com\/blog\/wp-content\/uploads\/2021\/01\/LOU-MW14-OPTIQUE-1010-FACHES-THUMESNIL-16619-768x768.jpg 768w, http:\/\/www.1010votropticien.com\/blog\/wp-content\/uploads\/2021\/01\/LOU-MW14-OPTIQUE-1010-FACHES-THUMESNIL-16619-1536x1536.jpg 1536w, http:\/\/www.1010votropticien.com\/blog\/wp-content\/uploads\/2021\/01\/LOU-MW14-OPTIQUE-1010-FACHES-THUMESNIL-16619-160x160.jpg 160w, http:\/\/www.1010votropticien.com\/blog\/wp-content\/uploads\/2021\/01\/LOU-MW14-OPTIQUE-1010-FACHES-THUMESNIL-16619-240x240.jpg 240w, http:\/\/www.1010votropticien.com\/blog\/wp-content\/uploads\/2021\/01\/LOU-MW14-OPTIQUE-1010-FACHES-THUMESNIL-16619-60x60.jpg 60w, http:\/\/www.1010votropticien.com\/blog\/wp-content\/uploads\/2021\/01\/LOU-MW14-OPTIQUE-1010-FACHES-THUMESNIL-16619-184x184.jpg 184w, http:\/\/www.1010votropticien.com\/blog\/wp-content\/uploads\/2021\/01\/LOU-MW14-OPTIQUE-1010-FACHES-THUMESNIL-16619-50x50.jpg 50w\" sizes=\"(max-width: 1920px) 100vw, 1920px\" \/><\/a><\/figure><\/li><li class=\"blocks-gallery-item\"><figure><a href=\"http:\/\/www.1010votropticien.com\/blog\/?attachment_id=8992\"><img decoding=\"async\" loading=\"lazy\" width=\"1920\" height=\"1920\" src=\"https:\/\/i2.wp.com\/www.1010votropticien.com\/blog\/wp-content\/uploads\/2021\/01\/LOU-TM15-OPTIQUE-1010-FACHES-THUMESNIL-17544.jpg?fit=838%2C838\" alt=\"\" data-id=\"8992\" data-full-url=\"https:\/\/i2.wp.com\/www.1010votropticien.com\/blog\/wp-content\/uploads\/2021\/01\/LOU-TM15-OPTIQUE-1010-FACHES-THUMESNIL-17544.jpg?fit=1920%2C1920\" data-link=\"http:\/\/www.1010votropticien.com\/blog\/?attachment_id=8992\" class=\"wp-image-8992\" srcset=\"http:\/\/www.1010votropticien.com\/blog\/wp-content\/uploads\/2021\/01\/LOU-TM15-OPTIQUE-1010-FACHES-THUMESNIL-17544.jpg 1920w, http:\/\/www.1010votropticien.com\/blog\/wp-content\/uploads\/2021\/01\/LOU-TM15-OPTIQUE-1010-FACHES-THUMESNIL-17544-300x300.jpg 300w, http:\/\/www.1010votropticien.com\/blog\/wp-content\/uploads\/2021\/01\/LOU-TM15-OPTIQUE-1010-FACHES-THUMESNIL-17544-1024x1024.jpg 1024w, http:\/\/www.1010votropticien.com\/blog\/wp-content\/uploads\/2021\/01\/LOU-TM15-OPTIQUE-1010-FACHES-THUMESNIL-17544-768x768.jpg 768w, http:\/\/www.1010votropticien.com\/blog\/wp-content\/uploads\/2021\/01\/LOU-TM15-OPTIQUE-1010-FACHES-THUMESNIL-17544-1536x1536.jpg 1536w, http:\/\/www.1010votropticien.com\/blog\/wp-content\/uploads\/2021\/01\/LOU-TM15-OPTIQUE-1010-FACHES-THUMESNIL-17544-160x160.jpg 160w, http:\/\/www.1010votropticien.com\/blog\/wp-content\/uploads\/2021\/01\/LOU-TM15-OPTIQUE-1010-FACHES-THUMESNIL-17544-240x240.jpg 240w, http:\/\/www.1010votropticien.com\/blog\/wp-content\/uploads\/2021\/01\/LOU-TM15-OPTIQUE-1010-FACHES-THUMESNIL-17544-60x60.jpg 60w, http:\/\/www.1010votropticien.com\/blog\/wp-content\/uploads\/2021\/01\/LOU-TM15-OPTIQUE-1010-FACHES-THUMESNIL-17544-184x184.jpg 184w, http:\/\/www.1010votropticien.com\/blog\/wp-content\/uploads\/2021\/01\/LOU-TM15-OPTIQUE-1010-FACHES-THUMESNIL-17544-50x50.jpg 50w\" sizes=\"(max-width: 1920px) 100vw, 1920px\" \/><\/a><\/figure><\/li><\/ul><\/figure>\n","protected":false},"excerpt":{"rendered":"<p>Voici un petit aper\u00e7u des mod\u00e8les de la collection Lou &#8230; Venez vite en magasin les essayer et d\u00e9couvrir d&rsquo;autres mod\u00e8les!<\/p>\n","protected":false},"author":4,"featured_media":0,"parent":0,"menu_order":0,"comment_status":"closed","ping_status":"closed","template":"","meta":{"ngg_post_thumbnail":0},"_links":{"self":[{"href":"http:\/\/www.1010votropticien.com\/blog\/wp-json\/wp\/v2\/pages\/8986"}],"collection":[{"href":"http:\/\/www.1010votropticien.com\/blog\/wp-json\/wp\/v2\/pages"}],"about":[{"href":"http:\/\/www.1010votropticien.com\/blog\/wp-json\/wp\/v2\/types\/page"}],"author":[{"embeddable":true,"href":"http:\/\/www.1010votropticien.com\/blog\/wp-json\/wp\/v2\/users\/4"}],"replies":[{"embeddable":true,"href":"http:\/\/www.1010votropticien.com\/blog\/wp-json\/wp\/v2\/comments?post=8986"}],"version-history":[{"count":1,"href":"http:\/\/www.1010votropticien.com\/blog\/wp-json\/wp\/v2\/pages\/8986\/revisions"}],"predecessor-version":[{"id":8993,"href":"http:\/\/www.1010votropticien.com\/blog\/wp-json\/wp\/v2\/pages\/8986\/revisions\/8993"}],"wp:attachment":[{"href":"http:\/\/www.1010votropticien.com\/blog\/wp-json\/wp\/v2\/media?parent=8986"}],"curies":[{"name":"wp","href":"https:\/\/api.w.org\/{rel}","templated":true}]}}