{"id":89,"date":"2011-01-13T20:06:54","date_gmt":"2011-01-13T19:06:54","guid":{"rendered":"http:\/\/www.1010votropticien.com\/blog\/?page_id=89"},"modified":"2021-01-11T17:40:00","modified_gmt":"2021-01-11T16:40:00","slug":"galerie-slav-nowosad","status":"publish","type":"page","link":"http:\/\/www.1010votropticien.com\/blog\/lunettes-de-vue\/galerie-slav-nowosad\/","title":{"rendered":"Slav Nowosad"},"content":{"rendered":"<p>&nbsp;<\/p>\n<h3>Voici un petit aper\u00e7u des mod\u00e8les de la collection Slav Nowosad &#8230; Venez vite en magasin les essayer et d\u00e9couvrir d&rsquo;autres mod\u00e8les!<\/h3>\n\n\t\t<style type=\"text\/css\">\n\t\t\t#gallery-1 {\n\t\t\t\tmargin: auto;\n\t\t\t}\n\t\t\t#gallery-1 .gallery-item {\n\t\t\t\tfloat: left;\n\t\t\t\tmargin-top: 10px;\n\t\t\t\ttext-align: center;\n\t\t\t\twidth: 33%;\n\t\t\t}\n\t\t\t#gallery-1 img {\n\t\t\t\tborder: 2px solid #cfcfcf;\n\t\t\t}\n\t\t\t#gallery-1 .gallery-caption {\n\t\t\t\tmargin-left: 0;\n\t\t\t}\n\t\t\t\/* see gallery_shortcode() in wp-includes\/media.php *\/\n\t\t<\/style>\n\t\t<div id='gallery-1' class='gallery galleryid-89 gallery-columns-3 gallery-size-thumbnail'><dl class='gallery-item'>\n\t\t\t<dt class='gallery-icon landscape'>\n\t\t\t\t<a href='http:\/\/www.1010votropticien.com\/blog\/lunettes-de-vue\/galerie-slav-nowosad\/slav-nowosad-w002-optique1010-faches-thumesnil-ref-10658\/'><img width=\"293\" height=\"200\" src=\"http:\/\/www.1010votropticien.com\/blog\/wp-content\/uploads\/2021\/01\/SLAV-NOWOSAD-W002-OPTIQUE1010-FACHES-THUMESNIL-R\u00e9f-10658-293x200.jpg\" class=\"attachment-thumbnail size-thumbnail\" alt=\"SLAV NOWOSAD W002 OPTIQUE1010 FACHES THUMESNIL R\u00e9f 10658\" decoding=\"async\" loading=\"lazy\" aria-describedby=\"gallery-1-9439\" \/><\/a>\n\t\t\t<\/dt>\n\t\t\t\t<dd class='wp-caption-text gallery-caption' id='gallery-1-9439'>\n\t\t\t\tSLAV NOWOSAD W002 OPTIQUE1010 FACHES THUMESNIL R\u00e9f 10658\n\t\t\t\t<\/dd><\/dl><dl class='gallery-item'>\n\t\t\t<dt class='gallery-icon landscape'>\n\t\t\t\t<a href='http:\/\/www.1010votropticien.com\/blog\/lunettes-de-vue\/galerie-slav-nowosad\/slav-nowosad-e092-optique1010-faches-thumesnil-ref-11755\/'><img width=\"293\" height=\"200\" src=\"http:\/\/www.1010votropticien.com\/blog\/wp-content\/uploads\/2021\/01\/SLAV-NOWOSAD-E092-OPTIQUE1010-FACHES-THUMESNIL-R\u00e9f-11755-293x200.jpg\" class=\"attachment-thumbnail size-thumbnail\" alt=\"SLAV NOWOSAD E092 OPTIQUE1010 FACHES THUMESNIL R\u00e9f 11755\" decoding=\"async\" loading=\"lazy\" aria-describedby=\"gallery-1-9440\" \/><\/a>\n\t\t\t<\/dt>\n\t\t\t\t<dd class='wp-caption-text gallery-caption' id='gallery-1-9440'>\n\t\t\t\tSLAV NOWOSAD E092 OPTIQUE1010 FACHES THUMESNIL R\u00e9f 11755\n\t\t\t\t<\/dd><\/dl><dl class='gallery-item'>\n\t\t\t<dt class='gallery-icon landscape'>\n\t\t\t\t<a href='http:\/\/www.1010votropticien.com\/blog\/lunettes-de-vue\/galerie-slav-nowosad\/slav-nowosad-w016-optique1010-faches-thumesnil-ref-10657\/'><img width=\"293\" height=\"200\" src=\"http:\/\/www.1010votropticien.com\/blog\/wp-content\/uploads\/2021\/01\/SLAV-NOWOSAD-W016-OPTIQUE1010-FACHES-THUMESNIL-R\u00e9f-10657-293x200.jpg\" class=\"attachment-thumbnail size-thumbnail\" alt=\"SLAV NOWOSAD W016 OPTIQUE1010 FACHES THUMESNIL R\u00e9f 10657\" decoding=\"async\" loading=\"lazy\" aria-describedby=\"gallery-1-9441\" \/><\/a>\n\t\t\t<\/dt>\n\t\t\t\t<dd class='wp-caption-text gallery-caption' id='gallery-1-9441'>\n\t\t\t\tSLAV NOWOSAD W016 OPTIQUE1010 FACHES THUMESNIL R\u00e9f 10657\n\t\t\t\t<\/dd><\/dl><br style=\"clear: both\" \/>\n\t\t<\/div>\n\n<h4>Collection<span style=\"color: #ff0000;\"> ultra design<\/span> en <span style=\"color: #ff0000;\">acier chirurgical<\/span>. <span style=\"color: #ff0000;\">Originales<\/span> \u00e0 l\u2019<span style=\"color: #ff0000;\">extr\u00eame<\/span> et tr\u00e8s peu distribu\u00e9es, ces montures sont faites pour celles et ceux qui recherchent des lunettes <span style=\"color: #ff6600;\"><span style=\"color: #ff0000;\">hors du commun<\/span><\/span>\u2026<\/h4>\n<h4>Nous pouvons m\u00eame les personnaliser davantage selon vos go\u00fbts\u2026\u00e0 d\u00e9couvrir en magasin!<\/h4>\n<p>&nbsp;<\/p>\n<h5>&nbsp;<\/h5>\n","protected":false},"excerpt":{"rendered":"<p>&nbsp; Voici un petit aper\u00e7u des mod\u00e8les de la collection Slav Nowosad &#8230; Venez vite en magasin les essayer et d\u00e9couvrir d&rsquo;autres mod\u00e8les! Collection ultra design en acier chirurgical. Originales \u00e0 l\u2019extr\u00eame et tr\u00e8s peu distribu\u00e9es, ces montures sont faites pour celles et ceux qui recherchent des lunettes hors du commun\u2026 Nous pouvons m\u00eame les [&hellip;]<\/p>\n","protected":false},"author":1,"featured_media":0,"parent":1290,"menu_order":17,"comment_status":"open","ping_status":"closed","template":"","meta":{"ngg_post_thumbnail":0},"_links":{"self":[{"href":"http:\/\/www.1010votropticien.com\/blog\/wp-json\/wp\/v2\/pages\/89"}],"collection":[{"href":"http:\/\/www.1010votropticien.com\/blog\/wp-json\/wp\/v2\/pages"}],"about":[{"href":"http:\/\/www.1010votropticien.com\/blog\/wp-json\/wp\/v2\/types\/page"}],"author":[{"embeddable":true,"href":"http:\/\/www.1010votropticien.com\/blog\/wp-json\/wp\/v2\/users\/1"}],"replies":[{"embeddable":true,"href":"http:\/\/www.1010votropticien.com\/blog\/wp-json\/wp\/v2\/comments?post=89"}],"version-history":[{"count":2,"href":"http:\/\/www.1010votropticien.com\/blog\/wp-json\/wp\/v2\/pages\/89\/revisions"}],"predecessor-version":[{"id":9443,"href":"http:\/\/www.1010votropticien.com\/blog\/wp-json\/wp\/v2\/pages\/89\/revisions\/9443"}],"up":[{"embeddable":true,"href":"http:\/\/www.1010votropticien.com\/blog\/wp-json\/wp\/v2\/pages\/1290"}],"wp:attachment":[{"href":"http:\/\/www.1010votropticien.com\/blog\/wp-json\/wp\/v2\/media?parent=89"}],"curies":[{"name":"wp","href":"https:\/\/api.w.org\/{rel}","templated":true}]}}