{"id":8894,"date":"2021-01-05T17:57:07","date_gmt":"2021-01-05T16:57:07","guid":{"rendered":"http:\/\/www.1010votropticien.com\/blog\/?page_id=8894"},"modified":"2021-01-05T18:00:49","modified_gmt":"2021-01-05T17:00:49","slug":"invisibles","status":"publish","type":"page","link":"http:\/\/www.1010votropticien.com\/blog\/invisibles\/","title":{"rendered":"Invisibles"},"content":{"rendered":"\n<h2 class=\"wp-block-heading\">Voici un petit aper\u00e7u des mod\u00e8les de la collection Face &amp; Cie &#8230; Venez vite en magasin les essayer et d\u00e9couvrir d&rsquo;autres mod\u00e8les!<\/h2>\n\n\n\n<figure class=\"wp-block-gallery columns-3 is-cropped wp-block-gallery-1 is-layout-flex\"><ul class=\"blocks-gallery-grid\"><li class=\"blocks-gallery-item\"><figure><a href=\"http:\/\/www.1010votropticien.com\/blog\/?attachment_id=8905\"><img decoding=\"async\" loading=\"lazy\" width=\"1920\" height=\"1920\" src=\"https:\/\/i0.wp.com\/www.1010votropticien.com\/blog\/wp-content\/uploads\/2021\/01\/Invisibles-ANA-KROM-F-OPTIQUE-1010-FACHES-THUMESNIL-15856-1.jpg?fit=838%2C838\" alt=\"\" data-id=\"8905\" data-full-url=\"https:\/\/i0.wp.com\/www.1010votropticien.com\/blog\/wp-content\/uploads\/2021\/01\/Invisibles-ANA-KROM-F-OPTIQUE-1010-FACHES-THUMESNIL-15856-1.jpg?fit=1920%2C1920\" data-link=\"http:\/\/www.1010votropticien.com\/blog\/?attachment_id=8905\" class=\"wp-image-8905\" srcset=\"http:\/\/www.1010votropticien.com\/blog\/wp-content\/uploads\/2021\/01\/Invisibles-ANA-KROM-F-OPTIQUE-1010-FACHES-THUMESNIL-15856-1.jpg 1920w, http:\/\/www.1010votropticien.com\/blog\/wp-content\/uploads\/2021\/01\/Invisibles-ANA-KROM-F-OPTIQUE-1010-FACHES-THUMESNIL-15856-1-300x300.jpg 300w, http:\/\/www.1010votropticien.com\/blog\/wp-content\/uploads\/2021\/01\/Invisibles-ANA-KROM-F-OPTIQUE-1010-FACHES-THUMESNIL-15856-1-1024x1024.jpg 1024w, http:\/\/www.1010votropticien.com\/blog\/wp-content\/uploads\/2021\/01\/Invisibles-ANA-KROM-F-OPTIQUE-1010-FACHES-THUMESNIL-15856-1-768x768.jpg 768w, http:\/\/www.1010votropticien.com\/blog\/wp-content\/uploads\/2021\/01\/Invisibles-ANA-KROM-F-OPTIQUE-1010-FACHES-THUMESNIL-15856-1-1536x1536.jpg 1536w, http:\/\/www.1010votropticien.com\/blog\/wp-content\/uploads\/2021\/01\/Invisibles-ANA-KROM-F-OPTIQUE-1010-FACHES-THUMESNIL-15856-1-160x160.jpg 160w, http:\/\/www.1010votropticien.com\/blog\/wp-content\/uploads\/2021\/01\/Invisibles-ANA-KROM-F-OPTIQUE-1010-FACHES-THUMESNIL-15856-1-240x240.jpg 240w, http:\/\/www.1010votropticien.com\/blog\/wp-content\/uploads\/2021\/01\/Invisibles-ANA-KROM-F-OPTIQUE-1010-FACHES-THUMESNIL-15856-1-60x60.jpg 60w, http:\/\/www.1010votropticien.com\/blog\/wp-content\/uploads\/2021\/01\/Invisibles-ANA-KROM-F-OPTIQUE-1010-FACHES-THUMESNIL-15856-1-184x184.jpg 184w, http:\/\/www.1010votropticien.com\/blog\/wp-content\/uploads\/2021\/01\/Invisibles-ANA-KROM-F-OPTIQUE-1010-FACHES-THUMESNIL-15856-1-50x50.jpg 50w\" sizes=\"(max-width: 1920px) 100vw, 1920px\" \/><\/a><\/figure><\/li><li class=\"blocks-gallery-item\"><figure><a href=\"http:\/\/www.1010votropticien.com\/blog\/?attachment_id=8906\"><img decoding=\"async\" loading=\"lazy\" width=\"1920\" height=\"1920\" src=\"https:\/\/i2.wp.com\/www.1010votropticien.com\/blog\/wp-content\/uploads\/2021\/01\/Invisibles-ANA-KROM-F-OPTIQUE-1010-FACHES-THUMESNIL-15856-3-1.jpg?fit=838%2C838\" alt=\"\" data-id=\"8906\" data-full-url=\"https:\/\/i2.wp.com\/www.1010votropticien.com\/blog\/wp-content\/uploads\/2021\/01\/Invisibles-ANA-KROM-F-OPTIQUE-1010-FACHES-THUMESNIL-15856-3-1.jpg?fit=1920%2C1920\" data-link=\"http:\/\/www.1010votropticien.com\/blog\/?attachment_id=8906\" class=\"wp-image-8906\" srcset=\"http:\/\/www.1010votropticien.com\/blog\/wp-content\/uploads\/2021\/01\/Invisibles-ANA-KROM-F-OPTIQUE-1010-FACHES-THUMESNIL-15856-3-1.jpg 1920w, http:\/\/www.1010votropticien.com\/blog\/wp-content\/uploads\/2021\/01\/Invisibles-ANA-KROM-F-OPTIQUE-1010-FACHES-THUMESNIL-15856-3-1-300x300.jpg 300w, http:\/\/www.1010votropticien.com\/blog\/wp-content\/uploads\/2021\/01\/Invisibles-ANA-KROM-F-OPTIQUE-1010-FACHES-THUMESNIL-15856-3-1-1024x1024.jpg 1024w, http:\/\/www.1010votropticien.com\/blog\/wp-content\/uploads\/2021\/01\/Invisibles-ANA-KROM-F-OPTIQUE-1010-FACHES-THUMESNIL-15856-3-1-768x768.jpg 768w, http:\/\/www.1010votropticien.com\/blog\/wp-content\/uploads\/2021\/01\/Invisibles-ANA-KROM-F-OPTIQUE-1010-FACHES-THUMESNIL-15856-3-1-1536x1536.jpg 1536w, http:\/\/www.1010votropticien.com\/blog\/wp-content\/uploads\/2021\/01\/Invisibles-ANA-KROM-F-OPTIQUE-1010-FACHES-THUMESNIL-15856-3-1-160x160.jpg 160w, http:\/\/www.1010votropticien.com\/blog\/wp-content\/uploads\/2021\/01\/Invisibles-ANA-KROM-F-OPTIQUE-1010-FACHES-THUMESNIL-15856-3-1-240x240.jpg 240w, http:\/\/www.1010votropticien.com\/blog\/wp-content\/uploads\/2021\/01\/Invisibles-ANA-KROM-F-OPTIQUE-1010-FACHES-THUMESNIL-15856-3-1-60x60.jpg 60w, http:\/\/www.1010votropticien.com\/blog\/wp-content\/uploads\/2021\/01\/Invisibles-ANA-KROM-F-OPTIQUE-1010-FACHES-THUMESNIL-15856-3-1-184x184.jpg 184w, http:\/\/www.1010votropticien.com\/blog\/wp-content\/uploads\/2021\/01\/Invisibles-ANA-KROM-F-OPTIQUE-1010-FACHES-THUMESNIL-15856-3-1-50x50.jpg 50w\" sizes=\"(max-width: 1920px) 100vw, 1920px\" \/><\/a><\/figure><\/li><li class=\"blocks-gallery-item\"><figure><a href=\"http:\/\/www.1010votropticien.com\/blog\/?attachment_id=8907\"><img decoding=\"async\" loading=\"lazy\" width=\"1920\" height=\"1920\" src=\"https:\/\/i2.wp.com\/www.1010votropticien.com\/blog\/wp-content\/uploads\/2021\/01\/Invisibles-ANA-KROM-F-OPTIQUE-1010-FACHES-THUMESNIL-15856-5-1.jpg?fit=838%2C838\" alt=\"\" data-id=\"8907\" data-full-url=\"https:\/\/i2.wp.com\/www.1010votropticien.com\/blog\/wp-content\/uploads\/2021\/01\/Invisibles-ANA-KROM-F-OPTIQUE-1010-FACHES-THUMESNIL-15856-5-1.jpg?fit=1920%2C1920\" data-link=\"http:\/\/www.1010votropticien.com\/blog\/?attachment_id=8907\" class=\"wp-image-8907\" srcset=\"http:\/\/www.1010votropticien.com\/blog\/wp-content\/uploads\/2021\/01\/Invisibles-ANA-KROM-F-OPTIQUE-1010-FACHES-THUMESNIL-15856-5-1.jpg 1920w, http:\/\/www.1010votropticien.com\/blog\/wp-content\/uploads\/2021\/01\/Invisibles-ANA-KROM-F-OPTIQUE-1010-FACHES-THUMESNIL-15856-5-1-300x300.jpg 300w, http:\/\/www.1010votropticien.com\/blog\/wp-content\/uploads\/2021\/01\/Invisibles-ANA-KROM-F-OPTIQUE-1010-FACHES-THUMESNIL-15856-5-1-1024x1024.jpg 1024w, http:\/\/www.1010votropticien.com\/blog\/wp-content\/uploads\/2021\/01\/Invisibles-ANA-KROM-F-OPTIQUE-1010-FACHES-THUMESNIL-15856-5-1-768x768.jpg 768w, http:\/\/www.1010votropticien.com\/blog\/wp-content\/uploads\/2021\/01\/Invisibles-ANA-KROM-F-OPTIQUE-1010-FACHES-THUMESNIL-15856-5-1-1536x1536.jpg 1536w, http:\/\/www.1010votropticien.com\/blog\/wp-content\/uploads\/2021\/01\/Invisibles-ANA-KROM-F-OPTIQUE-1010-FACHES-THUMESNIL-15856-5-1-160x160.jpg 160w, http:\/\/www.1010votropticien.com\/blog\/wp-content\/uploads\/2021\/01\/Invisibles-ANA-KROM-F-OPTIQUE-1010-FACHES-THUMESNIL-15856-5-1-240x240.jpg 240w, http:\/\/www.1010votropticien.com\/blog\/wp-content\/uploads\/2021\/01\/Invisibles-ANA-KROM-F-OPTIQUE-1010-FACHES-THUMESNIL-15856-5-1-60x60.jpg 60w, http:\/\/www.1010votropticien.com\/blog\/wp-content\/uploads\/2021\/01\/Invisibles-ANA-KROM-F-OPTIQUE-1010-FACHES-THUMESNIL-15856-5-1-184x184.jpg 184w, http:\/\/www.1010votropticien.com\/blog\/wp-content\/uploads\/2021\/01\/Invisibles-ANA-KROM-F-OPTIQUE-1010-FACHES-THUMESNIL-15856-5-1-50x50.jpg 50w\" sizes=\"(max-width: 1920px) 100vw, 1920px\" \/><\/a><\/figure><\/li><li class=\"blocks-gallery-item\"><figure><a href=\"http:\/\/www.1010votropticien.com\/blog\/?attachment_id=8908\"><img decoding=\"async\" loading=\"lazy\" width=\"1920\" height=\"1920\" src=\"https:\/\/i2.wp.com\/www.1010votropticien.com\/blog\/wp-content\/uploads\/2021\/01\/Invisibles-ANA-KROM-OPTIQUE-1010-FACHES-THUMESNIL-15856-1.jpg?fit=838%2C838\" alt=\"\" data-id=\"8908\" data-full-url=\"https:\/\/i2.wp.com\/www.1010votropticien.com\/blog\/wp-content\/uploads\/2021\/01\/Invisibles-ANA-KROM-OPTIQUE-1010-FACHES-THUMESNIL-15856-1.jpg?fit=1920%2C1920\" data-link=\"http:\/\/www.1010votropticien.com\/blog\/?attachment_id=8908\" class=\"wp-image-8908\" srcset=\"http:\/\/www.1010votropticien.com\/blog\/wp-content\/uploads\/2021\/01\/Invisibles-ANA-KROM-OPTIQUE-1010-FACHES-THUMESNIL-15856-1.jpg 1920w, http:\/\/www.1010votropticien.com\/blog\/wp-content\/uploads\/2021\/01\/Invisibles-ANA-KROM-OPTIQUE-1010-FACHES-THUMESNIL-15856-1-300x300.jpg 300w, http:\/\/www.1010votropticien.com\/blog\/wp-content\/uploads\/2021\/01\/Invisibles-ANA-KROM-OPTIQUE-1010-FACHES-THUMESNIL-15856-1-1024x1024.jpg 1024w, http:\/\/www.1010votropticien.com\/blog\/wp-content\/uploads\/2021\/01\/Invisibles-ANA-KROM-OPTIQUE-1010-FACHES-THUMESNIL-15856-1-768x768.jpg 768w, http:\/\/www.1010votropticien.com\/blog\/wp-content\/uploads\/2021\/01\/Invisibles-ANA-KROM-OPTIQUE-1010-FACHES-THUMESNIL-15856-1-1536x1536.jpg 1536w, http:\/\/www.1010votropticien.com\/blog\/wp-content\/uploads\/2021\/01\/Invisibles-ANA-KROM-OPTIQUE-1010-FACHES-THUMESNIL-15856-1-160x160.jpg 160w, http:\/\/www.1010votropticien.com\/blog\/wp-content\/uploads\/2021\/01\/Invisibles-ANA-KROM-OPTIQUE-1010-FACHES-THUMESNIL-15856-1-240x240.jpg 240w, http:\/\/www.1010votropticien.com\/blog\/wp-content\/uploads\/2021\/01\/Invisibles-ANA-KROM-OPTIQUE-1010-FACHES-THUMESNIL-15856-1-60x60.jpg 60w, http:\/\/www.1010votropticien.com\/blog\/wp-content\/uploads\/2021\/01\/Invisibles-ANA-KROM-OPTIQUE-1010-FACHES-THUMESNIL-15856-1-184x184.jpg 184w, http:\/\/www.1010votropticien.com\/blog\/wp-content\/uploads\/2021\/01\/Invisibles-ANA-KROM-OPTIQUE-1010-FACHES-THUMESNIL-15856-1-50x50.jpg 50w\" sizes=\"(max-width: 1920px) 100vw, 1920px\" \/><\/a><\/figure><\/li><li class=\"blocks-gallery-item\"><figure><a href=\"http:\/\/www.1010votropticien.com\/blog\/?attachment_id=8909\"><img decoding=\"async\" loading=\"lazy\" width=\"1920\" height=\"1920\" src=\"https:\/\/i0.wp.com\/www.1010votropticien.com\/blog\/wp-content\/uploads\/2021\/01\/Invisibles-ANA-KROM-OPTIQUE-1010-FACHES-THUMESNIL-15856-2-1.jpg?fit=838%2C838\" alt=\"\" data-id=\"8909\" data-full-url=\"https:\/\/i0.wp.com\/www.1010votropticien.com\/blog\/wp-content\/uploads\/2021\/01\/Invisibles-ANA-KROM-OPTIQUE-1010-FACHES-THUMESNIL-15856-2-1.jpg?fit=1920%2C1920\" data-link=\"http:\/\/www.1010votropticien.com\/blog\/?attachment_id=8909\" class=\"wp-image-8909\" srcset=\"http:\/\/www.1010votropticien.com\/blog\/wp-content\/uploads\/2021\/01\/Invisibles-ANA-KROM-OPTIQUE-1010-FACHES-THUMESNIL-15856-2-1.jpg 1920w, http:\/\/www.1010votropticien.com\/blog\/wp-content\/uploads\/2021\/01\/Invisibles-ANA-KROM-OPTIQUE-1010-FACHES-THUMESNIL-15856-2-1-300x300.jpg 300w, http:\/\/www.1010votropticien.com\/blog\/wp-content\/uploads\/2021\/01\/Invisibles-ANA-KROM-OPTIQUE-1010-FACHES-THUMESNIL-15856-2-1-1024x1024.jpg 1024w, http:\/\/www.1010votropticien.com\/blog\/wp-content\/uploads\/2021\/01\/Invisibles-ANA-KROM-OPTIQUE-1010-FACHES-THUMESNIL-15856-2-1-768x768.jpg 768w, http:\/\/www.1010votropticien.com\/blog\/wp-content\/uploads\/2021\/01\/Invisibles-ANA-KROM-OPTIQUE-1010-FACHES-THUMESNIL-15856-2-1-1536x1536.jpg 1536w, http:\/\/www.1010votropticien.com\/blog\/wp-content\/uploads\/2021\/01\/Invisibles-ANA-KROM-OPTIQUE-1010-FACHES-THUMESNIL-15856-2-1-160x160.jpg 160w, http:\/\/www.1010votropticien.com\/blog\/wp-content\/uploads\/2021\/01\/Invisibles-ANA-KROM-OPTIQUE-1010-FACHES-THUMESNIL-15856-2-1-240x240.jpg 240w, http:\/\/www.1010votropticien.com\/blog\/wp-content\/uploads\/2021\/01\/Invisibles-ANA-KROM-OPTIQUE-1010-FACHES-THUMESNIL-15856-2-1-60x60.jpg 60w, http:\/\/www.1010votropticien.com\/blog\/wp-content\/uploads\/2021\/01\/Invisibles-ANA-KROM-OPTIQUE-1010-FACHES-THUMESNIL-15856-2-1-184x184.jpg 184w, http:\/\/www.1010votropticien.com\/blog\/wp-content\/uploads\/2021\/01\/Invisibles-ANA-KROM-OPTIQUE-1010-FACHES-THUMESNIL-15856-2-1-50x50.jpg 50w\" sizes=\"(max-width: 1920px) 100vw, 1920px\" \/><\/a><\/figure><\/li><li class=\"blocks-gallery-item\"><figure><a href=\"http:\/\/www.1010votropticien.com\/blog\/?attachment_id=8910\"><img decoding=\"async\" loading=\"lazy\" width=\"1920\" height=\"1920\" src=\"https:\/\/i0.wp.com\/www.1010votropticien.com\/blog\/wp-content\/uploads\/2021\/01\/Invisibles-ANA-KROM-OPTIQUE-1010-FACHES-THUMESNIL-15856-3-2.jpg?fit=838%2C838\" alt=\"\" data-id=\"8910\" data-full-url=\"https:\/\/i0.wp.com\/www.1010votropticien.com\/blog\/wp-content\/uploads\/2021\/01\/Invisibles-ANA-KROM-OPTIQUE-1010-FACHES-THUMESNIL-15856-3-2.jpg?fit=1920%2C1920\" data-link=\"http:\/\/www.1010votropticien.com\/blog\/?attachment_id=8910\" class=\"wp-image-8910\" srcset=\"http:\/\/www.1010votropticien.com\/blog\/wp-content\/uploads\/2021\/01\/Invisibles-ANA-KROM-OPTIQUE-1010-FACHES-THUMESNIL-15856-3-2.jpg 1920w, http:\/\/www.1010votropticien.com\/blog\/wp-content\/uploads\/2021\/01\/Invisibles-ANA-KROM-OPTIQUE-1010-FACHES-THUMESNIL-15856-3-2-300x300.jpg 300w, http:\/\/www.1010votropticien.com\/blog\/wp-content\/uploads\/2021\/01\/Invisibles-ANA-KROM-OPTIQUE-1010-FACHES-THUMESNIL-15856-3-2-1024x1024.jpg 1024w, http:\/\/www.1010votropticien.com\/blog\/wp-content\/uploads\/2021\/01\/Invisibles-ANA-KROM-OPTIQUE-1010-FACHES-THUMESNIL-15856-3-2-768x768.jpg 768w, http:\/\/www.1010votropticien.com\/blog\/wp-content\/uploads\/2021\/01\/Invisibles-ANA-KROM-OPTIQUE-1010-FACHES-THUMESNIL-15856-3-2-1536x1536.jpg 1536w, http:\/\/www.1010votropticien.com\/blog\/wp-content\/uploads\/2021\/01\/Invisibles-ANA-KROM-OPTIQUE-1010-FACHES-THUMESNIL-15856-3-2-160x160.jpg 160w, http:\/\/www.1010votropticien.com\/blog\/wp-content\/uploads\/2021\/01\/Invisibles-ANA-KROM-OPTIQUE-1010-FACHES-THUMESNIL-15856-3-2-240x240.jpg 240w, http:\/\/www.1010votropticien.com\/blog\/wp-content\/uploads\/2021\/01\/Invisibles-ANA-KROM-OPTIQUE-1010-FACHES-THUMESNIL-15856-3-2-60x60.jpg 60w, http:\/\/www.1010votropticien.com\/blog\/wp-content\/uploads\/2021\/01\/Invisibles-ANA-KROM-OPTIQUE-1010-FACHES-THUMESNIL-15856-3-2-184x184.jpg 184w, http:\/\/www.1010votropticien.com\/blog\/wp-content\/uploads\/2021\/01\/Invisibles-ANA-KROM-OPTIQUE-1010-FACHES-THUMESNIL-15856-3-2-50x50.jpg 50w\" sizes=\"(max-width: 1920px) 100vw, 1920px\" \/><\/a><\/figure><\/li><li class=\"blocks-gallery-item\"><figure><a href=\"http:\/\/www.1010votropticien.com\/blog\/?attachment_id=8911\"><img decoding=\"async\" loading=\"lazy\" width=\"1920\" height=\"1920\" src=\"https:\/\/i1.wp.com\/www.1010votropticien.com\/blog\/wp-content\/uploads\/2021\/01\/Invisibles-ANA-KROM-OPTIQUE-1010-FACHES-THUMESNIL-15856-4-1.jpg?fit=838%2C838\" alt=\"\" data-id=\"8911\" data-full-url=\"https:\/\/i1.wp.com\/www.1010votropticien.com\/blog\/wp-content\/uploads\/2021\/01\/Invisibles-ANA-KROM-OPTIQUE-1010-FACHES-THUMESNIL-15856-4-1.jpg?fit=1920%2C1920\" data-link=\"http:\/\/www.1010votropticien.com\/blog\/?attachment_id=8911\" class=\"wp-image-8911\" srcset=\"http:\/\/www.1010votropticien.com\/blog\/wp-content\/uploads\/2021\/01\/Invisibles-ANA-KROM-OPTIQUE-1010-FACHES-THUMESNIL-15856-4-1.jpg 1920w, http:\/\/www.1010votropticien.com\/blog\/wp-content\/uploads\/2021\/01\/Invisibles-ANA-KROM-OPTIQUE-1010-FACHES-THUMESNIL-15856-4-1-300x300.jpg 300w, http:\/\/www.1010votropticien.com\/blog\/wp-content\/uploads\/2021\/01\/Invisibles-ANA-KROM-OPTIQUE-1010-FACHES-THUMESNIL-15856-4-1-1024x1024.jpg 1024w, http:\/\/www.1010votropticien.com\/blog\/wp-content\/uploads\/2021\/01\/Invisibles-ANA-KROM-OPTIQUE-1010-FACHES-THUMESNIL-15856-4-1-768x768.jpg 768w, http:\/\/www.1010votropticien.com\/blog\/wp-content\/uploads\/2021\/01\/Invisibles-ANA-KROM-OPTIQUE-1010-FACHES-THUMESNIL-15856-4-1-1536x1536.jpg 1536w, http:\/\/www.1010votropticien.com\/blog\/wp-content\/uploads\/2021\/01\/Invisibles-ANA-KROM-OPTIQUE-1010-FACHES-THUMESNIL-15856-4-1-160x160.jpg 160w, http:\/\/www.1010votropticien.com\/blog\/wp-content\/uploads\/2021\/01\/Invisibles-ANA-KROM-OPTIQUE-1010-FACHES-THUMESNIL-15856-4-1-240x240.jpg 240w, http:\/\/www.1010votropticien.com\/blog\/wp-content\/uploads\/2021\/01\/Invisibles-ANA-KROM-OPTIQUE-1010-FACHES-THUMESNIL-15856-4-1-60x60.jpg 60w, http:\/\/www.1010votropticien.com\/blog\/wp-content\/uploads\/2021\/01\/Invisibles-ANA-KROM-OPTIQUE-1010-FACHES-THUMESNIL-15856-4-1-184x184.jpg 184w, http:\/\/www.1010votropticien.com\/blog\/wp-content\/uploads\/2021\/01\/Invisibles-ANA-KROM-OPTIQUE-1010-FACHES-THUMESNIL-15856-4-1-50x50.jpg 50w\" sizes=\"(max-width: 1920px) 100vw, 1920px\" \/><\/a><\/figure><\/li><li class=\"blocks-gallery-item\"><figure><a href=\"http:\/\/www.1010votropticien.com\/blog\/?attachment_id=8912\"><img decoding=\"async\" loading=\"lazy\" width=\"1920\" height=\"1920\" src=\"https:\/\/i2.wp.com\/www.1010votropticien.com\/blog\/wp-content\/uploads\/2021\/01\/Invisibles-ANA-KROM-OPTIQUE-1010-FACHES-THUMESNIL-15856-5-1.jpg?fit=838%2C838\" alt=\"\" data-id=\"8912\" data-full-url=\"https:\/\/i2.wp.com\/www.1010votropticien.com\/blog\/wp-content\/uploads\/2021\/01\/Invisibles-ANA-KROM-OPTIQUE-1010-FACHES-THUMESNIL-15856-5-1.jpg?fit=1920%2C1920\" data-link=\"http:\/\/www.1010votropticien.com\/blog\/?attachment_id=8912\" class=\"wp-image-8912\" srcset=\"http:\/\/www.1010votropticien.com\/blog\/wp-content\/uploads\/2021\/01\/Invisibles-ANA-KROM-OPTIQUE-1010-FACHES-THUMESNIL-15856-5-1.jpg 1920w, http:\/\/www.1010votropticien.com\/blog\/wp-content\/uploads\/2021\/01\/Invisibles-ANA-KROM-OPTIQUE-1010-FACHES-THUMESNIL-15856-5-1-300x300.jpg 300w, http:\/\/www.1010votropticien.com\/blog\/wp-content\/uploads\/2021\/01\/Invisibles-ANA-KROM-OPTIQUE-1010-FACHES-THUMESNIL-15856-5-1-1024x1024.jpg 1024w, http:\/\/www.1010votropticien.com\/blog\/wp-content\/uploads\/2021\/01\/Invisibles-ANA-KROM-OPTIQUE-1010-FACHES-THUMESNIL-15856-5-1-768x768.jpg 768w, http:\/\/www.1010votropticien.com\/blog\/wp-content\/uploads\/2021\/01\/Invisibles-ANA-KROM-OPTIQUE-1010-FACHES-THUMESNIL-15856-5-1-1536x1536.jpg 1536w, http:\/\/www.1010votropticien.com\/blog\/wp-content\/uploads\/2021\/01\/Invisibles-ANA-KROM-OPTIQUE-1010-FACHES-THUMESNIL-15856-5-1-160x160.jpg 160w, http:\/\/www.1010votropticien.com\/blog\/wp-content\/uploads\/2021\/01\/Invisibles-ANA-KROM-OPTIQUE-1010-FACHES-THUMESNIL-15856-5-1-240x240.jpg 240w, http:\/\/www.1010votropticien.com\/blog\/wp-content\/uploads\/2021\/01\/Invisibles-ANA-KROM-OPTIQUE-1010-FACHES-THUMESNIL-15856-5-1-60x60.jpg 60w, http:\/\/www.1010votropticien.com\/blog\/wp-content\/uploads\/2021\/01\/Invisibles-ANA-KROM-OPTIQUE-1010-FACHES-THUMESNIL-15856-5-1-184x184.jpg 184w, http:\/\/www.1010votropticien.com\/blog\/wp-content\/uploads\/2021\/01\/Invisibles-ANA-KROM-OPTIQUE-1010-FACHES-THUMESNIL-15856-5-1-50x50.jpg 50w\" sizes=\"(max-width: 1920px) 100vw, 1920px\" \/><\/a><\/figure><\/li><li class=\"blocks-gallery-item\"><figure><a href=\"http:\/\/www.1010votropticien.com\/blog\/?attachment_id=8913\"><img decoding=\"async\" loading=\"lazy\" width=\"1920\" height=\"1920\" src=\"https:\/\/i1.wp.com\/www.1010votropticien.com\/blog\/wp-content\/uploads\/2021\/01\/Invisibles-Minima-0-OPTIQUE-1010-FACHES-THUMESNIL-12648-2.jpg?fit=838%2C838\" alt=\"\" data-id=\"8913\" data-full-url=\"https:\/\/i1.wp.com\/www.1010votropticien.com\/blog\/wp-content\/uploads\/2021\/01\/Invisibles-Minima-0-OPTIQUE-1010-FACHES-THUMESNIL-12648-2.jpg?fit=1920%2C1920\" data-link=\"http:\/\/www.1010votropticien.com\/blog\/?attachment_id=8913\" class=\"wp-image-8913\" srcset=\"http:\/\/www.1010votropticien.com\/blog\/wp-content\/uploads\/2021\/01\/Invisibles-Minima-0-OPTIQUE-1010-FACHES-THUMESNIL-12648-2.jpg 1920w, http:\/\/www.1010votropticien.com\/blog\/wp-content\/uploads\/2021\/01\/Invisibles-Minima-0-OPTIQUE-1010-FACHES-THUMESNIL-12648-2-300x300.jpg 300w, http:\/\/www.1010votropticien.com\/blog\/wp-content\/uploads\/2021\/01\/Invisibles-Minima-0-OPTIQUE-1010-FACHES-THUMESNIL-12648-2-1024x1024.jpg 1024w, http:\/\/www.1010votropticien.com\/blog\/wp-content\/uploads\/2021\/01\/Invisibles-Minima-0-OPTIQUE-1010-FACHES-THUMESNIL-12648-2-768x768.jpg 768w, http:\/\/www.1010votropticien.com\/blog\/wp-content\/uploads\/2021\/01\/Invisibles-Minima-0-OPTIQUE-1010-FACHES-THUMESNIL-12648-2-1536x1536.jpg 1536w, http:\/\/www.1010votropticien.com\/blog\/wp-content\/uploads\/2021\/01\/Invisibles-Minima-0-OPTIQUE-1010-FACHES-THUMESNIL-12648-2-160x160.jpg 160w, http:\/\/www.1010votropticien.com\/blog\/wp-content\/uploads\/2021\/01\/Invisibles-Minima-0-OPTIQUE-1010-FACHES-THUMESNIL-12648-2-240x240.jpg 240w, http:\/\/www.1010votropticien.com\/blog\/wp-content\/uploads\/2021\/01\/Invisibles-Minima-0-OPTIQUE-1010-FACHES-THUMESNIL-12648-2-60x60.jpg 60w, http:\/\/www.1010votropticien.com\/blog\/wp-content\/uploads\/2021\/01\/Invisibles-Minima-0-OPTIQUE-1010-FACHES-THUMESNIL-12648-2-184x184.jpg 184w, http:\/\/www.1010votropticien.com\/blog\/wp-content\/uploads\/2021\/01\/Invisibles-Minima-0-OPTIQUE-1010-FACHES-THUMESNIL-12648-2-50x50.jpg 50w\" sizes=\"(max-width: 1920px) 100vw, 1920px\" \/><\/a><\/figure><\/li><\/ul><\/figure>\n\n\n\n<p>Personnalisation de vos  lunettes: forme, couleur, gravures et strass &#8230;<\/p>\n","protected":false},"excerpt":{"rendered":"<p>Voici un petit aper\u00e7u des mod\u00e8les de la collection Face &amp; Cie &#8230; Venez vite en magasin les essayer et d\u00e9couvrir d&rsquo;autres mod\u00e8les! Personnalisation de vos lunettes: forme, couleur, gravures et strass &#8230;<\/p>\n","protected":false},"author":4,"featured_media":0,"parent":0,"menu_order":0,"comment_status":"closed","ping_status":"closed","template":"","meta":{"ngg_post_thumbnail":0},"_links":{"self":[{"href":"http:\/\/www.1010votropticien.com\/blog\/wp-json\/wp\/v2\/pages\/8894"}],"collection":[{"href":"http:\/\/www.1010votropticien.com\/blog\/wp-json\/wp\/v2\/pages"}],"about":[{"href":"http:\/\/www.1010votropticien.com\/blog\/wp-json\/wp\/v2\/types\/page"}],"author":[{"embeddable":true,"href":"http:\/\/www.1010votropticien.com\/blog\/wp-json\/wp\/v2\/users\/4"}],"replies":[{"embeddable":true,"href":"http:\/\/www.1010votropticien.com\/blog\/wp-json\/wp\/v2\/comments?post=8894"}],"version-history":[{"count":2,"href":"http:\/\/www.1010votropticien.com\/blog\/wp-json\/wp\/v2\/pages\/8894\/revisions"}],"predecessor-version":[{"id":8916,"href":"http:\/\/www.1010votropticien.com\/blog\/wp-json\/wp\/v2\/pages\/8894\/revisions\/8916"}],"wp:attachment":[{"href":"http:\/\/www.1010votropticien.com\/blog\/wp-json\/wp\/v2\/media?parent=8894"}],"curies":[{"name":"wp","href":"https:\/\/api.w.org\/{rel}","templated":true}]}}