{"id":8675,"date":"2020-12-09T07:43:11","date_gmt":"2020-12-09T06:43:11","guid":{"rendered":"http:\/\/www.1010votropticien.com\/blog\/?page_id=8675"},"modified":"2020-12-09T07:43:13","modified_gmt":"2020-12-09T06:43:13","slug":"calvin-klein","status":"publish","type":"page","link":"http:\/\/www.1010votropticien.com\/blog\/calvin-klein\/","title":{"rendered":"Calvin Klein"},"content":{"rendered":"\n<h3 class=\"wp-block-heading\">Voici un petit aper\u00e7u des mod\u00e8les de la collection Calvin Klein &#8230; Venez vite en magasin les essayer et d\u00e9couvrir d&rsquo;autres mod\u00e8les!<\/h3>\n\n\n\n<p><\/p>\n\n\n\n<p><\/p>\n\n\n\n<figure class=\"wp-block-gallery columns-3 wp-block-gallery-1 is-layout-flex\"><ul class=\"blocks-gallery-grid\"><li class=\"blocks-gallery-item\"><figure><a href=\"http:\/\/www.1010votropticien.com\/blog\/?attachment_id=8685\"><img decoding=\"async\" loading=\"lazy\" width=\"1920\" height=\"1920\" src=\"https:\/\/i0.wp.com\/www.1010votropticien.com\/blog\/wp-content\/uploads\/2020\/12\/CALVIN-KLEIN-CK5460-OPTIQUE-1010-FACHES-THUMESNIL-16969-2.jpg?fit=838%2C838\" alt=\"\" data-id=\"8685\" data-full-url=\"https:\/\/i0.wp.com\/www.1010votropticien.com\/blog\/wp-content\/uploads\/2020\/12\/CALVIN-KLEIN-CK5460-OPTIQUE-1010-FACHES-THUMESNIL-16969-2.jpg?fit=1920%2C1920\" data-link=\"http:\/\/www.1010votropticien.com\/blog\/?attachment_id=8685\" class=\"wp-image-8685\" srcset=\"http:\/\/www.1010votropticien.com\/blog\/wp-content\/uploads\/2020\/12\/CALVIN-KLEIN-CK5460-OPTIQUE-1010-FACHES-THUMESNIL-16969-2.jpg 1920w, http:\/\/www.1010votropticien.com\/blog\/wp-content\/uploads\/2020\/12\/CALVIN-KLEIN-CK5460-OPTIQUE-1010-FACHES-THUMESNIL-16969-2-300x300.jpg 300w, http:\/\/www.1010votropticien.com\/blog\/wp-content\/uploads\/2020\/12\/CALVIN-KLEIN-CK5460-OPTIQUE-1010-FACHES-THUMESNIL-16969-2-1024x1024.jpg 1024w, http:\/\/www.1010votropticien.com\/blog\/wp-content\/uploads\/2020\/12\/CALVIN-KLEIN-CK5460-OPTIQUE-1010-FACHES-THUMESNIL-16969-2-768x768.jpg 768w, http:\/\/www.1010votropticien.com\/blog\/wp-content\/uploads\/2020\/12\/CALVIN-KLEIN-CK5460-OPTIQUE-1010-FACHES-THUMESNIL-16969-2-1536x1536.jpg 1536w, http:\/\/www.1010votropticien.com\/blog\/wp-content\/uploads\/2020\/12\/CALVIN-KLEIN-CK5460-OPTIQUE-1010-FACHES-THUMESNIL-16969-2-160x160.jpg 160w, http:\/\/www.1010votropticien.com\/blog\/wp-content\/uploads\/2020\/12\/CALVIN-KLEIN-CK5460-OPTIQUE-1010-FACHES-THUMESNIL-16969-2-240x240.jpg 240w, http:\/\/www.1010votropticien.com\/blog\/wp-content\/uploads\/2020\/12\/CALVIN-KLEIN-CK5460-OPTIQUE-1010-FACHES-THUMESNIL-16969-2-60x60.jpg 60w, http:\/\/www.1010votropticien.com\/blog\/wp-content\/uploads\/2020\/12\/CALVIN-KLEIN-CK5460-OPTIQUE-1010-FACHES-THUMESNIL-16969-2-184x184.jpg 184w, http:\/\/www.1010votropticien.com\/blog\/wp-content\/uploads\/2020\/12\/CALVIN-KLEIN-CK5460-OPTIQUE-1010-FACHES-THUMESNIL-16969-2-50x50.jpg 50w\" sizes=\"(max-width: 1920px) 100vw, 1920px\" \/><\/a><\/figure><\/li><li class=\"blocks-gallery-item\"><figure><a href=\"http:\/\/www.1010votropticien.com\/blog\/?attachment_id=8686\"><img decoding=\"async\" loading=\"lazy\" width=\"1920\" height=\"1920\" src=\"https:\/\/i0.wp.com\/www.1010votropticien.com\/blog\/wp-content\/uploads\/2020\/12\/CALVIN-KLEIN-CK18107-OPTIQUE-1010-FACHES-THUMESNIL-16954-1.jpg?fit=838%2C838\" alt=\"\" data-id=\"8686\" data-full-url=\"https:\/\/i0.wp.com\/www.1010votropticien.com\/blog\/wp-content\/uploads\/2020\/12\/CALVIN-KLEIN-CK18107-OPTIQUE-1010-FACHES-THUMESNIL-16954-1.jpg?fit=1920%2C1920\" data-link=\"http:\/\/www.1010votropticien.com\/blog\/?attachment_id=8686\" class=\"wp-image-8686\" srcset=\"http:\/\/www.1010votropticien.com\/blog\/wp-content\/uploads\/2020\/12\/CALVIN-KLEIN-CK18107-OPTIQUE-1010-FACHES-THUMESNIL-16954-1.jpg 1920w, http:\/\/www.1010votropticien.com\/blog\/wp-content\/uploads\/2020\/12\/CALVIN-KLEIN-CK18107-OPTIQUE-1010-FACHES-THUMESNIL-16954-1-300x300.jpg 300w, http:\/\/www.1010votropticien.com\/blog\/wp-content\/uploads\/2020\/12\/CALVIN-KLEIN-CK18107-OPTIQUE-1010-FACHES-THUMESNIL-16954-1-1024x1024.jpg 1024w, http:\/\/www.1010votropticien.com\/blog\/wp-content\/uploads\/2020\/12\/CALVIN-KLEIN-CK18107-OPTIQUE-1010-FACHES-THUMESNIL-16954-1-768x768.jpg 768w, http:\/\/www.1010votropticien.com\/blog\/wp-content\/uploads\/2020\/12\/CALVIN-KLEIN-CK18107-OPTIQUE-1010-FACHES-THUMESNIL-16954-1-1536x1536.jpg 1536w, http:\/\/www.1010votropticien.com\/blog\/wp-content\/uploads\/2020\/12\/CALVIN-KLEIN-CK18107-OPTIQUE-1010-FACHES-THUMESNIL-16954-1-160x160.jpg 160w, http:\/\/www.1010votropticien.com\/blog\/wp-content\/uploads\/2020\/12\/CALVIN-KLEIN-CK18107-OPTIQUE-1010-FACHES-THUMESNIL-16954-1-240x240.jpg 240w, http:\/\/www.1010votropticien.com\/blog\/wp-content\/uploads\/2020\/12\/CALVIN-KLEIN-CK18107-OPTIQUE-1010-FACHES-THUMESNIL-16954-1-60x60.jpg 60w, http:\/\/www.1010votropticien.com\/blog\/wp-content\/uploads\/2020\/12\/CALVIN-KLEIN-CK18107-OPTIQUE-1010-FACHES-THUMESNIL-16954-1-184x184.jpg 184w, http:\/\/www.1010votropticien.com\/blog\/wp-content\/uploads\/2020\/12\/CALVIN-KLEIN-CK18107-OPTIQUE-1010-FACHES-THUMESNIL-16954-1-50x50.jpg 50w\" sizes=\"(max-width: 1920px) 100vw, 1920px\" \/><\/a><\/figure><\/li><li class=\"blocks-gallery-item\"><figure><a href=\"http:\/\/www.1010votropticien.com\/blog\/?attachment_id=8687\"><img decoding=\"async\" loading=\"lazy\" width=\"1920\" height=\"1920\" src=\"https:\/\/i1.wp.com\/www.1010votropticien.com\/blog\/wp-content\/uploads\/2020\/12\/CALVIN-KLEIN-CK19144F-OPTIQUE-1010-FACHES-THUMESNIL-16976-1.jpg?fit=838%2C838\" alt=\"\" data-id=\"8687\" data-full-url=\"https:\/\/i1.wp.com\/www.1010votropticien.com\/blog\/wp-content\/uploads\/2020\/12\/CALVIN-KLEIN-CK19144F-OPTIQUE-1010-FACHES-THUMESNIL-16976-1.jpg?fit=1920%2C1920\" data-link=\"http:\/\/www.1010votropticien.com\/blog\/?attachment_id=8687\" class=\"wp-image-8687\" srcset=\"http:\/\/www.1010votropticien.com\/blog\/wp-content\/uploads\/2020\/12\/CALVIN-KLEIN-CK19144F-OPTIQUE-1010-FACHES-THUMESNIL-16976-1.jpg 1920w, http:\/\/www.1010votropticien.com\/blog\/wp-content\/uploads\/2020\/12\/CALVIN-KLEIN-CK19144F-OPTIQUE-1010-FACHES-THUMESNIL-16976-1-300x300.jpg 300w, http:\/\/www.1010votropticien.com\/blog\/wp-content\/uploads\/2020\/12\/CALVIN-KLEIN-CK19144F-OPTIQUE-1010-FACHES-THUMESNIL-16976-1-1024x1024.jpg 1024w, http:\/\/www.1010votropticien.com\/blog\/wp-content\/uploads\/2020\/12\/CALVIN-KLEIN-CK19144F-OPTIQUE-1010-FACHES-THUMESNIL-16976-1-768x768.jpg 768w, http:\/\/www.1010votropticien.com\/blog\/wp-content\/uploads\/2020\/12\/CALVIN-KLEIN-CK19144F-OPTIQUE-1010-FACHES-THUMESNIL-16976-1-1536x1536.jpg 1536w, http:\/\/www.1010votropticien.com\/blog\/wp-content\/uploads\/2020\/12\/CALVIN-KLEIN-CK19144F-OPTIQUE-1010-FACHES-THUMESNIL-16976-1-160x160.jpg 160w, http:\/\/www.1010votropticien.com\/blog\/wp-content\/uploads\/2020\/12\/CALVIN-KLEIN-CK19144F-OPTIQUE-1010-FACHES-THUMESNIL-16976-1-240x240.jpg 240w, http:\/\/www.1010votropticien.com\/blog\/wp-content\/uploads\/2020\/12\/CALVIN-KLEIN-CK19144F-OPTIQUE-1010-FACHES-THUMESNIL-16976-1-60x60.jpg 60w, http:\/\/www.1010votropticien.com\/blog\/wp-content\/uploads\/2020\/12\/CALVIN-KLEIN-CK19144F-OPTIQUE-1010-FACHES-THUMESNIL-16976-1-184x184.jpg 184w, http:\/\/www.1010votropticien.com\/blog\/wp-content\/uploads\/2020\/12\/CALVIN-KLEIN-CK19144F-OPTIQUE-1010-FACHES-THUMESNIL-16976-1-50x50.jpg 50w\" sizes=\"(max-width: 1920px) 100vw, 1920px\" \/><\/a><\/figure><\/li><li class=\"blocks-gallery-item\"><figure><a href=\"http:\/\/www.1010votropticien.com\/blog\/?attachment_id=8688\"><img decoding=\"async\" loading=\"lazy\" width=\"1920\" height=\"1920\" src=\"https:\/\/i0.wp.com\/www.1010votropticien.com\/blog\/wp-content\/uploads\/2020\/12\/CALVIN-KLEIN-CK19518-OPTIQUE-1010-FACHES-THUMESNIL-17688-1.jpg?fit=838%2C838\" alt=\"\" data-id=\"8688\" data-full-url=\"https:\/\/i0.wp.com\/www.1010votropticien.com\/blog\/wp-content\/uploads\/2020\/12\/CALVIN-KLEIN-CK19518-OPTIQUE-1010-FACHES-THUMESNIL-17688-1.jpg?fit=1920%2C1920\" data-link=\"http:\/\/www.1010votropticien.com\/blog\/?attachment_id=8688\" class=\"wp-image-8688\" srcset=\"http:\/\/www.1010votropticien.com\/blog\/wp-content\/uploads\/2020\/12\/CALVIN-KLEIN-CK19518-OPTIQUE-1010-FACHES-THUMESNIL-17688-1.jpg 1920w, http:\/\/www.1010votropticien.com\/blog\/wp-content\/uploads\/2020\/12\/CALVIN-KLEIN-CK19518-OPTIQUE-1010-FACHES-THUMESNIL-17688-1-300x300.jpg 300w, http:\/\/www.1010votropticien.com\/blog\/wp-content\/uploads\/2020\/12\/CALVIN-KLEIN-CK19518-OPTIQUE-1010-FACHES-THUMESNIL-17688-1-1024x1024.jpg 1024w, http:\/\/www.1010votropticien.com\/blog\/wp-content\/uploads\/2020\/12\/CALVIN-KLEIN-CK19518-OPTIQUE-1010-FACHES-THUMESNIL-17688-1-768x768.jpg 768w, http:\/\/www.1010votropticien.com\/blog\/wp-content\/uploads\/2020\/12\/CALVIN-KLEIN-CK19518-OPTIQUE-1010-FACHES-THUMESNIL-17688-1-1536x1536.jpg 1536w, http:\/\/www.1010votropticien.com\/blog\/wp-content\/uploads\/2020\/12\/CALVIN-KLEIN-CK19518-OPTIQUE-1010-FACHES-THUMESNIL-17688-1-160x160.jpg 160w, http:\/\/www.1010votropticien.com\/blog\/wp-content\/uploads\/2020\/12\/CALVIN-KLEIN-CK19518-OPTIQUE-1010-FACHES-THUMESNIL-17688-1-240x240.jpg 240w, http:\/\/www.1010votropticien.com\/blog\/wp-content\/uploads\/2020\/12\/CALVIN-KLEIN-CK19518-OPTIQUE-1010-FACHES-THUMESNIL-17688-1-60x60.jpg 60w, http:\/\/www.1010votropticien.com\/blog\/wp-content\/uploads\/2020\/12\/CALVIN-KLEIN-CK19518-OPTIQUE-1010-FACHES-THUMESNIL-17688-1-184x184.jpg 184w, http:\/\/www.1010votropticien.com\/blog\/wp-content\/uploads\/2020\/12\/CALVIN-KLEIN-CK19518-OPTIQUE-1010-FACHES-THUMESNIL-17688-1-50x50.jpg 50w\" sizes=\"(max-width: 1920px) 100vw, 1920px\" \/><\/a><\/figure><\/li><li class=\"blocks-gallery-item\"><figure><a href=\"http:\/\/www.1010votropticien.com\/blog\/?attachment_id=8689\"><img decoding=\"async\" loading=\"lazy\" width=\"1920\" height=\"1920\" src=\"https:\/\/i1.wp.com\/www.1010votropticien.com\/blog\/wp-content\/uploads\/2020\/12\/CALVIN-KLEIN-CKJ19310-OPTIQUE-1010-FACHES-THUMESNIL-16953-1.jpg?fit=838%2C838\" alt=\"\" data-id=\"8689\" data-full-url=\"https:\/\/i1.wp.com\/www.1010votropticien.com\/blog\/wp-content\/uploads\/2020\/12\/CALVIN-KLEIN-CKJ19310-OPTIQUE-1010-FACHES-THUMESNIL-16953-1.jpg?fit=1920%2C1920\" data-link=\"http:\/\/www.1010votropticien.com\/blog\/?attachment_id=8689\" class=\"wp-image-8689\" srcset=\"http:\/\/www.1010votropticien.com\/blog\/wp-content\/uploads\/2020\/12\/CALVIN-KLEIN-CKJ19310-OPTIQUE-1010-FACHES-THUMESNIL-16953-1.jpg 1920w, http:\/\/www.1010votropticien.com\/blog\/wp-content\/uploads\/2020\/12\/CALVIN-KLEIN-CKJ19310-OPTIQUE-1010-FACHES-THUMESNIL-16953-1-300x300.jpg 300w, http:\/\/www.1010votropticien.com\/blog\/wp-content\/uploads\/2020\/12\/CALVIN-KLEIN-CKJ19310-OPTIQUE-1010-FACHES-THUMESNIL-16953-1-1024x1024.jpg 1024w, http:\/\/www.1010votropticien.com\/blog\/wp-content\/uploads\/2020\/12\/CALVIN-KLEIN-CKJ19310-OPTIQUE-1010-FACHES-THUMESNIL-16953-1-768x768.jpg 768w, http:\/\/www.1010votropticien.com\/blog\/wp-content\/uploads\/2020\/12\/CALVIN-KLEIN-CKJ19310-OPTIQUE-1010-FACHES-THUMESNIL-16953-1-1536x1536.jpg 1536w, http:\/\/www.1010votropticien.com\/blog\/wp-content\/uploads\/2020\/12\/CALVIN-KLEIN-CKJ19310-OPTIQUE-1010-FACHES-THUMESNIL-16953-1-160x160.jpg 160w, http:\/\/www.1010votropticien.com\/blog\/wp-content\/uploads\/2020\/12\/CALVIN-KLEIN-CKJ19310-OPTIQUE-1010-FACHES-THUMESNIL-16953-1-240x240.jpg 240w, http:\/\/www.1010votropticien.com\/blog\/wp-content\/uploads\/2020\/12\/CALVIN-KLEIN-CKJ19310-OPTIQUE-1010-FACHES-THUMESNIL-16953-1-60x60.jpg 60w, http:\/\/www.1010votropticien.com\/blog\/wp-content\/uploads\/2020\/12\/CALVIN-KLEIN-CKJ19310-OPTIQUE-1010-FACHES-THUMESNIL-16953-1-184x184.jpg 184w, http:\/\/www.1010votropticien.com\/blog\/wp-content\/uploads\/2020\/12\/CALVIN-KLEIN-CKJ19310-OPTIQUE-1010-FACHES-THUMESNIL-16953-1-50x50.jpg 50w\" sizes=\"(max-width: 1920px) 100vw, 1920px\" \/><\/a><\/figure><\/li><li class=\"blocks-gallery-item\"><figure><a href=\"http:\/\/www.1010votropticien.com\/blog\/?attachment_id=8690\"><img decoding=\"async\" loading=\"lazy\" width=\"1920\" height=\"1920\" src=\"https:\/\/i2.wp.com\/www.1010votropticien.com\/blog\/wp-content\/uploads\/2020\/12\/CALVIN-KLEIN-CKJ19310-F-OPTIQUE-1010-FACHES-THUMESNIL-16953-1.jpg?fit=838%2C838\" alt=\"\" data-id=\"8690\" data-full-url=\"https:\/\/i2.wp.com\/www.1010votropticien.com\/blog\/wp-content\/uploads\/2020\/12\/CALVIN-KLEIN-CKJ19310-F-OPTIQUE-1010-FACHES-THUMESNIL-16953-1.jpg?fit=1920%2C1920\" data-link=\"http:\/\/www.1010votropticien.com\/blog\/?attachment_id=8690\" class=\"wp-image-8690\" srcset=\"http:\/\/www.1010votropticien.com\/blog\/wp-content\/uploads\/2020\/12\/CALVIN-KLEIN-CKJ19310-F-OPTIQUE-1010-FACHES-THUMESNIL-16953-1.jpg 1920w, http:\/\/www.1010votropticien.com\/blog\/wp-content\/uploads\/2020\/12\/CALVIN-KLEIN-CKJ19310-F-OPTIQUE-1010-FACHES-THUMESNIL-16953-1-300x300.jpg 300w, http:\/\/www.1010votropticien.com\/blog\/wp-content\/uploads\/2020\/12\/CALVIN-KLEIN-CKJ19310-F-OPTIQUE-1010-FACHES-THUMESNIL-16953-1-1024x1024.jpg 1024w, http:\/\/www.1010votropticien.com\/blog\/wp-content\/uploads\/2020\/12\/CALVIN-KLEIN-CKJ19310-F-OPTIQUE-1010-FACHES-THUMESNIL-16953-1-768x768.jpg 768w, http:\/\/www.1010votropticien.com\/blog\/wp-content\/uploads\/2020\/12\/CALVIN-KLEIN-CKJ19310-F-OPTIQUE-1010-FACHES-THUMESNIL-16953-1-1536x1536.jpg 1536w, http:\/\/www.1010votropticien.com\/blog\/wp-content\/uploads\/2020\/12\/CALVIN-KLEIN-CKJ19310-F-OPTIQUE-1010-FACHES-THUMESNIL-16953-1-160x160.jpg 160w, http:\/\/www.1010votropticien.com\/blog\/wp-content\/uploads\/2020\/12\/CALVIN-KLEIN-CKJ19310-F-OPTIQUE-1010-FACHES-THUMESNIL-16953-1-240x240.jpg 240w, http:\/\/www.1010votropticien.com\/blog\/wp-content\/uploads\/2020\/12\/CALVIN-KLEIN-CKJ19310-F-OPTIQUE-1010-FACHES-THUMESNIL-16953-1-60x60.jpg 60w, http:\/\/www.1010votropticien.com\/blog\/wp-content\/uploads\/2020\/12\/CALVIN-KLEIN-CKJ19310-F-OPTIQUE-1010-FACHES-THUMESNIL-16953-1-184x184.jpg 184w, http:\/\/www.1010votropticien.com\/blog\/wp-content\/uploads\/2020\/12\/CALVIN-KLEIN-CKJ19310-F-OPTIQUE-1010-FACHES-THUMESNIL-16953-1-50x50.jpg 50w\" sizes=\"(max-width: 1920px) 100vw, 1920px\" \/><\/a><\/figure><\/li><li class=\"blocks-gallery-item\"><figure><a href=\"http:\/\/www.1010votropticien.com\/blog\/?attachment_id=8691\"><img decoding=\"async\" loading=\"lazy\" width=\"1920\" height=\"1920\" src=\"https:\/\/i2.wp.com\/www.1010votropticien.com\/blog\/wp-content\/uploads\/2020\/12\/CALVIN-KLEIN-CKJ19311-OPTIQUE-1010-FACHES-THUMESNIL-16974-1.jpg?fit=838%2C838\" alt=\"\" data-id=\"8691\" data-full-url=\"https:\/\/i2.wp.com\/www.1010votropticien.com\/blog\/wp-content\/uploads\/2020\/12\/CALVIN-KLEIN-CKJ19311-OPTIQUE-1010-FACHES-THUMESNIL-16974-1.jpg?fit=1920%2C1920\" data-link=\"http:\/\/www.1010votropticien.com\/blog\/?attachment_id=8691\" class=\"wp-image-8691\" srcset=\"http:\/\/www.1010votropticien.com\/blog\/wp-content\/uploads\/2020\/12\/CALVIN-KLEIN-CKJ19311-OPTIQUE-1010-FACHES-THUMESNIL-16974-1.jpg 1920w, http:\/\/www.1010votropticien.com\/blog\/wp-content\/uploads\/2020\/12\/CALVIN-KLEIN-CKJ19311-OPTIQUE-1010-FACHES-THUMESNIL-16974-1-300x300.jpg 300w, http:\/\/www.1010votropticien.com\/blog\/wp-content\/uploads\/2020\/12\/CALVIN-KLEIN-CKJ19311-OPTIQUE-1010-FACHES-THUMESNIL-16974-1-1024x1024.jpg 1024w, http:\/\/www.1010votropticien.com\/blog\/wp-content\/uploads\/2020\/12\/CALVIN-KLEIN-CKJ19311-OPTIQUE-1010-FACHES-THUMESNIL-16974-1-768x768.jpg 768w, http:\/\/www.1010votropticien.com\/blog\/wp-content\/uploads\/2020\/12\/CALVIN-KLEIN-CKJ19311-OPTIQUE-1010-FACHES-THUMESNIL-16974-1-1536x1536.jpg 1536w, http:\/\/www.1010votropticien.com\/blog\/wp-content\/uploads\/2020\/12\/CALVIN-KLEIN-CKJ19311-OPTIQUE-1010-FACHES-THUMESNIL-16974-1-160x160.jpg 160w, http:\/\/www.1010votropticien.com\/blog\/wp-content\/uploads\/2020\/12\/CALVIN-KLEIN-CKJ19311-OPTIQUE-1010-FACHES-THUMESNIL-16974-1-240x240.jpg 240w, http:\/\/www.1010votropticien.com\/blog\/wp-content\/uploads\/2020\/12\/CALVIN-KLEIN-CKJ19311-OPTIQUE-1010-FACHES-THUMESNIL-16974-1-60x60.jpg 60w, http:\/\/www.1010votropticien.com\/blog\/wp-content\/uploads\/2020\/12\/CALVIN-KLEIN-CKJ19311-OPTIQUE-1010-FACHES-THUMESNIL-16974-1-184x184.jpg 184w, http:\/\/www.1010votropticien.com\/blog\/wp-content\/uploads\/2020\/12\/CALVIN-KLEIN-CKJ19311-OPTIQUE-1010-FACHES-THUMESNIL-16974-1-50x50.jpg 50w\" sizes=\"(max-width: 1920px) 100vw, 1920px\" \/><\/a><\/figure><\/li><li class=\"blocks-gallery-item\"><figure><a href=\"http:\/\/www.1010votropticien.com\/blog\/?attachment_id=8692\"><img decoding=\"async\" loading=\"lazy\" width=\"1920\" height=\"1920\" src=\"https:\/\/i2.wp.com\/www.1010votropticien.com\/blog\/wp-content\/uploads\/2020\/12\/CALVIN-KLEIN-CKJ19311-F-OPTIQUE-1010-FACHES-THUMESNIL-16974-1.jpg?fit=838%2C838\" alt=\"\" data-id=\"8692\" data-full-url=\"https:\/\/i2.wp.com\/www.1010votropticien.com\/blog\/wp-content\/uploads\/2020\/12\/CALVIN-KLEIN-CKJ19311-F-OPTIQUE-1010-FACHES-THUMESNIL-16974-1.jpg?fit=1920%2C1920\" data-link=\"http:\/\/www.1010votropticien.com\/blog\/?attachment_id=8692\" class=\"wp-image-8692\" srcset=\"http:\/\/www.1010votropticien.com\/blog\/wp-content\/uploads\/2020\/12\/CALVIN-KLEIN-CKJ19311-F-OPTIQUE-1010-FACHES-THUMESNIL-16974-1.jpg 1920w, http:\/\/www.1010votropticien.com\/blog\/wp-content\/uploads\/2020\/12\/CALVIN-KLEIN-CKJ19311-F-OPTIQUE-1010-FACHES-THUMESNIL-16974-1-300x300.jpg 300w, http:\/\/www.1010votropticien.com\/blog\/wp-content\/uploads\/2020\/12\/CALVIN-KLEIN-CKJ19311-F-OPTIQUE-1010-FACHES-THUMESNIL-16974-1-1024x1024.jpg 1024w, http:\/\/www.1010votropticien.com\/blog\/wp-content\/uploads\/2020\/12\/CALVIN-KLEIN-CKJ19311-F-OPTIQUE-1010-FACHES-THUMESNIL-16974-1-768x768.jpg 768w, http:\/\/www.1010votropticien.com\/blog\/wp-content\/uploads\/2020\/12\/CALVIN-KLEIN-CKJ19311-F-OPTIQUE-1010-FACHES-THUMESNIL-16974-1-1536x1536.jpg 1536w, http:\/\/www.1010votropticien.com\/blog\/wp-content\/uploads\/2020\/12\/CALVIN-KLEIN-CKJ19311-F-OPTIQUE-1010-FACHES-THUMESNIL-16974-1-160x160.jpg 160w, http:\/\/www.1010votropticien.com\/blog\/wp-content\/uploads\/2020\/12\/CALVIN-KLEIN-CKJ19311-F-OPTIQUE-1010-FACHES-THUMESNIL-16974-1-240x240.jpg 240w, http:\/\/www.1010votropticien.com\/blog\/wp-content\/uploads\/2020\/12\/CALVIN-KLEIN-CKJ19311-F-OPTIQUE-1010-FACHES-THUMESNIL-16974-1-60x60.jpg 60w, http:\/\/www.1010votropticien.com\/blog\/wp-content\/uploads\/2020\/12\/CALVIN-KLEIN-CKJ19311-F-OPTIQUE-1010-FACHES-THUMESNIL-16974-1-184x184.jpg 184w, http:\/\/www.1010votropticien.com\/blog\/wp-content\/uploads\/2020\/12\/CALVIN-KLEIN-CKJ19311-F-OPTIQUE-1010-FACHES-THUMESNIL-16974-1-50x50.jpg 50w\" sizes=\"(max-width: 1920px) 100vw, 1920px\" \/><\/a><\/figure><\/li><\/ul><\/figure>\n\n\n\n<p>CALVIN KLEIN, marque de mode am\u00e9ricaine originale, est pr\u00e9sente dans plus de 110\u00a0pays \u00e0 travers 20\u00a0000\u00a0points de vente. CALVIN KLEIN est une collection grand public qui propose des montures tendance, dans des formes ind\u00e9modables et des palettes de couleur originales. La relation \u00e9troite existant entre le concept et le prix au sein des gammes de lunettes ophtalmiques et de soleil CALVIN KLEIN nous permet de toucher un public \u00e9tendu, aussi bien masculin que f\u00e9minin. La collection de lunettes s&rsquo;inspire des marques fortement ancr\u00e9es dans l&rsquo;histoire am\u00e9ricaine, tout en continuant \u00e0 promouvoir un style moderne et provocateur.\u00a0<\/p>\n","protected":false},"excerpt":{"rendered":"<p>Voici un petit aper\u00e7u des mod\u00e8les de la collection Calvin Klein &#8230; Venez vite en magasin les essayer et d\u00e9couvrir d&rsquo;autres mod\u00e8les! CALVIN KLEIN, marque de mode am\u00e9ricaine originale, est pr\u00e9sente dans plus de 110\u00a0pays \u00e0 travers 20\u00a0000\u00a0points de vente. CALVIN KLEIN est une collection grand public qui propose des montures tendance, dans des formes [&hellip;]<\/p>\n","protected":false},"author":4,"featured_media":0,"parent":0,"menu_order":0,"comment_status":"closed","ping_status":"closed","template":"","meta":{"ngg_post_thumbnail":0},"_links":{"self":[{"href":"http:\/\/www.1010votropticien.com\/blog\/wp-json\/wp\/v2\/pages\/8675"}],"collection":[{"href":"http:\/\/www.1010votropticien.com\/blog\/wp-json\/wp\/v2\/pages"}],"about":[{"href":"http:\/\/www.1010votropticien.com\/blog\/wp-json\/wp\/v2\/types\/page"}],"author":[{"embeddable":true,"href":"http:\/\/www.1010votropticien.com\/blog\/wp-json\/wp\/v2\/users\/4"}],"replies":[{"embeddable":true,"href":"http:\/\/www.1010votropticien.com\/blog\/wp-json\/wp\/v2\/comments?post=8675"}],"version-history":[{"count":2,"href":"http:\/\/www.1010votropticien.com\/blog\/wp-json\/wp\/v2\/pages\/8675\/revisions"}],"predecessor-version":[{"id":8693,"href":"http:\/\/www.1010votropticien.com\/blog\/wp-json\/wp\/v2\/pages\/8675\/revisions\/8693"}],"wp:attachment":[{"href":"http:\/\/www.1010votropticien.com\/blog\/wp-json\/wp\/v2\/media?parent=8675"}],"curies":[{"name":"wp","href":"https:\/\/api.w.org\/{rel}","templated":true}]}}