{"id":8638,"date":"2020-11-10T11:13:38","date_gmt":"2020-11-10T10:13:38","guid":{"rendered":"http:\/\/www.1010votropticien.com\/blog\/?page_id=8638"},"modified":"2022-12-02T18:00:13","modified_gmt":"2022-12-02T17:00:13","slug":"jimmy-choo","status":"publish","type":"page","link":"http:\/\/www.1010votropticien.com\/blog\/lunettes-de-vue\/jimmy-choo\/","title":{"rendered":"Jimmy Choo"},"content":{"rendered":"\n<h2 class=\"wp-block-heading\">Voici un petit aper\u00e7u des mod\u00e8les de la collection Jimmy Choo &#8230; Venez vite en magasin les essayer et d\u00e9couvrir d&rsquo;autres mod\u00e8les!<\/h2>\n\n\n\n<p><\/p>\n\n\n\n<figure class=\"wp-block-gallery columns-3 is-cropped wp-block-gallery-1 is-layout-flex\"><ul class=\"blocks-gallery-grid\"><li class=\"blocks-gallery-item\"><figure><img decoding=\"async\" loading=\"lazy\" width=\"1024\" height=\"1024\" src=\"http:\/\/www.1010votropticien.com\/blog\/wp-content\/uploads\/2022\/12\/InShot_20221116_183853737-1024x1024.jpg\" alt=\"\" data-id=\"10738\" data-full-url=\"http:\/\/www.1010votropticien.com\/blog\/wp-content\/uploads\/2022\/12\/InShot_20221116_183853737-scaled.jpg\" data-link=\"http:\/\/www.1010votropticien.com\/blog\/lunettes-de-vue\/jimmy-choo\/inshot_20221116_183853737\/\" class=\"wp-image-10738\" srcset=\"http:\/\/www.1010votropticien.com\/blog\/wp-content\/uploads\/2022\/12\/InShot_20221116_183853737-1024x1024.jpg 1024w, http:\/\/www.1010votropticien.com\/blog\/wp-content\/uploads\/2022\/12\/InShot_20221116_183853737-300x300.jpg 300w, http:\/\/www.1010votropticien.com\/blog\/wp-content\/uploads\/2022\/12\/InShot_20221116_183853737-768x768.jpg 768w, http:\/\/www.1010votropticien.com\/blog\/wp-content\/uploads\/2022\/12\/InShot_20221116_183853737-1536x1536.jpg 1536w, http:\/\/www.1010votropticien.com\/blog\/wp-content\/uploads\/2022\/12\/InShot_20221116_183853737-2048x2048.jpg 2048w, http:\/\/www.1010votropticien.com\/blog\/wp-content\/uploads\/2022\/12\/InShot_20221116_183853737-160x160.jpg 160w, http:\/\/www.1010votropticien.com\/blog\/wp-content\/uploads\/2022\/12\/InShot_20221116_183853737-240x240.jpg 240w, http:\/\/www.1010votropticien.com\/blog\/wp-content\/uploads\/2022\/12\/InShot_20221116_183853737-60x60.jpg 60w, http:\/\/www.1010votropticien.com\/blog\/wp-content\/uploads\/2022\/12\/InShot_20221116_183853737-184x184.jpg 184w, http:\/\/www.1010votropticien.com\/blog\/wp-content\/uploads\/2022\/12\/InShot_20221116_183853737-50x50.jpg 50w\" sizes=\"(max-width: 1024px) 100vw, 1024px\" \/><\/figure><\/li><li class=\"blocks-gallery-item\"><figure><img decoding=\"async\" loading=\"lazy\" width=\"1024\" height=\"1024\" src=\"http:\/\/www.1010votropticien.com\/blog\/wp-content\/uploads\/2022\/12\/InShot_20221116_183917835-1024x1024.jpg\" alt=\"\" data-id=\"10739\" data-full-url=\"http:\/\/www.1010votropticien.com\/blog\/wp-content\/uploads\/2022\/12\/InShot_20221116_183917835-scaled.jpg\" data-link=\"http:\/\/www.1010votropticien.com\/blog\/lunettes-de-vue\/jimmy-choo\/inshot_20221116_183917835\/\" class=\"wp-image-10739\" srcset=\"http:\/\/www.1010votropticien.com\/blog\/wp-content\/uploads\/2022\/12\/InShot_20221116_183917835-1024x1024.jpg 1024w, http:\/\/www.1010votropticien.com\/blog\/wp-content\/uploads\/2022\/12\/InShot_20221116_183917835-300x300.jpg 300w, http:\/\/www.1010votropticien.com\/blog\/wp-content\/uploads\/2022\/12\/InShot_20221116_183917835-768x768.jpg 768w, http:\/\/www.1010votropticien.com\/blog\/wp-content\/uploads\/2022\/12\/InShot_20221116_183917835-1536x1536.jpg 1536w, http:\/\/www.1010votropticien.com\/blog\/wp-content\/uploads\/2022\/12\/InShot_20221116_183917835-2048x2048.jpg 2048w, http:\/\/www.1010votropticien.com\/blog\/wp-content\/uploads\/2022\/12\/InShot_20221116_183917835-160x160.jpg 160w, http:\/\/www.1010votropticien.com\/blog\/wp-content\/uploads\/2022\/12\/InShot_20221116_183917835-240x240.jpg 240w, http:\/\/www.1010votropticien.com\/blog\/wp-content\/uploads\/2022\/12\/InShot_20221116_183917835-60x60.jpg 60w, http:\/\/www.1010votropticien.com\/blog\/wp-content\/uploads\/2022\/12\/InShot_20221116_183917835-184x184.jpg 184w, http:\/\/www.1010votropticien.com\/blog\/wp-content\/uploads\/2022\/12\/InShot_20221116_183917835-50x50.jpg 50w\" sizes=\"(max-width: 1024px) 100vw, 1024px\" \/><\/figure><\/li><li class=\"blocks-gallery-item\"><figure><img decoding=\"async\" loading=\"lazy\" width=\"1024\" height=\"1024\" src=\"http:\/\/www.1010votropticien.com\/blog\/wp-content\/uploads\/2022\/12\/InShot_20221116_183928643-1024x1024.jpg\" alt=\"\" data-id=\"10740\" data-full-url=\"http:\/\/www.1010votropticien.com\/blog\/wp-content\/uploads\/2022\/12\/InShot_20221116_183928643-scaled.jpg\" data-link=\"http:\/\/www.1010votropticien.com\/blog\/lunettes-de-vue\/jimmy-choo\/inshot_20221116_183928643\/\" class=\"wp-image-10740\" srcset=\"http:\/\/www.1010votropticien.com\/blog\/wp-content\/uploads\/2022\/12\/InShot_20221116_183928643-1024x1024.jpg 1024w, http:\/\/www.1010votropticien.com\/blog\/wp-content\/uploads\/2022\/12\/InShot_20221116_183928643-300x300.jpg 300w, http:\/\/www.1010votropticien.com\/blog\/wp-content\/uploads\/2022\/12\/InShot_20221116_183928643-768x768.jpg 768w, http:\/\/www.1010votropticien.com\/blog\/wp-content\/uploads\/2022\/12\/InShot_20221116_183928643-1536x1536.jpg 1536w, http:\/\/www.1010votropticien.com\/blog\/wp-content\/uploads\/2022\/12\/InShot_20221116_183928643-2048x2048.jpg 2048w, http:\/\/www.1010votropticien.com\/blog\/wp-content\/uploads\/2022\/12\/InShot_20221116_183928643-160x160.jpg 160w, http:\/\/www.1010votropticien.com\/blog\/wp-content\/uploads\/2022\/12\/InShot_20221116_183928643-240x240.jpg 240w, http:\/\/www.1010votropticien.com\/blog\/wp-content\/uploads\/2022\/12\/InShot_20221116_183928643-60x60.jpg 60w, http:\/\/www.1010votropticien.com\/blog\/wp-content\/uploads\/2022\/12\/InShot_20221116_183928643-184x184.jpg 184w, http:\/\/www.1010votropticien.com\/blog\/wp-content\/uploads\/2022\/12\/InShot_20221116_183928643-50x50.jpg 50w\" sizes=\"(max-width: 1024px) 100vw, 1024px\" \/><\/figure><\/li><li class=\"blocks-gallery-item\"><figure><img decoding=\"async\" loading=\"lazy\" width=\"1024\" height=\"1024\" src=\"http:\/\/www.1010votropticien.com\/blog\/wp-content\/uploads\/2022\/12\/InShot_20221116_184012866-1024x1024.jpg\" alt=\"\" data-id=\"10741\" data-full-url=\"http:\/\/www.1010votropticien.com\/blog\/wp-content\/uploads\/2022\/12\/InShot_20221116_184012866-scaled.jpg\" data-link=\"http:\/\/www.1010votropticien.com\/blog\/lunettes-de-vue\/jimmy-choo\/inshot_20221116_184012866\/\" class=\"wp-image-10741\" srcset=\"http:\/\/www.1010votropticien.com\/blog\/wp-content\/uploads\/2022\/12\/InShot_20221116_184012866-1024x1024.jpg 1024w, http:\/\/www.1010votropticien.com\/blog\/wp-content\/uploads\/2022\/12\/InShot_20221116_184012866-300x300.jpg 300w, http:\/\/www.1010votropticien.com\/blog\/wp-content\/uploads\/2022\/12\/InShot_20221116_184012866-768x768.jpg 768w, http:\/\/www.1010votropticien.com\/blog\/wp-content\/uploads\/2022\/12\/InShot_20221116_184012866-1536x1536.jpg 1536w, http:\/\/www.1010votropticien.com\/blog\/wp-content\/uploads\/2022\/12\/InShot_20221116_184012866-2048x2048.jpg 2048w, http:\/\/www.1010votropticien.com\/blog\/wp-content\/uploads\/2022\/12\/InShot_20221116_184012866-160x160.jpg 160w, http:\/\/www.1010votropticien.com\/blog\/wp-content\/uploads\/2022\/12\/InShot_20221116_184012866-240x240.jpg 240w, http:\/\/www.1010votropticien.com\/blog\/wp-content\/uploads\/2022\/12\/InShot_20221116_184012866-60x60.jpg 60w, http:\/\/www.1010votropticien.com\/blog\/wp-content\/uploads\/2022\/12\/InShot_20221116_184012866-184x184.jpg 184w, http:\/\/www.1010votropticien.com\/blog\/wp-content\/uploads\/2022\/12\/InShot_20221116_184012866-50x50.jpg 50w\" sizes=\"(max-width: 1024px) 100vw, 1024px\" \/><\/figure><\/li><li class=\"blocks-gallery-item\"><figure><img decoding=\"async\" loading=\"lazy\" width=\"1024\" height=\"1024\" src=\"http:\/\/www.1010votropticien.com\/blog\/wp-content\/uploads\/2022\/12\/InShot_20221116_184029356-1024x1024.jpg\" alt=\"\" data-id=\"10742\" data-full-url=\"http:\/\/www.1010votropticien.com\/blog\/wp-content\/uploads\/2022\/12\/InShot_20221116_184029356-scaled.jpg\" data-link=\"http:\/\/www.1010votropticien.com\/blog\/lunettes-de-vue\/jimmy-choo\/inshot_20221116_184029356\/\" class=\"wp-image-10742\" srcset=\"http:\/\/www.1010votropticien.com\/blog\/wp-content\/uploads\/2022\/12\/InShot_20221116_184029356-1024x1024.jpg 1024w, http:\/\/www.1010votropticien.com\/blog\/wp-content\/uploads\/2022\/12\/InShot_20221116_184029356-300x300.jpg 300w, http:\/\/www.1010votropticien.com\/blog\/wp-content\/uploads\/2022\/12\/InShot_20221116_184029356-768x768.jpg 768w, http:\/\/www.1010votropticien.com\/blog\/wp-content\/uploads\/2022\/12\/InShot_20221116_184029356-1536x1536.jpg 1536w, http:\/\/www.1010votropticien.com\/blog\/wp-content\/uploads\/2022\/12\/InShot_20221116_184029356-2048x2048.jpg 2048w, http:\/\/www.1010votropticien.com\/blog\/wp-content\/uploads\/2022\/12\/InShot_20221116_184029356-160x160.jpg 160w, http:\/\/www.1010votropticien.com\/blog\/wp-content\/uploads\/2022\/12\/InShot_20221116_184029356-240x240.jpg 240w, http:\/\/www.1010votropticien.com\/blog\/wp-content\/uploads\/2022\/12\/InShot_20221116_184029356-60x60.jpg 60w, http:\/\/www.1010votropticien.com\/blog\/wp-content\/uploads\/2022\/12\/InShot_20221116_184029356-184x184.jpg 184w, http:\/\/www.1010votropticien.com\/blog\/wp-content\/uploads\/2022\/12\/InShot_20221116_184029356-50x50.jpg 50w\" sizes=\"(max-width: 1024px) 100vw, 1024px\" \/><\/figure><\/li><li class=\"blocks-gallery-item\"><figure><img decoding=\"async\" loading=\"lazy\" width=\"1024\" height=\"1024\" src=\"http:\/\/www.1010votropticien.com\/blog\/wp-content\/uploads\/2022\/12\/InShot_20221116_184046494-1024x1024.jpg\" alt=\"\" data-id=\"10743\" data-full-url=\"http:\/\/www.1010votropticien.com\/blog\/wp-content\/uploads\/2022\/12\/InShot_20221116_184046494-scaled.jpg\" data-link=\"http:\/\/www.1010votropticien.com\/blog\/lunettes-de-vue\/jimmy-choo\/inshot_20221116_184046494\/\" class=\"wp-image-10743\" srcset=\"http:\/\/www.1010votropticien.com\/blog\/wp-content\/uploads\/2022\/12\/InShot_20221116_184046494-1024x1024.jpg 1024w, http:\/\/www.1010votropticien.com\/blog\/wp-content\/uploads\/2022\/12\/InShot_20221116_184046494-300x300.jpg 300w, http:\/\/www.1010votropticien.com\/blog\/wp-content\/uploads\/2022\/12\/InShot_20221116_184046494-768x768.jpg 768w, http:\/\/www.1010votropticien.com\/blog\/wp-content\/uploads\/2022\/12\/InShot_20221116_184046494-1536x1536.jpg 1536w, http:\/\/www.1010votropticien.com\/blog\/wp-content\/uploads\/2022\/12\/InShot_20221116_184046494-2048x2048.jpg 2048w, http:\/\/www.1010votropticien.com\/blog\/wp-content\/uploads\/2022\/12\/InShot_20221116_184046494-160x160.jpg 160w, http:\/\/www.1010votropticien.com\/blog\/wp-content\/uploads\/2022\/12\/InShot_20221116_184046494-240x240.jpg 240w, http:\/\/www.1010votropticien.com\/blog\/wp-content\/uploads\/2022\/12\/InShot_20221116_184046494-60x60.jpg 60w, http:\/\/www.1010votropticien.com\/blog\/wp-content\/uploads\/2022\/12\/InShot_20221116_184046494-184x184.jpg 184w, http:\/\/www.1010votropticien.com\/blog\/wp-content\/uploads\/2022\/12\/InShot_20221116_184046494-50x50.jpg 50w\" sizes=\"(max-width: 1024px) 100vw, 1024px\" \/><\/figure><\/li><li class=\"blocks-gallery-item\"><figure><img decoding=\"async\" loading=\"lazy\" width=\"1024\" height=\"1024\" src=\"http:\/\/www.1010votropticien.com\/blog\/wp-content\/uploads\/2022\/12\/InShot_20221116_184108250-1024x1024.jpg\" alt=\"\" data-id=\"10744\" data-full-url=\"http:\/\/www.1010votropticien.com\/blog\/wp-content\/uploads\/2022\/12\/InShot_20221116_184108250-scaled.jpg\" data-link=\"http:\/\/www.1010votropticien.com\/blog\/lunettes-de-vue\/jimmy-choo\/inshot_20221116_184108250\/\" class=\"wp-image-10744\" srcset=\"http:\/\/www.1010votropticien.com\/blog\/wp-content\/uploads\/2022\/12\/InShot_20221116_184108250-1024x1024.jpg 1024w, http:\/\/www.1010votropticien.com\/blog\/wp-content\/uploads\/2022\/12\/InShot_20221116_184108250-300x300.jpg 300w, http:\/\/www.1010votropticien.com\/blog\/wp-content\/uploads\/2022\/12\/InShot_20221116_184108250-768x768.jpg 768w, http:\/\/www.1010votropticien.com\/blog\/wp-content\/uploads\/2022\/12\/InShot_20221116_184108250-1536x1536.jpg 1536w, http:\/\/www.1010votropticien.com\/blog\/wp-content\/uploads\/2022\/12\/InShot_20221116_184108250-2048x2048.jpg 2048w, http:\/\/www.1010votropticien.com\/blog\/wp-content\/uploads\/2022\/12\/InShot_20221116_184108250-160x160.jpg 160w, http:\/\/www.1010votropticien.com\/blog\/wp-content\/uploads\/2022\/12\/InShot_20221116_184108250-240x240.jpg 240w, http:\/\/www.1010votropticien.com\/blog\/wp-content\/uploads\/2022\/12\/InShot_20221116_184108250-60x60.jpg 60w, http:\/\/www.1010votropticien.com\/blog\/wp-content\/uploads\/2022\/12\/InShot_20221116_184108250-184x184.jpg 184w, http:\/\/www.1010votropticien.com\/blog\/wp-content\/uploads\/2022\/12\/InShot_20221116_184108250-50x50.jpg 50w\" sizes=\"(max-width: 1024px) 100vw, 1024px\" \/><\/figure><\/li><li class=\"blocks-gallery-item\"><figure><img decoding=\"async\" loading=\"lazy\" width=\"1024\" height=\"1024\" src=\"http:\/\/www.1010votropticien.com\/blog\/wp-content\/uploads\/2022\/12\/InShot_20221116_184126348-1024x1024.jpg\" alt=\"\" data-id=\"10745\" data-full-url=\"http:\/\/www.1010votropticien.com\/blog\/wp-content\/uploads\/2022\/12\/InShot_20221116_184126348-scaled.jpg\" data-link=\"http:\/\/www.1010votropticien.com\/blog\/lunettes-de-vue\/jimmy-choo\/inshot_20221116_184126348\/\" class=\"wp-image-10745\" srcset=\"http:\/\/www.1010votropticien.com\/blog\/wp-content\/uploads\/2022\/12\/InShot_20221116_184126348-1024x1024.jpg 1024w, http:\/\/www.1010votropticien.com\/blog\/wp-content\/uploads\/2022\/12\/InShot_20221116_184126348-300x300.jpg 300w, http:\/\/www.1010votropticien.com\/blog\/wp-content\/uploads\/2022\/12\/InShot_20221116_184126348-768x768.jpg 768w, http:\/\/www.1010votropticien.com\/blog\/wp-content\/uploads\/2022\/12\/InShot_20221116_184126348-1536x1536.jpg 1536w, http:\/\/www.1010votropticien.com\/blog\/wp-content\/uploads\/2022\/12\/InShot_20221116_184126348-2048x2048.jpg 2048w, http:\/\/www.1010votropticien.com\/blog\/wp-content\/uploads\/2022\/12\/InShot_20221116_184126348-160x160.jpg 160w, http:\/\/www.1010votropticien.com\/blog\/wp-content\/uploads\/2022\/12\/InShot_20221116_184126348-240x240.jpg 240w, http:\/\/www.1010votropticien.com\/blog\/wp-content\/uploads\/2022\/12\/InShot_20221116_184126348-60x60.jpg 60w, http:\/\/www.1010votropticien.com\/blog\/wp-content\/uploads\/2022\/12\/InShot_20221116_184126348-184x184.jpg 184w, http:\/\/www.1010votropticien.com\/blog\/wp-content\/uploads\/2022\/12\/InShot_20221116_184126348-50x50.jpg 50w\" sizes=\"(max-width: 1024px) 100vw, 1024px\" \/><\/figure><\/li><li class=\"blocks-gallery-item\"><figure><img decoding=\"async\" loading=\"lazy\" width=\"1024\" height=\"1024\" src=\"http:\/\/www.1010votropticien.com\/blog\/wp-content\/uploads\/2022\/12\/InShot_20221116_184144980-1024x1024.jpg\" alt=\"\" data-id=\"10746\" data-full-url=\"http:\/\/www.1010votropticien.com\/blog\/wp-content\/uploads\/2022\/12\/InShot_20221116_184144980-scaled.jpg\" data-link=\"http:\/\/www.1010votropticien.com\/blog\/lunettes-de-vue\/jimmy-choo\/inshot_20221116_184144980\/\" class=\"wp-image-10746\" srcset=\"http:\/\/www.1010votropticien.com\/blog\/wp-content\/uploads\/2022\/12\/InShot_20221116_184144980-1024x1024.jpg 1024w, http:\/\/www.1010votropticien.com\/blog\/wp-content\/uploads\/2022\/12\/InShot_20221116_184144980-300x300.jpg 300w, http:\/\/www.1010votropticien.com\/blog\/wp-content\/uploads\/2022\/12\/InShot_20221116_184144980-768x768.jpg 768w, http:\/\/www.1010votropticien.com\/blog\/wp-content\/uploads\/2022\/12\/InShot_20221116_184144980-1536x1536.jpg 1536w, http:\/\/www.1010votropticien.com\/blog\/wp-content\/uploads\/2022\/12\/InShot_20221116_184144980-2048x2048.jpg 2048w, http:\/\/www.1010votropticien.com\/blog\/wp-content\/uploads\/2022\/12\/InShot_20221116_184144980-160x160.jpg 160w, http:\/\/www.1010votropticien.com\/blog\/wp-content\/uploads\/2022\/12\/InShot_20221116_184144980-240x240.jpg 240w, http:\/\/www.1010votropticien.com\/blog\/wp-content\/uploads\/2022\/12\/InShot_20221116_184144980-60x60.jpg 60w, http:\/\/www.1010votropticien.com\/blog\/wp-content\/uploads\/2022\/12\/InShot_20221116_184144980-184x184.jpg 184w, http:\/\/www.1010votropticien.com\/blog\/wp-content\/uploads\/2022\/12\/InShot_20221116_184144980-50x50.jpg 50w\" sizes=\"(max-width: 1024px) 100vw, 1024px\" \/><\/figure><\/li><li class=\"blocks-gallery-item\"><figure><img decoding=\"async\" loading=\"lazy\" width=\"1024\" height=\"1024\" src=\"http:\/\/www.1010votropticien.com\/blog\/wp-content\/uploads\/2022\/12\/InShot_20221116_184208259-1024x1024.jpg\" alt=\"\" data-id=\"10747\" data-full-url=\"http:\/\/www.1010votropticien.com\/blog\/wp-content\/uploads\/2022\/12\/InShot_20221116_184208259-scaled.jpg\" data-link=\"http:\/\/www.1010votropticien.com\/blog\/lunettes-de-vue\/jimmy-choo\/inshot_20221116_184208259\/\" class=\"wp-image-10747\" srcset=\"http:\/\/www.1010votropticien.com\/blog\/wp-content\/uploads\/2022\/12\/InShot_20221116_184208259-1024x1024.jpg 1024w, http:\/\/www.1010votropticien.com\/blog\/wp-content\/uploads\/2022\/12\/InShot_20221116_184208259-300x300.jpg 300w, http:\/\/www.1010votropticien.com\/blog\/wp-content\/uploads\/2022\/12\/InShot_20221116_184208259-768x768.jpg 768w, http:\/\/www.1010votropticien.com\/blog\/wp-content\/uploads\/2022\/12\/InShot_20221116_184208259-1536x1536.jpg 1536w, http:\/\/www.1010votropticien.com\/blog\/wp-content\/uploads\/2022\/12\/InShot_20221116_184208259-2048x2048.jpg 2048w, http:\/\/www.1010votropticien.com\/blog\/wp-content\/uploads\/2022\/12\/InShot_20221116_184208259-160x160.jpg 160w, http:\/\/www.1010votropticien.com\/blog\/wp-content\/uploads\/2022\/12\/InShot_20221116_184208259-240x240.jpg 240w, http:\/\/www.1010votropticien.com\/blog\/wp-content\/uploads\/2022\/12\/InShot_20221116_184208259-60x60.jpg 60w, http:\/\/www.1010votropticien.com\/blog\/wp-content\/uploads\/2022\/12\/InShot_20221116_184208259-184x184.jpg 184w, http:\/\/www.1010votropticien.com\/blog\/wp-content\/uploads\/2022\/12\/InShot_20221116_184208259-50x50.jpg 50w\" sizes=\"(max-width: 1024px) 100vw, 1024px\" \/><\/figure><\/li><li class=\"blocks-gallery-item\"><figure><img decoding=\"async\" loading=\"lazy\" width=\"1024\" height=\"1024\" src=\"http:\/\/www.1010votropticien.com\/blog\/wp-content\/uploads\/2022\/12\/InShot_20221116_184224193-1024x1024.jpg\" alt=\"\" data-id=\"10748\" data-full-url=\"http:\/\/www.1010votropticien.com\/blog\/wp-content\/uploads\/2022\/12\/InShot_20221116_184224193-scaled.jpg\" data-link=\"http:\/\/www.1010votropticien.com\/blog\/lunettes-de-vue\/jimmy-choo\/inshot_20221116_184224193\/\" class=\"wp-image-10748\" srcset=\"http:\/\/www.1010votropticien.com\/blog\/wp-content\/uploads\/2022\/12\/InShot_20221116_184224193-1024x1024.jpg 1024w, http:\/\/www.1010votropticien.com\/blog\/wp-content\/uploads\/2022\/12\/InShot_20221116_184224193-300x300.jpg 300w, http:\/\/www.1010votropticien.com\/blog\/wp-content\/uploads\/2022\/12\/InShot_20221116_184224193-768x768.jpg 768w, http:\/\/www.1010votropticien.com\/blog\/wp-content\/uploads\/2022\/12\/InShot_20221116_184224193-1536x1536.jpg 1536w, http:\/\/www.1010votropticien.com\/blog\/wp-content\/uploads\/2022\/12\/InShot_20221116_184224193-2048x2048.jpg 2048w, http:\/\/www.1010votropticien.com\/blog\/wp-content\/uploads\/2022\/12\/InShot_20221116_184224193-160x160.jpg 160w, http:\/\/www.1010votropticien.com\/blog\/wp-content\/uploads\/2022\/12\/InShot_20221116_184224193-240x240.jpg 240w, http:\/\/www.1010votropticien.com\/blog\/wp-content\/uploads\/2022\/12\/InShot_20221116_184224193-60x60.jpg 60w, http:\/\/www.1010votropticien.com\/blog\/wp-content\/uploads\/2022\/12\/InShot_20221116_184224193-184x184.jpg 184w, http:\/\/www.1010votropticien.com\/blog\/wp-content\/uploads\/2022\/12\/InShot_20221116_184224193-50x50.jpg 50w\" sizes=\"(max-width: 1024px) 100vw, 1024px\" \/><\/figure><\/li><li class=\"blocks-gallery-item\"><figure><img decoding=\"async\" loading=\"lazy\" width=\"1024\" height=\"1024\" src=\"http:\/\/www.1010votropticien.com\/blog\/wp-content\/uploads\/2022\/12\/InShot_20221116_184240765-1024x1024.jpg\" alt=\"\" data-id=\"10749\" data-full-url=\"http:\/\/www.1010votropticien.com\/blog\/wp-content\/uploads\/2022\/12\/InShot_20221116_184240765-scaled.jpg\" data-link=\"http:\/\/www.1010votropticien.com\/blog\/lunettes-de-vue\/jimmy-choo\/inshot_20221116_184240765\/\" class=\"wp-image-10749\" srcset=\"http:\/\/www.1010votropticien.com\/blog\/wp-content\/uploads\/2022\/12\/InShot_20221116_184240765-1024x1024.jpg 1024w, http:\/\/www.1010votropticien.com\/blog\/wp-content\/uploads\/2022\/12\/InShot_20221116_184240765-300x300.jpg 300w, http:\/\/www.1010votropticien.com\/blog\/wp-content\/uploads\/2022\/12\/InShot_20221116_184240765-768x768.jpg 768w, http:\/\/www.1010votropticien.com\/blog\/wp-content\/uploads\/2022\/12\/InShot_20221116_184240765-1536x1536.jpg 1536w, http:\/\/www.1010votropticien.com\/blog\/wp-content\/uploads\/2022\/12\/InShot_20221116_184240765-2048x2048.jpg 2048w, http:\/\/www.1010votropticien.com\/blog\/wp-content\/uploads\/2022\/12\/InShot_20221116_184240765-160x160.jpg 160w, http:\/\/www.1010votropticien.com\/blog\/wp-content\/uploads\/2022\/12\/InShot_20221116_184240765-240x240.jpg 240w, http:\/\/www.1010votropticien.com\/blog\/wp-content\/uploads\/2022\/12\/InShot_20221116_184240765-60x60.jpg 60w, http:\/\/www.1010votropticien.com\/blog\/wp-content\/uploads\/2022\/12\/InShot_20221116_184240765-184x184.jpg 184w, http:\/\/www.1010votropticien.com\/blog\/wp-content\/uploads\/2022\/12\/InShot_20221116_184240765-50x50.jpg 50w\" sizes=\"(max-width: 1024px) 100vw, 1024px\" \/><\/figure><\/li><li class=\"blocks-gallery-item\"><figure><img decoding=\"async\" loading=\"lazy\" width=\"1024\" height=\"1024\" src=\"http:\/\/www.1010votropticien.com\/blog\/wp-content\/uploads\/2022\/12\/InShot_20221116_184258274-1024x1024.jpg\" alt=\"\" data-id=\"10750\" data-full-url=\"http:\/\/www.1010votropticien.com\/blog\/wp-content\/uploads\/2022\/12\/InShot_20221116_184258274-scaled.jpg\" data-link=\"http:\/\/www.1010votropticien.com\/blog\/lunettes-de-vue\/jimmy-choo\/inshot_20221116_184258274\/\" class=\"wp-image-10750\" srcset=\"http:\/\/www.1010votropticien.com\/blog\/wp-content\/uploads\/2022\/12\/InShot_20221116_184258274-1024x1024.jpg 1024w, http:\/\/www.1010votropticien.com\/blog\/wp-content\/uploads\/2022\/12\/InShot_20221116_184258274-300x300.jpg 300w, http:\/\/www.1010votropticien.com\/blog\/wp-content\/uploads\/2022\/12\/InShot_20221116_184258274-768x768.jpg 768w, http:\/\/www.1010votropticien.com\/blog\/wp-content\/uploads\/2022\/12\/InShot_20221116_184258274-1536x1536.jpg 1536w, http:\/\/www.1010votropticien.com\/blog\/wp-content\/uploads\/2022\/12\/InShot_20221116_184258274-2048x2048.jpg 2048w, http:\/\/www.1010votropticien.com\/blog\/wp-content\/uploads\/2022\/12\/InShot_20221116_184258274-160x160.jpg 160w, http:\/\/www.1010votropticien.com\/blog\/wp-content\/uploads\/2022\/12\/InShot_20221116_184258274-240x240.jpg 240w, http:\/\/www.1010votropticien.com\/blog\/wp-content\/uploads\/2022\/12\/InShot_20221116_184258274-60x60.jpg 60w, http:\/\/www.1010votropticien.com\/blog\/wp-content\/uploads\/2022\/12\/InShot_20221116_184258274-184x184.jpg 184w, http:\/\/www.1010votropticien.com\/blog\/wp-content\/uploads\/2022\/12\/InShot_20221116_184258274-50x50.jpg 50w\" sizes=\"(max-width: 1024px) 100vw, 1024px\" \/><\/figure><\/li><li class=\"blocks-gallery-item\"><figure><img decoding=\"async\" loading=\"lazy\" width=\"1024\" height=\"1024\" src=\"http:\/\/www.1010votropticien.com\/blog\/wp-content\/uploads\/2022\/12\/InShot_20221116_184317272-1024x1024.jpg\" alt=\"\" data-id=\"10751\" data-full-url=\"http:\/\/www.1010votropticien.com\/blog\/wp-content\/uploads\/2022\/12\/InShot_20221116_184317272-scaled.jpg\" data-link=\"http:\/\/www.1010votropticien.com\/blog\/lunettes-de-vue\/jimmy-choo\/inshot_20221116_184317272\/\" class=\"wp-image-10751\" srcset=\"http:\/\/www.1010votropticien.com\/blog\/wp-content\/uploads\/2022\/12\/InShot_20221116_184317272-1024x1024.jpg 1024w, http:\/\/www.1010votropticien.com\/blog\/wp-content\/uploads\/2022\/12\/InShot_20221116_184317272-300x300.jpg 300w, http:\/\/www.1010votropticien.com\/blog\/wp-content\/uploads\/2022\/12\/InShot_20221116_184317272-768x768.jpg 768w, http:\/\/www.1010votropticien.com\/blog\/wp-content\/uploads\/2022\/12\/InShot_20221116_184317272-1536x1536.jpg 1536w, http:\/\/www.1010votropticien.com\/blog\/wp-content\/uploads\/2022\/12\/InShot_20221116_184317272-2048x2048.jpg 2048w, http:\/\/www.1010votropticien.com\/blog\/wp-content\/uploads\/2022\/12\/InShot_20221116_184317272-160x160.jpg 160w, http:\/\/www.1010votropticien.com\/blog\/wp-content\/uploads\/2022\/12\/InShot_20221116_184317272-240x240.jpg 240w, http:\/\/www.1010votropticien.com\/blog\/wp-content\/uploads\/2022\/12\/InShot_20221116_184317272-60x60.jpg 60w, http:\/\/www.1010votropticien.com\/blog\/wp-content\/uploads\/2022\/12\/InShot_20221116_184317272-184x184.jpg 184w, http:\/\/www.1010votropticien.com\/blog\/wp-content\/uploads\/2022\/12\/InShot_20221116_184317272-50x50.jpg 50w\" sizes=\"(max-width: 1024px) 100vw, 1024px\" \/><\/figure><\/li><\/ul><\/figure>\n\n\n\n<p>Les lunettes Jimmy Choo arrivent &#8230; Voici un aper\u00e7u de la nouvelle collection qui arrive tr\u00e8s vite! <\/p>\n\n\n\n<p>Collection hyper f\u00e9minine avec du gold, du rose-gold, des strass et paillettes..<\/p>\n","protected":false},"excerpt":{"rendered":"<p>Voici un petit aper\u00e7u des mod\u00e8les de la collection Jimmy Choo &#8230; Venez vite en magasin les essayer et d\u00e9couvrir d&rsquo;autres mod\u00e8les! Les lunettes Jimmy Choo arrivent &#8230; Voici un aper\u00e7u de la nouvelle collection qui arrive tr\u00e8s vite! Collection hyper f\u00e9minine avec du gold, du rose-gold, des strass et paillettes..<\/p>\n","protected":false},"author":4,"featured_media":0,"parent":1290,"menu_order":0,"comment_status":"closed","ping_status":"closed","template":"","meta":{"ngg_post_thumbnail":0},"_links":{"self":[{"href":"http:\/\/www.1010votropticien.com\/blog\/wp-json\/wp\/v2\/pages\/8638"}],"collection":[{"href":"http:\/\/www.1010votropticien.com\/blog\/wp-json\/wp\/v2\/pages"}],"about":[{"href":"http:\/\/www.1010votropticien.com\/blog\/wp-json\/wp\/v2\/types\/page"}],"author":[{"embeddable":true,"href":"http:\/\/www.1010votropticien.com\/blog\/wp-json\/wp\/v2\/users\/4"}],"replies":[{"embeddable":true,"href":"http:\/\/www.1010votropticien.com\/blog\/wp-json\/wp\/v2\/comments?post=8638"}],"version-history":[{"count":1,"href":"http:\/\/www.1010votropticien.com\/blog\/wp-json\/wp\/v2\/pages\/8638\/revisions"}],"predecessor-version":[{"id":10752,"href":"http:\/\/www.1010votropticien.com\/blog\/wp-json\/wp\/v2\/pages\/8638\/revisions\/10752"}],"up":[{"embeddable":true,"href":"http:\/\/www.1010votropticien.com\/blog\/wp-json\/wp\/v2\/pages\/1290"}],"wp:attachment":[{"href":"http:\/\/www.1010votropticien.com\/blog\/wp-json\/wp\/v2\/media?parent=8638"}],"curies":[{"name":"wp","href":"https:\/\/api.w.org\/{rel}","templated":true}]}}