{"id":84,"date":"2009-12-12T18:51:34","date_gmt":"2009-12-12T17:51:34","guid":{"rendered":"http:\/\/www.1010votropticien.com\/blog\/?page_id=84"},"modified":"2021-01-07T17:43:34","modified_gmt":"2021-01-07T16:43:34","slug":"collection-paul-a-joe","status":"publish","type":"page","link":"http:\/\/www.1010votropticien.com\/blog\/lunettes-de-vue\/collection-paul-a-joe\/","title":{"rendered":"Paul &#038; Joe"},"content":{"rendered":"<h3>Voici un petit aper\u00e7u des mod\u00e8les de la collection Paul &amp; Joe &#8230; Venez vite en magasin les essayer et d\u00e9couvrir d&rsquo;autres mod\u00e8les!<\/h3>\n<p>&nbsp;<\/p>\n\n\t\t<style type=\"text\/css\">\n\t\t\t#gallery-1 {\n\t\t\t\tmargin: auto;\n\t\t\t}\n\t\t\t#gallery-1 .gallery-item {\n\t\t\t\tfloat: left;\n\t\t\t\tmargin-top: 10px;\n\t\t\t\ttext-align: center;\n\t\t\t\twidth: 33%;\n\t\t\t}\n\t\t\t#gallery-1 img {\n\t\t\t\tborder: 2px solid #cfcfcf;\n\t\t\t}\n\t\t\t#gallery-1 .gallery-caption {\n\t\t\t\tmargin-left: 0;\n\t\t\t}\n\t\t\t\/* see gallery_shortcode() in wp-includes\/media.php *\/\n\t\t<\/style>\n\t\t<div id='gallery-1' class='gallery galleryid-84 gallery-columns-3 gallery-size-thumbnail'><dl class='gallery-item'>\n\t\t\t<dt class='gallery-icon landscape'>\n\t\t\t\t<a href='http:\/\/www.1010votropticien.com\/blog\/lunettes-de-vue\/collection-paul-a-joe\/pauljoe-azure-65-optique1010-faches-thumesnil-17101\/'><img width=\"293\" height=\"200\" src=\"http:\/\/www.1010votropticien.com\/blog\/wp-content\/uploads\/2021\/01\/PAULJOE-AZURE-65-OPTIQUE1010-FACHES-THUMESNIL-17101-293x200.jpg\" class=\"attachment-thumbnail size-thumbnail\" alt=\"PAUL&amp;JOE AZURE 65 OPTIQUE1010 FACHES THUMESNIL 17101\" decoding=\"async\" loading=\"lazy\" aria-describedby=\"gallery-1-9017\" \/><\/a>\n\t\t\t<\/dt>\n\t\t\t\t<dd class='wp-caption-text gallery-caption' id='gallery-1-9017'>\n\t\t\t\tPAUL&#038;JOE AZURE 65 OPTIQUE1010 FACHES THUMESNIL 17101\n\t\t\t\t<\/dd><\/dl><dl class='gallery-item'>\n\t\t\t<dt class='gallery-icon landscape'>\n\t\t\t\t<a href='http:\/\/www.1010votropticien.com\/blog\/lunettes-de-vue\/collection-paul-a-joe\/pauljoe-azure-65-f-optique1010-faches-thumesnil-17101\/'><img width=\"293\" height=\"200\" src=\"http:\/\/www.1010votropticien.com\/blog\/wp-content\/uploads\/2021\/01\/PAULJOE-AZURE-65-F-OPTIQUE1010-FACHES-THUMESNIL-17101-293x200.jpg\" class=\"attachment-thumbnail size-thumbnail\" alt=\"PAUL&amp;JOE AZURE 65-F OPTIQUE1010 FACHES THUMESNIL 17101\" decoding=\"async\" loading=\"lazy\" aria-describedby=\"gallery-1-9019\" \/><\/a>\n\t\t\t<\/dt>\n\t\t\t\t<dd class='wp-caption-text gallery-caption' id='gallery-1-9019'>\n\t\t\t\tPAUL&#038;JOE AZURE 65-F OPTIQUE1010 FACHES THUMESNIL 17101\n\t\t\t\t<\/dd><\/dl><dl class='gallery-item'>\n\t\t\t<dt class='gallery-icon landscape'>\n\t\t\t\t<a href='http:\/\/www.1010votropticien.com\/blog\/lunettes-de-vue\/collection-paul-a-joe\/pauljoe-bengali-29-optique1010-faches-thumesnil-17241\/'><img width=\"293\" height=\"200\" src=\"http:\/\/www.1010votropticien.com\/blog\/wp-content\/uploads\/2021\/01\/PAULJOE-BENGALI-29-OPTIQUE1010-FACHES-THUMESNIL-17241-293x200.jpg\" class=\"attachment-thumbnail size-thumbnail\" alt=\"PAUL&amp;JOE BENGALI 29 OPTIQUE1010 FACHES THUMESNIL 17241\" decoding=\"async\" loading=\"lazy\" aria-describedby=\"gallery-1-9020\" \/><\/a>\n\t\t\t<\/dt>\n\t\t\t\t<dd class='wp-caption-text gallery-caption' id='gallery-1-9020'>\n\t\t\t\tPAUL&#038;JOE BENGALI 29 OPTIQUE1010 FACHES THUMESNIL 17241\n\t\t\t\t<\/dd><\/dl><br style=\"clear: both\" \/><dl class='gallery-item'>\n\t\t\t<dt class='gallery-icon landscape'>\n\t\t\t\t<a href='http:\/\/www.1010votropticien.com\/blog\/lunettes-de-vue\/collection-paul-a-joe\/pauljoe-clematis-41-optique1010-faches-thumesnil-14122\/'><img width=\"293\" height=\"200\" src=\"http:\/\/www.1010votropticien.com\/blog\/wp-content\/uploads\/2021\/01\/PAULJOE-CLEMATIS-41-OPTIQUE1010-FACHES-THUMESNIL-14122-293x200.jpg\" class=\"attachment-thumbnail size-thumbnail\" alt=\"PAUL&amp;JOE CLEMATIS 41 OPTIQUE1010 FACHES THUMESNIL 14122\" decoding=\"async\" loading=\"lazy\" aria-describedby=\"gallery-1-9021\" \/><\/a>\n\t\t\t<\/dt>\n\t\t\t\t<dd class='wp-caption-text gallery-caption' id='gallery-1-9021'>\n\t\t\t\tPAUL&#038;JOE CLEMATIS 41 OPTIQUE1010 FACHES THUMESNIL 14122\n\t\t\t\t<\/dd><\/dl><dl class='gallery-item'>\n\t\t\t<dt class='gallery-icon landscape'>\n\t\t\t\t<a href='http:\/\/www.1010votropticien.com\/blog\/lunettes-de-vue\/collection-paul-a-joe\/pauljoe-daisy-31-optique1010-faches-thumesnil-17546\/'><img width=\"293\" height=\"200\" src=\"http:\/\/www.1010votropticien.com\/blog\/wp-content\/uploads\/2021\/01\/PAULJOE-DAISY-31-OPTIQUE1010-FACHES-THUMESNIL-17546-293x200.jpg\" class=\"attachment-thumbnail size-thumbnail\" alt=\"PAUL&amp;JOE DAISY 31 OPTIQUE1010 FACHES THUMESNIL 17546\" decoding=\"async\" loading=\"lazy\" aria-describedby=\"gallery-1-9022\" \/><\/a>\n\t\t\t<\/dt>\n\t\t\t\t<dd class='wp-caption-text gallery-caption' id='gallery-1-9022'>\n\t\t\t\tPAUL&#038;JOE DAISY 31 OPTIQUE1010 FACHES THUMESNIL 17546\n\t\t\t\t<\/dd><\/dl><dl class='gallery-item'>\n\t\t\t<dt class='gallery-icon landscape'>\n\t\t\t\t<a href='http:\/\/www.1010votropticien.com\/blog\/lunettes-de-vue\/collection-paul-a-joe\/pauljoe-kaal-32-optique1010-faches-thumesnil-16270\/'><img width=\"293\" height=\"200\" src=\"http:\/\/www.1010votropticien.com\/blog\/wp-content\/uploads\/2021\/01\/PAULJOE-KAAL-32-OPTIQUE1010-FACHES-THUMESNIL-16270-293x200.jpg\" class=\"attachment-thumbnail size-thumbnail\" alt=\"PAUL&amp;JOE KAAL 32 OPTIQUE1010 FACHES THUMESNIL 16270\" decoding=\"async\" loading=\"lazy\" aria-describedby=\"gallery-1-9023\" \/><\/a>\n\t\t\t<\/dt>\n\t\t\t\t<dd class='wp-caption-text gallery-caption' id='gallery-1-9023'>\n\t\t\t\tPAUL&#038;JOE KAAL 32 OPTIQUE1010 FACHES THUMESNIL 16270\n\t\t\t\t<\/dd><\/dl><br style=\"clear: both\" \/><dl class='gallery-item'>\n\t\t\t<dt class='gallery-icon landscape'>\n\t\t\t\t<a href='http:\/\/www.1010votropticien.com\/blog\/lunettes-de-vue\/collection-paul-a-joe\/pauljoe-rosy-21-optique1010-faches-thumesnil-17547\/'><img width=\"293\" height=\"200\" src=\"http:\/\/www.1010votropticien.com\/blog\/wp-content\/uploads\/2021\/01\/PAULJOE-ROSY-21-OPTIQUE1010-FACHES-THUMESNIL-17547-293x200.jpg\" class=\"attachment-thumbnail size-thumbnail\" alt=\"PAUL&amp;JOE ROSY 21 OPTIQUE1010 FACHES THUMESNIL 17547\" decoding=\"async\" loading=\"lazy\" aria-describedby=\"gallery-1-9024\" \/><\/a>\n\t\t\t<\/dt>\n\t\t\t\t<dd class='wp-caption-text gallery-caption' id='gallery-1-9024'>\n\t\t\t\tPAUL&#038;JOE ROSY 21 OPTIQUE1010 FACHES THUMESNIL 17547\n\t\t\t\t<\/dd><\/dl><dl class='gallery-item'>\n\t\t\t<dt class='gallery-icon landscape'>\n\t\t\t\t<a href='http:\/\/www.1010votropticien.com\/blog\/lunettes-de-vue\/collection-paul-a-joe\/pauljoe-rosy-21-f-optique1010-faches-thumesnil-17547\/'><img width=\"293\" height=\"200\" src=\"http:\/\/www.1010votropticien.com\/blog\/wp-content\/uploads\/2021\/01\/PAULJOE-ROSY-21-F-OPTIQUE1010-FACHES-THUMESNIL-17547-293x200.jpg\" class=\"attachment-thumbnail size-thumbnail\" alt=\"PAUL&amp;JOE ROSY 21-F OPTIQUE1010 FACHES THUMESNIL 17547\" decoding=\"async\" loading=\"lazy\" aria-describedby=\"gallery-1-9025\" \/><\/a>\n\t\t\t<\/dt>\n\t\t\t\t<dd class='wp-caption-text gallery-caption' id='gallery-1-9025'>\n\t\t\t\tPAUL&#038;JOE ROSY 21-F OPTIQUE1010 FACHES THUMESNIL 17547\n\t\t\t\t<\/dd><\/dl>\n\t\t\t<br style='clear: both' \/>\n\t\t<\/div>\n\n<h4>La premi\u00e8re ligne <span style=\"color: #ff0000;\">eyewear Paul &amp; Joe<\/span> compte 27 mod\u00e8les<span style=\"color: #ff0000;\"> optique<\/span> et autant de <span style=\"color: #ff0000;\">solaires<\/span>. Dans l&rsquo;air du temps, ils affichent un <span style=\"color: #ff0000;\">design fashion<\/span>, <span style=\"color: #ff0000;\">sign\u00e9s<\/span> discr\u00e8tement par des <span style=\"color: #ff0000;\">d\u00e9tails int\u00e9rieurs<\/span>, en ad\u00e9quation avec la <span style=\"color: #ff0000;\">griffe<\/span> cr\u00e9\u00e9e il y a 13 ans. Cette collection cible essentiellement les <span style=\"color: #ff0000;\">citadins<\/span> s\u00e9duits par le <span style=\"color: #ff0000;\">haut de gamme anticonformiste<\/span>, les <span style=\"color: #ff0000;\">femmes<\/span> comme les <span style=\"color: #ff0000;\">hommes<\/span>.<\/h4>\n<p>&nbsp;<\/p>\n<p>&nbsp;<\/p>\n<p>&nbsp;<\/p>\n","protected":false},"excerpt":{"rendered":"<p>Voici un petit aper\u00e7u des mod\u00e8les de la collection Paul &amp; Joe &#8230; Venez vite en magasin les essayer et d\u00e9couvrir d&rsquo;autres mod\u00e8les! &nbsp; La premi\u00e8re ligne eyewear Paul &amp; Joe compte 27 mod\u00e8les optique et autant de solaires. Dans l&rsquo;air du temps, ils affichent un design fashion, sign\u00e9s discr\u00e8tement par des d\u00e9tails int\u00e9rieurs, en [&hellip;]<\/p>\n","protected":false},"author":1,"featured_media":0,"parent":1290,"menu_order":22,"comment_status":"open","ping_status":"closed","template":"","meta":{"ngg_post_thumbnail":0},"_links":{"self":[{"href":"http:\/\/www.1010votropticien.com\/blog\/wp-json\/wp\/v2\/pages\/84"}],"collection":[{"href":"http:\/\/www.1010votropticien.com\/blog\/wp-json\/wp\/v2\/pages"}],"about":[{"href":"http:\/\/www.1010votropticien.com\/blog\/wp-json\/wp\/v2\/types\/page"}],"author":[{"embeddable":true,"href":"http:\/\/www.1010votropticien.com\/blog\/wp-json\/wp\/v2\/users\/1"}],"replies":[{"embeddable":true,"href":"http:\/\/www.1010votropticien.com\/blog\/wp-json\/wp\/v2\/comments?post=84"}],"version-history":[{"count":1,"href":"http:\/\/www.1010votropticien.com\/blog\/wp-json\/wp\/v2\/pages\/84\/revisions"}],"predecessor-version":[{"id":9026,"href":"http:\/\/www.1010votropticien.com\/blog\/wp-json\/wp\/v2\/pages\/84\/revisions\/9026"}],"up":[{"embeddable":true,"href":"http:\/\/www.1010votropticien.com\/blog\/wp-json\/wp\/v2\/pages\/1290"}],"wp:attachment":[{"href":"http:\/\/www.1010votropticien.com\/blog\/wp-json\/wp\/v2\/media?parent=84"}],"curies":[{"name":"wp","href":"https:\/\/api.w.org\/{rel}","templated":true}]}}