{"id":82,"date":"2009-11-21T15:02:42","date_gmt":"2009-11-21T14:02:42","guid":{"rendered":"http:\/\/www.1010votropticien.com\/blog\/?page_id=82"},"modified":"2022-12-02T17:24:06","modified_gmt":"2022-12-02T16:24:06","slug":"collection-ray-ban","status":"publish","type":"page","link":"http:\/\/www.1010votropticien.com\/blog\/lunettes-de-vue\/collection-ray-ban\/","title":{"rendered":"Ray-Ban"},"content":{"rendered":"\n<div class=\"wp-block-columns is-layout-flex wp-container-2\">\n<div class=\"wp-block-column is-layout-flow\" style=\"flex-basis:100%\">\n<h3 style=\"text-align: justify;\">Voici un petit aper\u00e7u des mod\u00e8les de la collection Ray-Ban &#8230; Venez vite en magasin les essayer et d\u00e9couvrir d&rsquo;autres mod\u00e8les!<\/h3>\n\n\t\t<style type=\"text\/css\">\n\t\t\t#gallery-1 {\n\t\t\t\tmargin: auto;\n\t\t\t}\n\t\t\t#gallery-1 .gallery-item {\n\t\t\t\tfloat: left;\n\t\t\t\tmargin-top: 10px;\n\t\t\t\ttext-align: center;\n\t\t\t\twidth: 33%;\n\t\t\t}\n\t\t\t#gallery-1 img {\n\t\t\t\tborder: 2px solid #cfcfcf;\n\t\t\t}\n\t\t\t#gallery-1 .gallery-caption {\n\t\t\t\tmargin-left: 0;\n\t\t\t}\n\t\t\t\/* see gallery_shortcode() in wp-includes\/media.php *\/\n\t\t<\/style>\n\t\t<div id='gallery-1' class='gallery galleryid-82 gallery-columns-3 gallery-size-thumbnail'><dl class='gallery-item'>\n\t\t\t<dt class='gallery-icon landscape'>\n\t\t\t\t<a href='http:\/\/www.1010votropticien.com\/blog\/lunettes-de-vue\/collection-ray-ban\/ray-ban-rx8901-faches-thumesnil-ref-20036\/'><img width=\"293\" height=\"200\" src=\"http:\/\/www.1010votropticien.com\/blog\/wp-content\/uploads\/2022\/12\/Ray-Ban-RX8901-FACHES-THUMESNIL-Ref-20036-293x200.jpg\" class=\"attachment-thumbnail size-thumbnail\" alt=\"\" decoding=\"async\" loading=\"lazy\" \/><\/a>\n\t\t\t<\/dt><\/dl><dl class='gallery-item'>\n\t\t\t<dt class='gallery-icon landscape'>\n\t\t\t\t<a href='http:\/\/www.1010votropticien.com\/blog\/lunettes-de-vue\/collection-ray-ban\/ray-ban-rx6465-optique1010-faches-thumesnil-ref-20033\/'><img width=\"293\" height=\"200\" src=\"http:\/\/www.1010votropticien.com\/blog\/wp-content\/uploads\/2022\/12\/Ray-Ban-RX6465-OPTIQUE1010-FACHES-THUMESNIL-Ref-20033-293x200.jpg\" class=\"attachment-thumbnail size-thumbnail\" alt=\"\" decoding=\"async\" loading=\"lazy\" \/><\/a>\n\t\t\t<\/dt><\/dl><dl class='gallery-item'>\n\t\t\t<dt class='gallery-icon landscape'>\n\t\t\t\t<a href='http:\/\/www.1010votropticien.com\/blog\/lunettes-de-vue\/collection-ray-ban\/ray-ban-rx6375-optique1010-faches-thumesnil-ref-20041\/'><img width=\"293\" height=\"200\" src=\"http:\/\/www.1010votropticien.com\/blog\/wp-content\/uploads\/2022\/12\/Ray-Ban-RX6375-OPTIQUE1010-FACHES-THUMESNIL-Ref-20041-293x200.jpg\" class=\"attachment-thumbnail size-thumbnail\" alt=\"\" decoding=\"async\" loading=\"lazy\" \/><\/a>\n\t\t\t<\/dt><\/dl><br style=\"clear: both\" \/><dl class='gallery-item'>\n\t\t\t<dt class='gallery-icon landscape'>\n\t\t\t\t<a href='http:\/\/www.1010votropticien.com\/blog\/lunettes-de-vue\/collection-ray-ban\/ray-ban-rx5406-optique1010-faches-thumesnil-ref-20035\/'><img width=\"293\" height=\"200\" src=\"http:\/\/www.1010votropticien.com\/blog\/wp-content\/uploads\/2022\/12\/Ray-Ban-RX5406-OPTIQUE1010-FACHES-THUMESNIL-Ref-20035-293x200.jpg\" class=\"attachment-thumbnail size-thumbnail\" alt=\"\" decoding=\"async\" loading=\"lazy\" \/><\/a>\n\t\t\t<\/dt><\/dl><dl class='gallery-item'>\n\t\t\t<dt class='gallery-icon landscape'>\n\t\t\t\t<a href='http:\/\/www.1010votropticien.com\/blog\/lunettes-de-vue\/collection-ray-ban\/ray-ban-rx5397-optique1010-faches-thumesnil-ref-20037\/'><img width=\"293\" height=\"200\" src=\"http:\/\/www.1010votropticien.com\/blog\/wp-content\/uploads\/2022\/12\/Ray-Ban-RX5397-OPTIQUE1010-FACHES-THUMESNIL-Ref-20037-293x200.jpg\" class=\"attachment-thumbnail size-thumbnail\" alt=\"\" decoding=\"async\" loading=\"lazy\" \/><\/a>\n\t\t\t<\/dt><\/dl><dl class='gallery-item'>\n\t\t\t<dt class='gallery-icon landscape'>\n\t\t\t\t<a href='http:\/\/www.1010votropticien.com\/blog\/lunettes-de-vue\/collection-ray-ban\/ray-ban-rx5393-optique1010-faches-thumesnil-ref-20038\/'><img width=\"293\" height=\"200\" src=\"http:\/\/www.1010votropticien.com\/blog\/wp-content\/uploads\/2022\/12\/Ray-Ban-RX5393-OPTIQUE1010-FACHES-THUMESNIL-Ref-20038-293x200.jpg\" class=\"attachment-thumbnail size-thumbnail\" alt=\"\" decoding=\"async\" loading=\"lazy\" \/><\/a>\n\t\t\t<\/dt><\/dl><br style=\"clear: both\" \/><dl class='gallery-item'>\n\t\t\t<dt class='gallery-icon landscape'>\n\t\t\t\t<a href='http:\/\/www.1010votropticien.com\/blog\/lunettes-de-vue\/collection-ray-ban\/ray-ban-rx5388-optique1010-faches-thumesnil-ref-20034\/'><img width=\"293\" height=\"200\" src=\"http:\/\/www.1010votropticien.com\/blog\/wp-content\/uploads\/2022\/12\/Ray-Ban-RX5388-OPTIQUE1010-FACHES-THUMESNIL-Ref-20034-293x200.jpg\" class=\"attachment-thumbnail size-thumbnail\" alt=\"\" decoding=\"async\" loading=\"lazy\" \/><\/a>\n\t\t\t<\/dt><\/dl><dl class='gallery-item'>\n\t\t\t<dt class='gallery-icon landscape'>\n\t\t\t\t<a href='http:\/\/www.1010votropticien.com\/blog\/lunettes-de-vue\/collection-ray-ban\/ray-ban-rx3637v-optique1010-faches-thumesnil-ref-20047\/'><img width=\"293\" height=\"200\" src=\"http:\/\/www.1010votropticien.com\/blog\/wp-content\/uploads\/2022\/12\/Ray-Ban-RX3637V-OPTIQUE1010-FACHES-THUMESNIL-Ref-20047-293x200.jpg\" class=\"attachment-thumbnail size-thumbnail\" alt=\"\" decoding=\"async\" loading=\"lazy\" \/><\/a>\n\t\t\t<\/dt><\/dl><dl class='gallery-item'>\n\t\t\t<dt class='gallery-icon landscape'>\n\t\t\t\t<a href='http:\/\/www.1010votropticien.com\/blog\/lunettes-de-vue\/collection-ray-ban\/ray-ban-rx3625v-optique1010-faches-thumesnil-ref-20046\/'><img width=\"293\" height=\"200\" src=\"http:\/\/www.1010votropticien.com\/blog\/wp-content\/uploads\/2022\/12\/Ray-Ban-RX3625V-OPTIQUE1010-FACHES-THUMESNIL-Ref-20046-293x200.jpg\" class=\"attachment-thumbnail size-thumbnail\" alt=\"\" decoding=\"async\" loading=\"lazy\" \/><\/a>\n\t\t\t<\/dt><\/dl><br style=\"clear: both\" \/>\n\t\t<\/div>\n\n<h4>&nbsp;<\/h4>\n<p>&nbsp;<\/p>\n<p>&nbsp;<\/p>\n<p>&nbsp;<\/p>\n<p>&nbsp;<\/p>\n<p>&nbsp;<\/p>\n<p>&nbsp;<\/p>\n<p>&nbsp;<\/p>\n<p>&nbsp;<\/p>\n<p>&nbsp;<\/p>\n<p>&nbsp;<\/p>\n<p>&nbsp;<\/p>\n<p>&nbsp;<\/p>\n<p>&nbsp;<\/p>\n<p>&nbsp;<\/p>\n<p>&nbsp;<\/p>\n<p>&nbsp;<\/p>\n<p>&nbsp;<\/p>\n<p>&nbsp;<\/p>\n<p>&nbsp;<\/p>\n<p>&nbsp;<\/p>\n<p>&nbsp;<\/p>\n<p>&nbsp;<\/p>\n<p>&nbsp;<\/p>\n<p>&nbsp;<\/p>\n<p>&nbsp;<\/p>\n<h4>&nbsp;<\/h4>\n<h4>&nbsp;<\/h4>\n<h4>&nbsp;<\/h4>\n<h4>Depuis 1937, les montures<span style=\"color: #ff0000;\"> Ray-Ban<\/span> ont gard\u00e9 leur style<span style=\"color: #ff0000;\"> intemporel<\/span>,<span style=\"color: #ff0000;\"> classiques<\/span>, <span style=\"color: #ff0000;\">sobres<\/span>, <span style=\"color: #ff0000;\">color\u00e9es<\/span>, pour les<span style=\"color: #ff0000;\"> femmes<\/span> et les <span style=\"color: #ff0000;\">hommes<\/span>&#8230;<span style=\"color: #ff0000;\">fashion<\/span>&#8230;les lunettes Ray-Ban sont destin\u00e9es \u00e0 celles et ceux qui souhaitent garder les yeux grands ouverts sur le monde, le pied au plancher et les cheveux au vent.<\/h4>\n<p>&nbsp;<\/p>\n<h5>&nbsp;<\/h5>\n<p><!--more--><\/p>\n<\/div>\n<\/div>\n","protected":false},"excerpt":{"rendered":"<p>Voici un petit aper\u00e7u des mod\u00e8les de la collection Ray-Ban &#8230; Venez vite en magasin les essayer et d\u00e9couvrir d&rsquo;autres mod\u00e8les! &nbsp; &nbsp; &nbsp; &nbsp; &nbsp; &nbsp; &nbsp; &nbsp; &nbsp; &nbsp; &nbsp; &nbsp; &nbsp; &nbsp; &nbsp; &nbsp; &nbsp; &nbsp; &nbsp; &nbsp; &nbsp; &nbsp; &nbsp; &nbsp; &nbsp; &nbsp; &nbsp; &nbsp; &nbsp; Depuis 1937, les montures Ray-Ban [&hellip;]<\/p>\n","protected":false},"author":1,"featured_media":0,"parent":1290,"menu_order":24,"comment_status":"closed","ping_status":"closed","template":"","meta":{"ngg_post_thumbnail":0},"_links":{"self":[{"href":"http:\/\/www.1010votropticien.com\/blog\/wp-json\/wp\/v2\/pages\/82"}],"collection":[{"href":"http:\/\/www.1010votropticien.com\/blog\/wp-json\/wp\/v2\/pages"}],"about":[{"href":"http:\/\/www.1010votropticien.com\/blog\/wp-json\/wp\/v2\/types\/page"}],"author":[{"embeddable":true,"href":"http:\/\/www.1010votropticien.com\/blog\/wp-json\/wp\/v2\/users\/1"}],"replies":[{"embeddable":true,"href":"http:\/\/www.1010votropticien.com\/blog\/wp-json\/wp\/v2\/comments?post=82"}],"version-history":[{"count":1,"href":"http:\/\/www.1010votropticien.com\/blog\/wp-json\/wp\/v2\/pages\/82\/revisions"}],"predecessor-version":[{"id":10728,"href":"http:\/\/www.1010votropticien.com\/blog\/wp-json\/wp\/v2\/pages\/82\/revisions\/10728"}],"up":[{"embeddable":true,"href":"http:\/\/www.1010votropticien.com\/blog\/wp-json\/wp\/v2\/pages\/1290"}],"wp:attachment":[{"href":"http:\/\/www.1010votropticien.com\/blog\/wp-json\/wp\/v2\/media?parent=82"}],"curies":[{"name":"wp","href":"https:\/\/api.w.org\/{rel}","templated":true}]}}