{"id":8009,"date":"2018-11-17T17:18:31","date_gmt":"2018-11-17T16:18:31","guid":{"rendered":"http:\/\/www.1010votropticien.com\/blog\/?page_id=8009"},"modified":"2021-01-09T08:00:16","modified_gmt":"2021-01-09T07:00:16","slug":"zadig-et-voltaire-junior","status":"publish","type":"page","link":"http:\/\/www.1010votropticien.com\/blog\/zadig-et-voltaire-junior\/","title":{"rendered":"Zadig et Voltaire Junior"},"content":{"rendered":"<p>&nbsp;<\/p>\n<h3>Voici un petit aper\u00e7u des mod\u00e8les de la collection <span style=\"color: #ff0000;\">Zadig et Voltaire<\/span> &#8230; Venez vite en magasin les essayer et d\u00e9couvrir d&rsquo;autres mod\u00e8les!<\/h3>\n\n\t\t<style type=\"text\/css\">\n\t\t\t#gallery-1 {\n\t\t\t\tmargin: auto;\n\t\t\t}\n\t\t\t#gallery-1 .gallery-item {\n\t\t\t\tfloat: left;\n\t\t\t\tmargin-top: 10px;\n\t\t\t\ttext-align: center;\n\t\t\t\twidth: 33%;\n\t\t\t}\n\t\t\t#gallery-1 img {\n\t\t\t\tborder: 2px solid #cfcfcf;\n\t\t\t}\n\t\t\t#gallery-1 .gallery-caption {\n\t\t\t\tmargin-left: 0;\n\t\t\t}\n\t\t\t\/* see gallery_shortcode() in wp-includes\/media.php *\/\n\t\t<\/style>\n\t\t<div id='gallery-1' class='gallery galleryid-8009 gallery-columns-3 gallery-size-thumbnail'><dl class='gallery-item'>\n\t\t\t<dt class='gallery-icon landscape'>\n\t\t\t\t<a href='http:\/\/www.1010votropticien.com\/blog\/zadig-et-voltaire-junior\/zadig-voltaire-vzj005-optique1010-faches-thumesnil-ref-13818\/'><img width=\"293\" height=\"200\" src=\"http:\/\/www.1010votropticien.com\/blog\/wp-content\/uploads\/2021\/01\/Zadig-Voltaire-VZJ005-OPTIQUE1010-FACHES-THUMESNIL-R\u00e9f-13818-293x200.jpg\" class=\"attachment-thumbnail size-thumbnail\" alt=\"Zadig &amp; Voltaire VZJ005 OPTIQUE1010 FACHES THUMESNIL R\u00e9f 13818\" decoding=\"async\" loading=\"lazy\" aria-describedby=\"gallery-1-9250\" \/><\/a>\n\t\t\t<\/dt>\n\t\t\t\t<dd class='wp-caption-text gallery-caption' id='gallery-1-9250'>\n\t\t\t\tZadig &#038; Voltaire VZJ005 OPTIQUE1010 FACHES THUMESNIL R\u00e9f 13818\n\t\t\t\t<\/dd><\/dl><dl class='gallery-item'>\n\t\t\t<dt class='gallery-icon landscape'>\n\t\t\t\t<a href='http:\/\/www.1010votropticien.com\/blog\/zadig-et-voltaire-junior\/zadig-voltaire-vzj005-v-optique1010-faches-thumesnil-ref-13818\/'><img width=\"293\" height=\"200\" src=\"http:\/\/www.1010votropticien.com\/blog\/wp-content\/uploads\/2021\/01\/Zadig-Voltaire-VZJ005-V-OPTIQUE1010-FACHES-THUMESNIL-R\u00e9f-13818-293x200.jpg\" class=\"attachment-thumbnail size-thumbnail\" alt=\"Zadig &amp; Voltaire VZJ005 V OPTIQUE1010 FACHES THUMESNIL R\u00e9f 13818\" decoding=\"async\" loading=\"lazy\" aria-describedby=\"gallery-1-9251\" \/><\/a>\n\t\t\t<\/dt>\n\t\t\t\t<dd class='wp-caption-text gallery-caption' id='gallery-1-9251'>\n\t\t\t\tZadig &#038; Voltaire VZJ005 V OPTIQUE1010 FACHES THUMESNIL R\u00e9f 13818\n\t\t\t\t<\/dd><\/dl><dl class='gallery-item'>\n\t\t\t<dt class='gallery-icon landscape'>\n\t\t\t\t<a href='http:\/\/www.1010votropticien.com\/blog\/zadig-et-voltaire-junior\/zadig-voltaire-vzj024-optique1010-faches-thumesnil-ref-16824\/'><img width=\"293\" height=\"200\" src=\"http:\/\/www.1010votropticien.com\/blog\/wp-content\/uploads\/2021\/01\/Zadig-Voltaire-VZJ024-OPTIQUE1010-FACHES-THUMESNIL-R\u00e9f-16824-293x200.jpg\" class=\"attachment-thumbnail size-thumbnail\" alt=\"Zadig &amp; Voltaire VZJ024 OPTIQUE1010 FACHES THUMESNIL R\u00e9f 16824\" decoding=\"async\" loading=\"lazy\" aria-describedby=\"gallery-1-9252\" \/><\/a>\n\t\t\t<\/dt>\n\t\t\t\t<dd class='wp-caption-text gallery-caption' id='gallery-1-9252'>\n\t\t\t\tZadig &#038; Voltaire VZJ024 OPTIQUE1010 FACHES THUMESNIL R\u00e9f 16824\n\t\t\t\t<\/dd><\/dl><br style=\"clear: both\" \/><dl class='gallery-item'>\n\t\t\t<dt class='gallery-icon landscape'>\n\t\t\t\t<a href='http:\/\/www.1010votropticien.com\/blog\/zadig-et-voltaire-junior\/zadig-voltaire-vzj024-v-optique1010-faches-thumesnil-ref-16824\/'><img width=\"293\" height=\"200\" src=\"http:\/\/www.1010votropticien.com\/blog\/wp-content\/uploads\/2021\/01\/Zadig-Voltaire-VZJ024-V-OPTIQUE1010-FACHES-THUMESNIL-R\u00e9f-16824-293x200.jpg\" class=\"attachment-thumbnail size-thumbnail\" alt=\"Zadig &amp; Voltaire VZJ024 V OPTIQUE1010 FACHES THUMESNIL R\u00e9f 16824\" decoding=\"async\" loading=\"lazy\" aria-describedby=\"gallery-1-9253\" \/><\/a>\n\t\t\t<\/dt>\n\t\t\t\t<dd class='wp-caption-text gallery-caption' id='gallery-1-9253'>\n\t\t\t\tZadig &#038; Voltaire VZJ024 V OPTIQUE1010 FACHES THUMESNIL R\u00e9f 16824\n\t\t\t\t<\/dd><\/dl><dl class='gallery-item'>\n\t\t\t<dt class='gallery-icon landscape'>\n\t\t\t\t<a href='http:\/\/www.1010votropticien.com\/blog\/zadig-et-voltaire-junior\/zadig-voltaire-vzj024-v-optique1010-faches-thumesnil-ref-16824-2\/'><img width=\"293\" height=\"200\" src=\"http:\/\/www.1010votropticien.com\/blog\/wp-content\/uploads\/2021\/01\/Zadig-Voltaire-VZJ024-V-OPTIQUE1010-FACHES-THUMESNIL-R\u00e9f-16824-1-293x200.jpg\" class=\"attachment-thumbnail size-thumbnail\" alt=\"Zadig &amp; Voltaire VZJ024-V OPTIQUE1010 FACHES THUMESNIL R\u00e9f 16824\" decoding=\"async\" loading=\"lazy\" aria-describedby=\"gallery-1-9254\" \/><\/a>\n\t\t\t<\/dt>\n\t\t\t\t<dd class='wp-caption-text gallery-caption' id='gallery-1-9254'>\n\t\t\t\tZadig &#038; Voltaire VZJ024-V OPTIQUE1010 FACHES THUMESNIL R\u00e9f 16824\n\t\t\t\t<\/dd><\/dl>\n\t\t\t<br style='clear: both' \/>\n\t\t<\/div>\n\n<h4>Des montures adapt\u00e9es aux <span style=\"color: #ff0000;\">petits visages<\/span>, semblables aux montures adultes \u00e0 coup s\u00fbr!<\/h4>\n<h4><span style=\"color: #ff0000;\">Zadig et Voltaire<\/span>, la c\u00e9l\u00e8bre marque de <span style=\"color: #ff0000;\">pr\u00eat \u00e0 porter<\/span> dont le nom est tir\u00e9 du roman \u00ab\u00a0Zadig ou la destin\u00e9e\u00a0\u00bb de Voltaire vous pr\u00e9sente sa nouvelle collection qui conserve ses <span style=\"color: #ff0000;\">\u00e9l\u00e9ments signature<\/span>: la <span style=\"color: #ff0000;\">t\u00eate de mort<\/span> et l&rsquo;<span style=\"color: #ff0000;\">ange<\/span>.<\/h4>\n<h4><span style=\"color: #ff0000;\">Rac\u00e9<\/span> et <span style=\"color: #ff0000;\">moderne<\/span>, le <span style=\"color: #ff0000;\">design<\/span> des nouvelles lunettes Zadig&amp;Voltaire incarne pleinement l\u2019<span style=\"color: #ff0000;\">urban style<\/span> de la marque, dont la <span style=\"color: #ff0000;\">philosophie \u201crock at heart\u201d<\/span> a acquis une <span style=\"color: #ff0000;\">r\u00e9putation<\/span> internationale.<\/h4>\n<h4><span style=\"color: #ff0000;\">Design sophistiqu\u00e9<\/span> et <span style=\"color: #ff0000;\">d\u00e9tails soign\u00e9s<\/span> sont donc au programme de ces montures en <span style=\"color: #ff0000;\">ac\u00e9tate et m\u00e9tal<\/span>, destin\u00e9es aux <span style=\"color: #ff0000;\">femmes et aux hommes \u00e0 forte personnalit\u00e9.<\/span><\/h4>\n<h5>&nbsp;<\/h5>\n<p>&nbsp;<\/p>\n","protected":false},"excerpt":{"rendered":"<p>&nbsp; Voici un petit aper\u00e7u des mod\u00e8les de la collection Zadig et Voltaire &#8230; Venez vite en magasin les essayer et d\u00e9couvrir d&rsquo;autres mod\u00e8les! Des montures adapt\u00e9es aux petits visages, semblables aux montures adultes \u00e0 coup s\u00fbr! Zadig et Voltaire, la c\u00e9l\u00e8bre marque de pr\u00eat \u00e0 porter dont le nom est tir\u00e9 du roman \u00ab\u00a0Zadig [&hellip;]<\/p>\n","protected":false},"author":4,"featured_media":0,"parent":0,"menu_order":0,"comment_status":"closed","ping_status":"closed","template":"","meta":{"ngg_post_thumbnail":0},"_links":{"self":[{"href":"http:\/\/www.1010votropticien.com\/blog\/wp-json\/wp\/v2\/pages\/8009"}],"collection":[{"href":"http:\/\/www.1010votropticien.com\/blog\/wp-json\/wp\/v2\/pages"}],"about":[{"href":"http:\/\/www.1010votropticien.com\/blog\/wp-json\/wp\/v2\/types\/page"}],"author":[{"embeddable":true,"href":"http:\/\/www.1010votropticien.com\/blog\/wp-json\/wp\/v2\/users\/4"}],"replies":[{"embeddable":true,"href":"http:\/\/www.1010votropticien.com\/blog\/wp-json\/wp\/v2\/comments?post=8009"}],"version-history":[{"count":1,"href":"http:\/\/www.1010votropticien.com\/blog\/wp-json\/wp\/v2\/pages\/8009\/revisions"}],"predecessor-version":[{"id":9256,"href":"http:\/\/www.1010votropticien.com\/blog\/wp-json\/wp\/v2\/pages\/8009\/revisions\/9256"}],"wp:attachment":[{"href":"http:\/\/www.1010votropticien.com\/blog\/wp-json\/wp\/v2\/media?parent=8009"}],"curies":[{"name":"wp","href":"https:\/\/api.w.org\/{rel}","templated":true}]}}