{"id":7969,"date":"2018-11-17T13:42:56","date_gmt":"2018-11-17T12:42:56","guid":{"rendered":"http:\/\/www.1010votropticien.com\/blog\/?page_id=7969"},"modified":"2021-01-11T17:19:54","modified_gmt":"2021-01-11T16:19:54","slug":"ikks-junior","status":"publish","type":"page","link":"http:\/\/www.1010votropticien.com\/blog\/ikks-junior\/","title":{"rendered":"Ikks junior"},"content":{"rendered":"<h3>Voici un petit aper\u00e7u des mod\u00e8les de la collection Ikks &#8230; Venez vite en magasin les essayer et d\u00e9couvrir d&rsquo;autres mod\u00e8les!<\/h3>\n\n\t\t<style type=\"text\/css\">\n\t\t\t#gallery-1 {\n\t\t\t\tmargin: auto;\n\t\t\t}\n\t\t\t#gallery-1 .gallery-item {\n\t\t\t\tfloat: left;\n\t\t\t\tmargin-top: 10px;\n\t\t\t\ttext-align: center;\n\t\t\t\twidth: 33%;\n\t\t\t}\n\t\t\t#gallery-1 img {\n\t\t\t\tborder: 2px solid #cfcfcf;\n\t\t\t}\n\t\t\t#gallery-1 .gallery-caption {\n\t\t\t\tmargin-left: 0;\n\t\t\t}\n\t\t\t\/* see gallery_shortcode() in wp-includes\/media.php *\/\n\t\t<\/style>\n\t\t<div id='gallery-1' class='gallery galleryid-7969 gallery-columns-3 gallery-size-thumbnail'><dl class='gallery-item'>\n\t\t\t<dt class='gallery-icon landscape'>\n\t\t\t\t<a href='http:\/\/www.1010votropticien.com\/blog\/ikks-junior\/ikks-ik1003-b-optique1010-faches-thumesnil-ref-16225\/'><img width=\"293\" height=\"200\" src=\"http:\/\/www.1010votropticien.com\/blog\/wp-content\/uploads\/2021\/01\/IKKS-IK1003-B-OPTIQUE1010-FACHES-THUMESNIL-R\u00e9f-16225-293x200.jpg\" class=\"attachment-thumbnail size-thumbnail\" alt=\"IKKS IK1003 B OPTIQUE1010 FACHES THUMESNIL R\u00e9f 16225\" decoding=\"async\" loading=\"lazy\" aria-describedby=\"gallery-1-9391\" \/><\/a>\n\t\t\t<\/dt>\n\t\t\t\t<dd class='wp-caption-text gallery-caption' id='gallery-1-9391'>\n\t\t\t\tIKKS IK1003 B OPTIQUE1010 FACHES THUMESNIL R\u00e9f 16225\n\t\t\t\t<\/dd><\/dl><dl class='gallery-item'>\n\t\t\t<dt class='gallery-icon landscape'>\n\t\t\t\t<a href='http:\/\/www.1010votropticien.com\/blog\/ikks-junior\/ikks-ik1003-optique1010-faches-thumesnil-ref-16225\/'><img width=\"293\" height=\"200\" src=\"http:\/\/www.1010votropticien.com\/blog\/wp-content\/uploads\/2021\/01\/IKKS-IK1003-OPTIQUE1010-FACHES-THUMESNIL-R\u00e9f-16225-293x200.jpg\" class=\"attachment-thumbnail size-thumbnail\" alt=\"IKKS IK1003 OPTIQUE1010 FACHES THUMESNIL R\u00e9f 16225\" decoding=\"async\" loading=\"lazy\" aria-describedby=\"gallery-1-9392\" \/><\/a>\n\t\t\t<\/dt>\n\t\t\t\t<dd class='wp-caption-text gallery-caption' id='gallery-1-9392'>\n\t\t\t\tIKKS IK1003 OPTIQUE1010 FACHES THUMESNIL R\u00e9f 16225\n\t\t\t\t<\/dd><\/dl><dl class='gallery-item'>\n\t\t\t<dt class='gallery-icon landscape'>\n\t\t\t\t<a href='http:\/\/www.1010votropticien.com\/blog\/ikks-junior\/ikks-ik1003-v-optique1010-faches-thumesnil-ref-16225\/'><img width=\"293\" height=\"200\" src=\"http:\/\/www.1010votropticien.com\/blog\/wp-content\/uploads\/2021\/01\/IKKS-IK1003-V-OPTIQUE1010-FACHES-THUMESNIL-R\u00e9f-16225-293x200.jpg\" class=\"attachment-thumbnail size-thumbnail\" alt=\"IKKS IK1003 V OPTIQUE1010 FACHES THUMESNIL R\u00e9f 16225\" decoding=\"async\" loading=\"lazy\" aria-describedby=\"gallery-1-9393\" \/><\/a>\n\t\t\t<\/dt>\n\t\t\t\t<dd class='wp-caption-text gallery-caption' id='gallery-1-9393'>\n\t\t\t\tIKKS IK1003 V OPTIQUE1010 FACHES THUMESNIL R\u00e9f 16225\n\t\t\t\t<\/dd><\/dl><br style=\"clear: both\" \/><dl class='gallery-item'>\n\t\t\t<dt class='gallery-icon landscape'>\n\t\t\t\t<a href='http:\/\/www.1010votropticien.com\/blog\/ikks-junior\/ikks-ik1007-optique1010-faches-thumesnil-ref-16229\/'><img width=\"293\" height=\"200\" src=\"http:\/\/www.1010votropticien.com\/blog\/wp-content\/uploads\/2021\/01\/IKKS-IK1007-OPTIQUE1010-FACHES-THUMESNIL-R\u00e9f-16229-293x200.jpg\" class=\"attachment-thumbnail size-thumbnail\" alt=\"IKKS IK1007 OPTIQUE1010 FACHES THUMESNIL R\u00e9f 16229\" decoding=\"async\" loading=\"lazy\" aria-describedby=\"gallery-1-9394\" \/><\/a>\n\t\t\t<\/dt>\n\t\t\t\t<dd class='wp-caption-text gallery-caption' id='gallery-1-9394'>\n\t\t\t\tIKKS IK1007 OPTIQUE1010 FACHES THUMESNIL R\u00e9f 16229\n\t\t\t\t<\/dd><\/dl><dl class='gallery-item'>\n\t\t\t<dt class='gallery-icon landscape'>\n\t\t\t\t<a href='http:\/\/www.1010votropticien.com\/blog\/ikks-junior\/ikks-ik1007-b-optique1010-faches-thumesnil-ref-16229\/'><img width=\"293\" height=\"200\" src=\"http:\/\/www.1010votropticien.com\/blog\/wp-content\/uploads\/2021\/01\/IKKS-IK1007-B-OPTIQUE1010-FACHES-THUMESNIL-R\u00e9f-16229-293x200.jpg\" class=\"attachment-thumbnail size-thumbnail\" alt=\"IKKS IK1007 B OPTIQUE1010 FACHES THUMESNIL R\u00e9f 16229\" decoding=\"async\" loading=\"lazy\" aria-describedby=\"gallery-1-9395\" \/><\/a>\n\t\t\t<\/dt>\n\t\t\t\t<dd class='wp-caption-text gallery-caption' id='gallery-1-9395'>\n\t\t\t\tIKKS IK1007 B OPTIQUE1010 FACHES THUMESNIL R\u00e9f 16229\n\t\t\t\t<\/dd><\/dl><dl class='gallery-item'>\n\t\t\t<dt class='gallery-icon landscape'>\n\t\t\t\t<a href='http:\/\/www.1010votropticien.com\/blog\/ikks-junior\/ikks-ik1007-d-optique1010-faches-thumesnil-ref-16229\/'><img width=\"293\" height=\"200\" src=\"http:\/\/www.1010votropticien.com\/blog\/wp-content\/uploads\/2021\/01\/IKKS-IK1007-D-OPTIQUE1010-FACHES-THUMESNIL-R\u00e9f-16229-293x200.jpg\" class=\"attachment-thumbnail size-thumbnail\" alt=\"IKKS IK1007 D OPTIQUE1010 FACHES THUMESNIL R\u00e9f 16229\" decoding=\"async\" loading=\"lazy\" aria-describedby=\"gallery-1-9396\" \/><\/a>\n\t\t\t<\/dt>\n\t\t\t\t<dd class='wp-caption-text gallery-caption' id='gallery-1-9396'>\n\t\t\t\tIKKS IK1007 D OPTIQUE1010 FACHES THUMESNIL R\u00e9f 16229\n\t\t\t\t<\/dd><\/dl><br style=\"clear: both\" \/><dl class='gallery-item'>\n\t\t\t<dt class='gallery-icon landscape'>\n\t\t\t\t<a href='http:\/\/www.1010votropticien.com\/blog\/ikks-junior\/ikks-ik1007-v-optique1010-faches-thumesnil-ref-16229\/'><img width=\"293\" height=\"200\" src=\"http:\/\/www.1010votropticien.com\/blog\/wp-content\/uploads\/2021\/01\/IKKS-IK1007-V-OPTIQUE1010-FACHES-THUMESNIL-R\u00e9f-16229-293x200.jpg\" class=\"attachment-thumbnail size-thumbnail\" alt=\"IKKS IK1007 V OPTIQUE1010 FACHES THUMESNIL R\u00e9f 16229\" decoding=\"async\" loading=\"lazy\" aria-describedby=\"gallery-1-9397\" \/><\/a>\n\t\t\t<\/dt>\n\t\t\t\t<dd class='wp-caption-text gallery-caption' id='gallery-1-9397'>\n\t\t\t\tIKKS IK1007 V OPTIQUE1010 FACHES THUMESNIL R\u00e9f 16229\n\t\t\t\t<\/dd><\/dl><dl class='gallery-item'>\n\t\t\t<dt class='gallery-icon landscape'>\n\t\t\t\t<a href='http:\/\/www.1010votropticien.com\/blog\/ikks-junior\/ikks-ik1022-optique1010-faches-thumesnil-ref-15583\/'><img width=\"293\" height=\"200\" src=\"http:\/\/www.1010votropticien.com\/blog\/wp-content\/uploads\/2021\/01\/IKKS-IK1022-OPTIQUE1010-FACHES-THUMESNIL-R\u00e9f-15583-293x200.jpg\" class=\"attachment-thumbnail size-thumbnail\" alt=\"IKKS IK1022 OPTIQUE1010 FACHES THUMESNIL R\u00e9f 15583\" decoding=\"async\" loading=\"lazy\" aria-describedby=\"gallery-1-9399\" \/><\/a>\n\t\t\t<\/dt>\n\t\t\t\t<dd class='wp-caption-text gallery-caption' id='gallery-1-9399'>\n\t\t\t\tIKKS IK1022 OPTIQUE1010 FACHES THUMESNIL R\u00e9f 15583\n\t\t\t\t<\/dd><\/dl><dl class='gallery-item'>\n\t\t\t<dt class='gallery-icon landscape'>\n\t\t\t\t<a href='http:\/\/www.1010votropticien.com\/blog\/ikks-junior\/ikks-ik1022-v-optique1010-faches-thumesnil-ref-15583\/'><img width=\"293\" height=\"200\" src=\"http:\/\/www.1010votropticien.com\/blog\/wp-content\/uploads\/2021\/01\/IKKS-IK1022-V-OPTIQUE1010-FACHES-THUMESNIL-R\u00e9f-15583-293x200.jpg\" class=\"attachment-thumbnail size-thumbnail\" alt=\"IKKS IK1022 V OPTIQUE1010 FACHES THUMESNIL R\u00e9f 15583\" decoding=\"async\" loading=\"lazy\" aria-describedby=\"gallery-1-9400\" \/><\/a>\n\t\t\t<\/dt>\n\t\t\t\t<dd class='wp-caption-text gallery-caption' id='gallery-1-9400'>\n\t\t\t\tIKKS IK1022 V OPTIQUE1010 FACHES THUMESNIL R\u00e9f 15583\n\t\t\t\t<\/dd><\/dl><br style=\"clear: both\" \/><dl class='gallery-item'>\n\t\t\t<dt class='gallery-icon landscape'>\n\t\t\t\t<a href='http:\/\/www.1010votropticien.com\/blog\/ikks-junior\/ikks-ik2022-optique1010-faches-thumesnil-ref-15465\/'><img width=\"293\" height=\"200\" src=\"http:\/\/www.1010votropticien.com\/blog\/wp-content\/uploads\/2021\/01\/IKKS-IK2022-OPTIQUE1010-FACHES-THUMESNIL-R\u00e9f-15465-293x200.jpg\" class=\"attachment-thumbnail size-thumbnail\" alt=\"IKKS IK2022 OPTIQUE1010 FACHES THUMESNIL R\u00e9f 15465\" decoding=\"async\" loading=\"lazy\" aria-describedby=\"gallery-1-9401\" \/><\/a>\n\t\t\t<\/dt>\n\t\t\t\t<dd class='wp-caption-text gallery-caption' id='gallery-1-9401'>\n\t\t\t\tIKKS IK2022 OPTIQUE1010 FACHES THUMESNIL R\u00e9f 15465\n\t\t\t\t<\/dd><\/dl><dl class='gallery-item'>\n\t\t\t<dt class='gallery-icon landscape'>\n\t\t\t\t<a href='http:\/\/www.1010votropticien.com\/blog\/ikks-junior\/ikks-ik2022-v-optique1010-faches-thumesnil-ref-15465\/'><img width=\"293\" height=\"200\" src=\"http:\/\/www.1010votropticien.com\/blog\/wp-content\/uploads\/2021\/01\/IKKS-IK2022-V-OPTIQUE1010-FACHES-THUMESNIL-R\u00e9f-15465-293x200.jpg\" class=\"attachment-thumbnail size-thumbnail\" alt=\"IKKS IK2022 V OPTIQUE1010 FACHES THUMESNIL R\u00e9f 15465\" decoding=\"async\" loading=\"lazy\" aria-describedby=\"gallery-1-9402\" \/><\/a>\n\t\t\t<\/dt>\n\t\t\t\t<dd class='wp-caption-text gallery-caption' id='gallery-1-9402'>\n\t\t\t\tIKKS IK2022 V OPTIQUE1010 FACHES THUMESNIL R\u00e9f 15465\n\t\t\t\t<\/dd><\/dl>\n\t\t\t<br style='clear: both' \/>\n\t\t<\/div>\n\n<div class=\"colmarque\">\n<div>\n<h4>IKKS, v\u00e9ritable <span style=\"color: #ff0000;\">marque fran\u00e7aise<\/span> de<span style=\"color: #ff0000;\"> pr\u00eat \u00e0 porter<\/span> Premium, fond\u00e9e en 1987, est un acteur majeur de la <span style=\"color: #ff0000;\">mode contemporaine<\/span>.<\/h4>\n<h4>Elle b\u00e9n\u00e9ficie d\u2019une forte pr\u00e9sence en <span style=\"color: #ff0000;\">France<\/span> et \u00e0 l\u2019<span style=\"color: #ff0000;\">International<\/span> avec plus de 430 boutiques en propre, et une croissance sup\u00e9rieure au march\u00e9 avec plus de 30 nouvelles ouvertures de points de ventes par an.<\/h4>\n<h4>C\u2019est une <span style=\"color: #ff0000;\">marque globale<\/span> couvrant avec succ\u00e8s 3 segments <span style=\"color: #ff0000;\">Women<\/span>, <span style=\"color: #ff0000;\">Men<\/span> et<span style=\"color: #ff0000;\"> Junior<\/span>,<\/h4>\n<\/div>\n<\/div>\n<h5>&nbsp;<\/h5>\n","protected":false},"excerpt":{"rendered":"<p>Voici un petit aper\u00e7u des mod\u00e8les de la collection Ikks &#8230; Venez vite en magasin les essayer et d\u00e9couvrir d&rsquo;autres mod\u00e8les! IKKS, v\u00e9ritable marque fran\u00e7aise de pr\u00eat \u00e0 porter Premium, fond\u00e9e en 1987, est un acteur majeur de la mode contemporaine. Elle b\u00e9n\u00e9ficie d\u2019une forte pr\u00e9sence en France et \u00e0 l\u2019International avec plus de 430 [&hellip;]<\/p>\n","protected":false},"author":4,"featured_media":0,"parent":0,"menu_order":0,"comment_status":"closed","ping_status":"closed","template":"","meta":{"ngg_post_thumbnail":0},"_links":{"self":[{"href":"http:\/\/www.1010votropticien.com\/blog\/wp-json\/wp\/v2\/pages\/7969"}],"collection":[{"href":"http:\/\/www.1010votropticien.com\/blog\/wp-json\/wp\/v2\/pages"}],"about":[{"href":"http:\/\/www.1010votropticien.com\/blog\/wp-json\/wp\/v2\/types\/page"}],"author":[{"embeddable":true,"href":"http:\/\/www.1010votropticien.com\/blog\/wp-json\/wp\/v2\/users\/4"}],"replies":[{"embeddable":true,"href":"http:\/\/www.1010votropticien.com\/blog\/wp-json\/wp\/v2\/comments?post=7969"}],"version-history":[{"count":1,"href":"http:\/\/www.1010votropticien.com\/blog\/wp-json\/wp\/v2\/pages\/7969\/revisions"}],"predecessor-version":[{"id":9403,"href":"http:\/\/www.1010votropticien.com\/blog\/wp-json\/wp\/v2\/pages\/7969\/revisions\/9403"}],"wp:attachment":[{"href":"http:\/\/www.1010votropticien.com\/blog\/wp-json\/wp\/v2\/media?parent=7969"}],"curies":[{"name":"wp","href":"https:\/\/api.w.org\/{rel}","templated":true}]}}