{"id":7803,"date":"2018-11-16T13:24:38","date_gmt":"2018-11-16T12:24:38","guid":{"rendered":"http:\/\/www.1010votropticien.com\/blog\/?page_id=7803"},"modified":"2018-11-16T13:33:31","modified_gmt":"2018-11-16T12:33:31","slug":"joshi-jazawa","status":"publish","type":"page","link":"http:\/\/www.1010votropticien.com\/blog\/lunettes-de-vue\/joshi-jazawa\/","title":{"rendered":"Joshi Jazawa"},"content":{"rendered":"<h3>Voici un petit aper\u00e7u des mod\u00e8les de la collection Joshi Jazawa &#8230; Venez vite en magasin les essayer et d\u00e9couvrir d&rsquo;autres mod\u00e8les!<\/h3>\n<div id=\"attachment_7807\" style=\"width: 310px\" class=\"wp-caption alignleft\"><img aria-describedby=\"caption-attachment-7807\" decoding=\"async\" loading=\"lazy\" class=\"size-medium wp-image-7807\" src=\"http:\/\/www.1010votropticien.com\/blog\/wp-content\/uploads\/2018\/11\/DSC_0146-300x199.jpg\" alt=\"JOSHI JAZAWA OPTIQUE 10\/10 FACHES THUMESNIL\" width=\"300\" height=\"199\" srcset=\"http:\/\/www.1010votropticien.com\/blog\/wp-content\/uploads\/2018\/11\/DSC_0146-300x199.jpg 300w, http:\/\/www.1010votropticien.com\/blog\/wp-content\/uploads\/2018\/11\/DSC_0146-768x509.jpg 768w, http:\/\/www.1010votropticien.com\/blog\/wp-content\/uploads\/2018\/11\/DSC_0146-1024x679.jpg 1024w, http:\/\/www.1010votropticien.com\/blog\/wp-content\/uploads\/2018\/11\/DSC_0146-321x214.jpg 321w, http:\/\/www.1010votropticien.com\/blog\/wp-content\/uploads\/2018\/11\/DSC_0146-207x136.jpg 207w, http:\/\/www.1010votropticien.com\/blog\/wp-content\/uploads\/2018\/11\/DSC_0146-140x94.jpg 140w\" sizes=\"(max-width: 300px) 100vw, 300px\" \/><p id=\"caption-attachment-7807\" class=\"wp-caption-text\">JOSHI JAZAWA OPTIQUE 10\/10 FACHES THUMESNIL<\/p><\/div>\n<div id=\"attachment_7806\" style=\"width: 310px\" class=\"wp-caption alignleft\"><img aria-describedby=\"caption-attachment-7806\" decoding=\"async\" loading=\"lazy\" class=\"size-medium wp-image-7806\" src=\"http:\/\/www.1010votropticien.com\/blog\/wp-content\/uploads\/2018\/11\/DSC_0145-300x199.jpg\" alt=\"JOSHI JAZAWA OPTIQUE 10\/10 FACHES THUMESNIL\" width=\"300\" height=\"199\" srcset=\"http:\/\/www.1010votropticien.com\/blog\/wp-content\/uploads\/2018\/11\/DSC_0145-300x199.jpg 300w, http:\/\/www.1010votropticien.com\/blog\/wp-content\/uploads\/2018\/11\/DSC_0145-768x509.jpg 768w, http:\/\/www.1010votropticien.com\/blog\/wp-content\/uploads\/2018\/11\/DSC_0145-1024x679.jpg 1024w, http:\/\/www.1010votropticien.com\/blog\/wp-content\/uploads\/2018\/11\/DSC_0145-321x214.jpg 321w, http:\/\/www.1010votropticien.com\/blog\/wp-content\/uploads\/2018\/11\/DSC_0145-207x136.jpg 207w, http:\/\/www.1010votropticien.com\/blog\/wp-content\/uploads\/2018\/11\/DSC_0145-140x94.jpg 140w\" sizes=\"(max-width: 300px) 100vw, 300px\" \/><p id=\"caption-attachment-7806\" class=\"wp-caption-text\">JOSHI JAZAWA OPTIQUE 10\/10 FACHES THUMESNIL<\/p><\/div>\n<div id=\"attachment_7805\" style=\"width: 310px\" class=\"wp-caption alignleft\"><img aria-describedby=\"caption-attachment-7805\" decoding=\"async\" loading=\"lazy\" class=\"size-medium wp-image-7805\" src=\"http:\/\/www.1010votropticien.com\/blog\/wp-content\/uploads\/2018\/11\/DSC_0144-300x199.jpg\" alt=\"JOSHI JAZAWA OPTIQUE 10\/10 FACHES THUMESNIL\" width=\"300\" height=\"199\" srcset=\"http:\/\/www.1010votropticien.com\/blog\/wp-content\/uploads\/2018\/11\/DSC_0144-300x199.jpg 300w, http:\/\/www.1010votropticien.com\/blog\/wp-content\/uploads\/2018\/11\/DSC_0144-768x509.jpg 768w, http:\/\/www.1010votropticien.com\/blog\/wp-content\/uploads\/2018\/11\/DSC_0144-1024x679.jpg 1024w, http:\/\/www.1010votropticien.com\/blog\/wp-content\/uploads\/2018\/11\/DSC_0144-321x214.jpg 321w, http:\/\/www.1010votropticien.com\/blog\/wp-content\/uploads\/2018\/11\/DSC_0144-207x136.jpg 207w, http:\/\/www.1010votropticien.com\/blog\/wp-content\/uploads\/2018\/11\/DSC_0144-140x94.jpg 140w\" sizes=\"(max-width: 300px) 100vw, 300px\" \/><p id=\"caption-attachment-7805\" class=\"wp-caption-text\">JOSHI JAZAWA OPTIQUE 10\/10 FACHES THUMESNIL<\/p><\/div>\n<div id=\"attachment_7804\" style=\"width: 310px\" class=\"wp-caption alignleft\"><img aria-describedby=\"caption-attachment-7804\" decoding=\"async\" loading=\"lazy\" class=\"size-medium wp-image-7804\" src=\"http:\/\/www.1010votropticien.com\/blog\/wp-content\/uploads\/2018\/11\/DSC_0143-300x199.jpg\" alt=\"JOSHI JAZAWA OPTIQUE 10\/10 FACHES THUMESNIL\" width=\"300\" height=\"199\" srcset=\"http:\/\/www.1010votropticien.com\/blog\/wp-content\/uploads\/2018\/11\/DSC_0143-300x199.jpg 300w, http:\/\/www.1010votropticien.com\/blog\/wp-content\/uploads\/2018\/11\/DSC_0143-768x509.jpg 768w, http:\/\/www.1010votropticien.com\/blog\/wp-content\/uploads\/2018\/11\/DSC_0143-1024x679.jpg 1024w, http:\/\/www.1010votropticien.com\/blog\/wp-content\/uploads\/2018\/11\/DSC_0143-321x214.jpg 321w, http:\/\/www.1010votropticien.com\/blog\/wp-content\/uploads\/2018\/11\/DSC_0143-207x136.jpg 207w, http:\/\/www.1010votropticien.com\/blog\/wp-content\/uploads\/2018\/11\/DSC_0143-140x94.jpg 140w\" sizes=\"(max-width: 300px) 100vw, 300px\" \/><p id=\"caption-attachment-7804\" class=\"wp-caption-text\">JOSHI JAZAWA OPTIQUE 10\/10 FACHES THUMESNIL<\/p><\/div>\n<h4><span style=\"color: #ff0000;\">Joshi<\/span> est la collection con\u00e7ue par <span style=\"color: #ff0000;\">Holger Emmerich<\/span> : un <span style=\"color: #ff0000;\">design<\/span> clair et attrayant aux <span style=\"color: #ff0000;\">couleurs vives<\/span> et&nbsp; <span style=\"color: #ff0000;\">attractives<\/span>.<\/h4>\n<h4>La marque est d\u00e9velopp\u00e9e au si\u00e8ge social de l\u2019entreprise \u00e0 Herdecke, en <span style=\"color: #ff0000;\">Allemagne<\/span>.<\/h4>\n<h4>JOSHI propose une gamme sur le <span style=\"color: #ff0000;\">th\u00e8me<\/span> de l&rsquo;<span style=\"color: #ff0000;\">origami<\/span>&nbsp; offrant des <span style=\"color: #ff0000;\">mat\u00e9riaux<\/span> exclusifs et tr\u00e8s <span style=\"color: #ff0000;\">qualitatifs<\/span>, des <span style=\"color: #ff0000;\">formes finement dessin\u00e9es<\/span>.<\/h4>\n","protected":false},"excerpt":{"rendered":"<p>Voici un petit aper\u00e7u des mod\u00e8les de la collection Joshi Jazawa &#8230; Venez vite en magasin les essayer et d\u00e9couvrir d&rsquo;autres mod\u00e8les! Joshi est la collection con\u00e7ue par Holger Emmerich : un design clair et attrayant aux couleurs vives et&nbsp; attractives. La marque est d\u00e9velopp\u00e9e au si\u00e8ge social de l\u2019entreprise \u00e0 Herdecke, en Allemagne. JOSHI [&hellip;]<\/p>\n","protected":false},"author":4,"featured_media":0,"parent":1290,"menu_order":0,"comment_status":"closed","ping_status":"closed","template":"","meta":{"ngg_post_thumbnail":0},"_links":{"self":[{"href":"http:\/\/www.1010votropticien.com\/blog\/wp-json\/wp\/v2\/pages\/7803"}],"collection":[{"href":"http:\/\/www.1010votropticien.com\/blog\/wp-json\/wp\/v2\/pages"}],"about":[{"href":"http:\/\/www.1010votropticien.com\/blog\/wp-json\/wp\/v2\/types\/page"}],"author":[{"embeddable":true,"href":"http:\/\/www.1010votropticien.com\/blog\/wp-json\/wp\/v2\/users\/4"}],"replies":[{"embeddable":true,"href":"http:\/\/www.1010votropticien.com\/blog\/wp-json\/wp\/v2\/comments?post=7803"}],"version-history":[{"count":2,"href":"http:\/\/www.1010votropticien.com\/blog\/wp-json\/wp\/v2\/pages\/7803\/revisions"}],"predecessor-version":[{"id":7816,"href":"http:\/\/www.1010votropticien.com\/blog\/wp-json\/wp\/v2\/pages\/7803\/revisions\/7816"}],"up":[{"embeddable":true,"href":"http:\/\/www.1010votropticien.com\/blog\/wp-json\/wp\/v2\/pages\/1290"}],"wp:attachment":[{"href":"http:\/\/www.1010votropticien.com\/blog\/wp-json\/wp\/v2\/media?parent=7803"}],"curies":[{"name":"wp","href":"https:\/\/api.w.org\/{rel}","templated":true}]}}