{"id":7768,"date":"2018-11-16T12:53:35","date_gmt":"2018-11-16T11:53:35","guid":{"rendered":"http:\/\/www.1010votropticien.com\/blog\/?page_id=7768"},"modified":"2021-01-02T17:12:54","modified_gmt":"2021-01-02T16:12:54","slug":"ikks","status":"publish","type":"page","link":"http:\/\/www.1010votropticien.com\/blog\/lunettes-de-vue\/ikks\/","title":{"rendered":"Ikks"},"content":{"rendered":"<h3>Voici un petit aper\u00e7u des mod\u00e8les de la collection Ikks &#8230; Venez vite en magasin les essayer et d\u00e9couvrir d&rsquo;autres mod\u00e8les!<\/h3>\n<p><!--more--><\/p>\n<div class=\"colmarque\">\n<div>\n\n\t\t<style type=\"text\/css\">\n\t\t\t#gallery-1 {\n\t\t\t\tmargin: auto;\n\t\t\t}\n\t\t\t#gallery-1 .gallery-item {\n\t\t\t\tfloat: left;\n\t\t\t\tmargin-top: 10px;\n\t\t\t\ttext-align: center;\n\t\t\t\twidth: 33%;\n\t\t\t}\n\t\t\t#gallery-1 img {\n\t\t\t\tborder: 2px solid #cfcfcf;\n\t\t\t}\n\t\t\t#gallery-1 .gallery-caption {\n\t\t\t\tmargin-left: 0;\n\t\t\t}\n\t\t\t\/* see gallery_shortcode() in wp-includes\/media.php *\/\n\t\t<\/style>\n\t\t<div id='gallery-1' class='gallery galleryid-7768 gallery-columns-3 gallery-size-thumbnail'><dl class='gallery-item'>\n\t\t\t<dt class='gallery-icon landscape'>\n\t\t\t\t<a href='http:\/\/www.1010votropticien.com\/blog\/lunettes-de-vue\/ikks\/ikks-ik3024-optique-1010-faches-thumesnil-16222\/'><img width=\"293\" height=\"200\" src=\"http:\/\/www.1010votropticien.com\/blog\/wp-content\/uploads\/2021\/01\/IKKS-IK3024-OPTIQUE-1010-FACHES-THUMESNIL-16222-293x200.jpg\" class=\"attachment-thumbnail size-thumbnail\" alt=\"IKKS IK3024 OPTIQUE 1010 FACHES THUMESNIL 16222\" decoding=\"async\" loading=\"lazy\" aria-describedby=\"gallery-1-8841\" \/><\/a>\n\t\t\t<\/dt>\n\t\t\t\t<dd class='wp-caption-text gallery-caption' id='gallery-1-8841'>\n\t\t\t\tIKKS IK3024 OPTIQUE 1010 FACHES THUMESNIL 16222\n\t\t\t\t<\/dd><\/dl><dl class='gallery-item'>\n\t\t\t<dt class='gallery-icon landscape'>\n\t\t\t\t<a href='http:\/\/www.1010votropticien.com\/blog\/lunettes-de-vue\/ikks\/ikks-ik3021-f-optique-1010-faches-thumesnil-16207\/'><img width=\"293\" height=\"200\" src=\"http:\/\/www.1010votropticien.com\/blog\/wp-content\/uploads\/2021\/01\/IKKS-IK3021-F-OPTIQUE-1010-FACHES-THUMESNIL-16207-293x200.jpg\" class=\"attachment-thumbnail size-thumbnail\" alt=\"IKKS IK3021-F OPTIQUE 1010 FACHES THUMESNIL 16207\" decoding=\"async\" loading=\"lazy\" aria-describedby=\"gallery-1-8840\" \/><\/a>\n\t\t\t<\/dt>\n\t\t\t\t<dd class='wp-caption-text gallery-caption' id='gallery-1-8840'>\n\t\t\t\tIKKS IK3021-F OPTIQUE 1010 FACHES THUMESNIL 16207\n\t\t\t\t<\/dd><\/dl><dl class='gallery-item'>\n\t\t\t<dt class='gallery-icon landscape'>\n\t\t\t\t<a href='http:\/\/www.1010votropticien.com\/blog\/lunettes-de-vue\/ikks\/ikks-ik3021-optique-1010-faches-thumesnil-16207\/'><img width=\"293\" height=\"200\" src=\"http:\/\/www.1010votropticien.com\/blog\/wp-content\/uploads\/2021\/01\/IKKS-IK3021-OPTIQUE-1010-FACHES-THUMESNIL-16207-293x200.jpg\" class=\"attachment-thumbnail size-thumbnail\" alt=\"IKKS IK3021 OPTIQUE 1010 FACHES THUMESNIL 16207\" decoding=\"async\" loading=\"lazy\" aria-describedby=\"gallery-1-8839\" \/><\/a>\n\t\t\t<\/dt>\n\t\t\t\t<dd class='wp-caption-text gallery-caption' id='gallery-1-8839'>\n\t\t\t\tIKKS IK3021 OPTIQUE 1010 FACHES THUMESNIL 16207\n\t\t\t\t<\/dd><\/dl><br style=\"clear: both\" \/><dl class='gallery-item'>\n\t\t\t<dt class='gallery-icon landscape'>\n\t\t\t\t<a href='http:\/\/www.1010votropticien.com\/blog\/lunettes-de-vue\/ikks\/ikks-ik3019-optique-1010-faches-thumesnil-16205\/'><img width=\"293\" height=\"200\" src=\"http:\/\/www.1010votropticien.com\/blog\/wp-content\/uploads\/2021\/01\/IKKS-IK3019-OPTIQUE-1010-FACHES-THUMESNIL-16205-293x200.jpg\" class=\"attachment-thumbnail size-thumbnail\" alt=\"IKKS IK3019 OPTIQUE 1010 FACHES THUMESNIL 16205\" decoding=\"async\" loading=\"lazy\" aria-describedby=\"gallery-1-8838\" \/><\/a>\n\t\t\t<\/dt>\n\t\t\t\t<dd class='wp-caption-text gallery-caption' id='gallery-1-8838'>\n\t\t\t\tIKKS IK3019 OPTIQUE 1010 FACHES THUMESNIL 16205\n\t\t\t\t<\/dd><\/dl><dl class='gallery-item'>\n\t\t\t<dt class='gallery-icon landscape'>\n\t\t\t\t<a href='http:\/\/www.1010votropticien.com\/blog\/lunettes-de-vue\/ikks\/ikks-ik3003-optique-1010-faches-thumesnil-16214\/'><img width=\"293\" height=\"200\" src=\"http:\/\/www.1010votropticien.com\/blog\/wp-content\/uploads\/2021\/01\/IKKS-IK3003-OPTIQUE-1010-FACHES-THUMESNIL-16214-293x200.jpg\" class=\"attachment-thumbnail size-thumbnail\" alt=\"IKKS IK3003 OPTIQUE 1010 FACHES THUMESNIL 16214\" decoding=\"async\" loading=\"lazy\" aria-describedby=\"gallery-1-8837\" \/><\/a>\n\t\t\t<\/dt>\n\t\t\t\t<dd class='wp-caption-text gallery-caption' id='gallery-1-8837'>\n\t\t\t\tIKKS IK3003 OPTIQUE 1010 FACHES THUMESNIL 16214\n\t\t\t\t<\/dd><\/dl><dl class='gallery-item'>\n\t\t\t<dt class='gallery-icon landscape'>\n\t\t\t\t<a href='http:\/\/www.1010votropticien.com\/blog\/lunettes-de-vue\/ikks\/ikks-ik3001-f-optique-1010-faches-thumesnil-16210\/'><img width=\"293\" height=\"200\" src=\"http:\/\/www.1010votropticien.com\/blog\/wp-content\/uploads\/2021\/01\/IKKS-IK3001-F-OPTIQUE-1010-FACHES-THUMESNIL-16210-293x200.jpg\" class=\"attachment-thumbnail size-thumbnail\" alt=\"IKKS IK3001-F OPTIQUE 1010 FACHES THUMESNIL 16210\" decoding=\"async\" loading=\"lazy\" aria-describedby=\"gallery-1-8836\" \/><\/a>\n\t\t\t<\/dt>\n\t\t\t\t<dd class='wp-caption-text gallery-caption' id='gallery-1-8836'>\n\t\t\t\tIKKS IK3001-F OPTIQUE 1010 FACHES THUMESNIL 16210\n\t\t\t\t<\/dd><\/dl><br style=\"clear: both\" \/><dl class='gallery-item'>\n\t\t\t<dt class='gallery-icon landscape'>\n\t\t\t\t<a href='http:\/\/www.1010votropticien.com\/blog\/lunettes-de-vue\/ikks\/ikks-ik3001-optique-1010-faches-thumesnil-16210\/'><img width=\"293\" height=\"200\" src=\"http:\/\/www.1010votropticien.com\/blog\/wp-content\/uploads\/2021\/01\/IKKS-IK3001-OPTIQUE-1010-FACHES-THUMESNIL-16210-293x200.jpg\" class=\"attachment-thumbnail size-thumbnail\" alt=\"IKKS IK3001 OPTIQUE 1010 FACHES THUMESNIL 16210\" decoding=\"async\" loading=\"lazy\" aria-describedby=\"gallery-1-8835\" \/><\/a>\n\t\t\t<\/dt>\n\t\t\t\t<dd class='wp-caption-text gallery-caption' id='gallery-1-8835'>\n\t\t\t\tIKKS IK3001 OPTIQUE 1010 FACHES THUMESNIL 16210\n\t\t\t\t<\/dd><\/dl><dl class='gallery-item'>\n\t\t\t<dt class='gallery-icon landscape'>\n\t\t\t\t<a href='http:\/\/www.1010votropticien.com\/blog\/lunettes-de-vue\/ikks\/ikks-ik2023-optique-1010-faches-thumesnil-15474\/'><img width=\"293\" height=\"200\" src=\"http:\/\/www.1010votropticien.com\/blog\/wp-content\/uploads\/2021\/01\/IKKS-IK2023-OPTIQUE-1010-FACHES-THUMESNIL-15474-293x200.jpg\" class=\"attachment-thumbnail size-thumbnail\" alt=\"IKKS IK2023 OPTIQUE 1010 FACHES THUMESNIL 15474\" decoding=\"async\" loading=\"lazy\" aria-describedby=\"gallery-1-8833\" \/><\/a>\n\t\t\t<\/dt>\n\t\t\t\t<dd class='wp-caption-text gallery-caption' id='gallery-1-8833'>\n\t\t\t\tIKKS IK2023 OPTIQUE 1010 FACHES THUMESNIL 15474\n\t\t\t\t<\/dd><\/dl>\n\t\t\t<br style='clear: both' \/>\n\t\t<\/div>\n\n<p>&nbsp;<\/p>\n<h4>IKKS, v\u00e9ritable <span style=\"color: #ff0000;\">marque fran\u00e7aise<\/span> de<span style=\"color: #ff0000;\"> pr\u00eat \u00e0 porter<\/span> Premium, fond\u00e9e en 1987, est un acteur majeur de la <span style=\"color: #ff0000;\">mode contemporaine<\/span>.<\/h4>\n<h4>Elle b\u00e9n\u00e9ficie d\u2019une forte pr\u00e9sence en <span style=\"color: #ff0000;\">France<\/span> et \u00e0 l\u2019<span style=\"color: #ff0000;\">International<\/span> avec plus de 430 boutiques en propre, et une croissance sup\u00e9rieure au march\u00e9 avec plus de 30 nouvelles ouvertures de points de ventes par an.<\/h4>\n<h4>C\u2019est une <span style=\"color: #ff0000;\">marque globale<\/span> couvrant avec succ\u00e8s 3 segments <span style=\"color: #ff0000;\">Women<\/span>, <span style=\"color: #ff0000;\">Men<\/span> et<span style=\"color: #ff0000;\"> Junior<\/span>,<\/h4>\n<\/div>\n<\/div>\n<h5>&nbsp;<\/h5>\n","protected":false},"excerpt":{"rendered":"<p>Voici un petit aper\u00e7u des mod\u00e8les de la collection Ikks &#8230; Venez vite en magasin les essayer et d\u00e9couvrir d&rsquo;autres mod\u00e8les!<\/p>\n","protected":false},"author":4,"featured_media":0,"parent":1290,"menu_order":0,"comment_status":"closed","ping_status":"closed","template":"","meta":{"ngg_post_thumbnail":0},"_links":{"self":[{"href":"http:\/\/www.1010votropticien.com\/blog\/wp-json\/wp\/v2\/pages\/7768"}],"collection":[{"href":"http:\/\/www.1010votropticien.com\/blog\/wp-json\/wp\/v2\/pages"}],"about":[{"href":"http:\/\/www.1010votropticien.com\/blog\/wp-json\/wp\/v2\/types\/page"}],"author":[{"embeddable":true,"href":"http:\/\/www.1010votropticien.com\/blog\/wp-json\/wp\/v2\/users\/4"}],"replies":[{"embeddable":true,"href":"http:\/\/www.1010votropticien.com\/blog\/wp-json\/wp\/v2\/comments?post=7768"}],"version-history":[{"count":1,"href":"http:\/\/www.1010votropticien.com\/blog\/wp-json\/wp\/v2\/pages\/7768\/revisions"}],"predecessor-version":[{"id":8845,"href":"http:\/\/www.1010votropticien.com\/blog\/wp-json\/wp\/v2\/pages\/7768\/revisions\/8845"}],"up":[{"embeddable":true,"href":"http:\/\/www.1010votropticien.com\/blog\/wp-json\/wp\/v2\/pages\/1290"}],"wp:attachment":[{"href":"http:\/\/www.1010votropticien.com\/blog\/wp-json\/wp\/v2\/media?parent=7768"}],"curies":[{"name":"wp","href":"https:\/\/api.w.org\/{rel}","templated":true}]}}