{"id":7616,"date":"2018-11-13T18:47:37","date_gmt":"2018-11-13T17:47:37","guid":{"rendered":"http:\/\/www.1010votropticien.com\/blog\/?page_id=7616"},"modified":"2022-12-02T18:12:43","modified_gmt":"2022-12-02T17:12:43","slug":"marc-jacobs","status":"publish","type":"page","link":"http:\/\/www.1010votropticien.com\/blog\/lunettes-de-vue\/marc-jacobs\/","title":{"rendered":"Marc Jacobs"},"content":{"rendered":"\n<h2 class=\"wp-block-heading\">Voici un petit aper\u00e7u des mod\u00e8les de la collection Marc Jacobs &#8230; Venez vite en magasin les essayer et d\u00e9couvrir d&rsquo;autres mod\u00e8les!<\/h2>\n\n\n\n<figure class=\"wp-block-gallery columns-3 wp-block-gallery-1 is-layout-flex\"><ul class=\"blocks-gallery-grid\"><li class=\"blocks-gallery-item\"><figure><a href=\"http:\/\/www.1010votropticien.com\/blog\/lunettes-de-vue\/marc-jacobs\/inshot_20221201_163509596-1\/\"><img decoding=\"async\" loading=\"lazy\" width=\"1024\" height=\"1024\" src=\"http:\/\/www.1010votropticien.com\/blog\/wp-content\/uploads\/2022\/12\/InShot_20221201_163509596-1-1024x1024.jpg\" alt=\"\" data-id=\"10753\" data-full-url=\"http:\/\/www.1010votropticien.com\/blog\/wp-content\/uploads\/2022\/12\/InShot_20221201_163509596-1-scaled.jpg\" data-link=\"http:\/\/www.1010votropticien.com\/blog\/lunettes-de-vue\/marc-jacobs\/inshot_20221201_163509596-1\/\" class=\"wp-image-10753\" srcset=\"http:\/\/www.1010votropticien.com\/blog\/wp-content\/uploads\/2022\/12\/InShot_20221201_163509596-1-1024x1024.jpg 1024w, http:\/\/www.1010votropticien.com\/blog\/wp-content\/uploads\/2022\/12\/InShot_20221201_163509596-1-300x300.jpg 300w, http:\/\/www.1010votropticien.com\/blog\/wp-content\/uploads\/2022\/12\/InShot_20221201_163509596-1-768x768.jpg 768w, http:\/\/www.1010votropticien.com\/blog\/wp-content\/uploads\/2022\/12\/InShot_20221201_163509596-1-1536x1536.jpg 1536w, http:\/\/www.1010votropticien.com\/blog\/wp-content\/uploads\/2022\/12\/InShot_20221201_163509596-1-2048x2048.jpg 2048w, http:\/\/www.1010votropticien.com\/blog\/wp-content\/uploads\/2022\/12\/InShot_20221201_163509596-1-160x160.jpg 160w, http:\/\/www.1010votropticien.com\/blog\/wp-content\/uploads\/2022\/12\/InShot_20221201_163509596-1-240x240.jpg 240w, http:\/\/www.1010votropticien.com\/blog\/wp-content\/uploads\/2022\/12\/InShot_20221201_163509596-1-60x60.jpg 60w, http:\/\/www.1010votropticien.com\/blog\/wp-content\/uploads\/2022\/12\/InShot_20221201_163509596-1-184x184.jpg 184w, http:\/\/www.1010votropticien.com\/blog\/wp-content\/uploads\/2022\/12\/InShot_20221201_163509596-1-50x50.jpg 50w\" sizes=\"(max-width: 1024px) 100vw, 1024px\" \/><\/a><\/figure><\/li><li class=\"blocks-gallery-item\"><figure><a href=\"http:\/\/www.1010votropticien.com\/blog\/lunettes-de-vue\/marc-jacobs\/inshot_20221201_163523611-1\/\"><img decoding=\"async\" loading=\"lazy\" width=\"1024\" height=\"1024\" src=\"http:\/\/www.1010votropticien.com\/blog\/wp-content\/uploads\/2022\/12\/InShot_20221201_163523611-1-1024x1024.jpg\" alt=\"\" data-id=\"10754\" data-full-url=\"http:\/\/www.1010votropticien.com\/blog\/wp-content\/uploads\/2022\/12\/InShot_20221201_163523611-1-scaled.jpg\" data-link=\"http:\/\/www.1010votropticien.com\/blog\/lunettes-de-vue\/marc-jacobs\/inshot_20221201_163523611-1\/\" class=\"wp-image-10754\" srcset=\"http:\/\/www.1010votropticien.com\/blog\/wp-content\/uploads\/2022\/12\/InShot_20221201_163523611-1-1024x1024.jpg 1024w, http:\/\/www.1010votropticien.com\/blog\/wp-content\/uploads\/2022\/12\/InShot_20221201_163523611-1-300x300.jpg 300w, http:\/\/www.1010votropticien.com\/blog\/wp-content\/uploads\/2022\/12\/InShot_20221201_163523611-1-768x768.jpg 768w, http:\/\/www.1010votropticien.com\/blog\/wp-content\/uploads\/2022\/12\/InShot_20221201_163523611-1-1536x1536.jpg 1536w, http:\/\/www.1010votropticien.com\/blog\/wp-content\/uploads\/2022\/12\/InShot_20221201_163523611-1-2048x2048.jpg 2048w, http:\/\/www.1010votropticien.com\/blog\/wp-content\/uploads\/2022\/12\/InShot_20221201_163523611-1-160x160.jpg 160w, http:\/\/www.1010votropticien.com\/blog\/wp-content\/uploads\/2022\/12\/InShot_20221201_163523611-1-240x240.jpg 240w, http:\/\/www.1010votropticien.com\/blog\/wp-content\/uploads\/2022\/12\/InShot_20221201_163523611-1-60x60.jpg 60w, http:\/\/www.1010votropticien.com\/blog\/wp-content\/uploads\/2022\/12\/InShot_20221201_163523611-1-184x184.jpg 184w, http:\/\/www.1010votropticien.com\/blog\/wp-content\/uploads\/2022\/12\/InShot_20221201_163523611-1-50x50.jpg 50w\" sizes=\"(max-width: 1024px) 100vw, 1024px\" \/><\/a><\/figure><\/li><li class=\"blocks-gallery-item\"><figure><a href=\"http:\/\/www.1010votropticien.com\/blog\/lunettes-de-vue\/marc-jacobs\/inshot_20221201_163533993-1\/\"><img decoding=\"async\" loading=\"lazy\" width=\"1024\" height=\"1024\" src=\"http:\/\/www.1010votropticien.com\/blog\/wp-content\/uploads\/2022\/12\/InShot_20221201_163533993-1-1024x1024.jpg\" alt=\"\" data-id=\"10756\" data-full-url=\"http:\/\/www.1010votropticien.com\/blog\/wp-content\/uploads\/2022\/12\/InShot_20221201_163533993-1-scaled.jpg\" data-link=\"http:\/\/www.1010votropticien.com\/blog\/lunettes-de-vue\/marc-jacobs\/inshot_20221201_163533993-1\/\" class=\"wp-image-10756\" srcset=\"http:\/\/www.1010votropticien.com\/blog\/wp-content\/uploads\/2022\/12\/InShot_20221201_163533993-1-1024x1024.jpg 1024w, http:\/\/www.1010votropticien.com\/blog\/wp-content\/uploads\/2022\/12\/InShot_20221201_163533993-1-300x300.jpg 300w, http:\/\/www.1010votropticien.com\/blog\/wp-content\/uploads\/2022\/12\/InShot_20221201_163533993-1-768x768.jpg 768w, http:\/\/www.1010votropticien.com\/blog\/wp-content\/uploads\/2022\/12\/InShot_20221201_163533993-1-1536x1536.jpg 1536w, http:\/\/www.1010votropticien.com\/blog\/wp-content\/uploads\/2022\/12\/InShot_20221201_163533993-1-2048x2048.jpg 2048w, http:\/\/www.1010votropticien.com\/blog\/wp-content\/uploads\/2022\/12\/InShot_20221201_163533993-1-160x160.jpg 160w, http:\/\/www.1010votropticien.com\/blog\/wp-content\/uploads\/2022\/12\/InShot_20221201_163533993-1-240x240.jpg 240w, http:\/\/www.1010votropticien.com\/blog\/wp-content\/uploads\/2022\/12\/InShot_20221201_163533993-1-60x60.jpg 60w, http:\/\/www.1010votropticien.com\/blog\/wp-content\/uploads\/2022\/12\/InShot_20221201_163533993-1-184x184.jpg 184w, http:\/\/www.1010votropticien.com\/blog\/wp-content\/uploads\/2022\/12\/InShot_20221201_163533993-1-50x50.jpg 50w\" sizes=\"(max-width: 1024px) 100vw, 1024px\" \/><\/a><\/figure><\/li><li class=\"blocks-gallery-item\"><figure><a href=\"http:\/\/www.1010votropticien.com\/blog\/lunettes-de-vue\/marc-jacobs\/inshot_20221201_163547453-1\/\"><img decoding=\"async\" loading=\"lazy\" width=\"1024\" height=\"1024\" src=\"http:\/\/www.1010votropticien.com\/blog\/wp-content\/uploads\/2022\/12\/InShot_20221201_163547453-1-1024x1024.jpg\" alt=\"\" data-id=\"10757\" data-full-url=\"http:\/\/www.1010votropticien.com\/blog\/wp-content\/uploads\/2022\/12\/InShot_20221201_163547453-1-scaled.jpg\" data-link=\"http:\/\/www.1010votropticien.com\/blog\/lunettes-de-vue\/marc-jacobs\/inshot_20221201_163547453-1\/\" class=\"wp-image-10757\" srcset=\"http:\/\/www.1010votropticien.com\/blog\/wp-content\/uploads\/2022\/12\/InShot_20221201_163547453-1-1024x1024.jpg 1024w, http:\/\/www.1010votropticien.com\/blog\/wp-content\/uploads\/2022\/12\/InShot_20221201_163547453-1-300x300.jpg 300w, http:\/\/www.1010votropticien.com\/blog\/wp-content\/uploads\/2022\/12\/InShot_20221201_163547453-1-768x768.jpg 768w, http:\/\/www.1010votropticien.com\/blog\/wp-content\/uploads\/2022\/12\/InShot_20221201_163547453-1-1536x1536.jpg 1536w, http:\/\/www.1010votropticien.com\/blog\/wp-content\/uploads\/2022\/12\/InShot_20221201_163547453-1-2048x2048.jpg 2048w, http:\/\/www.1010votropticien.com\/blog\/wp-content\/uploads\/2022\/12\/InShot_20221201_163547453-1-160x160.jpg 160w, http:\/\/www.1010votropticien.com\/blog\/wp-content\/uploads\/2022\/12\/InShot_20221201_163547453-1-240x240.jpg 240w, http:\/\/www.1010votropticien.com\/blog\/wp-content\/uploads\/2022\/12\/InShot_20221201_163547453-1-60x60.jpg 60w, http:\/\/www.1010votropticien.com\/blog\/wp-content\/uploads\/2022\/12\/InShot_20221201_163547453-1-184x184.jpg 184w, http:\/\/www.1010votropticien.com\/blog\/wp-content\/uploads\/2022\/12\/InShot_20221201_163547453-1-50x50.jpg 50w\" sizes=\"(max-width: 1024px) 100vw, 1024px\" \/><\/a><\/figure><\/li><li class=\"blocks-gallery-item\"><figure><a href=\"http:\/\/www.1010votropticien.com\/blog\/lunettes-de-vue\/marc-jacobs\/inshot_20221201_163604415-1\/\"><img decoding=\"async\" loading=\"lazy\" width=\"1024\" height=\"1024\" src=\"http:\/\/www.1010votropticien.com\/blog\/wp-content\/uploads\/2022\/12\/InShot_20221201_163604415-1-1024x1024.jpg\" alt=\"\" data-id=\"10758\" data-full-url=\"http:\/\/www.1010votropticien.com\/blog\/wp-content\/uploads\/2022\/12\/InShot_20221201_163604415-1-scaled.jpg\" data-link=\"http:\/\/www.1010votropticien.com\/blog\/lunettes-de-vue\/marc-jacobs\/inshot_20221201_163604415-1\/\" class=\"wp-image-10758\" srcset=\"http:\/\/www.1010votropticien.com\/blog\/wp-content\/uploads\/2022\/12\/InShot_20221201_163604415-1-1024x1024.jpg 1024w, http:\/\/www.1010votropticien.com\/blog\/wp-content\/uploads\/2022\/12\/InShot_20221201_163604415-1-300x300.jpg 300w, http:\/\/www.1010votropticien.com\/blog\/wp-content\/uploads\/2022\/12\/InShot_20221201_163604415-1-768x768.jpg 768w, http:\/\/www.1010votropticien.com\/blog\/wp-content\/uploads\/2022\/12\/InShot_20221201_163604415-1-1536x1536.jpg 1536w, http:\/\/www.1010votropticien.com\/blog\/wp-content\/uploads\/2022\/12\/InShot_20221201_163604415-1-2048x2048.jpg 2048w, http:\/\/www.1010votropticien.com\/blog\/wp-content\/uploads\/2022\/12\/InShot_20221201_163604415-1-160x160.jpg 160w, http:\/\/www.1010votropticien.com\/blog\/wp-content\/uploads\/2022\/12\/InShot_20221201_163604415-1-240x240.jpg 240w, http:\/\/www.1010votropticien.com\/blog\/wp-content\/uploads\/2022\/12\/InShot_20221201_163604415-1-60x60.jpg 60w, http:\/\/www.1010votropticien.com\/blog\/wp-content\/uploads\/2022\/12\/InShot_20221201_163604415-1-184x184.jpg 184w, http:\/\/www.1010votropticien.com\/blog\/wp-content\/uploads\/2022\/12\/InShot_20221201_163604415-1-50x50.jpg 50w\" sizes=\"(max-width: 1024px) 100vw, 1024px\" \/><\/a><\/figure><\/li><li class=\"blocks-gallery-item\"><figure><a href=\"http:\/\/www.1010votropticien.com\/blog\/lunettes-de-vue\/marc-jacobs\/inshot_20221201_163617606-1\/\"><img decoding=\"async\" loading=\"lazy\" width=\"1024\" height=\"1024\" src=\"http:\/\/www.1010votropticien.com\/blog\/wp-content\/uploads\/2022\/12\/InShot_20221201_163617606-1-1024x1024.jpg\" alt=\"\" data-id=\"10759\" data-full-url=\"http:\/\/www.1010votropticien.com\/blog\/wp-content\/uploads\/2022\/12\/InShot_20221201_163617606-1-scaled.jpg\" data-link=\"http:\/\/www.1010votropticien.com\/blog\/lunettes-de-vue\/marc-jacobs\/inshot_20221201_163617606-1\/\" class=\"wp-image-10759\" srcset=\"http:\/\/www.1010votropticien.com\/blog\/wp-content\/uploads\/2022\/12\/InShot_20221201_163617606-1-1024x1024.jpg 1024w, http:\/\/www.1010votropticien.com\/blog\/wp-content\/uploads\/2022\/12\/InShot_20221201_163617606-1-300x300.jpg 300w, http:\/\/www.1010votropticien.com\/blog\/wp-content\/uploads\/2022\/12\/InShot_20221201_163617606-1-768x768.jpg 768w, http:\/\/www.1010votropticien.com\/blog\/wp-content\/uploads\/2022\/12\/InShot_20221201_163617606-1-1536x1536.jpg 1536w, http:\/\/www.1010votropticien.com\/blog\/wp-content\/uploads\/2022\/12\/InShot_20221201_163617606-1-2048x2048.jpg 2048w, http:\/\/www.1010votropticien.com\/blog\/wp-content\/uploads\/2022\/12\/InShot_20221201_163617606-1-160x160.jpg 160w, http:\/\/www.1010votropticien.com\/blog\/wp-content\/uploads\/2022\/12\/InShot_20221201_163617606-1-240x240.jpg 240w, http:\/\/www.1010votropticien.com\/blog\/wp-content\/uploads\/2022\/12\/InShot_20221201_163617606-1-60x60.jpg 60w, http:\/\/www.1010votropticien.com\/blog\/wp-content\/uploads\/2022\/12\/InShot_20221201_163617606-1-184x184.jpg 184w, http:\/\/www.1010votropticien.com\/blog\/wp-content\/uploads\/2022\/12\/InShot_20221201_163617606-1-50x50.jpg 50w\" sizes=\"(max-width: 1024px) 100vw, 1024px\" \/><\/a><\/figure><\/li><li class=\"blocks-gallery-item\"><figure><a href=\"http:\/\/www.1010votropticien.com\/blog\/lunettes-de-vue\/marc-jacobs\/inshot_20221201_163630134-1\/\"><img decoding=\"async\" loading=\"lazy\" width=\"1024\" height=\"1024\" src=\"http:\/\/www.1010votropticien.com\/blog\/wp-content\/uploads\/2022\/12\/InShot_20221201_163630134-1-1024x1024.jpg\" alt=\"\" data-id=\"10760\" data-full-url=\"http:\/\/www.1010votropticien.com\/blog\/wp-content\/uploads\/2022\/12\/InShot_20221201_163630134-1-scaled.jpg\" data-link=\"http:\/\/www.1010votropticien.com\/blog\/lunettes-de-vue\/marc-jacobs\/inshot_20221201_163630134-1\/\" class=\"wp-image-10760\" srcset=\"http:\/\/www.1010votropticien.com\/blog\/wp-content\/uploads\/2022\/12\/InShot_20221201_163630134-1-1024x1024.jpg 1024w, http:\/\/www.1010votropticien.com\/blog\/wp-content\/uploads\/2022\/12\/InShot_20221201_163630134-1-300x300.jpg 300w, http:\/\/www.1010votropticien.com\/blog\/wp-content\/uploads\/2022\/12\/InShot_20221201_163630134-1-768x768.jpg 768w, http:\/\/www.1010votropticien.com\/blog\/wp-content\/uploads\/2022\/12\/InShot_20221201_163630134-1-1536x1536.jpg 1536w, http:\/\/www.1010votropticien.com\/blog\/wp-content\/uploads\/2022\/12\/InShot_20221201_163630134-1-2048x2048.jpg 2048w, http:\/\/www.1010votropticien.com\/blog\/wp-content\/uploads\/2022\/12\/InShot_20221201_163630134-1-160x160.jpg 160w, http:\/\/www.1010votropticien.com\/blog\/wp-content\/uploads\/2022\/12\/InShot_20221201_163630134-1-240x240.jpg 240w, http:\/\/www.1010votropticien.com\/blog\/wp-content\/uploads\/2022\/12\/InShot_20221201_163630134-1-60x60.jpg 60w, http:\/\/www.1010votropticien.com\/blog\/wp-content\/uploads\/2022\/12\/InShot_20221201_163630134-1-184x184.jpg 184w, http:\/\/www.1010votropticien.com\/blog\/wp-content\/uploads\/2022\/12\/InShot_20221201_163630134-1-50x50.jpg 50w\" sizes=\"(max-width: 1024px) 100vw, 1024px\" \/><\/a><\/figure><\/li><li class=\"blocks-gallery-item\"><figure><a href=\"http:\/\/www.1010votropticien.com\/blog\/lunettes-de-vue\/marc-jacobs\/inshot_20221201_163643905-1\/\"><img decoding=\"async\" loading=\"lazy\" width=\"1024\" height=\"1024\" src=\"http:\/\/www.1010votropticien.com\/blog\/wp-content\/uploads\/2022\/12\/InShot_20221201_163643905-1-1024x1024.jpg\" alt=\"\" data-id=\"10761\" data-full-url=\"http:\/\/www.1010votropticien.com\/blog\/wp-content\/uploads\/2022\/12\/InShot_20221201_163643905-1-scaled.jpg\" data-link=\"http:\/\/www.1010votropticien.com\/blog\/lunettes-de-vue\/marc-jacobs\/inshot_20221201_163643905-1\/\" class=\"wp-image-10761\" srcset=\"http:\/\/www.1010votropticien.com\/blog\/wp-content\/uploads\/2022\/12\/InShot_20221201_163643905-1-1024x1024.jpg 1024w, http:\/\/www.1010votropticien.com\/blog\/wp-content\/uploads\/2022\/12\/InShot_20221201_163643905-1-300x300.jpg 300w, http:\/\/www.1010votropticien.com\/blog\/wp-content\/uploads\/2022\/12\/InShot_20221201_163643905-1-768x768.jpg 768w, http:\/\/www.1010votropticien.com\/blog\/wp-content\/uploads\/2022\/12\/InShot_20221201_163643905-1-1536x1536.jpg 1536w, http:\/\/www.1010votropticien.com\/blog\/wp-content\/uploads\/2022\/12\/InShot_20221201_163643905-1-2048x2048.jpg 2048w, http:\/\/www.1010votropticien.com\/blog\/wp-content\/uploads\/2022\/12\/InShot_20221201_163643905-1-160x160.jpg 160w, http:\/\/www.1010votropticien.com\/blog\/wp-content\/uploads\/2022\/12\/InShot_20221201_163643905-1-240x240.jpg 240w, http:\/\/www.1010votropticien.com\/blog\/wp-content\/uploads\/2022\/12\/InShot_20221201_163643905-1-60x60.jpg 60w, http:\/\/www.1010votropticien.com\/blog\/wp-content\/uploads\/2022\/12\/InShot_20221201_163643905-1-184x184.jpg 184w, http:\/\/www.1010votropticien.com\/blog\/wp-content\/uploads\/2022\/12\/InShot_20221201_163643905-1-50x50.jpg 50w\" sizes=\"(max-width: 1024px) 100vw, 1024px\" \/><\/a><\/figure><\/li><\/ul><\/figure>\n\n\n<h3>&nbsp;<\/h3>\n<h4>N\u00e9 le 9 avril 1963 \u00e0 New York , <span style=\"color: #ff0000;\">Marc Jacobs<\/span> grandit dans un milieu privil\u00e9gi\u00e9, sa grand-m\u00e8re l\u2019\u00e9l\u00e8ve et lui donne le go\u00fbt du <span style=\"color: #ff0000;\">tricot<\/span> et de la <span style=\"color: #ff0000;\">couture<\/span>.<\/h4>\n<h4>Inscrit \u00e0 la <span style=\"color: #ff0000;\">High School Art and Design<\/span> , puis \u00e0 la <span style=\"color: #ff0000;\">Parsons School of Design<\/span>, sa premi\u00e8re collection pr\u00e9sente des <span style=\"color: #ff0000;\">pulls oversized<\/span> faits main, orn\u00e9s de <span style=\"color: #ff0000;\">smileys<\/span> .<\/h4>\n<h4>En 1997, il arrive chez <span style=\"color: #ff0000;\">Louis Vuitton<\/span>, les malles s\u2019habillent de nouvelles <span style=\"color: #ff0000;\">couleurs<\/span>; les <span style=\"color: #ff0000;\">imprim\u00e9s<\/span> et les bottes lac\u00e9es rajeunissent la <span style=\"color: #ff0000;\">marque<\/span>.<\/h4>\n<h4>Repr\u00e9sentant d\u2019une <span style=\"color: #ff0000;\">jeunesse chic et d\u00e9contract\u00e9e<\/span>, Marc Jacobs devient rapidement une <span style=\"color: #ff0000;\">l\u00e9gende<\/span> .<\/h4>\n<h4>En 2007, il impose son premier <span style=\"color: #ff0000;\">parfum<\/span> sur le march\u00e9, le <span style=\"color: #ff0000;\">Floral Daisy<\/span> est prim\u00e9 aux&nbsp;<span style=\"color: #ff0000;\">FiFi Awards<\/span> .<\/h4>\n<h4>En 2012, le <span style=\"color: #ff0000;\">mus\u00e9e des Arts d\u00e9coratifs de Paris<\/span> lui consacre une exposition: elle retrace son parcours au sein de la maison Louis Vuitton .<\/h4>\n<h4>En 2013, il cr\u00e9e le design des nouvelles bouteilles de <span style=\"color: #ff0000;\">Coca-Cola Light. <\/span><\/h4>\n<h4>Cet enfant de la mode nous offre une collection de lunettes <span style=\"color: #ff0000;\">MODE<\/span> avec du <span style=\"color: #ff0000;\">caract\u00e8re<\/span>. Le<span style=\"color: #ff0000;\"> design<\/span> et les <span style=\"color: #ff0000;\">courbes<\/span> y sont <span style=\"color: #ff0000;\">g\u00e9n\u00e9reuses<\/span> avec de belles <span style=\"color: #ff0000;\">plaques d\u2019ac\u00e9tate<\/span>, souvent accompagn\u00e9es de <span style=\"color: #ff0000;\">dor\u00e9<\/span>. Avec Marc Jacobs, venez trouver votre <span style=\"color: #ff0000;\">style<\/span>, vous serez <span style=\"color: #ff0000;\">tendance<\/span>.<\/h4>\n<h5>&nbsp;<\/h5>","protected":false},"excerpt":{"rendered":"<p>Voici un petit aper\u00e7u des mod\u00e8les de la collection Marc Jacobs &#8230; Venez vite en magasin les essayer et d\u00e9couvrir d&rsquo;autres mod\u00e8les! &nbsp; N\u00e9 le 9 avril 1963 \u00e0 New York , Marc Jacobs grandit dans un milieu privil\u00e9gi\u00e9, sa grand-m\u00e8re l\u2019\u00e9l\u00e8ve et lui donne le go\u00fbt du tricot et de la couture. Inscrit \u00e0 [&hellip;]<\/p>\n","protected":false},"author":4,"featured_media":0,"parent":1290,"menu_order":0,"comment_status":"closed","ping_status":"closed","template":"","meta":{"ngg_post_thumbnail":0},"_links":{"self":[{"href":"http:\/\/www.1010votropticien.com\/blog\/wp-json\/wp\/v2\/pages\/7616"}],"collection":[{"href":"http:\/\/www.1010votropticien.com\/blog\/wp-json\/wp\/v2\/pages"}],"about":[{"href":"http:\/\/www.1010votropticien.com\/blog\/wp-json\/wp\/v2\/types\/page"}],"author":[{"embeddable":true,"href":"http:\/\/www.1010votropticien.com\/blog\/wp-json\/wp\/v2\/users\/4"}],"replies":[{"embeddable":true,"href":"http:\/\/www.1010votropticien.com\/blog\/wp-json\/wp\/v2\/comments?post=7616"}],"version-history":[{"count":1,"href":"http:\/\/www.1010votropticien.com\/blog\/wp-json\/wp\/v2\/pages\/7616\/revisions"}],"predecessor-version":[{"id":10762,"href":"http:\/\/www.1010votropticien.com\/blog\/wp-json\/wp\/v2\/pages\/7616\/revisions\/10762"}],"up":[{"embeddable":true,"href":"http:\/\/www.1010votropticien.com\/blog\/wp-json\/wp\/v2\/pages\/1290"}],"wp:attachment":[{"href":"http:\/\/www.1010votropticien.com\/blog\/wp-json\/wp\/v2\/media?parent=7616"}],"curies":[{"name":"wp","href":"https:\/\/api.w.org\/{rel}","templated":true}]}}