{"id":7452,"date":"2018-09-14T14:35:46","date_gmt":"2018-09-14T12:35:46","guid":{"rendered":"http:\/\/www.1010votropticien.com\/blog\/?page_id=7452"},"modified":"2021-03-15T13:00:28","modified_gmt":"2021-03-15T12:00:28","slug":"catimini","status":"publish","type":"page","link":"http:\/\/www.1010votropticien.com\/blog\/catimini\/","title":{"rendered":"Catimini"},"content":{"rendered":"<h3>Voici un petit aper\u00e7u des mod\u00e8les de la collection Catimini &#8230; Venez vite en magasin les essayer et d\u00e9couvrir d&rsquo;autres mod\u00e8les!<\/h3>\n<div class=\"et_pb_text et_pb_module et_pb_bg_layout_light et_pb_text_align_left et_pb_text_0\">\n\n\t\t<style type=\"text\/css\">\n\t\t\t#gallery-1 {\n\t\t\t\tmargin: auto;\n\t\t\t}\n\t\t\t#gallery-1 .gallery-item {\n\t\t\t\tfloat: left;\n\t\t\t\tmargin-top: 10px;\n\t\t\t\ttext-align: center;\n\t\t\t\twidth: 33%;\n\t\t\t}\n\t\t\t#gallery-1 img {\n\t\t\t\tborder: 2px solid #cfcfcf;\n\t\t\t}\n\t\t\t#gallery-1 .gallery-caption {\n\t\t\t\tmargin-left: 0;\n\t\t\t}\n\t\t\t\/* see gallery_shortcode() in wp-includes\/media.php *\/\n\t\t<\/style>\n\t\t<div id='gallery-1' class='gallery galleryid-7452 gallery-columns-3 gallery-size-thumbnail'><dl class='gallery-item'>\n\t\t\t<dt class='gallery-icon landscape'>\n\t\t\t\t<a href='http:\/\/www.1010votropticien.com\/blog\/catimini\/catimini-ca0032-optique1010-faches-thumesnil-ref-18070\/'><img width=\"293\" height=\"200\" src=\"http:\/\/www.1010votropticien.com\/blog\/wp-content\/uploads\/2021\/03\/Catimini-CA0032-OPTIQUE1010-FACHES-THUMESNIL-R\u00e9f-18070-293x200.jpg\" class=\"attachment-thumbnail size-thumbnail\" alt=\"Catimini CA0032 OPTIQUE1010 FACHES THUMESNIL R\u00e9f 18070\" decoding=\"async\" loading=\"lazy\" aria-describedby=\"gallery-1-9592\" \/><\/a>\n\t\t\t<\/dt>\n\t\t\t\t<dd class='wp-caption-text gallery-caption' id='gallery-1-9592'>\n\t\t\t\tCatimini CA0032 OPTIQUE1010 FACHES THUMESNIL R\u00e9f 18070\n\t\t\t\t<\/dd><\/dl><dl class='gallery-item'>\n\t\t\t<dt class='gallery-icon landscape'>\n\t\t\t\t<a href='http:\/\/www.1010votropticien.com\/blog\/catimini\/catimini-ca0032-b-optique1010-faches-thumesnil-ref-18070\/'><img width=\"293\" height=\"200\" src=\"http:\/\/www.1010votropticien.com\/blog\/wp-content\/uploads\/2021\/03\/Catimini-CA0032-B-OPTIQUE1010-FACHES-THUMESNIL-R\u00e9f-18070-293x200.jpg\" class=\"attachment-thumbnail size-thumbnail\" alt=\"Catimini CA0032 B OPTIQUE1010 FACHES THUMESNIL R\u00e9f 18070\" decoding=\"async\" loading=\"lazy\" aria-describedby=\"gallery-1-9593\" \/><\/a>\n\t\t\t<\/dt>\n\t\t\t\t<dd class='wp-caption-text gallery-caption' id='gallery-1-9593'>\n\t\t\t\tCatimini CA0032 B OPTIQUE1010 FACHES THUMESNIL R\u00e9f 18070\n\t\t\t\t<\/dd><\/dl><dl class='gallery-item'>\n\t\t\t<dt class='gallery-icon landscape'>\n\t\t\t\t<a href='http:\/\/www.1010votropticien.com\/blog\/catimini\/catimini-ca0032-v-optique1010-faches-thumesnil-ref-18070\/'><img width=\"293\" height=\"200\" src=\"http:\/\/www.1010votropticien.com\/blog\/wp-content\/uploads\/2021\/03\/Catimini-CA0032-V-OPTIQUE1010-FACHES-THUMESNIL-R\u00e9f-18070-293x200.jpg\" class=\"attachment-thumbnail size-thumbnail\" alt=\"Catimini CA0032 V OPTIQUE1010 FACHES THUMESNIL R\u00e9f 18070\" decoding=\"async\" loading=\"lazy\" aria-describedby=\"gallery-1-9594\" \/><\/a>\n\t\t\t<\/dt>\n\t\t\t\t<dd class='wp-caption-text gallery-caption' id='gallery-1-9594'>\n\t\t\t\tCatimini CA0032 V OPTIQUE1010 FACHES THUMESNIL R\u00e9f 18070\n\t\t\t\t<\/dd><\/dl><br style=\"clear: both\" \/><dl class='gallery-item'>\n\t\t\t<dt class='gallery-icon landscape'>\n\t\t\t\t<a href='http:\/\/www.1010votropticien.com\/blog\/catimini\/catimini-ca0073-optique1010-faches-thumesnil-ref-18065\/'><img width=\"293\" height=\"200\" src=\"http:\/\/www.1010votropticien.com\/blog\/wp-content\/uploads\/2021\/03\/Catimini-CA0073-OPTIQUE1010-FACHES-THUMESNIL-R\u00e9f-18065-293x200.jpg\" class=\"attachment-thumbnail size-thumbnail\" alt=\"Catimini CA0073 OPTIQUE1010 FACHES THUMESNIL R\u00e9f 18065\" decoding=\"async\" loading=\"lazy\" aria-describedby=\"gallery-1-9595\" \/><\/a>\n\t\t\t<\/dt>\n\t\t\t\t<dd class='wp-caption-text gallery-caption' id='gallery-1-9595'>\n\t\t\t\tCatimini CA0073 OPTIQUE1010 FACHES THUMESNIL R\u00e9f 18065\n\t\t\t\t<\/dd><\/dl><dl class='gallery-item'>\n\t\t\t<dt class='gallery-icon landscape'>\n\t\t\t\t<a href='http:\/\/www.1010votropticien.com\/blog\/catimini\/catimini-ca0073-b-optique1010-faches-thumesnil-ref-18065\/'><img width=\"293\" height=\"200\" src=\"http:\/\/www.1010votropticien.com\/blog\/wp-content\/uploads\/2021\/03\/Catimini-CA0073-B-OPTIQUE1010-FACHES-THUMESNIL-R\u00e9f-18065-293x200.jpg\" class=\"attachment-thumbnail size-thumbnail\" alt=\"Catimini CA0073 B OPTIQUE1010 FACHES THUMESNIL R\u00e9f 18065\" decoding=\"async\" loading=\"lazy\" aria-describedby=\"gallery-1-9596\" \/><\/a>\n\t\t\t<\/dt>\n\t\t\t\t<dd class='wp-caption-text gallery-caption' id='gallery-1-9596'>\n\t\t\t\tCatimini CA0073 B OPTIQUE1010 FACHES THUMESNIL R\u00e9f 18065\n\t\t\t\t<\/dd><\/dl><dl class='gallery-item'>\n\t\t\t<dt class='gallery-icon landscape'>\n\t\t\t\t<a href='http:\/\/www.1010votropticien.com\/blog\/catimini\/catimini-ca0073-v-optique1010-faches-thumesnil-ref-18065\/'><img width=\"293\" height=\"200\" src=\"http:\/\/www.1010votropticien.com\/blog\/wp-content\/uploads\/2021\/03\/Catimini-CA0073-V-OPTIQUE1010-FACHES-THUMESNIL-R\u00e9f-18065-293x200.jpg\" class=\"attachment-thumbnail size-thumbnail\" alt=\"Catimini CA0073 V OPTIQUE1010 FACHES THUMESNIL R\u00e9f 18065\" decoding=\"async\" loading=\"lazy\" aria-describedby=\"gallery-1-9597\" \/><\/a>\n\t\t\t<\/dt>\n\t\t\t\t<dd class='wp-caption-text gallery-caption' id='gallery-1-9597'>\n\t\t\t\tCatimini CA0073 V OPTIQUE1010 FACHES THUMESNIL R\u00e9f 18065\n\t\t\t\t<\/dd><\/dl><br style=\"clear: both\" \/><dl class='gallery-item'>\n\t\t\t<dt class='gallery-icon landscape'>\n\t\t\t\t<a href='http:\/\/www.1010votropticien.com\/blog\/catimini\/catimini-ca0080-optique1010-faches-thumesnil-ref-18068\/'><img width=\"293\" height=\"200\" src=\"http:\/\/www.1010votropticien.com\/blog\/wp-content\/uploads\/2021\/03\/Catimini-CA0080-OPTIQUE1010-FACHES-THUMESNIL-R\u00e9f-18068-293x200.jpg\" class=\"attachment-thumbnail size-thumbnail\" alt=\"Catimini CA0080 OPTIQUE1010 FACHES THUMESNIL R\u00e9f 18068\" decoding=\"async\" loading=\"lazy\" aria-describedby=\"gallery-1-9598\" \/><\/a>\n\t\t\t<\/dt>\n\t\t\t\t<dd class='wp-caption-text gallery-caption' id='gallery-1-9598'>\n\t\t\t\tCatimini CA0080 OPTIQUE1010 FACHES THUMESNIL R\u00e9f 18068\n\t\t\t\t<\/dd><\/dl><dl class='gallery-item'>\n\t\t\t<dt class='gallery-icon landscape'>\n\t\t\t\t<a href='http:\/\/www.1010votropticien.com\/blog\/catimini\/catimini-ca0080-voptique1010-faches-thumesnil-ref-18068\/'><img width=\"293\" height=\"200\" src=\"http:\/\/www.1010votropticien.com\/blog\/wp-content\/uploads\/2021\/03\/Catimini-CA0080-VOPTIQUE1010-FACHES-THUMESNIL-R\u00e9f-18068-293x200.jpg\" class=\"attachment-thumbnail size-thumbnail\" alt=\"Catimini CA0080 OPTIQUE1010 FACHES THUMESNIL R\u00e9f 18068\" decoding=\"async\" loading=\"lazy\" aria-describedby=\"gallery-1-9599\" \/><\/a>\n\t\t\t<\/dt>\n\t\t\t\t<dd class='wp-caption-text gallery-caption' id='gallery-1-9599'>\n\t\t\t\tCatimini CA0080 OPTIQUE1010 FACHES THUMESNIL R\u00e9f 18068\n\t\t\t\t<\/dd><\/dl><dl class='gallery-item'>\n\t\t\t<dt class='gallery-icon landscape'>\n\t\t\t\t<a href='http:\/\/www.1010votropticien.com\/blog\/catimini\/catimini-ca0081-optique1010-faches-thumesnil-ref-18066\/'><img width=\"293\" height=\"200\" src=\"http:\/\/www.1010votropticien.com\/blog\/wp-content\/uploads\/2021\/03\/Catimini-CA0081-OPTIQUE1010-FACHES-THUMESNIL-R\u00e9f-18066-293x200.jpg\" class=\"attachment-thumbnail size-thumbnail\" alt=\"Catimini CA0080 OPTIQUE1010 FACHES THUMESNIL R\u00e9f 18068\" decoding=\"async\" loading=\"lazy\" aria-describedby=\"gallery-1-9601\" \/><\/a>\n\t\t\t<\/dt>\n\t\t\t\t<dd class='wp-caption-text gallery-caption' id='gallery-1-9601'>\n\t\t\t\tCatimini CA0080 OPTIQUE1010 FACHES THUMESNIL R\u00e9f 18068\n\t\t\t\t<\/dd><\/dl><br style=\"clear: both\" \/><dl class='gallery-item'>\n\t\t\t<dt class='gallery-icon landscape'>\n\t\t\t\t<a href='http:\/\/www.1010votropticien.com\/blog\/catimini\/catimini-ca0081-v-optique1010-faches-thumesnil-ref-18066\/'><img width=\"293\" height=\"200\" src=\"http:\/\/www.1010votropticien.com\/blog\/wp-content\/uploads\/2021\/03\/Catimini-CA0081-V-OPTIQUE1010-FACHES-THUMESNIL-R\u00e9f-18066-293x200.jpg\" class=\"attachment-thumbnail size-thumbnail\" alt=\"Catimini CA0081 V OPTIQUE1010 FACHES THUMESNIL R\u00e9f 18066\" decoding=\"async\" loading=\"lazy\" aria-describedby=\"gallery-1-9602\" \/><\/a>\n\t\t\t<\/dt>\n\t\t\t\t<dd class='wp-caption-text gallery-caption' id='gallery-1-9602'>\n\t\t\t\tCatimini CA0081 V OPTIQUE1010 FACHES THUMESNIL R\u00e9f 18066\n\t\t\t\t<\/dd><\/dl><dl class='gallery-item'>\n\t\t\t<dt class='gallery-icon landscape'>\n\t\t\t\t<a href='http:\/\/www.1010votropticien.com\/blog\/catimini\/catimini-ca0086-optique1010-faches-thumesnil-ref-18067\/'><img width=\"293\" height=\"200\" src=\"http:\/\/www.1010votropticien.com\/blog\/wp-content\/uploads\/2021\/03\/Catimini-CA0086-OPTIQUE1010-FACHES-THUMESNIL-R\u00e9f-18067-293x200.jpg\" class=\"attachment-thumbnail size-thumbnail\" alt=\"Catimini CA0086 OPTIQUE1010 FACHES THUMESNIL R\u00e9f 18067\" decoding=\"async\" loading=\"lazy\" aria-describedby=\"gallery-1-9603\" \/><\/a>\n\t\t\t<\/dt>\n\t\t\t\t<dd class='wp-caption-text gallery-caption' id='gallery-1-9603'>\n\t\t\t\tCatimini CA0086 OPTIQUE1010 FACHES THUMESNIL R\u00e9f 18067\n\t\t\t\t<\/dd><\/dl><dl class='gallery-item'>\n\t\t\t<dt class='gallery-icon landscape'>\n\t\t\t\t<a href='http:\/\/www.1010votropticien.com\/blog\/catimini\/catimini-ca0086-b-optique1010-faches-thumesnil-ref-18067\/'><img width=\"293\" height=\"200\" src=\"http:\/\/www.1010votropticien.com\/blog\/wp-content\/uploads\/2021\/03\/Catimini-CA0086-B-OPTIQUE1010-FACHES-THUMESNIL-R\u00e9f-18067-293x200.jpg\" class=\"attachment-thumbnail size-thumbnail\" alt=\"Catimini CA0086 B OPTIQUE1010 FACHES THUMESNIL R\u00e9f 18067\" decoding=\"async\" loading=\"lazy\" aria-describedby=\"gallery-1-9604\" \/><\/a>\n\t\t\t<\/dt>\n\t\t\t\t<dd class='wp-caption-text gallery-caption' id='gallery-1-9604'>\n\t\t\t\tCatimini CA0086 B OPTIQUE1010 FACHES THUMESNIL R\u00e9f 18067\n\t\t\t\t<\/dd><\/dl><br style=\"clear: both\" \/><dl class='gallery-item'>\n\t\t\t<dt class='gallery-icon landscape'>\n\t\t\t\t<a href='http:\/\/www.1010votropticien.com\/blog\/catimini\/catimini-ca0086-d-optique1010-faches-thumesnil-ref-18067\/'><img width=\"293\" height=\"200\" src=\"http:\/\/www.1010votropticien.com\/blog\/wp-content\/uploads\/2021\/03\/Catimini-CA0086-D-OPTIQUE1010-FACHES-THUMESNIL-R\u00e9f-18067-293x200.jpg\" class=\"attachment-thumbnail size-thumbnail\" alt=\"Catimini CA0086 D OPTIQUE1010 FACHES THUMESNIL R\u00e9f 18067\" decoding=\"async\" loading=\"lazy\" aria-describedby=\"gallery-1-9605\" \/><\/a>\n\t\t\t<\/dt>\n\t\t\t\t<dd class='wp-caption-text gallery-caption' id='gallery-1-9605'>\n\t\t\t\tCatimini CA0086 D OPTIQUE1010 FACHES THUMESNIL R\u00e9f 18067\n\t\t\t\t<\/dd><\/dl><dl class='gallery-item'>\n\t\t\t<dt class='gallery-icon landscape'>\n\t\t\t\t<a href='http:\/\/www.1010votropticien.com\/blog\/catimini\/catimini-ca0086-v-optique1010-faches-thumesnil-ref-18067\/'><img width=\"293\" height=\"200\" src=\"http:\/\/www.1010votropticien.com\/blog\/wp-content\/uploads\/2021\/03\/Catimini-CA0086-V-OPTIQUE1010-FACHES-THUMESNIL-R\u00e9f-18067-293x200.jpg\" class=\"attachment-thumbnail size-thumbnail\" alt=\"Catimini CA0086 V OPTIQUE1010 FACHES THUMESNIL R\u00e9f 18067\" decoding=\"async\" loading=\"lazy\" aria-describedby=\"gallery-1-9606\" \/><\/a>\n\t\t\t<\/dt>\n\t\t\t\t<dd class='wp-caption-text gallery-caption' id='gallery-1-9606'>\n\t\t\t\tCatimini CA0086 V OPTIQUE1010 FACHES THUMESNIL R\u00e9f 18067\n\t\t\t\t<\/dd><\/dl><dl class='gallery-item'>\n\t\t\t<dt class='gallery-icon landscape'>\n\t\t\t\t<a href='http:\/\/www.1010votropticien.com\/blog\/catimini\/catimini-ca0095-optique1010-faches-thumesnil-ref-18069\/'><img width=\"293\" height=\"200\" src=\"http:\/\/www.1010votropticien.com\/blog\/wp-content\/uploads\/2021\/03\/Catimini-CA0095-OPTIQUE1010-FACHES-THUMESNIL-R\u00e9f-18069-293x200.jpg\" class=\"attachment-thumbnail size-thumbnail\" alt=\"Catimini CA0095 OPTIQUE1010 FACHES THUMESNIL R\u00e9f 18069\" decoding=\"async\" loading=\"lazy\" aria-describedby=\"gallery-1-9607\" \/><\/a>\n\t\t\t<\/dt>\n\t\t\t\t<dd class='wp-caption-text gallery-caption' id='gallery-1-9607'>\n\t\t\t\tCatimini CA0095 OPTIQUE1010 FACHES THUMESNIL R\u00e9f 18069\n\t\t\t\t<\/dd><\/dl><br style=\"clear: both\" \/><dl class='gallery-item'>\n\t\t\t<dt class='gallery-icon landscape'>\n\t\t\t\t<a href='http:\/\/www.1010votropticien.com\/blog\/catimini\/catimini-ca0095-b-optique1010-faches-thumesnil-ref-18069\/'><img width=\"293\" height=\"200\" src=\"http:\/\/www.1010votropticien.com\/blog\/wp-content\/uploads\/2021\/03\/Catimini-CA0095-B-OPTIQUE1010-FACHES-THUMESNIL-R\u00e9f-18069-293x200.jpg\" class=\"attachment-thumbnail size-thumbnail\" alt=\"Catimini CA0095 B OPTIQUE1010 FACHES THUMESNIL R\u00e9f 18069\" decoding=\"async\" loading=\"lazy\" aria-describedby=\"gallery-1-9608\" \/><\/a>\n\t\t\t<\/dt>\n\t\t\t\t<dd class='wp-caption-text gallery-caption' id='gallery-1-9608'>\n\t\t\t\tCatimini CA0095 B OPTIQUE1010 FACHES THUMESNIL R\u00e9f 18069\n\t\t\t\t<\/dd><\/dl><dl class='gallery-item'>\n\t\t\t<dt class='gallery-icon landscape'>\n\t\t\t\t<a href='http:\/\/www.1010votropticien.com\/blog\/catimini\/catimini-ca0095-v-optique1010-faches-thumesnil-ref-18069\/'><img width=\"293\" height=\"200\" src=\"http:\/\/www.1010votropticien.com\/blog\/wp-content\/uploads\/2021\/03\/Catimini-CA0095-V-OPTIQUE1010-FACHES-THUMESNIL-R\u00e9f-18069-293x200.jpg\" class=\"attachment-thumbnail size-thumbnail\" alt=\"Catimini CA0095 V OPTIQUE1010 FACHES THUMESNIL R\u00e9f 18069\" decoding=\"async\" loading=\"lazy\" aria-describedby=\"gallery-1-9609\" \/><\/a>\n\t\t\t<\/dt>\n\t\t\t\t<dd class='wp-caption-text gallery-caption' id='gallery-1-9609'>\n\t\t\t\tCatimini CA0095 V OPTIQUE1010 FACHES THUMESNIL R\u00e9f 18069\n\t\t\t\t<\/dd><\/dl><dl class='gallery-item'>\n\t\t\t<dt class='gallery-icon landscape'>\n\t\t\t\t<a href='http:\/\/www.1010votropticien.com\/blog\/catimini\/catimini-ca0108-optique1010-faches-thumesnil-ref-18063\/'><img width=\"293\" height=\"200\" src=\"http:\/\/www.1010votropticien.com\/blog\/wp-content\/uploads\/2021\/03\/Catimini-CA0108-OPTIQUE1010-FACHES-THUMESNIL-R\u00e9f-18063-293x200.jpg\" class=\"attachment-thumbnail size-thumbnail\" alt=\"Catimini CA0108 OPTIQUE1010 FACHES THUMESNIL R\u00e9f 18063\" decoding=\"async\" loading=\"lazy\" aria-describedby=\"gallery-1-9610\" \/><\/a>\n\t\t\t<\/dt>\n\t\t\t\t<dd class='wp-caption-text gallery-caption' id='gallery-1-9610'>\n\t\t\t\tCatimini CA0108 OPTIQUE1010 FACHES THUMESNIL R\u00e9f 18063\n\t\t\t\t<\/dd><\/dl><br style=\"clear: both\" \/><dl class='gallery-item'>\n\t\t\t<dt class='gallery-icon landscape'>\n\t\t\t\t<a href='http:\/\/www.1010votropticien.com\/blog\/catimini\/catimini-ca0108-b-optique1010-faches-thumesnil-ref-18063\/'><img width=\"293\" height=\"200\" src=\"http:\/\/www.1010votropticien.com\/blog\/wp-content\/uploads\/2021\/03\/Catimini-CA0108-B-OPTIQUE1010-FACHES-THUMESNIL-R\u00e9f-18063-293x200.jpg\" class=\"attachment-thumbnail size-thumbnail\" alt=\"Catimini CA0108 B OPTIQUE1010 FACHES THUMESNIL R\u00e9f 18063\" decoding=\"async\" loading=\"lazy\" aria-describedby=\"gallery-1-9611\" \/><\/a>\n\t\t\t<\/dt>\n\t\t\t\t<dd class='wp-caption-text gallery-caption' id='gallery-1-9611'>\n\t\t\t\tCatimini CA0108 B OPTIQUE1010 FACHES THUMESNIL R\u00e9f 18063\n\t\t\t\t<\/dd><\/dl><dl class='gallery-item'>\n\t\t\t<dt class='gallery-icon landscape'>\n\t\t\t\t<a href='http:\/\/www.1010votropticien.com\/blog\/catimini\/catimini-ca0108-v-optique1010-faches-thumesnil-ref-18063\/'><img width=\"293\" height=\"200\" src=\"http:\/\/www.1010votropticien.com\/blog\/wp-content\/uploads\/2021\/03\/Catimini-CA0108-V-OPTIQUE1010-FACHES-THUMESNIL-R\u00e9f-18063-293x200.jpg\" class=\"attachment-thumbnail size-thumbnail\" alt=\"Catimini CA0108 V OPTIQUE1010 FACHES THUMESNIL R\u00e9f 18063\" decoding=\"async\" loading=\"lazy\" aria-describedby=\"gallery-1-9612\" \/><\/a>\n\t\t\t<\/dt>\n\t\t\t\t<dd class='wp-caption-text gallery-caption' id='gallery-1-9612'>\n\t\t\t\tCatimini CA0108 V OPTIQUE1010 FACHES THUMESNIL R\u00e9f 18063\n\t\t\t\t<\/dd><\/dl>\n\t\t\t<br style='clear: both' \/>\n\t\t<\/div>\n\n<\/div>\n<div class=\"et_pb_text et_pb_module et_pb_bg_layout_light et_pb_text_align_left et_pb_text_1\">\n<h4><strong>Cr\u00e9\u00e9e en 1972, <span style=\"color: #ff0000;\">Catimini<\/span> est une <span style=\"color: #ff0000;\">marque leader<\/span> sur le march\u00e9 du <span style=\"color: #ff0000;\">pr\u00eat \u00e0 porter enfant<\/span>.<\/strong><\/h4>\n<h4>Entre<span style=\"color: #ff0000;\"> voyages et m\u00e9tissages culturels<\/span>, les enfants \u00e9voluent d\u2019un univers \u00e0 l\u2019autre, d\u2019un style \u00e0 l\u2019autre. Ils <span style=\"color: #ff0000;\">explorent<\/span> sans cesse, <span style=\"color: #ff0000;\">zappent<\/span>, <span style=\"color: #ff0000;\">imaginent<\/span>, <span style=\"color: #ff0000;\">s\u2019amusent<\/span>\u2026 De leur <span style=\"color: #ff0000;\">regard connect\u00e9<\/span> sur le monde, Catimini cr\u00e9e un <span style=\"color: #ff0000;\">vestiaire<\/span> <span style=\"color: #ff0000;\">original<\/span> qui laisse la place \u00e0 la <span style=\"color: #ff0000;\">personnalit\u00e9<\/span> et aux <span style=\"color: #ff0000;\">envies<\/span> de chaque enfant. Cet univers s\u2019illustre au travers&nbsp; d\u2019une <span style=\"color: #ff0000;\">palette de couleurs chatoyantes<\/span>, des <span style=\"color: #ff0000;\">imprim\u00e9s<\/span> \u00e0 croquer, et des <span style=\"color: #ff0000;\">notes ethniques<\/span> &amp;<span style=\"color: #ff0000;\"> graphiques<\/span> !<\/h4>\n<h4><strong>Karavan&amp;Co signe une collection exclusive et unique directement inspir\u00e9e de la collection pr\u00eat-\u00e0-porter Catimini.<\/strong><\/h4>\n<h4><span style=\"color: #ff0000;\">Ac\u00e9tates exclusifs<\/span> directement inspir\u00e9s de la collection pr\u00eat \u00e0 porter, d\u00e9tails de finition remarquables (<span style=\"color: #ff0000;\">noeuds en tissus<\/span>, <span style=\"color: #ff0000;\">rivets<\/span>, <span style=\"color: #ff0000;\">inserts m\u00e9tal<\/span>, <span style=\"color: #ff0000;\">message humoritique<\/span>\u2026), Karavan &amp; Co s\u2019est appropri\u00e9 les l\u2019<span style=\"color: #ff0000;\">ADN et les codes de la marque Catimini<\/span> pour les retranscrire dans une collection de lunettes aux <span style=\"color: #ff0000;\">motifs et couleurs vives et contrast\u00e9es<\/span>. Impressionnante de ma\u00eetrise stylistique et <span style=\"color: #ff0000;\">technique<\/span> cette collection se fera remarquer par ses formes techniques aussi bien originales que plus intemporelles et ses<span style=\"color: #ff0000;\"> tonalit\u00e9s estivales et joyeuses<\/span>, agr\u00e9ment\u00e9s de <span style=\"color: #ff0000;\">motifs ethniques<\/span> et <span style=\"color: #ff0000;\">graphiques<\/span>.<\/h4>\n<h4>Cibles : enfants de 6 \u00e0 12 ans.<\/h4>\n<\/div>\n","protected":false},"excerpt":{"rendered":"<p>Voici un petit aper\u00e7u des mod\u00e8les de la collection Catimini &#8230; Venez vite en magasin les essayer et d\u00e9couvrir d&rsquo;autres mod\u00e8les! Cr\u00e9\u00e9e en 1972, Catimini est une marque leader sur le march\u00e9 du pr\u00eat \u00e0 porter enfant. Entre voyages et m\u00e9tissages culturels, les enfants \u00e9voluent d\u2019un univers \u00e0 l\u2019autre, d\u2019un style \u00e0 l\u2019autre. Ils explorent [&hellip;]<\/p>\n","protected":false},"author":4,"featured_media":0,"parent":0,"menu_order":0,"comment_status":"closed","ping_status":"closed","template":"","meta":{"ngg_post_thumbnail":0},"_links":{"self":[{"href":"http:\/\/www.1010votropticien.com\/blog\/wp-json\/wp\/v2\/pages\/7452"}],"collection":[{"href":"http:\/\/www.1010votropticien.com\/blog\/wp-json\/wp\/v2\/pages"}],"about":[{"href":"http:\/\/www.1010votropticien.com\/blog\/wp-json\/wp\/v2\/types\/page"}],"author":[{"embeddable":true,"href":"http:\/\/www.1010votropticien.com\/blog\/wp-json\/wp\/v2\/users\/4"}],"replies":[{"embeddable":true,"href":"http:\/\/www.1010votropticien.com\/blog\/wp-json\/wp\/v2\/comments?post=7452"}],"version-history":[{"count":2,"href":"http:\/\/www.1010votropticien.com\/blog\/wp-json\/wp\/v2\/pages\/7452\/revisions"}],"predecessor-version":[{"id":9614,"href":"http:\/\/www.1010votropticien.com\/blog\/wp-json\/wp\/v2\/pages\/7452\/revisions\/9614"}],"wp:attachment":[{"href":"http:\/\/www.1010votropticien.com\/blog\/wp-json\/wp\/v2\/media?parent=7452"}],"curies":[{"name":"wp","href":"https:\/\/api.w.org\/{rel}","templated":true}]}}