{"id":7440,"date":"2018-09-14T13:55:59","date_gmt":"2018-09-14T11:55:59","guid":{"rendered":"http:\/\/www.1010votropticien.com\/blog\/?page_id=7440"},"modified":"2021-01-09T15:31:51","modified_gmt":"2021-01-09T14:31:51","slug":"eden-park-junior","status":"publish","type":"page","link":"http:\/\/www.1010votropticien.com\/blog\/lunettes-de-vue\/eden-park-junior\/","title":{"rendered":"Eden Park Junior"},"content":{"rendered":"<h3>Voici un petit aper\u00e7u des mod\u00e8les de la collection Eden Park Junior &#8230; Venez vite en magasin les essayer et d\u00e9couvrir d&rsquo;autres mod\u00e8les!<\/h3>\n\n\t\t<style type=\"text\/css\">\n\t\t\t#gallery-1 {\n\t\t\t\tmargin: auto;\n\t\t\t}\n\t\t\t#gallery-1 .gallery-item {\n\t\t\t\tfloat: left;\n\t\t\t\tmargin-top: 10px;\n\t\t\t\ttext-align: center;\n\t\t\t\twidth: 33%;\n\t\t\t}\n\t\t\t#gallery-1 img {\n\t\t\t\tborder: 2px solid #cfcfcf;\n\t\t\t}\n\t\t\t#gallery-1 .gallery-caption {\n\t\t\t\tmargin-left: 0;\n\t\t\t}\n\t\t\t\/* see gallery_shortcode() in wp-includes\/media.php *\/\n\t\t<\/style>\n\t\t<div id='gallery-1' class='gallery galleryid-7440 gallery-columns-3 gallery-size-thumbnail'><dl class='gallery-item'>\n\t\t\t<dt class='gallery-icon landscape'>\n\t\t\t\t<a href='http:\/\/www.1010votropticien.com\/blog\/lunettes-de-vue\/eden-park-junior\/eden-park-p1009-b-optique-1010-faches-thumesnil-ref-16198\/'><img width=\"293\" height=\"200\" src=\"http:\/\/www.1010votropticien.com\/blog\/wp-content\/uploads\/2021\/01\/EDEN-PARK-P1009-B-OPTIQUE-1010-FACHES-THUMESNIL-R\u00e9f-16198-293x200.jpg\" class=\"attachment-thumbnail size-thumbnail\" alt=\"EDEN PARK P1009 B OPTIQUE 1010 FACHES THUMESNIL R\u00e9f 16198\" decoding=\"async\" loading=\"lazy\" aria-describedby=\"gallery-1-9308\" \/><\/a>\n\t\t\t<\/dt>\n\t\t\t\t<dd class='wp-caption-text gallery-caption' id='gallery-1-9308'>\n\t\t\t\tEDEN PARK P1009 B OPTIQUE 1010 FACHES THUMESNIL R\u00e9f 16198\n\t\t\t\t<\/dd><\/dl><dl class='gallery-item'>\n\t\t\t<dt class='gallery-icon landscape'>\n\t\t\t\t<a href='http:\/\/www.1010votropticien.com\/blog\/lunettes-de-vue\/eden-park-junior\/eden-park-p1009-b-optique-1010-faches-thumesnil-ref-16199\/'><img width=\"293\" height=\"200\" src=\"http:\/\/www.1010votropticien.com\/blog\/wp-content\/uploads\/2021\/01\/EDEN-PARK-P1009-B-OPTIQUE-1010-FACHES-THUMESNIL-R\u00e9f-16199-293x200.jpg\" class=\"attachment-thumbnail size-thumbnail\" alt=\"EDEN PARK P1009 B OPTIQUE 1010 FACHES THUMESNIL R\u00e9f 16199\" decoding=\"async\" loading=\"lazy\" aria-describedby=\"gallery-1-9309\" \/><\/a>\n\t\t\t<\/dt>\n\t\t\t\t<dd class='wp-caption-text gallery-caption' id='gallery-1-9309'>\n\t\t\t\tEDEN PARK P1009 B OPTIQUE 1010 FACHES THUMESNIL R\u00e9f 16199\n\t\t\t\t<\/dd><\/dl><dl class='gallery-item'>\n\t\t\t<dt class='gallery-icon landscape'>\n\t\t\t\t<a href='http:\/\/www.1010votropticien.com\/blog\/lunettes-de-vue\/eden-park-junior\/eden-park-p1009-optique-1010-faches-thumesnil-ref-16198\/'><img width=\"293\" height=\"200\" src=\"http:\/\/www.1010votropticien.com\/blog\/wp-content\/uploads\/2021\/01\/EDEN-PARK-P1009-OPTIQUE-1010-FACHES-THUMESNIL-R\u00e9f-16198-293x200.jpg\" class=\"attachment-thumbnail size-thumbnail\" alt=\"EDEN PARK P1009 OPTIQUE 1010 FACHES THUMESNIL R\u00e9f 16198\" decoding=\"async\" loading=\"lazy\" aria-describedby=\"gallery-1-9310\" \/><\/a>\n\t\t\t<\/dt>\n\t\t\t\t<dd class='wp-caption-text gallery-caption' id='gallery-1-9310'>\n\t\t\t\tEDEN PARK P1009 OPTIQUE 1010 FACHES THUMESNIL R\u00e9f 16198\n\t\t\t\t<\/dd><\/dl><br style=\"clear: both\" \/><dl class='gallery-item'>\n\t\t\t<dt class='gallery-icon landscape'>\n\t\t\t\t<a href='http:\/\/www.1010votropticien.com\/blog\/lunettes-de-vue\/eden-park-junior\/eden-park-p1009-optique-1010-faches-thumesnil-ref-16199\/'><img width=\"293\" height=\"200\" src=\"http:\/\/www.1010votropticien.com\/blog\/wp-content\/uploads\/2021\/01\/EDEN-PARK-P1009-OPTIQUE-1010-FACHES-THUMESNIL-R\u00e9f-16199-293x200.jpg\" class=\"attachment-thumbnail size-thumbnail\" alt=\"EDEN PARK P1009 OPTIQUE 1010 FACHES THUMESNIL R\u00e9f 16199\" decoding=\"async\" loading=\"lazy\" aria-describedby=\"gallery-1-9311\" \/><\/a>\n\t\t\t<\/dt>\n\t\t\t\t<dd class='wp-caption-text gallery-caption' id='gallery-1-9311'>\n\t\t\t\tEDEN PARK P1009 OPTIQUE 1010 FACHES THUMESNIL R\u00e9f 16199\n\t\t\t\t<\/dd><\/dl><dl class='gallery-item'>\n\t\t\t<dt class='gallery-icon landscape'>\n\t\t\t\t<a href='http:\/\/www.1010votropticien.com\/blog\/lunettes-de-vue\/eden-park-junior\/eden-park-p1023-optique-1010-faches-thumesnil-ref-16486\/'><img width=\"293\" height=\"200\" src=\"http:\/\/www.1010votropticien.com\/blog\/wp-content\/uploads\/2021\/01\/EDEN-PARK-P1023-OPTIQUE-1010-FACHES-THUMESNIL-R\u00e9f-16486-293x200.jpg\" class=\"attachment-thumbnail size-thumbnail\" alt=\"EDEN PARK P1023 OPTIQUE 1010 FACHES THUMESNIL R\u00e9f 16486\" decoding=\"async\" loading=\"lazy\" aria-describedby=\"gallery-1-9312\" \/><\/a>\n\t\t\t<\/dt>\n\t\t\t\t<dd class='wp-caption-text gallery-caption' id='gallery-1-9312'>\n\t\t\t\tEDEN PARK P1023 OPTIQUE 1010 FACHES THUMESNIL R\u00e9f 16486\n\t\t\t\t<\/dd><\/dl><dl class='gallery-item'>\n\t\t\t<dt class='gallery-icon landscape'>\n\t\t\t\t<a href='http:\/\/www.1010votropticien.com\/blog\/lunettes-de-vue\/eden-park-junior\/eden-park-p1023-v-optique-1010-faches-thumesnil-ref-16486\/'><img width=\"293\" height=\"200\" src=\"http:\/\/www.1010votropticien.com\/blog\/wp-content\/uploads\/2021\/01\/EDEN-PARK-P1023-V-OPTIQUE-1010-FACHES-THUMESNIL-R\u00e9f-16486-293x200.jpg\" class=\"attachment-thumbnail size-thumbnail\" alt=\"EDEN PARK P1023 V OPTIQUE 1010 FACHES THUMESNIL R\u00e9f 16486\" decoding=\"async\" loading=\"lazy\" aria-describedby=\"gallery-1-9313\" \/><\/a>\n\t\t\t<\/dt>\n\t\t\t\t<dd class='wp-caption-text gallery-caption' id='gallery-1-9313'>\n\t\t\t\tEDEN PARK P1023 V OPTIQUE 1010 FACHES THUMESNIL R\u00e9f 16486\n\t\t\t\t<\/dd><\/dl><br style=\"clear: both\" \/><dl class='gallery-item'>\n\t\t\t<dt class='gallery-icon landscape'>\n\t\t\t\t<a href='http:\/\/www.1010votropticien.com\/blog\/lunettes-de-vue\/eden-park-junior\/eden-park-p1025-optique-1010-faches-thumesnil-ref-16814\/'><img width=\"293\" height=\"200\" src=\"http:\/\/www.1010votropticien.com\/blog\/wp-content\/uploads\/2021\/01\/EDEN-PARK-P1025-OPTIQUE-1010-FACHES-THUMESNIL-R\u00e9f-16814-293x200.jpg\" class=\"attachment-thumbnail size-thumbnail\" alt=\"EDEN PARK P1025 OPTIQUE 1010 FACHES THUMESNIL R\u00e9f 16814\" decoding=\"async\" loading=\"lazy\" aria-describedby=\"gallery-1-9314\" \/><\/a>\n\t\t\t<\/dt>\n\t\t\t\t<dd class='wp-caption-text gallery-caption' id='gallery-1-9314'>\n\t\t\t\tEDEN PARK P1025 OPTIQUE 1010 FACHES THUMESNIL R\u00e9f 16814\n\t\t\t\t<\/dd><\/dl><dl class='gallery-item'>\n\t\t\t<dt class='gallery-icon landscape'>\n\t\t\t\t<a href='http:\/\/www.1010votropticien.com\/blog\/lunettes-de-vue\/eden-park-junior\/eden-park-p1522-optique-1010-faches-thumesnil-ref-16496\/'><img width=\"293\" height=\"200\" src=\"http:\/\/www.1010votropticien.com\/blog\/wp-content\/uploads\/2021\/01\/EDEN-PARK-P1522-OPTIQUE-1010-FACHES-THUMESNIL-R\u00e9f-16496-293x200.jpg\" class=\"attachment-thumbnail size-thumbnail\" alt=\"EDEN PARK P1522 OPTIQUE 1010 FACHES THUMESNIL R\u00e9f 16496\" decoding=\"async\" loading=\"lazy\" aria-describedby=\"gallery-1-9315\" \/><\/a>\n\t\t\t<\/dt>\n\t\t\t\t<dd class='wp-caption-text gallery-caption' id='gallery-1-9315'>\n\t\t\t\tEDEN PARK P1522 OPTIQUE 1010 FACHES THUMESNIL R\u00e9f 16496\n\t\t\t\t<\/dd><\/dl><dl class='gallery-item'>\n\t\t\t<dt class='gallery-icon landscape'>\n\t\t\t\t<a href='http:\/\/www.1010votropticien.com\/blog\/lunettes-de-vue\/eden-park-junior\/eden-park-p1522-v-optique-1010-faches-thumesnil-ref-16496\/'><img width=\"293\" height=\"200\" src=\"http:\/\/www.1010votropticien.com\/blog\/wp-content\/uploads\/2021\/01\/EDEN-PARK-P1522-V-OPTIQUE-1010-FACHES-THUMESNIL-R\u00e9f-16496-293x200.jpg\" class=\"attachment-thumbnail size-thumbnail\" alt=\"EDEN PARK P1522 V OPTIQUE 1010 FACHES THUMESNIL R\u00e9f 16496\" decoding=\"async\" loading=\"lazy\" aria-describedby=\"gallery-1-9316\" \/><\/a>\n\t\t\t<\/dt>\n\t\t\t\t<dd class='wp-caption-text gallery-caption' id='gallery-1-9316'>\n\t\t\t\tEDEN PARK P1522 V OPTIQUE 1010 FACHES THUMESNIL R\u00e9f 16496\n\t\t\t\t<\/dd><\/dl><br style=\"clear: both\" \/>\n\t\t<\/div>\n\n<div>\n<h4><strong>Eden Park, la <span style=\"color: #ff0000;\">marque de rugby de&nbsp;<\/span><br \/>\n<span style=\"color: #ff0000;\">pr\u00eat-\u00e0-porter haut de gamme<\/span>, cr\u00e9\u00e9e par<br \/>\ndes joueurs internationaux <span style=\"color: #ff0000;\">fran\u00e7ais<\/span> il y a&nbsp;<br \/>\nune vingtaine d\u2019ann\u00e9es, personnifie les<br \/>\n<span style=\"color: #ff0000;\">valeurs du rugby<\/span>.<\/strong><\/h4>\n<h4>Gr\u00e2ce \u00e0 son <span style=\"color: #ff0000;\">h\u00e9ritage<\/span> et \u00e0 son<span style=\"color: #ff0000;\"> histoire<\/span>, Eden Park a su prolonger cet <span style=\"color: #ff0000;\">univers<\/span> dans l\u2019ensemble de ses lignes avec ses <span style=\"color: #ff0000;\">boutons ovales<\/span>, ses <span style=\"color: #ff0000;\">rayures marine et rose<\/span>, ou ses <span style=\"color: #ff0000;\">couleurs club<\/span>,\u2026 au service d\u2019une <span style=\"color: #ff0000;\">image sportive de prestige<\/span> et d\u2019une<span style=\"color: #ff0000;\"> \u00e9l\u00e9gance toute britannique<\/span>.<\/h4>\n<h4>L\u2019un des fondateurs <span style=\"color: #ff0000;\">Franck Mesnel<\/span>, a choisi ce nom, Eden Park, en souvenir de la toute premi\u00e8re Finale de <span style=\"color: #ff0000;\">Coupe du Monde de rugby<\/span> \u00e0 laquelle il a particip\u00e9 en 1987 au <span style=\"color: #ff0000;\">Stade de l\u2019Eden Park d\u2019Auckland<\/span>, en <span style=\"color: #ff0000;\">Nouvelle-Z\u00e9lande<\/span>, et a oppos\u00e9 la <span style=\"color: #ff0000;\">France<\/span> aux c\u00e9l\u00e8bres <span style=\"color: #ff0000;\">All Blacks.<\/span><br \/>\nQuant au <span style=\"color: #ff0000;\">n\u0153ud papillon rose<\/span>, devenu l\u2019<span style=\"color: #ff0000;\">embl\u00e8me<\/span> du succ\u00e8s extraordinaire du <span style=\"color: #ff0000;\">Racing Club de France<\/span> en 1990, il est n\u00e9 de l\u2019audace de jeunes joueurs surnomm\u00e9s &nbsp;le \u00ab <span style=\"color: #ff0000;\">Show-Bizz<\/span> \u00bb, quand \u00e0 l\u2019occasion de la <span style=\"color: #ff0000;\">finale du Championnat de France<\/span>, ils sont rentr\u00e9s sur le terrain avec un n\u0153ud papillon rose autour du cou.<\/h4>\n<\/div>\n<div>\n<h4>Le n\u0153ud papillon rose, et l\u2019<span style=\"color: #ff0000;\">humour d\u00e9cal\u00e9 du Show-Bizz<\/span>, font maintenant partie de la <span style=\"color: #ff0000;\">l\u00e9gende d\u2019Eden Park et du rugby<\/span> <span style=\"color: #ff0000;\">fran\u00e7ais<\/span>. Et leurs <span style=\"color: #ff0000;\">slogans originaux<\/span> \u00ab<span style=\"color: #ff0000;\"> l\u2019\u00e9l\u00e9gance est dans le match<\/span> \u00bb, et \u00ab l<span style=\"color: #ff0000;\">a fantaisie dans la rigueur<\/span> \u00bb sont devenus l\u2019identit\u00e9 de la marque Eden Park.<\/h4>\n<h4>Quelle que soit la ligne, gr\u00e2ce \u00e0 une cr\u00e9ation \u00e9tudi\u00e9e et au soin accord\u00e9 aux <span style=\"color: #ff0000;\">d\u00e9tails<\/span>, l\u2019h\u00e9ritage rugbystique d\u2019Eden Park et les p\u00e9rip\u00e9ties du Racing Club restent toujours graphiquement pr\u00e9sents dans toute la collection optique et solaire.<\/h4>\n<h4><span style=\"color: #ff0000;\">Le ballon ovale, les rayures club, le n\u0153ud papillon, les poteaux de rugby, et la devise de la \u00ab fantaisie dans la rigueur \u00bb<\/span> rappellent toutes les <span style=\"color: #ff0000;\">valeurs du rugby<\/span> et les valeurs \u00e9ternelles de la <span style=\"color: #ff0000;\">philosophie<\/span> d\u2019Eden Park.<br \/>\nEden Park s\u2019inscrit aujourd\u2019hui parmi les <span style=\"color: #ff0000;\">premi\u00e8res marques de sportswear \u00e9l\u00e9gant et raffin\u00e9<\/span>.<\/h4>\n<\/div>\n<p>&nbsp;<\/p>\n<p>&nbsp;<\/p>\n<p>&nbsp;<\/p>\n","protected":false},"excerpt":{"rendered":"<p>Voici un petit aper\u00e7u des mod\u00e8les de la collection Eden Park Junior &#8230; Venez vite en magasin les essayer et d\u00e9couvrir d&rsquo;autres mod\u00e8les! Eden Park, la marque de rugby de&nbsp; pr\u00eat-\u00e0-porter haut de gamme, cr\u00e9\u00e9e par des joueurs internationaux fran\u00e7ais il y a&nbsp; une vingtaine d\u2019ann\u00e9es, personnifie les valeurs du rugby. Gr\u00e2ce \u00e0 son h\u00e9ritage [&hellip;]<\/p>\n","protected":false},"author":4,"featured_media":0,"parent":1290,"menu_order":0,"comment_status":"closed","ping_status":"closed","template":"","meta":{"ngg_post_thumbnail":0},"_links":{"self":[{"href":"http:\/\/www.1010votropticien.com\/blog\/wp-json\/wp\/v2\/pages\/7440"}],"collection":[{"href":"http:\/\/www.1010votropticien.com\/blog\/wp-json\/wp\/v2\/pages"}],"about":[{"href":"http:\/\/www.1010votropticien.com\/blog\/wp-json\/wp\/v2\/types\/page"}],"author":[{"embeddable":true,"href":"http:\/\/www.1010votropticien.com\/blog\/wp-json\/wp\/v2\/users\/4"}],"replies":[{"embeddable":true,"href":"http:\/\/www.1010votropticien.com\/blog\/wp-json\/wp\/v2\/comments?post=7440"}],"version-history":[{"count":1,"href":"http:\/\/www.1010votropticien.com\/blog\/wp-json\/wp\/v2\/pages\/7440\/revisions"}],"predecessor-version":[{"id":9317,"href":"http:\/\/www.1010votropticien.com\/blog\/wp-json\/wp\/v2\/pages\/7440\/revisions\/9317"}],"up":[{"embeddable":true,"href":"http:\/\/www.1010votropticien.com\/blog\/wp-json\/wp\/v2\/pages\/1290"}],"wp:attachment":[{"href":"http:\/\/www.1010votropticien.com\/blog\/wp-json\/wp\/v2\/media?parent=7440"}],"curies":[{"name":"wp","href":"https:\/\/api.w.org\/{rel}","templated":true}]}}