{"id":7312,"date":"2018-09-09T11:06:11","date_gmt":"2018-09-09T09:06:11","guid":{"rendered":"http:\/\/www.1010votropticien.com\/blog\/?page_id=7312"},"modified":"2021-01-12T07:15:25","modified_gmt":"2021-01-12T06:15:25","slug":"roger","status":"publish","type":"page","link":"http:\/\/www.1010votropticien.com\/blog\/lunettes-de-vue\/roger\/","title":{"rendered":"Roger"},"content":{"rendered":"\n<h2 class=\"wp-block-heading\">Voici un petit aper\u00e7u des mod\u00e8les de la collection Roger &#8230; Venez vite en magasin les essayer et d\u00e9couvrir d&rsquo;autres mod\u00e8les!<\/h2>\n\n\n\n<figure class=\"wp-block-gallery columns-3 is-cropped wp-block-gallery-1 is-layout-flex\"><ul class=\"blocks-gallery-grid\"><li class=\"blocks-gallery-item\"><figure><a href=\"http:\/\/www.1010votropticien.com\/blog\/lunettes-de-vue\/roger\/roger-vally-17003-optique1010-faches-thumesnil\/\"><img decoding=\"async\" loading=\"lazy\" width=\"1024\" height=\"1024\" src=\"http:\/\/www.1010votropticien.com\/blog\/wp-content\/uploads\/2020\/11\/Roger-VALLY-17003-OPTIQUE1010-F\u00e2ches-Thumesnil-1024x1024.jpg\" alt=\"Roger VALLY 17003 OPTIQUE1010 F\u00e2ches-Thumesnil\" data-id=\"8533\" data-full-url=\"http:\/\/www.1010votropticien.com\/blog\/wp-content\/uploads\/2020\/11\/Roger-VALLY-17003-OPTIQUE1010-F\u00e2ches-Thumesnil.jpg\" data-link=\"http:\/\/www.1010votropticien.com\/blog\/lunettes-de-vue\/roger\/roger-vally-17003-optique1010-faches-thumesnil\/\" class=\"wp-image-8533\" srcset=\"http:\/\/www.1010votropticien.com\/blog\/wp-content\/uploads\/2020\/11\/Roger-VALLY-17003-OPTIQUE1010-F\u00e2ches-Thumesnil-1024x1024.jpg 1024w, http:\/\/www.1010votropticien.com\/blog\/wp-content\/uploads\/2020\/11\/Roger-VALLY-17003-OPTIQUE1010-F\u00e2ches-Thumesnil-300x300.jpg 300w, http:\/\/www.1010votropticien.com\/blog\/wp-content\/uploads\/2020\/11\/Roger-VALLY-17003-OPTIQUE1010-F\u00e2ches-Thumesnil-768x768.jpg 768w, http:\/\/www.1010votropticien.com\/blog\/wp-content\/uploads\/2020\/11\/Roger-VALLY-17003-OPTIQUE1010-F\u00e2ches-Thumesnil-1536x1536.jpg 1536w, http:\/\/www.1010votropticien.com\/blog\/wp-content\/uploads\/2020\/11\/Roger-VALLY-17003-OPTIQUE1010-F\u00e2ches-Thumesnil-160x160.jpg 160w, http:\/\/www.1010votropticien.com\/blog\/wp-content\/uploads\/2020\/11\/Roger-VALLY-17003-OPTIQUE1010-F\u00e2ches-Thumesnil-240x240.jpg 240w, http:\/\/www.1010votropticien.com\/blog\/wp-content\/uploads\/2020\/11\/Roger-VALLY-17003-OPTIQUE1010-F\u00e2ches-Thumesnil-60x60.jpg 60w, http:\/\/www.1010votropticien.com\/blog\/wp-content\/uploads\/2020\/11\/Roger-VALLY-17003-OPTIQUE1010-F\u00e2ches-Thumesnil-184x184.jpg 184w, http:\/\/www.1010votropticien.com\/blog\/wp-content\/uploads\/2020\/11\/Roger-VALLY-17003-OPTIQUE1010-F\u00e2ches-Thumesnil-50x50.jpg 50w, http:\/\/www.1010votropticien.com\/blog\/wp-content\/uploads\/2020\/11\/Roger-VALLY-17003-OPTIQUE1010-F\u00e2ches-Thumesnil.jpg 1920w\" sizes=\"(max-width: 1024px) 100vw, 1024px\" \/><\/a><\/figure><\/li><li class=\"blocks-gallery-item\"><figure><a href=\"http:\/\/www.1010votropticien.com\/blog\/lunettes-de-vue\/roger\/roger-tony-17011-optique1010-faches-thumesnil\/\"><img decoding=\"async\" loading=\"lazy\" width=\"1024\" height=\"1024\" src=\"http:\/\/www.1010votropticien.com\/blog\/wp-content\/uploads\/2020\/11\/Roger-TONY-17011-OPTIQUE1010-F\u00e2ches-Thumesnil-1024x1024.jpg\" alt=\"Roger TONY 17011 OPTIQUE1010 F\u00e2ches-Thumesnil\" data-id=\"8531\" data-full-url=\"http:\/\/www.1010votropticien.com\/blog\/wp-content\/uploads\/2020\/11\/Roger-TONY-17011-OPTIQUE1010-F\u00e2ches-Thumesnil.jpg\" data-link=\"http:\/\/www.1010votropticien.com\/blog\/lunettes-de-vue\/roger\/roger-tony-17011-optique1010-faches-thumesnil\/\" class=\"wp-image-8531\" srcset=\"http:\/\/www.1010votropticien.com\/blog\/wp-content\/uploads\/2020\/11\/Roger-TONY-17011-OPTIQUE1010-F\u00e2ches-Thumesnil-1024x1024.jpg 1024w, http:\/\/www.1010votropticien.com\/blog\/wp-content\/uploads\/2020\/11\/Roger-TONY-17011-OPTIQUE1010-F\u00e2ches-Thumesnil-300x300.jpg 300w, http:\/\/www.1010votropticien.com\/blog\/wp-content\/uploads\/2020\/11\/Roger-TONY-17011-OPTIQUE1010-F\u00e2ches-Thumesnil-768x768.jpg 768w, http:\/\/www.1010votropticien.com\/blog\/wp-content\/uploads\/2020\/11\/Roger-TONY-17011-OPTIQUE1010-F\u00e2ches-Thumesnil-1536x1536.jpg 1536w, http:\/\/www.1010votropticien.com\/blog\/wp-content\/uploads\/2020\/11\/Roger-TONY-17011-OPTIQUE1010-F\u00e2ches-Thumesnil-160x160.jpg 160w, http:\/\/www.1010votropticien.com\/blog\/wp-content\/uploads\/2020\/11\/Roger-TONY-17011-OPTIQUE1010-F\u00e2ches-Thumesnil-240x240.jpg 240w, http:\/\/www.1010votropticien.com\/blog\/wp-content\/uploads\/2020\/11\/Roger-TONY-17011-OPTIQUE1010-F\u00e2ches-Thumesnil-60x60.jpg 60w, http:\/\/www.1010votropticien.com\/blog\/wp-content\/uploads\/2020\/11\/Roger-TONY-17011-OPTIQUE1010-F\u00e2ches-Thumesnil-184x184.jpg 184w, http:\/\/www.1010votropticien.com\/blog\/wp-content\/uploads\/2020\/11\/Roger-TONY-17011-OPTIQUE1010-F\u00e2ches-Thumesnil-50x50.jpg 50w, http:\/\/www.1010votropticien.com\/blog\/wp-content\/uploads\/2020\/11\/Roger-TONY-17011-OPTIQUE1010-F\u00e2ches-Thumesnil.jpg 1920w\" sizes=\"(max-width: 1024px) 100vw, 1024px\" \/><\/a><\/figure><\/li><li class=\"blocks-gallery-item\"><figure><a href=\"http:\/\/www.1010votropticien.com\/blog\/lunettes-de-vue\/roger\/roger-mario-17012-optique1010-faches-thumesnil-3\/\"><img decoding=\"async\" loading=\"lazy\" width=\"1024\" height=\"1024\" src=\"http:\/\/www.1010votropticien.com\/blog\/wp-content\/uploads\/2020\/11\/Roger-MARIO-17012-OPTIQUE1010-F\u00e2ches-Thumesnil--1024x1024.jpg\" alt=\"Roger MARIO 17012 OPTIQUE1010 F\u00e2ches-Thumesnil-\" data-id=\"8530\" data-full-url=\"http:\/\/www.1010votropticien.com\/blog\/wp-content\/uploads\/2020\/11\/Roger-MARIO-17012-OPTIQUE1010-F\u00e2ches-Thumesnil-.jpg\" data-link=\"http:\/\/www.1010votropticien.com\/blog\/lunettes-de-vue\/roger\/roger-mario-17012-optique1010-faches-thumesnil-3\/\" class=\"wp-image-8530\" srcset=\"http:\/\/www.1010votropticien.com\/blog\/wp-content\/uploads\/2020\/11\/Roger-MARIO-17012-OPTIQUE1010-F\u00e2ches-Thumesnil--1024x1024.jpg 1024w, http:\/\/www.1010votropticien.com\/blog\/wp-content\/uploads\/2020\/11\/Roger-MARIO-17012-OPTIQUE1010-F\u00e2ches-Thumesnil--300x300.jpg 300w, http:\/\/www.1010votropticien.com\/blog\/wp-content\/uploads\/2020\/11\/Roger-MARIO-17012-OPTIQUE1010-F\u00e2ches-Thumesnil--768x768.jpg 768w, http:\/\/www.1010votropticien.com\/blog\/wp-content\/uploads\/2020\/11\/Roger-MARIO-17012-OPTIQUE1010-F\u00e2ches-Thumesnil--1536x1536.jpg 1536w, http:\/\/www.1010votropticien.com\/blog\/wp-content\/uploads\/2020\/11\/Roger-MARIO-17012-OPTIQUE1010-F\u00e2ches-Thumesnil--160x160.jpg 160w, http:\/\/www.1010votropticien.com\/blog\/wp-content\/uploads\/2020\/11\/Roger-MARIO-17012-OPTIQUE1010-F\u00e2ches-Thumesnil--240x240.jpg 240w, http:\/\/www.1010votropticien.com\/blog\/wp-content\/uploads\/2020\/11\/Roger-MARIO-17012-OPTIQUE1010-F\u00e2ches-Thumesnil--60x60.jpg 60w, http:\/\/www.1010votropticien.com\/blog\/wp-content\/uploads\/2020\/11\/Roger-MARIO-17012-OPTIQUE1010-F\u00e2ches-Thumesnil--184x184.jpg 184w, http:\/\/www.1010votropticien.com\/blog\/wp-content\/uploads\/2020\/11\/Roger-MARIO-17012-OPTIQUE1010-F\u00e2ches-Thumesnil--50x50.jpg 50w, http:\/\/www.1010votropticien.com\/blog\/wp-content\/uploads\/2020\/11\/Roger-MARIO-17012-OPTIQUE1010-F\u00e2ches-Thumesnil-.jpg 1920w\" sizes=\"(max-width: 1024px) 100vw, 1024px\" \/><\/a><\/figure><\/li><li class=\"blocks-gallery-item\"><figure><a href=\"http:\/\/www.1010votropticien.com\/blog\/lunettes-de-vue\/roger\/roger-mario-17012-optique1010-faches-thumesnil-2\/\"><img decoding=\"async\" loading=\"lazy\" width=\"1024\" height=\"1024\" src=\"http:\/\/www.1010votropticien.com\/blog\/wp-content\/uploads\/2020\/11\/Roger-MARIO-17012-OPTIQUE1010-F\u00e2ches-Thumesnil-1024x1024.jpg\" alt=\"Roger MARIO 17012 OPTIQUE1010 F\u00e2ches-Thumesnil\" data-id=\"8529\" data-full-url=\"http:\/\/www.1010votropticien.com\/blog\/wp-content\/uploads\/2020\/11\/Roger-MARIO-17012-OPTIQUE1010-F\u00e2ches-Thumesnil.jpg\" data-link=\"http:\/\/www.1010votropticien.com\/blog\/lunettes-de-vue\/roger\/roger-mario-17012-optique1010-faches-thumesnil-2\/\" class=\"wp-image-8529\" srcset=\"http:\/\/www.1010votropticien.com\/blog\/wp-content\/uploads\/2020\/11\/Roger-MARIO-17012-OPTIQUE1010-F\u00e2ches-Thumesnil-1024x1024.jpg 1024w, http:\/\/www.1010votropticien.com\/blog\/wp-content\/uploads\/2020\/11\/Roger-MARIO-17012-OPTIQUE1010-F\u00e2ches-Thumesnil-300x300.jpg 300w, http:\/\/www.1010votropticien.com\/blog\/wp-content\/uploads\/2020\/11\/Roger-MARIO-17012-OPTIQUE1010-F\u00e2ches-Thumesnil-768x768.jpg 768w, http:\/\/www.1010votropticien.com\/blog\/wp-content\/uploads\/2020\/11\/Roger-MARIO-17012-OPTIQUE1010-F\u00e2ches-Thumesnil-1536x1536.jpg 1536w, http:\/\/www.1010votropticien.com\/blog\/wp-content\/uploads\/2020\/11\/Roger-MARIO-17012-OPTIQUE1010-F\u00e2ches-Thumesnil-160x160.jpg 160w, http:\/\/www.1010votropticien.com\/blog\/wp-content\/uploads\/2020\/11\/Roger-MARIO-17012-OPTIQUE1010-F\u00e2ches-Thumesnil-240x240.jpg 240w, http:\/\/www.1010votropticien.com\/blog\/wp-content\/uploads\/2020\/11\/Roger-MARIO-17012-OPTIQUE1010-F\u00e2ches-Thumesnil-60x60.jpg 60w, http:\/\/www.1010votropticien.com\/blog\/wp-content\/uploads\/2020\/11\/Roger-MARIO-17012-OPTIQUE1010-F\u00e2ches-Thumesnil-184x184.jpg 184w, http:\/\/www.1010votropticien.com\/blog\/wp-content\/uploads\/2020\/11\/Roger-MARIO-17012-OPTIQUE1010-F\u00e2ches-Thumesnil-50x50.jpg 50w, http:\/\/www.1010votropticien.com\/blog\/wp-content\/uploads\/2020\/11\/Roger-MARIO-17012-OPTIQUE1010-F\u00e2ches-Thumesnil.jpg 1920w\" sizes=\"(max-width: 1024px) 100vw, 1024px\" \/><\/a><\/figure><\/li><li class=\"blocks-gallery-item\"><figure><a href=\"http:\/\/www.1010votropticien.com\/blog\/lunettes-de-vue\/roger\/roger-mario-17012-optique1010-faches-thumesnil\/\"><img decoding=\"async\" loading=\"lazy\" width=\"1024\" height=\"1024\" src=\"http:\/\/www.1010votropticien.com\/blog\/wp-content\/uploads\/2020\/11\/Roger-MARIO-17012-OPTIQUE1010-F\u00e2ches-Thumesnil.-1024x1024.jpg\" alt=\"Roger MARIO 17012 OPTIQUE1010 F\u00e2ches-Thumesnil.\" data-id=\"8528\" data-full-url=\"http:\/\/www.1010votropticien.com\/blog\/wp-content\/uploads\/2020\/11\/Roger-MARIO-17012-OPTIQUE1010-F\u00e2ches-Thumesnil..jpg\" data-link=\"http:\/\/www.1010votropticien.com\/blog\/lunettes-de-vue\/roger\/roger-mario-17012-optique1010-faches-thumesnil\/\" class=\"wp-image-8528\" srcset=\"http:\/\/www.1010votropticien.com\/blog\/wp-content\/uploads\/2020\/11\/Roger-MARIO-17012-OPTIQUE1010-F\u00e2ches-Thumesnil.-1024x1024.jpg 1024w, http:\/\/www.1010votropticien.com\/blog\/wp-content\/uploads\/2020\/11\/Roger-MARIO-17012-OPTIQUE1010-F\u00e2ches-Thumesnil.-300x300.jpg 300w, http:\/\/www.1010votropticien.com\/blog\/wp-content\/uploads\/2020\/11\/Roger-MARIO-17012-OPTIQUE1010-F\u00e2ches-Thumesnil.-768x768.jpg 768w, http:\/\/www.1010votropticien.com\/blog\/wp-content\/uploads\/2020\/11\/Roger-MARIO-17012-OPTIQUE1010-F\u00e2ches-Thumesnil.-1536x1536.jpg 1536w, http:\/\/www.1010votropticien.com\/blog\/wp-content\/uploads\/2020\/11\/Roger-MARIO-17012-OPTIQUE1010-F\u00e2ches-Thumesnil.-160x160.jpg 160w, http:\/\/www.1010votropticien.com\/blog\/wp-content\/uploads\/2020\/11\/Roger-MARIO-17012-OPTIQUE1010-F\u00e2ches-Thumesnil.-240x240.jpg 240w, http:\/\/www.1010votropticien.com\/blog\/wp-content\/uploads\/2020\/11\/Roger-MARIO-17012-OPTIQUE1010-F\u00e2ches-Thumesnil.-60x60.jpg 60w, http:\/\/www.1010votropticien.com\/blog\/wp-content\/uploads\/2020\/11\/Roger-MARIO-17012-OPTIQUE1010-F\u00e2ches-Thumesnil.-184x184.jpg 184w, http:\/\/www.1010votropticien.com\/blog\/wp-content\/uploads\/2020\/11\/Roger-MARIO-17012-OPTIQUE1010-F\u00e2ches-Thumesnil.-50x50.jpg 50w, http:\/\/www.1010votropticien.com\/blog\/wp-content\/uploads\/2020\/11\/Roger-MARIO-17012-OPTIQUE1010-F\u00e2ches-Thumesnil..jpg 1920w\" sizes=\"(max-width: 1024px) 100vw, 1024px\" \/><\/a><\/figure><\/li><li class=\"blocks-gallery-item\"><figure><a href=\"http:\/\/www.1010votropticien.com\/blog\/lunettes-de-vue\/roger\/roger-jack-17015-optique1010-faches-thumesnil\/\"><img decoding=\"async\" loading=\"lazy\" width=\"1024\" height=\"1024\" src=\"http:\/\/www.1010votropticien.com\/blog\/wp-content\/uploads\/2020\/11\/Roger-JACK-17015-OPTIQUE1010-F\u00e2ches-Thumesnil-1024x1024.jpg\" alt=\"Roger JACK 17015 OPTIQUE1010 F\u00e2ches-Thumesnil\" data-id=\"8527\" data-full-url=\"http:\/\/www.1010votropticien.com\/blog\/wp-content\/uploads\/2020\/11\/Roger-JACK-17015-OPTIQUE1010-F\u00e2ches-Thumesnil.jpg\" data-link=\"http:\/\/www.1010votropticien.com\/blog\/lunettes-de-vue\/roger\/roger-jack-17015-optique1010-faches-thumesnil\/\" class=\"wp-image-8527\" srcset=\"http:\/\/www.1010votropticien.com\/blog\/wp-content\/uploads\/2020\/11\/Roger-JACK-17015-OPTIQUE1010-F\u00e2ches-Thumesnil-1024x1024.jpg 1024w, http:\/\/www.1010votropticien.com\/blog\/wp-content\/uploads\/2020\/11\/Roger-JACK-17015-OPTIQUE1010-F\u00e2ches-Thumesnil-300x300.jpg 300w, http:\/\/www.1010votropticien.com\/blog\/wp-content\/uploads\/2020\/11\/Roger-JACK-17015-OPTIQUE1010-F\u00e2ches-Thumesnil-768x768.jpg 768w, http:\/\/www.1010votropticien.com\/blog\/wp-content\/uploads\/2020\/11\/Roger-JACK-17015-OPTIQUE1010-F\u00e2ches-Thumesnil-1536x1536.jpg 1536w, http:\/\/www.1010votropticien.com\/blog\/wp-content\/uploads\/2020\/11\/Roger-JACK-17015-OPTIQUE1010-F\u00e2ches-Thumesnil-160x160.jpg 160w, http:\/\/www.1010votropticien.com\/blog\/wp-content\/uploads\/2020\/11\/Roger-JACK-17015-OPTIQUE1010-F\u00e2ches-Thumesnil-240x240.jpg 240w, http:\/\/www.1010votropticien.com\/blog\/wp-content\/uploads\/2020\/11\/Roger-JACK-17015-OPTIQUE1010-F\u00e2ches-Thumesnil-60x60.jpg 60w, http:\/\/www.1010votropticien.com\/blog\/wp-content\/uploads\/2020\/11\/Roger-JACK-17015-OPTIQUE1010-F\u00e2ches-Thumesnil-184x184.jpg 184w, http:\/\/www.1010votropticien.com\/blog\/wp-content\/uploads\/2020\/11\/Roger-JACK-17015-OPTIQUE1010-F\u00e2ches-Thumesnil-50x50.jpg 50w, http:\/\/www.1010votropticien.com\/blog\/wp-content\/uploads\/2020\/11\/Roger-JACK-17015-OPTIQUE1010-F\u00e2ches-Thumesnil.jpg 1920w\" sizes=\"(max-width: 1024px) 100vw, 1024px\" \/><\/a><\/figure><\/li><li class=\"blocks-gallery-item\"><figure><a href=\"http:\/\/www.1010votropticien.com\/blog\/lunettes-de-vue\/roger\/roger-demi-16992-optique1010-faches-thumesnil\/\"><img decoding=\"async\" loading=\"lazy\" width=\"1024\" height=\"1024\" src=\"http:\/\/www.1010votropticien.com\/blog\/wp-content\/uploads\/2020\/11\/Roger-DEMI-16992-OPTIQUE1010-F\u00e2ches-Thumesnil-1024x1024.jpg\" alt=\"Roger DEMI 16992 OPTIQUE1010 F\u00e2ches-Thumesnil\" data-id=\"8526\" data-full-url=\"http:\/\/www.1010votropticien.com\/blog\/wp-content\/uploads\/2020\/11\/Roger-DEMI-16992-OPTIQUE1010-F\u00e2ches-Thumesnil.jpg\" data-link=\"http:\/\/www.1010votropticien.com\/blog\/lunettes-de-vue\/roger\/roger-demi-16992-optique1010-faches-thumesnil\/\" class=\"wp-image-8526\" srcset=\"http:\/\/www.1010votropticien.com\/blog\/wp-content\/uploads\/2020\/11\/Roger-DEMI-16992-OPTIQUE1010-F\u00e2ches-Thumesnil-1024x1024.jpg 1024w, http:\/\/www.1010votropticien.com\/blog\/wp-content\/uploads\/2020\/11\/Roger-DEMI-16992-OPTIQUE1010-F\u00e2ches-Thumesnil-300x300.jpg 300w, http:\/\/www.1010votropticien.com\/blog\/wp-content\/uploads\/2020\/11\/Roger-DEMI-16992-OPTIQUE1010-F\u00e2ches-Thumesnil-768x768.jpg 768w, http:\/\/www.1010votropticien.com\/blog\/wp-content\/uploads\/2020\/11\/Roger-DEMI-16992-OPTIQUE1010-F\u00e2ches-Thumesnil-1536x1536.jpg 1536w, http:\/\/www.1010votropticien.com\/blog\/wp-content\/uploads\/2020\/11\/Roger-DEMI-16992-OPTIQUE1010-F\u00e2ches-Thumesnil-160x160.jpg 160w, http:\/\/www.1010votropticien.com\/blog\/wp-content\/uploads\/2020\/11\/Roger-DEMI-16992-OPTIQUE1010-F\u00e2ches-Thumesnil-240x240.jpg 240w, http:\/\/www.1010votropticien.com\/blog\/wp-content\/uploads\/2020\/11\/Roger-DEMI-16992-OPTIQUE1010-F\u00e2ches-Thumesnil-60x60.jpg 60w, http:\/\/www.1010votropticien.com\/blog\/wp-content\/uploads\/2020\/11\/Roger-DEMI-16992-OPTIQUE1010-F\u00e2ches-Thumesnil-184x184.jpg 184w, http:\/\/www.1010votropticien.com\/blog\/wp-content\/uploads\/2020\/11\/Roger-DEMI-16992-OPTIQUE1010-F\u00e2ches-Thumesnil-50x50.jpg 50w, http:\/\/www.1010votropticien.com\/blog\/wp-content\/uploads\/2020\/11\/Roger-DEMI-16992-OPTIQUE1010-F\u00e2ches-Thumesnil.jpg 1920w\" sizes=\"(max-width: 1024px) 100vw, 1024px\" \/><\/a><\/figure><\/li><li class=\"blocks-gallery-item\"><figure><a href=\"http:\/\/www.1010votropticien.com\/blog\/lunettes-de-vue\/roger\/roger-dee-16991-optique1010-faches-thumesnil\/\"><img decoding=\"async\" loading=\"lazy\" width=\"1024\" height=\"1024\" src=\"http:\/\/www.1010votropticien.com\/blog\/wp-content\/uploads\/2020\/11\/Roger-DEE-16991-OPTIQUE1010-F\u00e2ches-Thumesnil-1024x1024.jpg\" alt=\"Roger DEE 16991 OPTIQUE1010 F\u00e2ches-Thumesnil\" data-id=\"8525\" data-full-url=\"http:\/\/www.1010votropticien.com\/blog\/wp-content\/uploads\/2020\/11\/Roger-DEE-16991-OPTIQUE1010-F\u00e2ches-Thumesnil.jpg\" data-link=\"http:\/\/www.1010votropticien.com\/blog\/lunettes-de-vue\/roger\/roger-dee-16991-optique1010-faches-thumesnil\/\" class=\"wp-image-8525\" srcset=\"http:\/\/www.1010votropticien.com\/blog\/wp-content\/uploads\/2020\/11\/Roger-DEE-16991-OPTIQUE1010-F\u00e2ches-Thumesnil-1024x1024.jpg 1024w, http:\/\/www.1010votropticien.com\/blog\/wp-content\/uploads\/2020\/11\/Roger-DEE-16991-OPTIQUE1010-F\u00e2ches-Thumesnil-300x300.jpg 300w, http:\/\/www.1010votropticien.com\/blog\/wp-content\/uploads\/2020\/11\/Roger-DEE-16991-OPTIQUE1010-F\u00e2ches-Thumesnil-768x768.jpg 768w, http:\/\/www.1010votropticien.com\/blog\/wp-content\/uploads\/2020\/11\/Roger-DEE-16991-OPTIQUE1010-F\u00e2ches-Thumesnil-1536x1536.jpg 1536w, http:\/\/www.1010votropticien.com\/blog\/wp-content\/uploads\/2020\/11\/Roger-DEE-16991-OPTIQUE1010-F\u00e2ches-Thumesnil-160x160.jpg 160w, http:\/\/www.1010votropticien.com\/blog\/wp-content\/uploads\/2020\/11\/Roger-DEE-16991-OPTIQUE1010-F\u00e2ches-Thumesnil-240x240.jpg 240w, http:\/\/www.1010votropticien.com\/blog\/wp-content\/uploads\/2020\/11\/Roger-DEE-16991-OPTIQUE1010-F\u00e2ches-Thumesnil-60x60.jpg 60w, http:\/\/www.1010votropticien.com\/blog\/wp-content\/uploads\/2020\/11\/Roger-DEE-16991-OPTIQUE1010-F\u00e2ches-Thumesnil-184x184.jpg 184w, http:\/\/www.1010votropticien.com\/blog\/wp-content\/uploads\/2020\/11\/Roger-DEE-16991-OPTIQUE1010-F\u00e2ches-Thumesnil-50x50.jpg 50w, http:\/\/www.1010votropticien.com\/blog\/wp-content\/uploads\/2020\/11\/Roger-DEE-16991-OPTIQUE1010-F\u00e2ches-Thumesnil.jpg 1920w\" sizes=\"(max-width: 1024px) 100vw, 1024px\" \/><\/a><\/figure><\/li><\/ul><\/figure>\n\n\n<p><span style=\"color: inherit; font-size: 1.25em; font-weight: 600;\">Optique 10\/10 vous pr\u00e9sente une <\/span><strong style=\"color: inherit; font-size: 1.25em;\">nouvelle collection<\/strong> <span style=\"color: #ff0000;\">cr\u00e9ative et innovante<\/span><span style=\"color: inherit; font-size: 1.25em; font-weight: 600;\"> de<\/span><span style=\"color: #ff0000;\"> lunettes typ\u00e9es<\/span><span style=\"color: inherit; font-size: 1.25em; font-weight: 600;\"> et <\/span><span style=\"color: #ff0000;\">color\u00e9es<\/span><span style=\"color: inherit; font-size: 1.25em; font-weight: 600;\"> qui nous vient du pays de la Tulipe. La marque doit son nom \u00e0&nbsp;son cr\u00e9ateur, Roger Hoppenbrouwers, opticien de formation depuis 2007.&nbsp;<\/span><\/p>\n<div class=\"oo-mail-viewer-content oo-scrollable oo-scrollable-x oo-translate\" data-dojo-attach-point=\"content\">\n<div id=\"sandBox\" class=\"oo-mail-viewer-sandbox\" data-dojo-attach-point=\"sandbox\">\n<h4>La marque Roger Eye Design est a donc \u00e9t\u00e9 cr\u00e9\u00e9e en 2007 au Pays-Bas par un certain Roger Hoppenbrouwers, opticien et designer. Avec ses ann\u00e9es d\u2019exp\u00e9rience, il met l\u2019accent sur le <span style=\"color: #ff0000;\">style<\/span> et la <span style=\"color: #ff0000;\">diversit\u00e9 dans les tailles<\/span>. En effet, pour le designer hollandais les tailles des lunettes sont standardis\u00e9es et offrent peu de choix. La marque pr\u00e9sente donc de nombreuses tailles et les montures s\u2019adaptent particuli\u00e8rement bien aux visages fins.<\/h4>\n<\/div>\n<\/div>\n<h4>&nbsp;<\/h4>\n<h4>Cette collection est donc pleine de surprises, vous trouverez des montures&nbsp;en <span style=\"color: #ff0000;\">m\u00e9tal originales<\/span>, <span style=\"color: #ff0000;\">d\u00e9cal\u00e9es ou color\u00e9es<\/span> pour <span style=\"color: #ff0000;\">Femme ou Homme<\/span>, de grande ou petite taille, de <span style=\"color: #ff0000;\">formes plus ou moins originales<\/span> et de <span style=\"color: #ff0000;\">couleurs plus ou moins voyantes<\/span>.<\/h4>\n<div class=\"oo-mail-viewer-content oo-scrollable oo-scrollable-x oo-translate\" data-dojo-attach-point=\"content\">\n<div id=\"sandBox\" class=\"oo-mail-viewer-sandbox\" data-dojo-attach-point=\"sandbox\">\n<h4>Soyez-vous m\u00eame et <span style=\"color: #ff0000;\">Osez la diff\u00e9rence<\/span> !&nbsp;D\u00e9couvrez une autre vision de la Lunette chez OPTIQUE 10\/10 !<\/h4>\n<\/div>\n<h5>&nbsp;<\/h5>\n<\/div>\n<p><!--more--><\/p>\n\n\n<p><\/p>\n","protected":false},"excerpt":{"rendered":"<p>Voici un petit aper\u00e7u des mod\u00e8les de la collection Roger &#8230; Venez vite en magasin les essayer et d\u00e9couvrir d&rsquo;autres mod\u00e8les! Optique 10\/10 vous pr\u00e9sente une nouvelle collection cr\u00e9ative et innovante de lunettes typ\u00e9es et color\u00e9es qui nous vient du pays de la Tulipe. La marque doit son nom \u00e0&nbsp;son cr\u00e9ateur, Roger Hoppenbrouwers, opticien de [&hellip;]<\/p>\n","protected":false},"author":4,"featured_media":0,"parent":1290,"menu_order":0,"comment_status":"closed","ping_status":"closed","template":"","meta":{"ngg_post_thumbnail":0},"_links":{"self":[{"href":"http:\/\/www.1010votropticien.com\/blog\/wp-json\/wp\/v2\/pages\/7312"}],"collection":[{"href":"http:\/\/www.1010votropticien.com\/blog\/wp-json\/wp\/v2\/pages"}],"about":[{"href":"http:\/\/www.1010votropticien.com\/blog\/wp-json\/wp\/v2\/types\/page"}],"author":[{"embeddable":true,"href":"http:\/\/www.1010votropticien.com\/blog\/wp-json\/wp\/v2\/users\/4"}],"replies":[{"embeddable":true,"href":"http:\/\/www.1010votropticien.com\/blog\/wp-json\/wp\/v2\/comments?post=7312"}],"version-history":[{"count":1,"href":"http:\/\/www.1010votropticien.com\/blog\/wp-json\/wp\/v2\/pages\/7312\/revisions"}],"predecessor-version":[{"id":9562,"href":"http:\/\/www.1010votropticien.com\/blog\/wp-json\/wp\/v2\/pages\/7312\/revisions\/9562"}],"up":[{"embeddable":true,"href":"http:\/\/www.1010votropticien.com\/blog\/wp-json\/wp\/v2\/pages\/1290"}],"wp:attachment":[{"href":"http:\/\/www.1010votropticien.com\/blog\/wp-json\/wp\/v2\/media?parent=7312"}],"curies":[{"name":"wp","href":"https:\/\/api.w.org\/{rel}","templated":true}]}}