{"id":71,"date":"2009-08-28T17:41:32","date_gmt":"2009-08-28T16:41:32","guid":{"rendered":"http:\/\/www.1010votropticien.com\/blog\/?page_id=71"},"modified":"2020-12-09T08:09:01","modified_gmt":"2020-12-09T07:09:01","slug":"galerie-ziggy","status":"publish","type":"page","link":"http:\/\/www.1010votropticien.com\/blog\/lunettes-de-vue\/galerie-ziggy\/","title":{"rendered":"Ziggy"},"content":{"rendered":"\n<h2 class=\"wp-block-heading\">Voici un petit aper\u00e7u des mod\u00e8les de la collection Ziggy &#8230; Venez vite en magasin les essayer et d\u00e9couvrir d&rsquo;autres mod\u00e8les!<\/h2>\n\n\n\n<figure class=\"wp-block-gallery columns-3 wp-block-gallery-1 is-layout-flex\"><ul class=\"blocks-gallery-grid\"><li class=\"blocks-gallery-item\"><figure><a href=\"http:\/\/www.1010votropticien.com\/blog\/lunettes-de-vue\/galerie-ziggy\/ziggy-1932-16159-optique-1010-faches-thumesnil\/\"><img decoding=\"async\" loading=\"lazy\" width=\"1920\" height=\"1920\" src=\"https:\/\/i2.wp.com\/www.1010votropticien.com\/blog\/wp-content\/uploads\/2020\/11\/ZIGGY-1932-16159-OPTIQUE-1010-F\u00e2ches-Thumesnil.jpg?fit=838%2C838\" alt=\"\" data-id=\"8606\" data-full-url=\"https:\/\/i2.wp.com\/www.1010votropticien.com\/blog\/wp-content\/uploads\/2020\/11\/ZIGGY-1932-16159-OPTIQUE-1010-F\u00e2ches-Thumesnil.jpg?fit=1920%2C1920\" data-link=\"http:\/\/www.1010votropticien.com\/blog\/lunettes-de-vue\/galerie-ziggy\/ziggy-1932-16159-optique-1010-faches-thumesnil\/\" class=\"wp-image-8606\" srcset=\"http:\/\/www.1010votropticien.com\/blog\/wp-content\/uploads\/2020\/11\/ZIGGY-1932-16159-OPTIQUE-1010-F\u00e2ches-Thumesnil.jpg 1920w, http:\/\/www.1010votropticien.com\/blog\/wp-content\/uploads\/2020\/11\/ZIGGY-1932-16159-OPTIQUE-1010-F\u00e2ches-Thumesnil-300x300.jpg 300w, http:\/\/www.1010votropticien.com\/blog\/wp-content\/uploads\/2020\/11\/ZIGGY-1932-16159-OPTIQUE-1010-F\u00e2ches-Thumesnil-1024x1024.jpg 1024w, http:\/\/www.1010votropticien.com\/blog\/wp-content\/uploads\/2020\/11\/ZIGGY-1932-16159-OPTIQUE-1010-F\u00e2ches-Thumesnil-768x768.jpg 768w, http:\/\/www.1010votropticien.com\/blog\/wp-content\/uploads\/2020\/11\/ZIGGY-1932-16159-OPTIQUE-1010-F\u00e2ches-Thumesnil-1536x1536.jpg 1536w, http:\/\/www.1010votropticien.com\/blog\/wp-content\/uploads\/2020\/11\/ZIGGY-1932-16159-OPTIQUE-1010-F\u00e2ches-Thumesnil-160x160.jpg 160w, http:\/\/www.1010votropticien.com\/blog\/wp-content\/uploads\/2020\/11\/ZIGGY-1932-16159-OPTIQUE-1010-F\u00e2ches-Thumesnil-240x240.jpg 240w, http:\/\/www.1010votropticien.com\/blog\/wp-content\/uploads\/2020\/11\/ZIGGY-1932-16159-OPTIQUE-1010-F\u00e2ches-Thumesnil-60x60.jpg 60w, http:\/\/www.1010votropticien.com\/blog\/wp-content\/uploads\/2020\/11\/ZIGGY-1932-16159-OPTIQUE-1010-F\u00e2ches-Thumesnil-184x184.jpg 184w, http:\/\/www.1010votropticien.com\/blog\/wp-content\/uploads\/2020\/11\/ZIGGY-1932-16159-OPTIQUE-1010-F\u00e2ches-Thumesnil-50x50.jpg 50w\" sizes=\"(max-width: 1920px) 100vw, 1920px\" \/><\/a><\/figure><\/li><li class=\"blocks-gallery-item\"><figure><a href=\"http:\/\/www.1010votropticien.com\/blog\/lunettes-de-vue\/galerie-ziggy\/ziggy-2028-17249-optique-1010-faches-thumesnil\/\"><img decoding=\"async\" loading=\"lazy\" width=\"1920\" height=\"1920\" src=\"https:\/\/i2.wp.com\/www.1010votropticien.com\/blog\/wp-content\/uploads\/2020\/11\/ZIGGY-2028-17249-OPTIQUE-1010-F\u00e2ches-Thumesnil.jpg?fit=838%2C838\" alt=\"\" data-id=\"8607\" data-full-url=\"https:\/\/i2.wp.com\/www.1010votropticien.com\/blog\/wp-content\/uploads\/2020\/11\/ZIGGY-2028-17249-OPTIQUE-1010-F\u00e2ches-Thumesnil.jpg?fit=1920%2C1920\" data-link=\"http:\/\/www.1010votropticien.com\/blog\/lunettes-de-vue\/galerie-ziggy\/ziggy-2028-17249-optique-1010-faches-thumesnil\/\" class=\"wp-image-8607\" srcset=\"http:\/\/www.1010votropticien.com\/blog\/wp-content\/uploads\/2020\/11\/ZIGGY-2028-17249-OPTIQUE-1010-F\u00e2ches-Thumesnil.jpg 1920w, http:\/\/www.1010votropticien.com\/blog\/wp-content\/uploads\/2020\/11\/ZIGGY-2028-17249-OPTIQUE-1010-F\u00e2ches-Thumesnil-300x300.jpg 300w, http:\/\/www.1010votropticien.com\/blog\/wp-content\/uploads\/2020\/11\/ZIGGY-2028-17249-OPTIQUE-1010-F\u00e2ches-Thumesnil-1024x1024.jpg 1024w, http:\/\/www.1010votropticien.com\/blog\/wp-content\/uploads\/2020\/11\/ZIGGY-2028-17249-OPTIQUE-1010-F\u00e2ches-Thumesnil-768x768.jpg 768w, http:\/\/www.1010votropticien.com\/blog\/wp-content\/uploads\/2020\/11\/ZIGGY-2028-17249-OPTIQUE-1010-F\u00e2ches-Thumesnil-1536x1536.jpg 1536w, http:\/\/www.1010votropticien.com\/blog\/wp-content\/uploads\/2020\/11\/ZIGGY-2028-17249-OPTIQUE-1010-F\u00e2ches-Thumesnil-160x160.jpg 160w, http:\/\/www.1010votropticien.com\/blog\/wp-content\/uploads\/2020\/11\/ZIGGY-2028-17249-OPTIQUE-1010-F\u00e2ches-Thumesnil-240x240.jpg 240w, http:\/\/www.1010votropticien.com\/blog\/wp-content\/uploads\/2020\/11\/ZIGGY-2028-17249-OPTIQUE-1010-F\u00e2ches-Thumesnil-60x60.jpg 60w, http:\/\/www.1010votropticien.com\/blog\/wp-content\/uploads\/2020\/11\/ZIGGY-2028-17249-OPTIQUE-1010-F\u00e2ches-Thumesnil-184x184.jpg 184w, http:\/\/www.1010votropticien.com\/blog\/wp-content\/uploads\/2020\/11\/ZIGGY-2028-17249-OPTIQUE-1010-F\u00e2ches-Thumesnil-50x50.jpg 50w\" sizes=\"(max-width: 1920px) 100vw, 1920px\" \/><\/a><\/figure><\/li><li class=\"blocks-gallery-item\"><figure><a href=\"http:\/\/www.1010votropticien.com\/blog\/lunettes-de-vue\/galerie-ziggy\/ziggy-2038-17545-optique-1010-faches-thumesnil\/\"><img decoding=\"async\" loading=\"lazy\" width=\"1920\" height=\"1920\" src=\"https:\/\/i1.wp.com\/www.1010votropticien.com\/blog\/wp-content\/uploads\/2020\/11\/ZIGGY-2038-17545-OPTIQUE-1010-F\u00e2ches-Thumesnil.jpg?fit=838%2C838\" alt=\"\" data-id=\"8608\" data-full-url=\"https:\/\/i1.wp.com\/www.1010votropticien.com\/blog\/wp-content\/uploads\/2020\/11\/ZIGGY-2038-17545-OPTIQUE-1010-F\u00e2ches-Thumesnil.jpg?fit=1920%2C1920\" data-link=\"http:\/\/www.1010votropticien.com\/blog\/lunettes-de-vue\/galerie-ziggy\/ziggy-2038-17545-optique-1010-faches-thumesnil\/\" class=\"wp-image-8608\" srcset=\"http:\/\/www.1010votropticien.com\/blog\/wp-content\/uploads\/2020\/11\/ZIGGY-2038-17545-OPTIQUE-1010-F\u00e2ches-Thumesnil.jpg 1920w, http:\/\/www.1010votropticien.com\/blog\/wp-content\/uploads\/2020\/11\/ZIGGY-2038-17545-OPTIQUE-1010-F\u00e2ches-Thumesnil-300x300.jpg 300w, http:\/\/www.1010votropticien.com\/blog\/wp-content\/uploads\/2020\/11\/ZIGGY-2038-17545-OPTIQUE-1010-F\u00e2ches-Thumesnil-1024x1024.jpg 1024w, http:\/\/www.1010votropticien.com\/blog\/wp-content\/uploads\/2020\/11\/ZIGGY-2038-17545-OPTIQUE-1010-F\u00e2ches-Thumesnil-768x768.jpg 768w, http:\/\/www.1010votropticien.com\/blog\/wp-content\/uploads\/2020\/11\/ZIGGY-2038-17545-OPTIQUE-1010-F\u00e2ches-Thumesnil-1536x1536.jpg 1536w, http:\/\/www.1010votropticien.com\/blog\/wp-content\/uploads\/2020\/11\/ZIGGY-2038-17545-OPTIQUE-1010-F\u00e2ches-Thumesnil-160x160.jpg 160w, http:\/\/www.1010votropticien.com\/blog\/wp-content\/uploads\/2020\/11\/ZIGGY-2038-17545-OPTIQUE-1010-F\u00e2ches-Thumesnil-240x240.jpg 240w, http:\/\/www.1010votropticien.com\/blog\/wp-content\/uploads\/2020\/11\/ZIGGY-2038-17545-OPTIQUE-1010-F\u00e2ches-Thumesnil-60x60.jpg 60w, http:\/\/www.1010votropticien.com\/blog\/wp-content\/uploads\/2020\/11\/ZIGGY-2038-17545-OPTIQUE-1010-F\u00e2ches-Thumesnil-184x184.jpg 184w, http:\/\/www.1010votropticien.com\/blog\/wp-content\/uploads\/2020\/11\/ZIGGY-2038-17545-OPTIQUE-1010-F\u00e2ches-Thumesnil-50x50.jpg 50w\" sizes=\"(max-width: 1920px) 100vw, 1920px\" \/><\/a><\/figure><\/li><li class=\"blocks-gallery-item\"><figure><a href=\"http:\/\/www.1010votropticien.com\/blog\/lunettes-de-vue\/galerie-ziggy\/ziggy-2049-17043-optique-1010-faches-thumesnil\/\"><img decoding=\"async\" loading=\"lazy\" width=\"1920\" height=\"1920\" src=\"https:\/\/i1.wp.com\/www.1010votropticien.com\/blog\/wp-content\/uploads\/2020\/11\/ZIGGY-2049-17043-OPTIQUE-1010-F\u00e2ches-Thumesnil.jpg?fit=838%2C838\" alt=\"\" data-id=\"8609\" data-full-url=\"https:\/\/i1.wp.com\/www.1010votropticien.com\/blog\/wp-content\/uploads\/2020\/11\/ZIGGY-2049-17043-OPTIQUE-1010-F\u00e2ches-Thumesnil.jpg?fit=1920%2C1920\" data-link=\"http:\/\/www.1010votropticien.com\/blog\/lunettes-de-vue\/galerie-ziggy\/ziggy-2049-17043-optique-1010-faches-thumesnil\/\" class=\"wp-image-8609\" srcset=\"http:\/\/www.1010votropticien.com\/blog\/wp-content\/uploads\/2020\/11\/ZIGGY-2049-17043-OPTIQUE-1010-F\u00e2ches-Thumesnil.jpg 1920w, http:\/\/www.1010votropticien.com\/blog\/wp-content\/uploads\/2020\/11\/ZIGGY-2049-17043-OPTIQUE-1010-F\u00e2ches-Thumesnil-300x300.jpg 300w, http:\/\/www.1010votropticien.com\/blog\/wp-content\/uploads\/2020\/11\/ZIGGY-2049-17043-OPTIQUE-1010-F\u00e2ches-Thumesnil-1024x1024.jpg 1024w, http:\/\/www.1010votropticien.com\/blog\/wp-content\/uploads\/2020\/11\/ZIGGY-2049-17043-OPTIQUE-1010-F\u00e2ches-Thumesnil-768x768.jpg 768w, http:\/\/www.1010votropticien.com\/blog\/wp-content\/uploads\/2020\/11\/ZIGGY-2049-17043-OPTIQUE-1010-F\u00e2ches-Thumesnil-1536x1536.jpg 1536w, http:\/\/www.1010votropticien.com\/blog\/wp-content\/uploads\/2020\/11\/ZIGGY-2049-17043-OPTIQUE-1010-F\u00e2ches-Thumesnil-160x160.jpg 160w, http:\/\/www.1010votropticien.com\/blog\/wp-content\/uploads\/2020\/11\/ZIGGY-2049-17043-OPTIQUE-1010-F\u00e2ches-Thumesnil-240x240.jpg 240w, http:\/\/www.1010votropticien.com\/blog\/wp-content\/uploads\/2020\/11\/ZIGGY-2049-17043-OPTIQUE-1010-F\u00e2ches-Thumesnil-60x60.jpg 60w, http:\/\/www.1010votropticien.com\/blog\/wp-content\/uploads\/2020\/11\/ZIGGY-2049-17043-OPTIQUE-1010-F\u00e2ches-Thumesnil-184x184.jpg 184w, http:\/\/www.1010votropticien.com\/blog\/wp-content\/uploads\/2020\/11\/ZIGGY-2049-17043-OPTIQUE-1010-F\u00e2ches-Thumesnil-50x50.jpg 50w\" sizes=\"(max-width: 1920px) 100vw, 1920px\" \/><\/a><\/figure><\/li><li class=\"blocks-gallery-item\"><figure><a href=\"http:\/\/www.1010votropticien.com\/blog\/lunettes-de-vue\/galerie-ziggy\/ziggy-2051-17049-optique-1010-faches-thumesnil\/\"><img decoding=\"async\" loading=\"lazy\" width=\"1920\" height=\"1920\" src=\"https:\/\/i2.wp.com\/www.1010votropticien.com\/blog\/wp-content\/uploads\/2020\/11\/ZIGGY-2051-17049-OPTIQUE-1010-F\u00e2ches-Thumesnil.jpg?fit=838%2C838\" alt=\"\" data-id=\"8610\" data-full-url=\"https:\/\/i2.wp.com\/www.1010votropticien.com\/blog\/wp-content\/uploads\/2020\/11\/ZIGGY-2051-17049-OPTIQUE-1010-F\u00e2ches-Thumesnil.jpg?fit=1920%2C1920\" data-link=\"http:\/\/www.1010votropticien.com\/blog\/lunettes-de-vue\/galerie-ziggy\/ziggy-2051-17049-optique-1010-faches-thumesnil\/\" class=\"wp-image-8610\" srcset=\"http:\/\/www.1010votropticien.com\/blog\/wp-content\/uploads\/2020\/11\/ZIGGY-2051-17049-OPTIQUE-1010-F\u00e2ches-Thumesnil.jpg 1920w, http:\/\/www.1010votropticien.com\/blog\/wp-content\/uploads\/2020\/11\/ZIGGY-2051-17049-OPTIQUE-1010-F\u00e2ches-Thumesnil-300x300.jpg 300w, http:\/\/www.1010votropticien.com\/blog\/wp-content\/uploads\/2020\/11\/ZIGGY-2051-17049-OPTIQUE-1010-F\u00e2ches-Thumesnil-1024x1024.jpg 1024w, http:\/\/www.1010votropticien.com\/blog\/wp-content\/uploads\/2020\/11\/ZIGGY-2051-17049-OPTIQUE-1010-F\u00e2ches-Thumesnil-768x768.jpg 768w, http:\/\/www.1010votropticien.com\/blog\/wp-content\/uploads\/2020\/11\/ZIGGY-2051-17049-OPTIQUE-1010-F\u00e2ches-Thumesnil-1536x1536.jpg 1536w, http:\/\/www.1010votropticien.com\/blog\/wp-content\/uploads\/2020\/11\/ZIGGY-2051-17049-OPTIQUE-1010-F\u00e2ches-Thumesnil-160x160.jpg 160w, http:\/\/www.1010votropticien.com\/blog\/wp-content\/uploads\/2020\/11\/ZIGGY-2051-17049-OPTIQUE-1010-F\u00e2ches-Thumesnil-240x240.jpg 240w, http:\/\/www.1010votropticien.com\/blog\/wp-content\/uploads\/2020\/11\/ZIGGY-2051-17049-OPTIQUE-1010-F\u00e2ches-Thumesnil-60x60.jpg 60w, http:\/\/www.1010votropticien.com\/blog\/wp-content\/uploads\/2020\/11\/ZIGGY-2051-17049-OPTIQUE-1010-F\u00e2ches-Thumesnil-184x184.jpg 184w, http:\/\/www.1010votropticien.com\/blog\/wp-content\/uploads\/2020\/11\/ZIGGY-2051-17049-OPTIQUE-1010-F\u00e2ches-Thumesnil-50x50.jpg 50w\" sizes=\"(max-width: 1920px) 100vw, 1920px\" \/><\/a><\/figure><\/li><li class=\"blocks-gallery-item\"><figure><a href=\"http:\/\/www.1010votropticien.com\/blog\/lunettes-de-vue\/galerie-ziggy\/ziggy-2053-17045-optique-1010-faches-thumesnil\/\"><img decoding=\"async\" loading=\"lazy\" width=\"1920\" height=\"1920\" src=\"https:\/\/i2.wp.com\/www.1010votropticien.com\/blog\/wp-content\/uploads\/2020\/11\/ZIGGY-2053-17045-OPTIQUE-1010-F\u00e2ches-Thumesnil.jpg?fit=838%2C838\" alt=\"\" data-id=\"8611\" data-full-url=\"https:\/\/i2.wp.com\/www.1010votropticien.com\/blog\/wp-content\/uploads\/2020\/11\/ZIGGY-2053-17045-OPTIQUE-1010-F\u00e2ches-Thumesnil.jpg?fit=1920%2C1920\" data-link=\"http:\/\/www.1010votropticien.com\/blog\/lunettes-de-vue\/galerie-ziggy\/ziggy-2053-17045-optique-1010-faches-thumesnil\/\" class=\"wp-image-8611\" srcset=\"http:\/\/www.1010votropticien.com\/blog\/wp-content\/uploads\/2020\/11\/ZIGGY-2053-17045-OPTIQUE-1010-F\u00e2ches-Thumesnil.jpg 1920w, http:\/\/www.1010votropticien.com\/blog\/wp-content\/uploads\/2020\/11\/ZIGGY-2053-17045-OPTIQUE-1010-F\u00e2ches-Thumesnil-300x300.jpg 300w, http:\/\/www.1010votropticien.com\/blog\/wp-content\/uploads\/2020\/11\/ZIGGY-2053-17045-OPTIQUE-1010-F\u00e2ches-Thumesnil-1024x1024.jpg 1024w, http:\/\/www.1010votropticien.com\/blog\/wp-content\/uploads\/2020\/11\/ZIGGY-2053-17045-OPTIQUE-1010-F\u00e2ches-Thumesnil-768x768.jpg 768w, http:\/\/www.1010votropticien.com\/blog\/wp-content\/uploads\/2020\/11\/ZIGGY-2053-17045-OPTIQUE-1010-F\u00e2ches-Thumesnil-1536x1536.jpg 1536w, http:\/\/www.1010votropticien.com\/blog\/wp-content\/uploads\/2020\/11\/ZIGGY-2053-17045-OPTIQUE-1010-F\u00e2ches-Thumesnil-160x160.jpg 160w, http:\/\/www.1010votropticien.com\/blog\/wp-content\/uploads\/2020\/11\/ZIGGY-2053-17045-OPTIQUE-1010-F\u00e2ches-Thumesnil-240x240.jpg 240w, http:\/\/www.1010votropticien.com\/blog\/wp-content\/uploads\/2020\/11\/ZIGGY-2053-17045-OPTIQUE-1010-F\u00e2ches-Thumesnil-60x60.jpg 60w, http:\/\/www.1010votropticien.com\/blog\/wp-content\/uploads\/2020\/11\/ZIGGY-2053-17045-OPTIQUE-1010-F\u00e2ches-Thumesnil-184x184.jpg 184w, http:\/\/www.1010votropticien.com\/blog\/wp-content\/uploads\/2020\/11\/ZIGGY-2053-17045-OPTIQUE-1010-F\u00e2ches-Thumesnil-50x50.jpg 50w\" sizes=\"(max-width: 1920px) 100vw, 1920px\" \/><\/a><\/figure><\/li><\/ul><\/figure>\n\n\n<h3>&nbsp;<\/h3>\n<p>&nbsp;<\/p>\n<div>\n<h4>La ligne Ziggy est une collection <span style=\"color: #ff0000;\">exclusivement f\u00e9minine<\/span> qui s&rsquo;adresse \u00e0 une client\u00e8le <span style=\"color: #ff0000;\">originale<\/span> et <span style=\"color: #ff0000;\">affirm\u00e9e&nbsp;<\/span>pour qui la lunette est aussi un <span style=\"color: #ff0000;\">bijoux<\/span>.<\/h4>\n<p>&nbsp;<\/p>\n<\/div>","protected":false},"excerpt":{"rendered":"<p>Voici un petit aper\u00e7u des mod\u00e8les de la collection Ziggy &#8230; Venez vite en magasin les essayer et d\u00e9couvrir d&rsquo;autres mod\u00e8les! &nbsp; &nbsp; La ligne Ziggy est une collection exclusivement f\u00e9minine qui s&rsquo;adresse \u00e0 une client\u00e8le originale et affirm\u00e9e&nbsp;pour qui la lunette est aussi un bijoux. &nbsp;<\/p>\n","protected":false},"author":1,"featured_media":0,"parent":1290,"menu_order":29,"comment_status":"open","ping_status":"closed","template":"","meta":{"ngg_post_thumbnail":0},"_links":{"self":[{"href":"http:\/\/www.1010votropticien.com\/blog\/wp-json\/wp\/v2\/pages\/71"}],"collection":[{"href":"http:\/\/www.1010votropticien.com\/blog\/wp-json\/wp\/v2\/pages"}],"about":[{"href":"http:\/\/www.1010votropticien.com\/blog\/wp-json\/wp\/v2\/types\/page"}],"author":[{"embeddable":true,"href":"http:\/\/www.1010votropticien.com\/blog\/wp-json\/wp\/v2\/users\/1"}],"replies":[{"embeddable":true,"href":"http:\/\/www.1010votropticien.com\/blog\/wp-json\/wp\/v2\/comments?post=71"}],"version-history":[{"count":2,"href":"http:\/\/www.1010votropticien.com\/blog\/wp-json\/wp\/v2\/pages\/71\/revisions"}],"predecessor-version":[{"id":8706,"href":"http:\/\/www.1010votropticien.com\/blog\/wp-json\/wp\/v2\/pages\/71\/revisions\/8706"}],"up":[{"embeddable":true,"href":"http:\/\/www.1010votropticien.com\/blog\/wp-json\/wp\/v2\/pages\/1290"}],"wp:attachment":[{"href":"http:\/\/www.1010votropticien.com\/blog\/wp-json\/wp\/v2\/media?parent=71"}],"curies":[{"name":"wp","href":"https:\/\/api.w.org\/{rel}","templated":true}]}}