{"id":7081,"date":"2017-10-04T20:11:38","date_gmt":"2017-10-04T18:11:38","guid":{"rendered":"http:\/\/www.1010votropticien.com\/blog\/?page_id=7081"},"modified":"2020-12-10T07:38:24","modified_gmt":"2020-12-10T06:38:24","slug":"facel-vega","status":"publish","type":"page","link":"http:\/\/www.1010votropticien.com\/blog\/lunettes-de-vue\/facel-vega\/","title":{"rendered":"Facel Vega"},"content":{"rendered":"\n<h2 class=\"wp-block-heading\">Voici un petit aper\u00e7u des mod\u00e8les de la collection Facel Vega &#8230; Venez vite en magasin les essayer et d\u00e9couvrir d&rsquo;autres mod\u00e8les!<\/h2>\n\n\n\n<figure class=\"wp-block-gallery columns-3 is-cropped wp-block-gallery-1 is-layout-flex\"><ul class=\"blocks-gallery-grid\"><li class=\"blocks-gallery-item\"><figure><a href=\"http:\/\/www.1010votropticien.com\/blog\/lunettes-de-vue\/facel-vega\/facel-vega-fv8105-optique-1010-faches-thumesnil-16088\/\"><img decoding=\"async\" loading=\"lazy\" width=\"1920\" height=\"1920\" src=\"https:\/\/i0.wp.com\/www.1010votropticien.com\/blog\/wp-content\/uploads\/2020\/12\/FACEL-VEGA-FV8105-OPTIQUE-1010-FACHES-THUMESNIL-16088.jpg?fit=838%2C838\" alt=\"\" data-id=\"8751\" data-full-url=\"https:\/\/i0.wp.com\/www.1010votropticien.com\/blog\/wp-content\/uploads\/2020\/12\/FACEL-VEGA-FV8105-OPTIQUE-1010-FACHES-THUMESNIL-16088.jpg?fit=1920%2C1920\" data-link=\"http:\/\/www.1010votropticien.com\/blog\/lunettes-de-vue\/facel-vega\/facel-vega-fv8105-optique-1010-faches-thumesnil-16088\/\" class=\"wp-image-8751\" srcset=\"http:\/\/www.1010votropticien.com\/blog\/wp-content\/uploads\/2020\/12\/FACEL-VEGA-FV8105-OPTIQUE-1010-FACHES-THUMESNIL-16088.jpg 1920w, http:\/\/www.1010votropticien.com\/blog\/wp-content\/uploads\/2020\/12\/FACEL-VEGA-FV8105-OPTIQUE-1010-FACHES-THUMESNIL-16088-300x300.jpg 300w, http:\/\/www.1010votropticien.com\/blog\/wp-content\/uploads\/2020\/12\/FACEL-VEGA-FV8105-OPTIQUE-1010-FACHES-THUMESNIL-16088-1024x1024.jpg 1024w, http:\/\/www.1010votropticien.com\/blog\/wp-content\/uploads\/2020\/12\/FACEL-VEGA-FV8105-OPTIQUE-1010-FACHES-THUMESNIL-16088-768x768.jpg 768w, http:\/\/www.1010votropticien.com\/blog\/wp-content\/uploads\/2020\/12\/FACEL-VEGA-FV8105-OPTIQUE-1010-FACHES-THUMESNIL-16088-1536x1536.jpg 1536w, http:\/\/www.1010votropticien.com\/blog\/wp-content\/uploads\/2020\/12\/FACEL-VEGA-FV8105-OPTIQUE-1010-FACHES-THUMESNIL-16088-160x160.jpg 160w, http:\/\/www.1010votropticien.com\/blog\/wp-content\/uploads\/2020\/12\/FACEL-VEGA-FV8105-OPTIQUE-1010-FACHES-THUMESNIL-16088-240x240.jpg 240w, http:\/\/www.1010votropticien.com\/blog\/wp-content\/uploads\/2020\/12\/FACEL-VEGA-FV8105-OPTIQUE-1010-FACHES-THUMESNIL-16088-60x60.jpg 60w, http:\/\/www.1010votropticien.com\/blog\/wp-content\/uploads\/2020\/12\/FACEL-VEGA-FV8105-OPTIQUE-1010-FACHES-THUMESNIL-16088-184x184.jpg 184w, http:\/\/www.1010votropticien.com\/blog\/wp-content\/uploads\/2020\/12\/FACEL-VEGA-FV8105-OPTIQUE-1010-FACHES-THUMESNIL-16088-50x50.jpg 50w\" sizes=\"(max-width: 1920px) 100vw, 1920px\" \/><\/a><\/figure><\/li><li class=\"blocks-gallery-item\"><figure><a href=\"http:\/\/www.1010votropticien.com\/blog\/lunettes-de-vue\/facel-vega\/facel-vega-fv9128-optique-1010-faches-thumesnil-17083\/\"><img decoding=\"async\" loading=\"lazy\" width=\"1920\" height=\"1920\" src=\"https:\/\/i0.wp.com\/www.1010votropticien.com\/blog\/wp-content\/uploads\/2020\/12\/FACEL-VEGA-FV9128-OPTIQUE-1010-FACHES-THUMESNIL-17083.jpg?fit=838%2C838\" alt=\"\" data-id=\"8752\" data-full-url=\"https:\/\/i0.wp.com\/www.1010votropticien.com\/blog\/wp-content\/uploads\/2020\/12\/FACEL-VEGA-FV9128-OPTIQUE-1010-FACHES-THUMESNIL-17083.jpg?fit=1920%2C1920\" data-link=\"http:\/\/www.1010votropticien.com\/blog\/lunettes-de-vue\/facel-vega\/facel-vega-fv9128-optique-1010-faches-thumesnil-17083\/\" class=\"wp-image-8752\" srcset=\"http:\/\/www.1010votropticien.com\/blog\/wp-content\/uploads\/2020\/12\/FACEL-VEGA-FV9128-OPTIQUE-1010-FACHES-THUMESNIL-17083.jpg 1920w, http:\/\/www.1010votropticien.com\/blog\/wp-content\/uploads\/2020\/12\/FACEL-VEGA-FV9128-OPTIQUE-1010-FACHES-THUMESNIL-17083-300x300.jpg 300w, http:\/\/www.1010votropticien.com\/blog\/wp-content\/uploads\/2020\/12\/FACEL-VEGA-FV9128-OPTIQUE-1010-FACHES-THUMESNIL-17083-1024x1024.jpg 1024w, http:\/\/www.1010votropticien.com\/blog\/wp-content\/uploads\/2020\/12\/FACEL-VEGA-FV9128-OPTIQUE-1010-FACHES-THUMESNIL-17083-768x768.jpg 768w, http:\/\/www.1010votropticien.com\/blog\/wp-content\/uploads\/2020\/12\/FACEL-VEGA-FV9128-OPTIQUE-1010-FACHES-THUMESNIL-17083-1536x1536.jpg 1536w, http:\/\/www.1010votropticien.com\/blog\/wp-content\/uploads\/2020\/12\/FACEL-VEGA-FV9128-OPTIQUE-1010-FACHES-THUMESNIL-17083-160x160.jpg 160w, http:\/\/www.1010votropticien.com\/blog\/wp-content\/uploads\/2020\/12\/FACEL-VEGA-FV9128-OPTIQUE-1010-FACHES-THUMESNIL-17083-240x240.jpg 240w, http:\/\/www.1010votropticien.com\/blog\/wp-content\/uploads\/2020\/12\/FACEL-VEGA-FV9128-OPTIQUE-1010-FACHES-THUMESNIL-17083-60x60.jpg 60w, http:\/\/www.1010votropticien.com\/blog\/wp-content\/uploads\/2020\/12\/FACEL-VEGA-FV9128-OPTIQUE-1010-FACHES-THUMESNIL-17083-184x184.jpg 184w, http:\/\/www.1010votropticien.com\/blog\/wp-content\/uploads\/2020\/12\/FACEL-VEGA-FV9128-OPTIQUE-1010-FACHES-THUMESNIL-17083-50x50.jpg 50w\" sizes=\"(max-width: 1920px) 100vw, 1920px\" \/><\/a><\/figure><\/li><li class=\"blocks-gallery-item\"><figure><a href=\"http:\/\/www.1010votropticien.com\/blog\/lunettes-de-vue\/facel-vega\/facel-vega-fv9130-optique-1010-faches-thumesnil-17064\/\"><img decoding=\"async\" loading=\"lazy\" width=\"1920\" height=\"1920\" src=\"https:\/\/i1.wp.com\/www.1010votropticien.com\/blog\/wp-content\/uploads\/2020\/12\/FACEL-VEGA-FV9130-OPTIQUE-1010-FACHES-THUMESNIL-17064.jpg?fit=838%2C838\" alt=\"\" data-id=\"8753\" data-full-url=\"https:\/\/i1.wp.com\/www.1010votropticien.com\/blog\/wp-content\/uploads\/2020\/12\/FACEL-VEGA-FV9130-OPTIQUE-1010-FACHES-THUMESNIL-17064.jpg?fit=1920%2C1920\" data-link=\"http:\/\/www.1010votropticien.com\/blog\/lunettes-de-vue\/facel-vega\/facel-vega-fv9130-optique-1010-faches-thumesnil-17064\/\" class=\"wp-image-8753\" srcset=\"http:\/\/www.1010votropticien.com\/blog\/wp-content\/uploads\/2020\/12\/FACEL-VEGA-FV9130-OPTIQUE-1010-FACHES-THUMESNIL-17064.jpg 1920w, http:\/\/www.1010votropticien.com\/blog\/wp-content\/uploads\/2020\/12\/FACEL-VEGA-FV9130-OPTIQUE-1010-FACHES-THUMESNIL-17064-300x300.jpg 300w, http:\/\/www.1010votropticien.com\/blog\/wp-content\/uploads\/2020\/12\/FACEL-VEGA-FV9130-OPTIQUE-1010-FACHES-THUMESNIL-17064-1024x1024.jpg 1024w, http:\/\/www.1010votropticien.com\/blog\/wp-content\/uploads\/2020\/12\/FACEL-VEGA-FV9130-OPTIQUE-1010-FACHES-THUMESNIL-17064-768x768.jpg 768w, http:\/\/www.1010votropticien.com\/blog\/wp-content\/uploads\/2020\/12\/FACEL-VEGA-FV9130-OPTIQUE-1010-FACHES-THUMESNIL-17064-1536x1536.jpg 1536w, http:\/\/www.1010votropticien.com\/blog\/wp-content\/uploads\/2020\/12\/FACEL-VEGA-FV9130-OPTIQUE-1010-FACHES-THUMESNIL-17064-160x160.jpg 160w, http:\/\/www.1010votropticien.com\/blog\/wp-content\/uploads\/2020\/12\/FACEL-VEGA-FV9130-OPTIQUE-1010-FACHES-THUMESNIL-17064-240x240.jpg 240w, http:\/\/www.1010votropticien.com\/blog\/wp-content\/uploads\/2020\/12\/FACEL-VEGA-FV9130-OPTIQUE-1010-FACHES-THUMESNIL-17064-60x60.jpg 60w, http:\/\/www.1010votropticien.com\/blog\/wp-content\/uploads\/2020\/12\/FACEL-VEGA-FV9130-OPTIQUE-1010-FACHES-THUMESNIL-17064-184x184.jpg 184w, http:\/\/www.1010votropticien.com\/blog\/wp-content\/uploads\/2020\/12\/FACEL-VEGA-FV9130-OPTIQUE-1010-FACHES-THUMESNIL-17064-50x50.jpg 50w\" sizes=\"(max-width: 1920px) 100vw, 1920px\" \/><\/a><\/figure><\/li><li class=\"blocks-gallery-item\"><figure><a href=\"http:\/\/www.1010votropticien.com\/blog\/lunettes-de-vue\/facel-vega\/facel-vega-fv9132-optique-1010-faches-thumesnil-17090\/\"><img decoding=\"async\" loading=\"lazy\" width=\"1920\" height=\"1920\" src=\"https:\/\/i1.wp.com\/www.1010votropticien.com\/blog\/wp-content\/uploads\/2020\/12\/FACEL-VEGA-FV9132-OPTIQUE-1010-FACHES-THUMESNIL-17090.jpg?fit=838%2C838\" alt=\"\" data-id=\"8754\" data-full-url=\"https:\/\/i1.wp.com\/www.1010votropticien.com\/blog\/wp-content\/uploads\/2020\/12\/FACEL-VEGA-FV9132-OPTIQUE-1010-FACHES-THUMESNIL-17090.jpg?fit=1920%2C1920\" data-link=\"http:\/\/www.1010votropticien.com\/blog\/lunettes-de-vue\/facel-vega\/facel-vega-fv9132-optique-1010-faches-thumesnil-17090\/\" class=\"wp-image-8754\" srcset=\"http:\/\/www.1010votropticien.com\/blog\/wp-content\/uploads\/2020\/12\/FACEL-VEGA-FV9132-OPTIQUE-1010-FACHES-THUMESNIL-17090.jpg 1920w, http:\/\/www.1010votropticien.com\/blog\/wp-content\/uploads\/2020\/12\/FACEL-VEGA-FV9132-OPTIQUE-1010-FACHES-THUMESNIL-17090-300x300.jpg 300w, http:\/\/www.1010votropticien.com\/blog\/wp-content\/uploads\/2020\/12\/FACEL-VEGA-FV9132-OPTIQUE-1010-FACHES-THUMESNIL-17090-1024x1024.jpg 1024w, http:\/\/www.1010votropticien.com\/blog\/wp-content\/uploads\/2020\/12\/FACEL-VEGA-FV9132-OPTIQUE-1010-FACHES-THUMESNIL-17090-768x768.jpg 768w, http:\/\/www.1010votropticien.com\/blog\/wp-content\/uploads\/2020\/12\/FACEL-VEGA-FV9132-OPTIQUE-1010-FACHES-THUMESNIL-17090-1536x1536.jpg 1536w, http:\/\/www.1010votropticien.com\/blog\/wp-content\/uploads\/2020\/12\/FACEL-VEGA-FV9132-OPTIQUE-1010-FACHES-THUMESNIL-17090-160x160.jpg 160w, http:\/\/www.1010votropticien.com\/blog\/wp-content\/uploads\/2020\/12\/FACEL-VEGA-FV9132-OPTIQUE-1010-FACHES-THUMESNIL-17090-240x240.jpg 240w, http:\/\/www.1010votropticien.com\/blog\/wp-content\/uploads\/2020\/12\/FACEL-VEGA-FV9132-OPTIQUE-1010-FACHES-THUMESNIL-17090-60x60.jpg 60w, http:\/\/www.1010votropticien.com\/blog\/wp-content\/uploads\/2020\/12\/FACEL-VEGA-FV9132-OPTIQUE-1010-FACHES-THUMESNIL-17090-184x184.jpg 184w, http:\/\/www.1010votropticien.com\/blog\/wp-content\/uploads\/2020\/12\/FACEL-VEGA-FV9132-OPTIQUE-1010-FACHES-THUMESNIL-17090-50x50.jpg 50w\" sizes=\"(max-width: 1920px) 100vw, 1920px\" \/><\/a><\/figure><\/li><li class=\"blocks-gallery-item\"><figure><a href=\"http:\/\/www.1010votropticien.com\/blog\/lunettes-de-vue\/facel-vega\/facel-vega-fv9135-optique-1010-faches-thumesnil-17082\/\"><img decoding=\"async\" loading=\"lazy\" width=\"1920\" height=\"1920\" src=\"https:\/\/i1.wp.com\/www.1010votropticien.com\/blog\/wp-content\/uploads\/2020\/12\/FACEL-VEGA-FV9135-OPTIQUE-1010-FACHES-THUMESNIL-17082.jpg?fit=838%2C838\" alt=\"\" data-id=\"8755\" data-full-url=\"https:\/\/i1.wp.com\/www.1010votropticien.com\/blog\/wp-content\/uploads\/2020\/12\/FACEL-VEGA-FV9135-OPTIQUE-1010-FACHES-THUMESNIL-17082.jpg?fit=1920%2C1920\" data-link=\"http:\/\/www.1010votropticien.com\/blog\/lunettes-de-vue\/facel-vega\/facel-vega-fv9135-optique-1010-faches-thumesnil-17082\/\" class=\"wp-image-8755\" srcset=\"http:\/\/www.1010votropticien.com\/blog\/wp-content\/uploads\/2020\/12\/FACEL-VEGA-FV9135-OPTIQUE-1010-FACHES-THUMESNIL-17082.jpg 1920w, http:\/\/www.1010votropticien.com\/blog\/wp-content\/uploads\/2020\/12\/FACEL-VEGA-FV9135-OPTIQUE-1010-FACHES-THUMESNIL-17082-300x300.jpg 300w, http:\/\/www.1010votropticien.com\/blog\/wp-content\/uploads\/2020\/12\/FACEL-VEGA-FV9135-OPTIQUE-1010-FACHES-THUMESNIL-17082-1024x1024.jpg 1024w, http:\/\/www.1010votropticien.com\/blog\/wp-content\/uploads\/2020\/12\/FACEL-VEGA-FV9135-OPTIQUE-1010-FACHES-THUMESNIL-17082-768x768.jpg 768w, http:\/\/www.1010votropticien.com\/blog\/wp-content\/uploads\/2020\/12\/FACEL-VEGA-FV9135-OPTIQUE-1010-FACHES-THUMESNIL-17082-1536x1536.jpg 1536w, http:\/\/www.1010votropticien.com\/blog\/wp-content\/uploads\/2020\/12\/FACEL-VEGA-FV9135-OPTIQUE-1010-FACHES-THUMESNIL-17082-160x160.jpg 160w, http:\/\/www.1010votropticien.com\/blog\/wp-content\/uploads\/2020\/12\/FACEL-VEGA-FV9135-OPTIQUE-1010-FACHES-THUMESNIL-17082-240x240.jpg 240w, http:\/\/www.1010votropticien.com\/blog\/wp-content\/uploads\/2020\/12\/FACEL-VEGA-FV9135-OPTIQUE-1010-FACHES-THUMESNIL-17082-60x60.jpg 60w, http:\/\/www.1010votropticien.com\/blog\/wp-content\/uploads\/2020\/12\/FACEL-VEGA-FV9135-OPTIQUE-1010-FACHES-THUMESNIL-17082-184x184.jpg 184w, http:\/\/www.1010votropticien.com\/blog\/wp-content\/uploads\/2020\/12\/FACEL-VEGA-FV9135-OPTIQUE-1010-FACHES-THUMESNIL-17082-50x50.jpg 50w\" sizes=\"(max-width: 1920px) 100vw, 1920px\" \/><\/a><\/figure><\/li><li class=\"blocks-gallery-item\"><figure><a href=\"http:\/\/www.1010votropticien.com\/blog\/lunettes-de-vue\/facel-vega\/facel-vega-fv9135-f-optique-1010-faches-thumesnil-17082\/\"><img decoding=\"async\" loading=\"lazy\" width=\"1920\" height=\"1920\" src=\"https:\/\/i0.wp.com\/www.1010votropticien.com\/blog\/wp-content\/uploads\/2020\/12\/FACEL-VEGA-FV9135-F-OPTIQUE-1010-FACHES-THUMESNIL-17082.jpg?fit=838%2C838\" alt=\"\" data-id=\"8756\" data-full-url=\"https:\/\/i0.wp.com\/www.1010votropticien.com\/blog\/wp-content\/uploads\/2020\/12\/FACEL-VEGA-FV9135-F-OPTIQUE-1010-FACHES-THUMESNIL-17082.jpg?fit=1920%2C1920\" data-link=\"http:\/\/www.1010votropticien.com\/blog\/lunettes-de-vue\/facel-vega\/facel-vega-fv9135-f-optique-1010-faches-thumesnil-17082\/\" class=\"wp-image-8756\" srcset=\"http:\/\/www.1010votropticien.com\/blog\/wp-content\/uploads\/2020\/12\/FACEL-VEGA-FV9135-F-OPTIQUE-1010-FACHES-THUMESNIL-17082.jpg 1920w, http:\/\/www.1010votropticien.com\/blog\/wp-content\/uploads\/2020\/12\/FACEL-VEGA-FV9135-F-OPTIQUE-1010-FACHES-THUMESNIL-17082-300x300.jpg 300w, http:\/\/www.1010votropticien.com\/blog\/wp-content\/uploads\/2020\/12\/FACEL-VEGA-FV9135-F-OPTIQUE-1010-FACHES-THUMESNIL-17082-1024x1024.jpg 1024w, http:\/\/www.1010votropticien.com\/blog\/wp-content\/uploads\/2020\/12\/FACEL-VEGA-FV9135-F-OPTIQUE-1010-FACHES-THUMESNIL-17082-768x768.jpg 768w, http:\/\/www.1010votropticien.com\/blog\/wp-content\/uploads\/2020\/12\/FACEL-VEGA-FV9135-F-OPTIQUE-1010-FACHES-THUMESNIL-17082-1536x1536.jpg 1536w, http:\/\/www.1010votropticien.com\/blog\/wp-content\/uploads\/2020\/12\/FACEL-VEGA-FV9135-F-OPTIQUE-1010-FACHES-THUMESNIL-17082-160x160.jpg 160w, http:\/\/www.1010votropticien.com\/blog\/wp-content\/uploads\/2020\/12\/FACEL-VEGA-FV9135-F-OPTIQUE-1010-FACHES-THUMESNIL-17082-240x240.jpg 240w, http:\/\/www.1010votropticien.com\/blog\/wp-content\/uploads\/2020\/12\/FACEL-VEGA-FV9135-F-OPTIQUE-1010-FACHES-THUMESNIL-17082-60x60.jpg 60w, http:\/\/www.1010votropticien.com\/blog\/wp-content\/uploads\/2020\/12\/FACEL-VEGA-FV9135-F-OPTIQUE-1010-FACHES-THUMESNIL-17082-184x184.jpg 184w, http:\/\/www.1010votropticien.com\/blog\/wp-content\/uploads\/2020\/12\/FACEL-VEGA-FV9135-F-OPTIQUE-1010-FACHES-THUMESNIL-17082-50x50.jpg 50w\" sizes=\"(max-width: 1920px) 100vw, 1920px\" \/><\/a><\/figure><\/li><li class=\"blocks-gallery-item\"><figure><a href=\"http:\/\/www.1010votropticien.com\/blog\/lunettes-de-vue\/facel-vega\/facel-vega-fv9151-optique-1010-faches-thumesnil-17074\/\"><img decoding=\"async\" loading=\"lazy\" width=\"1920\" height=\"1920\" src=\"https:\/\/i1.wp.com\/www.1010votropticien.com\/blog\/wp-content\/uploads\/2020\/12\/FACEL-VEGA-FV9151-OPTIQUE-1010-FACHES-THUMESNIL-17074.jpg?fit=838%2C838\" alt=\"\" data-id=\"8757\" data-full-url=\"https:\/\/i1.wp.com\/www.1010votropticien.com\/blog\/wp-content\/uploads\/2020\/12\/FACEL-VEGA-FV9151-OPTIQUE-1010-FACHES-THUMESNIL-17074.jpg?fit=1920%2C1920\" data-link=\"http:\/\/www.1010votropticien.com\/blog\/lunettes-de-vue\/facel-vega\/facel-vega-fv9151-optique-1010-faches-thumesnil-17074\/\" class=\"wp-image-8757\" srcset=\"http:\/\/www.1010votropticien.com\/blog\/wp-content\/uploads\/2020\/12\/FACEL-VEGA-FV9151-OPTIQUE-1010-FACHES-THUMESNIL-17074.jpg 1920w, http:\/\/www.1010votropticien.com\/blog\/wp-content\/uploads\/2020\/12\/FACEL-VEGA-FV9151-OPTIQUE-1010-FACHES-THUMESNIL-17074-300x300.jpg 300w, http:\/\/www.1010votropticien.com\/blog\/wp-content\/uploads\/2020\/12\/FACEL-VEGA-FV9151-OPTIQUE-1010-FACHES-THUMESNIL-17074-1024x1024.jpg 1024w, http:\/\/www.1010votropticien.com\/blog\/wp-content\/uploads\/2020\/12\/FACEL-VEGA-FV9151-OPTIQUE-1010-FACHES-THUMESNIL-17074-768x768.jpg 768w, http:\/\/www.1010votropticien.com\/blog\/wp-content\/uploads\/2020\/12\/FACEL-VEGA-FV9151-OPTIQUE-1010-FACHES-THUMESNIL-17074-1536x1536.jpg 1536w, http:\/\/www.1010votropticien.com\/blog\/wp-content\/uploads\/2020\/12\/FACEL-VEGA-FV9151-OPTIQUE-1010-FACHES-THUMESNIL-17074-160x160.jpg 160w, http:\/\/www.1010votropticien.com\/blog\/wp-content\/uploads\/2020\/12\/FACEL-VEGA-FV9151-OPTIQUE-1010-FACHES-THUMESNIL-17074-240x240.jpg 240w, http:\/\/www.1010votropticien.com\/blog\/wp-content\/uploads\/2020\/12\/FACEL-VEGA-FV9151-OPTIQUE-1010-FACHES-THUMESNIL-17074-60x60.jpg 60w, http:\/\/www.1010votropticien.com\/blog\/wp-content\/uploads\/2020\/12\/FACEL-VEGA-FV9151-OPTIQUE-1010-FACHES-THUMESNIL-17074-184x184.jpg 184w, http:\/\/www.1010votropticien.com\/blog\/wp-content\/uploads\/2020\/12\/FACEL-VEGA-FV9151-OPTIQUE-1010-FACHES-THUMESNIL-17074-50x50.jpg 50w\" sizes=\"(max-width: 1920px) 100vw, 1920px\" \/><\/a><\/figure><\/li><li class=\"blocks-gallery-item\"><figure><a href=\"http:\/\/www.1010votropticien.com\/blog\/lunettes-de-vue\/facel-vega\/facel-vega-fv9172-optique-1010-faches-thumesnil-17068\/\"><img decoding=\"async\" loading=\"lazy\" width=\"1920\" height=\"1920\" src=\"https:\/\/i1.wp.com\/www.1010votropticien.com\/blog\/wp-content\/uploads\/2020\/12\/FACEL-VEGA-FV9172-OPTIQUE-1010-FACHES-THUMESNIL-17068.jpg?fit=838%2C838\" alt=\"\" data-id=\"8758\" data-full-url=\"https:\/\/i1.wp.com\/www.1010votropticien.com\/blog\/wp-content\/uploads\/2020\/12\/FACEL-VEGA-FV9172-OPTIQUE-1010-FACHES-THUMESNIL-17068.jpg?fit=1920%2C1920\" data-link=\"http:\/\/www.1010votropticien.com\/blog\/lunettes-de-vue\/facel-vega\/facel-vega-fv9172-optique-1010-faches-thumesnil-17068\/\" class=\"wp-image-8758\" srcset=\"http:\/\/www.1010votropticien.com\/blog\/wp-content\/uploads\/2020\/12\/FACEL-VEGA-FV9172-OPTIQUE-1010-FACHES-THUMESNIL-17068.jpg 1920w, http:\/\/www.1010votropticien.com\/blog\/wp-content\/uploads\/2020\/12\/FACEL-VEGA-FV9172-OPTIQUE-1010-FACHES-THUMESNIL-17068-300x300.jpg 300w, http:\/\/www.1010votropticien.com\/blog\/wp-content\/uploads\/2020\/12\/FACEL-VEGA-FV9172-OPTIQUE-1010-FACHES-THUMESNIL-17068-1024x1024.jpg 1024w, http:\/\/www.1010votropticien.com\/blog\/wp-content\/uploads\/2020\/12\/FACEL-VEGA-FV9172-OPTIQUE-1010-FACHES-THUMESNIL-17068-768x768.jpg 768w, http:\/\/www.1010votropticien.com\/blog\/wp-content\/uploads\/2020\/12\/FACEL-VEGA-FV9172-OPTIQUE-1010-FACHES-THUMESNIL-17068-1536x1536.jpg 1536w, http:\/\/www.1010votropticien.com\/blog\/wp-content\/uploads\/2020\/12\/FACEL-VEGA-FV9172-OPTIQUE-1010-FACHES-THUMESNIL-17068-160x160.jpg 160w, http:\/\/www.1010votropticien.com\/blog\/wp-content\/uploads\/2020\/12\/FACEL-VEGA-FV9172-OPTIQUE-1010-FACHES-THUMESNIL-17068-240x240.jpg 240w, http:\/\/www.1010votropticien.com\/blog\/wp-content\/uploads\/2020\/12\/FACEL-VEGA-FV9172-OPTIQUE-1010-FACHES-THUMESNIL-17068-60x60.jpg 60w, http:\/\/www.1010votropticien.com\/blog\/wp-content\/uploads\/2020\/12\/FACEL-VEGA-FV9172-OPTIQUE-1010-FACHES-THUMESNIL-17068-184x184.jpg 184w, http:\/\/www.1010votropticien.com\/blog\/wp-content\/uploads\/2020\/12\/FACEL-VEGA-FV9172-OPTIQUE-1010-FACHES-THUMESNIL-17068-50x50.jpg 50w\" sizes=\"(max-width: 1920px) 100vw, 1920px\" \/><\/a><\/figure><\/li><\/ul><\/figure>\n\n\n\n<p>Retrouvez l\u2019univers intemporel de la prestigieuse<br>Marque Automobile Fran\u00e7aise des Ann\u00e9es 60.<br>El\u00e9gance &amp; Design qualifient cette collection<\/p>\n","protected":false},"excerpt":{"rendered":"<p>Voici un petit aper\u00e7u des mod\u00e8les de la collection Facel Vega &#8230; Venez vite en magasin les essayer et d\u00e9couvrir d&rsquo;autres mod\u00e8les! Retrouvez l\u2019univers intemporel de la prestigieuseMarque Automobile Fran\u00e7aise des Ann\u00e9es 60.El\u00e9gance &amp; Design qualifient cette collection<\/p>\n","protected":false},"author":4,"featured_media":0,"parent":1290,"menu_order":0,"comment_status":"closed","ping_status":"closed","template":"","meta":{"ngg_post_thumbnail":0},"_links":{"self":[{"href":"http:\/\/www.1010votropticien.com\/blog\/wp-json\/wp\/v2\/pages\/7081"}],"collection":[{"href":"http:\/\/www.1010votropticien.com\/blog\/wp-json\/wp\/v2\/pages"}],"about":[{"href":"http:\/\/www.1010votropticien.com\/blog\/wp-json\/wp\/v2\/types\/page"}],"author":[{"embeddable":true,"href":"http:\/\/www.1010votropticien.com\/blog\/wp-json\/wp\/v2\/users\/4"}],"replies":[{"embeddable":true,"href":"http:\/\/www.1010votropticien.com\/blog\/wp-json\/wp\/v2\/comments?post=7081"}],"version-history":[{"count":2,"href":"http:\/\/www.1010votropticien.com\/blog\/wp-json\/wp\/v2\/pages\/7081\/revisions"}],"predecessor-version":[{"id":8759,"href":"http:\/\/www.1010votropticien.com\/blog\/wp-json\/wp\/v2\/pages\/7081\/revisions\/8759"}],"up":[{"embeddable":true,"href":"http:\/\/www.1010votropticien.com\/blog\/wp-json\/wp\/v2\/pages\/1290"}],"wp:attachment":[{"href":"http:\/\/www.1010votropticien.com\/blog\/wp-json\/wp\/v2\/media?parent=7081"}],"curies":[{"name":"wp","href":"https:\/\/api.w.org\/{rel}","templated":true}]}}