{"id":69,"date":"2009-08-28T17:41:04","date_gmt":"2009-08-28T16:41:04","guid":{"rendered":"http:\/\/www.1010votropticien.com\/blog\/?page_id=69"},"modified":"2018-11-16T13:43:29","modified_gmt":"2018-11-16T12:43:29","slug":"galerie-zenka","status":"publish","type":"page","link":"http:\/\/www.1010votropticien.com\/blog\/lunettes-de-vue\/galerie-zenka\/","title":{"rendered":"Zenka"},"content":{"rendered":"<h3 style=\"text-align: justify;\">Voici un petit aper\u00e7u des mod\u00e8les de la collection Face &amp; Cie de Zenka &#8230; Venez vite en magasin les essayer et d\u00e9couvrir d&rsquo;autres mod\u00e8les!<\/h3>\n<p>&nbsp;<\/p>\n<p>&nbsp;<\/p>\n<div id=\"attachment_7817\" style=\"width: 310px\" class=\"wp-caption alignleft\"><img aria-describedby=\"caption-attachment-7817\" decoding=\"async\" loading=\"lazy\" class=\"size-medium wp-image-7817\" src=\"http:\/\/www.1010votropticien.com\/blog\/wp-content\/uploads\/2018\/11\/DSC_0148-300x199.jpg\" alt=\"ZENKA OPTIQUE 10\/10 FACHES THUMESNIL\" width=\"300\" height=\"199\" srcset=\"http:\/\/www.1010votropticien.com\/blog\/wp-content\/uploads\/2018\/11\/DSC_0148-300x199.jpg 300w, http:\/\/www.1010votropticien.com\/blog\/wp-content\/uploads\/2018\/11\/DSC_0148-768x509.jpg 768w, http:\/\/www.1010votropticien.com\/blog\/wp-content\/uploads\/2018\/11\/DSC_0148-1024x679.jpg 1024w, http:\/\/www.1010votropticien.com\/blog\/wp-content\/uploads\/2018\/11\/DSC_0148-321x214.jpg 321w, http:\/\/www.1010votropticien.com\/blog\/wp-content\/uploads\/2018\/11\/DSC_0148-207x136.jpg 207w, http:\/\/www.1010votropticien.com\/blog\/wp-content\/uploads\/2018\/11\/DSC_0148-140x94.jpg 140w\" sizes=\"(max-width: 300px) 100vw, 300px\" \/><p id=\"caption-attachment-7817\" class=\"wp-caption-text\">ZENKA OPTIQUE 10\/10 FACHES THUMESNIL<\/p><\/div>\n<div id=\"attachment_7818\" style=\"width: 310px\" class=\"wp-caption alignleft\"><img aria-describedby=\"caption-attachment-7818\" decoding=\"async\" loading=\"lazy\" class=\"size-medium wp-image-7818\" src=\"http:\/\/www.1010votropticien.com\/blog\/wp-content\/uploads\/2018\/11\/DSC_0149-300x199.jpg\" alt=\"ZENKA OPTIQUE 10\/10 FACHES THUMESNIL\" width=\"300\" height=\"199\" srcset=\"http:\/\/www.1010votropticien.com\/blog\/wp-content\/uploads\/2018\/11\/DSC_0149-300x199.jpg 300w, http:\/\/www.1010votropticien.com\/blog\/wp-content\/uploads\/2018\/11\/DSC_0149-768x509.jpg 768w, http:\/\/www.1010votropticien.com\/blog\/wp-content\/uploads\/2018\/11\/DSC_0149-1024x679.jpg 1024w, http:\/\/www.1010votropticien.com\/blog\/wp-content\/uploads\/2018\/11\/DSC_0149-321x214.jpg 321w, http:\/\/www.1010votropticien.com\/blog\/wp-content\/uploads\/2018\/11\/DSC_0149-207x136.jpg 207w, http:\/\/www.1010votropticien.com\/blog\/wp-content\/uploads\/2018\/11\/DSC_0149-140x94.jpg 140w\" sizes=\"(max-width: 300px) 100vw, 300px\" \/><p id=\"caption-attachment-7818\" class=\"wp-caption-text\">ZENKA OPTIQUE 10\/10 FACHES THUMESNIL<\/p><\/div>\n<div id=\"attachment_7819\" style=\"width: 310px\" class=\"wp-caption alignleft\"><img aria-describedby=\"caption-attachment-7819\" decoding=\"async\" loading=\"lazy\" class=\"size-medium wp-image-7819\" src=\"http:\/\/www.1010votropticien.com\/blog\/wp-content\/uploads\/2018\/11\/DSC_0150-300x199.jpg\" alt=\"ZENKA OPTIQUE 10\/10 FACHES THUMESNIL\" width=\"300\" height=\"199\" srcset=\"http:\/\/www.1010votropticien.com\/blog\/wp-content\/uploads\/2018\/11\/DSC_0150-300x199.jpg 300w, http:\/\/www.1010votropticien.com\/blog\/wp-content\/uploads\/2018\/11\/DSC_0150-768x509.jpg 768w, http:\/\/www.1010votropticien.com\/blog\/wp-content\/uploads\/2018\/11\/DSC_0150-1024x679.jpg 1024w, http:\/\/www.1010votropticien.com\/blog\/wp-content\/uploads\/2018\/11\/DSC_0150-321x214.jpg 321w, http:\/\/www.1010votropticien.com\/blog\/wp-content\/uploads\/2018\/11\/DSC_0150-207x136.jpg 207w, http:\/\/www.1010votropticien.com\/blog\/wp-content\/uploads\/2018\/11\/DSC_0150-140x94.jpg 140w\" sizes=\"(max-width: 300px) 100vw, 300px\" \/><p id=\"caption-attachment-7819\" class=\"wp-caption-text\">ZENKA OPTIQUE 10\/10 FACHES THUMESNIL<\/p><\/div>\n<div id=\"attachment_7820\" style=\"width: 310px\" class=\"wp-caption alignleft\"><img aria-describedby=\"caption-attachment-7820\" decoding=\"async\" loading=\"lazy\" class=\"size-medium wp-image-7820\" src=\"http:\/\/www.1010votropticien.com\/blog\/wp-content\/uploads\/2018\/11\/DSC_0151-300x199.jpg\" alt=\"ZENKA OPTIQUE 10\/10 FACHES THUMESNIL\" width=\"300\" height=\"199\" srcset=\"http:\/\/www.1010votropticien.com\/blog\/wp-content\/uploads\/2018\/11\/DSC_0151-300x199.jpg 300w, http:\/\/www.1010votropticien.com\/blog\/wp-content\/uploads\/2018\/11\/DSC_0151-768x509.jpg 768w, http:\/\/www.1010votropticien.com\/blog\/wp-content\/uploads\/2018\/11\/DSC_0151-1024x679.jpg 1024w, http:\/\/www.1010votropticien.com\/blog\/wp-content\/uploads\/2018\/11\/DSC_0151-321x214.jpg 321w, http:\/\/www.1010votropticien.com\/blog\/wp-content\/uploads\/2018\/11\/DSC_0151-207x136.jpg 207w, http:\/\/www.1010votropticien.com\/blog\/wp-content\/uploads\/2018\/11\/DSC_0151-140x94.jpg 140w\" sizes=\"(max-width: 300px) 100vw, 300px\" \/><p id=\"caption-attachment-7820\" class=\"wp-caption-text\">ZENKA OPTIQUE 10\/10 FACHES THUMESNIL<\/p><\/div>\n<div id=\"attachment_7821\" style=\"width: 310px\" class=\"wp-caption alignleft\"><img aria-describedby=\"caption-attachment-7821\" decoding=\"async\" loading=\"lazy\" class=\"size-medium wp-image-7821\" src=\"http:\/\/www.1010votropticien.com\/blog\/wp-content\/uploads\/2018\/11\/DSC_0152-300x199.jpg\" alt=\"ZENKA OPTIQUE 10\/10 FACHES THUMESNIL\" width=\"300\" height=\"199\" srcset=\"http:\/\/www.1010votropticien.com\/blog\/wp-content\/uploads\/2018\/11\/DSC_0152-300x199.jpg 300w, http:\/\/www.1010votropticien.com\/blog\/wp-content\/uploads\/2018\/11\/DSC_0152-768x509.jpg 768w, http:\/\/www.1010votropticien.com\/blog\/wp-content\/uploads\/2018\/11\/DSC_0152-1024x679.jpg 1024w, http:\/\/www.1010votropticien.com\/blog\/wp-content\/uploads\/2018\/11\/DSC_0152-321x214.jpg 321w, http:\/\/www.1010votropticien.com\/blog\/wp-content\/uploads\/2018\/11\/DSC_0152-207x136.jpg 207w, http:\/\/www.1010votropticien.com\/blog\/wp-content\/uploads\/2018\/11\/DSC_0152-140x94.jpg 140w\" sizes=\"(max-width: 300px) 100vw, 300px\" \/><p id=\"caption-attachment-7821\" class=\"wp-caption-text\">ZENKA OPTIQUE 10\/10 FACHES THUMESNIL<\/p><\/div>\n<div id=\"attachment_7822\" style=\"width: 310px\" class=\"wp-caption alignleft\"><img aria-describedby=\"caption-attachment-7822\" decoding=\"async\" loading=\"lazy\" class=\"size-medium wp-image-7822\" src=\"http:\/\/www.1010votropticien.com\/blog\/wp-content\/uploads\/2018\/11\/DSC_0153-300x199.jpg\" alt=\"ZENKA OPTIQUE 10\/10 FACHES THUMESNIL\" width=\"300\" height=\"199\" srcset=\"http:\/\/www.1010votropticien.com\/blog\/wp-content\/uploads\/2018\/11\/DSC_0153-300x199.jpg 300w, http:\/\/www.1010votropticien.com\/blog\/wp-content\/uploads\/2018\/11\/DSC_0153-768x509.jpg 768w, http:\/\/www.1010votropticien.com\/blog\/wp-content\/uploads\/2018\/11\/DSC_0153-1024x679.jpg 1024w, http:\/\/www.1010votropticien.com\/blog\/wp-content\/uploads\/2018\/11\/DSC_0153-321x214.jpg 321w, http:\/\/www.1010votropticien.com\/blog\/wp-content\/uploads\/2018\/11\/DSC_0153-207x136.jpg 207w, http:\/\/www.1010votropticien.com\/blog\/wp-content\/uploads\/2018\/11\/DSC_0153-140x94.jpg 140w\" sizes=\"(max-width: 300px) 100vw, 300px\" \/><p id=\"caption-attachment-7822\" class=\"wp-caption-text\">ZENKA OPTIQUE 10\/10 FACHES THUMESNIL<\/p><\/div>\n<div id=\"attachment_7823\" style=\"width: 310px\" class=\"wp-caption alignleft\"><img aria-describedby=\"caption-attachment-7823\" decoding=\"async\" loading=\"lazy\" class=\"size-medium wp-image-7823\" src=\"http:\/\/www.1010votropticien.com\/blog\/wp-content\/uploads\/2018\/11\/DSC_0154-300x199.jpg\" alt=\"ZENKA OPTIQUE 10\/10 FACHES THUMESNIL\" width=\"300\" height=\"199\" srcset=\"http:\/\/www.1010votropticien.com\/blog\/wp-content\/uploads\/2018\/11\/DSC_0154-300x199.jpg 300w, http:\/\/www.1010votropticien.com\/blog\/wp-content\/uploads\/2018\/11\/DSC_0154-768x509.jpg 768w, http:\/\/www.1010votropticien.com\/blog\/wp-content\/uploads\/2018\/11\/DSC_0154-1024x679.jpg 1024w, http:\/\/www.1010votropticien.com\/blog\/wp-content\/uploads\/2018\/11\/DSC_0154-321x214.jpg 321w, http:\/\/www.1010votropticien.com\/blog\/wp-content\/uploads\/2018\/11\/DSC_0154-207x136.jpg 207w, http:\/\/www.1010votropticien.com\/blog\/wp-content\/uploads\/2018\/11\/DSC_0154-140x94.jpg 140w\" sizes=\"(max-width: 300px) 100vw, 300px\" \/><p id=\"caption-attachment-7823\" class=\"wp-caption-text\">ZENKA OPTIQUE 10\/10 FACHES THUMESNIL<\/p><\/div>\n<div id=\"attachment_7824\" style=\"width: 310px\" class=\"wp-caption alignleft\"><img aria-describedby=\"caption-attachment-7824\" decoding=\"async\" loading=\"lazy\" class=\"size-medium wp-image-7824\" src=\"http:\/\/www.1010votropticien.com\/blog\/wp-content\/uploads\/2018\/11\/DSC_0155-300x199.jpg\" alt=\"ZENKA OPTIQUE 10\/10 FACHES THUMESNIL\" width=\"300\" height=\"199\" srcset=\"http:\/\/www.1010votropticien.com\/blog\/wp-content\/uploads\/2018\/11\/DSC_0155-300x199.jpg 300w, http:\/\/www.1010votropticien.com\/blog\/wp-content\/uploads\/2018\/11\/DSC_0155-768x509.jpg 768w, http:\/\/www.1010votropticien.com\/blog\/wp-content\/uploads\/2018\/11\/DSC_0155-1024x679.jpg 1024w, http:\/\/www.1010votropticien.com\/blog\/wp-content\/uploads\/2018\/11\/DSC_0155-321x214.jpg 321w, http:\/\/www.1010votropticien.com\/blog\/wp-content\/uploads\/2018\/11\/DSC_0155-207x136.jpg 207w, http:\/\/www.1010votropticien.com\/blog\/wp-content\/uploads\/2018\/11\/DSC_0155-140x94.jpg 140w\" sizes=\"(max-width: 300px) 100vw, 300px\" \/><p id=\"caption-attachment-7824\" class=\"wp-caption-text\">ZENKA OPTIQUE 10\/10 FACHES THUMESNIL<\/p><\/div>\n<div id=\"attachment_7825\" style=\"width: 310px\" class=\"wp-caption alignleft\"><img aria-describedby=\"caption-attachment-7825\" decoding=\"async\" loading=\"lazy\" class=\"size-medium wp-image-7825\" src=\"http:\/\/www.1010votropticien.com\/blog\/wp-content\/uploads\/2018\/11\/DSC_0156-300x199.jpg\" alt=\"ZENKA OPTIQUE 10\/10 FACHES THUMESNIL\" width=\"300\" height=\"199\" srcset=\"http:\/\/www.1010votropticien.com\/blog\/wp-content\/uploads\/2018\/11\/DSC_0156-300x199.jpg 300w, http:\/\/www.1010votropticien.com\/blog\/wp-content\/uploads\/2018\/11\/DSC_0156-768x509.jpg 768w, http:\/\/www.1010votropticien.com\/blog\/wp-content\/uploads\/2018\/11\/DSC_0156-1024x679.jpg 1024w, http:\/\/www.1010votropticien.com\/blog\/wp-content\/uploads\/2018\/11\/DSC_0156-321x214.jpg 321w, http:\/\/www.1010votropticien.com\/blog\/wp-content\/uploads\/2018\/11\/DSC_0156-207x136.jpg 207w, http:\/\/www.1010votropticien.com\/blog\/wp-content\/uploads\/2018\/11\/DSC_0156-140x94.jpg 140w\" sizes=\"(max-width: 300px) 100vw, 300px\" \/><p id=\"caption-attachment-7825\" class=\"wp-caption-text\">ZENKA OPTIQUE 10\/10 FACHES THUMESNIL<\/p><\/div>\n<h4 style=\"text-align: justify;\"><strong><span style=\"color: #ff0000;\">Modulable<\/span> sinon rien !<\/strong> Reconnues et commercialis\u00e9es dans le <span style=\"color: #ff0000;\">monde entier<\/span>, toutes les cr\u00e9ations Zenka sont <span style=\"color: #ff0000;\">customisables<\/span>.<\/h4>\n<p>&nbsp;<\/p>\n<h4 style=\"text-align: justify;\"><span style=\"color: #ff0000;\">Zenka<\/span> \u00e9volue avant tout dans l&rsquo;univers de la <span style=\"color: #ff0000;\">mode<\/span>, au contact duquel <span style=\"color: #ff0000;\">Patricia Charmoille<\/span>, <span style=\"color: #ff0000;\">passionn\u00e9e d&rsquo;art et de design<\/span>, puise son inspiration. La <span style=\"color: #ff0000;\">cr\u00e9atrice<\/span> d\u00e9clare volontiers qu&rsquo;elle s&rsquo;est donn\u00e9e pour mission d&rsquo;incarner <span style=\"color: #ff0000;\"><strong>toutes les tendances<\/strong> <\/span>dans les lunettes.<\/h4>\n<h4>&nbsp;<\/h4>\n<h4 style=\"text-align: justify;\">Entour\u00e9e d&rsquo;une <span style=\"color: #ff0000;\">\u00e9quipe cr\u00e9ative<\/span>, Patricia Charmoille imprime \u00e0 ses collections un <span style=\"color: #ff0000;\">style inventif<\/span>, <span style=\"color: #ff0000;\">color\u00e9, inimitable et souriant<\/span>.<\/h4>\n<h4>&nbsp;<\/h4>\n<h4 style=\"text-align: justify;\">Les lunettes Zenka s&rsquo;adressent \u00e0 toute personne d\u00e9sireuse de <span style=\"color: #ff0000;\">personnaliser ses lunettes<\/span>.<\/h4>\n<h4>&nbsp;<\/h4>\n<h4 style=\"text-align: justify;\"><strong>Une <span style=\"color: #ff0000;\">fabrication fran\u00e7aise<\/span><\/strong> : Install\u00e9e au c\u0153ur de la <span style=\"color: #ff0000;\">Franche-Comt\u00e9<\/span>, l&rsquo;entreprise confie sa production aux <span style=\"color: #ff0000;\">fabricants locaux<\/span>.<\/h4>\n<p>&nbsp;<\/p>\n<h5><a href=\"http:\/\/www.zenka.fr\/collection-zenka-clips-interchangeables--concept-face-et-cie,8.html\" target=\"_blank\" rel=\"noopener\"><span style=\"color: #ff6600;\">Retrouvez ici l&rsquo;univers de Face &amp; Cie.<\/span><\/a><\/h5>\n","protected":false},"excerpt":{"rendered":"<p>Voici un petit aper\u00e7u des mod\u00e8les de la collection Face &amp; Cie de Zenka &#8230; Venez vite en magasin les essayer et d\u00e9couvrir d&rsquo;autres mod\u00e8les! &nbsp; &nbsp; Modulable sinon rien ! Reconnues et commercialis\u00e9es dans le monde entier, toutes les cr\u00e9ations Zenka sont customisables. &nbsp; Zenka \u00e9volue avant tout dans l&rsquo;univers de la mode, au [&hellip;]<\/p>\n","protected":false},"author":1,"featured_media":0,"parent":1290,"menu_order":31,"comment_status":"open","ping_status":"closed","template":"","meta":{"ngg_post_thumbnail":0},"_links":{"self":[{"href":"http:\/\/www.1010votropticien.com\/blog\/wp-json\/wp\/v2\/pages\/69"}],"collection":[{"href":"http:\/\/www.1010votropticien.com\/blog\/wp-json\/wp\/v2\/pages"}],"about":[{"href":"http:\/\/www.1010votropticien.com\/blog\/wp-json\/wp\/v2\/types\/page"}],"author":[{"embeddable":true,"href":"http:\/\/www.1010votropticien.com\/blog\/wp-json\/wp\/v2\/users\/1"}],"replies":[{"embeddable":true,"href":"http:\/\/www.1010votropticien.com\/blog\/wp-json\/wp\/v2\/comments?post=69"}],"version-history":[{"count":3,"href":"http:\/\/www.1010votropticien.com\/blog\/wp-json\/wp\/v2\/pages\/69\/revisions"}],"predecessor-version":[{"id":7827,"href":"http:\/\/www.1010votropticien.com\/blog\/wp-json\/wp\/v2\/pages\/69\/revisions\/7827"}],"up":[{"embeddable":true,"href":"http:\/\/www.1010votropticien.com\/blog\/wp-json\/wp\/v2\/pages\/1290"}],"wp:attachment":[{"href":"http:\/\/www.1010votropticien.com\/blog\/wp-json\/wp\/v2\/media?parent=69"}],"curies":[{"name":"wp","href":"https:\/\/api.w.org\/{rel}","templated":true}]}}