{"id":6320,"date":"2016-05-13T14:51:46","date_gmt":"2016-05-13T12:51:46","guid":{"rendered":"http:\/\/www.1010votropticien.com\/blog\/?page_id=6320"},"modified":"2018-11-25T15:51:27","modified_gmt":"2018-11-25T14:51:27","slug":"demetz-lunettes-de-soleil-de-sport","status":"publish","type":"page","link":"http:\/\/www.1010votropticien.com\/blog\/demetz-lunettes-de-soleil-de-sport\/","title":{"rendered":"Demetz lunettes de soleil de sport"},"content":{"rendered":"<h3>Voici un petit aper\u00e7u des mod\u00e8les de la collection Demetz &#8230; Venez vite en magasin les essayer et d\u00e9couvrir d&rsquo;autres mod\u00e8les!<\/h3>\n<p>&nbsp;<\/p>\n<div id=\"attachment_6310\" style=\"width: 310px\" class=\"wp-caption alignleft\"><img aria-describedby=\"caption-attachment-6310\" decoding=\"async\" loading=\"lazy\" class=\"size-medium wp-image-6310\" src=\"http:\/\/www.1010votropticien.com\/blog\/wp-content\/uploads\/2016\/05\/11888-300x199.jpg\" alt=\"DEMETZ OPTIQUE 10\/10 FACHES THUMESNIL\" width=\"300\" height=\"199\" srcset=\"http:\/\/www.1010votropticien.com\/blog\/wp-content\/uploads\/2016\/05\/11888-300x199.jpg 300w, http:\/\/www.1010votropticien.com\/blog\/wp-content\/uploads\/2016\/05\/11888-768x509.jpg 768w, http:\/\/www.1010votropticien.com\/blog\/wp-content\/uploads\/2016\/05\/11888-1024x679.jpg 1024w, http:\/\/www.1010votropticien.com\/blog\/wp-content\/uploads\/2016\/05\/11888-321x214.jpg 321w, http:\/\/www.1010votropticien.com\/blog\/wp-content\/uploads\/2016\/05\/11888-207x136.jpg 207w, http:\/\/www.1010votropticien.com\/blog\/wp-content\/uploads\/2016\/05\/11888-140x94.jpg 140w\" sizes=\"(max-width: 300px) 100vw, 300px\" \/><p id=\"caption-attachment-6310\" class=\"wp-caption-text\">DEMETZ OPTIQUE 10\/10 FACHES THUMESNIL<\/p><\/div>\n<div id=\"attachment_6319\" style=\"width: 310px\" class=\"wp-caption alignleft\"><img aria-describedby=\"caption-attachment-6319\" decoding=\"async\" loading=\"lazy\" class=\"size-medium wp-image-6319\" src=\"http:\/\/www.1010votropticien.com\/blog\/wp-content\/uploads\/2016\/05\/12330-300x199.jpg\" alt=\"DEMETZ OPTIQUE 10\/10 FACHES THUMESNIL\" width=\"300\" height=\"199\" srcset=\"http:\/\/www.1010votropticien.com\/blog\/wp-content\/uploads\/2016\/05\/12330-300x199.jpg 300w, http:\/\/www.1010votropticien.com\/blog\/wp-content\/uploads\/2016\/05\/12330-768x509.jpg 768w, http:\/\/www.1010votropticien.com\/blog\/wp-content\/uploads\/2016\/05\/12330-1024x679.jpg 1024w, http:\/\/www.1010votropticien.com\/blog\/wp-content\/uploads\/2016\/05\/12330-321x214.jpg 321w, http:\/\/www.1010votropticien.com\/blog\/wp-content\/uploads\/2016\/05\/12330-207x136.jpg 207w, http:\/\/www.1010votropticien.com\/blog\/wp-content\/uploads\/2016\/05\/12330-140x94.jpg 140w\" sizes=\"(max-width: 300px) 100vw, 300px\" \/><p id=\"caption-attachment-6319\" class=\"wp-caption-text\">DEMETZ OPTIQUE 10\/10 FACHES THUMESNIL<\/p><\/div>\n<div id=\"attachment_6318\" style=\"width: 310px\" class=\"wp-caption alignleft\"><img aria-describedby=\"caption-attachment-6318\" decoding=\"async\" loading=\"lazy\" class=\"size-medium wp-image-6318\" src=\"http:\/\/www.1010votropticien.com\/blog\/wp-content\/uploads\/2016\/05\/12329-300x199.jpg\" alt=\"DEMETZ OPTIQUE 10\/10 FACHES THUMESNIL\" width=\"300\" height=\"199\" srcset=\"http:\/\/www.1010votropticien.com\/blog\/wp-content\/uploads\/2016\/05\/12329-300x199.jpg 300w, http:\/\/www.1010votropticien.com\/blog\/wp-content\/uploads\/2016\/05\/12329-768x509.jpg 768w, http:\/\/www.1010votropticien.com\/blog\/wp-content\/uploads\/2016\/05\/12329-1024x679.jpg 1024w, http:\/\/www.1010votropticien.com\/blog\/wp-content\/uploads\/2016\/05\/12329-321x214.jpg 321w, http:\/\/www.1010votropticien.com\/blog\/wp-content\/uploads\/2016\/05\/12329-207x136.jpg 207w, http:\/\/www.1010votropticien.com\/blog\/wp-content\/uploads\/2016\/05\/12329-140x94.jpg 140w\" sizes=\"(max-width: 300px) 100vw, 300px\" \/><p id=\"caption-attachment-6318\" class=\"wp-caption-text\">DEMETZ OPTIQUE 10\/10 FACHES THUMESNIL<\/p><\/div>\n<div id=\"attachment_6317\" style=\"width: 310px\" class=\"wp-caption alignleft\"><img aria-describedby=\"caption-attachment-6317\" decoding=\"async\" loading=\"lazy\" class=\"size-medium wp-image-6317\" src=\"http:\/\/www.1010votropticien.com\/blog\/wp-content\/uploads\/2016\/05\/11948-300x199.jpg\" alt=\"DEMETZ OPTIQUE 10\/10 FACHES THUMESNIL\" width=\"300\" height=\"199\" srcset=\"http:\/\/www.1010votropticien.com\/blog\/wp-content\/uploads\/2016\/05\/11948-300x199.jpg 300w, http:\/\/www.1010votropticien.com\/blog\/wp-content\/uploads\/2016\/05\/11948-768x509.jpg 768w, http:\/\/www.1010votropticien.com\/blog\/wp-content\/uploads\/2016\/05\/11948-1024x679.jpg 1024w, http:\/\/www.1010votropticien.com\/blog\/wp-content\/uploads\/2016\/05\/11948-321x214.jpg 321w, http:\/\/www.1010votropticien.com\/blog\/wp-content\/uploads\/2016\/05\/11948-207x136.jpg 207w, http:\/\/www.1010votropticien.com\/blog\/wp-content\/uploads\/2016\/05\/11948-140x94.jpg 140w\" sizes=\"(max-width: 300px) 100vw, 300px\" \/><p id=\"caption-attachment-6317\" class=\"wp-caption-text\">DEMETZ OPTIQUE 10\/10 FACHES THUMESNIL<\/p><\/div>\n<div id=\"attachment_6316\" style=\"width: 310px\" class=\"wp-caption alignleft\"><img aria-describedby=\"caption-attachment-6316\" decoding=\"async\" loading=\"lazy\" class=\"size-medium wp-image-6316\" src=\"http:\/\/www.1010votropticien.com\/blog\/wp-content\/uploads\/2016\/05\/11933-300x199.jpg\" alt=\"DEMETZ OPTIQUE 10\/10 FACHES THUMESNIL\" width=\"300\" height=\"199\" srcset=\"http:\/\/www.1010votropticien.com\/blog\/wp-content\/uploads\/2016\/05\/11933-300x199.jpg 300w, http:\/\/www.1010votropticien.com\/blog\/wp-content\/uploads\/2016\/05\/11933-768x509.jpg 768w, http:\/\/www.1010votropticien.com\/blog\/wp-content\/uploads\/2016\/05\/11933-1024x679.jpg 1024w, http:\/\/www.1010votropticien.com\/blog\/wp-content\/uploads\/2016\/05\/11933-321x214.jpg 321w, http:\/\/www.1010votropticien.com\/blog\/wp-content\/uploads\/2016\/05\/11933-207x136.jpg 207w, http:\/\/www.1010votropticien.com\/blog\/wp-content\/uploads\/2016\/05\/11933-140x94.jpg 140w\" sizes=\"(max-width: 300px) 100vw, 300px\" \/><p id=\"caption-attachment-6316\" class=\"wp-caption-text\">DEMETZ OPTIQUE 10\/10 FACHES THUMESNIL<\/p><\/div>\n<div id=\"attachment_6315\" style=\"width: 310px\" class=\"wp-caption alignleft\"><img aria-describedby=\"caption-attachment-6315\" decoding=\"async\" loading=\"lazy\" class=\"size-medium wp-image-6315\" src=\"http:\/\/www.1010votropticien.com\/blog\/wp-content\/uploads\/2016\/05\/11932-300x199.jpg\" alt=\"DEMETZ OPTIQUE 10\/10 FACHES THUMESNIL\" width=\"300\" height=\"199\" srcset=\"http:\/\/www.1010votropticien.com\/blog\/wp-content\/uploads\/2016\/05\/11932-300x199.jpg 300w, http:\/\/www.1010votropticien.com\/blog\/wp-content\/uploads\/2016\/05\/11932-768x509.jpg 768w, http:\/\/www.1010votropticien.com\/blog\/wp-content\/uploads\/2016\/05\/11932-1024x679.jpg 1024w, http:\/\/www.1010votropticien.com\/blog\/wp-content\/uploads\/2016\/05\/11932-321x214.jpg 321w, http:\/\/www.1010votropticien.com\/blog\/wp-content\/uploads\/2016\/05\/11932-207x136.jpg 207w, http:\/\/www.1010votropticien.com\/blog\/wp-content\/uploads\/2016\/05\/11932-140x94.jpg 140w\" sizes=\"(max-width: 300px) 100vw, 300px\" \/><p id=\"caption-attachment-6315\" class=\"wp-caption-text\">DEMETZ OPTIQUE 10\/10 FACHES THUMESNIL<\/p><\/div>\n<div id=\"attachment_6314\" style=\"width: 310px\" class=\"wp-caption alignleft\"><img aria-describedby=\"caption-attachment-6314\" decoding=\"async\" loading=\"lazy\" class=\"size-medium wp-image-6314\" src=\"http:\/\/www.1010votropticien.com\/blog\/wp-content\/uploads\/2016\/05\/11931-300x199.jpg\" alt=\"DEMETZ OPTIQUE 10\/10 FACHES THUMESNIL\" width=\"300\" height=\"199\" srcset=\"http:\/\/www.1010votropticien.com\/blog\/wp-content\/uploads\/2016\/05\/11931-300x199.jpg 300w, http:\/\/www.1010votropticien.com\/blog\/wp-content\/uploads\/2016\/05\/11931-768x509.jpg 768w, http:\/\/www.1010votropticien.com\/blog\/wp-content\/uploads\/2016\/05\/11931-1024x679.jpg 1024w, http:\/\/www.1010votropticien.com\/blog\/wp-content\/uploads\/2016\/05\/11931-321x214.jpg 321w, http:\/\/www.1010votropticien.com\/blog\/wp-content\/uploads\/2016\/05\/11931-207x136.jpg 207w, http:\/\/www.1010votropticien.com\/blog\/wp-content\/uploads\/2016\/05\/11931-140x94.jpg 140w\" sizes=\"(max-width: 300px) 100vw, 300px\" \/><p id=\"caption-attachment-6314\" class=\"wp-caption-text\">DEMETZ OPTIQUE 10\/10 FACHES THUMESNIL<\/p><\/div>\n<div id=\"attachment_6312\" style=\"width: 310px\" class=\"wp-caption alignleft\"><img aria-describedby=\"caption-attachment-6312\" decoding=\"async\" loading=\"lazy\" class=\"size-medium wp-image-6312\" src=\"http:\/\/www.1010votropticien.com\/blog\/wp-content\/uploads\/2016\/05\/11891-300x199.jpg\" alt=\"DEMETZ OPTIQUE 10\/10 FACHES THUMESNIL\" width=\"300\" height=\"199\" srcset=\"http:\/\/www.1010votropticien.com\/blog\/wp-content\/uploads\/2016\/05\/11891-300x199.jpg 300w, http:\/\/www.1010votropticien.com\/blog\/wp-content\/uploads\/2016\/05\/11891-768x509.jpg 768w, http:\/\/www.1010votropticien.com\/blog\/wp-content\/uploads\/2016\/05\/11891-1024x679.jpg 1024w, http:\/\/www.1010votropticien.com\/blog\/wp-content\/uploads\/2016\/05\/11891-321x214.jpg 321w, http:\/\/www.1010votropticien.com\/blog\/wp-content\/uploads\/2016\/05\/11891-207x136.jpg 207w, http:\/\/www.1010votropticien.com\/blog\/wp-content\/uploads\/2016\/05\/11891-140x94.jpg 140w\" sizes=\"(max-width: 300px) 100vw, 300px\" \/><p id=\"caption-attachment-6312\" class=\"wp-caption-text\">DEMETZ OPTIQUE 10\/10 FACHES THUMESNIL<\/p><\/div>\n<div id=\"attachment_6311\" style=\"width: 310px\" class=\"wp-caption alignleft\"><img aria-describedby=\"caption-attachment-6311\" decoding=\"async\" loading=\"lazy\" class=\"size-medium wp-image-6311\" src=\"http:\/\/www.1010votropticien.com\/blog\/wp-content\/uploads\/2016\/05\/11890-300x199.jpg\" alt=\"DEMETZ OPTIQUE 10\/10 FACHES THUMESNIL\" width=\"300\" height=\"199\" srcset=\"http:\/\/www.1010votropticien.com\/blog\/wp-content\/uploads\/2016\/05\/11890-300x199.jpg 300w, http:\/\/www.1010votropticien.com\/blog\/wp-content\/uploads\/2016\/05\/11890-768x509.jpg 768w, http:\/\/www.1010votropticien.com\/blog\/wp-content\/uploads\/2016\/05\/11890-1024x679.jpg 1024w, http:\/\/www.1010votropticien.com\/blog\/wp-content\/uploads\/2016\/05\/11890-321x214.jpg 321w, http:\/\/www.1010votropticien.com\/blog\/wp-content\/uploads\/2016\/05\/11890-207x136.jpg 207w, http:\/\/www.1010votropticien.com\/blog\/wp-content\/uploads\/2016\/05\/11890-140x94.jpg 140w\" sizes=\"(max-width: 300px) 100vw, 300px\" \/><p id=\"caption-attachment-6311\" class=\"wp-caption-text\">DEMETZ OPTIQUE 10\/10 FACHES THUMESNIL<\/p><\/div>\n<h4 style=\"text-align: justify;\">\u201c<strong><span style=\"color: #ff0000;\">Sp\u00e9cialiste de l\u2019optique de sport<\/span> depuis 65 ans<\/strong>, Demetz offre une large gamme de <span style=\"color: #ff0000;\">lunettes et masques de sport<\/span> avec ou sans verres correcteurs r\u00e9pondant aux besoins des <span style=\"color: #ff0000;\">enfants, adolescents et adultes<\/span>.\u201d<\/h4>\n<p>&nbsp;<\/p>\n<h4>Gilles Demetz,<br \/>\nDirigeant<\/h4>\n<h4>Prenant en compte les 17 millions de sportifs porteurs de lunettes optiques, DEMETZ \u00e9tudie les besoins visuels des <span style=\"color: #ff0000;\">amateurs<\/span> et<span style=\"color: #ff0000;\"> professionnels<\/span>.<\/h4>\n<p>&nbsp;<\/p>\n<h4>DEMETZ d\u00e9veloppe des produits sp\u00e9cifiques \u00e0 chaque sport afin d\u2019allier le <span style=\"color: #ff0000;\">design<\/span> aux <span style=\"color: #ff0000;\">n\u00e9cessit\u00e9s techniques<\/span>, <span style=\"color: #ff0000;\">morphologiques<\/span> et <span style=\"color: #ff0000;\">visuels<\/span> des<span style=\"color: #ff0000;\"> sportifs<\/span>, en prenant en consid\u00e9ration l\u2019environnement dans lequel ils \u00e9volueront.<br \/>\nL\u2019objectif \u00e9tant d\u2019obtenir une <span style=\"color: #ff0000;\">am\u00e9lioration des performances<\/span> et la<span style=\"color: #ff0000;\"> meilleure protection<\/span> possible.<\/h4>\n<p>&nbsp;<\/p>\n<h4>DEMETZ propose ainsi une collection de plus de <span style=\"color: #ff0000;\">200 mod\u00e8les<\/span> de montures \u00e0 la fois <span style=\"color: #ff0000;\">l\u00e9g\u00e8res<\/span> et <span style=\"color: #ff0000;\">r\u00e9sistantes<\/span>, \u00e9quip\u00e9es de verres optiques ou plans<span style=\"color: #ff0000;\"> techniques<\/span> et <span style=\"color: #ff0000;\">polyvalents<\/span>.<\/h4>\n<p>&nbsp;<\/p>\n<h4>La collection est d\u00e9clin\u00e9e en <span style=\"color: #ff0000;\">5 univers<\/span> :<\/h4>\n<h4>&#8211; <span style=\"color: #ff0000;\">MONTAGNE ET GLISSE<\/span> : Plus de 30 mod\u00e8les pour le <span style=\"color: #ff0000;\">ski<\/span>, le<span style=\"color: #ff0000;\"> snowboard<\/span>, l\u2019<span style=\"color: #ff0000;\">alpinisme<\/span>, la<span style=\"color: #ff0000;\"> randonn\u00e9e<\/span>\u2026<br \/>\n&#8211; <span style=\"color: #ff0000;\">PLEIN AIR<\/span> : Plus de 50 mod\u00e8les pour le <span style=\"color: #ff0000;\">golf<\/span>, le<span style=\"color: #ff0000;\"> tennis<\/span>, le <span style=\"color: #ff0000;\">cyclisme<\/span>, le <span style=\"color: #ff0000;\">running<\/span>, le <span style=\"color: #ff0000;\">roller<\/span>, l\u2019athl\u00e9tisme\u2026<br \/>\n&#8211; <span style=\"color: #ff0000;\">AQUATIQUE<\/span> : Plus de 30 mod\u00e8les pour la<span style=\"color: #ff0000;\"> plong\u00e9e<\/span>, la <span style=\"color: #ff0000;\">natation<\/span>, le <span style=\"color: #ff0000;\">kitesurf<\/span>, le<span style=\"color: #ff0000;\"> jet ski<\/span>, la <span style=\"color: #ff0000;\">planche \u00e0 voile<\/span>\u2026<br \/>\n&#8211; <span style=\"color: #ff0000;\">PROTECTION<\/span> : Plus de 20 mod\u00e8les pour le <span style=\"color: #ff0000;\">basket,<\/span> le <span style=\"color: #ff0000;\">handball<\/span>, le <span style=\"color: #ff0000;\">football<\/span>, le <span style=\"color: #ff0000;\">squash<\/span>, le <span style=\"color: #ff0000;\">badminton<\/span>\u2026<br \/>\n&#8211; <span style=\"color: #ff0000;\">KIDS ET ADOS<\/span> : Plus de 45 mod\u00e8les pour les porteurs de 6 mois \u00e0 14 ans, couvrant <span style=\"color: #ff0000;\">tous les sports<\/span>.<\/h4>\n<h5><a href=\"https:\/\/demetz.fr\/sport\/\" target=\"_blank\" rel=\"noopener\"><span style=\"color: #ff6600;\">Retrouvez ici l&rsquo;univers de Demetz.<\/span><\/a><\/h5>\n","protected":false},"excerpt":{"rendered":"<p>Voici un petit aper\u00e7u des mod\u00e8les de la collection Demetz &#8230; Venez vite en magasin les essayer et d\u00e9couvrir d&rsquo;autres mod\u00e8les! &nbsp; \u201cSp\u00e9cialiste de l\u2019optique de sport depuis 65 ans, Demetz offre une large gamme de lunettes et masques de sport avec ou sans verres correcteurs r\u00e9pondant aux besoins des enfants, adolescents et adultes.\u201d &nbsp; [&hellip;]<\/p>\n","protected":false},"author":4,"featured_media":0,"parent":0,"menu_order":0,"comment_status":"closed","ping_status":"closed","template":"","meta":{"ngg_post_thumbnail":0},"_links":{"self":[{"href":"http:\/\/www.1010votropticien.com\/blog\/wp-json\/wp\/v2\/pages\/6320"}],"collection":[{"href":"http:\/\/www.1010votropticien.com\/blog\/wp-json\/wp\/v2\/pages"}],"about":[{"href":"http:\/\/www.1010votropticien.com\/blog\/wp-json\/wp\/v2\/types\/page"}],"author":[{"embeddable":true,"href":"http:\/\/www.1010votropticien.com\/blog\/wp-json\/wp\/v2\/users\/4"}],"replies":[{"embeddable":true,"href":"http:\/\/www.1010votropticien.com\/blog\/wp-json\/wp\/v2\/comments?post=6320"}],"version-history":[{"count":2,"href":"http:\/\/www.1010votropticien.com\/blog\/wp-json\/wp\/v2\/pages\/6320\/revisions"}],"predecessor-version":[{"id":8307,"href":"http:\/\/www.1010votropticien.com\/blog\/wp-json\/wp\/v2\/pages\/6320\/revisions\/8307"}],"wp:attachment":[{"href":"http:\/\/www.1010votropticien.com\/blog\/wp-json\/wp\/v2\/media?parent=6320"}],"curies":[{"name":"wp","href":"https:\/\/api.w.org\/{rel}","templated":true}]}}