{"id":6299,"date":"2016-05-11T12:51:43","date_gmt":"2016-05-11T10:51:43","guid":{"rendered":"http:\/\/www.1010votropticien.com\/blog\/?page_id=6299"},"modified":"2021-04-14T22:27:38","modified_gmt":"2021-04-14T20:27:38","slug":"police-solaires","status":"publish","type":"page","link":"http:\/\/www.1010votropticien.com\/blog\/solaires\/police-solaires\/","title":{"rendered":"Police solaires"},"content":{"rendered":"<h3><span style=\"color: #ff0000;\">Nouveau<\/span> : Achetez votre Chlo\u00e9 directement en ligne, livraison \u00e0 domicile ou retrait en magasin ou au drive sans frais en cliquant directement <a href=\"https:\/\/optique-10-10.myshopify.com\/search?q=police&amp;options%5Bprefix%5D=last\" target=\"_blank\" rel=\"noopener noreferrer\"><span style=\"color: #ff0000;\">ici<\/span><\/a><\/h3>\n<h4 style=\"text-align: justify;\">Voici un petit aper\u00e7u des mod\u00e8les de la collection Police &#8230; Venez vite en magasin les essayer et d\u00e9couvrir d&rsquo;autres mod\u00e8les!<\/h4>\n<p>&nbsp;<\/p>\n<h5>&nbsp;<\/h5>\n\n\t\t<style type=\"text\/css\">\n\t\t\t#gallery-1 {\n\t\t\t\tmargin: auto;\n\t\t\t}\n\t\t\t#gallery-1 .gallery-item {\n\t\t\t\tfloat: left;\n\t\t\t\tmargin-top: 10px;\n\t\t\t\ttext-align: center;\n\t\t\t\twidth: 33%;\n\t\t\t}\n\t\t\t#gallery-1 img {\n\t\t\t\tborder: 2px solid #cfcfcf;\n\t\t\t}\n\t\t\t#gallery-1 .gallery-caption {\n\t\t\t\tmargin-left: 0;\n\t\t\t}\n\t\t\t\/* see gallery_shortcode() in wp-includes\/media.php *\/\n\t\t<\/style>\n\t\t<div id='gallery-1' class='gallery galleryid-6299 gallery-columns-3 gallery-size-thumbnail'><dl class='gallery-item'>\n\t\t\t<dt class='gallery-icon landscape'>\n\t\t\t\t<a href='http:\/\/www.1010votropticien.com\/blog\/solaires\/police-solaires\/police-s8650-v-optique1010-faches-thumesnil-ref-18196\/'><img width=\"293\" height=\"200\" src=\"http:\/\/www.1010votropticien.com\/blog\/wp-content\/uploads\/2021\/03\/Police-S8650-V-OPTIQUE1010-FACHES-THUMESNIL-R\u00e9f-18196-293x200.jpg\" class=\"attachment-thumbnail size-thumbnail\" alt=\"Police S8650 V OPTIQUE1010 FACHES THUMESNIL R\u00e9f 18196\" decoding=\"async\" loading=\"lazy\" aria-describedby=\"gallery-1-9905\" \/><\/a>\n\t\t\t<\/dt>\n\t\t\t\t<dd class='wp-caption-text gallery-caption' id='gallery-1-9905'>\n\t\t\t\tPolice S8650 V OPTIQUE1010 FACHES THUMESNIL R\u00e9f 18196\n\t\t\t\t<\/dd><\/dl><dl class='gallery-item'>\n\t\t\t<dt class='gallery-icon landscape'>\n\t\t\t\t<a href='http:\/\/www.1010votropticien.com\/blog\/solaires\/police-solaires\/police-spl-772-optique1010-faches-thumesnil-ref-18111\/'><img width=\"293\" height=\"200\" src=\"http:\/\/www.1010votropticien.com\/blog\/wp-content\/uploads\/2021\/03\/Police-SPL-772-OPTIQUE1010-FACHES-THUMESNIL-R\u00e9f-18111-293x200.jpg\" class=\"attachment-thumbnail size-thumbnail\" alt=\"Police SPL 772 OPTIQUE1010 FACHES THUMESNIL R\u00e9f 18111\" decoding=\"async\" loading=\"lazy\" aria-describedby=\"gallery-1-9906\" \/><\/a>\n\t\t\t<\/dt>\n\t\t\t\t<dd class='wp-caption-text gallery-caption' id='gallery-1-9906'>\n\t\t\t\tPolice SPL 772 OPTIQUE1010 FACHES THUMESNIL R\u00e9f 18111\n\t\t\t\t<\/dd><\/dl><dl class='gallery-item'>\n\t\t\t<dt class='gallery-icon landscape'>\n\t\t\t\t<a href='http:\/\/www.1010votropticien.com\/blog\/solaires\/police-solaires\/police-spl-772-v-optique1010-faches-thumesnil-ref-18111\/'><img width=\"293\" height=\"200\" src=\"http:\/\/www.1010votropticien.com\/blog\/wp-content\/uploads\/2021\/03\/Police-SPL-772-V-OPTIQUE1010-FACHES-THUMESNIL-R\u00e9f-18111-293x200.jpg\" class=\"attachment-thumbnail size-thumbnail\" alt=\"Police SPL 772 V OPTIQUE1010 FACHES THUMESNIL R\u00e9f 18111\" decoding=\"async\" loading=\"lazy\" aria-describedby=\"gallery-1-9907\" \/><\/a>\n\t\t\t<\/dt>\n\t\t\t\t<dd class='wp-caption-text gallery-caption' id='gallery-1-9907'>\n\t\t\t\tPolice SPL 772 V OPTIQUE1010 FACHES THUMESNIL R\u00e9f 18111\n\t\t\t\t<\/dd><\/dl><br style=\"clear: both\" \/><dl class='gallery-item'>\n\t\t\t<dt class='gallery-icon landscape'>\n\t\t\t\t<a href='http:\/\/www.1010votropticien.com\/blog\/solaires\/police-solaires\/police-spl-871-optique1010-faches-thumesnil-ref-18105\/'><img width=\"293\" height=\"200\" src=\"http:\/\/www.1010votropticien.com\/blog\/wp-content\/uploads\/2021\/03\/Police-SPL-871-OPTIQUE1010-FACHES-THUMESNIL-R\u00e9f-18105-293x200.jpg\" class=\"attachment-thumbnail size-thumbnail\" alt=\"Police SPL 871 OPTIQUE1010 FACHES THUMESNIL R\u00e9f 18105\" decoding=\"async\" loading=\"lazy\" aria-describedby=\"gallery-1-9908\" \/><\/a>\n\t\t\t<\/dt>\n\t\t\t\t<dd class='wp-caption-text gallery-caption' id='gallery-1-9908'>\n\t\t\t\tPolice SPL 871 OPTIQUE1010 FACHES THUMESNIL R\u00e9f 18105\n\t\t\t\t<\/dd><\/dl><dl class='gallery-item'>\n\t\t\t<dt class='gallery-icon landscape'>\n\t\t\t\t<a href='http:\/\/www.1010votropticien.com\/blog\/solaires\/police-solaires\/police-spl-963-optique1010-faches-thumesnil-ref-18109\/'><img width=\"293\" height=\"200\" src=\"http:\/\/www.1010votropticien.com\/blog\/wp-content\/uploads\/2021\/03\/Police-SPL-963-OPTIQUE1010-FACHES-THUMESNIL-R\u00e9f-18109-293x200.jpg\" class=\"attachment-thumbnail size-thumbnail\" alt=\"Police SPL 963 OPTIQUE1010 FACHES THUMESNIL R\u00e9f 18109\" decoding=\"async\" loading=\"lazy\" aria-describedby=\"gallery-1-9909\" \/><\/a>\n\t\t\t<\/dt>\n\t\t\t\t<dd class='wp-caption-text gallery-caption' id='gallery-1-9909'>\n\t\t\t\tPolice SPL 963 OPTIQUE1010 FACHES THUMESNIL R\u00e9f 18109\n\t\t\t\t<\/dd><\/dl><dl class='gallery-item'>\n\t\t\t<dt class='gallery-icon landscape'>\n\t\t\t\t<a href='http:\/\/www.1010votropticien.com\/blog\/solaires\/police-solaires\/police-spl-963-d-optique1010-faches-thumesnil-ref-18109\/'><img width=\"293\" height=\"200\" src=\"http:\/\/www.1010votropticien.com\/blog\/wp-content\/uploads\/2021\/03\/Police-SPL-963-D-OPTIQUE1010-FACHES-THUMESNIL-R\u00e9f-18109-293x200.jpg\" class=\"attachment-thumbnail size-thumbnail\" alt=\"Police SPL 963 D OPTIQUE1010 FACHES THUMESNIL R\u00e9f 18109\" decoding=\"async\" loading=\"lazy\" aria-describedby=\"gallery-1-9910\" \/><\/a>\n\t\t\t<\/dt>\n\t\t\t\t<dd class='wp-caption-text gallery-caption' id='gallery-1-9910'>\n\t\t\t\tPolice SPL 963 D OPTIQUE1010 FACHES THUMESNIL R\u00e9f 18109\n\t\t\t\t<\/dd><\/dl><br style=\"clear: both\" \/><dl class='gallery-item'>\n\t\t\t<dt class='gallery-icon landscape'>\n\t\t\t\t<a href='http:\/\/www.1010votropticien.com\/blog\/solaires\/police-solaires\/police-spl-971n-optique1010-faches-thumesnil-ref-18112\/'><img width=\"293\" height=\"200\" src=\"http:\/\/www.1010votropticien.com\/blog\/wp-content\/uploads\/2021\/03\/Police-SPL-971N-OPTIQUE1010-FACHES-THUMESNIL-R\u00e9f-18112-293x200.jpg\" class=\"attachment-thumbnail size-thumbnail\" alt=\"Police SPL 971N OPTIQUE1010 FACHES THUMESNIL R\u00e9f 18112\" decoding=\"async\" loading=\"lazy\" aria-describedby=\"gallery-1-9911\" \/><\/a>\n\t\t\t<\/dt>\n\t\t\t\t<dd class='wp-caption-text gallery-caption' id='gallery-1-9911'>\n\t\t\t\tPolice SPL 971N OPTIQUE1010 FACHES THUMESNIL R\u00e9f 18112\n\t\t\t\t<\/dd><\/dl><dl class='gallery-item'>\n\t\t\t<dt class='gallery-icon landscape'>\n\t\t\t\t<a href='http:\/\/www.1010votropticien.com\/blog\/solaires\/police-solaires\/police-spl-971n-v-optique1010-faches-thumesnil-ref-18112\/'><img width=\"293\" height=\"200\" src=\"http:\/\/www.1010votropticien.com\/blog\/wp-content\/uploads\/2021\/03\/Police-SPL-971N-V-OPTIQUE1010-FACHES-THUMESNIL-R\u00e9f-18112-293x200.jpg\" class=\"attachment-thumbnail size-thumbnail\" alt=\"Police SPL 971N V OPTIQUE1010 FACHES THUMESNIL R\u00e9f 18112\" decoding=\"async\" loading=\"lazy\" aria-describedby=\"gallery-1-9912\" \/><\/a>\n\t\t\t<\/dt>\n\t\t\t\t<dd class='wp-caption-text gallery-caption' id='gallery-1-9912'>\n\t\t\t\tPolice SPL 971N V OPTIQUE1010 FACHES THUMESNIL R\u00e9f 18112\n\t\t\t\t<\/dd><\/dl><dl class='gallery-item'>\n\t\t\t<dt class='gallery-icon landscape'>\n\t\t\t\t<a href='http:\/\/www.1010votropticien.com\/blog\/solaires\/police-solaires\/police-spl-a54-v-optique1010-faches-thumesnil-ref-18108\/'><img width=\"293\" height=\"200\" src=\"http:\/\/www.1010votropticien.com\/blog\/wp-content\/uploads\/2021\/03\/Police-SPL-A54-V-OPTIQUE1010-FACHES-THUMESNIL-R\u00e9f-18108-293x200.jpg\" class=\"attachment-thumbnail size-thumbnail\" alt=\"Police SPL A54 V OPTIQUE1010 FACHES THUMESNIL R\u00e9f 18108\" decoding=\"async\" loading=\"lazy\" aria-describedby=\"gallery-1-9913\" \/><\/a>\n\t\t\t<\/dt>\n\t\t\t\t<dd class='wp-caption-text gallery-caption' id='gallery-1-9913'>\n\t\t\t\tPolice SPL A54 V OPTIQUE1010 FACHES THUMESNIL R\u00e9f 18108\n\t\t\t\t<\/dd><\/dl><br style=\"clear: both\" \/><dl class='gallery-item'>\n\t\t\t<dt class='gallery-icon landscape'>\n\t\t\t\t<a href='http:\/\/www.1010votropticien.com\/blog\/solaires\/police-solaires\/police-spl-a57-b-optique1010-faches-thumesnil-ref-18110\/'><img width=\"293\" height=\"200\" src=\"http:\/\/www.1010votropticien.com\/blog\/wp-content\/uploads\/2021\/03\/Police-SPL-A57-B-OPTIQUE1010-FACHES-THUMESNIL-R\u00e9f-18110-293x200.jpg\" class=\"attachment-thumbnail size-thumbnail\" alt=\"Police SPL A57 B OPTIQUE1010 FACHES THUMESNIL R\u00e9f 18110\" decoding=\"async\" loading=\"lazy\" aria-describedby=\"gallery-1-9914\" \/><\/a>\n\t\t\t<\/dt>\n\t\t\t\t<dd class='wp-caption-text gallery-caption' id='gallery-1-9914'>\n\t\t\t\tPolice SPL A57 B OPTIQUE1010 FACHES THUMESNIL R\u00e9f 18110\n\t\t\t\t<\/dd><\/dl><dl class='gallery-item'>\n\t\t\t<dt class='gallery-icon landscape'>\n\t\t\t\t<a href='http:\/\/www.1010votropticien.com\/blog\/solaires\/police-solaires\/police-spl-a57-v-optique1010-faches-thumesnil-ref-18110\/'><img width=\"293\" height=\"200\" src=\"http:\/\/www.1010votropticien.com\/blog\/wp-content\/uploads\/2021\/03\/Police-SPL-A57-V-OPTIQUE1010-FACHES-THUMESNIL-R\u00e9f-18110-293x200.jpg\" class=\"attachment-thumbnail size-thumbnail\" alt=\"Police SPL A57 V OPTIQUE1010 FACHES THUMESNIL R\u00e9f 18110\" decoding=\"async\" loading=\"lazy\" aria-describedby=\"gallery-1-9915\" \/><\/a>\n\t\t\t<\/dt>\n\t\t\t\t<dd class='wp-caption-text gallery-caption' id='gallery-1-9915'>\n\t\t\t\tPolice SPL A57 V OPTIQUE1010 FACHES THUMESNIL R\u00e9f 18110\n\t\t\t\t<\/dd><\/dl><dl class='gallery-item'>\n\t\t\t<dt class='gallery-icon landscape'>\n\t\t\t\t<a href='http:\/\/www.1010votropticien.com\/blog\/solaires\/police-solaires\/police-spl-v-871-optique1010-faches-thumesnil-ref-18105\/'><img width=\"293\" height=\"200\" src=\"http:\/\/www.1010votropticien.com\/blog\/wp-content\/uploads\/2021\/03\/Police-SPL-V-871-OPTIQUE1010-FACHES-THUMESNIL-R\u00e9f-18105-293x200.jpg\" class=\"attachment-thumbnail size-thumbnail\" alt=\"Police SPL V 871 OPTIQUE1010 FACHES THUMESNIL R\u00e9f 18105\" decoding=\"async\" loading=\"lazy\" aria-describedby=\"gallery-1-9916\" \/><\/a>\n\t\t\t<\/dt>\n\t\t\t\t<dd class='wp-caption-text gallery-caption' id='gallery-1-9916'>\n\t\t\t\tPolice SPL V 871 OPTIQUE1010 FACHES THUMESNIL R\u00e9f 18105\n\t\t\t\t<\/dd><\/dl><br style=\"clear: both\" \/><dl class='gallery-item'>\n\t\t\t<dt class='gallery-icon landscape'>\n\t\t\t\t<a href='http:\/\/www.1010votropticien.com\/blog\/solaires\/police-solaires\/police-spl970n-optique1010-faches-thumesnil-ref-18107\/'><img width=\"293\" height=\"200\" src=\"http:\/\/www.1010votropticien.com\/blog\/wp-content\/uploads\/2021\/03\/Police-SPL970N-OPTIQUE1010-FACHES-THUMESNIL-R\u00e9f-18107-293x200.jpg\" class=\"attachment-thumbnail size-thumbnail\" alt=\"Police SPL970N OPTIQUE1010 FACHES THUMESNIL R\u00e9f 18107\" decoding=\"async\" loading=\"lazy\" aria-describedby=\"gallery-1-9917\" \/><\/a>\n\t\t\t<\/dt>\n\t\t\t\t<dd class='wp-caption-text gallery-caption' id='gallery-1-9917'>\n\t\t\t\tPolice SPL970N OPTIQUE1010 FACHES THUMESNIL R\u00e9f 18107\n\t\t\t\t<\/dd><\/dl><dl class='gallery-item'>\n\t\t\t<dt class='gallery-icon landscape'>\n\t\t\t\t<a href='http:\/\/www.1010votropticien.com\/blog\/solaires\/police-solaires\/police-spl995-optique1010-faches-thumesnil-ref-18104\/'><img width=\"293\" height=\"200\" src=\"http:\/\/www.1010votropticien.com\/blog\/wp-content\/uploads\/2021\/03\/Police-SPL995-OPTIQUE1010-FACHES-THUMESNIL-R\u00e9f-18104-293x200.jpg\" class=\"attachment-thumbnail size-thumbnail\" alt=\"Police SPL995 OPTIQUE1010 FACHES THUMESNIL R\u00e9f 18104\" decoding=\"async\" loading=\"lazy\" aria-describedby=\"gallery-1-9918\" \/><\/a>\n\t\t\t<\/dt>\n\t\t\t\t<dd class='wp-caption-text gallery-caption' id='gallery-1-9918'>\n\t\t\t\tPolice SPL995 OPTIQUE1010 FACHES THUMESNIL R\u00e9f 18104\n\t\t\t\t<\/dd><\/dl><dl class='gallery-item'>\n\t\t\t<dt class='gallery-icon landscape'>\n\t\t\t\t<a href='http:\/\/www.1010votropticien.com\/blog\/solaires\/police-solaires\/police-splb36-b-optique1010-faches-thumesnil-ref-18103\/'><img width=\"293\" height=\"200\" src=\"http:\/\/www.1010votropticien.com\/blog\/wp-content\/uploads\/2021\/03\/Police-SPLB36-B-OPTIQUE1010-FACHES-THUMESNIL-R\u00e9f-18103-293x200.jpg\" class=\"attachment-thumbnail size-thumbnail\" alt=\"Police SPLB36 B OPTIQUE1010 FACHES THUMESNIL R\u00e9f 18103\" decoding=\"async\" loading=\"lazy\" aria-describedby=\"gallery-1-9919\" \/><\/a>\n\t\t\t<\/dt>\n\t\t\t\t<dd class='wp-caption-text gallery-caption' id='gallery-1-9919'>\n\t\t\t\tPolice SPLB36 B OPTIQUE1010 FACHES THUMESNIL R\u00e9f 18103\n\t\t\t\t<\/dd><\/dl><br style=\"clear: both\" \/><dl class='gallery-item'>\n\t\t\t<dt class='gallery-icon landscape'>\n\t\t\t\t<a href='http:\/\/www.1010votropticien.com\/blog\/solaires\/police-solaires\/police-splb36-v-optique1010-faches-thumesnil-ref-18103\/'><img width=\"293\" height=\"200\" src=\"http:\/\/www.1010votropticien.com\/blog\/wp-content\/uploads\/2021\/03\/Police-SPLB36-V-OPTIQUE1010-FACHES-THUMESNIL-R\u00e9f-18103-293x200.jpg\" class=\"attachment-thumbnail size-thumbnail\" alt=\"Police SPLB36 V OPTIQUE1010 FACHES THUMESNIL R\u00e9f 18103\" decoding=\"async\" loading=\"lazy\" aria-describedby=\"gallery-1-9920\" \/><\/a>\n\t\t\t<\/dt>\n\t\t\t\t<dd class='wp-caption-text gallery-caption' id='gallery-1-9920'>\n\t\t\t\tPolice SPLB36 V OPTIQUE1010 FACHES THUMESNIL R\u00e9f 18103\n\t\t\t\t<\/dd><\/dl><dl class='gallery-item'>\n\t\t\t<dt class='gallery-icon landscape'>\n\t\t\t\t<a href='http:\/\/www.1010votropticien.com\/blog\/solaires\/police-solaires\/police-splc34-v-optique1010-faches-thumesnil-ref-18101\/'><img width=\"293\" height=\"200\" src=\"http:\/\/www.1010votropticien.com\/blog\/wp-content\/uploads\/2021\/03\/Police-SPLC34-V-OPTIQUE1010-FACHES-THUMESNIL-R\u00e9f-18101-293x200.jpg\" class=\"attachment-thumbnail size-thumbnail\" alt=\"Police SPLC34 V OPTIQUE1010 FACHES THUMESNIL R\u00e9f 18101\" decoding=\"async\" loading=\"lazy\" aria-describedby=\"gallery-1-9921\" \/><\/a>\n\t\t\t<\/dt>\n\t\t\t\t<dd class='wp-caption-text gallery-caption' id='gallery-1-9921'>\n\t\t\t\tPolice SPLC34 V OPTIQUE1010 FACHES THUMESNIL R\u00e9f 18101\n\t\t\t\t<\/dd><\/dl>\n\t\t\t<br style='clear: both' \/>\n\t\t<\/div>\n\n<h4><span style=\"color: #ff0000;\">Police<\/span> : une <span style=\"color: #ff0000;\">marque italienne ind\u00e9pendante<\/span> au <span style=\"color: #ff0000;\">style embl\u00e9matique<\/span> et<span style=\"color: #ff0000;\"> intransigeant<\/span>.<\/h4>\n<h4>Depuis les ann\u00e9es 80, Police \u00e9tait synonyme de <span style=\"color: #ff0000;\">libert\u00e9<\/span> et d&rsquo;<span style=\"color: #ff0000;\">esprit urbain<\/span>.<\/h4>\n<h4>Aujourd&rsquo;hui, la marque vise les <span style=\"color: #ff0000;\">rebelles contemporains<\/span> : les jeunes qui veulent marquer le monde dans lequel ils vivent, \u00e0 travers leurs <span style=\"color: #ff0000;\">choix<\/span> et leur d\u00e9sir de s&rsquo;<span style=\"color: #ff0000;\">exprimer<\/span>.<\/h4>\n<h5>&nbsp;<\/h5>\n","protected":false},"excerpt":{"rendered":"<p>Nouveau : Achetez votre Chlo\u00e9 directement en ligne, livraison \u00e0 domicile ou retrait en magasin ou au drive sans frais en cliquant directement ici Voici un petit aper\u00e7u des mod\u00e8les de la collection Police &#8230; Venez vite en magasin les essayer et d\u00e9couvrir d&rsquo;autres mod\u00e8les! &nbsp; &nbsp; Police : une marque italienne ind\u00e9pendante au style [&hellip;]<\/p>\n","protected":false},"author":4,"featured_media":0,"parent":1293,"menu_order":0,"comment_status":"closed","ping_status":"closed","template":"","meta":{"ngg_post_thumbnail":0},"_links":{"self":[{"href":"http:\/\/www.1010votropticien.com\/blog\/wp-json\/wp\/v2\/pages\/6299"}],"collection":[{"href":"http:\/\/www.1010votropticien.com\/blog\/wp-json\/wp\/v2\/pages"}],"about":[{"href":"http:\/\/www.1010votropticien.com\/blog\/wp-json\/wp\/v2\/types\/page"}],"author":[{"embeddable":true,"href":"http:\/\/www.1010votropticien.com\/blog\/wp-json\/wp\/v2\/users\/4"}],"replies":[{"embeddable":true,"href":"http:\/\/www.1010votropticien.com\/blog\/wp-json\/wp\/v2\/comments?post=6299"}],"version-history":[{"count":2,"href":"http:\/\/www.1010votropticien.com\/blog\/wp-json\/wp\/v2\/pages\/6299\/revisions"}],"predecessor-version":[{"id":10377,"href":"http:\/\/www.1010votropticien.com\/blog\/wp-json\/wp\/v2\/pages\/6299\/revisions\/10377"}],"up":[{"embeddable":true,"href":"http:\/\/www.1010votropticien.com\/blog\/wp-json\/wp\/v2\/pages\/1293"}],"wp:attachment":[{"href":"http:\/\/www.1010votropticien.com\/blog\/wp-json\/wp\/v2\/media?parent=6299"}],"curies":[{"name":"wp","href":"https:\/\/api.w.org\/{rel}","templated":true}]}}