{"id":5968,"date":"2016-04-03T20:46:30","date_gmt":"2016-04-03T18:46:30","guid":{"rendered":"http:\/\/www.1010votropticien.com\/blog\/?page_id=5968"},"modified":"2021-04-14T21:43:23","modified_gmt":"2021-04-14T19:43:23","slug":"esprit-solaires-2","status":"publish","type":"page","link":"http:\/\/www.1010votropticien.com\/blog\/esprit-solaires-2\/","title":{"rendered":"Esprit solaires"},"content":{"rendered":"<h3><span style=\"color: #ff0000;\">Nouveau<\/span> : Achetez votre Esprit directement en ligne, livraison \u00e0 domicile ou retrait en magasin ou au drive sans frais en cliquant directement <a href=\"https:\/\/optique-10-10.myshopify.com\/search?q=Esprit&amp;options%5Bprefix%5D=last\" target=\"_blank\" rel=\"noopener noreferrer\"><span style=\"color: #ff0000;\">ici<\/span><\/a><\/h3>\n<h4>Voici un petit aper\u00e7u des mod\u00e8les de la collection Esprit &#8230; Venez vite en magasin les essayer et d\u00e9couvrir d&rsquo;autres mod\u00e8les!<\/h4>\n\n\t\t<style type=\"text\/css\">\n\t\t\t#gallery-1 {\n\t\t\t\tmargin: auto;\n\t\t\t}\n\t\t\t#gallery-1 .gallery-item {\n\t\t\t\tfloat: left;\n\t\t\t\tmargin-top: 10px;\n\t\t\t\ttext-align: center;\n\t\t\t\twidth: 33%;\n\t\t\t}\n\t\t\t#gallery-1 img {\n\t\t\t\tborder: 2px solid #cfcfcf;\n\t\t\t}\n\t\t\t#gallery-1 .gallery-caption {\n\t\t\t\tmargin-left: 0;\n\t\t\t}\n\t\t\t\/* see gallery_shortcode() in wp-includes\/media.php *\/\n\t\t<\/style>\n\t\t<div id='gallery-1' class='gallery galleryid-5968 gallery-columns-3 gallery-size-thumbnail'><dl class='gallery-item'>\n\t\t\t<dt class='gallery-icon landscape'>\n\t\t\t\t<a href='http:\/\/www.1010votropticien.com\/blog\/esprit-solaires-2\/esprit-b-et39110-optique-1010-faches-thumesnil-ref-17849\/'><img width=\"293\" height=\"200\" src=\"http:\/\/www.1010votropticien.com\/blog\/wp-content\/uploads\/2021\/01\/ESPRIT-B-ET39110-OPTIQUE-1010-FACHES-THUMESNIL-REF-17849-293x200.jpg\" class=\"attachment-thumbnail size-thumbnail\" alt=\"ESPRIT B ET39110 OPTIQUE 1010 FACHES-THUMESNIL REF 17849\" decoding=\"async\" loading=\"lazy\" aria-describedby=\"gallery-1-8873\" \/><\/a>\n\t\t\t<\/dt>\n\t\t\t\t<dd class='wp-caption-text gallery-caption' id='gallery-1-8873'>\n\t\t\t\tESPRIT B ET39110 OPTIQUE 1010 FACHES-THUMESNIL REF 17849\n\t\t\t\t<\/dd><\/dl><dl class='gallery-item'>\n\t\t\t<dt class='gallery-icon landscape'>\n\t\t\t\t<a href='http:\/\/www.1010votropticien.com\/blog\/esprit-solaires-2\/esprit-et17989-optique-1010-faches-thumesnil-ref-17845\/'><img width=\"293\" height=\"200\" src=\"http:\/\/www.1010votropticien.com\/blog\/wp-content\/uploads\/2021\/01\/ESPRIT-ET17989-OPTIQUE-1010-FACHES-THUMESNIL-REF-17845-293x200.jpg\" class=\"attachment-thumbnail size-thumbnail\" alt=\"ESPRIT ET17989 OPTIQUE 1010 FACHES-THUMESNIL REF 17845\" decoding=\"async\" loading=\"lazy\" aria-describedby=\"gallery-1-8875\" \/><\/a>\n\t\t\t<\/dt>\n\t\t\t\t<dd class='wp-caption-text gallery-caption' id='gallery-1-8875'>\n\t\t\t\tESPRIT ET17989 OPTIQUE 1010 FACHES-THUMESNIL REF 17845\n\t\t\t\t<\/dd><\/dl><dl class='gallery-item'>\n\t\t\t<dt class='gallery-icon landscape'>\n\t\t\t\t<a href='http:\/\/www.1010votropticien.com\/blog\/esprit-solaires-2\/esprit-et17995-optique-1010-faches-thumesnil-ref-17853\/'><img width=\"293\" height=\"200\" src=\"http:\/\/www.1010votropticien.com\/blog\/wp-content\/uploads\/2021\/01\/ESPRIT-ET17995-OPTIQUE-1010-FACHES-THUMESNIL-REF-17853-293x200.jpg\" class=\"attachment-thumbnail size-thumbnail\" alt=\"ESPRIT ET17995 OPTIQUE 1010 FACHES-THUMESNIL REF 17853\" decoding=\"async\" loading=\"lazy\" aria-describedby=\"gallery-1-8876\" \/><\/a>\n\t\t\t<\/dt>\n\t\t\t\t<dd class='wp-caption-text gallery-caption' id='gallery-1-8876'>\n\t\t\t\tESPRIT ET17995 OPTIQUE 1010 FACHES-THUMESNIL REF 17853\n\t\t\t\t<\/dd><\/dl><br style=\"clear: both\" \/><dl class='gallery-item'>\n\t\t\t<dt class='gallery-icon landscape'>\n\t\t\t\t<a href='http:\/\/www.1010votropticien.com\/blog\/esprit-solaires-2\/esprit-et17997-optique-1010-faches-thumesnil-ref-17852\/'><img width=\"293\" height=\"200\" src=\"http:\/\/www.1010votropticien.com\/blog\/wp-content\/uploads\/2021\/01\/ESPRIT-ET17997-OPTIQUE-1010-FACHES-THUMESNIL-REF-17852-293x200.jpg\" class=\"attachment-thumbnail size-thumbnail\" alt=\"ESPRIT ET17997 OPTIQUE 1010 FACHES-THUMESNIL REF 17852\" decoding=\"async\" loading=\"lazy\" aria-describedby=\"gallery-1-8877\" \/><\/a>\n\t\t\t<\/dt>\n\t\t\t\t<dd class='wp-caption-text gallery-caption' id='gallery-1-8877'>\n\t\t\t\tESPRIT ET17997 OPTIQUE 1010 FACHES-THUMESNIL REF 17852\n\t\t\t\t<\/dd><\/dl><dl class='gallery-item'>\n\t\t\t<dt class='gallery-icon landscape'>\n\t\t\t\t<a href='http:\/\/www.1010votropticien.com\/blog\/esprit-solaires-2\/esprit-et17997-optique-1010-faches-thumesnil-ref-17854\/'><img width=\"293\" height=\"200\" src=\"http:\/\/www.1010votropticien.com\/blog\/wp-content\/uploads\/2021\/01\/ESPRIT-ET17997-OPTIQUE-1010-FACHES-THUMESNIL-REF-17854-293x200.jpg\" class=\"attachment-thumbnail size-thumbnail\" alt=\"ESPRIT ET17997 OPTIQUE 1010 FACHES-THUMESNIL REF 17854\" decoding=\"async\" loading=\"lazy\" aria-describedby=\"gallery-1-8878\" \/><\/a>\n\t\t\t<\/dt>\n\t\t\t\t<dd class='wp-caption-text gallery-caption' id='gallery-1-8878'>\n\t\t\t\tESPRIT ET17997 OPTIQUE 1010 FACHES-THUMESNIL REF 17854\n\t\t\t\t<\/dd><\/dl><dl class='gallery-item'>\n\t\t\t<dt class='gallery-icon landscape'>\n\t\t\t\t<a href='http:\/\/www.1010votropticien.com\/blog\/esprit-solaires-2\/esprit-et39097-optique-1010-faches-thumesnil-ref-17850\/'><img width=\"293\" height=\"200\" src=\"http:\/\/www.1010votropticien.com\/blog\/wp-content\/uploads\/2021\/01\/ESPRIT-ET39097-OPTIQUE-1010-FACHES-THUMESNIL-REF-17850-293x200.jpg\" class=\"attachment-thumbnail size-thumbnail\" alt=\"ESPRIT ET39097 OPTIQUE 1010 FACHES-THUMESNIL REF 17850\" decoding=\"async\" loading=\"lazy\" aria-describedby=\"gallery-1-8879\" \/><\/a>\n\t\t\t<\/dt>\n\t\t\t\t<dd class='wp-caption-text gallery-caption' id='gallery-1-8879'>\n\t\t\t\tESPRIT ET39097 OPTIQUE 1010 FACHES-THUMESNIL REF 17850\n\t\t\t\t<\/dd><\/dl><br style=\"clear: both\" \/><dl class='gallery-item'>\n\t\t\t<dt class='gallery-icon landscape'>\n\t\t\t\t<a href='http:\/\/www.1010votropticien.com\/blog\/esprit-solaires-2\/esprit-et39100p-optique-1010-faches-thumesnil-ref-17847\/'><img width=\"293\" height=\"200\" src=\"http:\/\/www.1010votropticien.com\/blog\/wp-content\/uploads\/2021\/01\/ESPRIT-ET39100P-OPTIQUE-1010-FACHES-THUMESNIL-REF-17847-293x200.jpg\" class=\"attachment-thumbnail size-thumbnail\" alt=\"ESPRIT ET39100P OPTIQUE 1010 FACHES-THUMESNIL REF 17847\" decoding=\"async\" loading=\"lazy\" aria-describedby=\"gallery-1-8880\" \/><\/a>\n\t\t\t<\/dt>\n\t\t\t\t<dd class='wp-caption-text gallery-caption' id='gallery-1-8880'>\n\t\t\t\tESPRIT ET39100P OPTIQUE 1010 FACHES-THUMESNIL REF 17847\n\t\t\t\t<\/dd><\/dl><dl class='gallery-item'>\n\t\t\t<dt class='gallery-icon landscape'>\n\t\t\t\t<a href='http:\/\/www.1010votropticien.com\/blog\/esprit-solaires-2\/esprit-et39110-optique-1010-faches-thumesnil-ref-17849\/'><img width=\"293\" height=\"200\" src=\"http:\/\/www.1010votropticien.com\/blog\/wp-content\/uploads\/2021\/01\/ESPRIT-ET39110-OPTIQUE-1010-FACHES-THUMESNIL-REF-17849-293x200.jpg\" class=\"attachment-thumbnail size-thumbnail\" alt=\"ESPRIT ET39110 OPTIQUE 1010 FACHES-THUMESNIL REF 17849\" decoding=\"async\" loading=\"lazy\" aria-describedby=\"gallery-1-8881\" \/><\/a>\n\t\t\t<\/dt>\n\t\t\t\t<dd class='wp-caption-text gallery-caption' id='gallery-1-8881'>\n\t\t\t\tESPRIT ET39110 OPTIQUE 1010 FACHES-THUMESNIL REF 17849\n\t\t\t\t<\/dd><\/dl><dl class='gallery-item'>\n\t\t\t<dt class='gallery-icon landscape'>\n\t\t\t\t<a href='http:\/\/www.1010votropticien.com\/blog\/esprit-solaires-2\/esprit-et39115-optique-1010-faches-thumesnil-ref-17851\/'><img width=\"293\" height=\"200\" src=\"http:\/\/www.1010votropticien.com\/blog\/wp-content\/uploads\/2021\/01\/ESPRIT-ET39115-OPTIQUE-1010-FACHES-THUMESNIL-REF-17851-293x200.jpg\" class=\"attachment-thumbnail size-thumbnail\" alt=\"ESPRIT ET39115 OPTIQUE 1010 FACHES-THUMESNIL REF 17851\" decoding=\"async\" loading=\"lazy\" aria-describedby=\"gallery-1-8882\" \/><\/a>\n\t\t\t<\/dt>\n\t\t\t\t<dd class='wp-caption-text gallery-caption' id='gallery-1-8882'>\n\t\t\t\tESPRIT ET39115 OPTIQUE 1010 FACHES-THUMESNIL REF 17851\n\t\t\t\t<\/dd><\/dl><br style=\"clear: both\" \/><dl class='gallery-item'>\n\t\t\t<dt class='gallery-icon landscape'>\n\t\t\t\t<a href='http:\/\/www.1010votropticien.com\/blog\/esprit-solaires-2\/esprit-f-et17989-optique-1010-faches-thumesnil-ref-17845\/'><img width=\"293\" height=\"200\" src=\"http:\/\/www.1010votropticien.com\/blog\/wp-content\/uploads\/2021\/01\/ESPRIT-F-ET17989-OPTIQUE-1010-FACHES-THUMESNIL-REF-17845-293x200.jpg\" class=\"attachment-thumbnail size-thumbnail\" alt=\"ESPRIT F ET17989 OPTIQUE 1010 FACHES-THUMESNIL REF 17845\" decoding=\"async\" loading=\"lazy\" aria-describedby=\"gallery-1-8883\" \/><\/a>\n\t\t\t<\/dt>\n\t\t\t\t<dd class='wp-caption-text gallery-caption' id='gallery-1-8883'>\n\t\t\t\tESPRIT F ET17989 OPTIQUE 1010 FACHES-THUMESNIL REF 17845\n\t\t\t\t<\/dd><\/dl><dl class='gallery-item'>\n\t\t\t<dt class='gallery-icon landscape'>\n\t\t\t\t<a href='http:\/\/www.1010votropticien.com\/blog\/esprit-solaires-2\/esprit-f-et17995-optique-1010-faches-thumesnil-ref-17853\/'><img width=\"293\" height=\"200\" src=\"http:\/\/www.1010votropticien.com\/blog\/wp-content\/uploads\/2021\/01\/ESPRIT-F-ET17995-OPTIQUE-1010-FACHES-THUMESNIL-REF-17853-293x200.jpg\" class=\"attachment-thumbnail size-thumbnail\" alt=\"ESPRIT F ET17995 OPTIQUE 1010 FACHES-THUMESNIL REF 17853\" decoding=\"async\" loading=\"lazy\" aria-describedby=\"gallery-1-8884\" \/><\/a>\n\t\t\t<\/dt>\n\t\t\t\t<dd class='wp-caption-text gallery-caption' id='gallery-1-8884'>\n\t\t\t\tESPRIT F ET17995 OPTIQUE 1010 FACHES-THUMESNIL REF 17853\n\t\t\t\t<\/dd><\/dl><dl class='gallery-item'>\n\t\t\t<dt class='gallery-icon landscape'>\n\t\t\t\t<a href='http:\/\/www.1010votropticien.com\/blog\/esprit-solaires-2\/esprit-f-et17997-optique-1010-faches-thumesnil-ref-17852\/'><img width=\"293\" height=\"200\" src=\"http:\/\/www.1010votropticien.com\/blog\/wp-content\/uploads\/2021\/01\/ESPRIT-F-ET17997-OPTIQUE-1010-FACHES-THUMESNIL-REF-17852-293x200.jpg\" class=\"attachment-thumbnail size-thumbnail\" alt=\"ESPRIT F ET17997 OPTIQUE 1010 FACHES-THUMESNIL REF 17852\" decoding=\"async\" loading=\"lazy\" aria-describedby=\"gallery-1-8885\" \/><\/a>\n\t\t\t<\/dt>\n\t\t\t\t<dd class='wp-caption-text gallery-caption' id='gallery-1-8885'>\n\t\t\t\tESPRIT F ET17997 OPTIQUE 1010 FACHES-THUMESNIL REF 17852\n\t\t\t\t<\/dd><\/dl><br style=\"clear: both\" \/><dl class='gallery-item'>\n\t\t\t<dt class='gallery-icon landscape'>\n\t\t\t\t<a href='http:\/\/www.1010votropticien.com\/blog\/esprit-solaires-2\/esprit-f-et17997-optique-1010-faches-thumesnil-ref-17854\/'><img width=\"293\" height=\"200\" src=\"http:\/\/www.1010votropticien.com\/blog\/wp-content\/uploads\/2021\/01\/ESPRIT-F-ET17997-OPTIQUE-1010-FACHES-THUMESNIL-REF-17854-293x200.jpg\" class=\"attachment-thumbnail size-thumbnail\" alt=\"ESPRIT F ET17997 OPTIQUE 1010 FACHES-THUMESNIL REF 17854\" decoding=\"async\" loading=\"lazy\" aria-describedby=\"gallery-1-8886\" \/><\/a>\n\t\t\t<\/dt>\n\t\t\t\t<dd class='wp-caption-text gallery-caption' id='gallery-1-8886'>\n\t\t\t\tESPRIT F ET17997 OPTIQUE 1010 FACHES-THUMESNIL REF 17854\n\t\t\t\t<\/dd><\/dl><dl class='gallery-item'>\n\t\t\t<dt class='gallery-icon landscape'>\n\t\t\t\t<a href='http:\/\/www.1010votropticien.com\/blog\/esprit-solaires-2\/esprit-f-et39097-optique-1010-faches-thumesnil-ref-17850\/'><img width=\"293\" height=\"200\" src=\"http:\/\/www.1010votropticien.com\/blog\/wp-content\/uploads\/2021\/01\/ESPRIT-F-ET39097-OPTIQUE-1010-FACHES-THUMESNIL-REF-17850-293x200.jpg\" class=\"attachment-thumbnail size-thumbnail\" alt=\"ESPRIT F ET39097 OPTIQUE 1010 FACHES-THUMESNIL REF 17850\" decoding=\"async\" loading=\"lazy\" aria-describedby=\"gallery-1-8887\" \/><\/a>\n\t\t\t<\/dt>\n\t\t\t\t<dd class='wp-caption-text gallery-caption' id='gallery-1-8887'>\n\t\t\t\tESPRIT F ET39097 OPTIQUE 1010 FACHES-THUMESNIL REF 17850\n\t\t\t\t<\/dd><\/dl><dl class='gallery-item'>\n\t\t\t<dt class='gallery-icon landscape'>\n\t\t\t\t<a href='http:\/\/www.1010votropticien.com\/blog\/esprit-solaires-2\/esprit-f-et39110-optique-1010-faches-thumesnil-ref-17849\/'><img width=\"293\" height=\"200\" src=\"http:\/\/www.1010votropticien.com\/blog\/wp-content\/uploads\/2021\/01\/ESPRIT-F-ET39110-OPTIQUE-1010-FACHES-THUMESNIL-REF-17849-293x200.jpg\" class=\"attachment-thumbnail size-thumbnail\" alt=\"ESPRIT F ET39110 OPTIQUE 1010 FACHES-THUMESNIL REF 17849\" decoding=\"async\" loading=\"lazy\" aria-describedby=\"gallery-1-8888\" \/><\/a>\n\t\t\t<\/dt>\n\t\t\t\t<dd class='wp-caption-text gallery-caption' id='gallery-1-8888'>\n\t\t\t\tESPRIT F ET39110 OPTIQUE 1010 FACHES-THUMESNIL REF 17849\n\t\t\t\t<\/dd><\/dl><br style=\"clear: both\" \/>\n\t\t<\/div>\n\n<h4>&nbsp;<\/h4>\n<h4 style=\"text-align: justify;\"><span style=\"color: #ff0000;\">Esprit<\/span> est une marque internationale qui pr\u00f4ne une attitude <span style=\"color: #ff0000;\">d\u00e9contract\u00e9e<\/span> li\u00e9e \u00e0 ses propres racines: la <span style=\"color: #ff0000;\">Californie<\/span> de la fin des ann\u00e9es 60.<\/h4>\n<h4>La<span style=\"color: #ff0000;\"> philosophie<\/span> et les <span style=\"color: #ff0000;\">valeurs<\/span> d\u2019Esprit incarnent le <span style=\"color: #ff0000;\">mode de vie ensoleill\u00e9 de la Californie<\/span> : <span style=\"color: #ff0000;\">fun<\/span>,<span style=\"color: #ff0000;\"> amiti\u00e9<\/span> et <span style=\"color: #ff0000;\">amour de la vie<\/span>.<\/h4>\n<h4>Cet h\u00e9ritage, associ\u00e9 aux derni\u00e8res <span style=\"color: #ff0000;\">tendances<\/span> de la <span style=\"color: #ff0000;\">mode<\/span>, donne des produits <span style=\"color: #ff0000;\">authentiques<\/span>, <span style=\"color: #ff0000;\">inspirants<\/span> et <span style=\"color: #ff0000;\">\u00e9l\u00e9gants<\/span>, cr\u00e9\u00e9s avec <span style=\"color: #ff0000;\">passion<\/span> et une grande attention pour le <span style=\"color: #ff0000;\">d\u00e9tail<\/span>.<\/h4>\n<h4>Les lunettes Esprit saisissent l\u2019<span style=\"color: #ff0000;\">essence de la mode d\u2019Esprit<\/span>.<\/h4>\n<p>&nbsp;<\/p>\n<p>&nbsp;<\/p>\n","protected":false},"excerpt":{"rendered":"<p>Nouveau : Achetez votre Esprit directement en ligne, livraison \u00e0 domicile ou retrait en magasin ou au drive sans frais en cliquant directement ici Voici un petit aper\u00e7u des mod\u00e8les de la collection Esprit &#8230; Venez vite en magasin les essayer et d\u00e9couvrir d&rsquo;autres mod\u00e8les! &nbsp; Esprit est une marque internationale qui pr\u00f4ne une attitude [&hellip;]<\/p>\n","protected":false},"author":4,"featured_media":0,"parent":0,"menu_order":0,"comment_status":"closed","ping_status":"closed","template":"","meta":{"ngg_post_thumbnail":0},"_links":{"self":[{"href":"http:\/\/www.1010votropticien.com\/blog\/wp-json\/wp\/v2\/pages\/5968"}],"collection":[{"href":"http:\/\/www.1010votropticien.com\/blog\/wp-json\/wp\/v2\/pages"}],"about":[{"href":"http:\/\/www.1010votropticien.com\/blog\/wp-json\/wp\/v2\/types\/page"}],"author":[{"embeddable":true,"href":"http:\/\/www.1010votropticien.com\/blog\/wp-json\/wp\/v2\/users\/4"}],"replies":[{"embeddable":true,"href":"http:\/\/www.1010votropticien.com\/blog\/wp-json\/wp\/v2\/comments?post=5968"}],"version-history":[{"count":2,"href":"http:\/\/www.1010votropticien.com\/blog\/wp-json\/wp\/v2\/pages\/5968\/revisions"}],"predecessor-version":[{"id":10346,"href":"http:\/\/www.1010votropticien.com\/blog\/wp-json\/wp\/v2\/pages\/5968\/revisions\/10346"}],"wp:attachment":[{"href":"http:\/\/www.1010votropticien.com\/blog\/wp-json\/wp\/v2\/media?parent=5968"}],"curies":[{"name":"wp","href":"https:\/\/api.w.org\/{rel}","templated":true}]}}