{"id":5959,"date":"2016-04-03T20:37:05","date_gmt":"2016-04-03T18:37:05","guid":{"rendered":"http:\/\/www.1010votropticien.com\/blog\/?page_id=5959"},"modified":"2021-04-14T21:41:12","modified_gmt":"2021-04-14T19:41:12","slug":"elle-solaires","status":"publish","type":"page","link":"http:\/\/www.1010votropticien.com\/blog\/elle-solaires\/","title":{"rendered":"Elle solaires"},"content":{"rendered":"<h3><span style=\"color: #ff0000;\">Nouveau<\/span> : Achetez votre Elle directement en ligne, livraison \u00e0 domicile ou retrait en magasin ou au drive sans frais en cliquant directement <a href=\"https:\/\/optique-10-10.myshopify.com\/search?q=Elle&amp;options%5Bprefix%5D=last\" target=\"_blank\" rel=\"noopener noreferrer\"><span style=\"color: #ff0000;\">ici<\/span><\/a><\/h3>\n<h4 style=\"text-align: justify;\">Voici un petit aper\u00e7u des mod\u00e8les de la collection Elle &#8230; Venez vite en magasin les essayer et d\u00e9couvrir d&rsquo;autres mod\u00e8les!<\/h4>\n<p>&nbsp;<\/p>\n\n\t\t<style type=\"text\/css\">\n\t\t\t#gallery-1 {\n\t\t\t\tmargin: auto;\n\t\t\t}\n\t\t\t#gallery-1 .gallery-item {\n\t\t\t\tfloat: left;\n\t\t\t\tmargin-top: 10px;\n\t\t\t\ttext-align: center;\n\t\t\t\twidth: 33%;\n\t\t\t}\n\t\t\t#gallery-1 img {\n\t\t\t\tborder: 2px solid #cfcfcf;\n\t\t\t}\n\t\t\t#gallery-1 .gallery-caption {\n\t\t\t\tmargin-left: 0;\n\t\t\t}\n\t\t\t\/* see gallery_shortcode() in wp-includes\/media.php *\/\n\t\t<\/style>\n\t\t<div id='gallery-1' class='gallery galleryid-5959 gallery-columns-3 gallery-size-thumbnail'><dl class='gallery-item'>\n\t\t\t<dt class='gallery-icon landscape'>\n\t\t\t\t<a href='http:\/\/www.1010votropticien.com\/blog\/elle-solaires\/elle-b-el14895-optique-1010-faches-thumesnil-ref-17848\/'><img width=\"293\" height=\"200\" src=\"http:\/\/www.1010votropticien.com\/blog\/wp-content\/uploads\/2021\/01\/ELLE-B-EL14895-OPTIQUE-1010-FACHES-THUMESNIL-REF-17848-293x200.jpg\" class=\"attachment-thumbnail size-thumbnail\" alt=\"ELLE B EL14895 OPTIQUE 1010 FACHES-THUMESNIL REF 17848\" decoding=\"async\" loading=\"lazy\" aria-describedby=\"gallery-1-8849\" \/><\/a>\n\t\t\t<\/dt>\n\t\t\t\t<dd class='wp-caption-text gallery-caption' id='gallery-1-8849'>\n\t\t\t\tELLE B EL14895 OPTIQUE 1010 FACHES-THUMESNIL REF 17848\n\t\t\t\t<\/dd><\/dl><dl class='gallery-item'>\n\t\t\t<dt class='gallery-icon landscape'>\n\t\t\t\t<a href='http:\/\/www.1010votropticien.com\/blog\/elle-solaires\/elle-b-el14896-optique-1010-faches-thumesnil-ref-17856\/'><img width=\"293\" height=\"200\" src=\"http:\/\/www.1010votropticien.com\/blog\/wp-content\/uploads\/2021\/01\/ELLE-B-EL14896-OPTIQUE-1010-FACHES-THUMESNIL-REF-17856-293x200.jpg\" class=\"attachment-thumbnail size-thumbnail\" alt=\"ELLE B EL14896 OPTIQUE 1010 FACHES-THUMESNIL REF 17856\" decoding=\"async\" loading=\"lazy\" aria-describedby=\"gallery-1-8851\" \/><\/a>\n\t\t\t<\/dt>\n\t\t\t\t<dd class='wp-caption-text gallery-caption' id='gallery-1-8851'>\n\t\t\t\tELLE B EL14896 OPTIQUE 1010 FACHES-THUMESNIL REF 17856\n\t\t\t\t<\/dd><\/dl><dl class='gallery-item'>\n\t\t\t<dt class='gallery-icon landscape'>\n\t\t\t\t<a href='http:\/\/www.1010votropticien.com\/blog\/elle-solaires\/elle-b-el14897-optique-1010-faches-thumesnil-ref-17846\/'><img width=\"293\" height=\"200\" src=\"http:\/\/www.1010votropticien.com\/blog\/wp-content\/uploads\/2021\/01\/ELLE-B-EL14897-OPTIQUE-1010-FACHES-THUMESNIL-REF-17846-293x200.jpg\" class=\"attachment-thumbnail size-thumbnail\" alt=\"ELLE B EL14897 OPTIQUE 1010 FACHES-THUMESNIL REF 17846\" decoding=\"async\" loading=\"lazy\" aria-describedby=\"gallery-1-8852\" \/><\/a>\n\t\t\t<\/dt>\n\t\t\t\t<dd class='wp-caption-text gallery-caption' id='gallery-1-8852'>\n\t\t\t\tELLE B EL14897 OPTIQUE 1010 FACHES-THUMESNIL REF 17846\n\t\t\t\t<\/dd><\/dl><br style=\"clear: both\" \/><dl class='gallery-item'>\n\t\t\t<dt class='gallery-icon landscape'>\n\t\t\t\t<a href='http:\/\/www.1010votropticien.com\/blog\/elle-solaires\/elle-b-el14898-optique-1010-faches-thumesnil-ref-17857\/'><img width=\"293\" height=\"200\" src=\"http:\/\/www.1010votropticien.com\/blog\/wp-content\/uploads\/2021\/01\/ELLE-B-EL14898-OPTIQUE-1010-FACHES-THUMESNIL-REF-17857-293x200.jpg\" class=\"attachment-thumbnail size-thumbnail\" alt=\"ELLE B EL14898 OPTIQUE 1010 FACHES-THUMESNIL REF 17857\" decoding=\"async\" loading=\"lazy\" aria-describedby=\"gallery-1-8853\" \/><\/a>\n\t\t\t<\/dt>\n\t\t\t\t<dd class='wp-caption-text gallery-caption' id='gallery-1-8853'>\n\t\t\t\tELLE B EL14898 OPTIQUE 1010 FACHES-THUMESNIL REF 17857\n\t\t\t\t<\/dd><\/dl><dl class='gallery-item'>\n\t\t\t<dt class='gallery-icon landscape'>\n\t\t\t\t<a href='http:\/\/www.1010votropticien.com\/blog\/elle-solaires\/elle-b-el14899-optique-1010-faches-thumesnil-ref-17858\/'><img width=\"293\" height=\"200\" src=\"http:\/\/www.1010votropticien.com\/blog\/wp-content\/uploads\/2021\/01\/ELLE-B-EL14899-OPTIQUE-1010-FACHES-THUMESNIL-REF-17858-293x200.jpg\" class=\"attachment-thumbnail size-thumbnail\" alt=\"ELLE B EL14899 OPTIQUE 1010 FACHES-THUMESNIL REF 17858\" decoding=\"async\" loading=\"lazy\" aria-describedby=\"gallery-1-8854\" \/><\/a>\n\t\t\t<\/dt>\n\t\t\t\t<dd class='wp-caption-text gallery-caption' id='gallery-1-8854'>\n\t\t\t\tELLE B EL14899 OPTIQUE 1010 FACHES-THUMESNIL REF 17858\n\t\t\t\t<\/dd><\/dl><dl class='gallery-item'>\n\t\t\t<dt class='gallery-icon landscape'>\n\t\t\t\t<a href='http:\/\/www.1010votropticien.com\/blog\/elle-solaires\/elle-b-el14899-optique-1010-faches-thumesnil-ref-17859\/'><img width=\"293\" height=\"200\" src=\"http:\/\/www.1010votropticien.com\/blog\/wp-content\/uploads\/2021\/01\/ELLE-B-EL14899-OPTIQUE-1010-FACHES-THUMESNIL-REF-17859-293x200.jpg\" class=\"attachment-thumbnail size-thumbnail\" alt=\"ELLE B EL14899 OPTIQUE 1010 FACHES-THUMESNIL REF 17859\" decoding=\"async\" loading=\"lazy\" aria-describedby=\"gallery-1-8855\" \/><\/a>\n\t\t\t<\/dt>\n\t\t\t\t<dd class='wp-caption-text gallery-caption' id='gallery-1-8855'>\n\t\t\t\tELLE B EL14899 OPTIQUE 1010 FACHES-THUMESNIL REF 17859\n\t\t\t\t<\/dd><\/dl><br style=\"clear: both\" \/><dl class='gallery-item'>\n\t\t\t<dt class='gallery-icon landscape'>\n\t\t\t\t<a href='http:\/\/www.1010votropticien.com\/blog\/elle-solaires\/elle-b-el14903optique-1010-faches-thumesnil-ref-17855\/'><img width=\"293\" height=\"200\" src=\"http:\/\/www.1010votropticien.com\/blog\/wp-content\/uploads\/2021\/01\/ELLE-B-EL14903OPTIQUE-1010-FACHES-THUMESNIL-REF-17855-293x200.jpg\" class=\"attachment-thumbnail size-thumbnail\" alt=\"ELLE B EL14903OPTIQUE 1010 FACHES-THUMESNIL REF 17855\" decoding=\"async\" loading=\"lazy\" aria-describedby=\"gallery-1-8856\" \/><\/a>\n\t\t\t<\/dt>\n\t\t\t\t<dd class='wp-caption-text gallery-caption' id='gallery-1-8856'>\n\t\t\t\tELLE B EL14903OPTIQUE 1010 FACHES-THUMESNIL REF 17855\n\t\t\t\t<\/dd><\/dl><dl class='gallery-item'>\n\t\t\t<dt class='gallery-icon landscape'>\n\t\t\t\t<a href='http:\/\/www.1010votropticien.com\/blog\/elle-solaires\/elle-el14895-optique-1010-faches-thumesnil-ref-17848\/'><img width=\"293\" height=\"200\" src=\"http:\/\/www.1010votropticien.com\/blog\/wp-content\/uploads\/2021\/01\/ELLE-EL14895-OPTIQUE-1010-FACHES-THUMESNIL-REF-17848-293x200.jpg\" class=\"attachment-thumbnail size-thumbnail\" alt=\"ELLE EL14895 OPTIQUE 1010 FACHES-THUMESNIL REF 17848\" decoding=\"async\" loading=\"lazy\" aria-describedby=\"gallery-1-8857\" \/><\/a>\n\t\t\t<\/dt>\n\t\t\t\t<dd class='wp-caption-text gallery-caption' id='gallery-1-8857'>\n\t\t\t\tELLE EL14895 OPTIQUE 1010 FACHES-THUMESNIL REF 17848\n\t\t\t\t<\/dd><\/dl><dl class='gallery-item'>\n\t\t\t<dt class='gallery-icon landscape'>\n\t\t\t\t<a href='http:\/\/www.1010votropticien.com\/blog\/elle-solaires\/elle-el14896-optique-1010-faches-thumesnil-ref-17856\/'><img width=\"293\" height=\"200\" src=\"http:\/\/www.1010votropticien.com\/blog\/wp-content\/uploads\/2021\/01\/ELLE-EL14896-OPTIQUE-1010-FACHES-THUMESNIL-REF-17856-293x200.jpg\" class=\"attachment-thumbnail size-thumbnail\" alt=\"ELLE EL14896 OPTIQUE 1010 FACHES-THUMESNIL REF 17856\" decoding=\"async\" loading=\"lazy\" aria-describedby=\"gallery-1-8858\" \/><\/a>\n\t\t\t<\/dt>\n\t\t\t\t<dd class='wp-caption-text gallery-caption' id='gallery-1-8858'>\n\t\t\t\tELLE EL14896 OPTIQUE 1010 FACHES-THUMESNIL REF 17856\n\t\t\t\t<\/dd><\/dl><br style=\"clear: both\" \/><dl class='gallery-item'>\n\t\t\t<dt class='gallery-icon landscape'>\n\t\t\t\t<a href='http:\/\/www.1010votropticien.com\/blog\/elle-solaires\/elle-el14897-optique-1010-faches-thumesnil-ref-17846\/'><img width=\"293\" height=\"200\" src=\"http:\/\/www.1010votropticien.com\/blog\/wp-content\/uploads\/2021\/01\/ELLE-EL14897-OPTIQUE-1010-FACHES-THUMESNIL-REF-17846-293x200.jpg\" class=\"attachment-thumbnail size-thumbnail\" alt=\"ELLE EL14897 OPTIQUE 1010 FACHES-THUMESNIL REF 17846\" decoding=\"async\" loading=\"lazy\" aria-describedby=\"gallery-1-8859\" \/><\/a>\n\t\t\t<\/dt>\n\t\t\t\t<dd class='wp-caption-text gallery-caption' id='gallery-1-8859'>\n\t\t\t\tELLE EL14897 OPTIQUE 1010 FACHES-THUMESNIL REF 17846\n\t\t\t\t<\/dd><\/dl><dl class='gallery-item'>\n\t\t\t<dt class='gallery-icon landscape'>\n\t\t\t\t<a href='http:\/\/www.1010votropticien.com\/blog\/elle-solaires\/elle-el14898-optique-1010-faches-thumesnil-ref-17857\/'><img width=\"293\" height=\"200\" src=\"http:\/\/www.1010votropticien.com\/blog\/wp-content\/uploads\/2021\/01\/ELLE-EL14898-OPTIQUE-1010-FACHES-THUMESNIL-REF-17857-293x200.jpg\" class=\"attachment-thumbnail size-thumbnail\" alt=\"ELLE EL14898 OPTIQUE 1010 FACHES-THUMESNIL REF 17857\" decoding=\"async\" loading=\"lazy\" aria-describedby=\"gallery-1-8860\" \/><\/a>\n\t\t\t<\/dt>\n\t\t\t\t<dd class='wp-caption-text gallery-caption' id='gallery-1-8860'>\n\t\t\t\tELLE EL14898 OPTIQUE 1010 FACHES-THUMESNIL REF 17857\n\t\t\t\t<\/dd><\/dl><dl class='gallery-item'>\n\t\t\t<dt class='gallery-icon landscape'>\n\t\t\t\t<a href='http:\/\/www.1010votropticien.com\/blog\/elle-solaires\/elle-el14899-optique-1010-faches-thumesnil-ref-17858\/'><img width=\"293\" height=\"200\" src=\"http:\/\/www.1010votropticien.com\/blog\/wp-content\/uploads\/2021\/01\/ELLE-EL14899-OPTIQUE-1010-FACHES-THUMESNIL-REF-17858-293x200.jpg\" class=\"attachment-thumbnail size-thumbnail\" alt=\"ELLE EL14899 OPTIQUE 1010 FACHES-THUMESNIL REF 17858\" decoding=\"async\" loading=\"lazy\" aria-describedby=\"gallery-1-8861\" \/><\/a>\n\t\t\t<\/dt>\n\t\t\t\t<dd class='wp-caption-text gallery-caption' id='gallery-1-8861'>\n\t\t\t\tELLE EL14899 OPTIQUE 1010 FACHES-THUMESNIL REF 17858\n\t\t\t\t<\/dd><\/dl><br style=\"clear: both\" \/><dl class='gallery-item'>\n\t\t\t<dt class='gallery-icon landscape'>\n\t\t\t\t<a href='http:\/\/www.1010votropticien.com\/blog\/elle-solaires\/elle-el14899-optique-1010-faches-thumesnil-ref-17859\/'><img width=\"293\" height=\"200\" src=\"http:\/\/www.1010votropticien.com\/blog\/wp-content\/uploads\/2021\/01\/ELLE-EL14899-OPTIQUE-1010-FACHES-THUMESNIL-REF-17859-293x200.jpg\" class=\"attachment-thumbnail size-thumbnail\" alt=\"ELLE EL14899 OPTIQUE 1010 FACHES-THUMESNIL REF 17859\" decoding=\"async\" loading=\"lazy\" aria-describedby=\"gallery-1-8862\" \/><\/a>\n\t\t\t<\/dt>\n\t\t\t\t<dd class='wp-caption-text gallery-caption' id='gallery-1-8862'>\n\t\t\t\tELLE EL14899 OPTIQUE 1010 FACHES-THUMESNIL REF 17859\n\t\t\t\t<\/dd><\/dl><dl class='gallery-item'>\n\t\t\t<dt class='gallery-icon landscape'>\n\t\t\t\t<a href='http:\/\/www.1010votropticien.com\/blog\/elle-solaires\/elle-el14903optique-1010-faches-thumesnil-ref-17855\/'><img width=\"293\" height=\"200\" src=\"http:\/\/www.1010votropticien.com\/blog\/wp-content\/uploads\/2021\/01\/ELLE-EL14903OPTIQUE-1010-FACHES-THUMESNIL-REF-17855-293x200.jpg\" class=\"attachment-thumbnail size-thumbnail\" alt=\"ELLE EL14903 OPTIQUE 1010 FACHES-THUMESNIL REF 17855\" decoding=\"async\" loading=\"lazy\" aria-describedby=\"gallery-1-8863\" \/><\/a>\n\t\t\t<\/dt>\n\t\t\t\t<dd class='wp-caption-text gallery-caption' id='gallery-1-8863'>\n\t\t\t\tELLE EL14903 OPTIQUE 1010 FACHES-THUMESNIL REF 17855\n\t\t\t\t<\/dd><\/dl><dl class='gallery-item'>\n\t\t\t<dt class='gallery-icon landscape'>\n\t\t\t\t<a href='http:\/\/www.1010votropticien.com\/blog\/elle-solaires\/elle-f-el14895-optique-1010-faches-thumesnil-ref-17848\/'><img width=\"293\" height=\"200\" src=\"http:\/\/www.1010votropticien.com\/blog\/wp-content\/uploads\/2021\/01\/ELLE-F-EL14895-OPTIQUE-1010-FACHES-THUMESNIL-REF-17848-293x200.jpg\" class=\"attachment-thumbnail size-thumbnail\" alt=\"ELLE F EL14895 OPTIQUE 1010 FACHES-THUMESNIL REF 17848\" decoding=\"async\" loading=\"lazy\" aria-describedby=\"gallery-1-8864\" \/><\/a>\n\t\t\t<\/dt>\n\t\t\t\t<dd class='wp-caption-text gallery-caption' id='gallery-1-8864'>\n\t\t\t\tELLE F EL14895 OPTIQUE 1010 FACHES-THUMESNIL REF 17848\n\t\t\t\t<\/dd><\/dl><br style=\"clear: both\" \/><dl class='gallery-item'>\n\t\t\t<dt class='gallery-icon landscape'>\n\t\t\t\t<a href='http:\/\/www.1010votropticien.com\/blog\/elle-solaires\/elle-f-el14896-optique-1010-faches-thumesnil-ref-17856\/'><img width=\"293\" height=\"200\" src=\"http:\/\/www.1010votropticien.com\/blog\/wp-content\/uploads\/2021\/01\/ELLE-F-EL14896-OPTIQUE-1010-FACHES-THUMESNIL-REF-17856-293x200.jpg\" class=\"attachment-thumbnail size-thumbnail\" alt=\"ELLE F EL14896 OPTIQUE 1010 FACHES-THUMESNIL REF 17856\" decoding=\"async\" loading=\"lazy\" aria-describedby=\"gallery-1-8865\" \/><\/a>\n\t\t\t<\/dt>\n\t\t\t\t<dd class='wp-caption-text gallery-caption' id='gallery-1-8865'>\n\t\t\t\tELLE F EL14896 OPTIQUE 1010 FACHES-THUMESNIL REF 17856\n\t\t\t\t<\/dd><\/dl><dl class='gallery-item'>\n\t\t\t<dt class='gallery-icon landscape'>\n\t\t\t\t<a href='http:\/\/www.1010votropticien.com\/blog\/elle-solaires\/elle-f-el14897-optique-1010-faches-thumesnil-ref-17846\/'><img width=\"293\" height=\"200\" src=\"http:\/\/www.1010votropticien.com\/blog\/wp-content\/uploads\/2021\/01\/ELLE-F-EL14897-OPTIQUE-1010-FACHES-THUMESNIL-REF-17846-293x200.jpg\" class=\"attachment-thumbnail size-thumbnail\" alt=\"ELLE F EL14897 OPTIQUE 1010 FACHES-THUMESNIL REF 17846\" decoding=\"async\" loading=\"lazy\" aria-describedby=\"gallery-1-8866\" \/><\/a>\n\t\t\t<\/dt>\n\t\t\t\t<dd class='wp-caption-text gallery-caption' id='gallery-1-8866'>\n\t\t\t\tELLE F EL14897 OPTIQUE 1010 FACHES-THUMESNIL REF 17846\n\t\t\t\t<\/dd><\/dl><dl class='gallery-item'>\n\t\t\t<dt class='gallery-icon landscape'>\n\t\t\t\t<a href='http:\/\/www.1010votropticien.com\/blog\/elle-solaires\/elle-f-el14898-optique-1010-faches-thumesnil-ref-17857\/'><img width=\"293\" height=\"200\" src=\"http:\/\/www.1010votropticien.com\/blog\/wp-content\/uploads\/2021\/01\/ELLE-F-EL14898-OPTIQUE-1010-FACHES-THUMESNIL-REF-17857-293x200.jpg\" class=\"attachment-thumbnail size-thumbnail\" alt=\"ELLE F EL14898 OPTIQUE 1010 FACHES-THUMESNIL REF 17857\" decoding=\"async\" loading=\"lazy\" aria-describedby=\"gallery-1-8867\" \/><\/a>\n\t\t\t<\/dt>\n\t\t\t\t<dd class='wp-caption-text gallery-caption' id='gallery-1-8867'>\n\t\t\t\tELLE F EL14898 OPTIQUE 1010 FACHES-THUMESNIL REF 17857\n\t\t\t\t<\/dd><\/dl><br style=\"clear: both\" \/><dl class='gallery-item'>\n\t\t\t<dt class='gallery-icon landscape'>\n\t\t\t\t<a href='http:\/\/www.1010votropticien.com\/blog\/elle-solaires\/elle-f-el14899-optique-1010-faches-thumesnil-ref-17858\/'><img width=\"293\" height=\"200\" src=\"http:\/\/www.1010votropticien.com\/blog\/wp-content\/uploads\/2021\/01\/ELLE-F-EL14899-OPTIQUE-1010-FACHES-THUMESNIL-REF-17858-293x200.jpg\" class=\"attachment-thumbnail size-thumbnail\" alt=\"ELLE F EL14899 OPTIQUE 1010 FACHES-THUMESNIL REF 17858\" decoding=\"async\" loading=\"lazy\" aria-describedby=\"gallery-1-8868\" \/><\/a>\n\t\t\t<\/dt>\n\t\t\t\t<dd class='wp-caption-text gallery-caption' id='gallery-1-8868'>\n\t\t\t\tELLE F EL14899 OPTIQUE 1010 FACHES-THUMESNIL REF 17858\n\t\t\t\t<\/dd><\/dl><dl class='gallery-item'>\n\t\t\t<dt class='gallery-icon landscape'>\n\t\t\t\t<a href='http:\/\/www.1010votropticien.com\/blog\/elle-solaires\/elle-f-el14899-optique-1010-faches-thumesnil-ref-17859\/'><img width=\"293\" height=\"200\" src=\"http:\/\/www.1010votropticien.com\/blog\/wp-content\/uploads\/2021\/01\/ELLE-F-EL14899-OPTIQUE-1010-FACHES-THUMESNIL-REF-17859-293x200.jpg\" class=\"attachment-thumbnail size-thumbnail\" alt=\"ELLE F EL14899 OPTIQUE 1010 FACHES-THUMESNIL REF 17859\" decoding=\"async\" loading=\"lazy\" aria-describedby=\"gallery-1-8869\" \/><\/a>\n\t\t\t<\/dt>\n\t\t\t\t<dd class='wp-caption-text gallery-caption' id='gallery-1-8869'>\n\t\t\t\tELLE F EL14899 OPTIQUE 1010 FACHES-THUMESNIL REF 17859\n\t\t\t\t<\/dd><\/dl><dl class='gallery-item'>\n\t\t\t<dt class='gallery-icon landscape'>\n\t\t\t\t<a href='http:\/\/www.1010votropticien.com\/blog\/elle-solaires\/elle-f-el14903optique-1010-faches-thumesnil-ref-17855\/'><img width=\"293\" height=\"200\" src=\"http:\/\/www.1010votropticien.com\/blog\/wp-content\/uploads\/2021\/01\/ELLE-F-EL14903OPTIQUE-1010-FACHES-THUMESNIL-REF-17855-293x200.jpg\" class=\"attachment-thumbnail size-thumbnail\" alt=\"ELLE F EL14903 OPTIQUE 1010 FACHES-THUMESNIL REF 17855\" decoding=\"async\" loading=\"lazy\" aria-describedby=\"gallery-1-8870\" \/><\/a>\n\t\t\t<\/dt>\n\t\t\t\t<dd class='wp-caption-text gallery-caption' id='gallery-1-8870'>\n\t\t\t\tELLE F EL14903 OPTIQUE 1010 FACHES-THUMESNIL REF 17855\n\t\t\t\t<\/dd><\/dl><br style=\"clear: both\" \/>\n\t\t<\/div>\n\n<p>&nbsp;<\/p>\n<h4 style=\"text-align: justify;\">Avec 45 \u00e9ditions dans le monde et 21 millions de <span style=\"color: #ff0000;\">lecteurs<\/span>, <span style=\"color: #ff0000;\">ELLE<\/span> est le <span style=\"color: #ff0000;\">magazine<\/span> de <span style=\"color: #ff0000;\">r\u00e9f\u00e9rence<\/span> en termes de <span style=\"color: #ff0000;\">mode<\/span> et de <span style=\"color: #ff0000;\">tendances<\/span>.<\/h4>\n<h4 style=\"text-align: justify;\">Pour autant, ELLE aime rendre la mode <span style=\"color: #ff0000;\">accessible<\/span> et cherche \u00e0 am\u00e9liorer chaque aspect du quotidien des<span style=\"color: #ff0000;\"> femmes<\/span>.<\/h4>\n<h4>Con\u00e7ue pour les femmes <span style=\"color: #ff0000;\">ind\u00e9pendantes<\/span> et <span style=\"color: #ff0000;\">ouvertes d\u2019esprit<\/span> du<span style=\"color: #ff0000;\"> monde entier<\/span>, la marque ELLE se d\u00e9cline en une collection de produits.<\/h4>\n<h4>Les <span style=\"color: #ff0000;\">v\u00eatements<\/span>, les <span style=\"color: #ff0000;\">accessoires<\/span>, la <span style=\"color: #ff0000;\">d\u00e9coration d\u2019int\u00e9rieur<\/span>, les fournitures et la <span style=\"color: #ff0000;\">bagagerie<\/span> ELLE (et bien d\u2019autres produits) se vendent dans plus de 80 pays.<\/h4>\n<h4><span style=\"color: #ff0000;\">Marque parisienne<\/span> et <span style=\"color: #ff0000;\">dynamique<\/span>, ELLE encourage les femmes \u00e0 exprimer leurs <span style=\"color: #ff0000;\">personnalit\u00e9s<\/span> en jouant avec la mode et en optant pour un<span style=\"color: #ff0000;\"> look original<\/span>.<\/h4>\n<h4>Associant une <span style=\"color: #ff0000;\">\u00e9l\u00e9gance moderne<\/span> \u00e0 une approche <span style=\"color: #ff0000;\">d\u00e9contract\u00e9e<\/span> de la vie et \u00e0 une attitude <span style=\"color: #ff0000;\">optimiste<\/span>, les lunettes ELLE red\u00e9finissent le <span style=\"color: #ff0000;\">style de vie parisien<\/span>.<\/h4>\n<p>&nbsp;<\/p>\n<h4>&nbsp;<\/h4>\n","protected":false},"excerpt":{"rendered":"<p>Nouveau : Achetez votre Elle directement en ligne, livraison \u00e0 domicile ou retrait en magasin ou au drive sans frais en cliquant directement ici Voici un petit aper\u00e7u des mod\u00e8les de la collection Elle &#8230; Venez vite en magasin les essayer et d\u00e9couvrir d&rsquo;autres mod\u00e8les! &nbsp; &nbsp; Avec 45 \u00e9ditions dans le monde et 21 [&hellip;]<\/p>\n","protected":false},"author":4,"featured_media":0,"parent":0,"menu_order":0,"comment_status":"closed","ping_status":"closed","template":"","meta":{"ngg_post_thumbnail":0},"_links":{"self":[{"href":"http:\/\/www.1010votropticien.com\/blog\/wp-json\/wp\/v2\/pages\/5959"}],"collection":[{"href":"http:\/\/www.1010votropticien.com\/blog\/wp-json\/wp\/v2\/pages"}],"about":[{"href":"http:\/\/www.1010votropticien.com\/blog\/wp-json\/wp\/v2\/types\/page"}],"author":[{"embeddable":true,"href":"http:\/\/www.1010votropticien.com\/blog\/wp-json\/wp\/v2\/users\/4"}],"replies":[{"embeddable":true,"href":"http:\/\/www.1010votropticien.com\/blog\/wp-json\/wp\/v2\/comments?post=5959"}],"version-history":[{"count":2,"href":"http:\/\/www.1010votropticien.com\/blog\/wp-json\/wp\/v2\/pages\/5959\/revisions"}],"predecessor-version":[{"id":10344,"href":"http:\/\/www.1010votropticien.com\/blog\/wp-json\/wp\/v2\/pages\/5959\/revisions\/10344"}],"wp:attachment":[{"href":"http:\/\/www.1010votropticien.com\/blog\/wp-json\/wp\/v2\/media?parent=5959"}],"curies":[{"name":"wp","href":"https:\/\/api.w.org\/{rel}","templated":true}]}}