{"id":5743,"date":"2016-01-31T23:09:50","date_gmt":"2016-01-31T22:09:50","guid":{"rendered":"http:\/\/www.1010votropticien.com\/blog\/?page_id=5743"},"modified":"2023-05-22T17:45:29","modified_gmt":"2023-05-22T15:45:29","slug":"xit-2","status":"publish","type":"page","link":"http:\/\/www.1010votropticien.com\/blog\/lunettes-de-vue\/xit-2\/","title":{"rendered":"XIT"},"content":{"rendered":"\n<h2 class=\"wp-block-heading\">Voici un petit aper\u00e7u des mod\u00e8les de la collection XIT &#8230; Venez vite en magasin les essayer et d\u00e9couvrir d&rsquo;autres mod\u00e8les!<\/h2>\n\n\n\n<figure class=\"wp-block-gallery columns-3 wp-block-gallery-1 is-layout-flex\"><ul class=\"blocks-gallery-grid\"><li class=\"blocks-gallery-item\"><figure><a href=\"http:\/\/www.1010votropticien.com\/blog\/lunettes-de-vue\/xit-2\/inshot_20230521_174326775\/\"><img decoding=\"async\" loading=\"lazy\" width=\"1024\" height=\"1024\" src=\"http:\/\/www.1010votropticien.com\/blog\/wp-content\/uploads\/2023\/05\/InShot_20230521_174326775-1024x1024.jpg\" alt=\"\" data-id=\"11132\" data-full-url=\"http:\/\/www.1010votropticien.com\/blog\/wp-content\/uploads\/2023\/05\/InShot_20230521_174326775-scaled.jpg\" data-link=\"http:\/\/www.1010votropticien.com\/blog\/lunettes-de-vue\/xit-2\/inshot_20230521_174326775\/\" class=\"wp-image-11132\" srcset=\"http:\/\/www.1010votropticien.com\/blog\/wp-content\/uploads\/2023\/05\/InShot_20230521_174326775-1024x1024.jpg 1024w, http:\/\/www.1010votropticien.com\/blog\/wp-content\/uploads\/2023\/05\/InShot_20230521_174326775-300x300.jpg 300w, http:\/\/www.1010votropticien.com\/blog\/wp-content\/uploads\/2023\/05\/InShot_20230521_174326775-768x768.jpg 768w, http:\/\/www.1010votropticien.com\/blog\/wp-content\/uploads\/2023\/05\/InShot_20230521_174326775-1536x1536.jpg 1536w, http:\/\/www.1010votropticien.com\/blog\/wp-content\/uploads\/2023\/05\/InShot_20230521_174326775-2048x2048.jpg 2048w, http:\/\/www.1010votropticien.com\/blog\/wp-content\/uploads\/2023\/05\/InShot_20230521_174326775-160x160.jpg 160w, http:\/\/www.1010votropticien.com\/blog\/wp-content\/uploads\/2023\/05\/InShot_20230521_174326775-240x240.jpg 240w, http:\/\/www.1010votropticien.com\/blog\/wp-content\/uploads\/2023\/05\/InShot_20230521_174326775-60x60.jpg 60w, http:\/\/www.1010votropticien.com\/blog\/wp-content\/uploads\/2023\/05\/InShot_20230521_174326775-184x184.jpg 184w, http:\/\/www.1010votropticien.com\/blog\/wp-content\/uploads\/2023\/05\/InShot_20230521_174326775-50x50.jpg 50w\" sizes=\"(max-width: 1024px) 100vw, 1024px\" \/><\/a><\/figure><\/li><li class=\"blocks-gallery-item\"><figure><a href=\"http:\/\/www.1010votropticien.com\/blog\/lunettes-de-vue\/xit-2\/inshot_20230521_174416255\/\"><img decoding=\"async\" loading=\"lazy\" width=\"1024\" height=\"1024\" src=\"http:\/\/www.1010votropticien.com\/blog\/wp-content\/uploads\/2023\/05\/InShot_20230521_174416255-1024x1024.jpg\" alt=\"\" data-id=\"11134\" data-full-url=\"http:\/\/www.1010votropticien.com\/blog\/wp-content\/uploads\/2023\/05\/InShot_20230521_174416255-scaled.jpg\" data-link=\"http:\/\/www.1010votropticien.com\/blog\/lunettes-de-vue\/xit-2\/inshot_20230521_174416255\/\" class=\"wp-image-11134\" srcset=\"http:\/\/www.1010votropticien.com\/blog\/wp-content\/uploads\/2023\/05\/InShot_20230521_174416255-1024x1024.jpg 1024w, http:\/\/www.1010votropticien.com\/blog\/wp-content\/uploads\/2023\/05\/InShot_20230521_174416255-300x300.jpg 300w, http:\/\/www.1010votropticien.com\/blog\/wp-content\/uploads\/2023\/05\/InShot_20230521_174416255-768x768.jpg 768w, http:\/\/www.1010votropticien.com\/blog\/wp-content\/uploads\/2023\/05\/InShot_20230521_174416255-1536x1536.jpg 1536w, http:\/\/www.1010votropticien.com\/blog\/wp-content\/uploads\/2023\/05\/InShot_20230521_174416255-2048x2048.jpg 2048w, http:\/\/www.1010votropticien.com\/blog\/wp-content\/uploads\/2023\/05\/InShot_20230521_174416255-160x160.jpg 160w, http:\/\/www.1010votropticien.com\/blog\/wp-content\/uploads\/2023\/05\/InShot_20230521_174416255-240x240.jpg 240w, http:\/\/www.1010votropticien.com\/blog\/wp-content\/uploads\/2023\/05\/InShot_20230521_174416255-60x60.jpg 60w, http:\/\/www.1010votropticien.com\/blog\/wp-content\/uploads\/2023\/05\/InShot_20230521_174416255-184x184.jpg 184w, http:\/\/www.1010votropticien.com\/blog\/wp-content\/uploads\/2023\/05\/InShot_20230521_174416255-50x50.jpg 50w\" sizes=\"(max-width: 1024px) 100vw, 1024px\" \/><\/a><\/figure><\/li><li class=\"blocks-gallery-item\"><figure><a href=\"http:\/\/www.1010votropticien.com\/blog\/lunettes-de-vue\/xit-2\/inshot_20230521_174428252\/\"><img decoding=\"async\" loading=\"lazy\" width=\"1024\" height=\"1024\" src=\"http:\/\/www.1010votropticien.com\/blog\/wp-content\/uploads\/2023\/05\/InShot_20230521_174428252-1024x1024.jpg\" alt=\"\" data-id=\"11135\" data-full-url=\"http:\/\/www.1010votropticien.com\/blog\/wp-content\/uploads\/2023\/05\/InShot_20230521_174428252-scaled.jpg\" data-link=\"http:\/\/www.1010votropticien.com\/blog\/lunettes-de-vue\/xit-2\/inshot_20230521_174428252\/\" class=\"wp-image-11135\" srcset=\"http:\/\/www.1010votropticien.com\/blog\/wp-content\/uploads\/2023\/05\/InShot_20230521_174428252-1024x1024.jpg 1024w, http:\/\/www.1010votropticien.com\/blog\/wp-content\/uploads\/2023\/05\/InShot_20230521_174428252-300x300.jpg 300w, http:\/\/www.1010votropticien.com\/blog\/wp-content\/uploads\/2023\/05\/InShot_20230521_174428252-768x768.jpg 768w, http:\/\/www.1010votropticien.com\/blog\/wp-content\/uploads\/2023\/05\/InShot_20230521_174428252-1536x1536.jpg 1536w, http:\/\/www.1010votropticien.com\/blog\/wp-content\/uploads\/2023\/05\/InShot_20230521_174428252-2048x2048.jpg 2048w, http:\/\/www.1010votropticien.com\/blog\/wp-content\/uploads\/2023\/05\/InShot_20230521_174428252-160x160.jpg 160w, http:\/\/www.1010votropticien.com\/blog\/wp-content\/uploads\/2023\/05\/InShot_20230521_174428252-240x240.jpg 240w, http:\/\/www.1010votropticien.com\/blog\/wp-content\/uploads\/2023\/05\/InShot_20230521_174428252-60x60.jpg 60w, http:\/\/www.1010votropticien.com\/blog\/wp-content\/uploads\/2023\/05\/InShot_20230521_174428252-184x184.jpg 184w, http:\/\/www.1010votropticien.com\/blog\/wp-content\/uploads\/2023\/05\/InShot_20230521_174428252-50x50.jpg 50w\" sizes=\"(max-width: 1024px) 100vw, 1024px\" \/><\/a><\/figure><\/li><li class=\"blocks-gallery-item\"><figure><a href=\"http:\/\/www.1010votropticien.com\/blog\/lunettes-de-vue\/xit-2\/inshot_20230521_174521070\/\"><img decoding=\"async\" loading=\"lazy\" width=\"1024\" height=\"1024\" src=\"http:\/\/www.1010votropticien.com\/blog\/wp-content\/uploads\/2023\/05\/InShot_20230521_174521070-1024x1024.jpg\" alt=\"\" data-id=\"11136\" data-full-url=\"http:\/\/www.1010votropticien.com\/blog\/wp-content\/uploads\/2023\/05\/InShot_20230521_174521070-scaled.jpg\" data-link=\"http:\/\/www.1010votropticien.com\/blog\/lunettes-de-vue\/xit-2\/inshot_20230521_174521070\/\" class=\"wp-image-11136\" srcset=\"http:\/\/www.1010votropticien.com\/blog\/wp-content\/uploads\/2023\/05\/InShot_20230521_174521070-1024x1024.jpg 1024w, http:\/\/www.1010votropticien.com\/blog\/wp-content\/uploads\/2023\/05\/InShot_20230521_174521070-300x300.jpg 300w, http:\/\/www.1010votropticien.com\/blog\/wp-content\/uploads\/2023\/05\/InShot_20230521_174521070-768x768.jpg 768w, http:\/\/www.1010votropticien.com\/blog\/wp-content\/uploads\/2023\/05\/InShot_20230521_174521070-1536x1536.jpg 1536w, http:\/\/www.1010votropticien.com\/blog\/wp-content\/uploads\/2023\/05\/InShot_20230521_174521070-2048x2048.jpg 2048w, http:\/\/www.1010votropticien.com\/blog\/wp-content\/uploads\/2023\/05\/InShot_20230521_174521070-160x160.jpg 160w, http:\/\/www.1010votropticien.com\/blog\/wp-content\/uploads\/2023\/05\/InShot_20230521_174521070-240x240.jpg 240w, http:\/\/www.1010votropticien.com\/blog\/wp-content\/uploads\/2023\/05\/InShot_20230521_174521070-60x60.jpg 60w, http:\/\/www.1010votropticien.com\/blog\/wp-content\/uploads\/2023\/05\/InShot_20230521_174521070-184x184.jpg 184w, http:\/\/www.1010votropticien.com\/blog\/wp-content\/uploads\/2023\/05\/InShot_20230521_174521070-50x50.jpg 50w\" sizes=\"(max-width: 1024px) 100vw, 1024px\" \/><\/a><\/figure><\/li><li class=\"blocks-gallery-item\"><figure><a href=\"http:\/\/www.1010votropticien.com\/blog\/lunettes-de-vue\/xit-2\/inshot_20230521_174539316\/\"><img decoding=\"async\" loading=\"lazy\" width=\"1024\" height=\"1024\" src=\"http:\/\/www.1010votropticien.com\/blog\/wp-content\/uploads\/2023\/05\/InShot_20230521_174539316-1024x1024.jpg\" alt=\"\" data-id=\"11137\" data-full-url=\"http:\/\/www.1010votropticien.com\/blog\/wp-content\/uploads\/2023\/05\/InShot_20230521_174539316-scaled.jpg\" data-link=\"http:\/\/www.1010votropticien.com\/blog\/lunettes-de-vue\/xit-2\/inshot_20230521_174539316\/\" class=\"wp-image-11137\" srcset=\"http:\/\/www.1010votropticien.com\/blog\/wp-content\/uploads\/2023\/05\/InShot_20230521_174539316-1024x1024.jpg 1024w, http:\/\/www.1010votropticien.com\/blog\/wp-content\/uploads\/2023\/05\/InShot_20230521_174539316-300x300.jpg 300w, http:\/\/www.1010votropticien.com\/blog\/wp-content\/uploads\/2023\/05\/InShot_20230521_174539316-768x768.jpg 768w, http:\/\/www.1010votropticien.com\/blog\/wp-content\/uploads\/2023\/05\/InShot_20230521_174539316-1536x1536.jpg 1536w, http:\/\/www.1010votropticien.com\/blog\/wp-content\/uploads\/2023\/05\/InShot_20230521_174539316-2048x2048.jpg 2048w, http:\/\/www.1010votropticien.com\/blog\/wp-content\/uploads\/2023\/05\/InShot_20230521_174539316-160x160.jpg 160w, http:\/\/www.1010votropticien.com\/blog\/wp-content\/uploads\/2023\/05\/InShot_20230521_174539316-240x240.jpg 240w, http:\/\/www.1010votropticien.com\/blog\/wp-content\/uploads\/2023\/05\/InShot_20230521_174539316-60x60.jpg 60w, http:\/\/www.1010votropticien.com\/blog\/wp-content\/uploads\/2023\/05\/InShot_20230521_174539316-184x184.jpg 184w, http:\/\/www.1010votropticien.com\/blog\/wp-content\/uploads\/2023\/05\/InShot_20230521_174539316-50x50.jpg 50w\" sizes=\"(max-width: 1024px) 100vw, 1024px\" \/><\/a><\/figure><\/li><li class=\"blocks-gallery-item\"><figure><a href=\"http:\/\/www.1010votropticien.com\/blog\/lunettes-de-vue\/xit-2\/inshot_20230522_172604312\/\"><img decoding=\"async\" loading=\"lazy\" width=\"1024\" height=\"1024\" src=\"http:\/\/www.1010votropticien.com\/blog\/wp-content\/uploads\/2023\/05\/InShot_20230522_172604312-1024x1024.jpg\" alt=\"\" data-id=\"11138\" data-full-url=\"http:\/\/www.1010votropticien.com\/blog\/wp-content\/uploads\/2023\/05\/InShot_20230522_172604312-scaled.jpg\" data-link=\"http:\/\/www.1010votropticien.com\/blog\/lunettes-de-vue\/xit-2\/inshot_20230522_172604312\/\" class=\"wp-image-11138\" srcset=\"http:\/\/www.1010votropticien.com\/blog\/wp-content\/uploads\/2023\/05\/InShot_20230522_172604312-1024x1024.jpg 1024w, http:\/\/www.1010votropticien.com\/blog\/wp-content\/uploads\/2023\/05\/InShot_20230522_172604312-300x300.jpg 300w, http:\/\/www.1010votropticien.com\/blog\/wp-content\/uploads\/2023\/05\/InShot_20230522_172604312-768x768.jpg 768w, http:\/\/www.1010votropticien.com\/blog\/wp-content\/uploads\/2023\/05\/InShot_20230522_172604312-1536x1536.jpg 1536w, http:\/\/www.1010votropticien.com\/blog\/wp-content\/uploads\/2023\/05\/InShot_20230522_172604312-2048x2048.jpg 2048w, http:\/\/www.1010votropticien.com\/blog\/wp-content\/uploads\/2023\/05\/InShot_20230522_172604312-160x160.jpg 160w, http:\/\/www.1010votropticien.com\/blog\/wp-content\/uploads\/2023\/05\/InShot_20230522_172604312-240x240.jpg 240w, http:\/\/www.1010votropticien.com\/blog\/wp-content\/uploads\/2023\/05\/InShot_20230522_172604312-60x60.jpg 60w, http:\/\/www.1010votropticien.com\/blog\/wp-content\/uploads\/2023\/05\/InShot_20230522_172604312-184x184.jpg 184w, http:\/\/www.1010votropticien.com\/blog\/wp-content\/uploads\/2023\/05\/InShot_20230522_172604312-50x50.jpg 50w\" sizes=\"(max-width: 1024px) 100vw, 1024px\" \/><\/a><\/figure><\/li><li class=\"blocks-gallery-item\"><figure><a href=\"http:\/\/www.1010votropticien.com\/blog\/lunettes-de-vue\/xit-2\/inshot_20230522_172620041\/\"><img decoding=\"async\" loading=\"lazy\" width=\"1024\" height=\"1024\" src=\"http:\/\/www.1010votropticien.com\/blog\/wp-content\/uploads\/2023\/05\/InShot_20230522_172620041-1024x1024.jpg\" alt=\"\" data-id=\"11139\" data-full-url=\"http:\/\/www.1010votropticien.com\/blog\/wp-content\/uploads\/2023\/05\/InShot_20230522_172620041-scaled.jpg\" data-link=\"http:\/\/www.1010votropticien.com\/blog\/lunettes-de-vue\/xit-2\/inshot_20230522_172620041\/\" class=\"wp-image-11139\" srcset=\"http:\/\/www.1010votropticien.com\/blog\/wp-content\/uploads\/2023\/05\/InShot_20230522_172620041-1024x1024.jpg 1024w, http:\/\/www.1010votropticien.com\/blog\/wp-content\/uploads\/2023\/05\/InShot_20230522_172620041-300x300.jpg 300w, http:\/\/www.1010votropticien.com\/blog\/wp-content\/uploads\/2023\/05\/InShot_20230522_172620041-768x768.jpg 768w, http:\/\/www.1010votropticien.com\/blog\/wp-content\/uploads\/2023\/05\/InShot_20230522_172620041-1536x1536.jpg 1536w, http:\/\/www.1010votropticien.com\/blog\/wp-content\/uploads\/2023\/05\/InShot_20230522_172620041-2048x2048.jpg 2048w, http:\/\/www.1010votropticien.com\/blog\/wp-content\/uploads\/2023\/05\/InShot_20230522_172620041-160x160.jpg 160w, http:\/\/www.1010votropticien.com\/blog\/wp-content\/uploads\/2023\/05\/InShot_20230522_172620041-240x240.jpg 240w, http:\/\/www.1010votropticien.com\/blog\/wp-content\/uploads\/2023\/05\/InShot_20230522_172620041-60x60.jpg 60w, http:\/\/www.1010votropticien.com\/blog\/wp-content\/uploads\/2023\/05\/InShot_20230522_172620041-184x184.jpg 184w, http:\/\/www.1010votropticien.com\/blog\/wp-content\/uploads\/2023\/05\/InShot_20230522_172620041-50x50.jpg 50w\" sizes=\"(max-width: 1024px) 100vw, 1024px\" \/><\/a><\/figure><\/li><li class=\"blocks-gallery-item\"><figure><a href=\"http:\/\/www.1010votropticien.com\/blog\/lunettes-de-vue\/xit-2\/inshot_20230522_172634099\/\"><img decoding=\"async\" loading=\"lazy\" width=\"1024\" height=\"1024\" src=\"http:\/\/www.1010votropticien.com\/blog\/wp-content\/uploads\/2023\/05\/InShot_20230522_172634099-1024x1024.jpg\" alt=\"\" data-id=\"11140\" data-full-url=\"http:\/\/www.1010votropticien.com\/blog\/wp-content\/uploads\/2023\/05\/InShot_20230522_172634099-scaled.jpg\" data-link=\"http:\/\/www.1010votropticien.com\/blog\/lunettes-de-vue\/xit-2\/inshot_20230522_172634099\/\" class=\"wp-image-11140\" srcset=\"http:\/\/www.1010votropticien.com\/blog\/wp-content\/uploads\/2023\/05\/InShot_20230522_172634099-1024x1024.jpg 1024w, http:\/\/www.1010votropticien.com\/blog\/wp-content\/uploads\/2023\/05\/InShot_20230522_172634099-300x300.jpg 300w, http:\/\/www.1010votropticien.com\/blog\/wp-content\/uploads\/2023\/05\/InShot_20230522_172634099-768x768.jpg 768w, http:\/\/www.1010votropticien.com\/blog\/wp-content\/uploads\/2023\/05\/InShot_20230522_172634099-1536x1536.jpg 1536w, http:\/\/www.1010votropticien.com\/blog\/wp-content\/uploads\/2023\/05\/InShot_20230522_172634099-2048x2048.jpg 2048w, http:\/\/www.1010votropticien.com\/blog\/wp-content\/uploads\/2023\/05\/InShot_20230522_172634099-160x160.jpg 160w, http:\/\/www.1010votropticien.com\/blog\/wp-content\/uploads\/2023\/05\/InShot_20230522_172634099-240x240.jpg 240w, http:\/\/www.1010votropticien.com\/blog\/wp-content\/uploads\/2023\/05\/InShot_20230522_172634099-60x60.jpg 60w, http:\/\/www.1010votropticien.com\/blog\/wp-content\/uploads\/2023\/05\/InShot_20230522_172634099-184x184.jpg 184w, http:\/\/www.1010votropticien.com\/blog\/wp-content\/uploads\/2023\/05\/InShot_20230522_172634099-50x50.jpg 50w\" sizes=\"(max-width: 1024px) 100vw, 1024px\" \/><\/a><\/figure><\/li><li class=\"blocks-gallery-item\"><figure><a href=\"http:\/\/www.1010votropticien.com\/blog\/lunettes-de-vue\/xit-2\/inshot_20230522_172650119\/\"><img decoding=\"async\" loading=\"lazy\" width=\"1024\" height=\"1024\" src=\"http:\/\/www.1010votropticien.com\/blog\/wp-content\/uploads\/2023\/05\/InShot_20230522_172650119-1024x1024.jpg\" alt=\"\" data-id=\"11141\" data-full-url=\"http:\/\/www.1010votropticien.com\/blog\/wp-content\/uploads\/2023\/05\/InShot_20230522_172650119-scaled.jpg\" data-link=\"http:\/\/www.1010votropticien.com\/blog\/lunettes-de-vue\/xit-2\/inshot_20230522_172650119\/\" class=\"wp-image-11141\" srcset=\"http:\/\/www.1010votropticien.com\/blog\/wp-content\/uploads\/2023\/05\/InShot_20230522_172650119-1024x1024.jpg 1024w, http:\/\/www.1010votropticien.com\/blog\/wp-content\/uploads\/2023\/05\/InShot_20230522_172650119-300x300.jpg 300w, http:\/\/www.1010votropticien.com\/blog\/wp-content\/uploads\/2023\/05\/InShot_20230522_172650119-768x768.jpg 768w, http:\/\/www.1010votropticien.com\/blog\/wp-content\/uploads\/2023\/05\/InShot_20230522_172650119-1536x1536.jpg 1536w, http:\/\/www.1010votropticien.com\/blog\/wp-content\/uploads\/2023\/05\/InShot_20230522_172650119-2048x2048.jpg 2048w, http:\/\/www.1010votropticien.com\/blog\/wp-content\/uploads\/2023\/05\/InShot_20230522_172650119-160x160.jpg 160w, http:\/\/www.1010votropticien.com\/blog\/wp-content\/uploads\/2023\/05\/InShot_20230522_172650119-240x240.jpg 240w, http:\/\/www.1010votropticien.com\/blog\/wp-content\/uploads\/2023\/05\/InShot_20230522_172650119-60x60.jpg 60w, http:\/\/www.1010votropticien.com\/blog\/wp-content\/uploads\/2023\/05\/InShot_20230522_172650119-184x184.jpg 184w, http:\/\/www.1010votropticien.com\/blog\/wp-content\/uploads\/2023\/05\/InShot_20230522_172650119-50x50.jpg 50w\" sizes=\"(max-width: 1024px) 100vw, 1024px\" \/><\/a><\/figure><\/li><li class=\"blocks-gallery-item\"><figure><a href=\"http:\/\/www.1010votropticien.com\/blog\/lunettes-de-vue\/xit-2\/inshot_20230522_172703086\/\"><img decoding=\"async\" loading=\"lazy\" width=\"1024\" height=\"1024\" src=\"http:\/\/www.1010votropticien.com\/blog\/wp-content\/uploads\/2023\/05\/InShot_20230522_172703086-1024x1024.jpg\" alt=\"\" data-id=\"11142\" data-full-url=\"http:\/\/www.1010votropticien.com\/blog\/wp-content\/uploads\/2023\/05\/InShot_20230522_172703086-scaled.jpg\" data-link=\"http:\/\/www.1010votropticien.com\/blog\/lunettes-de-vue\/xit-2\/inshot_20230522_172703086\/\" class=\"wp-image-11142\" srcset=\"http:\/\/www.1010votropticien.com\/blog\/wp-content\/uploads\/2023\/05\/InShot_20230522_172703086-1024x1024.jpg 1024w, http:\/\/www.1010votropticien.com\/blog\/wp-content\/uploads\/2023\/05\/InShot_20230522_172703086-300x300.jpg 300w, http:\/\/www.1010votropticien.com\/blog\/wp-content\/uploads\/2023\/05\/InShot_20230522_172703086-768x768.jpg 768w, http:\/\/www.1010votropticien.com\/blog\/wp-content\/uploads\/2023\/05\/InShot_20230522_172703086-1536x1536.jpg 1536w, http:\/\/www.1010votropticien.com\/blog\/wp-content\/uploads\/2023\/05\/InShot_20230522_172703086-2048x2048.jpg 2048w, http:\/\/www.1010votropticien.com\/blog\/wp-content\/uploads\/2023\/05\/InShot_20230522_172703086-160x160.jpg 160w, http:\/\/www.1010votropticien.com\/blog\/wp-content\/uploads\/2023\/05\/InShot_20230522_172703086-240x240.jpg 240w, http:\/\/www.1010votropticien.com\/blog\/wp-content\/uploads\/2023\/05\/InShot_20230522_172703086-60x60.jpg 60w, http:\/\/www.1010votropticien.com\/blog\/wp-content\/uploads\/2023\/05\/InShot_20230522_172703086-184x184.jpg 184w, http:\/\/www.1010votropticien.com\/blog\/wp-content\/uploads\/2023\/05\/InShot_20230522_172703086-50x50.jpg 50w\" sizes=\"(max-width: 1024px) 100vw, 1024px\" \/><\/a><\/figure><\/li><li class=\"blocks-gallery-item\"><figure><a href=\"http:\/\/www.1010votropticien.com\/blog\/lunettes-de-vue\/xit-2\/inshot_20230522_172715220\/\"><img decoding=\"async\" loading=\"lazy\" width=\"1024\" height=\"1024\" src=\"http:\/\/www.1010votropticien.com\/blog\/wp-content\/uploads\/2023\/05\/InShot_20230522_172715220-1024x1024.jpg\" alt=\"\" data-id=\"11143\" data-full-url=\"http:\/\/www.1010votropticien.com\/blog\/wp-content\/uploads\/2023\/05\/InShot_20230522_172715220-scaled.jpg\" data-link=\"http:\/\/www.1010votropticien.com\/blog\/lunettes-de-vue\/xit-2\/inshot_20230522_172715220\/\" class=\"wp-image-11143\" srcset=\"http:\/\/www.1010votropticien.com\/blog\/wp-content\/uploads\/2023\/05\/InShot_20230522_172715220-1024x1024.jpg 1024w, http:\/\/www.1010votropticien.com\/blog\/wp-content\/uploads\/2023\/05\/InShot_20230522_172715220-300x300.jpg 300w, http:\/\/www.1010votropticien.com\/blog\/wp-content\/uploads\/2023\/05\/InShot_20230522_172715220-768x768.jpg 768w, http:\/\/www.1010votropticien.com\/blog\/wp-content\/uploads\/2023\/05\/InShot_20230522_172715220-1536x1536.jpg 1536w, http:\/\/www.1010votropticien.com\/blog\/wp-content\/uploads\/2023\/05\/InShot_20230522_172715220-2048x2048.jpg 2048w, http:\/\/www.1010votropticien.com\/blog\/wp-content\/uploads\/2023\/05\/InShot_20230522_172715220-160x160.jpg 160w, http:\/\/www.1010votropticien.com\/blog\/wp-content\/uploads\/2023\/05\/InShot_20230522_172715220-240x240.jpg 240w, http:\/\/www.1010votropticien.com\/blog\/wp-content\/uploads\/2023\/05\/InShot_20230522_172715220-60x60.jpg 60w, http:\/\/www.1010votropticien.com\/blog\/wp-content\/uploads\/2023\/05\/InShot_20230522_172715220-184x184.jpg 184w, http:\/\/www.1010votropticien.com\/blog\/wp-content\/uploads\/2023\/05\/InShot_20230522_172715220-50x50.jpg 50w\" sizes=\"(max-width: 1024px) 100vw, 1024px\" \/><\/a><\/figure><\/li><\/ul><\/figure>\n\n\n<h3>&nbsp;<\/h3>\n<h4>La collection <span style=\"color: #ff0000;\">XIT<\/span> \u00e9pouse un<span style=\"color: #ff0000;\"> style<\/span> bien \u00e0 elle, <span style=\"color: #ff0000;\">branch\u00e9<\/span> sans pour autant suivre la mode standard, <span style=\"color: #ff0000;\">original<\/span> et <span style=\"color: #ff0000;\">non-conventionnel<\/span> qui se d\u00e9compose en plusieurs axes principaux.<\/h4>\n<h4>La <span style=\"color: #ff0000;\">marque<\/span> r\u00e9vise ses classiques de l&rsquo;alg\u00e8bre, jouant avec les<span style=\"color: #ff0000;\"> formes g\u00e9om\u00e9triques<\/span> sur ses montures en <span style=\"color: #ff0000;\">m\u00e9tal<\/span> et <span style=\"color: #ff0000;\">ac\u00e9tate<\/span> qui elles s&rsquo;habillent de <span style=\"color: #ff0000;\">couleurs acidul\u00e9es<\/span> et d&rsquo;<span style=\"color: #ff0000;\">\u00e9cailles<\/span>.<\/h4>\n<h4>Les <span style=\"color: #ff0000;\">FREAKS<\/span>&nbsp;aujourd&rsquo;hui devenues des pi\u00e8ces <span style=\"color: #ff0000;\">\u00ab\u00a0collectors\u00a0\u00bb<\/span> en ac\u00e9tate, se distinguent du reste de la ligne par leur <span style=\"color: #ff0000;\">c\u00e9l\u00e8bre asym\u00e9trie<\/span> entre l\u2019\u0153il gauche et l\u2019\u0153il droit; une m\u00eame face pr\u00e9sente <span style=\"color: #ff0000;\">un \u0153il rond et un \u0153il carr\u00e9<\/span>, rien que \u00e7a!<\/h4>\n<h4>Les <span style=\"color: #ff0000;\">COMBOS<\/span> sont <span style=\"color: #ff0000;\">bicolores<\/span> et mixent avec finesse l&rsquo;<span style=\"color: #ff0000;\">ac\u00e9tate<\/span> au <span style=\"color: #ff0000;\">m\u00e9tal<\/span>.<\/h4>\n<h4><span style=\"color: #ff0000;\">La marque XIT interpelle ceux qui osent<\/span>.&nbsp;<\/h4>\n<h5>&nbsp;<\/h5>","protected":false},"excerpt":{"rendered":"<p>Voici un petit aper\u00e7u des mod\u00e8les de la collection XIT &#8230; Venez vite en magasin les essayer et d\u00e9couvrir d&rsquo;autres mod\u00e8les! &nbsp; La collection XIT \u00e9pouse un style bien \u00e0 elle, branch\u00e9 sans pour autant suivre la mode standard, original et non-conventionnel qui se d\u00e9compose en plusieurs axes principaux. La marque r\u00e9vise ses classiques de [&hellip;]<\/p>\n","protected":false},"author":4,"featured_media":0,"parent":1290,"menu_order":0,"comment_status":"closed","ping_status":"closed","template":"","meta":{"ngg_post_thumbnail":0},"_links":{"self":[{"href":"http:\/\/www.1010votropticien.com\/blog\/wp-json\/wp\/v2\/pages\/5743"}],"collection":[{"href":"http:\/\/www.1010votropticien.com\/blog\/wp-json\/wp\/v2\/pages"}],"about":[{"href":"http:\/\/www.1010votropticien.com\/blog\/wp-json\/wp\/v2\/types\/page"}],"author":[{"embeddable":true,"href":"http:\/\/www.1010votropticien.com\/blog\/wp-json\/wp\/v2\/users\/4"}],"replies":[{"embeddable":true,"href":"http:\/\/www.1010votropticien.com\/blog\/wp-json\/wp\/v2\/comments?post=5743"}],"version-history":[{"count":1,"href":"http:\/\/www.1010votropticien.com\/blog\/wp-json\/wp\/v2\/pages\/5743\/revisions"}],"predecessor-version":[{"id":11144,"href":"http:\/\/www.1010votropticien.com\/blog\/wp-json\/wp\/v2\/pages\/5743\/revisions\/11144"}],"up":[{"embeddable":true,"href":"http:\/\/www.1010votropticien.com\/blog\/wp-json\/wp\/v2\/pages\/1290"}],"wp:attachment":[{"href":"http:\/\/www.1010votropticien.com\/blog\/wp-json\/wp\/v2\/media?parent=5743"}],"curies":[{"name":"wp","href":"https:\/\/api.w.org\/{rel}","templated":true}]}}