{"id":57,"date":"2009-08-28T17:36:52","date_gmt":"2009-08-28T16:36:52","guid":{"rendered":"http:\/\/www.1010votropticien.com\/blog\/?page_id=57"},"modified":"2021-01-07T18:11:33","modified_gmt":"2021-01-07T17:11:33","slug":"galerie-police","status":"publish","type":"page","link":"http:\/\/www.1010votropticien.com\/blog\/lunettes-de-vue\/galerie-police\/","title":{"rendered":"Police"},"content":{"rendered":"<h3 style=\"text-align: justify;\">Voici un petit aper\u00e7u des mod\u00e8les de la collection Police &#8230; Venez vite en magasin les essayer et d\u00e9couvrir d&rsquo;autres mod\u00e8les!<\/h3>\n<p>&nbsp;<\/p>\n\n\t\t<style type=\"text\/css\">\n\t\t\t#gallery-1 {\n\t\t\t\tmargin: auto;\n\t\t\t}\n\t\t\t#gallery-1 .gallery-item {\n\t\t\t\tfloat: left;\n\t\t\t\tmargin-top: 10px;\n\t\t\t\ttext-align: center;\n\t\t\t\twidth: 33%;\n\t\t\t}\n\t\t\t#gallery-1 img {\n\t\t\t\tborder: 2px solid #cfcfcf;\n\t\t\t}\n\t\t\t#gallery-1 .gallery-caption {\n\t\t\t\tmargin-left: 0;\n\t\t\t}\n\t\t\t\/* see gallery_shortcode() in wp-includes\/media.php *\/\n\t\t<\/style>\n\t\t<div id='gallery-1' class='gallery galleryid-57 gallery-columns-3 gallery-size-thumbnail'><dl class='gallery-item'>\n\t\t\t<dt class='gallery-icon landscape'>\n\t\t\t\t<a href='http:\/\/www.1010votropticien.com\/blog\/lunettes-de-vue\/galerie-police\/police-vk058-optique-1010-faches-thumesnil-15636\/'><img width=\"293\" height=\"200\" src=\"http:\/\/www.1010votropticien.com\/blog\/wp-content\/uploads\/2021\/01\/POLICE-VK058-OPTIQUE-1010-FACHES-THUMESNIL-15636-293x200.jpg\" class=\"attachment-thumbnail size-thumbnail\" alt=\"POLICE VK058 OPTIQUE 1010 FACHES THUMESNIL 15636\" decoding=\"async\" loading=\"lazy\" aria-describedby=\"gallery-1-9029\" \/><\/a>\n\t\t\t<\/dt>\n\t\t\t\t<dd class='wp-caption-text gallery-caption' id='gallery-1-9029'>\n\t\t\t\tPOLICE VK058 OPTIQUE 1010 FACHES THUMESNIL 15636\n\t\t\t\t<\/dd><\/dl><dl class='gallery-item'>\n\t\t\t<dt class='gallery-icon landscape'>\n\t\t\t\t<a href='http:\/\/www.1010votropticien.com\/blog\/lunettes-de-vue\/galerie-police\/police-vk058-f-optique-1010-faches-thumesnil-15636\/'><img width=\"293\" height=\"200\" src=\"http:\/\/www.1010votropticien.com\/blog\/wp-content\/uploads\/2021\/01\/POLICE-VK058-F-OPTIQUE-1010-FACHES-THUMESNIL-15636-293x200.jpg\" class=\"attachment-thumbnail size-thumbnail\" alt=\"POLICE VK058-F OPTIQUE 1010 FACHES THUMESNIL 15636\" decoding=\"async\" loading=\"lazy\" aria-describedby=\"gallery-1-9031\" \/><\/a>\n\t\t\t<\/dt>\n\t\t\t\t<dd class='wp-caption-text gallery-caption' id='gallery-1-9031'>\n\t\t\t\tPOLICE VK058-F OPTIQUE 1010 FACHES THUMESNIL 15636\n\t\t\t\t<\/dd><\/dl><dl class='gallery-item'>\n\t\t\t<dt class='gallery-icon landscape'>\n\t\t\t\t<a href='http:\/\/www.1010votropticien.com\/blog\/lunettes-de-vue\/galerie-police\/police-vk084-optique-1010-faches-thumesnil-17681\/'><img width=\"293\" height=\"200\" src=\"http:\/\/www.1010votropticien.com\/blog\/wp-content\/uploads\/2021\/01\/POLICE-VK084-OPTIQUE-1010-FACHES-THUMESNIL-17681-293x200.jpg\" class=\"attachment-thumbnail size-thumbnail\" alt=\"POLICE VK084 OPTIQUE 1010 FACHES THUMESNIL 17681\" decoding=\"async\" loading=\"lazy\" aria-describedby=\"gallery-1-9032\" \/><\/a>\n\t\t\t<\/dt>\n\t\t\t\t<dd class='wp-caption-text gallery-caption' id='gallery-1-9032'>\n\t\t\t\tPOLICE VK084 OPTIQUE 1010 FACHES THUMESNIL 17681\n\t\t\t\t<\/dd><\/dl><br style=\"clear: both\" \/><dl class='gallery-item'>\n\t\t\t<dt class='gallery-icon landscape'>\n\t\t\t\t<a href='http:\/\/www.1010votropticien.com\/blog\/lunettes-de-vue\/galerie-police\/police-vpl698-optique-1010-faches-thumesnil-15707\/'><img width=\"293\" height=\"200\" src=\"http:\/\/www.1010votropticien.com\/blog\/wp-content\/uploads\/2021\/01\/POLICE-VPL698-OPTIQUE-1010-FACHES-THUMESNIL-15707-293x200.jpg\" class=\"attachment-thumbnail size-thumbnail\" alt=\"POLICE VPL698 OPTIQUE 1010 FACHES THUMESNIL 15707\" decoding=\"async\" loading=\"lazy\" aria-describedby=\"gallery-1-9033\" \/><\/a>\n\t\t\t<\/dt>\n\t\t\t\t<dd class='wp-caption-text gallery-caption' id='gallery-1-9033'>\n\t\t\t\tPOLICE VPL698 OPTIQUE 1010 FACHES THUMESNIL 15707\n\t\t\t\t<\/dd><\/dl><dl class='gallery-item'>\n\t\t\t<dt class='gallery-icon landscape'>\n\t\t\t\t<a href='http:\/\/www.1010votropticien.com\/blog\/lunettes-de-vue\/galerie-police\/police-vpl698-f-optique-1010-faches-thumesnil-15707\/'><img width=\"293\" height=\"200\" src=\"http:\/\/www.1010votropticien.com\/blog\/wp-content\/uploads\/2021\/01\/POLICE-VPL698-F-OPTIQUE-1010-FACHES-THUMESNIL-15707-293x200.jpg\" class=\"attachment-thumbnail size-thumbnail\" alt=\"POLICE VPL698-F OPTIQUE 1010 FACHES THUMESNIL 15707\" decoding=\"async\" loading=\"lazy\" aria-describedby=\"gallery-1-9034\" \/><\/a>\n\t\t\t<\/dt>\n\t\t\t\t<dd class='wp-caption-text gallery-caption' id='gallery-1-9034'>\n\t\t\t\tPOLICE VPL698-F OPTIQUE 1010 FACHES THUMESNIL 15707\n\t\t\t\t<\/dd><\/dl><dl class='gallery-item'>\n\t\t\t<dt class='gallery-icon landscape'>\n\t\t\t\t<a href='http:\/\/www.1010votropticien.com\/blog\/lunettes-de-vue\/galerie-police\/police-vpl838-optique-1010-faches-thumesnil-16820\/'><img width=\"293\" height=\"200\" src=\"http:\/\/www.1010votropticien.com\/blog\/wp-content\/uploads\/2021\/01\/POLICE-VPL838-OPTIQUE-1010-FACHES-THUMESNIL-16820-293x200.jpg\" class=\"attachment-thumbnail size-thumbnail\" alt=\"POLICE VPL838 OPTIQUE 1010 FACHES THUMESNIL 16820\" decoding=\"async\" loading=\"lazy\" aria-describedby=\"gallery-1-9035\" \/><\/a>\n\t\t\t<\/dt>\n\t\t\t\t<dd class='wp-caption-text gallery-caption' id='gallery-1-9035'>\n\t\t\t\tPOLICE VPL838 OPTIQUE 1010 FACHES THUMESNIL 16820\n\t\t\t\t<\/dd><\/dl><br style=\"clear: both\" \/><dl class='gallery-item'>\n\t\t\t<dt class='gallery-icon landscape'>\n\t\t\t\t<a href='http:\/\/www.1010votropticien.com\/blog\/lunettes-de-vue\/galerie-police\/police-vpl838-optique-1010-faches-thumesnil-17669\/'><img width=\"293\" height=\"200\" src=\"http:\/\/www.1010votropticien.com\/blog\/wp-content\/uploads\/2021\/01\/POLICE-VPL838-OPTIQUE-1010-FACHES-THUMESNIL-17669-293x200.jpg\" class=\"attachment-thumbnail size-thumbnail\" alt=\"POLICE VPL838 OPTIQUE 1010 FACHES THUMESNIL 17669\" decoding=\"async\" loading=\"lazy\" aria-describedby=\"gallery-1-9036\" \/><\/a>\n\t\t\t<\/dt>\n\t\t\t\t<dd class='wp-caption-text gallery-caption' id='gallery-1-9036'>\n\t\t\t\tPOLICE VPL838 OPTIQUE 1010 FACHES THUMESNIL 17669\n\t\t\t\t<\/dd><\/dl><dl class='gallery-item'>\n\t\t\t<dt class='gallery-icon landscape'>\n\t\t\t\t<a href='http:\/\/www.1010votropticien.com\/blog\/lunettes-de-vue\/galerie-police\/police-vpl838-f-optique-1010-faches-thumesnil-17669\/'><img width=\"293\" height=\"200\" src=\"http:\/\/www.1010votropticien.com\/blog\/wp-content\/uploads\/2021\/01\/POLICE-VPL838-F-OPTIQUE-1010-FACHES-THUMESNIL-17669-293x200.jpg\" class=\"attachment-thumbnail size-thumbnail\" alt=\"POLICE VPL838-F OPTIQUE 1010 FACHES THUMESNIL 17669\" decoding=\"async\" loading=\"lazy\" aria-describedby=\"gallery-1-9037\" \/><\/a>\n\t\t\t<\/dt>\n\t\t\t\t<dd class='wp-caption-text gallery-caption' id='gallery-1-9037'>\n\t\t\t\tPOLICE VPL838-F OPTIQUE 1010 FACHES THUMESNIL 17669\n\t\t\t\t<\/dd><\/dl>\n\t\t\t<br style='clear: both' \/>\n\t\t<\/div>\n\n<h4><span style=\"color: #ff0000;\">Police<\/span> : une <span style=\"color: #ff0000;\">marque italienne ind\u00e9pendante<\/span> au <span style=\"color: #ff0000;\">style embl\u00e9matique<\/span> et<span style=\"color: #ff0000;\"> intransigeant<\/span>.<\/h4>\n<h4>Depuis les ann\u00e9es 80, Police \u00e9tait synonyme de <span style=\"color: #ff0000;\">libert\u00e9<\/span> et d&rsquo;<span style=\"color: #ff0000;\">esprit urbain<\/span>.<\/h4>\n<h4>Aujourd&rsquo;hui, la marque vise les <span style=\"color: #ff0000;\">rebelles contemporains<\/span> : les jeunes qui veulent marquer le monde dans lequel ils vivent, \u00e0 travers leurs <span style=\"color: #ff0000;\">choix<\/span> et leur d\u00e9sir de s&rsquo;<span style=\"color: #ff0000;\">exprimer<\/span>.<\/h4>\n<h5>&nbsp;<\/h5>\n","protected":false},"excerpt":{"rendered":"<p>Voici un petit aper\u00e7u des mod\u00e8les de la collection Police &#8230; Venez vite en magasin les essayer et d\u00e9couvrir d&rsquo;autres mod\u00e8les! &nbsp; Police : une marque italienne ind\u00e9pendante au style embl\u00e9matique et intransigeant. Depuis les ann\u00e9es 80, Police \u00e9tait synonyme de libert\u00e9 et d&rsquo;esprit urbain. Aujourd&rsquo;hui, la marque vise les rebelles contemporains : les jeunes [&hellip;]<\/p>\n","protected":false},"author":1,"featured_media":0,"parent":1290,"menu_order":43,"comment_status":"open","ping_status":"closed","template":"","meta":{"ngg_post_thumbnail":0},"_links":{"self":[{"href":"http:\/\/www.1010votropticien.com\/blog\/wp-json\/wp\/v2\/pages\/57"}],"collection":[{"href":"http:\/\/www.1010votropticien.com\/blog\/wp-json\/wp\/v2\/pages"}],"about":[{"href":"http:\/\/www.1010votropticien.com\/blog\/wp-json\/wp\/v2\/types\/page"}],"author":[{"embeddable":true,"href":"http:\/\/www.1010votropticien.com\/blog\/wp-json\/wp\/v2\/users\/1"}],"replies":[{"embeddable":true,"href":"http:\/\/www.1010votropticien.com\/blog\/wp-json\/wp\/v2\/comments?post=57"}],"version-history":[{"count":2,"href":"http:\/\/www.1010votropticien.com\/blog\/wp-json\/wp\/v2\/pages\/57\/revisions"}],"predecessor-version":[{"id":9038,"href":"http:\/\/www.1010votropticien.com\/blog\/wp-json\/wp\/v2\/pages\/57\/revisions\/9038"}],"up":[{"embeddable":true,"href":"http:\/\/www.1010votropticien.com\/blog\/wp-json\/wp\/v2\/pages\/1290"}],"wp:attachment":[{"href":"http:\/\/www.1010votropticien.com\/blog\/wp-json\/wp\/v2\/media?parent=57"}],"curies":[{"name":"wp","href":"https:\/\/api.w.org\/{rel}","templated":true}]}}