{"id":5610,"date":"2015-12-18T20:27:37","date_gmt":"2015-12-18T19:27:37","guid":{"rendered":"http:\/\/www.1010votropticien.com\/blog\/?page_id=5610"},"modified":"2018-11-15T17:44:21","modified_gmt":"2018-11-15T16:44:21","slug":"epos","status":"publish","type":"page","link":"http:\/\/www.1010votropticien.com\/blog\/lunettes-de-vue\/epos\/","title":{"rendered":"Epos"},"content":{"rendered":"<h3>Voici un petit aper\u00e7u des mod\u00e8les de la collection Epos &#8230; Venez vite en magasin les essayer et d\u00e9couvrir d&rsquo;autres mod\u00e8les!<\/h3>\n<h4>&nbsp;<\/h4>\n<div id=\"attachment_7691\" style=\"width: 310px\" class=\"wp-caption alignleft\"><img aria-describedby=\"caption-attachment-7691\" decoding=\"async\" loading=\"lazy\" class=\"size-medium wp-image-7691\" src=\"http:\/\/www.1010votropticien.com\/blog\/wp-content\/uploads\/2018\/11\/DSC_0056-1-300x199.jpg\" alt=\"EPOS OPTIQUE 10\/10 FACHES THUMESNIL\" width=\"300\" height=\"199\"><p id=\"caption-attachment-7691\" class=\"wp-caption-text\">EPOS OPTIQUE 10\/10 FACHES THUMESNIL<\/p><\/div>\n<div id=\"attachment_7692\" style=\"width: 310px\" class=\"wp-caption alignleft\"><img aria-describedby=\"caption-attachment-7692\" decoding=\"async\" loading=\"lazy\" class=\"size-medium wp-image-7692\" src=\"http:\/\/www.1010votropticien.com\/blog\/wp-content\/uploads\/2018\/11\/DSC_0057-1-300x199.jpg\" alt=\"EPOS OPTIQUE 10\/10 FACHES THUMESNIL\" width=\"300\" height=\"199\" srcset=\"http:\/\/www.1010votropticien.com\/blog\/wp-content\/uploads\/2018\/11\/DSC_0057-1-300x199.jpg 300w, http:\/\/www.1010votropticien.com\/blog\/wp-content\/uploads\/2018\/11\/DSC_0057-1-768x509.jpg 768w, http:\/\/www.1010votropticien.com\/blog\/wp-content\/uploads\/2018\/11\/DSC_0057-1-1024x679.jpg 1024w, http:\/\/www.1010votropticien.com\/blog\/wp-content\/uploads\/2018\/11\/DSC_0057-1-321x214.jpg 321w, http:\/\/www.1010votropticien.com\/blog\/wp-content\/uploads\/2018\/11\/DSC_0057-1-207x136.jpg 207w, http:\/\/www.1010votropticien.com\/blog\/wp-content\/uploads\/2018\/11\/DSC_0057-1-140x94.jpg 140w\" sizes=\"(max-width: 300px) 100vw, 300px\" \/><p id=\"caption-attachment-7692\" class=\"wp-caption-text\">EPOS OPTIQUE 10\/10 FACHES THUMESNIL<\/p><\/div>\n<div id=\"attachment_7693\" style=\"width: 310px\" class=\"wp-caption alignleft\"><img aria-describedby=\"caption-attachment-7693\" decoding=\"async\" loading=\"lazy\" class=\"size-medium wp-image-7693\" src=\"http:\/\/www.1010votropticien.com\/blog\/wp-content\/uploads\/2018\/11\/DSC_0058-1-300x199.jpg\" alt=\"EPOS OPTIQUE 10\/10 FACHES THUMESNIL\" width=\"300\" height=\"199\" srcset=\"http:\/\/www.1010votropticien.com\/blog\/wp-content\/uploads\/2018\/11\/DSC_0058-1-300x199.jpg 300w, http:\/\/www.1010votropticien.com\/blog\/wp-content\/uploads\/2018\/11\/DSC_0058-1-768x509.jpg 768w, http:\/\/www.1010votropticien.com\/blog\/wp-content\/uploads\/2018\/11\/DSC_0058-1-1024x679.jpg 1024w, http:\/\/www.1010votropticien.com\/blog\/wp-content\/uploads\/2018\/11\/DSC_0058-1-321x214.jpg 321w, http:\/\/www.1010votropticien.com\/blog\/wp-content\/uploads\/2018\/11\/DSC_0058-1-207x136.jpg 207w, http:\/\/www.1010votropticien.com\/blog\/wp-content\/uploads\/2018\/11\/DSC_0058-1-140x94.jpg 140w\" sizes=\"(max-width: 300px) 100vw, 300px\" \/><p id=\"caption-attachment-7693\" class=\"wp-caption-text\">EPOS OPTIQUE 10\/10 FACHES THUMESNIL<\/p><\/div>\n<div id=\"attachment_7694\" style=\"width: 310px\" class=\"wp-caption alignleft\"><img aria-describedby=\"caption-attachment-7694\" decoding=\"async\" loading=\"lazy\" class=\"size-medium wp-image-7694\" src=\"http:\/\/www.1010votropticien.com\/blog\/wp-content\/uploads\/2018\/11\/DSC_0059-1-300x199.jpg\" alt=\"EPOS OPTIQUE 10\/10 FACHES THUMESNIL\" width=\"300\" height=\"199\" srcset=\"http:\/\/www.1010votropticien.com\/blog\/wp-content\/uploads\/2018\/11\/DSC_0059-1-300x199.jpg 300w, http:\/\/www.1010votropticien.com\/blog\/wp-content\/uploads\/2018\/11\/DSC_0059-1-768x509.jpg 768w, http:\/\/www.1010votropticien.com\/blog\/wp-content\/uploads\/2018\/11\/DSC_0059-1-1024x679.jpg 1024w, http:\/\/www.1010votropticien.com\/blog\/wp-content\/uploads\/2018\/11\/DSC_0059-1-321x214.jpg 321w, http:\/\/www.1010votropticien.com\/blog\/wp-content\/uploads\/2018\/11\/DSC_0059-1-207x136.jpg 207w, http:\/\/www.1010votropticien.com\/blog\/wp-content\/uploads\/2018\/11\/DSC_0059-1-140x94.jpg 140w\" sizes=\"(max-width: 300px) 100vw, 300px\" \/><p id=\"caption-attachment-7694\" class=\"wp-caption-text\">EPOS OPTIQUE 10\/10 FACHES THUMESNIL<\/p><\/div>\n<div id=\"attachment_7695\" style=\"width: 310px\" class=\"wp-caption alignleft\"><img aria-describedby=\"caption-attachment-7695\" decoding=\"async\" loading=\"lazy\" class=\"size-medium wp-image-7695\" src=\"http:\/\/www.1010votropticien.com\/blog\/wp-content\/uploads\/2018\/11\/DSC_0060-1-300x199.jpg\" alt=\"EPOS OPTIQUE 10\/10 FACHES THUMESNIL\" width=\"300\" height=\"199\" srcset=\"http:\/\/www.1010votropticien.com\/blog\/wp-content\/uploads\/2018\/11\/DSC_0060-1-300x199.jpg 300w, http:\/\/www.1010votropticien.com\/blog\/wp-content\/uploads\/2018\/11\/DSC_0060-1-768x509.jpg 768w, http:\/\/www.1010votropticien.com\/blog\/wp-content\/uploads\/2018\/11\/DSC_0060-1-1024x679.jpg 1024w, http:\/\/www.1010votropticien.com\/blog\/wp-content\/uploads\/2018\/11\/DSC_0060-1-321x214.jpg 321w, http:\/\/www.1010votropticien.com\/blog\/wp-content\/uploads\/2018\/11\/DSC_0060-1-207x136.jpg 207w, http:\/\/www.1010votropticien.com\/blog\/wp-content\/uploads\/2018\/11\/DSC_0060-1-140x94.jpg 140w\" sizes=\"(max-width: 300px) 100vw, 300px\" \/><p id=\"caption-attachment-7695\" class=\"wp-caption-text\">EPOS OPTIQUE 10\/10 FACHES THUMESNIL<\/p><\/div>\n<div id=\"attachment_7696\" style=\"width: 310px\" class=\"wp-caption alignleft\"><img aria-describedby=\"caption-attachment-7696\" decoding=\"async\" loading=\"lazy\" class=\"size-medium wp-image-7696\" src=\"http:\/\/www.1010votropticien.com\/blog\/wp-content\/uploads\/2018\/11\/DSC_0061-1-300x199.jpg\" alt=\"EPOS OPTIQUE 10\/10 FACHES THUMESNIL\" width=\"300\" height=\"199\" srcset=\"http:\/\/www.1010votropticien.com\/blog\/wp-content\/uploads\/2018\/11\/DSC_0061-1-300x199.jpg 300w, http:\/\/www.1010votropticien.com\/blog\/wp-content\/uploads\/2018\/11\/DSC_0061-1-768x509.jpg 768w, http:\/\/www.1010votropticien.com\/blog\/wp-content\/uploads\/2018\/11\/DSC_0061-1-1024x679.jpg 1024w, http:\/\/www.1010votropticien.com\/blog\/wp-content\/uploads\/2018\/11\/DSC_0061-1-321x214.jpg 321w, http:\/\/www.1010votropticien.com\/blog\/wp-content\/uploads\/2018\/11\/DSC_0061-1-207x136.jpg 207w, http:\/\/www.1010votropticien.com\/blog\/wp-content\/uploads\/2018\/11\/DSC_0061-1-140x94.jpg 140w\" sizes=\"(max-width: 300px) 100vw, 300px\" \/><p id=\"caption-attachment-7696\" class=\"wp-caption-text\">EPOS OPTIQUE 10\/10 FACHES THUMESNIL<\/p><\/div>\n<div id=\"attachment_7697\" style=\"width: 310px\" class=\"wp-caption alignleft\"><img aria-describedby=\"caption-attachment-7697\" decoding=\"async\" loading=\"lazy\" class=\"size-medium wp-image-7697\" src=\"http:\/\/www.1010votropticien.com\/blog\/wp-content\/uploads\/2018\/11\/DSC_0062-1-300x199.jpg\" alt=\"EPOS OPTIQUE 10\/10 FACHES THUMESNIL\" width=\"300\" height=\"199\" srcset=\"http:\/\/www.1010votropticien.com\/blog\/wp-content\/uploads\/2018\/11\/DSC_0062-1-300x199.jpg 300w, http:\/\/www.1010votropticien.com\/blog\/wp-content\/uploads\/2018\/11\/DSC_0062-1-768x509.jpg 768w, http:\/\/www.1010votropticien.com\/blog\/wp-content\/uploads\/2018\/11\/DSC_0062-1-1024x679.jpg 1024w, http:\/\/www.1010votropticien.com\/blog\/wp-content\/uploads\/2018\/11\/DSC_0062-1-321x214.jpg 321w, http:\/\/www.1010votropticien.com\/blog\/wp-content\/uploads\/2018\/11\/DSC_0062-1-207x136.jpg 207w, http:\/\/www.1010votropticien.com\/blog\/wp-content\/uploads\/2018\/11\/DSC_0062-1-140x94.jpg 140w\" sizes=\"(max-width: 300px) 100vw, 300px\" \/><p id=\"caption-attachment-7697\" class=\"wp-caption-text\">EPOS OPTIQUE 10\/10 FACHES THUMESNIL<\/p><\/div>\n<div id=\"attachment_7698\" style=\"width: 310px\" class=\"wp-caption alignleft\"><img aria-describedby=\"caption-attachment-7698\" decoding=\"async\" loading=\"lazy\" class=\"size-medium wp-image-7698\" src=\"http:\/\/www.1010votropticien.com\/blog\/wp-content\/uploads\/2018\/11\/DSC_0063-1-300x199.jpg\" alt=\"EPOS OPTIQUE 10\/10 FACHES THUMESNIL\" width=\"300\" height=\"199\" srcset=\"http:\/\/www.1010votropticien.com\/blog\/wp-content\/uploads\/2018\/11\/DSC_0063-1-300x199.jpg 300w, http:\/\/www.1010votropticien.com\/blog\/wp-content\/uploads\/2018\/11\/DSC_0063-1-768x509.jpg 768w, http:\/\/www.1010votropticien.com\/blog\/wp-content\/uploads\/2018\/11\/DSC_0063-1-1024x679.jpg 1024w, http:\/\/www.1010votropticien.com\/blog\/wp-content\/uploads\/2018\/11\/DSC_0063-1-321x214.jpg 321w, http:\/\/www.1010votropticien.com\/blog\/wp-content\/uploads\/2018\/11\/DSC_0063-1-207x136.jpg 207w, http:\/\/www.1010votropticien.com\/blog\/wp-content\/uploads\/2018\/11\/DSC_0063-1-140x94.jpg 140w\" sizes=\"(max-width: 300px) 100vw, 300px\" \/><p id=\"caption-attachment-7698\" class=\"wp-caption-text\">EPOS OPTIQUE 10\/10 FACHES THUMESNIL<\/p><\/div>\n<h4 style=\"text-align: justify;\">Collection <span style=\"color: #ff0000;\">hyper tendance<\/span> qu&rsquo;il faut absolument essayer!!&nbsp;Lunettes <span style=\"color: #ff0000;\">fabriqu\u00e9es \u00e0 la main<\/span> en <span style=\"color: #ff0000;\">Italie<\/span>, <span style=\"color: #ff0000;\">prix tr\u00e8s raisonnables<\/span> mais tr\u00e8s <span style=\"color: #ff0000;\">qualitatives<\/span>!<\/h4>\n<p>&nbsp;<\/p>\n<h4 style=\"text-align: justify;\"><span style=\"color: #ff0000;\">R\u00e9tro<\/span> <span style=\"color: #ff0000;\">chic<\/span>, mod\u00e8les <span style=\"color: #ff0000;\">hommes<\/span> ou<span style=\"color: #ff0000;\"> femmes<\/span>, <span style=\"color: #ff0000;\">noir<\/span>, <span style=\"color: #ff0000;\">\u00e9caille<\/span>, avec parfois m\u00eame un<span style=\"color: #ff0000;\"> clip solaire polaris\u00e9<\/span> adapt\u00e9 &#8230; &nbsp;On ADORE &#8230;<\/h4>\n<p>&nbsp;<\/p>\n<h5><a href=\"http:\/\/www.eposmilano.com\/\" target=\"_blank\" rel=\"noopener\"><span style=\"color: #ff6600;\">Retrouvez ici l&rsquo;univers d&rsquo;Epos<\/span><\/a><\/h5>\n","protected":false},"excerpt":{"rendered":"<p>Voici un petit aper\u00e7u des mod\u00e8les de la collection Epos &#8230; Venez vite en magasin les essayer et d\u00e9couvrir d&rsquo;autres mod\u00e8les! &nbsp; Collection hyper tendance qu&rsquo;il faut absolument essayer!!&nbsp;Lunettes fabriqu\u00e9es \u00e0 la main en Italie, prix tr\u00e8s raisonnables mais tr\u00e8s qualitatives! &nbsp; R\u00e9tro chic, mod\u00e8les hommes ou femmes, noir, \u00e9caille, avec parfois m\u00eame un clip [&hellip;]<\/p>\n","protected":false},"author":4,"featured_media":0,"parent":1290,"menu_order":0,"comment_status":"closed","ping_status":"closed","template":"","meta":{"ngg_post_thumbnail":0},"_links":{"self":[{"href":"http:\/\/www.1010votropticien.com\/blog\/wp-json\/wp\/v2\/pages\/5610"}],"collection":[{"href":"http:\/\/www.1010votropticien.com\/blog\/wp-json\/wp\/v2\/pages"}],"about":[{"href":"http:\/\/www.1010votropticien.com\/blog\/wp-json\/wp\/v2\/types\/page"}],"author":[{"embeddable":true,"href":"http:\/\/www.1010votropticien.com\/blog\/wp-json\/wp\/v2\/users\/4"}],"replies":[{"embeddable":true,"href":"http:\/\/www.1010votropticien.com\/blog\/wp-json\/wp\/v2\/comments?post=5610"}],"version-history":[{"count":2,"href":"http:\/\/www.1010votropticien.com\/blog\/wp-json\/wp\/v2\/pages\/5610\/revisions"}],"predecessor-version":[{"id":7699,"href":"http:\/\/www.1010votropticien.com\/blog\/wp-json\/wp\/v2\/pages\/5610\/revisions\/7699"}],"up":[{"embeddable":true,"href":"http:\/\/www.1010votropticien.com\/blog\/wp-json\/wp\/v2\/pages\/1290"}],"wp:attachment":[{"href":"http:\/\/www.1010votropticien.com\/blog\/wp-json\/wp\/v2\/media?parent=5610"}],"curies":[{"name":"wp","href":"https:\/\/api.w.org\/{rel}","templated":true}]}}