{"id":56,"date":"2009-08-28T17:35:40","date_gmt":"2009-08-28T16:35:40","guid":{"rendered":"http:\/\/www.1010votropticien.com\/blog\/?page_id=56"},"modified":"2021-01-11T17:31:21","modified_gmt":"2021-01-11T16:31:21","slug":"galerie-parasite","status":"publish","type":"page","link":"http:\/\/www.1010votropticien.com\/blog\/lunettes-de-vue\/galerie-parasite\/","title":{"rendered":"Parasite"},"content":{"rendered":"<h3>Voici un petit aper\u00e7u des mod\u00e8les de la collection Parasite &#8230; Venez vite en magasin les essayer et d\u00e9couvrir d&rsquo;autres mod\u00e8les!<\/h3>\n\n\t\t<style type=\"text\/css\">\n\t\t\t#gallery-1 {\n\t\t\t\tmargin: auto;\n\t\t\t}\n\t\t\t#gallery-1 .gallery-item {\n\t\t\t\tfloat: left;\n\t\t\t\tmargin-top: 10px;\n\t\t\t\ttext-align: center;\n\t\t\t\twidth: 33%;\n\t\t\t}\n\t\t\t#gallery-1 img {\n\t\t\t\tborder: 2px solid #cfcfcf;\n\t\t\t}\n\t\t\t#gallery-1 .gallery-caption {\n\t\t\t\tmargin-left: 0;\n\t\t\t}\n\t\t\t\/* see gallery_shortcode() in wp-includes\/media.php *\/\n\t\t<\/style>\n\t\t<div id='gallery-1' class='gallery galleryid-56 gallery-columns-3 gallery-size-thumbnail'><dl class='gallery-item'>\n\t\t\t<dt class='gallery-icon landscape'>\n\t\t\t\t<a href='http:\/\/www.1010votropticien.com\/blog\/lunettes-de-vue\/galerie-parasite\/parasite-ars-6-optique1010-faches-thumesnil-ref-14627\/'><img width=\"293\" height=\"200\" src=\"http:\/\/www.1010votropticien.com\/blog\/wp-content\/uploads\/2021\/01\/PARASITE-ARS-6-OPTIQUE1010-FACHES-THUMESNIL-R\u00e9f-14627-293x200.jpg\" class=\"attachment-thumbnail size-thumbnail\" alt=\"PARASITE ARS 6 OPTIQUE1010 FACHES THUMESNIL R\u00e9f 14627\" decoding=\"async\" loading=\"lazy\" aria-describedby=\"gallery-1-9418\" \/><\/a>\n\t\t\t<\/dt>\n\t\t\t\t<dd class='wp-caption-text gallery-caption' id='gallery-1-9418'>\n\t\t\t\tPARASITE ARS 6 OPTIQUE1010 FACHES THUMESNIL R\u00e9f 14627\n\t\t\t\t<\/dd><\/dl><dl class='gallery-item'>\n\t\t\t<dt class='gallery-icon landscape'>\n\t\t\t\t<a href='http:\/\/www.1010votropticien.com\/blog\/lunettes-de-vue\/galerie-parasite\/parasite-ars-6-v-optique1010-faches-thumesnil-ref-14627\/'><img width=\"293\" height=\"200\" src=\"http:\/\/www.1010votropticien.com\/blog\/wp-content\/uploads\/2021\/01\/PARASITE-ARS-6-V-OPTIQUE1010-FACHES-THUMESNIL-R\u00e9f-14627-293x200.jpg\" class=\"attachment-thumbnail size-thumbnail\" alt=\"PARASITE ARS 6 V OPTIQUE1010 FACHES THUMESNIL R\u00e9f 14627\" decoding=\"async\" loading=\"lazy\" aria-describedby=\"gallery-1-9419\" \/><\/a>\n\t\t\t<\/dt>\n\t\t\t\t<dd class='wp-caption-text gallery-caption' id='gallery-1-9419'>\n\t\t\t\tPARASITE ARS 6 V OPTIQUE1010 FACHES THUMESNIL R\u00e9f 14627\n\t\t\t\t<\/dd><\/dl><dl class='gallery-item'>\n\t\t\t<dt class='gallery-icon landscape'>\n\t\t\t\t<a href='http:\/\/www.1010votropticien.com\/blog\/lunettes-de-vue\/galerie-parasite\/parasite-olympe-01-d-optique1010-faches-thumesnil-ref-11649\/'><img width=\"293\" height=\"200\" src=\"http:\/\/www.1010votropticien.com\/blog\/wp-content\/uploads\/2021\/01\/PARASITE-OLYMPE-01-D-OPTIQUE1010-FACHES-THUMESNIL-R\u00e9f-11649-293x200.jpg\" class=\"attachment-thumbnail size-thumbnail\" alt=\"PARASITE OLYMPE 01 D OPTIQUE1010 FACHES THUMESNIL R\u00e9f 11649\" decoding=\"async\" loading=\"lazy\" aria-describedby=\"gallery-1-9420\" \/><\/a>\n\t\t\t<\/dt>\n\t\t\t\t<dd class='wp-caption-text gallery-caption' id='gallery-1-9420'>\n\t\t\t\tPARASITE OLYMPE 01 D OPTIQUE1010 FACHES THUMESNIL R\u00e9f 11649\n\t\t\t\t<\/dd><\/dl><br style=\"clear: both\" \/><dl class='gallery-item'>\n\t\t\t<dt class='gallery-icon landscape'>\n\t\t\t\t<a href='http:\/\/www.1010votropticien.com\/blog\/lunettes-de-vue\/galerie-parasite\/parasite-olympe-01-optique1010-faches-thumesnil-ref-11649\/'><img width=\"293\" height=\"200\" src=\"http:\/\/www.1010votropticien.com\/blog\/wp-content\/uploads\/2021\/01\/PARASITE-OLYMPE-01-OPTIQUE1010-FACHES-THUMESNIL-R\u00e9f-11649-293x200.jpg\" class=\"attachment-thumbnail size-thumbnail\" alt=\"PARASITE OLYMPE 01 OPTIQUE1010 FACHES THUMESNIL R\u00e9f 11649\" decoding=\"async\" loading=\"lazy\" aria-describedby=\"gallery-1-9421\" \/><\/a>\n\t\t\t<\/dt>\n\t\t\t\t<dd class='wp-caption-text gallery-caption' id='gallery-1-9421'>\n\t\t\t\tPARASITE OLYMPE 01 OPTIQUE1010 FACHES THUMESNIL R\u00e9f 11649\n\t\t\t\t<\/dd><\/dl><dl class='gallery-item'>\n\t\t\t<dt class='gallery-icon landscape'>\n\t\t\t\t<a href='http:\/\/www.1010votropticien.com\/blog\/lunettes-de-vue\/galerie-parasite\/parasite-olympe-01-v-optique1010-faches-thumesnil-ref-11649\/'><img width=\"293\" height=\"200\" src=\"http:\/\/www.1010votropticien.com\/blog\/wp-content\/uploads\/2021\/01\/PARASITE-OLYMPE-01-V-OPTIQUE1010-FACHES-THUMESNIL-R\u00e9f-11649-293x200.jpg\" class=\"attachment-thumbnail size-thumbnail\" alt=\"PARASITE OLYMPE 01 V OPTIQUE1010 FACHES THUMESNIL R\u00e9f 11649\" decoding=\"async\" loading=\"lazy\" aria-describedby=\"gallery-1-9422\" \/><\/a>\n\t\t\t<\/dt>\n\t\t\t\t<dd class='wp-caption-text gallery-caption' id='gallery-1-9422'>\n\t\t\t\tPARASITE OLYMPE 01 V OPTIQUE1010 FACHES THUMESNIL R\u00e9f 11649\n\t\t\t\t<\/dd><\/dl>\n\t\t\t<br style='clear: both' \/>\n\t\t<\/div>\n\n<h4><span style=\"color: #ff0000;\">Parasite<\/span> a r\u00e9volutionn\u00e9 la lunetterie en 2002 avec son <span style=\"color: #ff0000;\">syst\u00e8me de maintien actif \u00abSTEREO\u00bb. <\/span><\/h4>\n<h4>Depuis, la marque, toujours ind\u00e9pendante, s\u2019est impos\u00e9e comme une r\u00e9f\u00e9rence en termes de <span style=\"color: #ff0000;\">design<\/span> et d\u2019<span style=\"color: #ff0000;\">innovation<\/span>.<\/h4>\n<h4>\u00ab\u00a0<span style=\"color: #ff0000;\">Parasite est une transcendance<\/span> de la nature, une interpr\u00e9tation <span style=\"color: #ff0000;\">surnaturelle<\/span> du r\u00e9el projet\u00e9e dans un monde d\u2019anticipation. Porter Parasite est une odyss\u00e9e vers notre nature profonde, une qu\u00eate vers la r\u00e9v\u00e9lation de notre \u00absuper-moi\u00bb.\u00a0\u00bb<\/h4>\n","protected":false},"excerpt":{"rendered":"<p>Voici un petit aper\u00e7u des mod\u00e8les de la collection Parasite &#8230; Venez vite en magasin les essayer et d\u00e9couvrir d&rsquo;autres mod\u00e8les! Parasite a r\u00e9volutionn\u00e9 la lunetterie en 2002 avec son syst\u00e8me de maintien actif \u00abSTEREO\u00bb. Depuis, la marque, toujours ind\u00e9pendante, s\u2019est impos\u00e9e comme une r\u00e9f\u00e9rence en termes de design et d\u2019innovation. \u00ab\u00a0Parasite est une transcendance [&hellip;]<\/p>\n","protected":false},"author":1,"featured_media":0,"parent":1290,"menu_order":44,"comment_status":"open","ping_status":"closed","template":"","meta":{"ngg_post_thumbnail":0},"_links":{"self":[{"href":"http:\/\/www.1010votropticien.com\/blog\/wp-json\/wp\/v2\/pages\/56"}],"collection":[{"href":"http:\/\/www.1010votropticien.com\/blog\/wp-json\/wp\/v2\/pages"}],"about":[{"href":"http:\/\/www.1010votropticien.com\/blog\/wp-json\/wp\/v2\/types\/page"}],"author":[{"embeddable":true,"href":"http:\/\/www.1010votropticien.com\/blog\/wp-json\/wp\/v2\/users\/1"}],"replies":[{"embeddable":true,"href":"http:\/\/www.1010votropticien.com\/blog\/wp-json\/wp\/v2\/comments?post=56"}],"version-history":[{"count":3,"href":"http:\/\/www.1010votropticien.com\/blog\/wp-json\/wp\/v2\/pages\/56\/revisions"}],"predecessor-version":[{"id":9424,"href":"http:\/\/www.1010votropticien.com\/blog\/wp-json\/wp\/v2\/pages\/56\/revisions\/9424"}],"up":[{"embeddable":true,"href":"http:\/\/www.1010votropticien.com\/blog\/wp-json\/wp\/v2\/pages\/1290"}],"wp:attachment":[{"href":"http:\/\/www.1010votropticien.com\/blog\/wp-json\/wp\/v2\/media?parent=56"}],"curies":[{"name":"wp","href":"https:\/\/api.w.org\/{rel}","templated":true}]}}