{"id":5556,"date":"2015-11-15T17:37:03","date_gmt":"2015-11-15T16:37:03","guid":{"rendered":"http:\/\/www.1010votropticien.com\/blog\/?page_id=5556"},"modified":"2021-01-12T06:41:19","modified_gmt":"2021-01-12T05:41:19","slug":"bajazzo","status":"publish","type":"page","link":"http:\/\/www.1010votropticien.com\/blog\/lunettes-de-vue\/bajazzo\/","title":{"rendered":"Bajazzo"},"content":{"rendered":"<h3 style=\"text-align: justify;\">Voici un petit aper\u00e7u des mod\u00e8les de la collection Bajazzo &#8230; Venez vite en magasin les essayer et d\u00e9couvrir d&rsquo;autres mod\u00e8les!<\/h3>\n\n\t\t<style type=\"text\/css\">\n\t\t\t#gallery-1 {\n\t\t\t\tmargin: auto;\n\t\t\t}\n\t\t\t#gallery-1 .gallery-item {\n\t\t\t\tfloat: left;\n\t\t\t\tmargin-top: 10px;\n\t\t\t\ttext-align: center;\n\t\t\t\twidth: 33%;\n\t\t\t}\n\t\t\t#gallery-1 img {\n\t\t\t\tborder: 2px solid #cfcfcf;\n\t\t\t}\n\t\t\t#gallery-1 .gallery-caption {\n\t\t\t\tmargin-left: 0;\n\t\t\t}\n\t\t\t\/* see gallery_shortcode() in wp-includes\/media.php *\/\n\t\t<\/style>\n\t\t<div id='gallery-1' class='gallery galleryid-5556 gallery-columns-3 gallery-size-thumbnail'><dl class='gallery-item'>\n\t\t\t<dt class='gallery-icon landscape'>\n\t\t\t\t<a href='http:\/\/www.1010votropticien.com\/blog\/lunettes-de-vue\/bajazzo\/bajazzo-f102-optique-1010-faches-thumesnil-ref-12870\/'><img width=\"293\" height=\"200\" src=\"http:\/\/www.1010votropticien.com\/blog\/wp-content\/uploads\/2021\/01\/BAJAZZO-F102-OPTIQUE-1010-FACHES-THUMESNIL-R\u00e9f-12870-293x200.jpg\" class=\"attachment-thumbnail size-thumbnail\" alt=\"BAJAZZO F102 OPTIQUE 1010 FACHES THUMESNIL R\u00e9f 12870\" decoding=\"async\" loading=\"lazy\" aria-describedby=\"gallery-1-9523\" \/><\/a>\n\t\t\t<\/dt>\n\t\t\t\t<dd class='wp-caption-text gallery-caption' id='gallery-1-9523'>\n\t\t\t\tBAJAZZO F102 OPTIQUE 1010 FACHES THUMESNIL R\u00e9f 12870\n\t\t\t\t<\/dd><\/dl><dl class='gallery-item'>\n\t\t\t<dt class='gallery-icon landscape'>\n\t\t\t\t<a href='http:\/\/www.1010votropticien.com\/blog\/lunettes-de-vue\/bajazzo\/bajazzo-f102-v-optique-1010-faches-thumesnil-ref-12870\/'><img width=\"293\" height=\"200\" src=\"http:\/\/www.1010votropticien.com\/blog\/wp-content\/uploads\/2021\/01\/BAJAZZO-F102-V-OPTIQUE-1010-FACHES-THUMESNIL-R\u00e9f-12870-293x200.jpg\" class=\"attachment-thumbnail size-thumbnail\" alt=\"BAJAZZO F102 V OPTIQUE 1010 FACHES THUMESNIL R\u00e9f 12870\" decoding=\"async\" loading=\"lazy\" aria-describedby=\"gallery-1-9524\" \/><\/a>\n\t\t\t<\/dt>\n\t\t\t\t<dd class='wp-caption-text gallery-caption' id='gallery-1-9524'>\n\t\t\t\tBAJAZZO F102 V OPTIQUE 1010 FACHES THUMESNIL R\u00e9f 12870\n\t\t\t\t<\/dd><\/dl><dl class='gallery-item'>\n\t\t\t<dt class='gallery-icon landscape'>\n\t\t\t\t<a href='http:\/\/www.1010votropticien.com\/blog\/lunettes-de-vue\/bajazzo\/bajazzo-l103-optique-1010-faches-thumesnil-ref-12860\/'><img width=\"293\" height=\"200\" src=\"http:\/\/www.1010votropticien.com\/blog\/wp-content\/uploads\/2021\/01\/BAJAZZO-L103-OPTIQUE-1010-FACHES-THUMESNIL-R\u00e9f-12860-293x200.jpg\" class=\"attachment-thumbnail size-thumbnail\" alt=\"BAJAZZO L103 OPTIQUE 1010 FACHES THUMESNIL R\u00e9f 12860\" decoding=\"async\" loading=\"lazy\" aria-describedby=\"gallery-1-9525\" \/><\/a>\n\t\t\t<\/dt>\n\t\t\t\t<dd class='wp-caption-text gallery-caption' id='gallery-1-9525'>\n\t\t\t\tBAJAZZO L103 OPTIQUE 1010 FACHES THUMESNIL R\u00e9f 12860\n\t\t\t\t<\/dd><\/dl><br style=\"clear: both\" \/><dl class='gallery-item'>\n\t\t\t<dt class='gallery-icon landscape'>\n\t\t\t\t<a href='http:\/\/www.1010votropticien.com\/blog\/lunettes-de-vue\/bajazzo\/bajazzo-pina-1-optique-1010-faches-thumesnil-ref-12856\/'><img width=\"293\" height=\"200\" src=\"http:\/\/www.1010votropticien.com\/blog\/wp-content\/uploads\/2021\/01\/BAJAZZO-PINA-1-OPTIQUE-1010-FACHES-THUMESNIL-R\u00e9f-12856-293x200.jpg\" class=\"attachment-thumbnail size-thumbnail\" alt=\"BAJAZZO PINA 1 OPTIQUE 1010 FACHES THUMESNIL R\u00e9f 12856\" decoding=\"async\" loading=\"lazy\" aria-describedby=\"gallery-1-9526\" \/><\/a>\n\t\t\t<\/dt>\n\t\t\t\t<dd class='wp-caption-text gallery-caption' id='gallery-1-9526'>\n\t\t\t\tBAJAZZO PINA 1 OPTIQUE 1010 FACHES THUMESNIL R\u00e9f 12856\n\t\t\t\t<\/dd><\/dl><dl class='gallery-item'>\n\t\t\t<dt class='gallery-icon landscape'>\n\t\t\t\t<a href='http:\/\/www.1010votropticien.com\/blog\/lunettes-de-vue\/bajazzo\/bajazzo-pina-1-v-optique-1010-faches-thumesnil-ref-12856\/'><img width=\"293\" height=\"200\" src=\"http:\/\/www.1010votropticien.com\/blog\/wp-content\/uploads\/2021\/01\/BAJAZZO-PINA-1-V-OPTIQUE-1010-FACHES-THUMESNIL-R\u00e9f-12856-293x200.jpg\" class=\"attachment-thumbnail size-thumbnail\" alt=\"BAJAZZO PINA 1 V OPTIQUE 1010 FACHES THUMESNIL R\u00e9f 12856\" decoding=\"async\" loading=\"lazy\" aria-describedby=\"gallery-1-9527\" \/><\/a>\n\t\t\t<\/dt>\n\t\t\t\t<dd class='wp-caption-text gallery-caption' id='gallery-1-9527'>\n\t\t\t\tBAJAZZO PINA 1 V OPTIQUE 1010 FACHES THUMESNIL R\u00e9f 12856\n\t\t\t\t<\/dd><\/dl><dl class='gallery-item'>\n\t\t\t<dt class='gallery-icon landscape'>\n\t\t\t\t<a href='http:\/\/www.1010votropticien.com\/blog\/lunettes-de-vue\/bajazzo\/bajazzo-pina-4-optique-1010-faches-thumesnil-ref-12858\/'><img width=\"293\" height=\"200\" src=\"http:\/\/www.1010votropticien.com\/blog\/wp-content\/uploads\/2021\/01\/BAJAZZO-PINA-4-OPTIQUE-1010-FACHES-THUMESNIL-R\u00e9f-12858-293x200.jpg\" class=\"attachment-thumbnail size-thumbnail\" alt=\"BAJAZZO PINA 4 OPTIQUE 1010 FACHES THUMESNIL R\u00e9f 12858\" decoding=\"async\" loading=\"lazy\" aria-describedby=\"gallery-1-9528\" \/><\/a>\n\t\t\t<\/dt>\n\t\t\t\t<dd class='wp-caption-text gallery-caption' id='gallery-1-9528'>\n\t\t\t\tBAJAZZO PINA 4 OPTIQUE 1010 FACHES THUMESNIL R\u00e9f 12858\n\t\t\t\t<\/dd><\/dl><br style=\"clear: both\" \/><dl class='gallery-item'>\n\t\t\t<dt class='gallery-icon landscape'>\n\t\t\t\t<a href='http:\/\/www.1010votropticien.com\/blog\/lunettes-de-vue\/bajazzo\/bajazzo-y101-optique-1010-faches-thumesnil-ref-12862\/'><img width=\"293\" height=\"200\" src=\"http:\/\/www.1010votropticien.com\/blog\/wp-content\/uploads\/2021\/01\/BAJAZZO-Y101-OPTIQUE-1010-FACHES-THUMESNIL-R\u00e9f-12862-293x200.jpg\" class=\"attachment-thumbnail size-thumbnail\" alt=\"BAJAZZO Y101 OPTIQUE 1010 FACHES THUMESNIL R\u00e9f 12862\" decoding=\"async\" loading=\"lazy\" aria-describedby=\"gallery-1-9529\" \/><\/a>\n\t\t\t<\/dt>\n\t\t\t\t<dd class='wp-caption-text gallery-caption' id='gallery-1-9529'>\n\t\t\t\tBAJAZZO Y101 OPTIQUE 1010 FACHES THUMESNIL R\u00e9f 12862\n\t\t\t\t<\/dd><\/dl><dl class='gallery-item'>\n\t\t\t<dt class='gallery-icon landscape'>\n\t\t\t\t<a href='http:\/\/www.1010votropticien.com\/blog\/lunettes-de-vue\/bajazzo\/bajazzo-yoko-4-optique-1010-faches-thumesnil-ref-12859\/'><img width=\"293\" height=\"200\" src=\"http:\/\/www.1010votropticien.com\/blog\/wp-content\/uploads\/2021\/01\/BAJAZZO-YOKO-4-OPTIQUE-1010-FACHES-THUMESNIL-R\u00e9f-12859-293x200.jpg\" class=\"attachment-thumbnail size-thumbnail\" alt=\"BAJAZZO YOKO 4 OPTIQUE 1010 FACHES THUMESNIL R\u00e9f 12859\" decoding=\"async\" loading=\"lazy\" aria-describedby=\"gallery-1-9530\" \/><\/a>\n\t\t\t<\/dt>\n\t\t\t\t<dd class='wp-caption-text gallery-caption' id='gallery-1-9530'>\n\t\t\t\tBAJAZZO YOKO 4 OPTIQUE 1010 FACHES THUMESNIL R\u00e9f 12859\n\t\t\t\t<\/dd><\/dl><dl class='gallery-item'>\n\t\t\t<dt class='gallery-icon landscape'>\n\t\t\t\t<a href='http:\/\/www.1010votropticien.com\/blog\/lunettes-de-vue\/bajazzo\/bajazzo-yoko-4-v-optique-1010-faches-thumesnil-ref-12859\/'><img width=\"293\" height=\"200\" src=\"http:\/\/www.1010votropticien.com\/blog\/wp-content\/uploads\/2021\/01\/BAJAZZO-YOKO-4-V-OPTIQUE-1010-FACHES-THUMESNIL-R\u00e9f-12859-293x200.jpg\" class=\"attachment-thumbnail size-thumbnail\" alt=\"BAJAZZO YOKO 4 V OPTIQUE 1010 FACHES THUMESNIL R\u00e9f 12859\" decoding=\"async\" loading=\"lazy\" aria-describedby=\"gallery-1-9531\" \/><\/a>\n\t\t\t<\/dt>\n\t\t\t\t<dd class='wp-caption-text gallery-caption' id='gallery-1-9531'>\n\t\t\t\tBAJAZZO YOKO 4 V OPTIQUE 1010 FACHES THUMESNIL R\u00e9f 12859\n\t\t\t\t<\/dd><\/dl><br style=\"clear: both\" \/>\n\t\t<\/div>\n\n<h4 style=\"text-align: justify;\">Collection <span style=\"color: #ff0000;\">tr\u00e8s <strong>originale<\/strong><\/span> et tr\u00e8s <span style=\"color: #ff0000;\"><strong>chic<\/strong><\/span>&nbsp;\u00e0 la fois.&nbsp;Des<span style=\"color: #ff0000;\"> <strong>formes<\/strong><\/span> et des<span style=\"color: #ff0000;\"> <strong>couleurs<\/strong><\/span> <span style=\"color: #ff0000;\">surprenantes<\/span> que vous ne retrouverez pas partout!<\/h4>\n<h4 style=\"text-align: justify;\">Tr\u00e8s <span style=\"color: #ff0000;\">l\u00e9g\u00e8res<\/span> et <span style=\"color: #ff0000;\">r\u00e9sistantes<\/span>, ces montures sont fabriqu\u00e9es en <span style=\"color: #ff0000;\">Allemange<\/span>.<\/h4>\n<p>&nbsp;<\/p>\n","protected":false},"excerpt":{"rendered":"<p>Voici un petit aper\u00e7u des mod\u00e8les de la collection Bajazzo &#8230; Venez vite en magasin les essayer et d\u00e9couvrir d&rsquo;autres mod\u00e8les! Collection tr\u00e8s originale et tr\u00e8s chic&nbsp;\u00e0 la fois.&nbsp;Des formes et des couleurs surprenantes que vous ne retrouverez pas partout! Tr\u00e8s l\u00e9g\u00e8res et r\u00e9sistantes, ces montures sont fabriqu\u00e9es en Allemange. &nbsp;<\/p>\n","protected":false},"author":4,"featured_media":0,"parent":1290,"menu_order":0,"comment_status":"closed","ping_status":"closed","template":"","meta":{"ngg_post_thumbnail":0},"_links":{"self":[{"href":"http:\/\/www.1010votropticien.com\/blog\/wp-json\/wp\/v2\/pages\/5556"}],"collection":[{"href":"http:\/\/www.1010votropticien.com\/blog\/wp-json\/wp\/v2\/pages"}],"about":[{"href":"http:\/\/www.1010votropticien.com\/blog\/wp-json\/wp\/v2\/types\/page"}],"author":[{"embeddable":true,"href":"http:\/\/www.1010votropticien.com\/blog\/wp-json\/wp\/v2\/users\/4"}],"replies":[{"embeddable":true,"href":"http:\/\/www.1010votropticien.com\/blog\/wp-json\/wp\/v2\/comments?post=5556"}],"version-history":[{"count":1,"href":"http:\/\/www.1010votropticien.com\/blog\/wp-json\/wp\/v2\/pages\/5556\/revisions"}],"predecessor-version":[{"id":9533,"href":"http:\/\/www.1010votropticien.com\/blog\/wp-json\/wp\/v2\/pages\/5556\/revisions\/9533"}],"up":[{"embeddable":true,"href":"http:\/\/www.1010votropticien.com\/blog\/wp-json\/wp\/v2\/pages\/1290"}],"wp:attachment":[{"href":"http:\/\/www.1010votropticien.com\/blog\/wp-json\/wp\/v2\/media?parent=5556"}],"curies":[{"name":"wp","href":"https:\/\/api.w.org\/{rel}","templated":true}]}}