{"id":5487,"date":"2015-11-08T20:20:31","date_gmt":"2015-11-08T19:20:31","guid":{"rendered":"http:\/\/www.1010votropticien.com\/blog\/?page_id=5487"},"modified":"2021-04-14T22:27:08","modified_gmt":"2021-04-14T20:27:08","slug":"morgan-solaires","status":"publish","type":"page","link":"http:\/\/www.1010votropticien.com\/blog\/solaires\/morgan-solaires\/","title":{"rendered":"Morgan solaires"},"content":{"rendered":"<h3><span style=\"color: #ff0000;\">Nouveau<\/span> : Achetez votre Morgan directement en ligne, livraison \u00e0 domicile ou retrait en magasin ou au drive sans frais en cliquant directement <a href=\"https:\/\/optique-10-10.myshopify.com\/search?q=MORGAN&amp;options%5Bprefix%5D=last\" target=\"_blank\" rel=\"noopener noreferrer\"><span style=\"color: #ff0000;\">ici<\/span><\/a><\/h3>\n<h4>Voici un petit aper\u00e7u des mod\u00e8les de la collection Morgan &#8230; Venez vite en magasin les essayer et d\u00e9couvrir d&rsquo;autres mod\u00e8les!<\/h4>\n<h5>&nbsp;<\/h5>\n<p>&nbsp;<\/p>\n\n\t\t<style type=\"text\/css\">\n\t\t\t#gallery-1 {\n\t\t\t\tmargin: auto;\n\t\t\t}\n\t\t\t#gallery-1 .gallery-item {\n\t\t\t\tfloat: left;\n\t\t\t\tmargin-top: 10px;\n\t\t\t\ttext-align: center;\n\t\t\t\twidth: 33%;\n\t\t\t}\n\t\t\t#gallery-1 img {\n\t\t\t\tborder: 2px solid #cfcfcf;\n\t\t\t}\n\t\t\t#gallery-1 .gallery-caption {\n\t\t\t\tmargin-left: 0;\n\t\t\t}\n\t\t\t\/* see gallery_shortcode() in wp-includes\/media.php *\/\n\t\t<\/style>\n\t\t<div id='gallery-1' class='gallery galleryid-5487 gallery-columns-3 gallery-size-thumbnail'><dl class='gallery-item'>\n\t\t\t<dt class='gallery-icon landscape'>\n\t\t\t\t<a href='http:\/\/www.1010votropticien.com\/blog\/solaires\/morgan-solaires\/lunettes-de-soleil-morgan-207224-optique1010-faches-thumesnil-ref-17365\/'><img width=\"293\" height=\"200\" src=\"http:\/\/www.1010votropticien.com\/blog\/wp-content\/uploads\/2021\/04\/Lunettes-de-soleil-Morgan-207224-OPTIQUE1010-FACHES-THUMESNIL-R\u00e9f-17365-293x200.jpg\" class=\"attachment-thumbnail size-thumbnail\" alt=\"Lunettes de soleil Morgan 207224 OPTIQUE1010 FACHES THUMESNIL R\u00e9f 17365\" decoding=\"async\" loading=\"lazy\" \/><\/a>\n\t\t\t<\/dt><\/dl><dl class='gallery-item'>\n\t\t\t<dt class='gallery-icon landscape'>\n\t\t\t\t<a href='http:\/\/www.1010votropticien.com\/blog\/solaires\/morgan-solaires\/lunettes-de-soleil-morgan-207225-optique1010-faches-thumesnil-ref-17367\/'><img width=\"293\" height=\"200\" src=\"http:\/\/www.1010votropticien.com\/blog\/wp-content\/uploads\/2021\/04\/Lunettes-de-soleil-Morgan-207225-OPTIQUE1010-FACHES-THUMESNIL-R\u00e9f-17367-293x200.jpg\" class=\"attachment-thumbnail size-thumbnail\" alt=\"Lunettes de soleil Morgan 207225 OPTIQUE1010 FACHES THUMESNIL R\u00e9f 17367\" decoding=\"async\" loading=\"lazy\" \/><\/a>\n\t\t\t<\/dt><\/dl><dl class='gallery-item'>\n\t\t\t<dt class='gallery-icon landscape'>\n\t\t\t\t<a href='http:\/\/www.1010votropticien.com\/blog\/solaires\/morgan-solaires\/lunettes-de-soleil-morgan-207225-v-optique1010-faches-thumesnil-ref-17367\/'><img width=\"293\" height=\"200\" src=\"http:\/\/www.1010votropticien.com\/blog\/wp-content\/uploads\/2021\/04\/Lunettes-de-soleil-Morgan-207225-V-OPTIQUE1010-FACHES-THUMESNIL-R\u00e9f-17367-293x200.jpg\" class=\"attachment-thumbnail size-thumbnail\" alt=\"Lunettes de soleil Morgan 207225 V OPTIQUE1010 FACHES THUMESNIL R\u00e9f 17367\" decoding=\"async\" loading=\"lazy\" \/><\/a>\n\t\t\t<\/dt><\/dl><br style=\"clear: both\" \/><dl class='gallery-item'>\n\t\t\t<dt class='gallery-icon landscape'>\n\t\t\t\t<a href='http:\/\/www.1010votropticien.com\/blog\/solaires\/morgan-solaires\/lunettes-de-soleil-morgan-207226-optique1010-faches-thumesnil-ref-17364\/'><img width=\"293\" height=\"200\" src=\"http:\/\/www.1010votropticien.com\/blog\/wp-content\/uploads\/2021\/04\/Lunettes-de-soleil-Morgan-207226-OPTIQUE1010-FACHES-THUMESNIL-R\u00e9f-17364-293x200.jpg\" class=\"attachment-thumbnail size-thumbnail\" alt=\"Lunettes de soleil Morgan 207226 OPTIQUE1010 FACHES THUMESNIL R\u00e9f 17364\" decoding=\"async\" loading=\"lazy\" \/><\/a>\n\t\t\t<\/dt><\/dl><dl class='gallery-item'>\n\t\t\t<dt class='gallery-icon landscape'>\n\t\t\t\t<a href='http:\/\/www.1010votropticien.com\/blog\/solaires\/morgan-solaires\/lunettes-de-soleil-morgan-207345-optique1010-faches-thumesnil-ref-14512\/'><img width=\"293\" height=\"200\" src=\"http:\/\/www.1010votropticien.com\/blog\/wp-content\/uploads\/2021\/04\/Lunettes-de-soleil-Morgan-207345-OPTIQUE1010-FACHES-THUMESNIL-R\u00e9f-14512-293x200.jpg\" class=\"attachment-thumbnail size-thumbnail\" alt=\"Lunettes de soleil Morgan 207345 OPTIQUE1010 FACHES THUMESNIL R\u00e9f 14512\" decoding=\"async\" loading=\"lazy\" \/><\/a>\n\t\t\t<\/dt><\/dl><dl class='gallery-item'>\n\t\t\t<dt class='gallery-icon landscape'>\n\t\t\t\t<a href='http:\/\/www.1010votropticien.com\/blog\/solaires\/morgan-solaires\/lunettes-de-soleil-morgan-207345-v-optique1010-faches-thumesnil-ref-14512\/'><img width=\"293\" height=\"200\" src=\"http:\/\/www.1010votropticien.com\/blog\/wp-content\/uploads\/2021\/04\/Lunettes-de-soleil-Morgan-207345-V-OPTIQUE1010-FACHES-THUMESNIL-R\u00e9f-14512-293x200.jpg\" class=\"attachment-thumbnail size-thumbnail\" alt=\"Lunettes de soleil Morgan 207345 V OPTIQUE1010 FACHES THUMESNIL R\u00e9f 14512\" decoding=\"async\" loading=\"lazy\" \/><\/a>\n\t\t\t<\/dt><\/dl><br style=\"clear: both\" \/><dl class='gallery-item'>\n\t\t\t<dt class='gallery-icon landscape'>\n\t\t\t\t<a href='http:\/\/www.1010votropticien.com\/blog\/solaires\/morgan-solaires\/lunettes-de-soleil-morgan-207358-optique1010-faches-thumesnil-ref-17366\/'><img width=\"293\" height=\"200\" src=\"http:\/\/www.1010votropticien.com\/blog\/wp-content\/uploads\/2021\/04\/Lunettes-de-soleil-Morgan-207358-OPTIQUE1010-FACHES-THUMESNIL-R\u00e9f-17366-293x200.jpg\" class=\"attachment-thumbnail size-thumbnail\" alt=\"Lunettes de soleil Morgan 207358 OPTIQUE1010 FACHES THUMESNIL R\u00e9f 17366\" decoding=\"async\" loading=\"lazy\" \/><\/a>\n\t\t\t<\/dt><\/dl>\n\t\t\t<br style='clear: both' \/>\n\t\t<\/div>\n\n<p>&nbsp;<\/p>\n<h4>MORGAN LA MARQUE <span style=\"color: #ff0000;\">LIFESTYLE&nbsp;<\/span><span style=\"color: #ff0000;\">DE S\u00c9DUCTION.<\/span><\/h4>\n<h4>La <span style=\"color: #ff0000;\">s\u00e9duction<\/span> est une <span style=\"color: #ff0000;\">attitude<\/span>, un \u00e9tat d&rsquo;\u00eatre permanent du d\u00e9jeuner \u00e0 l&rsquo;afterwork entre copines et jusqu&rsquo;au bout de la nuit.<\/h4>\n<h4><span style=\"color: #ff0000;\">Morgan<\/span> marque les esprits par sa<span style=\"color: #ff0000;\"> d\u00e9marche<\/span>, sa <span style=\"color: #ff0000;\">gestuelle<\/span>, son port de t\u00eate, son <span style=\"color: #ff0000;\">\u00e9nergie<\/span>.<\/h4>\n<h4>Le <span style=\"color: #ff0000;\">style Morgan<\/span> c\u2019est une <span style=\"color: #ff0000;\">identit\u00e9 forte&nbsp;<\/span>et <span style=\"color: #ff0000;\">moderne<\/span> : une <span style=\"color: #ff0000;\">silhouette \u00e9quilibr\u00e9e&nbsp;<\/span>entre <span style=\"color: #ff0000;\">sensualit\u00e9, charisme rock<span style=\"color: #000000;\">&nbsp;<\/span><\/span><span style=\"color: #ff0000;\"><span style=\"color: #000000;\">et<\/span> d\u00e9tail glam&rsquo;<span style=\"color: #000000;\">.<\/span><\/span><\/h4>\n<div class=\"slideshow-container\">&nbsp;<\/div>\n<h3>&nbsp;<\/h3>\n<p>&nbsp;<\/p>\n","protected":false},"excerpt":{"rendered":"<p>Nouveau : Achetez votre Morgan directement en ligne, livraison \u00e0 domicile ou retrait en magasin ou au drive sans frais en cliquant directement ici Voici un petit aper\u00e7u des mod\u00e8les de la collection Morgan &#8230; Venez vite en magasin les essayer et d\u00e9couvrir d&rsquo;autres mod\u00e8les! &nbsp; &nbsp; &nbsp; MORGAN LA MARQUE LIFESTYLE&nbsp;DE S\u00c9DUCTION. La s\u00e9duction [&hellip;]<\/p>\n","protected":false},"author":4,"featured_media":0,"parent":1293,"menu_order":0,"comment_status":"closed","ping_status":"closed","template":"","meta":{"ngg_post_thumbnail":0},"_links":{"self":[{"href":"http:\/\/www.1010votropticien.com\/blog\/wp-json\/wp\/v2\/pages\/5487"}],"collection":[{"href":"http:\/\/www.1010votropticien.com\/blog\/wp-json\/wp\/v2\/pages"}],"about":[{"href":"http:\/\/www.1010votropticien.com\/blog\/wp-json\/wp\/v2\/types\/page"}],"author":[{"embeddable":true,"href":"http:\/\/www.1010votropticien.com\/blog\/wp-json\/wp\/v2\/users\/4"}],"replies":[{"embeddable":true,"href":"http:\/\/www.1010votropticien.com\/blog\/wp-json\/wp\/v2\/comments?post=5487"}],"version-history":[{"count":2,"href":"http:\/\/www.1010votropticien.com\/blog\/wp-json\/wp\/v2\/pages\/5487\/revisions"}],"predecessor-version":[{"id":10376,"href":"http:\/\/www.1010votropticien.com\/blog\/wp-json\/wp\/v2\/pages\/5487\/revisions\/10376"}],"up":[{"embeddable":true,"href":"http:\/\/www.1010votropticien.com\/blog\/wp-json\/wp\/v2\/pages\/1293"}],"wp:attachment":[{"href":"http:\/\/www.1010votropticien.com\/blog\/wp-json\/wp\/v2\/media?parent=5487"}],"curies":[{"name":"wp","href":"https:\/\/api.w.org\/{rel}","templated":true}]}}