{"id":53,"date":"2009-08-28T17:34:35","date_gmt":"2009-08-28T16:34:35","guid":{"rendered":"http:\/\/www.1010votropticien.com\/blog\/?page_id=53"},"modified":"2021-03-15T13:56:02","modified_gmt":"2021-03-15T12:56:02","slug":"galerie-morgan","status":"publish","type":"page","link":"http:\/\/www.1010votropticien.com\/blog\/lunettes-de-vue\/galerie-morgan\/","title":{"rendered":"Morgan"},"content":{"rendered":"<p style=\"text-align: justify;\">&nbsp;<\/p>\n<h3>Voici un petit aper\u00e7u des mod\u00e8les de la collection Morgan &#8230; Venez vite en magasin les essayer et d\u00e9couvrir d&rsquo;autres mod\u00e8les!<\/h3>\n\n\t\t<style type=\"text\/css\">\n\t\t\t#gallery-1 {\n\t\t\t\tmargin: auto;\n\t\t\t}\n\t\t\t#gallery-1 .gallery-item {\n\t\t\t\tfloat: left;\n\t\t\t\tmargin-top: 10px;\n\t\t\t\ttext-align: center;\n\t\t\t\twidth: 33%;\n\t\t\t}\n\t\t\t#gallery-1 img {\n\t\t\t\tborder: 2px solid #cfcfcf;\n\t\t\t}\n\t\t\t#gallery-1 .gallery-caption {\n\t\t\t\tmargin-left: 0;\n\t\t\t}\n\t\t\t\/* see gallery_shortcode() in wp-includes\/media.php *\/\n\t\t<\/style>\n\t\t<div id='gallery-1' class='gallery galleryid-53 gallery-columns-3 gallery-size-thumbnail'><dl class='gallery-item'>\n\t\t\t<dt class='gallery-icon landscape'>\n\t\t\t\t<a href='http:\/\/www.1010votropticien.com\/blog\/lunettes-de-vue\/galerie-morgan\/morgan-20303-optique1010-faches-thumesnil-ref-18085\/'><img width=\"293\" height=\"200\" src=\"http:\/\/www.1010votropticien.com\/blog\/wp-content\/uploads\/2021\/03\/Morgan-20303-OPTIQUE1010-FACHES-THUMESNIL-R\u00e9f-18085-293x200.jpg\" class=\"attachment-thumbnail size-thumbnail\" alt=\"Morgan 20303 OPTIQUE1010 FACHES THUMESNIL R\u00e9f 18085\" decoding=\"async\" loading=\"lazy\" aria-describedby=\"gallery-1-9652\" \/><\/a>\n\t\t\t<\/dt>\n\t\t\t\t<dd class='wp-caption-text gallery-caption' id='gallery-1-9652'>\n\t\t\t\tMorgan 20303 OPTIQUE1010 FACHES THUMESNIL R\u00e9f 18085\n\t\t\t\t<\/dd><\/dl><dl class='gallery-item'>\n\t\t\t<dt class='gallery-icon landscape'>\n\t\t\t\t<a href='http:\/\/www.1010votropticien.com\/blog\/lunettes-de-vue\/galerie-morgan\/morgan-20303-v-optique1010-faches-thumesnil-ref-18085\/'><img width=\"293\" height=\"200\" src=\"http:\/\/www.1010votropticien.com\/blog\/wp-content\/uploads\/2021\/03\/Morgan-20303-V-OPTIQUE1010-FACHES-THUMESNIL-R\u00e9f-18085-293x200.jpg\" class=\"attachment-thumbnail size-thumbnail\" alt=\"Morgan 20303 V OPTIQUE1010 FACHES THUMESNIL R\u00e9f 18085\" decoding=\"async\" loading=\"lazy\" aria-describedby=\"gallery-1-9653\" \/><\/a>\n\t\t\t<\/dt>\n\t\t\t\t<dd class='wp-caption-text gallery-caption' id='gallery-1-9653'>\n\t\t\t\tMorgan 20303 V OPTIQUE1010 FACHES THUMESNIL R\u00e9f 18085\n\t\t\t\t<\/dd><\/dl><dl class='gallery-item'>\n\t\t\t<dt class='gallery-icon landscape'>\n\t\t\t\t<a href='http:\/\/www.1010votropticien.com\/blog\/lunettes-de-vue\/galerie-morgan\/morgan-202013-optique1010-faches-thumesnil-ref-18090\/'><img width=\"293\" height=\"200\" src=\"http:\/\/www.1010votropticien.com\/blog\/wp-content\/uploads\/2021\/03\/Morgan-202013-OPTIQUE1010-FACHES-THUMESNIL-R\u00e9f-18090-293x200.jpg\" class=\"attachment-thumbnail size-thumbnail\" alt=\"Morgan 202013 OPTIQUE1010 FACHES THUMESNIL R\u00e9f 18090\" decoding=\"async\" loading=\"lazy\" aria-describedby=\"gallery-1-9654\" \/><\/a>\n\t\t\t<\/dt>\n\t\t\t\t<dd class='wp-caption-text gallery-caption' id='gallery-1-9654'>\n\t\t\t\tMorgan 202013 OPTIQUE1010 FACHES THUMESNIL R\u00e9f 18090\n\t\t\t\t<\/dd><\/dl><br style=\"clear: both\" \/><dl class='gallery-item'>\n\t\t\t<dt class='gallery-icon landscape'>\n\t\t\t\t<a href='http:\/\/www.1010votropticien.com\/blog\/lunettes-de-vue\/galerie-morgan\/morgan-202013-i-optique1010-faches-thumesnil-ref-18090\/'><img width=\"293\" height=\"200\" src=\"http:\/\/www.1010votropticien.com\/blog\/wp-content\/uploads\/2021\/03\/Morgan-202013-I-OPTIQUE1010-FACHES-THUMESNIL-R\u00e9f-18090-293x200.jpg\" class=\"attachment-thumbnail size-thumbnail\" alt=\"Morgan 202013 I OPTIQUE1010 FACHES THUMESNIL R\u00e9f 18090\" decoding=\"async\" loading=\"lazy\" aria-describedby=\"gallery-1-9655\" \/><\/a>\n\t\t\t<\/dt>\n\t\t\t\t<dd class='wp-caption-text gallery-caption' id='gallery-1-9655'>\n\t\t\t\tMorgan 202013 I OPTIQUE1010 FACHES THUMESNIL R\u00e9f 18090\n\t\t\t\t<\/dd><\/dl><dl class='gallery-item'>\n\t\t\t<dt class='gallery-icon landscape'>\n\t\t\t\t<a href='http:\/\/www.1010votropticien.com\/blog\/lunettes-de-vue\/galerie-morgan\/morgan-202013-v-optique1010-faches-thumesnil-ref-18090\/'><img width=\"293\" height=\"200\" src=\"http:\/\/www.1010votropticien.com\/blog\/wp-content\/uploads\/2021\/03\/Morgan-202013-V-OPTIQUE1010-FACHES-THUMESNIL-R\u00e9f-18090-293x200.jpg\" class=\"attachment-thumbnail size-thumbnail\" alt=\"Morgan 202013 V OPTIQUE1010 FACHES THUMESNIL R\u00e9f 18090\" decoding=\"async\" loading=\"lazy\" aria-describedby=\"gallery-1-9656\" \/><\/a>\n\t\t\t<\/dt>\n\t\t\t\t<dd class='wp-caption-text gallery-caption' id='gallery-1-9656'>\n\t\t\t\tMorgan 202013 V OPTIQUE1010 FACHES THUMESNIL R\u00e9f 18090\n\t\t\t\t<\/dd><\/dl><dl class='gallery-item'>\n\t\t\t<dt class='gallery-icon landscape'>\n\t\t\t\t<a href='http:\/\/www.1010votropticien.com\/blog\/lunettes-de-vue\/galerie-morgan\/morgan-202020-optique1010-faches-thumesnil-ref-18084\/'><img width=\"293\" height=\"200\" src=\"http:\/\/www.1010votropticien.com\/blog\/wp-content\/uploads\/2021\/03\/Morgan-202020-OPTIQUE1010-FACHES-THUMESNIL-R\u00e9f-18084-293x200.jpg\" class=\"attachment-thumbnail size-thumbnail\" alt=\"Morgan 202020 OPTIQUE1010 FACHES THUMESNIL R\u00e9f 18084\" decoding=\"async\" loading=\"lazy\" aria-describedby=\"gallery-1-9657\" \/><\/a>\n\t\t\t<\/dt>\n\t\t\t\t<dd class='wp-caption-text gallery-caption' id='gallery-1-9657'>\n\t\t\t\tMorgan 202020 OPTIQUE1010 FACHES THUMESNIL R\u00e9f 18084\n\t\t\t\t<\/dd><\/dl><br style=\"clear: both\" \/><dl class='gallery-item'>\n\t\t\t<dt class='gallery-icon landscape'>\n\t\t\t\t<a href='http:\/\/www.1010votropticien.com\/blog\/lunettes-de-vue\/galerie-morgan\/morgan-202020-v-optique1010-faches-thumesnil-ref-18084\/'><img width=\"293\" height=\"200\" src=\"http:\/\/www.1010votropticien.com\/blog\/wp-content\/uploads\/2021\/03\/Morgan-202020-V-OPTIQUE1010-FACHES-THUMESNIL-R\u00e9f-18084-293x200.jpg\" class=\"attachment-thumbnail size-thumbnail\" alt=\"Morgan 202020 V OPTIQUE1010 FACHES THUMESNIL R\u00e9f 18084\" decoding=\"async\" loading=\"lazy\" aria-describedby=\"gallery-1-9659\" \/><\/a>\n\t\t\t<\/dt>\n\t\t\t\t<dd class='wp-caption-text gallery-caption' id='gallery-1-9659'>\n\t\t\t\tMorgan 202020 V OPTIQUE1010 FACHES THUMESNIL R\u00e9f 18084\n\t\t\t\t<\/dd><\/dl><dl class='gallery-item'>\n\t\t\t<dt class='gallery-icon landscape'>\n\t\t\t\t<a href='http:\/\/www.1010votropticien.com\/blog\/lunettes-de-vue\/galerie-morgan\/morgan-202022-optique1010-faches-thumesnil-ref-18082\/'><img width=\"293\" height=\"200\" src=\"http:\/\/www.1010votropticien.com\/blog\/wp-content\/uploads\/2021\/03\/Morgan-202022-OPTIQUE1010-FACHES-THUMESNIL-R\u00e9f-18082-293x200.jpg\" class=\"attachment-thumbnail size-thumbnail\" alt=\"Morgan 202022 OPTIQUE1010 FACHES THUMESNIL R\u00e9f 18082\" decoding=\"async\" loading=\"lazy\" aria-describedby=\"gallery-1-9660\" \/><\/a>\n\t\t\t<\/dt>\n\t\t\t\t<dd class='wp-caption-text gallery-caption' id='gallery-1-9660'>\n\t\t\t\tMorgan 202022 OPTIQUE1010 FACHES THUMESNIL R\u00e9f 18082\n\t\t\t\t<\/dd><\/dl><dl class='gallery-item'>\n\t\t\t<dt class='gallery-icon landscape'>\n\t\t\t\t<a href='http:\/\/www.1010votropticien.com\/blog\/lunettes-de-vue\/galerie-morgan\/morgan-202022-v-optique1010-faches-thumesnil-ref-18082\/'><img width=\"293\" height=\"200\" src=\"http:\/\/www.1010votropticien.com\/blog\/wp-content\/uploads\/2021\/03\/Morgan-202022-V-OPTIQUE1010-FACHES-THUMESNIL-R\u00e9f-18082-293x200.jpg\" class=\"attachment-thumbnail size-thumbnail\" alt=\"Morgan 202022 V OPTIQUE1010 FACHES THUMESNIL R\u00e9f 18082\" decoding=\"async\" loading=\"lazy\" aria-describedby=\"gallery-1-9661\" \/><\/a>\n\t\t\t<\/dt>\n\t\t\t\t<dd class='wp-caption-text gallery-caption' id='gallery-1-9661'>\n\t\t\t\tMorgan 202022 V OPTIQUE1010 FACHES THUMESNIL R\u00e9f 18082\n\t\t\t\t<\/dd><\/dl><br style=\"clear: both\" \/><dl class='gallery-item'>\n\t\t\t<dt class='gallery-icon landscape'>\n\t\t\t\t<a href='http:\/\/www.1010votropticien.com\/blog\/lunettes-de-vue\/galerie-morgan\/morgan-202026-optique1010-faches-thumesnil-ref-18086\/'><img width=\"293\" height=\"200\" src=\"http:\/\/www.1010votropticien.com\/blog\/wp-content\/uploads\/2021\/03\/Morgan-202026-OPTIQUE1010-FACHES-THUMESNIL-R\u00e9f-18086-293x200.jpg\" class=\"attachment-thumbnail size-thumbnail\" alt=\"Morgan 202026 OPTIQUE1010 FACHES THUMESNIL R\u00e9f 18086\" decoding=\"async\" loading=\"lazy\" aria-describedby=\"gallery-1-9662\" \/><\/a>\n\t\t\t<\/dt>\n\t\t\t\t<dd class='wp-caption-text gallery-caption' id='gallery-1-9662'>\n\t\t\t\tMorgan 202026 OPTIQUE1010 FACHES THUMESNIL R\u00e9f 18086\n\t\t\t\t<\/dd><\/dl><dl class='gallery-item'>\n\t\t\t<dt class='gallery-icon landscape'>\n\t\t\t\t<a href='http:\/\/www.1010votropticien.com\/blog\/lunettes-de-vue\/galerie-morgan\/morgan-202026-v-optique1010-faches-thumesnil-ref-18086\/'><img width=\"293\" height=\"200\" src=\"http:\/\/www.1010votropticien.com\/blog\/wp-content\/uploads\/2021\/03\/Morgan-202026-V-OPTIQUE1010-FACHES-THUMESNIL-R\u00e9f-18086-293x200.jpg\" class=\"attachment-thumbnail size-thumbnail\" alt=\"Morgan 202026 V OPTIQUE1010 FACHES THUMESNIL R\u00e9f 18086\" decoding=\"async\" loading=\"lazy\" aria-describedby=\"gallery-1-9663\" \/><\/a>\n\t\t\t<\/dt>\n\t\t\t\t<dd class='wp-caption-text gallery-caption' id='gallery-1-9663'>\n\t\t\t\tMorgan 202026 V OPTIQUE1010 FACHES THUMESNIL R\u00e9f 18086\n\t\t\t\t<\/dd><\/dl><dl class='gallery-item'>\n\t\t\t<dt class='gallery-icon landscape'>\n\t\t\t\t<a href='http:\/\/www.1010votropticien.com\/blog\/lunettes-de-vue\/galerie-morgan\/morgan-203199-optique1010-faches-thumesnil-ref-18083\/'><img width=\"293\" height=\"200\" src=\"http:\/\/www.1010votropticien.com\/blog\/wp-content\/uploads\/2021\/03\/Morgan-203199-OPTIQUE1010-FACHES-THUMESNIL-R\u00e9f-18083-293x200.jpg\" class=\"attachment-thumbnail size-thumbnail\" alt=\"Morgan 203199 OPTIQUE1010 FACHES THUMESNIL R\u00e9f 18083\" decoding=\"async\" loading=\"lazy\" aria-describedby=\"gallery-1-9664\" \/><\/a>\n\t\t\t<\/dt>\n\t\t\t\t<dd class='wp-caption-text gallery-caption' id='gallery-1-9664'>\n\t\t\t\tMorgan 203199 OPTIQUE1010 FACHES THUMESNIL R\u00e9f 18083\n\t\t\t\t<\/dd><\/dl><br style=\"clear: both\" \/><dl class='gallery-item'>\n\t\t\t<dt class='gallery-icon landscape'>\n\t\t\t\t<a href='http:\/\/www.1010votropticien.com\/blog\/lunettes-de-vue\/galerie-morgan\/morgan-203199-v-optique1010-faches-thumesnil-ref-18083\/'><img width=\"293\" height=\"200\" src=\"http:\/\/www.1010votropticien.com\/blog\/wp-content\/uploads\/2021\/03\/Morgan-203199-V-OPTIQUE1010-FACHES-THUMESNIL-R\u00e9f-18083-293x200.jpg\" class=\"attachment-thumbnail size-thumbnail\" alt=\"Morgan 203199 V OPTIQUE1010 FACHES THUMESNIL R\u00e9f 18083\" decoding=\"async\" loading=\"lazy\" aria-describedby=\"gallery-1-9665\" \/><\/a>\n\t\t\t<\/dt>\n\t\t\t\t<dd class='wp-caption-text gallery-caption' id='gallery-1-9665'>\n\t\t\t\tMorgan 203199 V OPTIQUE1010 FACHES THUMESNIL R\u00e9f 18083\n\t\t\t\t<\/dd><\/dl>\n\t\t\t<br style='clear: both' \/>\n\t\t<\/div>\n\n<p>&nbsp;<\/p>\n<h4>MORGAN LA MARQUE <span style=\"color: #ff0000;\">LIFESTYLE&nbsp;<\/span><span style=\"color: #ff0000;\">DE S\u00c9DUCTION.<\/span><\/h4>\n<h4>La <span style=\"color: #ff0000;\">s\u00e9duction<\/span> est une <span style=\"color: #ff0000;\">attitude<\/span>, un \u00e9tat d&rsquo;\u00eatre permanent du d\u00e9jeuner \u00e0 l&rsquo;afterwork entre copines et jusqu&rsquo;au bout de la nuit.<\/h4>\n<h4><span style=\"color: #ff0000;\">Morgan<\/span> marque les esprits par sa<span style=\"color: #ff0000;\"> d\u00e9marche<\/span>, sa <span style=\"color: #ff0000;\">gestuelle<\/span>, son port de t\u00eate, son <span style=\"color: #ff0000;\">\u00e9nergie<\/span>.<\/h4>\n<h4>Le <span style=\"color: #ff0000;\">style Morgan<\/span> c\u2019est une <span style=\"color: #ff0000;\">identit\u00e9 forte&nbsp;<\/span>et <span style=\"color: #ff0000;\">moderne<\/span> : une <span style=\"color: #ff0000;\">silhouette \u00e9quilibr\u00e9e&nbsp;<\/span>entre <span style=\"color: #ff0000;\">sensualit\u00e9, charisme rock<span style=\"color: #000000;\">&nbsp;<\/span><\/span><span style=\"color: #ff0000;\"><span style=\"color: #000000;\">et<\/span> d\u00e9tail glam&rsquo;<span style=\"color: #000000;\">.<\/span><\/span><\/h4>\n<p>&nbsp;<\/p>\n<div class=\"slideshow-container\">&nbsp;<\/div>\n<p>&nbsp;<\/p>\n","protected":false},"excerpt":{"rendered":"<p>&nbsp; Voici un petit aper\u00e7u des mod\u00e8les de la collection Morgan &#8230; Venez vite en magasin les essayer et d\u00e9couvrir d&rsquo;autres mod\u00e8les! &nbsp; MORGAN LA MARQUE LIFESTYLE&nbsp;DE S\u00c9DUCTION. La s\u00e9duction est une attitude, un \u00e9tat d&rsquo;\u00eatre permanent du d\u00e9jeuner \u00e0 l&rsquo;afterwork entre copines et jusqu&rsquo;au bout de la nuit. Morgan marque les esprits par sa [&hellip;]<\/p>\n","protected":false},"author":1,"featured_media":0,"parent":1290,"menu_order":47,"comment_status":"open","ping_status":"closed","template":"","meta":{"ngg_post_thumbnail":0},"_links":{"self":[{"href":"http:\/\/www.1010votropticien.com\/blog\/wp-json\/wp\/v2\/pages\/53"}],"collection":[{"href":"http:\/\/www.1010votropticien.com\/blog\/wp-json\/wp\/v2\/pages"}],"about":[{"href":"http:\/\/www.1010votropticien.com\/blog\/wp-json\/wp\/v2\/types\/page"}],"author":[{"embeddable":true,"href":"http:\/\/www.1010votropticien.com\/blog\/wp-json\/wp\/v2\/users\/1"}],"replies":[{"embeddable":true,"href":"http:\/\/www.1010votropticien.com\/blog\/wp-json\/wp\/v2\/comments?post=53"}],"version-history":[{"count":1,"href":"http:\/\/www.1010votropticien.com\/blog\/wp-json\/wp\/v2\/pages\/53\/revisions"}],"predecessor-version":[{"id":9666,"href":"http:\/\/www.1010votropticien.com\/blog\/wp-json\/wp\/v2\/pages\/53\/revisions\/9666"}],"up":[{"embeddable":true,"href":"http:\/\/www.1010votropticien.com\/blog\/wp-json\/wp\/v2\/pages\/1290"}],"wp:attachment":[{"href":"http:\/\/www.1010votropticien.com\/blog\/wp-json\/wp\/v2\/media?parent=53"}],"curies":[{"name":"wp","href":"https:\/\/api.w.org\/{rel}","templated":true}]}}