{"id":5233,"date":"2015-10-18T18:05:30","date_gmt":"2015-10-18T16:05:30","guid":{"rendered":"http:\/\/www.1010votropticien.com\/blog\/?page_id=5233"},"modified":"2021-04-12T15:53:26","modified_gmt":"2021-04-12T13:53:26","slug":"karavankid","status":"publish","type":"page","link":"http:\/\/www.1010votropticien.com\/blog\/lunettes-de-vue\/karavankid\/","title":{"rendered":"Karavankids"},"content":{"rendered":"<h3 style=\"text-align: justify;\">Voici un petit aper\u00e7u des mod\u00e8les de la collection Karavankid &#8230; Venez vite en magasin les essayer et d\u00e9couvrir d&rsquo;autres mod\u00e8les!<\/h3>\n\n\t\t<style type=\"text\/css\">\n\t\t\t#gallery-1 {\n\t\t\t\tmargin: auto;\n\t\t\t}\n\t\t\t#gallery-1 .gallery-item {\n\t\t\t\tfloat: left;\n\t\t\t\tmargin-top: 10px;\n\t\t\t\ttext-align: center;\n\t\t\t\twidth: 33%;\n\t\t\t}\n\t\t\t#gallery-1 img {\n\t\t\t\tborder: 2px solid #cfcfcf;\n\t\t\t}\n\t\t\t#gallery-1 .gallery-caption {\n\t\t\t\tmargin-left: 0;\n\t\t\t}\n\t\t\t\/* see gallery_shortcode() in wp-includes\/media.php *\/\n\t\t<\/style>\n\t\t<div id='gallery-1' class='gallery galleryid-5233 gallery-columns-3 gallery-size-thumbnail'><dl class='gallery-item'>\n\t\t\t<dt class='gallery-icon landscape'>\n\t\t\t\t<a href='http:\/\/www.1010votropticien.com\/blog\/lunettes-de-vue\/karavankid\/inshot_20210108_203229192\/'><img width=\"293\" height=\"200\" src=\"http:\/\/www.1010votropticien.com\/blog\/wp-content\/uploads\/2021\/01\/InShot_20210108_203229192-293x200.jpg\" class=\"attachment-thumbnail size-thumbnail\" alt=\"Karavan Kids PIXI 25 I OPTIQUE 1010 FACHES THUMESNIL R\u00e9f 16830\" decoding=\"async\" loading=\"lazy\" aria-describedby=\"gallery-1-9161\" \/><\/a>\n\t\t\t<\/dt>\n\t\t\t\t<dd class='wp-caption-text gallery-caption' id='gallery-1-9161'>\n\t\t\t\tKaravan Kids PIXI 25 I OPTIQUE 1010 FACHES THUMESNIL R\u00e9f 16830\n\t\t\t\t<\/dd><\/dl><dl class='gallery-item'>\n\t\t\t<dt class='gallery-icon landscape'>\n\t\t\t\t<a href='http:\/\/www.1010votropticien.com\/blog\/lunettes-de-vue\/karavankid\/inshot_20210108_203246151\/'><img width=\"293\" height=\"200\" src=\"http:\/\/www.1010votropticien.com\/blog\/wp-content\/uploads\/2021\/01\/InShot_20210108_203246151-293x200.jpg\" class=\"attachment-thumbnail size-thumbnail\" alt=\"Karavan Kids PIXI 25 V OPTIQUE 1010 FACHES THUMESNIL R\u00e9f 16830\" decoding=\"async\" loading=\"lazy\" aria-describedby=\"gallery-1-9162\" \/><\/a>\n\t\t\t<\/dt>\n\t\t\t\t<dd class='wp-caption-text gallery-caption' id='gallery-1-9162'>\n\t\t\t\tKaravan Kids PIXI 25 V OPTIQUE 1010 FACHES THUMESNIL R\u00e9f 16830\n\t\t\t\t<\/dd><\/dl><dl class='gallery-item'>\n\t\t\t<dt class='gallery-icon landscape'>\n\t\t\t\t<a href='http:\/\/www.1010votropticien.com\/blog\/lunettes-de-vue\/karavankid\/inshot_20210108_203302032\/'><img width=\"293\" height=\"200\" src=\"http:\/\/www.1010votropticien.com\/blog\/wp-content\/uploads\/2021\/01\/InShot_20210108_203302032-293x200.jpg\" class=\"attachment-thumbnail size-thumbnail\" alt=\"Karavan Kids PIXI 25 OPTIQUE 1010 FACHES THUMESNIL R\u00e9f 16830\" decoding=\"async\" loading=\"lazy\" aria-describedby=\"gallery-1-9163\" \/><\/a>\n\t\t\t<\/dt>\n\t\t\t\t<dd class='wp-caption-text gallery-caption' id='gallery-1-9163'>\n\t\t\t\tKaravan Kids PIXI 25 OPTIQUE 1010 FACHES THUMESNIL R\u00e9f 16830\n\t\t\t\t<\/dd><\/dl><br style=\"clear: both\" \/><dl class='gallery-item'>\n\t\t\t<dt class='gallery-icon landscape'>\n\t\t\t\t<a href='http:\/\/www.1010votropticien.com\/blog\/lunettes-de-vue\/karavankid\/inshot_20210108_203330651\/'><img width=\"293\" height=\"200\" src=\"http:\/\/www.1010votropticien.com\/blog\/wp-content\/uploads\/2021\/01\/InShot_20210108_203330651-293x200.jpg\" class=\"attachment-thumbnail size-thumbnail\" alt=\"Karavan Kids BILI 11 V OPTIQUE 1010 FACHES THUMESNIL R\u00e9f 16401\" decoding=\"async\" loading=\"lazy\" aria-describedby=\"gallery-1-9164\" \/><\/a>\n\t\t\t<\/dt>\n\t\t\t\t<dd class='wp-caption-text gallery-caption' id='gallery-1-9164'>\n\t\t\t\tKaravan Kids BILI 11 V OPTIQUE 1010 FACHES THUMESNIL R\u00e9f 16401\n\t\t\t\t<\/dd><\/dl><dl class='gallery-item'>\n\t\t\t<dt class='gallery-icon landscape'>\n\t\t\t\t<a href='http:\/\/www.1010votropticien.com\/blog\/lunettes-de-vue\/karavankid\/inshot_20210108_203355160\/'><img width=\"293\" height=\"200\" src=\"http:\/\/www.1010votropticien.com\/blog\/wp-content\/uploads\/2021\/01\/InShot_20210108_203355160-293x200.jpg\" class=\"attachment-thumbnail size-thumbnail\" alt=\"Karavan Kids BILI 11 OPTIQUE 1010 FACHES THUMESNIL R\u00e9f 16401\" decoding=\"async\" loading=\"lazy\" aria-describedby=\"gallery-1-9165\" \/><\/a>\n\t\t\t<\/dt>\n\t\t\t\t<dd class='wp-caption-text gallery-caption' id='gallery-1-9165'>\n\t\t\t\tKaravan Kids BILI 11 OPTIQUE 1010 FACHES THUMESNIL R\u00e9f 16401\n\t\t\t\t<\/dd><\/dl><dl class='gallery-item'>\n\t\t\t<dt class='gallery-icon landscape'>\n\t\t\t\t<a href='http:\/\/www.1010votropticien.com\/blog\/lunettes-de-vue\/karavankid\/karavan-kids-bili-24-optique1010-faches-thumesnil-ref-16438\/'><img width=\"293\" height=\"200\" src=\"http:\/\/www.1010votropticien.com\/blog\/wp-content\/uploads\/2021\/01\/Karavan-Kids-BILI-24-OPTIQUE1010-FACHES-THUMESNIL-R\u00e9f-16438-293x200.jpg\" class=\"attachment-thumbnail size-thumbnail\" alt=\"Karavan Kids BILI 24 OPTIQUE1010 FACHES THUMESNIL R\u00e9f 16438\" decoding=\"async\" loading=\"lazy\" aria-describedby=\"gallery-1-9166\" \/><\/a>\n\t\t\t<\/dt>\n\t\t\t\t<dd class='wp-caption-text gallery-caption' id='gallery-1-9166'>\n\t\t\t\tKaravan Kids BILI 24 OPTIQUE1010 FACHES THUMESNIL R\u00e9f 16438\n\t\t\t\t<\/dd><\/dl><br style=\"clear: both\" \/><dl class='gallery-item'>\n\t\t\t<dt class='gallery-icon landscape'>\n\t\t\t\t<a href='http:\/\/www.1010votropticien.com\/blog\/lunettes-de-vue\/karavankid\/karavan-kids-bili-24-f-optique1010-faches-thumesnil-ref-16438\/'><img width=\"293\" height=\"200\" src=\"http:\/\/www.1010votropticien.com\/blog\/wp-content\/uploads\/2021\/01\/Karavan-Kids-BILI-24-F-OPTIQUE1010-FACHES-THUMESNIL-R\u00e9f-16438-293x200.jpg\" class=\"attachment-thumbnail size-thumbnail\" alt=\"Karavan Kids BILI 24 F OPTIQUE1010 FACHES THUMESNIL R\u00e9f 16438\" decoding=\"async\" loading=\"lazy\" aria-describedby=\"gallery-1-9168\" \/><\/a>\n\t\t\t<\/dt>\n\t\t\t\t<dd class='wp-caption-text gallery-caption' id='gallery-1-9168'>\n\t\t\t\tKaravan Kids BILI 24 F OPTIQUE1010 FACHES THUMESNIL R\u00e9f 16438\n\t\t\t\t<\/dd><\/dl><dl class='gallery-item'>\n\t\t\t<dt class='gallery-icon landscape'>\n\t\t\t\t<a href='http:\/\/www.1010votropticien.com\/blog\/lunettes-de-vue\/karavankid\/karavan-kids-bili-24-v-optique1010-faches-thumesnil-ref-16438\/'><img width=\"293\" height=\"200\" src=\"http:\/\/www.1010votropticien.com\/blog\/wp-content\/uploads\/2021\/01\/Karavan-Kids-BILI-24-V-OPTIQUE1010-FACHES-THUMESNIL-R\u00e9f-16438-293x200.jpg\" class=\"attachment-thumbnail size-thumbnail\" alt=\"Karavan Kids BILI 24 V OPTIQUE1010 FACHES THUMESNIL R\u00e9f 16438\" decoding=\"async\" loading=\"lazy\" aria-describedby=\"gallery-1-9169\" \/><\/a>\n\t\t\t<\/dt>\n\t\t\t\t<dd class='wp-caption-text gallery-caption' id='gallery-1-9169'>\n\t\t\t\tKaravan Kids BILI 24 V OPTIQUE1010 FACHES THUMESNIL R\u00e9f 16438\n\t\t\t\t<\/dd><\/dl><dl class='gallery-item'>\n\t\t\t<dt class='gallery-icon landscape'>\n\t\t\t\t<a href='http:\/\/www.1010votropticien.com\/blog\/lunettes-de-vue\/karavankid\/karavan-kids-bili-25-optique1010-faches-thumesnil-ref-16437\/'><img width=\"293\" height=\"200\" src=\"http:\/\/www.1010votropticien.com\/blog\/wp-content\/uploads\/2021\/01\/Karavan-Kids-BILI-25-OPTIQUE1010-FACHES-THUMESNIL-R\u00e9f-16437-293x200.jpg\" class=\"attachment-thumbnail size-thumbnail\" alt=\"Karavan Kids BILI 25 OPTIQUE1010 FACHES THUMESNIL R\u00e9f 16437\" decoding=\"async\" loading=\"lazy\" aria-describedby=\"gallery-1-9170\" \/><\/a>\n\t\t\t<\/dt>\n\t\t\t\t<dd class='wp-caption-text gallery-caption' id='gallery-1-9170'>\n\t\t\t\tKaravan Kids BILI 25 OPTIQUE1010 FACHES THUMESNIL R\u00e9f 16437\n\t\t\t\t<\/dd><\/dl><br style=\"clear: both\" \/><dl class='gallery-item'>\n\t\t\t<dt class='gallery-icon landscape'>\n\t\t\t\t<a href='http:\/\/www.1010votropticien.com\/blog\/lunettes-de-vue\/karavankid\/karavan-kids-bili-25-f-optique1010-faches-thumesnil-ref-16437\/'><img width=\"293\" height=\"200\" src=\"http:\/\/www.1010votropticien.com\/blog\/wp-content\/uploads\/2021\/01\/Karavan-Kids-BILI-25-F-OPTIQUE1010-FACHES-THUMESNIL-R\u00e9f-16437-293x200.jpg\" class=\"attachment-thumbnail size-thumbnail\" alt=\"Karavan Kids BILI 25 F OPTIQUE1010 FACHES THUMESNIL R\u00e9f 16437\" decoding=\"async\" loading=\"lazy\" aria-describedby=\"gallery-1-9171\" \/><\/a>\n\t\t\t<\/dt>\n\t\t\t\t<dd class='wp-caption-text gallery-caption' id='gallery-1-9171'>\n\t\t\t\tKaravan Kids BILI 25 F OPTIQUE1010 FACHES THUMESNIL R\u00e9f 16437\n\t\t\t\t<\/dd><\/dl><dl class='gallery-item'>\n\t\t\t<dt class='gallery-icon landscape'>\n\t\t\t\t<a href='http:\/\/www.1010votropticien.com\/blog\/lunettes-de-vue\/karavankid\/karavan-kids-bili-25-v-optique1010-faches-thumesnil-ref-16437\/'><img width=\"293\" height=\"200\" src=\"http:\/\/www.1010votropticien.com\/blog\/wp-content\/uploads\/2021\/01\/Karavan-Kids-BILI-25-V-OPTIQUE1010-FACHES-THUMESNIL-R\u00e9f-16437-293x200.jpg\" class=\"attachment-thumbnail size-thumbnail\" alt=\"Karavan Kids BILI 25 V OPTIQUE1010 FACHES THUMESNIL R\u00e9f 16437\" decoding=\"async\" loading=\"lazy\" aria-describedby=\"gallery-1-9172\" \/><\/a>\n\t\t\t<\/dt>\n\t\t\t\t<dd class='wp-caption-text gallery-caption' id='gallery-1-9172'>\n\t\t\t\tKaravan Kids BILI 25 V OPTIQUE1010 FACHES THUMESNIL R\u00e9f 16437\n\t\t\t\t<\/dd><\/dl><dl class='gallery-item'>\n\t\t\t<dt class='gallery-icon landscape'>\n\t\t\t\t<a href='http:\/\/www.1010votropticien.com\/blog\/lunettes-de-vue\/karavankid\/karavan-kids-bili-26-optique1010-faches-thumesnil-ref-16409\/'><img width=\"293\" height=\"200\" src=\"http:\/\/www.1010votropticien.com\/blog\/wp-content\/uploads\/2021\/01\/Karavan-Kids-BILI-26-OPTIQUE1010-FACHES-THUMESNIL-R\u00e9f-16409-293x200.jpg\" class=\"attachment-thumbnail size-thumbnail\" alt=\"Karavan Kids BILI 26 OPTIQUE1010 FACHES THUMESNIL R\u00e9f 16409\" decoding=\"async\" loading=\"lazy\" aria-describedby=\"gallery-1-9173\" \/><\/a>\n\t\t\t<\/dt>\n\t\t\t\t<dd class='wp-caption-text gallery-caption' id='gallery-1-9173'>\n\t\t\t\tKaravan Kids BILI 26 OPTIQUE1010 FACHES THUMESNIL R\u00e9f 16409\n\t\t\t\t<\/dd><\/dl><br style=\"clear: both\" \/><dl class='gallery-item'>\n\t\t\t<dt class='gallery-icon landscape'>\n\t\t\t\t<a href='http:\/\/www.1010votropticien.com\/blog\/lunettes-de-vue\/karavankid\/karavan-kids-bili-26-b-optique1010-faches-thumesnil-ref-16409\/'><img width=\"293\" height=\"200\" src=\"http:\/\/www.1010votropticien.com\/blog\/wp-content\/uploads\/2021\/01\/Karavan-Kids-BILI-26-B-OPTIQUE1010-FACHES-THUMESNIL-R\u00e9f-16409-293x200.jpg\" class=\"attachment-thumbnail size-thumbnail\" alt=\"Karavan Kids BILI 26 B OPTIQUE1010 FACHES THUMESNIL R\u00e9f 16409\" decoding=\"async\" loading=\"lazy\" aria-describedby=\"gallery-1-9174\" \/><\/a>\n\t\t\t<\/dt>\n\t\t\t\t<dd class='wp-caption-text gallery-caption' id='gallery-1-9174'>\n\t\t\t\tKaravan Kids BILI 26 B OPTIQUE1010 FACHES THUMESNIL R\u00e9f 16409\n\t\t\t\t<\/dd><\/dl><dl class='gallery-item'>\n\t\t\t<dt class='gallery-icon landscape'>\n\t\t\t\t<a href='http:\/\/www.1010votropticien.com\/blog\/lunettes-de-vue\/karavankid\/karavan-kids-bili-26-v-optique1010-faches-thumesnil-ref-16409\/'><img width=\"293\" height=\"200\" src=\"http:\/\/www.1010votropticien.com\/blog\/wp-content\/uploads\/2021\/01\/Karavan-Kids-BILI-26-V-OPTIQUE1010-FACHES-THUMESNIL-R\u00e9f-16409-293x200.jpg\" class=\"attachment-thumbnail size-thumbnail\" alt=\"Karavan Kids BILI 26 V OPTIQUE1010 FACHES THUMESNIL R\u00e9f 16409\" decoding=\"async\" loading=\"lazy\" aria-describedby=\"gallery-1-9175\" \/><\/a>\n\t\t\t<\/dt>\n\t\t\t\t<dd class='wp-caption-text gallery-caption' id='gallery-1-9175'>\n\t\t\t\tKaravan Kids BILI 26 V OPTIQUE1010 FACHES THUMESNIL R\u00e9f 16409\n\t\t\t\t<\/dd><\/dl><dl class='gallery-item'>\n\t\t\t<dt class='gallery-icon landscape'>\n\t\t\t\t<a href='http:\/\/www.1010votropticien.com\/blog\/lunettes-de-vue\/karavankid\/karavan-kids-coxi-12-b-optique1010-faches-thumesnil-ref-16402\/'><img width=\"293\" height=\"200\" src=\"http:\/\/www.1010votropticien.com\/blog\/wp-content\/uploads\/2021\/01\/Karavan-Kids-COXI-12-B-OPTIQUE1010-FACHES-THUMESNIL-R\u00e9f-16402-293x200.jpg\" class=\"attachment-thumbnail size-thumbnail\" alt=\"Karavan Kids COXI 12 B OPTIQUE1010 FACHES THUMESNIL R\u00e9f 16402\" decoding=\"async\" loading=\"lazy\" aria-describedby=\"gallery-1-9176\" \/><\/a>\n\t\t\t<\/dt>\n\t\t\t\t<dd class='wp-caption-text gallery-caption' id='gallery-1-9176'>\n\t\t\t\tKaravan Kids COXI 12 B OPTIQUE1010 FACHES THUMESNIL R\u00e9f 16402\n\t\t\t\t<\/dd><\/dl><br style=\"clear: both\" \/><dl class='gallery-item'>\n\t\t\t<dt class='gallery-icon landscape'>\n\t\t\t\t<a href='http:\/\/www.1010votropticien.com\/blog\/lunettes-de-vue\/karavankid\/karavan-kids-coxi-12-optique1010-faches-thumesnil-ref-16402\/'><img width=\"293\" height=\"200\" src=\"http:\/\/www.1010votropticien.com\/blog\/wp-content\/uploads\/2021\/01\/Karavan-Kids-COXI-12-OPTIQUE1010-FACHES-THUMESNIL-R\u00e9f-16402-293x200.jpg\" class=\"attachment-thumbnail size-thumbnail\" alt=\"Karavan Kids COXI 12 OPTIQUE1010 FACHES THUMESNIL R\u00e9f 16402\" decoding=\"async\" loading=\"lazy\" aria-describedby=\"gallery-1-9177\" \/><\/a>\n\t\t\t<\/dt>\n\t\t\t\t<dd class='wp-caption-text gallery-caption' id='gallery-1-9177'>\n\t\t\t\tKaravan Kids COXI 12 OPTIQUE1010 FACHES THUMESNIL R\u00e9f 16402\n\t\t\t\t<\/dd><\/dl><dl class='gallery-item'>\n\t\t\t<dt class='gallery-icon landscape'>\n\t\t\t\t<a href='http:\/\/www.1010votropticien.com\/blog\/lunettes-de-vue\/karavankid\/karavan-kids-coxi-12-v-optique1010-faches-thumesnil-ref-16402\/'><img width=\"293\" height=\"200\" src=\"http:\/\/www.1010votropticien.com\/blog\/wp-content\/uploads\/2021\/01\/Karavan-Kids-COXI-12-V-OPTIQUE1010-FACHES-THUMESNIL-R\u00e9f-16402-293x200.jpg\" class=\"attachment-thumbnail size-thumbnail\" alt=\"Karavan Kids COXI 12 V OPTIQUE1010 FACHES THUMESNIL R\u00e9f 16402\" decoding=\"async\" loading=\"lazy\" aria-describedby=\"gallery-1-9178\" \/><\/a>\n\t\t\t<\/dt>\n\t\t\t\t<dd class='wp-caption-text gallery-caption' id='gallery-1-9178'>\n\t\t\t\tKaravan Kids COXI 12 V OPTIQUE1010 FACHES THUMESNIL R\u00e9f 16402\n\t\t\t\t<\/dd><\/dl><dl class='gallery-item'>\n\t\t\t<dt class='gallery-icon landscape'>\n\t\t\t\t<a href='http:\/\/www.1010votropticien.com\/blog\/lunettes-de-vue\/karavankid\/karavan-kids-pixi-30-optique1010-faches-thumesnil-ref-16831\/'><img width=\"293\" height=\"200\" src=\"http:\/\/www.1010votropticien.com\/blog\/wp-content\/uploads\/2021\/01\/Karavan-Kids-PIXI-30-OPTIQUE1010-FACHES-THUMESNIL-R\u00e9f-16831-293x200.jpg\" class=\"attachment-thumbnail size-thumbnail\" alt=\"Karavan Kids PIXI 30 OPTIQUE1010 FACHES THUMESNIL R\u00e9f 16831\" decoding=\"async\" loading=\"lazy\" aria-describedby=\"gallery-1-9179\" \/><\/a>\n\t\t\t<\/dt>\n\t\t\t\t<dd class='wp-caption-text gallery-caption' id='gallery-1-9179'>\n\t\t\t\tKaravan Kids PIXI 30 OPTIQUE1010 FACHES THUMESNIL R\u00e9f 16831\n\t\t\t\t<\/dd><\/dl><br style=\"clear: both\" \/><dl class='gallery-item'>\n\t\t\t<dt class='gallery-icon landscape'>\n\t\t\t\t<a href='http:\/\/www.1010votropticien.com\/blog\/lunettes-de-vue\/karavankid\/karavan-kids-pixi-30-v-optique1010-faches-thumesnil-ref-16831\/'><img width=\"293\" height=\"200\" src=\"http:\/\/www.1010votropticien.com\/blog\/wp-content\/uploads\/2021\/01\/Karavan-Kids-PIXI-30-V-OPTIQUE1010-FACHES-THUMESNIL-R\u00e9f-16831-293x200.jpg\" class=\"attachment-thumbnail size-thumbnail\" alt=\"Karavan Kids PIXI 30 V OPTIQUE1010 FACHES THUMESNIL R\u00e9f 16831\" decoding=\"async\" loading=\"lazy\" aria-describedby=\"gallery-1-9180\" \/><\/a>\n\t\t\t<\/dt>\n\t\t\t\t<dd class='wp-caption-text gallery-caption' id='gallery-1-9180'>\n\t\t\t\tKaravan Kids PIXI 30 V OPTIQUE1010 FACHES THUMESNIL R\u00e9f 16831\n\t\t\t\t<\/dd><\/dl><dl class='gallery-item'>\n\t\t\t<dt class='gallery-icon landscape'>\n\t\t\t\t<a href='http:\/\/www.1010votropticien.com\/blog\/lunettes-de-vue\/karavankid\/karavan-kids-pixi40-optique1010-faches-thumesnil-ref-18261\/'><img width=\"293\" height=\"200\" src=\"http:\/\/www.1010votropticien.com\/blog\/wp-content\/uploads\/2021\/04\/KARAVAN-KIDS-PIXI40-OPTIQUE1010-FACHES-THUMESNIL-R\u00e9f-18261-293x200.jpg\" class=\"attachment-thumbnail size-thumbnail\" alt=\"KARAVAN KIDS PIXI40 OPTIQUE1010 FACHES THUMESNIL R\u00e9f 18261\" decoding=\"async\" loading=\"lazy\" aria-describedby=\"gallery-1-10081\" \/><\/a>\n\t\t\t<\/dt>\n\t\t\t\t<dd class='wp-caption-text gallery-caption' id='gallery-1-10081'>\n\t\t\t\tKARAVAN KIDS PIXI40 OPTIQUE1010 FACHES THUMESNIL R\u00e9f 18261\n\t\t\t\t<\/dd><\/dl><dl class='gallery-item'>\n\t\t\t<dt class='gallery-icon landscape'>\n\t\t\t\t<a href='http:\/\/www.1010votropticien.com\/blog\/lunettes-de-vue\/karavankid\/karavan-kids-pixi40-v-optique1010-faches-thumesnil-ref-18261\/'><img width=\"293\" height=\"200\" src=\"http:\/\/www.1010votropticien.com\/blog\/wp-content\/uploads\/2021\/04\/KARAVAN-KIDS-PIXI40-V-OPTIQUE1010-FACHES-THUMESNIL-R\u00e9f-18261-293x200.jpg\" class=\"attachment-thumbnail size-thumbnail\" alt=\"KARAVAN KIDS PIXI40 V OPTIQUE1010 FACHES THUMESNIL R\u00e9f 18261\" decoding=\"async\" loading=\"lazy\" aria-describedby=\"gallery-1-10082\" \/><\/a>\n\t\t\t<\/dt>\n\t\t\t\t<dd class='wp-caption-text gallery-caption' id='gallery-1-10082'>\n\t\t\t\tKARAVAN KIDS PIXI40 V OPTIQUE1010 FACHES THUMESNIL R\u00e9f 18261\n\t\t\t\t<\/dd><\/dl><br style=\"clear: both\" \/><dl class='gallery-item'>\n\t\t\t<dt class='gallery-icon landscape'>\n\t\t\t\t<a href='http:\/\/www.1010votropticien.com\/blog\/lunettes-de-vue\/karavankid\/karavan-kids-pixi40-d-optique1010-faches-thumesnil-ref-18261\/'><img width=\"293\" height=\"200\" src=\"http:\/\/www.1010votropticien.com\/blog\/wp-content\/uploads\/2021\/04\/KARAVAN-KIDS-PIXI40-D-OPTIQUE1010-FACHES-THUMESNIL-R\u00e9f-18261-293x200.jpg\" class=\"attachment-thumbnail size-thumbnail\" alt=\"KARAVAN KIDS PIXI40 D OPTIQUE1010 FACHES THUMESNIL R\u00e9f 18261\" decoding=\"async\" loading=\"lazy\" aria-describedby=\"gallery-1-10083\" \/><\/a>\n\t\t\t<\/dt>\n\t\t\t\t<dd class='wp-caption-text gallery-caption' id='gallery-1-10083'>\n\t\t\t\tKARAVAN KIDS PIXI40 D OPTIQUE1010 FACHES THUMESNIL R\u00e9f 18261\n\t\t\t\t<\/dd><\/dl><dl class='gallery-item'>\n\t\t\t<dt class='gallery-icon landscape'>\n\t\t\t\t<a href='http:\/\/www.1010votropticien.com\/blog\/lunettes-de-vue\/karavankid\/karavan-kids-pixi46-optique1010-faches-thumesnil-ref-18260\/'><img width=\"293\" height=\"200\" src=\"http:\/\/www.1010votropticien.com\/blog\/wp-content\/uploads\/2021\/04\/KARAVAN-KIDS-PIXI46-OPTIQUE1010-FACHES-THUMESNIL-R\u00e9f-18260-293x200.jpg\" class=\"attachment-thumbnail size-thumbnail\" alt=\"KARAVAN KIDS PIXI46 OPTIQUE1010 FACHES THUMESNIL R\u00e9f 18260\" decoding=\"async\" loading=\"lazy\" aria-describedby=\"gallery-1-10084\" \/><\/a>\n\t\t\t<\/dt>\n\t\t\t\t<dd class='wp-caption-text gallery-caption' id='gallery-1-10084'>\n\t\t\t\tKARAVAN KIDS PIXI46 OPTIQUE1010 FACHES THUMESNIL R\u00e9f 18260\n\t\t\t\t<\/dd><\/dl><dl class='gallery-item'>\n\t\t\t<dt class='gallery-icon landscape'>\n\t\t\t\t<a href='http:\/\/www.1010votropticien.com\/blog\/lunettes-de-vue\/karavankid\/karavan-kids-pixi46-optique1010-faches-thumesnil-ref-18262\/'><img width=\"293\" height=\"200\" src=\"http:\/\/www.1010votropticien.com\/blog\/wp-content\/uploads\/2021\/04\/KARAVAN-KIDS-PIXI46-OPTIQUE1010-FACHES-THUMESNIL-R\u00e9f-18262-293x200.jpg\" class=\"attachment-thumbnail size-thumbnail\" alt=\"KARAVAN KIDS PIXI46 OPTIQUE1010 FACHES THUMESNIL R\u00e9f 18262\" decoding=\"async\" loading=\"lazy\" aria-describedby=\"gallery-1-10085\" \/><\/a>\n\t\t\t<\/dt>\n\t\t\t\t<dd class='wp-caption-text gallery-caption' id='gallery-1-10085'>\n\t\t\t\tKARAVAN KIDS PIXI46 OPTIQUE1010 FACHES THUMESNIL R\u00e9f 18262\n\t\t\t\t<\/dd><\/dl><br style=\"clear: both\" \/><dl class='gallery-item'>\n\t\t\t<dt class='gallery-icon landscape'>\n\t\t\t\t<a href='http:\/\/www.1010votropticien.com\/blog\/lunettes-de-vue\/karavankid\/karavan-kids-pixi46-d-optique1010-faches-thumesnil-ref-18262\/'><img width=\"293\" height=\"200\" src=\"http:\/\/www.1010votropticien.com\/blog\/wp-content\/uploads\/2021\/04\/KARAVAN-KIDS-PIXI46-D-OPTIQUE1010-FACHES-THUMESNIL-R\u00e9f-18262-293x200.jpg\" class=\"attachment-thumbnail size-thumbnail\" alt=\"KARAVAN KIDS PIXI46 D OPTIQUE1010 FACHES THUMESNIL R\u00e9f 18262\" decoding=\"async\" loading=\"lazy\" aria-describedby=\"gallery-1-10086\" \/><\/a>\n\t\t\t<\/dt>\n\t\t\t\t<dd class='wp-caption-text gallery-caption' id='gallery-1-10086'>\n\t\t\t\tKARAVAN KIDS PIXI46 D OPTIQUE1010 FACHES THUMESNIL R\u00e9f 18262\n\t\t\t\t<\/dd><\/dl><dl class='gallery-item'>\n\t\t\t<dt class='gallery-icon landscape'>\n\t\t\t\t<a href='http:\/\/www.1010votropticien.com\/blog\/lunettes-de-vue\/karavankid\/karavan-kids-pixi46-v-optique1010-faches-thumesnil-ref-18262\/'><img width=\"293\" height=\"200\" src=\"http:\/\/www.1010votropticien.com\/blog\/wp-content\/uploads\/2021\/04\/KARAVAN-KIDS-PIXI46-V-OPTIQUE1010-FACHES-THUMESNIL-R\u00e9f-18262-293x200.jpg\" class=\"attachment-thumbnail size-thumbnail\" alt=\"KARAVAN KIDS PIXI46 V OPTIQUE1010 FACHES THUMESNIL R\u00e9f 18262\" decoding=\"async\" loading=\"lazy\" aria-describedby=\"gallery-1-10087\" \/><\/a>\n\t\t\t<\/dt>\n\t\t\t\t<dd class='wp-caption-text gallery-caption' id='gallery-1-10087'>\n\t\t\t\tKARAVAN KIDS PIXI46 V OPTIQUE1010 FACHES THUMESNIL R\u00e9f 18262\n\t\t\t\t<\/dd><\/dl><dl class='gallery-item'>\n\t\t\t<dt class='gallery-icon landscape'>\n\t\t\t\t<a href='http:\/\/www.1010votropticien.com\/blog\/lunettes-de-vue\/karavankid\/karavan-kids-pixi46-v-optique1010-faches-thumesnil-ref-18260\/'><img width=\"293\" height=\"200\" src=\"http:\/\/www.1010votropticien.com\/blog\/wp-content\/uploads\/2021\/04\/KARAVAN-KIDS-PIXI46-V-OPTIQUE1010-FACHES-THUMESNIL-R\u00e9f-18260-293x200.jpg\" class=\"attachment-thumbnail size-thumbnail\" alt=\"KARAVAN KIDS PIXI46 V OPTIQUE1010 FACHES THUMESNIL R\u00e9f 18260\" decoding=\"async\" loading=\"lazy\" aria-describedby=\"gallery-1-10088\" \/><\/a>\n\t\t\t<\/dt>\n\t\t\t\t<dd class='wp-caption-text gallery-caption' id='gallery-1-10088'>\n\t\t\t\tKARAVAN KIDS PIXI46 V OPTIQUE1010 FACHES THUMESNIL R\u00e9f 18260\n\t\t\t\t<\/dd><\/dl><br style=\"clear: both\" \/>\n\t\t<\/div>\n\n<p>&nbsp;<\/p>\n<h4>Une marque <span style=\"color: #ff0000;\">recommand\u00e9e par les ophtalmologues<\/span> et les <span style=\"color: #ff0000;\">opticiens<\/span>, pl\u00e9biscit\u00e9e par les <span style=\"color: #ff0000;\">parents<\/span>, test\u00e9e et approuv\u00e9e par les <span style=\"color: #ff0000;\">enfants de 3 \u00e0 7 ans<\/span>.<\/h4>\n<h4>La collection se compose de montures <span style=\"color: #ff0000;\">combin\u00e9s et ac\u00e9tates<\/span>. Les coloris et motifs sont <span style=\"color: #ff0000;\">originaux<\/span> et <span style=\"color: #ff0000;\">exclusifs<\/span> \u00e0 la collection.<\/h4>\n<h4>De plus, les <span style=\"color: #ff0000;\">manchons<\/span> sont agr\u00e9ment\u00e9s du <span style=\"color: #ff0000;\">petit \u0153il<\/span> caract\u00e9ristique de la marque qui apporte un <span style=\"color: #ff0000;\">cot\u00e9 ludique<\/span> pour l\u2019enfant.<\/h4>\n<h4>La correction optique est particuli\u00e8rement importante pour le d\u00e9veloppement de l\u2019enfant et les montures sont souvent soumises \u00e0 rude \u00e9preuve.<\/h4>\n<h4>La collection Karavan Kids apporte de nombreuses <span style=\"color: #ff0000;\">solutions techniques<\/span>, preuve en est la <span style=\"color: #ff0000;\">charni\u00e8re duraflex<\/span>, brevet\u00e9, des montures Pixi.<\/h4>\n<h5>&nbsp;<\/h5>\n","protected":false},"excerpt":{"rendered":"<p>Voici un petit aper\u00e7u des mod\u00e8les de la collection Karavankid &#8230; Venez vite en magasin les essayer et d\u00e9couvrir d&rsquo;autres mod\u00e8les! &nbsp; Une marque recommand\u00e9e par les ophtalmologues et les opticiens, pl\u00e9biscit\u00e9e par les parents, test\u00e9e et approuv\u00e9e par les enfants de 3 \u00e0 7 ans. La collection se compose de montures combin\u00e9s et ac\u00e9tates. [&hellip;]<\/p>\n","protected":false},"author":4,"featured_media":0,"parent":1290,"menu_order":0,"comment_status":"closed","ping_status":"closed","template":"","meta":{"ngg_post_thumbnail":0},"_links":{"self":[{"href":"http:\/\/www.1010votropticien.com\/blog\/wp-json\/wp\/v2\/pages\/5233"}],"collection":[{"href":"http:\/\/www.1010votropticien.com\/blog\/wp-json\/wp\/v2\/pages"}],"about":[{"href":"http:\/\/www.1010votropticien.com\/blog\/wp-json\/wp\/v2\/types\/page"}],"author":[{"embeddable":true,"href":"http:\/\/www.1010votropticien.com\/blog\/wp-json\/wp\/v2\/users\/4"}],"replies":[{"embeddable":true,"href":"http:\/\/www.1010votropticien.com\/blog\/wp-json\/wp\/v2\/comments?post=5233"}],"version-history":[{"count":2,"href":"http:\/\/www.1010votropticien.com\/blog\/wp-json\/wp\/v2\/pages\/5233\/revisions"}],"predecessor-version":[{"id":10089,"href":"http:\/\/www.1010votropticien.com\/blog\/wp-json\/wp\/v2\/pages\/5233\/revisions\/10089"}],"up":[{"embeddable":true,"href":"http:\/\/www.1010votropticien.com\/blog\/wp-json\/wp\/v2\/pages\/1290"}],"wp:attachment":[{"href":"http:\/\/www.1010votropticien.com\/blog\/wp-json\/wp\/v2\/media?parent=5233"}],"curies":[{"name":"wp","href":"https:\/\/api.w.org\/{rel}","templated":true}]}}