{"id":5216,"date":"2015-10-18T17:38:17","date_gmt":"2015-10-18T15:38:17","guid":{"rendered":"http:\/\/www.1010votropticien.com\/blog\/?page_id=5216"},"modified":"2021-03-15T14:17:51","modified_gmt":"2021-03-15T13:17:51","slug":"little-paul-joe","status":"publish","type":"page","link":"http:\/\/www.1010votropticien.com\/blog\/lunettes-de-vue\/little-paul-joe\/","title":{"rendered":"Little Paul &#038; Joe"},"content":{"rendered":"<h3 style=\"text-align: justify;\">Voici un petit aper\u00e7u des mod\u00e8les de la collection Little Paul &amp; Joe &#8230; Venez vite en magasin les essayer et d\u00e9couvrir d&rsquo;autres mod\u00e8les!<\/h3>\n\n\t\t<style type=\"text\/css\">\n\t\t\t#gallery-1 {\n\t\t\t\tmargin: auto;\n\t\t\t}\n\t\t\t#gallery-1 .gallery-item {\n\t\t\t\tfloat: left;\n\t\t\t\tmargin-top: 10px;\n\t\t\t\ttext-align: center;\n\t\t\t\twidth: 33%;\n\t\t\t}\n\t\t\t#gallery-1 img {\n\t\t\t\tborder: 2px solid #cfcfcf;\n\t\t\t}\n\t\t\t#gallery-1 .gallery-caption {\n\t\t\t\tmargin-left: 0;\n\t\t\t}\n\t\t\t\/* see gallery_shortcode() in wp-includes\/media.php *\/\n\t\t<\/style>\n\t\t<div id='gallery-1' class='gallery galleryid-5216 gallery-columns-3 gallery-size-thumbnail'><dl class='gallery-item'>\n\t\t\t<dt class='gallery-icon landscape'>\n\t\t\t\t<a href='http:\/\/www.1010votropticien.com\/blog\/lunettes-de-vue\/little-paul-joe\/little-pauljoe-kate-02-optique-1010-faches-thumesnil-ref-15809\/'><img width=\"293\" height=\"200\" src=\"http:\/\/www.1010votropticien.com\/blog\/wp-content\/uploads\/2021\/01\/LITTLE-PAULJOE-KATE-02-OPTIQUE-1010-FACHES-THUMESNIL-R\u00e9f-15809-293x200.jpg\" class=\"attachment-thumbnail size-thumbnail\" alt=\"LITTLE PAUL&amp;JOE KATE 02 OPTIQUE 1010 FACHES THUMESNIL R\u00e9f 15809\" decoding=\"async\" loading=\"lazy\" aria-describedby=\"gallery-1-9347\" \/><\/a>\n\t\t\t<\/dt>\n\t\t\t\t<dd class='wp-caption-text gallery-caption' id='gallery-1-9347'>\n\t\t\t\tLITTLE PAUL&#038;JOE KATE 02 OPTIQUE 1010 FACHES THUMESNIL R\u00e9f 15809\n\t\t\t\t<\/dd><\/dl><dl class='gallery-item'>\n\t\t\t<dt class='gallery-icon landscape'>\n\t\t\t\t<a href='http:\/\/www.1010votropticien.com\/blog\/lunettes-de-vue\/little-paul-joe\/little-pauljoe-lizzie-01-optique-1010-faches-thumesnil-ref-17238\/'><img width=\"293\" height=\"200\" src=\"http:\/\/www.1010votropticien.com\/blog\/wp-content\/uploads\/2021\/01\/LITTLE-PAULJOE-LIZZIE-01-OPTIQUE-1010-FACHES-THUMESNIL-R\u00e9f-17238-293x200.jpg\" class=\"attachment-thumbnail size-thumbnail\" alt=\"LITTLE PAUL&amp;JOE LIZZIE 01 OPTIQUE 1010 FACHES THUMESNIL R\u00e9f 17238\" decoding=\"async\" loading=\"lazy\" aria-describedby=\"gallery-1-9349\" \/><\/a>\n\t\t\t<\/dt>\n\t\t\t\t<dd class='wp-caption-text gallery-caption' id='gallery-1-9349'>\n\t\t\t\tLITTLE PAUL&#038;JOE LIZZIE 01 OPTIQUE 1010 FACHES THUMESNIL R\u00e9f 17238\n\t\t\t\t<\/dd><\/dl><dl class='gallery-item'>\n\t\t\t<dt class='gallery-icon landscape'>\n\t\t\t\t<a href='http:\/\/www.1010votropticien.com\/blog\/lunettes-de-vue\/little-paul-joe\/little-pauljoe-lizzie-01-v-optique-1010-faches-thumesnil-ref-17238\/'><img width=\"293\" height=\"200\" src=\"http:\/\/www.1010votropticien.com\/blog\/wp-content\/uploads\/2021\/01\/LITTLE-PAULJOE-LIZZIE-01-V-OPTIQUE-1010-FACHES-THUMESNIL-R\u00e9f-17238-293x200.jpg\" class=\"attachment-thumbnail size-thumbnail\" alt=\"LITTLE PAUL&amp;JOE LIZZIE 01 V OPTIQUE 1010 FACHES THUMESNIL R\u00e9f 17238\" decoding=\"async\" loading=\"lazy\" aria-describedby=\"gallery-1-9350\" \/><\/a>\n\t\t\t<\/dt>\n\t\t\t\t<dd class='wp-caption-text gallery-caption' id='gallery-1-9350'>\n\t\t\t\tLITTLE PAUL&#038;JOE LIZZIE 01 V OPTIQUE 1010 FACHES THUMESNIL R\u00e9f 17238\n\t\t\t\t<\/dd><\/dl><br style=\"clear: both\" \/><dl class='gallery-item'>\n\t\t\t<dt class='gallery-icon landscape'>\n\t\t\t\t<a href='http:\/\/www.1010votropticien.com\/blog\/lunettes-de-vue\/little-paul-joe\/little-pauljoe-myrtille-01-b2-optique-1010-faches-thumesnil-ref-15319\/'><img width=\"293\" height=\"200\" src=\"http:\/\/www.1010votropticien.com\/blog\/wp-content\/uploads\/2021\/01\/LITTLE-PAULJOE-MYRTILLE-01-B2-OPTIQUE-1010-FACHES-THUMESNIL-R\u00e9f-15319-293x200.jpg\" class=\"attachment-thumbnail size-thumbnail\" alt=\"LITTLE PAUL&amp;JOE MYRTILLE 01 B2 OPTIQUE 1010 FACHES THUMESNIL R\u00e9f 15319\" decoding=\"async\" loading=\"lazy\" aria-describedby=\"gallery-1-9352\" \/><\/a>\n\t\t\t<\/dt>\n\t\t\t\t<dd class='wp-caption-text gallery-caption' id='gallery-1-9352'>\n\t\t\t\tLITTLE PAUL&#038;JOE MYRTILLE 01 B2 OPTIQUE 1010 FACHES THUMESNIL R\u00e9f 15319\n\t\t\t\t<\/dd><\/dl><dl class='gallery-item'>\n\t\t\t<dt class='gallery-icon landscape'>\n\t\t\t\t<a href='http:\/\/www.1010votropticien.com\/blog\/lunettes-de-vue\/little-paul-joe\/little-pauljoe-myrtille-01-optique-1010-faches-thumesnil-ref-15319\/'><img width=\"293\" height=\"200\" src=\"http:\/\/www.1010votropticien.com\/blog\/wp-content\/uploads\/2021\/01\/LITTLE-PAULJOE-MYRTILLE-01-OPTIQUE-1010-FACHES-THUMESNIL-R\u00e9f-15319.-293x200.jpg\" class=\"attachment-thumbnail size-thumbnail\" alt=\"LITTLE PAUL&amp;JOE MYRTILLE 01 OPTIQUE 1010 FACHES THUMESNIL R\u00e9f 15319.\" decoding=\"async\" loading=\"lazy\" aria-describedby=\"gallery-1-9353\" \/><\/a>\n\t\t\t<\/dt>\n\t\t\t\t<dd class='wp-caption-text gallery-caption' id='gallery-1-9353'>\n\t\t\t\tLITTLE PAUL&#038;JOE MYRTILLE 01 OPTIQUE 1010 FACHES THUMESNIL R\u00e9f 15319.\n\t\t\t\t<\/dd><\/dl><dl class='gallery-item'>\n\t\t\t<dt class='gallery-icon landscape'>\n\t\t\t\t<a href='http:\/\/www.1010votropticien.com\/blog\/lunettes-de-vue\/little-paul-joe\/inshot_20210315_112753756\/'><img width=\"293\" height=\"200\" src=\"http:\/\/www.1010votropticien.com\/blog\/wp-content\/uploads\/2021\/03\/InShot_20210315_112753756-293x200.jpg\" class=\"attachment-thumbnail size-thumbnail\" alt=\"Little Paul&amp;Joe GABY 05 V OPTIQUE1010 FACHES THUMESNIL R\u00e9f 18076\" decoding=\"async\" loading=\"lazy\" aria-describedby=\"gallery-1-9668\" \/><\/a>\n\t\t\t<\/dt>\n\t\t\t\t<dd class='wp-caption-text gallery-caption' id='gallery-1-9668'>\n\t\t\t\tLittle Paul&#038;Joe GABY 05 V OPTIQUE1010 FACHES THUMESNIL R\u00e9f 18076\n\t\t\t\t<\/dd><\/dl><br style=\"clear: both\" \/><dl class='gallery-item'>\n\t\t\t<dt class='gallery-icon landscape'>\n\t\t\t\t<a href='http:\/\/www.1010votropticien.com\/blog\/lunettes-de-vue\/little-paul-joe\/inshot_20210315_112822475\/'><img width=\"293\" height=\"200\" src=\"http:\/\/www.1010votropticien.com\/blog\/wp-content\/uploads\/2021\/03\/InShot_20210315_112822475-293x200.jpg\" class=\"attachment-thumbnail size-thumbnail\" alt=\"Little Paul&amp;Joe GABY 05 OPTIQUE1010 FACHES THUMESNIL R\u00e9f 18076\" decoding=\"async\" loading=\"lazy\" aria-describedby=\"gallery-1-9669\" \/><\/a>\n\t\t\t<\/dt>\n\t\t\t\t<dd class='wp-caption-text gallery-caption' id='gallery-1-9669'>\n\t\t\t\tLittle Paul&#038;Joe GABY 05 OPTIQUE1010 FACHES THUMESNIL R\u00e9f 18076\n\t\t\t\t<\/dd><\/dl><dl class='gallery-item'>\n\t\t\t<dt class='gallery-icon landscape'>\n\t\t\t\t<a href='http:\/\/www.1010votropticien.com\/blog\/lunettes-de-vue\/little-paul-joe\/inshot_20210315_112847407\/'><img width=\"293\" height=\"200\" src=\"http:\/\/www.1010votropticien.com\/blog\/wp-content\/uploads\/2021\/03\/InShot_20210315_112847407-293x200.jpg\" class=\"attachment-thumbnail size-thumbnail\" alt=\"Little Paul&amp;Joe GABY 04 V OPTIQUE1010 FACHES THUMESNIL R\u00e9f 18075\" decoding=\"async\" loading=\"lazy\" aria-describedby=\"gallery-1-9670\" \/><\/a>\n\t\t\t<\/dt>\n\t\t\t\t<dd class='wp-caption-text gallery-caption' id='gallery-1-9670'>\n\t\t\t\tLittle Paul&#038;Joe GABY 04 V OPTIQUE1010 FACHES THUMESNIL R\u00e9f 18075\n\t\t\t\t<\/dd><\/dl><dl class='gallery-item'>\n\t\t\t<dt class='gallery-icon landscape'>\n\t\t\t\t<a href='http:\/\/www.1010votropticien.com\/blog\/lunettes-de-vue\/little-paul-joe\/inshot_20210315_112911229\/'><img width=\"293\" height=\"200\" src=\"http:\/\/www.1010votropticien.com\/blog\/wp-content\/uploads\/2021\/03\/InShot_20210315_112911229-293x200.jpg\" class=\"attachment-thumbnail size-thumbnail\" alt=\"Little Paul&amp;Joe GABY 04 OPTIQUE1010 FACHES THUMESNIL R\u00e9f 18075\" decoding=\"async\" loading=\"lazy\" aria-describedby=\"gallery-1-9671\" \/><\/a>\n\t\t\t<\/dt>\n\t\t\t\t<dd class='wp-caption-text gallery-caption' id='gallery-1-9671'>\n\t\t\t\tLittle Paul&#038;Joe GABY 04  OPTIQUE1010 FACHES THUMESNIL R\u00e9f 18075\n\t\t\t\t<\/dd><\/dl><br style=\"clear: both\" \/><dl class='gallery-item'>\n\t\t\t<dt class='gallery-icon landscape'>\n\t\t\t\t<a href='http:\/\/www.1010votropticien.com\/blog\/lunettes-de-vue\/little-paul-joe\/inshot_20210315_112936985\/'><img width=\"293\" height=\"200\" src=\"http:\/\/www.1010votropticien.com\/blog\/wp-content\/uploads\/2021\/03\/InShot_20210315_112936985-293x200.jpg\" class=\"attachment-thumbnail size-thumbnail\" alt=\"Little Paul&amp;Joe GABY 05 V OPTIQUE1010 FACHES THUMESNIL R\u00e9f 18074\" decoding=\"async\" loading=\"lazy\" aria-describedby=\"gallery-1-9672\" \/><\/a>\n\t\t\t<\/dt>\n\t\t\t\t<dd class='wp-caption-text gallery-caption' id='gallery-1-9672'>\n\t\t\t\tLittle Paul&#038;Joe GABY 05 V OPTIQUE1010 FACHES THUMESNIL R\u00e9f 18074\n\t\t\t\t<\/dd><\/dl><dl class='gallery-item'>\n\t\t\t<dt class='gallery-icon landscape'>\n\t\t\t\t<a href='http:\/\/www.1010votropticien.com\/blog\/lunettes-de-vue\/little-paul-joe\/inshot_20210315_113003943\/'><img width=\"293\" height=\"200\" src=\"http:\/\/www.1010votropticien.com\/blog\/wp-content\/uploads\/2021\/03\/InShot_20210315_113003943-293x200.jpg\" class=\"attachment-thumbnail size-thumbnail\" alt=\"Little Paul&amp;Joe GABY 05 OPTIQUE1010 FACHES THUMESNIL R\u00e9f 18074\" decoding=\"async\" loading=\"lazy\" aria-describedby=\"gallery-1-9673\" \/><\/a>\n\t\t\t<\/dt>\n\t\t\t\t<dd class='wp-caption-text gallery-caption' id='gallery-1-9673'>\n\t\t\t\tLittle Paul&#038;Joe GABY 05 OPTIQUE1010 FACHES THUMESNIL R\u00e9f 18074\n\t\t\t\t<\/dd><\/dl><dl class='gallery-item'>\n\t\t\t<dt class='gallery-icon landscape'>\n\t\t\t\t<a href='http:\/\/www.1010votropticien.com\/blog\/lunettes-de-vue\/little-paul-joe\/inshot_20210315_113030186\/'><img width=\"293\" height=\"200\" src=\"http:\/\/www.1010votropticien.com\/blog\/wp-content\/uploads\/2021\/03\/InShot_20210315_113030186-293x200.jpg\" class=\"attachment-thumbnail size-thumbnail\" alt=\"Little Paul&amp;Joe GABY 04 V OPTIQUE1010 FACHES THUMESNIL R\u00e9f 18073\" decoding=\"async\" loading=\"lazy\" aria-describedby=\"gallery-1-9674\" \/><\/a>\n\t\t\t<\/dt>\n\t\t\t\t<dd class='wp-caption-text gallery-caption' id='gallery-1-9674'>\n\t\t\t\tLittle Paul&#038;Joe GABY 04 V OPTIQUE1010 FACHES THUMESNIL R\u00e9f 18073\n\t\t\t\t<\/dd><\/dl><br style=\"clear: both\" \/><dl class='gallery-item'>\n\t\t\t<dt class='gallery-icon landscape'>\n\t\t\t\t<a href='http:\/\/www.1010votropticien.com\/blog\/lunettes-de-vue\/little-paul-joe\/inshot_20210315_113103838\/'><img width=\"293\" height=\"200\" src=\"http:\/\/www.1010votropticien.com\/blog\/wp-content\/uploads\/2021\/03\/InShot_20210315_113103838-293x200.jpg\" class=\"attachment-thumbnail size-thumbnail\" alt=\"Little Paul&amp;Joe GABY 04 OPTIQUE1010 FACHES THUMESNIL R\u00e9f 18073\" decoding=\"async\" loading=\"lazy\" aria-describedby=\"gallery-1-9675\" \/><\/a>\n\t\t\t<\/dt>\n\t\t\t\t<dd class='wp-caption-text gallery-caption' id='gallery-1-9675'>\n\t\t\t\tLittle Paul&#038;Joe GABY 04  OPTIQUE1010 FACHES THUMESNIL R\u00e9f 18073\n\t\t\t\t<\/dd><\/dl><dl class='gallery-item'>\n\t\t\t<dt class='gallery-icon landscape'>\n\t\t\t\t<a href='http:\/\/www.1010votropticien.com\/blog\/lunettes-de-vue\/little-paul-joe\/inshot_20210315_113128592\/'><img width=\"293\" height=\"200\" src=\"http:\/\/www.1010votropticien.com\/blog\/wp-content\/uploads\/2021\/03\/InShot_20210315_113128592-293x200.jpg\" class=\"attachment-thumbnail size-thumbnail\" alt=\"Little Paul&amp;Joe GABY 05 V OPTIQUE1010 FACHES THUMESNIL R\u00e9f 18072\" decoding=\"async\" loading=\"lazy\" aria-describedby=\"gallery-1-9676\" \/><\/a>\n\t\t\t<\/dt>\n\t\t\t\t<dd class='wp-caption-text gallery-caption' id='gallery-1-9676'>\n\t\t\t\tLittle Paul&#038;Joe GABY 05 V OPTIQUE1010 FACHES THUMESNIL R\u00e9f 18072\n\t\t\t\t<\/dd><\/dl><dl class='gallery-item'>\n\t\t\t<dt class='gallery-icon landscape'>\n\t\t\t\t<a href='http:\/\/www.1010votropticien.com\/blog\/lunettes-de-vue\/little-paul-joe\/inshot_20210315_113153979\/'><img width=\"293\" height=\"200\" src=\"http:\/\/www.1010votropticien.com\/blog\/wp-content\/uploads\/2021\/03\/InShot_20210315_113153979-293x200.jpg\" class=\"attachment-thumbnail size-thumbnail\" alt=\"Little Paul&amp;Joe GABY 05 OPTIQUE1010 FACHES THUMESNIL R\u00e9f 18072\" decoding=\"async\" loading=\"lazy\" aria-describedby=\"gallery-1-9677\" \/><\/a>\n\t\t\t<\/dt>\n\t\t\t\t<dd class='wp-caption-text gallery-caption' id='gallery-1-9677'>\n\t\t\t\tLittle Paul&#038;Joe GABY 05 OPTIQUE1010 FACHES THUMESNIL R\u00e9f 18072\n\t\t\t\t<\/dd><\/dl><br style=\"clear: both\" \/>\n\t\t<\/div>\n\n<h4 style=\"text-align: justify;\"><span style=\"color: #ff0000;\"><span style=\"color: #000000;\">Comme<\/span> papa <span style=\"color: #000000;\">et<\/span> maman<span style=\"color: #000000;\">, des<\/span> lunettes vintages<span style=\"color: #000000;\">, un<\/span> style r\u00e9tro <span style=\"color: #000000;\">remis au go\u00fbt du jour. Des lunettes<\/span> chic <span style=\"color: #000000;\">qui rendront votre<\/span> <span style=\"color: #000000;\">enfant<\/span> diff\u00e9rent des autres<span style=\"color: #000000;\">!<\/span><\/span><\/h4>\n<p>&nbsp;<\/p>\n<h5><a href=\"https:\/\/www.paulandjoe.fr\/paul-and-joe.html\" target=\"_blank\" rel=\"noopener noreferrer\"><span style=\"color: #ff6600;\">Retrouvez ici l&rsquo;univers de Paul &amp; Joe.<\/span><\/a><\/h5>\n<p>&nbsp;<\/p>\n","protected":false},"excerpt":{"rendered":"<p>Voici un petit aper\u00e7u des mod\u00e8les de la collection Little Paul &amp; Joe &#8230; Venez vite en magasin les essayer et d\u00e9couvrir d&rsquo;autres mod\u00e8les! Comme papa et maman, des lunettes vintages, un style r\u00e9tro remis au go\u00fbt du jour. Des lunettes chic qui rendront votre enfant diff\u00e9rent des autres! &nbsp; Retrouvez ici l&rsquo;univers de Paul [&hellip;]<\/p>\n","protected":false},"author":4,"featured_media":0,"parent":1290,"menu_order":0,"comment_status":"closed","ping_status":"closed","template":"","meta":{"ngg_post_thumbnail":0},"_links":{"self":[{"href":"http:\/\/www.1010votropticien.com\/blog\/wp-json\/wp\/v2\/pages\/5216"}],"collection":[{"href":"http:\/\/www.1010votropticien.com\/blog\/wp-json\/wp\/v2\/pages"}],"about":[{"href":"http:\/\/www.1010votropticien.com\/blog\/wp-json\/wp\/v2\/types\/page"}],"author":[{"embeddable":true,"href":"http:\/\/www.1010votropticien.com\/blog\/wp-json\/wp\/v2\/users\/4"}],"replies":[{"embeddable":true,"href":"http:\/\/www.1010votropticien.com\/blog\/wp-json\/wp\/v2\/comments?post=5216"}],"version-history":[{"count":2,"href":"http:\/\/www.1010votropticien.com\/blog\/wp-json\/wp\/v2\/pages\/5216\/revisions"}],"predecessor-version":[{"id":9678,"href":"http:\/\/www.1010votropticien.com\/blog\/wp-json\/wp\/v2\/pages\/5216\/revisions\/9678"}],"up":[{"embeddable":true,"href":"http:\/\/www.1010votropticien.com\/blog\/wp-json\/wp\/v2\/pages\/1290"}],"wp:attachment":[{"href":"http:\/\/www.1010votropticien.com\/blog\/wp-json\/wp\/v2\/media?parent=5216"}],"curies":[{"name":"wp","href":"https:\/\/api.w.org\/{rel}","templated":true}]}}