{"id":5200,"date":"2015-10-18T17:04:18","date_gmt":"2015-10-18T15:04:18","guid":{"rendered":"http:\/\/www.1010votropticien.com\/blog\/?page_id=5200"},"modified":"2018-09-14T13:31:14","modified_gmt":"2018-09-14T11:31:14","slug":"adidas-junior","status":"publish","type":"page","link":"http:\/\/www.1010votropticien.com\/blog\/lunettes-de-vue\/adidas-junior\/","title":{"rendered":"Adidas Junior"},"content":{"rendered":"<p>&nbsp;<\/p>\n<h3>Voici un petit aper\u00e7u des mod\u00e8les de la collection Adidas&nbsp; Junior&#8230; Venez vite en magasin les essayer et d\u00e9couvrir d&rsquo;autres mod\u00e8les!<\/h3>\n<div id=\"attachment_7431\" style=\"width: 310px\" class=\"wp-caption alignleft\"><img aria-describedby=\"caption-attachment-7431\" decoding=\"async\" loading=\"lazy\" class=\"size-medium wp-image-7431\" src=\"http:\/\/www.1010votropticien.com\/blog\/wp-content\/uploads\/2018\/09\/DSC_0009-300x199.jpg\" alt=\"ADIDAS OPTIQUE 10\/10 FACHES THUMESNIL\" width=\"300\" height=\"199\" srcset=\"http:\/\/www.1010votropticien.com\/blog\/wp-content\/uploads\/2018\/09\/DSC_0009-300x199.jpg 300w, http:\/\/www.1010votropticien.com\/blog\/wp-content\/uploads\/2018\/09\/DSC_0009-768x509.jpg 768w, http:\/\/www.1010votropticien.com\/blog\/wp-content\/uploads\/2018\/09\/DSC_0009-1024x679.jpg 1024w, http:\/\/www.1010votropticien.com\/blog\/wp-content\/uploads\/2018\/09\/DSC_0009-321x214.jpg 321w, http:\/\/www.1010votropticien.com\/blog\/wp-content\/uploads\/2018\/09\/DSC_0009-207x136.jpg 207w, http:\/\/www.1010votropticien.com\/blog\/wp-content\/uploads\/2018\/09\/DSC_0009-140x94.jpg 140w\" sizes=\"(max-width: 300px) 100vw, 300px\" \/><p id=\"caption-attachment-7431\" class=\"wp-caption-text\">ADIDAS OPTIQUE 10\/10 FACHES THUMESNIL<\/p><\/div>\n<div id=\"attachment_7432\" style=\"width: 310px\" class=\"wp-caption alignleft\"><img aria-describedby=\"caption-attachment-7432\" decoding=\"async\" loading=\"lazy\" class=\"size-medium wp-image-7432\" src=\"http:\/\/www.1010votropticien.com\/blog\/wp-content\/uploads\/2018\/09\/DSC_0010-300x199.jpg\" alt=\"ADIDAS OPTIQUE 10\/10 FACHES THUMESNIL\" width=\"300\" height=\"199\" srcset=\"http:\/\/www.1010votropticien.com\/blog\/wp-content\/uploads\/2018\/09\/DSC_0010-300x199.jpg 300w, http:\/\/www.1010votropticien.com\/blog\/wp-content\/uploads\/2018\/09\/DSC_0010-768x509.jpg 768w, http:\/\/www.1010votropticien.com\/blog\/wp-content\/uploads\/2018\/09\/DSC_0010-1024x679.jpg 1024w, http:\/\/www.1010votropticien.com\/blog\/wp-content\/uploads\/2018\/09\/DSC_0010-321x214.jpg 321w, http:\/\/www.1010votropticien.com\/blog\/wp-content\/uploads\/2018\/09\/DSC_0010-207x136.jpg 207w, http:\/\/www.1010votropticien.com\/blog\/wp-content\/uploads\/2018\/09\/DSC_0010-140x94.jpg 140w\" sizes=\"(max-width: 300px) 100vw, 300px\" \/><p id=\"caption-attachment-7432\" class=\"wp-caption-text\">ADIDAS OPTIQUE 10\/10 FACHES THUMESNIL<\/p><\/div>\n<div id=\"attachment_7433\" style=\"width: 310px\" class=\"wp-caption alignleft\"><img aria-describedby=\"caption-attachment-7433\" decoding=\"async\" loading=\"lazy\" class=\"size-medium wp-image-7433\" src=\"http:\/\/www.1010votropticien.com\/blog\/wp-content\/uploads\/2018\/09\/DSC_0011-300x199.jpg\" alt=\"ADIDAS OPTIQUE 10\/10 FACHES THUMESNIL\" width=\"300\" height=\"199\" srcset=\"http:\/\/www.1010votropticien.com\/blog\/wp-content\/uploads\/2018\/09\/DSC_0011-300x199.jpg 300w, http:\/\/www.1010votropticien.com\/blog\/wp-content\/uploads\/2018\/09\/DSC_0011-768x509.jpg 768w, http:\/\/www.1010votropticien.com\/blog\/wp-content\/uploads\/2018\/09\/DSC_0011-1024x679.jpg 1024w, http:\/\/www.1010votropticien.com\/blog\/wp-content\/uploads\/2018\/09\/DSC_0011-321x214.jpg 321w, http:\/\/www.1010votropticien.com\/blog\/wp-content\/uploads\/2018\/09\/DSC_0011-207x136.jpg 207w, http:\/\/www.1010votropticien.com\/blog\/wp-content\/uploads\/2018\/09\/DSC_0011-140x94.jpg 140w\" sizes=\"(max-width: 300px) 100vw, 300px\" \/><p id=\"caption-attachment-7433\" class=\"wp-caption-text\">ADIDAS OPTIQUE 10\/10 FACHES THUMESNIL<\/p><\/div>\n<div id=\"attachment_7434\" style=\"width: 310px\" class=\"wp-caption alignleft\"><img aria-describedby=\"caption-attachment-7434\" decoding=\"async\" loading=\"lazy\" class=\"size-medium wp-image-7434\" src=\"http:\/\/www.1010votropticien.com\/blog\/wp-content\/uploads\/2018\/09\/DSC_0012-300x199.jpg\" alt=\"ADIDAS OPTIQUE 10\/10 FACHES THUMESNIL\" width=\"300\" height=\"199\" srcset=\"http:\/\/www.1010votropticien.com\/blog\/wp-content\/uploads\/2018\/09\/DSC_0012-300x199.jpg 300w, http:\/\/www.1010votropticien.com\/blog\/wp-content\/uploads\/2018\/09\/DSC_0012-768x509.jpg 768w, http:\/\/www.1010votropticien.com\/blog\/wp-content\/uploads\/2018\/09\/DSC_0012-1024x679.jpg 1024w, http:\/\/www.1010votropticien.com\/blog\/wp-content\/uploads\/2018\/09\/DSC_0012-321x214.jpg 321w, http:\/\/www.1010votropticien.com\/blog\/wp-content\/uploads\/2018\/09\/DSC_0012-207x136.jpg 207w, http:\/\/www.1010votropticien.com\/blog\/wp-content\/uploads\/2018\/09\/DSC_0012-140x94.jpg 140w\" sizes=\"(max-width: 300px) 100vw, 300px\" \/><p id=\"caption-attachment-7434\" class=\"wp-caption-text\">ADIDAS OPTIQUE 10\/10 FACHES THUMESNIL<\/p><\/div>\n<div id=\"attachment_7435\" style=\"width: 310px\" class=\"wp-caption alignleft\"><img aria-describedby=\"caption-attachment-7435\" decoding=\"async\" loading=\"lazy\" class=\"size-medium wp-image-7435\" src=\"http:\/\/www.1010votropticien.com\/blog\/wp-content\/uploads\/2018\/09\/DSC_0013-300x199.jpg\" alt=\"ADIDAS OPTIQUE 10\/10 FACHES THUMESNIL\" width=\"300\" height=\"199\" srcset=\"http:\/\/www.1010votropticien.com\/blog\/wp-content\/uploads\/2018\/09\/DSC_0013-300x199.jpg 300w, http:\/\/www.1010votropticien.com\/blog\/wp-content\/uploads\/2018\/09\/DSC_0013-768x509.jpg 768w, http:\/\/www.1010votropticien.com\/blog\/wp-content\/uploads\/2018\/09\/DSC_0013-1024x679.jpg 1024w, http:\/\/www.1010votropticien.com\/blog\/wp-content\/uploads\/2018\/09\/DSC_0013-321x214.jpg 321w, http:\/\/www.1010votropticien.com\/blog\/wp-content\/uploads\/2018\/09\/DSC_0013-207x136.jpg 207w, http:\/\/www.1010votropticien.com\/blog\/wp-content\/uploads\/2018\/09\/DSC_0013-140x94.jpg 140w\" sizes=\"(max-width: 300px) 100vw, 300px\" \/><p id=\"caption-attachment-7435\" class=\"wp-caption-text\">ADIDAS OPTIQUE 10\/10 FACHES THUMESNIL<\/p><\/div>\n<div id=\"attachment_7436\" style=\"width: 310px\" class=\"wp-caption alignleft\"><img aria-describedby=\"caption-attachment-7436\" decoding=\"async\" loading=\"lazy\" class=\"size-medium wp-image-7436\" src=\"http:\/\/www.1010votropticien.com\/blog\/wp-content\/uploads\/2018\/09\/DSC_0014-300x199.jpg\" alt=\"ADIDAS OPTIQUE 10\/10 FACHES THUMESNIL\" width=\"300\" height=\"199\" srcset=\"http:\/\/www.1010votropticien.com\/blog\/wp-content\/uploads\/2018\/09\/DSC_0014-300x199.jpg 300w, http:\/\/www.1010votropticien.com\/blog\/wp-content\/uploads\/2018\/09\/DSC_0014-768x509.jpg 768w, http:\/\/www.1010votropticien.com\/blog\/wp-content\/uploads\/2018\/09\/DSC_0014-1024x679.jpg 1024w, http:\/\/www.1010votropticien.com\/blog\/wp-content\/uploads\/2018\/09\/DSC_0014-321x214.jpg 321w, http:\/\/www.1010votropticien.com\/blog\/wp-content\/uploads\/2018\/09\/DSC_0014-207x136.jpg 207w, http:\/\/www.1010votropticien.com\/blog\/wp-content\/uploads\/2018\/09\/DSC_0014-140x94.jpg 140w\" sizes=\"(max-width: 300px) 100vw, 300px\" \/><p id=\"caption-attachment-7436\" class=\"wp-caption-text\">ADIDAS OPTIQUE 10\/10 FACHES THUMESNIL<\/p><\/div>\n<div id=\"attachment_7437\" style=\"width: 310px\" class=\"wp-caption alignleft\"><img aria-describedby=\"caption-attachment-7437\" decoding=\"async\" loading=\"lazy\" class=\"size-medium wp-image-7437\" src=\"http:\/\/www.1010votropticien.com\/blog\/wp-content\/uploads\/2018\/09\/DSC_0015-300x199.jpg\" alt=\"ADIDAS OPTIQUE 10\/10 FACHES THUMESNIL\" width=\"300\" height=\"199\" srcset=\"http:\/\/www.1010votropticien.com\/blog\/wp-content\/uploads\/2018\/09\/DSC_0015-300x199.jpg 300w, http:\/\/www.1010votropticien.com\/blog\/wp-content\/uploads\/2018\/09\/DSC_0015-768x509.jpg 768w, http:\/\/www.1010votropticien.com\/blog\/wp-content\/uploads\/2018\/09\/DSC_0015-1024x679.jpg 1024w, http:\/\/www.1010votropticien.com\/blog\/wp-content\/uploads\/2018\/09\/DSC_0015-321x214.jpg 321w, http:\/\/www.1010votropticien.com\/blog\/wp-content\/uploads\/2018\/09\/DSC_0015-207x136.jpg 207w, http:\/\/www.1010votropticien.com\/blog\/wp-content\/uploads\/2018\/09\/DSC_0015-140x94.jpg 140w\" sizes=\"(max-width: 300px) 100vw, 300px\" \/><p id=\"caption-attachment-7437\" class=\"wp-caption-text\">ADIDAS OPTIQUE 10\/10 FACHES THUMESNIL<\/p><\/div>\n<p>&nbsp;<\/p>\n<h4><span style=\"color: #ff0000;\">Adidas<\/span> est une firme allemande sp\u00e9cialis\u00e9e dans la fabrication d&rsquo;<span style=\"color: #ff0000;\">articles de sport<\/span>.<\/h4>\n<h4>&nbsp;<\/h4>\n<h4>Elle est mondialement connue sous l&rsquo;appellation <span style=\"color: #ff0000;\">\u00ab la marque aux trois bandes \u00bb<\/span>, en raison des <span style=\"color: #ff0000;\">trois bandes parall\u00e8les<\/span> qui constituent son <span style=\"color: #ff0000;\">logo<\/span>, logo \u00e9videmment largement repris sur les <span style=\"color: #ff0000;\">branches<\/span> de lunettes.<\/h4>\n<h4>&nbsp;<\/h4>\n<h4>Les lunettes sont sp\u00e9cialement <span style=\"color: #ff0000;\">con\u00e7ues pour les enfants<\/span>: d&rsquo;une extr\u00eame <span style=\"color: #ff0000;\">l\u00e9g\u00e8ret\u00e9<\/span> et tr\u00e8s<span style=\"color: #ff0000;\"> r\u00e9sistantes aux chocs<\/span>. Cette collection \u00e0 l&rsquo;avantage de plaire \u00e0 la fois <span style=\"color: #ff0000;\">aux filles et aux gar\u00e7ons<\/span>, elles ont une touche sportive mais restent faciles \u00e0 porter en toutes circonstances. Les <span style=\"color: #ff0000;\">couleurs sont vari\u00e9es<\/span>, tant\u00f4t <span style=\"color: #ff0000;\">voyantes<\/span> tant\u00f4t <span style=\"color: #ff0000;\">sobres et discr\u00e8tes<\/span>. Parents et enfants, vous serez conquis \u00e0 coup s\u00fbr!<\/h4>\n<h5>\n<span style=\"color: #ff6600;\"><a style=\"color: #ff6600;\" href=\"https:\/\/www.adidas.fr\/\" target=\"_blank\" rel=\"noopener\">Retrouvez ici l&rsquo;univers de Adidas.<\/a><\/span><\/h5>\n","protected":false},"excerpt":{"rendered":"<p>&nbsp; Voici un petit aper\u00e7u des mod\u00e8les de la collection Adidas&nbsp; Junior&#8230; Venez vite en magasin les essayer et d\u00e9couvrir d&rsquo;autres mod\u00e8les! &nbsp; Adidas est une firme allemande sp\u00e9cialis\u00e9e dans la fabrication d&rsquo;articles de sport. &nbsp; Elle est mondialement connue sous l&rsquo;appellation \u00ab la marque aux trois bandes \u00bb, en raison des trois bandes parall\u00e8les [&hellip;]<\/p>\n","protected":false},"author":4,"featured_media":0,"parent":1290,"menu_order":0,"comment_status":"closed","ping_status":"closed","template":"","meta":{"ngg_post_thumbnail":0},"_links":{"self":[{"href":"http:\/\/www.1010votropticien.com\/blog\/wp-json\/wp\/v2\/pages\/5200"}],"collection":[{"href":"http:\/\/www.1010votropticien.com\/blog\/wp-json\/wp\/v2\/pages"}],"about":[{"href":"http:\/\/www.1010votropticien.com\/blog\/wp-json\/wp\/v2\/types\/page"}],"author":[{"embeddable":true,"href":"http:\/\/www.1010votropticien.com\/blog\/wp-json\/wp\/v2\/users\/4"}],"replies":[{"embeddable":true,"href":"http:\/\/www.1010votropticien.com\/blog\/wp-json\/wp\/v2\/comments?post=5200"}],"version-history":[{"count":2,"href":"http:\/\/www.1010votropticien.com\/blog\/wp-json\/wp\/v2\/pages\/5200\/revisions"}],"predecessor-version":[{"id":7439,"href":"http:\/\/www.1010votropticien.com\/blog\/wp-json\/wp\/v2\/pages\/5200\/revisions\/7439"}],"up":[{"embeddable":true,"href":"http:\/\/www.1010votropticien.com\/blog\/wp-json\/wp\/v2\/pages\/1290"}],"wp:attachment":[{"href":"http:\/\/www.1010votropticien.com\/blog\/wp-json\/wp\/v2\/media?parent=5200"}],"curies":[{"name":"wp","href":"https:\/\/api.w.org\/{rel}","templated":true}]}}