{"id":5175,"date":"2015-10-18T16:05:08","date_gmt":"2015-10-18T14:05:08","guid":{"rendered":"http:\/\/www.1010votropticien.com\/blog\/?page_id=5175"},"modified":"2021-01-11T17:36:05","modified_gmt":"2021-01-11T16:36:05","slug":"ray-ban-junior","status":"publish","type":"page","link":"http:\/\/www.1010votropticien.com\/blog\/lunettes-de-vue\/ray-ban-junior\/","title":{"rendered":"Ray-Ban Junior"},"content":{"rendered":"<h3 style=\"text-align: justify;\">Voici un petit aper\u00e7u des mod\u00e8les de la collection Ray-Ban Junior &#8230; Venez vite en magasin les essayer et d\u00e9couvrir d&rsquo;autres mod\u00e8les!<\/h3>\n\n\t\t<style type=\"text\/css\">\n\t\t\t#gallery-1 {\n\t\t\t\tmargin: auto;\n\t\t\t}\n\t\t\t#gallery-1 .gallery-item {\n\t\t\t\tfloat: left;\n\t\t\t\tmargin-top: 10px;\n\t\t\t\ttext-align: center;\n\t\t\t\twidth: 33%;\n\t\t\t}\n\t\t\t#gallery-1 img {\n\t\t\t\tborder: 2px solid #cfcfcf;\n\t\t\t}\n\t\t\t#gallery-1 .gallery-caption {\n\t\t\t\tmargin-left: 0;\n\t\t\t}\n\t\t\t\/* see gallery_shortcode() in wp-includes\/media.php *\/\n\t\t<\/style>\n\t\t<div id='gallery-1' class='gallery galleryid-5175 gallery-columns-3 gallery-size-thumbnail'><dl class='gallery-item'>\n\t\t\t<dt class='gallery-icon landscape'>\n\t\t\t\t<a href='http:\/\/www.1010votropticien.com\/blog\/lunettes-de-vue\/ray-ban-junior\/ray-ban-rb-1561-optique1010-faches-thumesnil-ref-14531\/'><img width=\"293\" height=\"200\" src=\"http:\/\/www.1010votropticien.com\/blog\/wp-content\/uploads\/2021\/01\/RAY-BAN-RB-1561-OPTIQUE1010-FACHES-THUMESNIL-R\u00e9f-14531-293x200.jpg\" class=\"attachment-thumbnail size-thumbnail\" alt=\"RAY BAN RB 1561 OPTIQUE1010 FACHES THUMESNIL R\u00e9f 14531\" decoding=\"async\" loading=\"lazy\" aria-describedby=\"gallery-1-9426\" \/><\/a>\n\t\t\t<\/dt>\n\t\t\t\t<dd class='wp-caption-text gallery-caption' id='gallery-1-9426'>\n\t\t\t\tRAY BAN RB 1561 OPTIQUE1010 FACHES THUMESNIL R\u00e9f 14531\n\t\t\t\t<\/dd><\/dl><dl class='gallery-item'>\n\t\t\t<dt class='gallery-icon landscape'>\n\t\t\t\t<a href='http:\/\/www.1010votropticien.com\/blog\/lunettes-de-vue\/ray-ban-junior\/ray-ban-rb-1561-v-optique1010-faches-thumesnil-ref-14531\/'><img width=\"293\" height=\"200\" src=\"http:\/\/www.1010votropticien.com\/blog\/wp-content\/uploads\/2021\/01\/RAY-BAN-RB-1561-V-OPTIQUE1010-FACHES-THUMESNIL-R\u00e9f-14531-293x200.jpg\" class=\"attachment-thumbnail size-thumbnail\" alt=\"RAY BAN RB 1561 V OPTIQUE1010 FACHES THUMESNIL R\u00e9f 14531\" decoding=\"async\" loading=\"lazy\" aria-describedby=\"gallery-1-9427\" \/><\/a>\n\t\t\t<\/dt>\n\t\t\t\t<dd class='wp-caption-text gallery-caption' id='gallery-1-9427'>\n\t\t\t\tRAY BAN RB 1561 V OPTIQUE1010 FACHES THUMESNIL R\u00e9f 14531\n\t\t\t\t<\/dd><\/dl><dl class='gallery-item'>\n\t\t\t<dt class='gallery-icon landscape'>\n\t\t\t\t<a href='http:\/\/www.1010votropticien.com\/blog\/lunettes-de-vue\/ray-ban-junior\/ray-ban-rb-5114-optique1010-faches-thumesnil-ref-17104\/'><img width=\"293\" height=\"200\" src=\"http:\/\/www.1010votropticien.com\/blog\/wp-content\/uploads\/2021\/01\/RAY-BAN-RB-5114-OPTIQUE1010-FACHES-THUMESNIL-R\u00e9f-17104-293x200.jpg\" class=\"attachment-thumbnail size-thumbnail\" alt=\"RAY BAN RB 5114 OPTIQUE1010 FACHES THUMESNIL R\u00e9f 17104\" decoding=\"async\" loading=\"lazy\" aria-describedby=\"gallery-1-9428\" \/><\/a>\n\t\t\t<\/dt>\n\t\t\t\t<dd class='wp-caption-text gallery-caption' id='gallery-1-9428'>\n\t\t\t\tRAY BAN RB 5114 OPTIQUE1010 FACHES THUMESNIL R\u00e9f 17104\n\t\t\t\t<\/dd><\/dl><br style=\"clear: both\" \/><dl class='gallery-item'>\n\t\t\t<dt class='gallery-icon landscape'>\n\t\t\t\t<a href='http:\/\/www.1010votropticien.com\/blog\/lunettes-de-vue\/ray-ban-junior\/ray-ban-rb-5114-b-optique1010-faches-thumesnil-ref-17104\/'><img width=\"293\" height=\"200\" src=\"http:\/\/www.1010votropticien.com\/blog\/wp-content\/uploads\/2021\/01\/RAY-BAN-RB-5114-B-OPTIQUE1010-FACHES-THUMESNIL-R\u00e9f-17104-293x200.jpg\" class=\"attachment-thumbnail size-thumbnail\" alt=\"RAY BAN RB 5114 B OPTIQUE1010 FACHES THUMESNIL R\u00e9f 17104\" decoding=\"async\" loading=\"lazy\" aria-describedby=\"gallery-1-9429\" \/><\/a>\n\t\t\t<\/dt>\n\t\t\t\t<dd class='wp-caption-text gallery-caption' id='gallery-1-9429'>\n\t\t\t\tRAY BAN RB 5114 B OPTIQUE1010 FACHES THUMESNIL R\u00e9f 17104\n\t\t\t\t<\/dd><\/dl><dl class='gallery-item'>\n\t\t\t<dt class='gallery-icon landscape'>\n\t\t\t\t<a href='http:\/\/www.1010votropticien.com\/blog\/lunettes-de-vue\/ray-ban-junior\/ray-ban-rb-5114-v-optique1010-faches-thumesnil-ref-17104\/'><img width=\"293\" height=\"200\" src=\"http:\/\/www.1010votropticien.com\/blog\/wp-content\/uploads\/2021\/01\/RAY-BAN-RB-5114-V-OPTIQUE1010-FACHES-THUMESNIL-R\u00e9f-17104-293x200.jpg\" class=\"attachment-thumbnail size-thumbnail\" alt=\"RAY BAN RB 5114 V OPTIQUE1010 FACHES THUMESNIL R\u00e9f 17104\" decoding=\"async\" loading=\"lazy\" aria-describedby=\"gallery-1-9430\" \/><\/a>\n\t\t\t<\/dt>\n\t\t\t\t<dd class='wp-caption-text gallery-caption' id='gallery-1-9430'>\n\t\t\t\tRAY BAN RB 5114 V OPTIQUE1010 FACHES THUMESNIL R\u00e9f 17104\n\t\t\t\t<\/dd><\/dl><dl class='gallery-item'>\n\t\t\t<dt class='gallery-icon landscape'>\n\t\t\t\t<a href='http:\/\/www.1010votropticien.com\/blog\/lunettes-de-vue\/ray-ban-junior\/ray-ban-rb-5187-optique1010-faches-thumesnil-ref-17102\/'><img width=\"293\" height=\"200\" src=\"http:\/\/www.1010votropticien.com\/blog\/wp-content\/uploads\/2021\/01\/RAY-BAN-RB-5187-OPTIQUE1010-FACHES-THUMESNIL-R\u00e9f-17102-293x200.jpg\" class=\"attachment-thumbnail size-thumbnail\" alt=\"RAY BAN RB 5187 OPTIQUE1010 FACHES THUMESNIL R\u00e9f 17102\" decoding=\"async\" loading=\"lazy\" aria-describedby=\"gallery-1-9431\" \/><\/a>\n\t\t\t<\/dt>\n\t\t\t\t<dd class='wp-caption-text gallery-caption' id='gallery-1-9431'>\n\t\t\t\tRAY BAN RB 5187 OPTIQUE1010 FACHES THUMESNIL R\u00e9f 17102\n\t\t\t\t<\/dd><\/dl><br style=\"clear: both\" \/><dl class='gallery-item'>\n\t\t\t<dt class='gallery-icon landscape'>\n\t\t\t\t<a href='http:\/\/www.1010votropticien.com\/blog\/lunettes-de-vue\/ray-ban-junior\/ray-ban-rb-5187-v-optique1010-faches-thumesnil-ref-17102\/'><img width=\"293\" height=\"200\" src=\"http:\/\/www.1010votropticien.com\/blog\/wp-content\/uploads\/2021\/01\/RAY-BAN-RB-5187-V-OPTIQUE1010-FACHES-THUMESNIL-R\u00e9f-17102-293x200.jpg\" class=\"attachment-thumbnail size-thumbnail\" alt=\"RAY BAN RB 5187 V OPTIQUE1010 FACHES THUMESNIL R\u00e9f 17102\" decoding=\"async\" loading=\"lazy\" aria-describedby=\"gallery-1-9432\" \/><\/a>\n\t\t\t<\/dt>\n\t\t\t\t<dd class='wp-caption-text gallery-caption' id='gallery-1-9432'>\n\t\t\t\tRAY BAN RB 5187 V OPTIQUE1010 FACHES THUMESNIL R\u00e9f 17102\n\t\t\t\t<\/dd><\/dl><dl class='gallery-item'>\n\t\t\t<dt class='gallery-icon landscape'>\n\t\t\t\t<a href='http:\/\/www.1010votropticien.com\/blog\/lunettes-de-vue\/ray-ban-junior\/ray-ban-rb-5246-optique1010-faches-thumesnil-ref-6352\/'><img width=\"293\" height=\"200\" src=\"http:\/\/www.1010votropticien.com\/blog\/wp-content\/uploads\/2021\/01\/RAY-BAN-RB-5246-OPTIQUE1010-FACHES-THUMESNIL-R\u00e9f-6352-293x200.jpg\" class=\"attachment-thumbnail size-thumbnail\" alt=\"RAY BAN RB 5246 OPTIQUE1010 FACHES THUMESNIL R\u00e9f 6352\" decoding=\"async\" loading=\"lazy\" aria-describedby=\"gallery-1-9433\" \/><\/a>\n\t\t\t<\/dt>\n\t\t\t\t<dd class='wp-caption-text gallery-caption' id='gallery-1-9433'>\n\t\t\t\tRAY BAN RB 5246 OPTIQUE1010 FACHES THUMESNIL R\u00e9f 6352\n\t\t\t\t<\/dd><\/dl><dl class='gallery-item'>\n\t\t\t<dt class='gallery-icon landscape'>\n\t\t\t\t<a href='http:\/\/www.1010votropticien.com\/blog\/lunettes-de-vue\/ray-ban-junior\/ray-ban-rb-5246-b-optique1010-faches-thumesnil-ref-6352\/'><img width=\"293\" height=\"200\" src=\"http:\/\/www.1010votropticien.com\/blog\/wp-content\/uploads\/2021\/01\/RAY-BAN-RB-5246-B-OPTIQUE1010-FACHES-THUMESNIL-R\u00e9f-6352-293x200.jpg\" class=\"attachment-thumbnail size-thumbnail\" alt=\"RAY BAN RB 5246 B OPTIQUE1010 FACHES THUMESNIL R\u00e9f 6352\" decoding=\"async\" loading=\"lazy\" aria-describedby=\"gallery-1-9434\" \/><\/a>\n\t\t\t<\/dt>\n\t\t\t\t<dd class='wp-caption-text gallery-caption' id='gallery-1-9434'>\n\t\t\t\tRAY BAN RB 5246 B OPTIQUE1010 FACHES THUMESNIL R\u00e9f 6352\n\t\t\t\t<\/dd><\/dl><br style=\"clear: both\" \/><dl class='gallery-item'>\n\t\t\t<dt class='gallery-icon landscape'>\n\t\t\t\t<a href='http:\/\/www.1010votropticien.com\/blog\/lunettes-de-vue\/ray-ban-junior\/ray-ban-rb-5246-v-optique1010-faches-thumesnil-ref-6352\/'><img width=\"293\" height=\"200\" src=\"http:\/\/www.1010votropticien.com\/blog\/wp-content\/uploads\/2021\/01\/RAY-BAN-RB-5246-V-OPTIQUE1010-FACHES-THUMESNIL-R\u00e9f-6352-293x200.jpg\" class=\"attachment-thumbnail size-thumbnail\" alt=\"RAY BAN RB 5246 V OPTIQUE1010 FACHES THUMESNIL R\u00e9f 6352\" decoding=\"async\" loading=\"lazy\" aria-describedby=\"gallery-1-9436\" \/><\/a>\n\t\t\t<\/dt>\n\t\t\t\t<dd class='wp-caption-text gallery-caption' id='gallery-1-9436'>\n\t\t\t\tRAY BAN RB 5246 V OPTIQUE1010 FACHES THUMESNIL R\u00e9f 6352\n\t\t\t\t<\/dd><\/dl>\n\t\t\t<br style='clear: both' \/>\n\t\t<\/div>\n\n<h4>Depuis 1937, les montures<span style=\"color: #ff0000;\"> Ray-Ban<\/span> ont gard\u00e9 leur style<span style=\"color: #ff0000;\"> intemporel<\/span>,<span style=\"color: #ff0000;\"> classiques<\/span>, <span style=\"color: #ff0000;\">sobres<\/span>, <span style=\"color: #ff0000;\">color\u00e9es<\/span>, pour les<span style=\"color: #ff0000;\"> femmes<\/span> et les <span style=\"color: #ff0000;\">hommes<\/span>&#8230;<span style=\"color: #ff0000;\">fashion<\/span>&#8230;<\/h4>\n<h4>Les lunettes Ray-Ban sont destin\u00e9es \u00e0 celles et ceux qui souhaitent garder les yeux grands ouverts sur le monde, le pied au plancher et les cheveux au vent.<\/h4>\n<h5>&nbsp;<\/h5>\n<p>&nbsp;<\/p>\n","protected":false},"excerpt":{"rendered":"<p>Voici un petit aper\u00e7u des mod\u00e8les de la collection Ray-Ban Junior &#8230; Venez vite en magasin les essayer et d\u00e9couvrir d&rsquo;autres mod\u00e8les! Depuis 1937, les montures Ray-Ban ont gard\u00e9 leur style intemporel, classiques, sobres, color\u00e9es, pour les femmes et les hommes&#8230;fashion&#8230; Les lunettes Ray-Ban sont destin\u00e9es \u00e0 celles et ceux qui souhaitent garder les yeux [&hellip;]<\/p>\n","protected":false},"author":4,"featured_media":0,"parent":1290,"menu_order":0,"comment_status":"closed","ping_status":"closed","template":"","meta":{"ngg_post_thumbnail":0},"_links":{"self":[{"href":"http:\/\/www.1010votropticien.com\/blog\/wp-json\/wp\/v2\/pages\/5175"}],"collection":[{"href":"http:\/\/www.1010votropticien.com\/blog\/wp-json\/wp\/v2\/pages"}],"about":[{"href":"http:\/\/www.1010votropticien.com\/blog\/wp-json\/wp\/v2\/types\/page"}],"author":[{"embeddable":true,"href":"http:\/\/www.1010votropticien.com\/blog\/wp-json\/wp\/v2\/users\/4"}],"replies":[{"embeddable":true,"href":"http:\/\/www.1010votropticien.com\/blog\/wp-json\/wp\/v2\/comments?post=5175"}],"version-history":[{"count":1,"href":"http:\/\/www.1010votropticien.com\/blog\/wp-json\/wp\/v2\/pages\/5175\/revisions"}],"predecessor-version":[{"id":9437,"href":"http:\/\/www.1010votropticien.com\/blog\/wp-json\/wp\/v2\/pages\/5175\/revisions\/9437"}],"up":[{"embeddable":true,"href":"http:\/\/www.1010votropticien.com\/blog\/wp-json\/wp\/v2\/pages\/1290"}],"wp:attachment":[{"href":"http:\/\/www.1010votropticien.com\/blog\/wp-json\/wp\/v2\/media?parent=5175"}],"curies":[{"name":"wp","href":"https:\/\/api.w.org\/{rel}","templated":true}]}}