{"id":5155,"date":"2015-10-18T13:51:34","date_gmt":"2015-10-18T11:51:34","guid":{"rendered":"http:\/\/www.1010votropticien.com\/blog\/?page_id=5155"},"modified":"2015-10-18T13:51:34","modified_gmt":"2015-10-18T11:51:34","slug":"ynexx","status":"publish","type":"page","link":"http:\/\/www.1010votropticien.com\/blog\/lunettes-de-vue\/ynexx\/","title":{"rendered":"Ynexx"},"content":{"rendered":"<p>Notez les r\u00e9f\u00e9rences des montures qui vous plaisent et venez les essayer dans <strong>votre magasin 1010 \u00e0 F\u00e2ches-Thumesnil<\/strong>!<\/p>\n\r\n\t\t\t<div class='et-tabs-container et_sliderfx_fade et_sliderauto_false et_sliderauto_speed_5000 et_slidertype_top_tabs'>\r\n\t\t\t\t<ul class='et-tabs-control'>\r\n\t\t\t<li><a href='#'>\r\n\t\t\tLes photos\r\n\t\t<\/a><\/li>\n\r\n\t\t<li><a href='#'>\r\n\t\t\tLa marque\r\n\t\t<\/a><\/li>\n\r\n\t\t<li><a href='#'>\r\n\t\t\tPlus d&rsquo;infos\r\n\t\t<\/a><\/li>\r\n\t\t<\/ul> <!-- .et-tabs-control --><\/p>\n\r\n\t\t<div class='et-tabs-content'>\r\n\t\t\t<div class='et-tabs-content-wrapper'>\r\n\t\t\t\t<div class='et_slidecontent'>\r\n\t\t\t[masterslider id=\u00a0\u00bb77&Prime;]\r\n\t\t<\/div>\n<p style=\"text-align: justify;\">\r\n\t\t<div class='et_slidecontent'>\r\n\t\t\t<p style=\"text-align: justify;\">Collection plut\u00f4t classique mais parfois aussi tr\u00e8s design, avec des mod\u00e8les sp\u00e9cialement con\u00e7us pour grands ou petits visages, une collection pour tous les go\u00fbts, tous les \u00e2ges&#8230;<\/p>\r\n\t\t<\/div><\/p>\n<p>\r\n\t\t<div class='et_slidecontent'>\r\n\t\t\t<a href=\"http:\/\/ynexx.com\/\" target=\"_blank\">D\u00e9couvrez l&rsquo;univers\u00a0Ynexx<\/a>\r\n\t\t<\/div>\r\n\t\t\t<\/div>\r\n\t\t<\/div>\r\n\t\t\t<\/div> <!-- .et-tabs-container -->\n","protected":false},"excerpt":{"rendered":"<p>Notez les r\u00e9f\u00e9rences des montures qui vous plaisent et venez les essayer dans votre magasin 1010 \u00e0 F\u00e2ches-Thumesnil!<\/p>\n","protected":false},"author":4,"featured_media":0,"parent":1290,"menu_order":0,"comment_status":"closed","ping_status":"closed","template":"","meta":{"ngg_post_thumbnail":0},"_links":{"self":[{"href":"http:\/\/www.1010votropticien.com\/blog\/wp-json\/wp\/v2\/pages\/5155"}],"collection":[{"href":"http:\/\/www.1010votropticien.com\/blog\/wp-json\/wp\/v2\/pages"}],"about":[{"href":"http:\/\/www.1010votropticien.com\/blog\/wp-json\/wp\/v2\/types\/page"}],"author":[{"embeddable":true,"href":"http:\/\/www.1010votropticien.com\/blog\/wp-json\/wp\/v2\/users\/4"}],"replies":[{"embeddable":true,"href":"http:\/\/www.1010votropticien.com\/blog\/wp-json\/wp\/v2\/comments?post=5155"}],"version-history":[{"count":1,"href":"http:\/\/www.1010votropticien.com\/blog\/wp-json\/wp\/v2\/pages\/5155\/revisions"}],"predecessor-version":[{"id":5156,"href":"http:\/\/www.1010votropticien.com\/blog\/wp-json\/wp\/v2\/pages\/5155\/revisions\/5156"}],"up":[{"embeddable":true,"href":"http:\/\/www.1010votropticien.com\/blog\/wp-json\/wp\/v2\/pages\/1290"}],"wp:attachment":[{"href":"http:\/\/www.1010votropticien.com\/blog\/wp-json\/wp\/v2\/media?parent=5155"}],"curies":[{"name":"wp","href":"https:\/\/api.w.org\/{rel}","templated":true}]}}