{"id":5093,"date":"2015-10-18T12:48:48","date_gmt":"2015-10-18T10:48:48","guid":{"rendered":"http:\/\/www.1010votropticien.com\/blog\/?page_id=5093"},"modified":"2018-09-14T13:25:05","modified_gmt":"2018-09-14T11:25:05","slug":"adidas","status":"publish","type":"page","link":"http:\/\/www.1010votropticien.com\/blog\/lunettes-de-vue\/adidas\/","title":{"rendered":"Adidas"},"content":{"rendered":"<h3 style=\"text-align: justify;\">Voici un petit aper\u00e7u des mod\u00e8les de la collection Adidas &#8230; Venez vite en magasin les essayer et d\u00e9couvrir d&rsquo;autres mod\u00e8les!<\/h3>\n<div id=\"attachment_7400\" style=\"width: 310px\" class=\"wp-caption alignleft\"><img aria-describedby=\"caption-attachment-7400\" decoding=\"async\" loading=\"lazy\" class=\"size-medium wp-image-7400\" src=\"http:\/\/www.1010votropticien.com\/blog\/wp-content\/uploads\/2018\/09\/DSC_0001-300x199.jpg\" alt=\"ADIDAS OPTIQUE 10\/10 FACHES-THUMESNIL\" width=\"300\" height=\"199\" srcset=\"http:\/\/www.1010votropticien.com\/blog\/wp-content\/uploads\/2018\/09\/DSC_0001-300x199.jpg 300w, http:\/\/www.1010votropticien.com\/blog\/wp-content\/uploads\/2018\/09\/DSC_0001-768x509.jpg 768w, http:\/\/www.1010votropticien.com\/blog\/wp-content\/uploads\/2018\/09\/DSC_0001-1024x679.jpg 1024w, http:\/\/www.1010votropticien.com\/blog\/wp-content\/uploads\/2018\/09\/DSC_0001-321x214.jpg 321w, http:\/\/www.1010votropticien.com\/blog\/wp-content\/uploads\/2018\/09\/DSC_0001-207x136.jpg 207w, http:\/\/www.1010votropticien.com\/blog\/wp-content\/uploads\/2018\/09\/DSC_0001-140x94.jpg 140w\" sizes=\"(max-width: 300px) 100vw, 300px\" \/><p id=\"caption-attachment-7400\" class=\"wp-caption-text\">ADIDAS OPTIQUE 10\/10 FACHES-THUMESNIL<\/p><\/div>\n<div id=\"attachment_7401\" style=\"width: 310px\" class=\"wp-caption alignleft\"><img aria-describedby=\"caption-attachment-7401\" decoding=\"async\" loading=\"lazy\" class=\"size-medium wp-image-7401\" src=\"http:\/\/www.1010votropticien.com\/blog\/wp-content\/uploads\/2018\/09\/DSC_0002-300x199.jpg\" alt=\"ADIDAS OPTIQUE 10\/10 FACHES-THUMESNIL\" width=\"300\" height=\"199\" srcset=\"http:\/\/www.1010votropticien.com\/blog\/wp-content\/uploads\/2018\/09\/DSC_0002-300x199.jpg 300w, http:\/\/www.1010votropticien.com\/blog\/wp-content\/uploads\/2018\/09\/DSC_0002-768x509.jpg 768w, http:\/\/www.1010votropticien.com\/blog\/wp-content\/uploads\/2018\/09\/DSC_0002-1024x679.jpg 1024w, http:\/\/www.1010votropticien.com\/blog\/wp-content\/uploads\/2018\/09\/DSC_0002-321x214.jpg 321w, http:\/\/www.1010votropticien.com\/blog\/wp-content\/uploads\/2018\/09\/DSC_0002-207x136.jpg 207w, http:\/\/www.1010votropticien.com\/blog\/wp-content\/uploads\/2018\/09\/DSC_0002-140x94.jpg 140w\" sizes=\"(max-width: 300px) 100vw, 300px\" \/><p id=\"caption-attachment-7401\" class=\"wp-caption-text\">ADIDAS OPTIQUE 10\/10 FACHES-THUMESNIL<\/p><\/div>\n<div id=\"attachment_7402\" style=\"width: 310px\" class=\"wp-caption alignleft\"><img aria-describedby=\"caption-attachment-7402\" decoding=\"async\" loading=\"lazy\" class=\"size-medium wp-image-7402\" src=\"http:\/\/www.1010votropticien.com\/blog\/wp-content\/uploads\/2018\/09\/DSC_0003-300x199.jpg\" alt=\"ADIDAS OPTIQUE 10\/10 FACHES-THUMESNIL\" width=\"300\" height=\"199\" srcset=\"http:\/\/www.1010votropticien.com\/blog\/wp-content\/uploads\/2018\/09\/DSC_0003-300x199.jpg 300w, http:\/\/www.1010votropticien.com\/blog\/wp-content\/uploads\/2018\/09\/DSC_0003-768x509.jpg 768w, http:\/\/www.1010votropticien.com\/blog\/wp-content\/uploads\/2018\/09\/DSC_0003-1024x679.jpg 1024w, http:\/\/www.1010votropticien.com\/blog\/wp-content\/uploads\/2018\/09\/DSC_0003-321x214.jpg 321w, http:\/\/www.1010votropticien.com\/blog\/wp-content\/uploads\/2018\/09\/DSC_0003-207x136.jpg 207w, http:\/\/www.1010votropticien.com\/blog\/wp-content\/uploads\/2018\/09\/DSC_0003-140x94.jpg 140w\" sizes=\"(max-width: 300px) 100vw, 300px\" \/><p id=\"caption-attachment-7402\" class=\"wp-caption-text\">ADIDAS OPTIQUE 10\/10 FACHES-THUMESNIL<\/p><\/div>\n<div id=\"attachment_7403\" style=\"width: 310px\" class=\"wp-caption alignleft\"><img aria-describedby=\"caption-attachment-7403\" decoding=\"async\" loading=\"lazy\" class=\"size-medium wp-image-7403\" src=\"http:\/\/www.1010votropticien.com\/blog\/wp-content\/uploads\/2018\/09\/DSC_0004-300x199.jpg\" alt=\"ADIDAS OPTIQUE 10\/10 FACHES-THUMESNIL\" width=\"300\" height=\"199\" srcset=\"http:\/\/www.1010votropticien.com\/blog\/wp-content\/uploads\/2018\/09\/DSC_0004-300x199.jpg 300w, http:\/\/www.1010votropticien.com\/blog\/wp-content\/uploads\/2018\/09\/DSC_0004-768x509.jpg 768w, http:\/\/www.1010votropticien.com\/blog\/wp-content\/uploads\/2018\/09\/DSC_0004-1024x679.jpg 1024w, http:\/\/www.1010votropticien.com\/blog\/wp-content\/uploads\/2018\/09\/DSC_0004-321x214.jpg 321w, http:\/\/www.1010votropticien.com\/blog\/wp-content\/uploads\/2018\/09\/DSC_0004-207x136.jpg 207w, http:\/\/www.1010votropticien.com\/blog\/wp-content\/uploads\/2018\/09\/DSC_0004-140x94.jpg 140w\" sizes=\"(max-width: 300px) 100vw, 300px\" \/><p id=\"caption-attachment-7403\" class=\"wp-caption-text\">ADIDAS OPTIQUE 10\/10 FACHES-THUMESNIL<\/p><\/div>\n<div id=\"attachment_7404\" style=\"width: 310px\" class=\"wp-caption alignleft\"><img aria-describedby=\"caption-attachment-7404\" decoding=\"async\" loading=\"lazy\" class=\"size-medium wp-image-7404\" src=\"http:\/\/www.1010votropticien.com\/blog\/wp-content\/uploads\/2018\/09\/DSC_0006-300x199.jpg\" alt=\"ADIDAS OPTIQUE 10\/10 FACHES-THUMESNIL\" width=\"300\" height=\"199\" srcset=\"http:\/\/www.1010votropticien.com\/blog\/wp-content\/uploads\/2018\/09\/DSC_0006-300x199.jpg 300w, http:\/\/www.1010votropticien.com\/blog\/wp-content\/uploads\/2018\/09\/DSC_0006-768x509.jpg 768w, http:\/\/www.1010votropticien.com\/blog\/wp-content\/uploads\/2018\/09\/DSC_0006-1024x679.jpg 1024w, http:\/\/www.1010votropticien.com\/blog\/wp-content\/uploads\/2018\/09\/DSC_0006-321x214.jpg 321w, http:\/\/www.1010votropticien.com\/blog\/wp-content\/uploads\/2018\/09\/DSC_0006-207x136.jpg 207w, http:\/\/www.1010votropticien.com\/blog\/wp-content\/uploads\/2018\/09\/DSC_0006-140x94.jpg 140w\" sizes=\"(max-width: 300px) 100vw, 300px\" \/><p id=\"caption-attachment-7404\" class=\"wp-caption-text\">ADIDAS OPTIQUE 10\/10 FACHES-THUMESNIL<\/p><\/div>\n<div id=\"attachment_7405\" style=\"width: 310px\" class=\"wp-caption alignleft\"><img aria-describedby=\"caption-attachment-7405\" decoding=\"async\" loading=\"lazy\" class=\"size-medium wp-image-7405\" src=\"http:\/\/www.1010votropticien.com\/blog\/wp-content\/uploads\/2018\/09\/DSC_0007-300x199.jpg\" alt=\"ADIDAS OPTIQUE 10\/10 FACHES-THUMESNIL\" width=\"300\" height=\"199\" srcset=\"http:\/\/www.1010votropticien.com\/blog\/wp-content\/uploads\/2018\/09\/DSC_0007-300x199.jpg 300w, http:\/\/www.1010votropticien.com\/blog\/wp-content\/uploads\/2018\/09\/DSC_0007-768x509.jpg 768w, http:\/\/www.1010votropticien.com\/blog\/wp-content\/uploads\/2018\/09\/DSC_0007-1024x679.jpg 1024w, http:\/\/www.1010votropticien.com\/blog\/wp-content\/uploads\/2018\/09\/DSC_0007-321x214.jpg 321w, http:\/\/www.1010votropticien.com\/blog\/wp-content\/uploads\/2018\/09\/DSC_0007-207x136.jpg 207w, http:\/\/www.1010votropticien.com\/blog\/wp-content\/uploads\/2018\/09\/DSC_0007-140x94.jpg 140w\" sizes=\"(max-width: 300px) 100vw, 300px\" \/><p id=\"caption-attachment-7405\" class=\"wp-caption-text\">ADIDAS OPTIQUE 10\/10 FACHES-THUMESNIL<\/p><\/div>\n<div id=\"attachment_7406\" style=\"width: 310px\" class=\"wp-caption alignleft\"><img aria-describedby=\"caption-attachment-7406\" decoding=\"async\" loading=\"lazy\" class=\"size-medium wp-image-7406\" src=\"http:\/\/www.1010votropticien.com\/blog\/wp-content\/uploads\/2018\/09\/DSC_0008-300x199.jpg\" alt=\"ADIDAS OPTIQUE 10\/10 FACHES-THUMESNIL\" width=\"300\" height=\"199\" srcset=\"http:\/\/www.1010votropticien.com\/blog\/wp-content\/uploads\/2018\/09\/DSC_0008-300x199.jpg 300w, http:\/\/www.1010votropticien.com\/blog\/wp-content\/uploads\/2018\/09\/DSC_0008-768x509.jpg 768w, http:\/\/www.1010votropticien.com\/blog\/wp-content\/uploads\/2018\/09\/DSC_0008-1024x679.jpg 1024w, http:\/\/www.1010votropticien.com\/blog\/wp-content\/uploads\/2018\/09\/DSC_0008-321x214.jpg 321w, http:\/\/www.1010votropticien.com\/blog\/wp-content\/uploads\/2018\/09\/DSC_0008-207x136.jpg 207w, http:\/\/www.1010votropticien.com\/blog\/wp-content\/uploads\/2018\/09\/DSC_0008-140x94.jpg 140w\" sizes=\"(max-width: 300px) 100vw, 300px\" \/><p id=\"caption-attachment-7406\" class=\"wp-caption-text\">ADIDAS OPTIQUE 10\/10 FACHES-THUMESNIL<\/p><\/div>\n<h4><span style=\"color: #ff0000;\">Adidas<\/span> est une firme allemande sp\u00e9cialis\u00e9e dans la fabrication d&rsquo;<span style=\"color: #ff0000;\">articles de sport<\/span>.<\/h4>\n<h4>&nbsp;<\/h4>\n<h4>Elle est mondialement connue sous l&rsquo;appellation \u00ab <span style=\"color: #ff0000;\">la marque aux trois bandes<\/span> \u00bb, en raison des trois bandes parall\u00e8les qui constituent son logo, logo \u00e9videmment largement repris sur les branches de lunettes.<\/h4>\n<h4>&nbsp;<\/h4>\n<h4 style=\"text-align: justify;\">R\u00e9solument <span style=\"color: #ff0000;\">masculine<\/span> cette collection tant\u00f4t <span style=\"color: #ff0000;\">sportive<\/span>, tant\u00f4t <span style=\"color: #ff0000;\">classique<\/span> vous r\u00e9servera quelques surprises&#8230;<\/h4>\n<h4>&nbsp;<\/h4>\n<h4 style=\"text-align: justify;\">Les lunettes sont d&rsquo;une extr\u00eame <span style=\"color: #ff0000;\">l\u00e9g\u00e8ret\u00e9<\/span> et pas cons\u00e9quent tr\u00e8s <span style=\"color: #ff0000;\">confortables<\/span>. Cette collection \u00e0 l&rsquo;avantage de plaire aux hommes aimant soit des mod\u00e8les tr\u00e8s <span style=\"color: #ff0000;\">discrets<\/span>, avec un <span style=\"color: #ff0000;\">fil nylon<\/span> et une monture en <span style=\"color: #ff0000;\">m\u00e9tal<\/span> hyper <span style=\"color: #ff0000;\">fine<\/span> sur le haut et aussi aux hommes voulant se d\u00e9marquer de mod\u00e8les parfois trop <span style=\"color: #ff0000;\">sportifs<\/span> en conservant de la<span style=\"color: #ff0000;\"> couleur<\/span>, subtilement mise en valeur gr\u00e2ce \u00e0 un<span style=\"color: #ff0000;\"> jeu de lumi\u00e8re<\/span> et \u00e0 une association de couleurs judicieusement <span style=\"color: #ff0000;\">coordonn\u00e9es<\/span>.<\/h4>\n<h5><a href=\"https:\/\/www.adidas.fr\/\" target=\"_blank\" rel=\"noopener\"><span style=\"color: #ff6600;\">Retrouvez ici l&rsquo;univers de Adidas.<\/span><\/a><\/h5>\n<p>&nbsp;<\/p>\n<h4>&nbsp;<\/h4>\n<p>&nbsp;<\/p>\n<p>&nbsp;<\/p>\n","protected":false},"excerpt":{"rendered":"<p>Voici un petit aper\u00e7u des mod\u00e8les de la collection Adidas &#8230; Venez vite en magasin les essayer et d\u00e9couvrir d&rsquo;autres mod\u00e8les! Adidas est une firme allemande sp\u00e9cialis\u00e9e dans la fabrication d&rsquo;articles de sport. &nbsp; Elle est mondialement connue sous l&rsquo;appellation \u00ab la marque aux trois bandes \u00bb, en raison des trois bandes parall\u00e8les qui constituent [&hellip;]<\/p>\n","protected":false},"author":4,"featured_media":0,"parent":1290,"menu_order":0,"comment_status":"closed","ping_status":"closed","template":"","meta":{"ngg_post_thumbnail":0},"_links":{"self":[{"href":"http:\/\/www.1010votropticien.com\/blog\/wp-json\/wp\/v2\/pages\/5093"}],"collection":[{"href":"http:\/\/www.1010votropticien.com\/blog\/wp-json\/wp\/v2\/pages"}],"about":[{"href":"http:\/\/www.1010votropticien.com\/blog\/wp-json\/wp\/v2\/types\/page"}],"author":[{"embeddable":true,"href":"http:\/\/www.1010votropticien.com\/blog\/wp-json\/wp\/v2\/users\/4"}],"replies":[{"embeddable":true,"href":"http:\/\/www.1010votropticien.com\/blog\/wp-json\/wp\/v2\/comments?post=5093"}],"version-history":[{"count":3,"href":"http:\/\/www.1010votropticien.com\/blog\/wp-json\/wp\/v2\/pages\/5093\/revisions"}],"predecessor-version":[{"id":7438,"href":"http:\/\/www.1010votropticien.com\/blog\/wp-json\/wp\/v2\/pages\/5093\/revisions\/7438"}],"up":[{"embeddable":true,"href":"http:\/\/www.1010votropticien.com\/blog\/wp-json\/wp\/v2\/pages\/1290"}],"wp:attachment":[{"href":"http:\/\/www.1010votropticien.com\/blog\/wp-json\/wp\/v2\/media?parent=5093"}],"curies":[{"name":"wp","href":"https:\/\/api.w.org\/{rel}","templated":true}]}}