{"id":43,"date":"2009-08-28T17:31:41","date_gmt":"2009-08-28T16:31:41","guid":{"rendered":"http:\/\/www.1010votropticien.com\/blog\/?page_id=43"},"modified":"2021-03-15T13:32:02","modified_gmt":"2021-03-15T12:32:02","slug":"galerie-jaguar","status":"publish","type":"page","link":"http:\/\/www.1010votropticien.com\/blog\/lunettes-de-vue\/galerie-jaguar\/","title":{"rendered":"Jaguar"},"content":{"rendered":"<h3 style=\"text-align: justify;\">Voici un petit aper\u00e7u des mod\u00e8les de la collection Jaguar &#8230; Venez vite en magasin les essayer et d\u00e9couvrir d&rsquo;autres mod\u00e8les!<\/h3>\n<p>&nbsp;<\/p>\n<p><!--more--><\/p>\n\n\t\t<style type=\"text\/css\">\n\t\t\t#gallery-1 {\n\t\t\t\tmargin: auto;\n\t\t\t}\n\t\t\t#gallery-1 .gallery-item {\n\t\t\t\tfloat: left;\n\t\t\t\tmargin-top: 10px;\n\t\t\t\ttext-align: center;\n\t\t\t\twidth: 33%;\n\t\t\t}\n\t\t\t#gallery-1 img {\n\t\t\t\tborder: 2px solid #cfcfcf;\n\t\t\t}\n\t\t\t#gallery-1 .gallery-caption {\n\t\t\t\tmargin-left: 0;\n\t\t\t}\n\t\t\t\/* see gallery_shortcode() in wp-includes\/media.php *\/\n\t\t<\/style>\n\t\t<div id='gallery-1' class='gallery galleryid-43 gallery-columns-3 gallery-size-thumbnail'><dl class='gallery-item'>\n\t\t\t<dt class='gallery-icon landscape'>\n\t\t\t\t<a href='http:\/\/www.1010votropticien.com\/blog\/lunettes-de-vue\/galerie-jaguar\/jaguar-31511-d-optique1010-faches-thumesnil-ref-18046\/'><img width=\"293\" height=\"200\" src=\"http:\/\/www.1010votropticien.com\/blog\/wp-content\/uploads\/2021\/03\/Jaguar-31511-D-OPTIQUE1010-FACHES-THUMESNIL-R\u00e9f-18046-293x200.jpg\" class=\"attachment-thumbnail size-thumbnail\" alt=\"Jaguar 31511 D OPTIQUE1010 FACHES THUMESNIL R\u00e9f 18046\" decoding=\"async\" loading=\"lazy\" aria-describedby=\"gallery-1-9617\" \/><\/a>\n\t\t\t<\/dt>\n\t\t\t\t<dd class='wp-caption-text gallery-caption' id='gallery-1-9617'>\n\t\t\t\tJaguar 31511 D OPTIQUE1010 FACHES THUMESNIL R\u00e9f 18046\n\t\t\t\t<\/dd><\/dl><dl class='gallery-item'>\n\t\t\t<dt class='gallery-icon landscape'>\n\t\t\t\t<a href='http:\/\/www.1010votropticien.com\/blog\/lunettes-de-vue\/galerie-jaguar\/jaguar-31511-d-optique1010-faches-thumesnil-ref-18047\/'><img width=\"293\" height=\"200\" src=\"http:\/\/www.1010votropticien.com\/blog\/wp-content\/uploads\/2021\/03\/Jaguar-31511-D-OPTIQUE1010-FACHES-THUMESNIL-R\u00e9f-18047-293x200.jpg\" class=\"attachment-thumbnail size-thumbnail\" alt=\"Jaguar 31511 D OPTIQUE1010 FACHES THUMESNIL R\u00e9f 18047\" decoding=\"async\" loading=\"lazy\" aria-describedby=\"gallery-1-9618\" \/><\/a>\n\t\t\t<\/dt>\n\t\t\t\t<dd class='wp-caption-text gallery-caption' id='gallery-1-9618'>\n\t\t\t\tJaguar 31511 D OPTIQUE1010 FACHES THUMESNIL R\u00e9f 18047\n\t\t\t\t<\/dd><\/dl><dl class='gallery-item'>\n\t\t\t<dt class='gallery-icon landscape'>\n\t\t\t\t<a href='http:\/\/www.1010votropticien.com\/blog\/lunettes-de-vue\/galerie-jaguar\/jaguar-31511-f-optique1010-faches-thumesnil-ref-18046\/'><img width=\"293\" height=\"200\" src=\"http:\/\/www.1010votropticien.com\/blog\/wp-content\/uploads\/2021\/03\/Jaguar-31511-F-OPTIQUE1010-FACHES-THUMESNIL-R\u00e9f-18046-293x200.jpg\" class=\"attachment-thumbnail size-thumbnail\" alt=\"Jaguar 31511 F OPTIQUE1010 FACHES THUMESNIL R\u00e9f 18046\" decoding=\"async\" loading=\"lazy\" aria-describedby=\"gallery-1-9619\" \/><\/a>\n\t\t\t<\/dt>\n\t\t\t\t<dd class='wp-caption-text gallery-caption' id='gallery-1-9619'>\n\t\t\t\tJaguar 31511 F OPTIQUE1010 FACHES THUMESNIL R\u00e9f 18046\n\t\t\t\t<\/dd><\/dl><br style=\"clear: both\" \/><dl class='gallery-item'>\n\t\t\t<dt class='gallery-icon landscape'>\n\t\t\t\t<a href='http:\/\/www.1010votropticien.com\/blog\/lunettes-de-vue\/galerie-jaguar\/jaguar-31511-optique1010-faches-thumesnil-ref-18046\/'><img width=\"293\" height=\"200\" src=\"http:\/\/www.1010votropticien.com\/blog\/wp-content\/uploads\/2021\/03\/Jaguar-31511-OPTIQUE1010-FACHES-THUMESNIL-R\u00e9f-18046-293x200.jpg\" class=\"attachment-thumbnail size-thumbnail\" alt=\"Jaguar 31511 OPTIQUE1010 FACHES THUMESNIL R\u00e9f 18046\" decoding=\"async\" loading=\"lazy\" aria-describedby=\"gallery-1-9620\" \/><\/a>\n\t\t\t<\/dt>\n\t\t\t\t<dd class='wp-caption-text gallery-caption' id='gallery-1-9620'>\n\t\t\t\tJaguar 31511 OPTIQUE1010 FACHES THUMESNIL R\u00e9f 18046\n\t\t\t\t<\/dd><\/dl><dl class='gallery-item'>\n\t\t\t<dt class='gallery-icon landscape'>\n\t\t\t\t<a href='http:\/\/www.1010votropticien.com\/blog\/lunettes-de-vue\/galerie-jaguar\/jaguar-31511-optique1010-faches-thumesnil-ref-18047\/'><img width=\"293\" height=\"200\" src=\"http:\/\/www.1010votropticien.com\/blog\/wp-content\/uploads\/2021\/03\/Jaguar-31511-OPTIQUE1010-FACHES-THUMESNIL-R\u00e9f-18047-293x200.jpg\" class=\"attachment-thumbnail size-thumbnail\" alt=\"Jaguar 31511 OPTIQUE1010 FACHES THUMESNIL R\u00e9f 18047\" decoding=\"async\" loading=\"lazy\" aria-describedby=\"gallery-1-9621\" \/><\/a>\n\t\t\t<\/dt>\n\t\t\t\t<dd class='wp-caption-text gallery-caption' id='gallery-1-9621'>\n\t\t\t\tJaguar 31511 OPTIQUE1010 FACHES THUMESNIL R\u00e9f 18047\n\t\t\t\t<\/dd><\/dl><dl class='gallery-item'>\n\t\t\t<dt class='gallery-icon landscape'>\n\t\t\t\t<a href='http:\/\/www.1010votropticien.com\/blog\/lunettes-de-vue\/galerie-jaguar\/jaguar-31511-v-optique1010-faches-thumesnil-ref-18046\/'><img width=\"293\" height=\"200\" src=\"http:\/\/www.1010votropticien.com\/blog\/wp-content\/uploads\/2021\/03\/Jaguar-31511-V-OPTIQUE1010-FACHES-THUMESNIL-R\u00e9f-18046-293x200.jpg\" class=\"attachment-thumbnail size-thumbnail\" alt=\"\" decoding=\"async\" loading=\"lazy\" \/><\/a>\n\t\t\t<\/dt><\/dl><br style=\"clear: both\" \/><dl class='gallery-item'>\n\t\t\t<dt class='gallery-icon landscape'>\n\t\t\t\t<a href='http:\/\/www.1010votropticien.com\/blog\/lunettes-de-vue\/galerie-jaguar\/jaguar-31511-v-optique1010-faches-thumesnil-ref-18047\/'><img width=\"293\" height=\"200\" src=\"http:\/\/www.1010votropticien.com\/blog\/wp-content\/uploads\/2021\/03\/Jaguar-31511-V-OPTIQUE1010-FACHES-THUMESNIL-R\u00e9f-18047-293x200.jpg\" class=\"attachment-thumbnail size-thumbnail\" alt=\"Jaguar 31511 V OPTIQUE1010 FACHES THUMESNIL R\u00e9f 18047\" decoding=\"async\" loading=\"lazy\" aria-describedby=\"gallery-1-9623\" \/><\/a>\n\t\t\t<\/dt>\n\t\t\t\t<dd class='wp-caption-text gallery-caption' id='gallery-1-9623'>\n\t\t\t\tJaguar 31511 V OPTIQUE1010 FACHES THUMESNIL R\u00e9f 18047\n\t\t\t\t<\/dd><\/dl><dl class='gallery-item'>\n\t\t\t<dt class='gallery-icon landscape'>\n\t\t\t\t<a href='http:\/\/www.1010votropticien.com\/blog\/lunettes-de-vue\/galerie-jaguar\/jaguar-33513-optique1010-faches-thumesnil-ref-16137\/'><img width=\"293\" height=\"200\" src=\"http:\/\/www.1010votropticien.com\/blog\/wp-content\/uploads\/2021\/03\/Jaguar-33513-OPTIQUE1010-FACHES-THUMESNIL-R\u00e9f-16137-293x200.jpg\" class=\"attachment-thumbnail size-thumbnail\" alt=\"Jaguar 33513 OPTIQUE1010 FACHES THUMESNIL R\u00e9f 16137\" decoding=\"async\" loading=\"lazy\" aria-describedby=\"gallery-1-9624\" \/><\/a>\n\t\t\t<\/dt>\n\t\t\t\t<dd class='wp-caption-text gallery-caption' id='gallery-1-9624'>\n\t\t\t\tJaguar 33513 OPTIQUE1010 FACHES THUMESNIL R\u00e9f 16137\n\t\t\t\t<\/dd><\/dl><dl class='gallery-item'>\n\t\t\t<dt class='gallery-icon landscape'>\n\t\t\t\t<a href='http:\/\/www.1010votropticien.com\/blog\/lunettes-de-vue\/galerie-jaguar\/jaguar-33513-b-optique1010-faches-thumesnil-ref-16137\/'><img width=\"293\" height=\"200\" src=\"http:\/\/www.1010votropticien.com\/blog\/wp-content\/uploads\/2021\/03\/Jaguar-33513-B-OPTIQUE1010-FACHES-THUMESNIL-R\u00e9f-16137-293x200.jpg\" class=\"attachment-thumbnail size-thumbnail\" alt=\"Jaguar 33513 B OPTIQUE1010 FACHES THUMESNIL R\u00e9f 16137\" decoding=\"async\" loading=\"lazy\" aria-describedby=\"gallery-1-9625\" \/><\/a>\n\t\t\t<\/dt>\n\t\t\t\t<dd class='wp-caption-text gallery-caption' id='gallery-1-9625'>\n\t\t\t\tJaguar 33513 B OPTIQUE1010 FACHES THUMESNIL R\u00e9f 16137\n\t\t\t\t<\/dd><\/dl><br style=\"clear: both\" \/><dl class='gallery-item'>\n\t\t\t<dt class='gallery-icon landscape'>\n\t\t\t\t<a href='http:\/\/www.1010votropticien.com\/blog\/lunettes-de-vue\/galerie-jaguar\/jaguar-33513-d-optique1010-faches-thumesnil-ref-16137\/'><img width=\"293\" height=\"200\" src=\"http:\/\/www.1010votropticien.com\/blog\/wp-content\/uploads\/2021\/03\/Jaguar-33513-D-OPTIQUE1010-FACHES-THUMESNIL-R\u00e9f-16137-293x200.jpg\" class=\"attachment-thumbnail size-thumbnail\" alt=\"Jaguar 33513 D OPTIQUE1010 FACHES THUMESNIL R\u00e9f 16137\" decoding=\"async\" loading=\"lazy\" aria-describedby=\"gallery-1-9626\" \/><\/a>\n\t\t\t<\/dt>\n\t\t\t\t<dd class='wp-caption-text gallery-caption' id='gallery-1-9626'>\n\t\t\t\tJaguar 33513 D OPTIQUE1010 FACHES THUMESNIL R\u00e9f 16137\n\t\t\t\t<\/dd><\/dl><dl class='gallery-item'>\n\t\t\t<dt class='gallery-icon landscape'>\n\t\t\t\t<a href='http:\/\/www.1010votropticien.com\/blog\/lunettes-de-vue\/galerie-jaguar\/jaguar-33513-f-optique1010-faches-thumesnil-ref-16137\/'><img width=\"293\" height=\"200\" src=\"http:\/\/www.1010votropticien.com\/blog\/wp-content\/uploads\/2021\/03\/Jaguar-33513-F-OPTIQUE1010-FACHES-THUMESNIL-R\u00e9f-16137-293x200.jpg\" class=\"attachment-thumbnail size-thumbnail\" alt=\"Jaguar 33513 F OPTIQUE1010 FACHES THUMESNIL R\u00e9f 16137\" decoding=\"async\" loading=\"lazy\" aria-describedby=\"gallery-1-9627\" \/><\/a>\n\t\t\t<\/dt>\n\t\t\t\t<dd class='wp-caption-text gallery-caption' id='gallery-1-9627'>\n\t\t\t\tJaguar 33513 F OPTIQUE1010 FACHES THUMESNIL R\u00e9f 16137\n\t\t\t\t<\/dd><\/dl><dl class='gallery-item'>\n\t\t\t<dt class='gallery-icon landscape'>\n\t\t\t\t<a href='http:\/\/www.1010votropticien.com\/blog\/lunettes-de-vue\/galerie-jaguar\/jaguar-33513-optique1010-faches-thumesnil-ref-16137-2\/'><img width=\"293\" height=\"200\" src=\"http:\/\/www.1010votropticien.com\/blog\/wp-content\/uploads\/2021\/03\/Jaguar-33513-OPTIQUE1010-FACHES-THUMESNIL-R\u00e9f-16137-1-293x200.jpg\" class=\"attachment-thumbnail size-thumbnail\" alt=\"Jaguar 33513 OPTIQUE1010 FACHES THUMESNIL R\u00e9f 16137\" decoding=\"async\" loading=\"lazy\" aria-describedby=\"gallery-1-9628\" \/><\/a>\n\t\t\t<\/dt>\n\t\t\t\t<dd class='wp-caption-text gallery-caption' id='gallery-1-9628'>\n\t\t\t\tJaguar 33513 OPTIQUE1010 FACHES THUMESNIL R\u00e9f 16137\n\t\t\t\t<\/dd><\/dl><br style=\"clear: both\" \/><dl class='gallery-item'>\n\t\t\t<dt class='gallery-icon landscape'>\n\t\t\t\t<a href='http:\/\/www.1010votropticien.com\/blog\/lunettes-de-vue\/galerie-jaguar\/jaguar-33513-v-optique1010-faches-thumesnil-ref-16137\/'><img width=\"293\" height=\"200\" src=\"http:\/\/www.1010votropticien.com\/blog\/wp-content\/uploads\/2021\/03\/Jaguar-33513-V-OPTIQUE1010-FACHES-THUMESNIL-R\u00e9f-16137-293x200.jpg\" class=\"attachment-thumbnail size-thumbnail\" alt=\"Jaguar 33513 V OPTIQUE1010 FACHES THUMESNIL R\u00e9f 16137\" decoding=\"async\" loading=\"lazy\" aria-describedby=\"gallery-1-9629\" \/><\/a>\n\t\t\t<\/dt>\n\t\t\t\t<dd class='wp-caption-text gallery-caption' id='gallery-1-9629'>\n\t\t\t\tJaguar 33513 V OPTIQUE1010 FACHES THUMESNIL R\u00e9f 16137\n\t\t\t\t<\/dd><\/dl><dl class='gallery-item'>\n\t\t\t<dt class='gallery-icon landscape'>\n\t\t\t\t<a href='http:\/\/www.1010votropticien.com\/blog\/lunettes-de-vue\/galerie-jaguar\/jaguar-33598-optique1010-faches-thumesnil-ref-16129\/'><img width=\"293\" height=\"200\" src=\"http:\/\/www.1010votropticien.com\/blog\/wp-content\/uploads\/2021\/03\/Jaguar-33598-OPTIQUE1010-FACHES-THUMESNIL-R\u00e9f-16129-293x200.jpg\" class=\"attachment-thumbnail size-thumbnail\" alt=\"Jaguar 33598 OPTIQUE1010 FACHES THUMESNIL R\u00e9f 16129\" decoding=\"async\" loading=\"lazy\" aria-describedby=\"gallery-1-9630\" \/><\/a>\n\t\t\t<\/dt>\n\t\t\t\t<dd class='wp-caption-text gallery-caption' id='gallery-1-9630'>\n\t\t\t\tJaguar 33598 OPTIQUE1010 FACHES THUMESNIL R\u00e9f 16129\n\t\t\t\t<\/dd><\/dl><dl class='gallery-item'>\n\t\t\t<dt class='gallery-icon landscape'>\n\t\t\t\t<a href='http:\/\/www.1010votropticien.com\/blog\/lunettes-de-vue\/galerie-jaguar\/jaguar-33598-f-optique1010-faches-thumesnil-ref-16129\/'><img width=\"293\" height=\"200\" src=\"http:\/\/www.1010votropticien.com\/blog\/wp-content\/uploads\/2021\/03\/Jaguar-33598-F-OPTIQUE1010-FACHES-THUMESNIL-R\u00e9f-16129-293x200.jpg\" class=\"attachment-thumbnail size-thumbnail\" alt=\"Jaguar 33598 F OPTIQUE1010 FACHES THUMESNIL R\u00e9f 16129\" decoding=\"async\" loading=\"lazy\" aria-describedby=\"gallery-1-9631\" \/><\/a>\n\t\t\t<\/dt>\n\t\t\t\t<dd class='wp-caption-text gallery-caption' id='gallery-1-9631'>\n\t\t\t\tJaguar 33598 F OPTIQUE1010 FACHES THUMESNIL R\u00e9f 16129\n\t\t\t\t<\/dd><\/dl><br style=\"clear: both\" \/><dl class='gallery-item'>\n\t\t\t<dt class='gallery-icon landscape'>\n\t\t\t\t<a href='http:\/\/www.1010votropticien.com\/blog\/lunettes-de-vue\/galerie-jaguar\/jaguar-33609-f-optique1010-faches-thumesnil-ref-18048\/'><img width=\"293\" height=\"200\" src=\"http:\/\/www.1010votropticien.com\/blog\/wp-content\/uploads\/2021\/03\/Jaguar-33609-F-OPTIQUE1010-FACHES-THUMESNIL-R\u00e9f-18048-293x200.jpg\" class=\"attachment-thumbnail size-thumbnail\" alt=\"Jaguar 33609 F OPTIQUE1010 FACHES THUMESNIL R\u00e9f 18048\" decoding=\"async\" loading=\"lazy\" aria-describedby=\"gallery-1-9632\" \/><\/a>\n\t\t\t<\/dt>\n\t\t\t\t<dd class='wp-caption-text gallery-caption' id='gallery-1-9632'>\n\t\t\t\tJaguar 33609 F OPTIQUE1010 FACHES THUMESNIL R\u00e9f 18048\n\t\t\t\t<\/dd><\/dl><dl class='gallery-item'>\n\t\t\t<dt class='gallery-icon landscape'>\n\t\t\t\t<a href='http:\/\/www.1010votropticien.com\/blog\/lunettes-de-vue\/galerie-jaguar\/jaguar-33609-optique1010-faches-thumesnil-ref-18048\/'><img width=\"293\" height=\"200\" src=\"http:\/\/www.1010votropticien.com\/blog\/wp-content\/uploads\/2021\/03\/Jaguar-33609-OPTIQUE1010-FACHES-THUMESNIL-R\u00e9f-18048-293x200.jpg\" class=\"attachment-thumbnail size-thumbnail\" alt=\"Jaguar 33609 OPTIQUE1010 FACHES THUMESNIL R\u00e9f 18048\" decoding=\"async\" loading=\"lazy\" aria-describedby=\"gallery-1-9633\" \/><\/a>\n\t\t\t<\/dt>\n\t\t\t\t<dd class='wp-caption-text gallery-caption' id='gallery-1-9633'>\n\t\t\t\tJaguar 33609 OPTIQUE1010 FACHES THUMESNIL R\u00e9f 18048\n\t\t\t\t<\/dd><\/dl><dl class='gallery-item'>\n\t\t\t<dt class='gallery-icon landscape'>\n\t\t\t\t<a href='http:\/\/www.1010votropticien.com\/blog\/lunettes-de-vue\/galerie-jaguar\/jaguar-33609-v-optique1010-faches-thumesnil-ref-18048\/'><img width=\"293\" height=\"200\" src=\"http:\/\/www.1010votropticien.com\/blog\/wp-content\/uploads\/2021\/03\/Jaguar-33609-V-OPTIQUE1010-FACHES-THUMESNIL-R\u00e9f-18048-293x200.jpg\" class=\"attachment-thumbnail size-thumbnail\" alt=\"Jaguar 33609 V OPTIQUE1010 FACHES THUMESNIL R\u00e9f 18048\" decoding=\"async\" loading=\"lazy\" aria-describedby=\"gallery-1-9634\" \/><\/a>\n\t\t\t<\/dt>\n\t\t\t\t<dd class='wp-caption-text gallery-caption' id='gallery-1-9634'>\n\t\t\t\tJaguar 33609 V OPTIQUE1010 FACHES THUMESNIL R\u00e9f 18048\n\t\t\t\t<\/dd><\/dl><br style=\"clear: both\" \/><dl class='gallery-item'>\n\t\t\t<dt class='gallery-icon landscape'>\n\t\t\t\t<a href='http:\/\/www.1010votropticien.com\/blog\/lunettes-de-vue\/galerie-jaguar\/jaguar-33610-optique1010-faches-thumesnil-ref-18052\/'><img width=\"293\" height=\"200\" src=\"http:\/\/www.1010votropticien.com\/blog\/wp-content\/uploads\/2021\/03\/Jaguar-33610-OPTIQUE1010-FACHES-THUMESNIL-R\u00e9f-18052-293x200.jpg\" class=\"attachment-thumbnail size-thumbnail\" alt=\"Jaguar 33610 OPTIQUE1010 FACHES THUMESNIL R\u00e9f 18052\" decoding=\"async\" loading=\"lazy\" aria-describedby=\"gallery-1-9635\" \/><\/a>\n\t\t\t<\/dt>\n\t\t\t\t<dd class='wp-caption-text gallery-caption' id='gallery-1-9635'>\n\t\t\t\tJaguar 33610 OPTIQUE1010 FACHES THUMESNIL R\u00e9f 18052\n\t\t\t\t<\/dd><\/dl><dl class='gallery-item'>\n\t\t\t<dt class='gallery-icon landscape'>\n\t\t\t\t<a href='http:\/\/www.1010votropticien.com\/blog\/lunettes-de-vue\/galerie-jaguar\/jaguar-33610-v-optique1010-faches-thumesnil-ref-18052\/'><img width=\"293\" height=\"200\" src=\"http:\/\/www.1010votropticien.com\/blog\/wp-content\/uploads\/2021\/03\/Jaguar-33610-V-OPTIQUE1010-FACHES-THUMESNIL-R\u00e9f-18052-293x200.jpg\" class=\"attachment-thumbnail size-thumbnail\" alt=\"Jaguar 33610 V OPTIQUE1010 FACHES THUMESNIL R\u00e9f 18052\" decoding=\"async\" loading=\"lazy\" aria-describedby=\"gallery-1-9636\" \/><\/a>\n\t\t\t<\/dt>\n\t\t\t\t<dd class='wp-caption-text gallery-caption' id='gallery-1-9636'>\n\t\t\t\tJaguar 33610 V OPTIQUE1010 FACHES THUMESNIL R\u00e9f 18052\n\t\t\t\t<\/dd><\/dl><dl class='gallery-item'>\n\t\t\t<dt class='gallery-icon landscape'>\n\t\t\t\t<a href='http:\/\/www.1010votropticien.com\/blog\/lunettes-de-vue\/galerie-jaguar\/jaguar-33716-optique1010-faches-thumesnil-ref-18050\/'><img width=\"293\" height=\"200\" src=\"http:\/\/www.1010votropticien.com\/blog\/wp-content\/uploads\/2021\/03\/Jaguar-33716-OPTIQUE1010-FACHES-THUMESNIL-R\u00e9f-18050-293x200.jpg\" class=\"attachment-thumbnail size-thumbnail\" alt=\"Jaguar 33716 OPTIQUE1010 FACHES THUMESNIL R\u00e9f 18050\" decoding=\"async\" loading=\"lazy\" aria-describedby=\"gallery-1-9637\" \/><\/a>\n\t\t\t<\/dt>\n\t\t\t\t<dd class='wp-caption-text gallery-caption' id='gallery-1-9637'>\n\t\t\t\tJaguar 33716 OPTIQUE1010 FACHES THUMESNIL R\u00e9f 18050\n\t\t\t\t<\/dd><\/dl><br style=\"clear: both\" \/><dl class='gallery-item'>\n\t\t\t<dt class='gallery-icon landscape'>\n\t\t\t\t<a href='http:\/\/www.1010votropticien.com\/blog\/lunettes-de-vue\/galerie-jaguar\/jaguar-33716-f-optique1010-faches-thumesnil-ref-18050\/'><img width=\"293\" height=\"200\" src=\"http:\/\/www.1010votropticien.com\/blog\/wp-content\/uploads\/2021\/03\/Jaguar-33716-F-OPTIQUE1010-FACHES-THUMESNIL-R\u00e9f-18050-293x200.jpg\" class=\"attachment-thumbnail size-thumbnail\" alt=\"Jaguar 33716 F OPTIQUE1010 FACHES THUMESNIL R\u00e9f 18050\" decoding=\"async\" loading=\"lazy\" aria-describedby=\"gallery-1-9638\" \/><\/a>\n\t\t\t<\/dt>\n\t\t\t\t<dd class='wp-caption-text gallery-caption' id='gallery-1-9638'>\n\t\t\t\tJaguar 33716 F OPTIQUE1010 FACHES THUMESNIL R\u00e9f 18050\n\t\t\t\t<\/dd><\/dl><dl class='gallery-item'>\n\t\t\t<dt class='gallery-icon landscape'>\n\t\t\t\t<a href='http:\/\/www.1010votropticien.com\/blog\/lunettes-de-vue\/galerie-jaguar\/jaguar-33716-v-optique1010-faches-thumesnil-ref-18050\/'><img width=\"293\" height=\"200\" src=\"http:\/\/www.1010votropticien.com\/blog\/wp-content\/uploads\/2021\/03\/Jaguar-33716-V-OPTIQUE1010-FACHES-THUMESNIL-R\u00e9f-18050-293x200.jpg\" class=\"attachment-thumbnail size-thumbnail\" alt=\"Jaguar 33716 V OPTIQUE1010 FACHES THUMESNIL R\u00e9f 18050\" decoding=\"async\" loading=\"lazy\" aria-describedby=\"gallery-1-9639\" \/><\/a>\n\t\t\t<\/dt>\n\t\t\t\t<dd class='wp-caption-text gallery-caption' id='gallery-1-9639'>\n\t\t\t\tJaguar 33716 V OPTIQUE1010 FACHES THUMESNIL R\u00e9f 18050\n\t\t\t\t<\/dd><\/dl>\n\t\t\t<br style='clear: both' \/>\n\t\t<\/div>\n\n<p>A l\u2019image des voitures mythiques, les montures sont classiques, \u00e9l\u00e9gantes, avec une touche sportive et un grand soin apport\u00e9 aux finitions. Tous les mod\u00e8les sont \u00e9quip\u00e9s de charni\u00e8res souples pour un confort optimal.<\/p>\n<p>&nbsp;<\/p>\n<p>&nbsp;<\/p>\n<p>&nbsp;<\/p>\n<p>&nbsp;<\/p>\n<p>&nbsp;<\/p>\n<p>&nbsp;<\/p>\n","protected":false},"excerpt":{"rendered":"<p>Voici un petit aper\u00e7u des mod\u00e8les de la collection Jaguar &#8230; Venez vite en magasin les essayer et d\u00e9couvrir d&rsquo;autres mod\u00e8les! &nbsp;<\/p>\n","protected":false},"author":1,"featured_media":0,"parent":1290,"menu_order":57,"comment_status":"open","ping_status":"closed","template":"","meta":{"ngg_post_thumbnail":0},"_links":{"self":[{"href":"http:\/\/www.1010votropticien.com\/blog\/wp-json\/wp\/v2\/pages\/43"}],"collection":[{"href":"http:\/\/www.1010votropticien.com\/blog\/wp-json\/wp\/v2\/pages"}],"about":[{"href":"http:\/\/www.1010votropticien.com\/blog\/wp-json\/wp\/v2\/types\/page"}],"author":[{"embeddable":true,"href":"http:\/\/www.1010votropticien.com\/blog\/wp-json\/wp\/v2\/users\/1"}],"replies":[{"embeddable":true,"href":"http:\/\/www.1010votropticien.com\/blog\/wp-json\/wp\/v2\/comments?post=43"}],"version-history":[{"count":2,"href":"http:\/\/www.1010votropticien.com\/blog\/wp-json\/wp\/v2\/pages\/43\/revisions"}],"predecessor-version":[{"id":9641,"href":"http:\/\/www.1010votropticien.com\/blog\/wp-json\/wp\/v2\/pages\/43\/revisions\/9641"}],"up":[{"embeddable":true,"href":"http:\/\/www.1010votropticien.com\/blog\/wp-json\/wp\/v2\/pages\/1290"}],"wp:attachment":[{"href":"http:\/\/www.1010votropticien.com\/blog\/wp-json\/wp\/v2\/media?parent=43"}],"curies":[{"name":"wp","href":"https:\/\/api.w.org\/{rel}","templated":true}]}}