{"id":42,"date":"2009-08-28T17:31:28","date_gmt":"2009-08-28T16:31:28","guid":{"rendered":"http:\/\/www.1010votropticien.com\/blog\/?page_id=42"},"modified":"2021-01-12T06:31:23","modified_gmt":"2021-01-12T05:31:23","slug":"galerie-ivoko-inyake","status":"publish","type":"page","link":"http:\/\/www.1010votropticien.com\/blog\/lunettes-de-vue\/galerie-ivoko-inyake\/","title":{"rendered":"Iyoko-inyake"},"content":{"rendered":"<h3 style=\"text-align: justify;\">Voici un petit aper\u00e7u des mod\u00e8les de la collection Iyoko Inyake &#8230; Venez vite en magasin les essayer et d\u00e9couvrir d&rsquo;autres mod\u00e8les!<\/h3>\n\n\t\t<style type=\"text\/css\">\n\t\t\t#gallery-1 {\n\t\t\t\tmargin: auto;\n\t\t\t}\n\t\t\t#gallery-1 .gallery-item {\n\t\t\t\tfloat: left;\n\t\t\t\tmargin-top: 10px;\n\t\t\t\ttext-align: center;\n\t\t\t\twidth: 33%;\n\t\t\t}\n\t\t\t#gallery-1 img {\n\t\t\t\tborder: 2px solid #cfcfcf;\n\t\t\t}\n\t\t\t#gallery-1 .gallery-caption {\n\t\t\t\tmargin-left: 0;\n\t\t\t}\n\t\t\t\/* see gallery_shortcode() in wp-includes\/media.php *\/\n\t\t<\/style>\n\t\t<div id='gallery-1' class='gallery galleryid-42 gallery-columns-3 gallery-size-thumbnail'><dl class='gallery-item'>\n\t\t\t<dt class='gallery-icon landscape'>\n\t\t\t\t<a href='http:\/\/www.1010votropticien.com\/blog\/lunettes-de-vue\/galerie-ivoko-inyake\/iyoko-inyanke-iy293-optique-1010-faches-thumesnil-ref-2087\/'><img width=\"293\" height=\"200\" src=\"http:\/\/www.1010votropticien.com\/blog\/wp-content\/uploads\/2021\/01\/IYOKO-INYANKE-IY293-OPTIQUE-1010-FACHES-THUMESNIL-R\u00e9f-2087-293x200.jpg\" class=\"attachment-thumbnail size-thumbnail\" alt=\"IYOKO INYANKE IY293 OPTIQUE 1010 FACHES THUMESNIL R\u00e9f 2087\" decoding=\"async\" loading=\"lazy\" aria-describedby=\"gallery-1-9496\" \/><\/a>\n\t\t\t<\/dt>\n\t\t\t\t<dd class='wp-caption-text gallery-caption' id='gallery-1-9496'>\n\t\t\t\tIYOKO INYANKE IY293 OPTIQUE 1010 FACHES THUMESNIL R\u00e9f 2087\n\t\t\t\t<\/dd><\/dl><dl class='gallery-item'>\n\t\t\t<dt class='gallery-icon landscape'>\n\t\t\t\t<a href='http:\/\/www.1010votropticien.com\/blog\/lunettes-de-vue\/galerie-ivoko-inyake\/iyoko-inyanke-iy293-v-optique-1010-faches-thumesnil-ref-2087\/'><img width=\"293\" height=\"200\" src=\"http:\/\/www.1010votropticien.com\/blog\/wp-content\/uploads\/2021\/01\/IYOKO-INYANKE-IY293-V-OPTIQUE-1010-FACHES-THUMESNIL-R\u00e9f-2087-293x200.jpg\" class=\"attachment-thumbnail size-thumbnail\" alt=\"IYOKO INYANKE IY293 V OPTIQUE 1010 FACHES THUMESNIL R\u00e9f 2087\" decoding=\"async\" loading=\"lazy\" aria-describedby=\"gallery-1-9497\" \/><\/a>\n\t\t\t<\/dt>\n\t\t\t\t<dd class='wp-caption-text gallery-caption' id='gallery-1-9497'>\n\t\t\t\tIYOKO INYANKE IY293 V OPTIQUE 1010 FACHES THUMESNIL R\u00e9f 2087\n\t\t\t\t<\/dd><\/dl><dl class='gallery-item'>\n\t\t\t<dt class='gallery-icon landscape'>\n\t\t\t\t<a href='http:\/\/www.1010votropticien.com\/blog\/lunettes-de-vue\/galerie-ivoko-inyake\/iyoko-inyanke-iy416l-b-optique-1010-faches-thumesnil-ref-2075\/'><img width=\"293\" height=\"200\" src=\"http:\/\/www.1010votropticien.com\/blog\/wp-content\/uploads\/2021\/01\/IYOKO-INYANKE-IY416L-B-OPTIQUE-1010-FACHES-THUMESNIL-R\u00e9f-2075-293x200.jpg\" class=\"attachment-thumbnail size-thumbnail\" alt=\"IYOKO INYANKE IY416L B OPTIQUE 1010 FACHES THUMESNIL R\u00e9f 2075\" decoding=\"async\" loading=\"lazy\" aria-describedby=\"gallery-1-9498\" \/><\/a>\n\t\t\t<\/dt>\n\t\t\t\t<dd class='wp-caption-text gallery-caption' id='gallery-1-9498'>\n\t\t\t\tIYOKO INYANKE IY416L B OPTIQUE 1010 FACHES THUMESNIL R\u00e9f 2075\n\t\t\t\t<\/dd><\/dl><br style=\"clear: both\" \/><dl class='gallery-item'>\n\t\t\t<dt class='gallery-icon landscape'>\n\t\t\t\t<a href='http:\/\/www.1010votropticien.com\/blog\/lunettes-de-vue\/galerie-ivoko-inyake\/iyoko-inyanke-iy416l-optique-1010-faches-thumesnil-ref-2075\/'><img width=\"293\" height=\"200\" src=\"http:\/\/www.1010votropticien.com\/blog\/wp-content\/uploads\/2021\/01\/IYOKO-INYANKE-IY416L-OPTIQUE-1010-FACHES-THUMESNIL-R\u00e9f-2075-293x200.jpg\" class=\"attachment-thumbnail size-thumbnail\" alt=\"IYOKO INYANKE IY416L OPTIQUE 1010 FACHES THUMESNIL R\u00e9f 2075\" decoding=\"async\" loading=\"lazy\" aria-describedby=\"gallery-1-9499\" \/><\/a>\n\t\t\t<\/dt>\n\t\t\t\t<dd class='wp-caption-text gallery-caption' id='gallery-1-9499'>\n\t\t\t\tIYOKO INYANKE IY416L OPTIQUE 1010 FACHES THUMESNIL R\u00e9f 2075\n\t\t\t\t<\/dd><\/dl><dl class='gallery-item'>\n\t\t\t<dt class='gallery-icon landscape'>\n\t\t\t\t<a href='http:\/\/www.1010votropticien.com\/blog\/lunettes-de-vue\/galerie-ivoko-inyake\/iyoko-inyanke-iy430-b-optique-1010-faches-thumesnil-ref-2085\/'><img width=\"293\" height=\"200\" src=\"http:\/\/www.1010votropticien.com\/blog\/wp-content\/uploads\/2021\/01\/IYOKO-INYANKE-IY430-B-OPTIQUE-1010-FACHES-THUMESNIL-R\u00e9f-2085-293x200.jpg\" class=\"attachment-thumbnail size-thumbnail\" alt=\"IYOKO INYANKE IY430 B OPTIQUE 1010 FACHES THUMESNIL R\u00e9f 2085\" decoding=\"async\" loading=\"lazy\" aria-describedby=\"gallery-1-9500\" \/><\/a>\n\t\t\t<\/dt>\n\t\t\t\t<dd class='wp-caption-text gallery-caption' id='gallery-1-9500'>\n\t\t\t\tIYOKO INYANKE IY430 B OPTIQUE 1010 FACHES THUMESNIL R\u00e9f 2085\n\t\t\t\t<\/dd><\/dl><dl class='gallery-item'>\n\t\t\t<dt class='gallery-icon landscape'>\n\t\t\t\t<a href='http:\/\/www.1010votropticien.com\/blog\/lunettes-de-vue\/galerie-ivoko-inyake\/iyoko-inyanke-iy430-optique-1010-faches-thumesnil-ref-2085\/'><img width=\"293\" height=\"200\" src=\"http:\/\/www.1010votropticien.com\/blog\/wp-content\/uploads\/2021\/01\/IYOKO-INYANKE-IY430-OPTIQUE-1010-FACHES-THUMESNIL-R\u00e9f-2085-293x200.jpg\" class=\"attachment-thumbnail size-thumbnail\" alt=\"IYOKO INYANKE IY430 OPTIQUE 1010 FACHES THUMESNIL R\u00e9f 2085\" decoding=\"async\" loading=\"lazy\" aria-describedby=\"gallery-1-9502\" \/><\/a>\n\t\t\t<\/dt>\n\t\t\t\t<dd class='wp-caption-text gallery-caption' id='gallery-1-9502'>\n\t\t\t\tIYOKO INYANKE IY430 OPTIQUE 1010 FACHES THUMESNIL R\u00e9f 2085\n\t\t\t\t<\/dd><\/dl><br style=\"clear: both\" \/><dl class='gallery-item'>\n\t\t\t<dt class='gallery-icon landscape'>\n\t\t\t\t<a href='http:\/\/www.1010votropticien.com\/blog\/lunettes-de-vue\/galerie-ivoko-inyake\/iyoko-inyanke-iy453-optique-1010-faches-thumesnil-ref-6400\/'><img width=\"293\" height=\"200\" src=\"http:\/\/www.1010votropticien.com\/blog\/wp-content\/uploads\/2021\/01\/IYOKO-INYANKE-IY453-OPTIQUE-1010-FACHES-THUMESNIL-R\u00e9f-6400-293x200.jpg\" class=\"attachment-thumbnail size-thumbnail\" alt=\"IYOKO INYANKE IY453 OPTIQUE 1010 FACHES THUMESNIL R\u00e9f 6400\" decoding=\"async\" loading=\"lazy\" aria-describedby=\"gallery-1-9503\" \/><\/a>\n\t\t\t<\/dt>\n\t\t\t\t<dd class='wp-caption-text gallery-caption' id='gallery-1-9503'>\n\t\t\t\tIYOKO INYANKE IY453 OPTIQUE 1010 FACHES THUMESNIL R\u00e9f 6400\n\t\t\t\t<\/dd><\/dl><dl class='gallery-item'>\n\t\t\t<dt class='gallery-icon landscape'>\n\t\t\t\t<a href='http:\/\/www.1010votropticien.com\/blog\/lunettes-de-vue\/galerie-ivoko-inyake\/iyoko-inyanke-iy820-optique-1010-faches-thumesnil-ref-2094\/'><img width=\"293\" height=\"200\" src=\"http:\/\/www.1010votropticien.com\/blog\/wp-content\/uploads\/2021\/01\/IYOKO-INYANKE-IY820-OPTIQUE-1010-FACHES-THUMESNIL-R\u00e9f-2094-293x200.jpg\" class=\"attachment-thumbnail size-thumbnail\" alt=\"IYOKO INYANKE IY820 OPTIQUE 1010 FACHES THUMESNIL R\u00e9f 2094\" decoding=\"async\" loading=\"lazy\" aria-describedby=\"gallery-1-9504\" \/><\/a>\n\t\t\t<\/dt>\n\t\t\t\t<dd class='wp-caption-text gallery-caption' id='gallery-1-9504'>\n\t\t\t\tIYOKO INYANKE IY820 OPTIQUE 1010 FACHES THUMESNIL R\u00e9f 2094\n\t\t\t\t<\/dd><\/dl><dl class='gallery-item'>\n\t\t\t<dt class='gallery-icon landscape'>\n\t\t\t\t<a href='http:\/\/www.1010votropticien.com\/blog\/lunettes-de-vue\/galerie-ivoko-inyake\/iyoko-inyanke-iy820-v-optique-1010-faches-thumesnil-ref-2094\/'><img width=\"293\" height=\"200\" src=\"http:\/\/www.1010votropticien.com\/blog\/wp-content\/uploads\/2021\/01\/IYOKO-INYANKE-IY820-V-OPTIQUE-1010-FACHES-THUMESNIL-R\u00e9f-2094-293x200.jpg\" class=\"attachment-thumbnail size-thumbnail\" alt=\"IYOKO INYANKE IY820 V OPTIQUE 1010 FACHES THUMESNIL R\u00e9f 2094\" decoding=\"async\" loading=\"lazy\" aria-describedby=\"gallery-1-9505\" \/><\/a>\n\t\t\t<\/dt>\n\t\t\t\t<dd class='wp-caption-text gallery-caption' id='gallery-1-9505'>\n\t\t\t\tIYOKO INYANKE IY820 V OPTIQUE 1010 FACHES THUMESNIL R\u00e9f 2094\n\t\t\t\t<\/dd><\/dl><br style=\"clear: both\" \/>\n\t\t<\/div>\n\n<h4>&nbsp;<\/h4>\n<h4 style=\"text-align: justify;\">Des montures <span style=\"color: #ff0000;\">extr\u00eamement modernes<\/span>, m\u00e9langes subtils de <span style=\"color: #ff0000;\">mati\u00e8res<\/span>, <span style=\"color: #ff0000;\">formes<\/span>, <span style=\"color: #ff0000;\">couleurs<\/span>&#8230;qui conf\u00e8rent \u00e0 ces montures un <span style=\"color: #ff0000;\">caract\u00e8re hors du commun<\/span>.<\/h4>\n<p>&nbsp;<\/p>\n<p>&nbsp;<\/p>\n<p>&nbsp;<\/p>\n<p>&nbsp;<\/p>\n<p>&nbsp;<\/p>\n<p>&nbsp;<\/p>\n","protected":false},"excerpt":{"rendered":"<p>Voici un petit aper\u00e7u des mod\u00e8les de la collection Iyoko Inyake &#8230; Venez vite en magasin les essayer et d\u00e9couvrir d&rsquo;autres mod\u00e8les! &nbsp; Des montures extr\u00eamement modernes, m\u00e9langes subtils de mati\u00e8res, formes, couleurs&#8230;qui conf\u00e8rent \u00e0 ces montures un caract\u00e8re hors du commun. &nbsp; &nbsp; &nbsp; &nbsp; &nbsp; &nbsp;<\/p>\n","protected":false},"author":1,"featured_media":0,"parent":1290,"menu_order":58,"comment_status":"open","ping_status":"closed","template":"","meta":{"ngg_post_thumbnail":0},"_links":{"self":[{"href":"http:\/\/www.1010votropticien.com\/blog\/wp-json\/wp\/v2\/pages\/42"}],"collection":[{"href":"http:\/\/www.1010votropticien.com\/blog\/wp-json\/wp\/v2\/pages"}],"about":[{"href":"http:\/\/www.1010votropticien.com\/blog\/wp-json\/wp\/v2\/types\/page"}],"author":[{"embeddable":true,"href":"http:\/\/www.1010votropticien.com\/blog\/wp-json\/wp\/v2\/users\/1"}],"replies":[{"embeddable":true,"href":"http:\/\/www.1010votropticien.com\/blog\/wp-json\/wp\/v2\/comments?post=42"}],"version-history":[{"count":1,"href":"http:\/\/www.1010votropticien.com\/blog\/wp-json\/wp\/v2\/pages\/42\/revisions"}],"predecessor-version":[{"id":9506,"href":"http:\/\/www.1010votropticien.com\/blog\/wp-json\/wp\/v2\/pages\/42\/revisions\/9506"}],"up":[{"embeddable":true,"href":"http:\/\/www.1010votropticien.com\/blog\/wp-json\/wp\/v2\/pages\/1290"}],"wp:attachment":[{"href":"http:\/\/www.1010votropticien.com\/blog\/wp-json\/wp\/v2\/media?parent=42"}],"curies":[{"name":"wp","href":"https:\/\/api.w.org\/{rel}","templated":true}]}}