{"id":3725,"date":"2015-09-08T18:58:13","date_gmt":"2015-09-08T16:58:13","guid":{"rendered":"http:\/\/www.1010votropticien.com\/blog\/?page_id=3725"},"modified":"2020-12-09T07:58:51","modified_gmt":"2020-12-09T06:58:51","slug":"bellinger","status":"publish","type":"page","link":"http:\/\/www.1010votropticien.com\/blog\/lunettes-de-vue\/bellinger\/","title":{"rendered":"Bellinger"},"content":{"rendered":"\n<h2 class=\"wp-block-heading\">Voici un petit aper\u00e7u des mod\u00e8les de la collection Bellinger &#8230; Venez vite en magasin les essayer et d\u00e9couvrir d&rsquo;autres mod\u00e8les!<\/h2>\n\n\n\n<figure class=\"wp-block-gallery columns-3 is-cropped wp-block-gallery-1 is-layout-flex\"><ul class=\"blocks-gallery-grid\"><li class=\"blocks-gallery-item\"><figure><a href=\"http:\/\/www.1010votropticien.com\/blog\/lunettes-de-vue\/bellinger\/bellinger-arc-x-17134-optique-1010-faches-thumesnil\/\"><img decoding=\"async\" loading=\"lazy\" width=\"1920\" height=\"1920\" src=\"https:\/\/i2.wp.com\/www.1010votropticien.com\/blog\/wp-content\/uploads\/2020\/11\/BELLINGER-ARC-X-17134-OPTIQUE-1010-F\u00e2ches-Thumesnil.jpg?fit=838%2C838\" alt=\"\" data-id=\"8544\" data-full-url=\"https:\/\/i2.wp.com\/www.1010votropticien.com\/blog\/wp-content\/uploads\/2020\/11\/BELLINGER-ARC-X-17134-OPTIQUE-1010-F\u00e2ches-Thumesnil.jpg?fit=1920%2C1920\" data-link=\"http:\/\/www.1010votropticien.com\/blog\/lunettes-de-vue\/bellinger\/bellinger-arc-x-17134-optique-1010-faches-thumesnil\/\" class=\"wp-image-8544\" srcset=\"http:\/\/www.1010votropticien.com\/blog\/wp-content\/uploads\/2020\/11\/BELLINGER-ARC-X-17134-OPTIQUE-1010-F\u00e2ches-Thumesnil.jpg 1920w, http:\/\/www.1010votropticien.com\/blog\/wp-content\/uploads\/2020\/11\/BELLINGER-ARC-X-17134-OPTIQUE-1010-F\u00e2ches-Thumesnil-300x300.jpg 300w, http:\/\/www.1010votropticien.com\/blog\/wp-content\/uploads\/2020\/11\/BELLINGER-ARC-X-17134-OPTIQUE-1010-F\u00e2ches-Thumesnil-1024x1024.jpg 1024w, http:\/\/www.1010votropticien.com\/blog\/wp-content\/uploads\/2020\/11\/BELLINGER-ARC-X-17134-OPTIQUE-1010-F\u00e2ches-Thumesnil-768x768.jpg 768w, http:\/\/www.1010votropticien.com\/blog\/wp-content\/uploads\/2020\/11\/BELLINGER-ARC-X-17134-OPTIQUE-1010-F\u00e2ches-Thumesnil-1536x1536.jpg 1536w, http:\/\/www.1010votropticien.com\/blog\/wp-content\/uploads\/2020\/11\/BELLINGER-ARC-X-17134-OPTIQUE-1010-F\u00e2ches-Thumesnil-160x160.jpg 160w, http:\/\/www.1010votropticien.com\/blog\/wp-content\/uploads\/2020\/11\/BELLINGER-ARC-X-17134-OPTIQUE-1010-F\u00e2ches-Thumesnil-240x240.jpg 240w, http:\/\/www.1010votropticien.com\/blog\/wp-content\/uploads\/2020\/11\/BELLINGER-ARC-X-17134-OPTIQUE-1010-F\u00e2ches-Thumesnil-60x60.jpg 60w, http:\/\/www.1010votropticien.com\/blog\/wp-content\/uploads\/2020\/11\/BELLINGER-ARC-X-17134-OPTIQUE-1010-F\u00e2ches-Thumesnil-184x184.jpg 184w, http:\/\/www.1010votropticien.com\/blog\/wp-content\/uploads\/2020\/11\/BELLINGER-ARC-X-17134-OPTIQUE-1010-F\u00e2ches-Thumesnil-50x50.jpg 50w\" sizes=\"(max-width: 1920px) 100vw, 1920px\" \/><\/a><\/figure><\/li><li class=\"blocks-gallery-item\"><figure><a href=\"http:\/\/www.1010votropticien.com\/blog\/lunettes-de-vue\/bellinger\/bellinger-less-1811-16753-optique-1010-faches-thumesnil\/\"><img decoding=\"async\" loading=\"lazy\" width=\"1920\" height=\"1920\" src=\"https:\/\/i0.wp.com\/www.1010votropticien.com\/blog\/wp-content\/uploads\/2020\/11\/BELLINGER-LESS-1811-16753-OPTIQUE-1010-F\u00e2ches-Thumesnil.jpg?fit=838%2C838\" alt=\"\" data-id=\"8545\" data-full-url=\"https:\/\/i0.wp.com\/www.1010votropticien.com\/blog\/wp-content\/uploads\/2020\/11\/BELLINGER-LESS-1811-16753-OPTIQUE-1010-F\u00e2ches-Thumesnil.jpg?fit=1920%2C1920\" data-link=\"http:\/\/www.1010votropticien.com\/blog\/lunettes-de-vue\/bellinger\/bellinger-less-1811-16753-optique-1010-faches-thumesnil\/\" class=\"wp-image-8545\" srcset=\"http:\/\/www.1010votropticien.com\/blog\/wp-content\/uploads\/2020\/11\/BELLINGER-LESS-1811-16753-OPTIQUE-1010-F\u00e2ches-Thumesnil.jpg 1920w, http:\/\/www.1010votropticien.com\/blog\/wp-content\/uploads\/2020\/11\/BELLINGER-LESS-1811-16753-OPTIQUE-1010-F\u00e2ches-Thumesnil-300x300.jpg 300w, http:\/\/www.1010votropticien.com\/blog\/wp-content\/uploads\/2020\/11\/BELLINGER-LESS-1811-16753-OPTIQUE-1010-F\u00e2ches-Thumesnil-1024x1024.jpg 1024w, http:\/\/www.1010votropticien.com\/blog\/wp-content\/uploads\/2020\/11\/BELLINGER-LESS-1811-16753-OPTIQUE-1010-F\u00e2ches-Thumesnil-768x768.jpg 768w, http:\/\/www.1010votropticien.com\/blog\/wp-content\/uploads\/2020\/11\/BELLINGER-LESS-1811-16753-OPTIQUE-1010-F\u00e2ches-Thumesnil-1536x1536.jpg 1536w, http:\/\/www.1010votropticien.com\/blog\/wp-content\/uploads\/2020\/11\/BELLINGER-LESS-1811-16753-OPTIQUE-1010-F\u00e2ches-Thumesnil-160x160.jpg 160w, http:\/\/www.1010votropticien.com\/blog\/wp-content\/uploads\/2020\/11\/BELLINGER-LESS-1811-16753-OPTIQUE-1010-F\u00e2ches-Thumesnil-240x240.jpg 240w, http:\/\/www.1010votropticien.com\/blog\/wp-content\/uploads\/2020\/11\/BELLINGER-LESS-1811-16753-OPTIQUE-1010-F\u00e2ches-Thumesnil-60x60.jpg 60w, http:\/\/www.1010votropticien.com\/blog\/wp-content\/uploads\/2020\/11\/BELLINGER-LESS-1811-16753-OPTIQUE-1010-F\u00e2ches-Thumesnil-184x184.jpg 184w, http:\/\/www.1010votropticien.com\/blog\/wp-content\/uploads\/2020\/11\/BELLINGER-LESS-1811-16753-OPTIQUE-1010-F\u00e2ches-Thumesnil-50x50.jpg 50w\" sizes=\"(max-width: 1920px) 100vw, 1920px\" \/><\/a><\/figure><\/li><li class=\"blocks-gallery-item\"><figure><a href=\"http:\/\/www.1010votropticien.com\/blog\/lunettes-de-vue\/bellinger\/bellinger-less-1811-16753-optique-1010-faches-thumesnil-2\/\"><img decoding=\"async\" loading=\"lazy\" width=\"1920\" height=\"1920\" src=\"https:\/\/i2.wp.com\/www.1010votropticien.com\/blog\/wp-content\/uploads\/2020\/11\/BELLINGER-LESS-1811-16753-OPTIQUE-1010-F\u00e2ches-Thumesnil-.jpg?fit=838%2C838\" alt=\"\" data-id=\"8546\" data-full-url=\"https:\/\/i2.wp.com\/www.1010votropticien.com\/blog\/wp-content\/uploads\/2020\/11\/BELLINGER-LESS-1811-16753-OPTIQUE-1010-F\u00e2ches-Thumesnil-.jpg?fit=1920%2C1920\" data-link=\"http:\/\/www.1010votropticien.com\/blog\/lunettes-de-vue\/bellinger\/bellinger-less-1811-16753-optique-1010-faches-thumesnil-2\/\" class=\"wp-image-8546\" srcset=\"http:\/\/www.1010votropticien.com\/blog\/wp-content\/uploads\/2020\/11\/BELLINGER-LESS-1811-16753-OPTIQUE-1010-F\u00e2ches-Thumesnil-.jpg 1920w, http:\/\/www.1010votropticien.com\/blog\/wp-content\/uploads\/2020\/11\/BELLINGER-LESS-1811-16753-OPTIQUE-1010-F\u00e2ches-Thumesnil--300x300.jpg 300w, http:\/\/www.1010votropticien.com\/blog\/wp-content\/uploads\/2020\/11\/BELLINGER-LESS-1811-16753-OPTIQUE-1010-F\u00e2ches-Thumesnil--1024x1024.jpg 1024w, http:\/\/www.1010votropticien.com\/blog\/wp-content\/uploads\/2020\/11\/BELLINGER-LESS-1811-16753-OPTIQUE-1010-F\u00e2ches-Thumesnil--768x768.jpg 768w, http:\/\/www.1010votropticien.com\/blog\/wp-content\/uploads\/2020\/11\/BELLINGER-LESS-1811-16753-OPTIQUE-1010-F\u00e2ches-Thumesnil--1536x1536.jpg 1536w, http:\/\/www.1010votropticien.com\/blog\/wp-content\/uploads\/2020\/11\/BELLINGER-LESS-1811-16753-OPTIQUE-1010-F\u00e2ches-Thumesnil--160x160.jpg 160w, http:\/\/www.1010votropticien.com\/blog\/wp-content\/uploads\/2020\/11\/BELLINGER-LESS-1811-16753-OPTIQUE-1010-F\u00e2ches-Thumesnil--240x240.jpg 240w, http:\/\/www.1010votropticien.com\/blog\/wp-content\/uploads\/2020\/11\/BELLINGER-LESS-1811-16753-OPTIQUE-1010-F\u00e2ches-Thumesnil--60x60.jpg 60w, http:\/\/www.1010votropticien.com\/blog\/wp-content\/uploads\/2020\/11\/BELLINGER-LESS-1811-16753-OPTIQUE-1010-F\u00e2ches-Thumesnil--184x184.jpg 184w, http:\/\/www.1010votropticien.com\/blog\/wp-content\/uploads\/2020\/11\/BELLINGER-LESS-1811-16753-OPTIQUE-1010-F\u00e2ches-Thumesnil--50x50.jpg 50w\" sizes=\"(max-width: 1920px) 100vw, 1920px\" \/><\/a><\/figure><\/li><li class=\"blocks-gallery-item\"><figure><a href=\"http:\/\/www.1010votropticien.com\/blog\/lunettes-de-vue\/bellinger\/bellinger-less-1841-16766-optique-1010-faches-thumesnil\/\"><img decoding=\"async\" loading=\"lazy\" width=\"1920\" height=\"1920\" src=\"https:\/\/i1.wp.com\/www.1010votropticien.com\/blog\/wp-content\/uploads\/2020\/11\/BELLINGER-LESS-1841-16766-OPTIQUE-1010-F\u00e2ches-Thumesnil.jpg?fit=838%2C838\" alt=\"\" data-id=\"8547\" data-full-url=\"https:\/\/i1.wp.com\/www.1010votropticien.com\/blog\/wp-content\/uploads\/2020\/11\/BELLINGER-LESS-1841-16766-OPTIQUE-1010-F\u00e2ches-Thumesnil.jpg?fit=1920%2C1920\" data-link=\"http:\/\/www.1010votropticien.com\/blog\/lunettes-de-vue\/bellinger\/bellinger-less-1841-16766-optique-1010-faches-thumesnil\/\" class=\"wp-image-8547\" srcset=\"http:\/\/www.1010votropticien.com\/blog\/wp-content\/uploads\/2020\/11\/BELLINGER-LESS-1841-16766-OPTIQUE-1010-F\u00e2ches-Thumesnil.jpg 1920w, http:\/\/www.1010votropticien.com\/blog\/wp-content\/uploads\/2020\/11\/BELLINGER-LESS-1841-16766-OPTIQUE-1010-F\u00e2ches-Thumesnil-300x300.jpg 300w, http:\/\/www.1010votropticien.com\/blog\/wp-content\/uploads\/2020\/11\/BELLINGER-LESS-1841-16766-OPTIQUE-1010-F\u00e2ches-Thumesnil-1024x1024.jpg 1024w, http:\/\/www.1010votropticien.com\/blog\/wp-content\/uploads\/2020\/11\/BELLINGER-LESS-1841-16766-OPTIQUE-1010-F\u00e2ches-Thumesnil-768x768.jpg 768w, http:\/\/www.1010votropticien.com\/blog\/wp-content\/uploads\/2020\/11\/BELLINGER-LESS-1841-16766-OPTIQUE-1010-F\u00e2ches-Thumesnil-1536x1536.jpg 1536w, http:\/\/www.1010votropticien.com\/blog\/wp-content\/uploads\/2020\/11\/BELLINGER-LESS-1841-16766-OPTIQUE-1010-F\u00e2ches-Thumesnil-160x160.jpg 160w, http:\/\/www.1010votropticien.com\/blog\/wp-content\/uploads\/2020\/11\/BELLINGER-LESS-1841-16766-OPTIQUE-1010-F\u00e2ches-Thumesnil-240x240.jpg 240w, http:\/\/www.1010votropticien.com\/blog\/wp-content\/uploads\/2020\/11\/BELLINGER-LESS-1841-16766-OPTIQUE-1010-F\u00e2ches-Thumesnil-60x60.jpg 60w, http:\/\/www.1010votropticien.com\/blog\/wp-content\/uploads\/2020\/11\/BELLINGER-LESS-1841-16766-OPTIQUE-1010-F\u00e2ches-Thumesnil-184x184.jpg 184w, http:\/\/www.1010votropticien.com\/blog\/wp-content\/uploads\/2020\/11\/BELLINGER-LESS-1841-16766-OPTIQUE-1010-F\u00e2ches-Thumesnil-50x50.jpg 50w\" sizes=\"(max-width: 1920px) 100vw, 1920px\" \/><\/a><\/figure><\/li><li class=\"blocks-gallery-item\"><figure><a href=\"http:\/\/www.1010votropticien.com\/blog\/lunettes-de-vue\/bellinger\/bellinger-less-1915-15505-optique-1010-faches-thumesnil\/\"><img decoding=\"async\" loading=\"lazy\" width=\"1920\" height=\"1920\" src=\"https:\/\/i1.wp.com\/www.1010votropticien.com\/blog\/wp-content\/uploads\/2020\/11\/BELLINGER-LESS-1915-15505-OPTIQUE-1010-F\u00e2ches-Thumesnil.jpg?fit=838%2C838\" alt=\"\" data-id=\"8548\" data-full-url=\"https:\/\/i1.wp.com\/www.1010votropticien.com\/blog\/wp-content\/uploads\/2020\/11\/BELLINGER-LESS-1915-15505-OPTIQUE-1010-F\u00e2ches-Thumesnil.jpg?fit=1920%2C1920\" data-link=\"http:\/\/www.1010votropticien.com\/blog\/lunettes-de-vue\/bellinger\/bellinger-less-1915-15505-optique-1010-faches-thumesnil\/\" class=\"wp-image-8548\" srcset=\"http:\/\/www.1010votropticien.com\/blog\/wp-content\/uploads\/2020\/11\/BELLINGER-LESS-1915-15505-OPTIQUE-1010-F\u00e2ches-Thumesnil.jpg 1920w, http:\/\/www.1010votropticien.com\/blog\/wp-content\/uploads\/2020\/11\/BELLINGER-LESS-1915-15505-OPTIQUE-1010-F\u00e2ches-Thumesnil-300x300.jpg 300w, http:\/\/www.1010votropticien.com\/blog\/wp-content\/uploads\/2020\/11\/BELLINGER-LESS-1915-15505-OPTIQUE-1010-F\u00e2ches-Thumesnil-1024x1024.jpg 1024w, http:\/\/www.1010votropticien.com\/blog\/wp-content\/uploads\/2020\/11\/BELLINGER-LESS-1915-15505-OPTIQUE-1010-F\u00e2ches-Thumesnil-768x768.jpg 768w, http:\/\/www.1010votropticien.com\/blog\/wp-content\/uploads\/2020\/11\/BELLINGER-LESS-1915-15505-OPTIQUE-1010-F\u00e2ches-Thumesnil-1536x1536.jpg 1536w, http:\/\/www.1010votropticien.com\/blog\/wp-content\/uploads\/2020\/11\/BELLINGER-LESS-1915-15505-OPTIQUE-1010-F\u00e2ches-Thumesnil-160x160.jpg 160w, http:\/\/www.1010votropticien.com\/blog\/wp-content\/uploads\/2020\/11\/BELLINGER-LESS-1915-15505-OPTIQUE-1010-F\u00e2ches-Thumesnil-240x240.jpg 240w, http:\/\/www.1010votropticien.com\/blog\/wp-content\/uploads\/2020\/11\/BELLINGER-LESS-1915-15505-OPTIQUE-1010-F\u00e2ches-Thumesnil-60x60.jpg 60w, http:\/\/www.1010votropticien.com\/blog\/wp-content\/uploads\/2020\/11\/BELLINGER-LESS-1915-15505-OPTIQUE-1010-F\u00e2ches-Thumesnil-184x184.jpg 184w, http:\/\/www.1010votropticien.com\/blog\/wp-content\/uploads\/2020\/11\/BELLINGER-LESS-1915-15505-OPTIQUE-1010-F\u00e2ches-Thumesnil-50x50.jpg 50w\" sizes=\"(max-width: 1920px) 100vw, 1920px\" \/><\/a><\/figure><\/li><li class=\"blocks-gallery-item\"><figure><a href=\"http:\/\/www.1010votropticien.com\/blog\/lunettes-de-vue\/bellinger\/bellinger-less-1985-16757-optique-1010-faches-thumesnil\/\"><img decoding=\"async\" loading=\"lazy\" width=\"1920\" height=\"1920\" src=\"https:\/\/i0.wp.com\/www.1010votropticien.com\/blog\/wp-content\/uploads\/2020\/11\/BELLINGER-LESS-1985-16757-OPTIQUE-1010-F\u00e2ches-Thumesnil.jpg?fit=838%2C838\" alt=\"\" data-id=\"8549\" data-full-url=\"https:\/\/i0.wp.com\/www.1010votropticien.com\/blog\/wp-content\/uploads\/2020\/11\/BELLINGER-LESS-1985-16757-OPTIQUE-1010-F\u00e2ches-Thumesnil.jpg?fit=1920%2C1920\" data-link=\"http:\/\/www.1010votropticien.com\/blog\/lunettes-de-vue\/bellinger\/bellinger-less-1985-16757-optique-1010-faches-thumesnil\/\" class=\"wp-image-8549\" srcset=\"http:\/\/www.1010votropticien.com\/blog\/wp-content\/uploads\/2020\/11\/BELLINGER-LESS-1985-16757-OPTIQUE-1010-F\u00e2ches-Thumesnil.jpg 1920w, http:\/\/www.1010votropticien.com\/blog\/wp-content\/uploads\/2020\/11\/BELLINGER-LESS-1985-16757-OPTIQUE-1010-F\u00e2ches-Thumesnil-300x300.jpg 300w, http:\/\/www.1010votropticien.com\/blog\/wp-content\/uploads\/2020\/11\/BELLINGER-LESS-1985-16757-OPTIQUE-1010-F\u00e2ches-Thumesnil-1024x1024.jpg 1024w, http:\/\/www.1010votropticien.com\/blog\/wp-content\/uploads\/2020\/11\/BELLINGER-LESS-1985-16757-OPTIQUE-1010-F\u00e2ches-Thumesnil-768x768.jpg 768w, http:\/\/www.1010votropticien.com\/blog\/wp-content\/uploads\/2020\/11\/BELLINGER-LESS-1985-16757-OPTIQUE-1010-F\u00e2ches-Thumesnil-1536x1536.jpg 1536w, http:\/\/www.1010votropticien.com\/blog\/wp-content\/uploads\/2020\/11\/BELLINGER-LESS-1985-16757-OPTIQUE-1010-F\u00e2ches-Thumesnil-160x160.jpg 160w, http:\/\/www.1010votropticien.com\/blog\/wp-content\/uploads\/2020\/11\/BELLINGER-LESS-1985-16757-OPTIQUE-1010-F\u00e2ches-Thumesnil-240x240.jpg 240w, http:\/\/www.1010votropticien.com\/blog\/wp-content\/uploads\/2020\/11\/BELLINGER-LESS-1985-16757-OPTIQUE-1010-F\u00e2ches-Thumesnil-60x60.jpg 60w, http:\/\/www.1010votropticien.com\/blog\/wp-content\/uploads\/2020\/11\/BELLINGER-LESS-1985-16757-OPTIQUE-1010-F\u00e2ches-Thumesnil-184x184.jpg 184w, http:\/\/www.1010votropticien.com\/blog\/wp-content\/uploads\/2020\/11\/BELLINGER-LESS-1985-16757-OPTIQUE-1010-F\u00e2ches-Thumesnil-50x50.jpg 50w\" sizes=\"(max-width: 1920px) 100vw, 1920px\" \/><\/a><\/figure><\/li><li class=\"blocks-gallery-item\"><figure><a href=\"http:\/\/www.1010votropticien.com\/blog\/lunettes-de-vue\/bellinger\/bellinger-less-1985-16757-optique-1010-faches-thumesnil-2\/\"><img decoding=\"async\" loading=\"lazy\" width=\"1920\" height=\"1920\" src=\"https:\/\/i0.wp.com\/www.1010votropticien.com\/blog\/wp-content\/uploads\/2020\/11\/BELLINGER-LESS-1985-16757-OPTIQUE-1010-F\u00e2ches-Thumesnil-.jpg?fit=838%2C838\" alt=\"\" data-id=\"8550\" data-full-url=\"https:\/\/i0.wp.com\/www.1010votropticien.com\/blog\/wp-content\/uploads\/2020\/11\/BELLINGER-LESS-1985-16757-OPTIQUE-1010-F\u00e2ches-Thumesnil-.jpg?fit=1920%2C1920\" data-link=\"http:\/\/www.1010votropticien.com\/blog\/lunettes-de-vue\/bellinger\/bellinger-less-1985-16757-optique-1010-faches-thumesnil-2\/\" class=\"wp-image-8550\" srcset=\"http:\/\/www.1010votropticien.com\/blog\/wp-content\/uploads\/2020\/11\/BELLINGER-LESS-1985-16757-OPTIQUE-1010-F\u00e2ches-Thumesnil-.jpg 1920w, http:\/\/www.1010votropticien.com\/blog\/wp-content\/uploads\/2020\/11\/BELLINGER-LESS-1985-16757-OPTIQUE-1010-F\u00e2ches-Thumesnil--300x300.jpg 300w, http:\/\/www.1010votropticien.com\/blog\/wp-content\/uploads\/2020\/11\/BELLINGER-LESS-1985-16757-OPTIQUE-1010-F\u00e2ches-Thumesnil--1024x1024.jpg 1024w, http:\/\/www.1010votropticien.com\/blog\/wp-content\/uploads\/2020\/11\/BELLINGER-LESS-1985-16757-OPTIQUE-1010-F\u00e2ches-Thumesnil--768x768.jpg 768w, http:\/\/www.1010votropticien.com\/blog\/wp-content\/uploads\/2020\/11\/BELLINGER-LESS-1985-16757-OPTIQUE-1010-F\u00e2ches-Thumesnil--1536x1536.jpg 1536w, http:\/\/www.1010votropticien.com\/blog\/wp-content\/uploads\/2020\/11\/BELLINGER-LESS-1985-16757-OPTIQUE-1010-F\u00e2ches-Thumesnil--160x160.jpg 160w, http:\/\/www.1010votropticien.com\/blog\/wp-content\/uploads\/2020\/11\/BELLINGER-LESS-1985-16757-OPTIQUE-1010-F\u00e2ches-Thumesnil--240x240.jpg 240w, http:\/\/www.1010votropticien.com\/blog\/wp-content\/uploads\/2020\/11\/BELLINGER-LESS-1985-16757-OPTIQUE-1010-F\u00e2ches-Thumesnil--60x60.jpg 60w, http:\/\/www.1010votropticien.com\/blog\/wp-content\/uploads\/2020\/11\/BELLINGER-LESS-1985-16757-OPTIQUE-1010-F\u00e2ches-Thumesnil--184x184.jpg 184w, http:\/\/www.1010votropticien.com\/blog\/wp-content\/uploads\/2020\/11\/BELLINGER-LESS-1985-16757-OPTIQUE-1010-F\u00e2ches-Thumesnil--50x50.jpg 50w\" sizes=\"(max-width: 1920px) 100vw, 1920px\" \/><\/a><\/figure><\/li><li class=\"blocks-gallery-item\"><figure><a href=\"http:\/\/www.1010votropticien.com\/blog\/lunettes-de-vue\/bellinger\/bellinger-less-1985-16767-optique-1010-faches-thumesnil\/\"><img decoding=\"async\" loading=\"lazy\" width=\"1920\" height=\"1920\" src=\"https:\/\/i0.wp.com\/www.1010votropticien.com\/blog\/wp-content\/uploads\/2020\/11\/BELLINGER-LESS-1985-16767-OPTIQUE-1010-F\u00e2ches-Thumesnil.jpg?fit=838%2C838\" alt=\"\" data-id=\"8551\" data-full-url=\"https:\/\/i0.wp.com\/www.1010votropticien.com\/blog\/wp-content\/uploads\/2020\/11\/BELLINGER-LESS-1985-16767-OPTIQUE-1010-F\u00e2ches-Thumesnil.jpg?fit=1920%2C1920\" data-link=\"http:\/\/www.1010votropticien.com\/blog\/lunettes-de-vue\/bellinger\/bellinger-less-1985-16767-optique-1010-faches-thumesnil\/\" class=\"wp-image-8551\" srcset=\"http:\/\/www.1010votropticien.com\/blog\/wp-content\/uploads\/2020\/11\/BELLINGER-LESS-1985-16767-OPTIQUE-1010-F\u00e2ches-Thumesnil.jpg 1920w, http:\/\/www.1010votropticien.com\/blog\/wp-content\/uploads\/2020\/11\/BELLINGER-LESS-1985-16767-OPTIQUE-1010-F\u00e2ches-Thumesnil-300x300.jpg 300w, http:\/\/www.1010votropticien.com\/blog\/wp-content\/uploads\/2020\/11\/BELLINGER-LESS-1985-16767-OPTIQUE-1010-F\u00e2ches-Thumesnil-1024x1024.jpg 1024w, http:\/\/www.1010votropticien.com\/blog\/wp-content\/uploads\/2020\/11\/BELLINGER-LESS-1985-16767-OPTIQUE-1010-F\u00e2ches-Thumesnil-768x768.jpg 768w, http:\/\/www.1010votropticien.com\/blog\/wp-content\/uploads\/2020\/11\/BELLINGER-LESS-1985-16767-OPTIQUE-1010-F\u00e2ches-Thumesnil-1536x1536.jpg 1536w, http:\/\/www.1010votropticien.com\/blog\/wp-content\/uploads\/2020\/11\/BELLINGER-LESS-1985-16767-OPTIQUE-1010-F\u00e2ches-Thumesnil-160x160.jpg 160w, http:\/\/www.1010votropticien.com\/blog\/wp-content\/uploads\/2020\/11\/BELLINGER-LESS-1985-16767-OPTIQUE-1010-F\u00e2ches-Thumesnil-240x240.jpg 240w, http:\/\/www.1010votropticien.com\/blog\/wp-content\/uploads\/2020\/11\/BELLINGER-LESS-1985-16767-OPTIQUE-1010-F\u00e2ches-Thumesnil-60x60.jpg 60w, http:\/\/www.1010votropticien.com\/blog\/wp-content\/uploads\/2020\/11\/BELLINGER-LESS-1985-16767-OPTIQUE-1010-F\u00e2ches-Thumesnil-184x184.jpg 184w, http:\/\/www.1010votropticien.com\/blog\/wp-content\/uploads\/2020\/11\/BELLINGER-LESS-1985-16767-OPTIQUE-1010-F\u00e2ches-Thumesnil-50x50.jpg 50w\" sizes=\"(max-width: 1920px) 100vw, 1920px\" \/><\/a><\/figure><\/li><\/ul><\/figure>\n\n\n<h3>&nbsp;<\/h3>\n<h4>Une collection <span style=\"color: #ff0000;\">haute en couleurs<\/span>&#8230;<\/h4>\n<h4>En <span style=\"color: #ff0000;\">ac\u00e9tate<\/span> ou en <span style=\"color: #ff0000;\">m\u00e9tal<\/span>, vous trouverez ici un large <span style=\"color: #ff0000;\">choix<\/span> de <span style=\"color: #ff0000;\">formes<\/span> et de <span style=\"color: #ff0000;\">couleurs<\/span>.<\/h4>\n<h4>Petites ou grandes tailles, ces lunettes <span style=\"color: #ff0000;\">originales<\/span> affirmeront votre <span style=\"color: #ff0000;\">personnalit\u00e9<\/span>.<\/h4>\n<h5>&nbsp;<\/h5>","protected":false},"excerpt":{"rendered":"<p>Voici un petit aper\u00e7u des mod\u00e8les de la collection Bellinger &#8230; Venez vite en magasin les essayer et d\u00e9couvrir d&rsquo;autres mod\u00e8les! &nbsp; Une collection haute en couleurs&#8230; En ac\u00e9tate ou en m\u00e9tal, vous trouverez ici un large choix de formes et de couleurs. Petites ou grandes tailles, ces lunettes originales affirmeront votre personnalit\u00e9. &nbsp;<\/p>\n","protected":false},"author":4,"featured_media":0,"parent":1290,"menu_order":0,"comment_status":"closed","ping_status":"closed","template":"","meta":{"ngg_post_thumbnail":0},"_links":{"self":[{"href":"http:\/\/www.1010votropticien.com\/blog\/wp-json\/wp\/v2\/pages\/3725"}],"collection":[{"href":"http:\/\/www.1010votropticien.com\/blog\/wp-json\/wp\/v2\/pages"}],"about":[{"href":"http:\/\/www.1010votropticien.com\/blog\/wp-json\/wp\/v2\/types\/page"}],"author":[{"embeddable":true,"href":"http:\/\/www.1010votropticien.com\/blog\/wp-json\/wp\/v2\/users\/4"}],"replies":[{"embeddable":true,"href":"http:\/\/www.1010votropticien.com\/blog\/wp-json\/wp\/v2\/comments?post=3725"}],"version-history":[{"count":2,"href":"http:\/\/www.1010votropticien.com\/blog\/wp-json\/wp\/v2\/pages\/3725\/revisions"}],"predecessor-version":[{"id":8700,"href":"http:\/\/www.1010votropticien.com\/blog\/wp-json\/wp\/v2\/pages\/3725\/revisions\/8700"}],"up":[{"embeddable":true,"href":"http:\/\/www.1010votropticien.com\/blog\/wp-json\/wp\/v2\/pages\/1290"}],"wp:attachment":[{"href":"http:\/\/www.1010votropticien.com\/blog\/wp-json\/wp\/v2\/media?parent=3725"}],"curies":[{"name":"wp","href":"https:\/\/api.w.org\/{rel}","templated":true}]}}