{"id":3705,"date":"2015-08-17T09:51:38","date_gmt":"2015-08-17T08:51:38","guid":{"rendered":"http:\/\/www.1010votropticien.com\/blog\/?page_id=3705"},"modified":"2025-05-09T17:05:25","modified_gmt":"2025-05-09T15:05:25","slug":"nous-contacter","status":"publish","type":"page","link":"http:\/\/www.1010votropticien.com\/blog\/nous-contacter\/","title":{"rendered":"Contact"},"content":{"rendered":"<h2>Contacez-nous de pr\u00e9f\u00e9rence par mail \u00e0 l&rsquo;adresse : optique10.10@orange.fr ou par t\u00e9l\u00e9phone au 03.20.53.10.10&nbsp;<\/h2>\n<h4>Nouveau, prenez rendez-vous directement de chez vous pour venir au magasin en cliquant ici:<span style=\"color: #ff0000;\"><strong> <a style=\"color: #ff0000;\" href=\"https:\/\/s06.fr\/3jzlgu\" target=\"_blank\" rel=\"noreferrer noopener\">https:\/\/s06.fr\/3jzlgu<\/a><\/strong><\/span><\/h4>\n<p>&nbsp;<\/p>\n\n\n<p><\/p>\n","protected":false},"excerpt":{"rendered":"<p>Contacez-nous de pr\u00e9f\u00e9rence par mail \u00e0 l&rsquo;adresse : optique10.10@orange.fr ou par t\u00e9l\u00e9phone au 03.20.53.10.10&nbsp; Nouveau, prenez rendez-vous directement de chez vous pour venir au magasin en cliquant ici: https:\/\/s06.fr\/3jzlgu &nbsp;<\/p>\n","protected":false},"author":4,"featured_media":0,"parent":0,"menu_order":0,"comment_status":"open","ping_status":"open","template":"","meta":{"ngg_post_thumbnail":0},"_links":{"self":[{"href":"http:\/\/www.1010votropticien.com\/blog\/wp-json\/wp\/v2\/pages\/3705"}],"collection":[{"href":"http:\/\/www.1010votropticien.com\/blog\/wp-json\/wp\/v2\/pages"}],"about":[{"href":"http:\/\/www.1010votropticien.com\/blog\/wp-json\/wp\/v2\/types\/page"}],"author":[{"embeddable":true,"href":"http:\/\/www.1010votropticien.com\/blog\/wp-json\/wp\/v2\/users\/4"}],"replies":[{"embeddable":true,"href":"http:\/\/www.1010votropticien.com\/blog\/wp-json\/wp\/v2\/comments?post=3705"}],"version-history":[{"count":2,"href":"http:\/\/www.1010votropticien.com\/blog\/wp-json\/wp\/v2\/pages\/3705\/revisions"}],"predecessor-version":[{"id":11386,"href":"http:\/\/www.1010votropticien.com\/blog\/wp-json\/wp\/v2\/pages\/3705\/revisions\/11386"}],"wp:attachment":[{"href":"http:\/\/www.1010votropticien.com\/blog\/wp-json\/wp\/v2\/media?parent=3705"}],"curies":[{"name":"wp","href":"https:\/\/api.w.org\/{rel}","templated":true}]}}