{"id":35,"date":"2009-08-28T17:28:47","date_gmt":"2009-08-28T16:28:47","guid":{"rendered":"http:\/\/www.1010votropticien.com\/blog\/?page_id=35"},"modified":"2021-01-11T17:14:12","modified_gmt":"2021-01-11T16:14:12","slug":"galerie-gold-and-wood","status":"publish","type":"page","link":"http:\/\/www.1010votropticien.com\/blog\/lunettes-de-vue\/galerie-gold-and-wood\/","title":{"rendered":"Gold &#038; Wood"},"content":{"rendered":"<p>&nbsp;<\/p>\n<h3>Voici un petit aper\u00e7u des mod\u00e8les de la collection Gold &amp; Wood &#8230; Venez vite en magasin les essayer et d\u00e9couvrir d&rsquo;autres mod\u00e8les!<\/h3>\n\n\t\t<style type=\"text\/css\">\n\t\t\t#gallery-1 {\n\t\t\t\tmargin: auto;\n\t\t\t}\n\t\t\t#gallery-1 .gallery-item {\n\t\t\t\tfloat: left;\n\t\t\t\tmargin-top: 10px;\n\t\t\t\ttext-align: center;\n\t\t\t\twidth: 33%;\n\t\t\t}\n\t\t\t#gallery-1 img {\n\t\t\t\tborder: 2px solid #cfcfcf;\n\t\t\t}\n\t\t\t#gallery-1 .gallery-caption {\n\t\t\t\tmargin-left: 0;\n\t\t\t}\n\t\t\t\/* see gallery_shortcode() in wp-includes\/media.php *\/\n\t\t<\/style>\n\t\t<div id='gallery-1' class='gallery galleryid-35 gallery-columns-3 gallery-size-thumbnail'><dl class='gallery-item'>\n\t\t\t<dt class='gallery-icon landscape'>\n\t\t\t\t<a href='http:\/\/www.1010votropticien.com\/blog\/lunettes-de-vue\/galerie-gold-and-wood\/gold-wood-a02-16-optique1010-faches-thumesnil-ref-10631\/'><img width=\"293\" height=\"200\" src=\"http:\/\/www.1010votropticien.com\/blog\/wp-content\/uploads\/2021\/01\/Gold-Wood-A02.16-OPTIQUE1010-FACHES-THUMESNIL-R\u00e9f-10631-293x200.jpg\" class=\"attachment-thumbnail size-thumbnail\" alt=\"Gold &amp; Wood A02.16 OPTIQUE1010 FACHES THUMESNIL R\u00e9f 10631\" decoding=\"async\" loading=\"lazy\" aria-describedby=\"gallery-1-9377\" \/><\/a>\n\t\t\t<\/dt>\n\t\t\t\t<dd class='wp-caption-text gallery-caption' id='gallery-1-9377'>\n\t\t\t\tGold &#038; Wood A02.16 OPTIQUE1010 FACHES THUMESNIL R\u00e9f 10631\n\t\t\t\t<\/dd><\/dl><dl class='gallery-item'>\n\t\t\t<dt class='gallery-icon landscape'>\n\t\t\t\t<a href='http:\/\/www.1010votropticien.com\/blog\/lunettes-de-vue\/galerie-gold-and-wood\/gold-wood-a02-16-v-optique1010-faches-thumesnil-ref-10631\/'><img width=\"293\" height=\"200\" src=\"http:\/\/www.1010votropticien.com\/blog\/wp-content\/uploads\/2021\/01\/Gold-Wood-A02.16-V-OPTIQUE1010-FACHES-THUMESNIL-R\u00e9f-10631-293x200.jpg\" class=\"attachment-thumbnail size-thumbnail\" alt=\"Gold &amp; Wood A02.16 V OPTIQUE1010 FACHES THUMESNIL R\u00e9f 10631\" decoding=\"async\" loading=\"lazy\" aria-describedby=\"gallery-1-9378\" \/><\/a>\n\t\t\t<\/dt>\n\t\t\t\t<dd class='wp-caption-text gallery-caption' id='gallery-1-9378'>\n\t\t\t\tGold &#038; Wood A02.16 V OPTIQUE1010 FACHES THUMESNIL R\u00e9f 10631\n\t\t\t\t<\/dd><\/dl><dl class='gallery-item'>\n\t\t\t<dt class='gallery-icon landscape'>\n\t\t\t\t<a href='http:\/\/www.1010votropticien.com\/blog\/lunettes-de-vue\/galerie-gold-and-wood\/gold-wood-alpha-02-optique1010-faches-thumesnil-ref-10619\/'><img width=\"293\" height=\"200\" src=\"http:\/\/www.1010votropticien.com\/blog\/wp-content\/uploads\/2021\/01\/Gold-Wood-ALPHA-02-OPTIQUE1010-FACHES-THUMESNIL-R\u00e9f-10619-293x200.jpg\" class=\"attachment-thumbnail size-thumbnail\" alt=\"Gold &amp; Wood ALPHA 02 OPTIQUE1010 FACHES THUMESNIL R\u00e9f 10619\" decoding=\"async\" loading=\"lazy\" aria-describedby=\"gallery-1-9379\" \/><\/a>\n\t\t\t<\/dt>\n\t\t\t\t<dd class='wp-caption-text gallery-caption' id='gallery-1-9379'>\n\t\t\t\tGold &#038; Wood ALPHA 02 OPTIQUE1010 FACHES THUMESNIL R\u00e9f 10619\n\t\t\t\t<\/dd><\/dl><br style=\"clear: both\" \/><dl class='gallery-item'>\n\t\t\t<dt class='gallery-icon landscape'>\n\t\t\t\t<a href='http:\/\/www.1010votropticien.com\/blog\/lunettes-de-vue\/galerie-gold-and-wood\/gold-wood-alpha-02-d-optique1010-faches-thumesnil-ref-10619\/'><img width=\"293\" height=\"200\" src=\"http:\/\/www.1010votropticien.com\/blog\/wp-content\/uploads\/2021\/01\/Gold-Wood-ALPHA-02-D-OPTIQUE1010-FACHES-THUMESNIL-R\u00e9f-10619-293x200.jpg\" class=\"attachment-thumbnail size-thumbnail\" alt=\"Gold &amp; Wood ALPHA 02 D OPTIQUE1010 FACHES THUMESNIL R\u00e9f 10619\" decoding=\"async\" loading=\"lazy\" aria-describedby=\"gallery-1-9380\" \/><\/a>\n\t\t\t<\/dt>\n\t\t\t\t<dd class='wp-caption-text gallery-caption' id='gallery-1-9380'>\n\t\t\t\tGold &#038; Wood ALPHA 02 D OPTIQUE1010 FACHES THUMESNIL R\u00e9f 10619\n\t\t\t\t<\/dd><\/dl><dl class='gallery-item'>\n\t\t\t<dt class='gallery-icon landscape'>\n\t\t\t\t<a href='http:\/\/www.1010votropticien.com\/blog\/lunettes-de-vue\/galerie-gold-and-wood\/gold-wood-alpha-02-v-optique1010-faches-thumesnil-ref-10619\/'><img width=\"293\" height=\"200\" src=\"http:\/\/www.1010votropticien.com\/blog\/wp-content\/uploads\/2021\/01\/Gold-Wood-ALPHA-02-V-OPTIQUE1010-FACHES-THUMESNIL-R\u00e9f-10619-293x200.jpg\" class=\"attachment-thumbnail size-thumbnail\" alt=\"Gold &amp; Wood ALPHA 02 V OPTIQUE1010 FACHES THUMESNIL R\u00e9f 10619\" decoding=\"async\" loading=\"lazy\" aria-describedby=\"gallery-1-9381\" \/><\/a>\n\t\t\t<\/dt>\n\t\t\t\t<dd class='wp-caption-text gallery-caption' id='gallery-1-9381'>\n\t\t\t\tGold &#038; Wood ALPHA 02 V OPTIQUE1010 FACHES THUMESNIL R\u00e9f 10619\n\t\t\t\t<\/dd><\/dl><dl class='gallery-item'>\n\t\t\t<dt class='gallery-icon landscape'>\n\t\t\t\t<a href='http:\/\/www.1010votropticien.com\/blog\/lunettes-de-vue\/galerie-gold-and-wood\/gold-wood-b27-2-optique1010-faches-thumesnil-ref-10621\/'><img width=\"293\" height=\"200\" src=\"http:\/\/www.1010votropticien.com\/blog\/wp-content\/uploads\/2021\/01\/Gold-Wood-B27.2-OPTIQUE1010-FACHES-THUMESNIL-R\u00e9f-10621-293x200.jpg\" class=\"attachment-thumbnail size-thumbnail\" alt=\"Gold &amp; Wood B27.2 OPTIQUE1010 FACHES THUMESNIL R\u00e9f 10621\" decoding=\"async\" loading=\"lazy\" aria-describedby=\"gallery-1-9382\" \/><\/a>\n\t\t\t<\/dt>\n\t\t\t\t<dd class='wp-caption-text gallery-caption' id='gallery-1-9382'>\n\t\t\t\tGold &#038; Wood B27.2 OPTIQUE1010 FACHES THUMESNIL R\u00e9f 10621\n\t\t\t\t<\/dd><\/dl><br style=\"clear: both\" \/><dl class='gallery-item'>\n\t\t\t<dt class='gallery-icon landscape'>\n\t\t\t\t<a href='http:\/\/www.1010votropticien.com\/blog\/lunettes-de-vue\/galerie-gold-and-wood\/gold-wood-b27-2-v-optique1010-faches-thumesnil-ref-10621\/'><img width=\"293\" height=\"200\" src=\"http:\/\/www.1010votropticien.com\/blog\/wp-content\/uploads\/2021\/01\/Gold-Wood-B27.2-V-OPTIQUE1010-FACHES-THUMESNIL-R\u00e9f-10621-293x200.jpg\" class=\"attachment-thumbnail size-thumbnail\" alt=\"Gold &amp; Wood B27.2 V OPTIQUE1010 FACHES THUMESNIL R\u00e9f 10621\" decoding=\"async\" loading=\"lazy\" aria-describedby=\"gallery-1-9384\" \/><\/a>\n\t\t\t<\/dt>\n\t\t\t\t<dd class='wp-caption-text gallery-caption' id='gallery-1-9384'>\n\t\t\t\tGold &#038; Wood B27.2 V OPTIQUE1010 FACHES THUMESNIL R\u00e9f 10621\n\t\t\t\t<\/dd><\/dl><dl class='gallery-item'>\n\t\t\t<dt class='gallery-icon landscape'>\n\t\t\t\t<a href='http:\/\/www.1010votropticien.com\/blog\/lunettes-de-vue\/galerie-gold-and-wood\/gold-wood-b33-2-optique1010-faches-thumesnil-ref-10630\/'><img width=\"293\" height=\"200\" src=\"http:\/\/www.1010votropticien.com\/blog\/wp-content\/uploads\/2021\/01\/Gold-Wood-B33.2-OPTIQUE1010-FACHES-THUMESNIL-R\u00e9f-10630-293x200.jpg\" class=\"attachment-thumbnail size-thumbnail\" alt=\"Gold &amp; Wood B33.2 OPTIQUE1010 FACHES THUMESNIL R\u00e9f 10630\" decoding=\"async\" loading=\"lazy\" aria-describedby=\"gallery-1-9385\" \/><\/a>\n\t\t\t<\/dt>\n\t\t\t\t<dd class='wp-caption-text gallery-caption' id='gallery-1-9385'>\n\t\t\t\tGold &#038; Wood B33.2 OPTIQUE1010 FACHES THUMESNIL R\u00e9f 10630\n\t\t\t\t<\/dd><\/dl><dl class='gallery-item'>\n\t\t\t<dt class='gallery-icon landscape'>\n\t\t\t\t<a href='http:\/\/www.1010votropticien.com\/blog\/lunettes-de-vue\/galerie-gold-and-wood\/gold-wood-b33-2-v-optique1010-faches-thumesnil-ref-10630\/'><img width=\"293\" height=\"200\" src=\"http:\/\/www.1010votropticien.com\/blog\/wp-content\/uploads\/2021\/01\/Gold-Wood-B33.2-V-OPTIQUE1010-FACHES-THUMESNIL-R\u00e9f-10630-293x200.jpg\" class=\"attachment-thumbnail size-thumbnail\" alt=\"Gold &amp; Wood B33.2 V OPTIQUE1010 FACHES THUMESNIL R\u00e9f 10630\" decoding=\"async\" loading=\"lazy\" aria-describedby=\"gallery-1-9386\" \/><\/a>\n\t\t\t<\/dt>\n\t\t\t\t<dd class='wp-caption-text gallery-caption' id='gallery-1-9386'>\n\t\t\t\tGold &#038; Wood B33.2 V OPTIQUE1010 FACHES THUMESNIL R\u00e9f 10630\n\t\t\t\t<\/dd><\/dl><br style=\"clear: both\" \/><dl class='gallery-item'>\n\t\t\t<dt class='gallery-icon landscape'>\n\t\t\t\t<a href='http:\/\/www.1010votropticien.com\/blog\/lunettes-de-vue\/galerie-gold-and-wood\/gold-wood-r28-optique1010-faches-thumesnil-ref-4113\/'><img width=\"293\" height=\"200\" src=\"http:\/\/www.1010votropticien.com\/blog\/wp-content\/uploads\/2021\/01\/Gold-Wood-R28-OPTIQUE1010-FACHES-THUMESNIL-R\u00e9f-4113-293x200.jpg\" class=\"attachment-thumbnail size-thumbnail\" alt=\"Gold &amp; Wood R28 OPTIQUE1010 FACHES THUMESNIL R\u00e9f 4113\" decoding=\"async\" loading=\"lazy\" aria-describedby=\"gallery-1-9387\" \/><\/a>\n\t\t\t<\/dt>\n\t\t\t\t<dd class='wp-caption-text gallery-caption' id='gallery-1-9387'>\n\t\t\t\tGold &#038; Wood R28 OPTIQUE1010 FACHES THUMESNIL R\u00e9f 4113\n\t\t\t\t<\/dd><\/dl><dl class='gallery-item'>\n\t\t\t<dt class='gallery-icon landscape'>\n\t\t\t\t<a href='http:\/\/www.1010votropticien.com\/blog\/lunettes-de-vue\/galerie-gold-and-wood\/gold-wood-r28-v-optique1010-faches-thumesnil-ref-4113\/'><img width=\"293\" height=\"200\" src=\"http:\/\/www.1010votropticien.com\/blog\/wp-content\/uploads\/2021\/01\/Gold-Wood-R28-V-OPTIQUE1010-FACHES-THUMESNIL-R\u00e9f-4113-293x200.jpg\" class=\"attachment-thumbnail size-thumbnail\" alt=\"Gold &amp; Wood R28 V OPTIQUE1010 FACHES THUMESNIL R\u00e9f 4113\" decoding=\"async\" loading=\"lazy\" aria-describedby=\"gallery-1-9388\" \/><\/a>\n\t\t\t<\/dt>\n\t\t\t\t<dd class='wp-caption-text gallery-caption' id='gallery-1-9388'>\n\t\t\t\tGold &#038; Wood R28 V OPTIQUE1010 FACHES THUMESNIL R\u00e9f 4113\n\t\t\t\t<\/dd><\/dl>\n\t\t\t<br style='clear: both' \/>\n\t\t<\/div>\n\n<h4>L\u2019univers <span style=\"color: #ff0000;\">Gold &amp; Wood<\/span> vous ouvre les portes d\u2019un<span style=\"color: #ff0000;\"> luxe<\/span> qui ne se voit pas, mais qui se <span style=\"color: #ff0000;\">r\u00e9v\u00e8le<\/span> dans la<span style=\"color: #ff0000;\"> qualit\u00e9<\/span> et la <span style=\"color: #ff0000;\">richesse<\/span> des <span style=\"color: #ff0000;\">mati\u00e8res<\/span> ainsi que dans le travail de l\u2019homme. Un <span style=\"color: #ff0000;\">style<\/span>, un <span style=\"color: #ff0000;\">talent<\/span>, une <span style=\"color: #ff0000;\">raret\u00e9<\/span> qui constituent l\u2019expression la plus <span style=\"color: #ff0000;\">authentique<\/span> du luxe et qui forgent en toute exclusivit\u00e9, votre <span style=\"color: #ff0000;\">\u00e9l\u00e9gance quotidienne<\/span>.<\/h4>\n<h4>A propos de Gold &amp; Wood : des montures en <span style=\"color: #ff0000;\">bois<\/span> \/<span style=\"color: #ff0000;\"> corne<\/span> d\u2019une qualit\u00e9 exceptionnelle \u2026<br \/>\nMati\u00e8re<span style=\"color: #ff0000;\"> noble<\/span> et <span style=\"color: #ff0000;\">authentique<\/span>, le <span style=\"color: #ff0000;\">bois<\/span> nous fait voyager sur tous les continents. En tant que symbole d\u2019une <span style=\"color: #ff0000;\">civilisation, d\u2019un peuple ou d\u2019un pays<\/span>, il peut exprimer une grande palette de <span style=\"color: #ff0000;\">sentiments<\/span>, il t\u00e9moigne de notre \u00e9volution au fil du temps.<br \/>\nVous \u00eates un consommateur <span style=\"color: #ff0000;\">\u00e9co responsable<\/span>, soucieux du monde qui vous entoure et \u00e0 la recherche d\u2019une monture alliant<span style=\"color: #ff0000;\"> fibres naturelles<\/span> et <span style=\"color: #ff0000;\">luxe<\/span>, nous vous accueillons au sein de la <span style=\"color: #ff0000;\">confr\u00e9rie Gold &amp; Wood<\/span>. Nos <span style=\"color: #ff0000;\">bois<\/span> sont consid\u00e9r\u00e9s comme <span style=\"color: #ff0000;\">pr\u00e9cieux<\/span> en raison de leur caract\u00e8re extraordinaire et <span style=\"color: #ff0000;\">tr\u00e8s rare<\/span>. Certains d\u2019entre eux ne peuvent \u00eatre exploit\u00e9s qu\u2019une fois arriv\u00e9s \u00e0 <span style=\"color: #ff0000;\">maturit\u00e9<\/span>, et ceci au bout de quelques vingtaines d\u2019ann\u00e9es. <span style=\"color: #ff0000;\">Une raret\u00e9 qui explique le prix<\/span> souvent \u00e9lev\u00e9 de beaucoup de ces bois nobles.<br \/>\nLe <span style=\"color: #ff0000;\">travail des branches<\/span> avec des mat\u00e9riaux aussi nobles et naturels que le <span style=\"color: #ff0000;\">bois pr\u00e9cieux ou la corne de buffle v\u00e9ritable<\/span> est un <span style=\"color: #ff0000;\">art<\/span> que beaucoup nous envient, que certains tentent d\u2019imiter mais qu\u2019aucun ne r\u00e9ussit \u00e0 \u00e9galer. <span style=\"color: #ff0000;\">Enti\u00e8rement r\u00e9alis\u00e9es \u00e0 la main<\/span> de mani\u00e8re <span style=\"color: #ff0000;\">artisanale<\/span> et <span style=\"color: #ff0000;\">traditionnelle<\/span>, dans leurs propres ateliers, elles sont le r\u00e9sultat du <span style=\"color: #ff0000;\">talent<\/span>, de la <span style=\"color: #ff0000;\">dext\u00e9rit\u00e9<\/span> et de la <span style=\"color: #ff0000;\">patience<\/span> d\u2019<span style=\"color: #ff0000;\">artisans chevronn\u00e9s<\/span>.<\/h4>\n<p>&nbsp;<\/p>\n","protected":false},"excerpt":{"rendered":"<p>&nbsp; Voici un petit aper\u00e7u des mod\u00e8les de la collection Gold &amp; Wood &#8230; Venez vite en magasin les essayer et d\u00e9couvrir d&rsquo;autres mod\u00e8les! L\u2019univers Gold &amp; Wood vous ouvre les portes d\u2019un luxe qui ne se voit pas, mais qui se r\u00e9v\u00e8le dans la qualit\u00e9 et la richesse des mati\u00e8res ainsi que dans le [&hellip;]<\/p>\n","protected":false},"author":1,"featured_media":0,"parent":1290,"menu_order":65,"comment_status":"open","ping_status":"open","template":"","meta":{"ngg_post_thumbnail":0},"_links":{"self":[{"href":"http:\/\/www.1010votropticien.com\/blog\/wp-json\/wp\/v2\/pages\/35"}],"collection":[{"href":"http:\/\/www.1010votropticien.com\/blog\/wp-json\/wp\/v2\/pages"}],"about":[{"href":"http:\/\/www.1010votropticien.com\/blog\/wp-json\/wp\/v2\/types\/page"}],"author":[{"embeddable":true,"href":"http:\/\/www.1010votropticien.com\/blog\/wp-json\/wp\/v2\/users\/1"}],"replies":[{"embeddable":true,"href":"http:\/\/www.1010votropticien.com\/blog\/wp-json\/wp\/v2\/comments?post=35"}],"version-history":[{"count":2,"href":"http:\/\/www.1010votropticien.com\/blog\/wp-json\/wp\/v2\/pages\/35\/revisions"}],"predecessor-version":[{"id":9389,"href":"http:\/\/www.1010votropticien.com\/blog\/wp-json\/wp\/v2\/pages\/35\/revisions\/9389"}],"up":[{"embeddable":true,"href":"http:\/\/www.1010votropticien.com\/blog\/wp-json\/wp\/v2\/pages\/1290"}],"wp:attachment":[{"href":"http:\/\/www.1010votropticien.com\/blog\/wp-json\/wp\/v2\/media?parent=35"}],"curies":[{"name":"wp","href":"https:\/\/api.w.org\/{rel}","templated":true}]}}