{"id":24,"date":"2009-08-28T17:17:52","date_gmt":"2009-08-28T16:17:52","guid":{"rendered":"http:\/\/www.1010votropticien.com\/blog\/?page_id=24"},"modified":"2018-11-17T18:09:15","modified_gmt":"2018-11-17T17:09:15","slug":"galerie-chopard","status":"publish","type":"page","link":"http:\/\/www.1010votropticien.com\/blog\/lunettes-de-vue\/galerie-chopard\/","title":{"rendered":"Chopard"},"content":{"rendered":"<h3>Voici un petit aper\u00e7u des mod\u00e8les de la collection Chopard &#8230; Venez vite en magasin les essayer et d\u00e9couvrir d&rsquo;autres mod\u00e8les!<\/h3>\n<div id=\"attachment_7467\" style=\"width: 310px\" class=\"wp-caption alignleft\"><img aria-describedby=\"caption-attachment-7467\" decoding=\"async\" loading=\"lazy\" class=\"size-medium wp-image-7467\" src=\"http:\/\/www.1010votropticien.com\/blog\/wp-content\/uploads\/2018\/09\/DSC_0013-1-300x199.jpg\" alt=\"Chopard OPTIQUE 10\/10 FACHES THUMESNIL\" width=\"300\" height=\"199\" srcset=\"http:\/\/www.1010votropticien.com\/blog\/wp-content\/uploads\/2018\/09\/DSC_0013-1-300x199.jpg 300w, http:\/\/www.1010votropticien.com\/blog\/wp-content\/uploads\/2018\/09\/DSC_0013-1-768x509.jpg 768w, http:\/\/www.1010votropticien.com\/blog\/wp-content\/uploads\/2018\/09\/DSC_0013-1-1024x679.jpg 1024w, http:\/\/www.1010votropticien.com\/blog\/wp-content\/uploads\/2018\/09\/DSC_0013-1-321x214.jpg 321w, http:\/\/www.1010votropticien.com\/blog\/wp-content\/uploads\/2018\/09\/DSC_0013-1-207x136.jpg 207w, http:\/\/www.1010votropticien.com\/blog\/wp-content\/uploads\/2018\/09\/DSC_0013-1-140x94.jpg 140w\" sizes=\"(max-width: 300px) 100vw, 300px\" \/><p id=\"caption-attachment-7467\" class=\"wp-caption-text\">Chopard OPTIQUE 10\/10 FACHES THUMESNIL<\/p><\/div>\n<div id=\"attachment_7468\" style=\"width: 310px\" class=\"wp-caption alignleft\"><img aria-describedby=\"caption-attachment-7468\" decoding=\"async\" loading=\"lazy\" class=\"size-medium wp-image-7468\" src=\"http:\/\/www.1010votropticien.com\/blog\/wp-content\/uploads\/2018\/09\/DSC_0014-1-300x199.jpg\" alt=\"Chopard OPTIQUE 10\/10 FACHES THUMESNIL\" width=\"300\" height=\"199\" srcset=\"http:\/\/www.1010votropticien.com\/blog\/wp-content\/uploads\/2018\/09\/DSC_0014-1-300x199.jpg 300w, http:\/\/www.1010votropticien.com\/blog\/wp-content\/uploads\/2018\/09\/DSC_0014-1-768x509.jpg 768w, http:\/\/www.1010votropticien.com\/blog\/wp-content\/uploads\/2018\/09\/DSC_0014-1-1024x679.jpg 1024w, http:\/\/www.1010votropticien.com\/blog\/wp-content\/uploads\/2018\/09\/DSC_0014-1-321x214.jpg 321w, http:\/\/www.1010votropticien.com\/blog\/wp-content\/uploads\/2018\/09\/DSC_0014-1-207x136.jpg 207w, http:\/\/www.1010votropticien.com\/blog\/wp-content\/uploads\/2018\/09\/DSC_0014-1-140x94.jpg 140w\" sizes=\"(max-width: 300px) 100vw, 300px\" \/><p id=\"caption-attachment-7468\" class=\"wp-caption-text\">Chopard OPTIQUE 10\/10 FACHES THUMESNIL<\/p><\/div>\n<div id=\"attachment_7469\" style=\"width: 310px\" class=\"wp-caption alignleft\"><img aria-describedby=\"caption-attachment-7469\" decoding=\"async\" loading=\"lazy\" class=\"size-medium wp-image-7469\" src=\"http:\/\/www.1010votropticien.com\/blog\/wp-content\/uploads\/2018\/09\/DSC_0012-2-300x199.jpg\" alt=\"Chopard OPTIQUE 10\/10 FACHES THUMESNIL\" width=\"300\" height=\"199\" srcset=\"http:\/\/www.1010votropticien.com\/blog\/wp-content\/uploads\/2018\/09\/DSC_0012-2-300x199.jpg 300w, http:\/\/www.1010votropticien.com\/blog\/wp-content\/uploads\/2018\/09\/DSC_0012-2-768x509.jpg 768w, http:\/\/www.1010votropticien.com\/blog\/wp-content\/uploads\/2018\/09\/DSC_0012-2-1024x679.jpg 1024w, http:\/\/www.1010votropticien.com\/blog\/wp-content\/uploads\/2018\/09\/DSC_0012-2-321x214.jpg 321w, http:\/\/www.1010votropticien.com\/blog\/wp-content\/uploads\/2018\/09\/DSC_0012-2-207x136.jpg 207w, http:\/\/www.1010votropticien.com\/blog\/wp-content\/uploads\/2018\/09\/DSC_0012-2-140x94.jpg 140w\" sizes=\"(max-width: 300px) 100vw, 300px\" \/><p id=\"caption-attachment-7469\" class=\"wp-caption-text\">Chopard OPTIQUE 10\/10 FACHES THUMESNIL<\/p><\/div>\n<h4>Depuis 1860, <span style=\"color: #ff0000;\">Chopard<\/span> est reconnue pour sa <span style=\"color: #ff0000;\">cr\u00e9ativit\u00e9<\/span>, sa <span style=\"color: #ff0000;\">technologie<\/span> de pointe et l&rsquo;<span style=\"color: #ff0000;\">excellence<\/span> de ses <span style=\"color: #ff0000;\">artisans<\/span>, elle est l&rsquo;un des grands noms de l&rsquo;<span style=\"color: #ff0000;\">industrie horlog\u00e8re et joaill\u00e8re<\/span> de <span style=\"color: #ff0000;\">haute qualit\u00e9<\/span>.<\/h4>\n<h4><span style=\"color: #ff0000;\">Ind\u00e9pendance, Qualit\u00e9 et Excellence, Cr\u00e9ativit\u00e9, H\u00e9ritage, Respect et Audace<\/span> sont les valeurs ch\u00e8res \u00e0 CHOPARD.<br \/>\nDepuis plus d\u2019un si\u00e8cle, Chopard est synonyme de <span style=\"color: #ff0000;\">luxe extr\u00eame<\/span>, <span style=\"color: #ff0000;\">extravagant<\/span> et <span style=\"color: #ff0000;\">raffin\u00e9<\/span>. Au-del\u00e0 de ses <span style=\"color: #ff0000;\">pr\u00e9cieux<\/span> <span style=\"color: #ff0000;\">bijoux<\/span>, la cr\u00e9ativit\u00e9 dont elle a toujours fait preuve se retrouve dans tous ses accessoires, collection Eyewear comprise.<\/h4>\n<h5><a href=\"https:\/\/www.chopard.fr\/\" target=\"_blank\" rel=\"noopener\"><span style=\"color: #ff6600;\">Retrouvez ici l&rsquo;univers de Chopard.<\/span><\/a><\/h5>\n<p>&nbsp;<\/p>\n<p>&nbsp;<\/p>\n","protected":false},"excerpt":{"rendered":"<p>Voici un petit aper\u00e7u des mod\u00e8les de la collection Chopard &#8230; Venez vite en magasin les essayer et d\u00e9couvrir d&rsquo;autres mod\u00e8les! Depuis 1860, Chopard est reconnue pour sa cr\u00e9ativit\u00e9, sa technologie de pointe et l&rsquo;excellence de ses artisans, elle est l&rsquo;un des grands noms de l&rsquo;industrie horlog\u00e8re et joaill\u00e8re de haute qualit\u00e9. Ind\u00e9pendance, Qualit\u00e9 et [&hellip;]<\/p>\n","protected":false},"author":1,"featured_media":0,"parent":1290,"menu_order":76,"comment_status":"open","ping_status":"closed","template":"","meta":{"ngg_post_thumbnail":0},"_links":{"self":[{"href":"http:\/\/www.1010votropticien.com\/blog\/wp-json\/wp\/v2\/pages\/24"}],"collection":[{"href":"http:\/\/www.1010votropticien.com\/blog\/wp-json\/wp\/v2\/pages"}],"about":[{"href":"http:\/\/www.1010votropticien.com\/blog\/wp-json\/wp\/v2\/types\/page"}],"author":[{"embeddable":true,"href":"http:\/\/www.1010votropticien.com\/blog\/wp-json\/wp\/v2\/users\/1"}],"replies":[{"embeddable":true,"href":"http:\/\/www.1010votropticien.com\/blog\/wp-json\/wp\/v2\/comments?post=24"}],"version-history":[{"count":4,"href":"http:\/\/www.1010votropticien.com\/blog\/wp-json\/wp\/v2\/pages\/24\/revisions"}],"predecessor-version":[{"id":8051,"href":"http:\/\/www.1010votropticien.com\/blog\/wp-json\/wp\/v2\/pages\/24\/revisions\/8051"}],"up":[{"embeddable":true,"href":"http:\/\/www.1010votropticien.com\/blog\/wp-json\/wp\/v2\/pages\/1290"}],"wp:attachment":[{"href":"http:\/\/www.1010votropticien.com\/blog\/wp-json\/wp\/v2\/media?parent=24"}],"curies":[{"name":"wp","href":"https:\/\/api.w.org\/{rel}","templated":true}]}}