{"id":187,"date":"2013-12-12T16:41:51","date_gmt":"2013-12-12T15:41:51","guid":{"rendered":"http:\/\/www.1010votropticien.com\/blog\/?page_id=187"},"modified":"2021-01-12T06:36:36","modified_gmt":"2021-01-12T05:36:36","slug":"alain-mikli","status":"publish","type":"page","link":"http:\/\/www.1010votropticien.com\/blog\/lunettes-de-vue\/alain-mikli\/","title":{"rendered":"Alain Mikli"},"content":{"rendered":"\n\t\t<style type=\"text\/css\">\n\t\t\t#gallery-1 {\n\t\t\t\tmargin: auto;\n\t\t\t}\n\t\t\t#gallery-1 .gallery-item {\n\t\t\t\tfloat: left;\n\t\t\t\tmargin-top: 10px;\n\t\t\t\ttext-align: center;\n\t\t\t\twidth: 33%;\n\t\t\t}\n\t\t\t#gallery-1 img {\n\t\t\t\tborder: 2px solid #cfcfcf;\n\t\t\t}\n\t\t\t#gallery-1 .gallery-caption {\n\t\t\t\tmargin-left: 0;\n\t\t\t}\n\t\t\t\/* see gallery_shortcode() in wp-includes\/media.php *\/\n\t\t<\/style>\n\t\t<div id='gallery-1' class='gallery galleryid-187 gallery-columns-3 gallery-size-thumbnail'><dl class='gallery-item'>\n\t\t\t<dt class='gallery-icon landscape'>\n\t\t\t\t<a href='http:\/\/www.1010votropticien.com\/blog\/lunettes-de-vue\/alain-mikli\/alain-mikli-a01346m-optique-1010-faches-thumesnil-ref-12656\/'><img width=\"293\" height=\"200\" src=\"http:\/\/www.1010votropticien.com\/blog\/wp-content\/uploads\/2021\/01\/ALAIN-MIKLI-A01346M-OPTIQUE-1010-FACHES-THUMESNIL-R\u00e9f-12656-293x200.jpg\" class=\"attachment-thumbnail size-thumbnail\" alt=\"ALAIN MIKLI A01346M OPTIQUE 1010 FACHES THUMESNIL R\u00e9f 12656\" decoding=\"async\" loading=\"lazy\" aria-describedby=\"gallery-1-9508\" \/><\/a>\n\t\t\t<\/dt>\n\t\t\t\t<dd class='wp-caption-text gallery-caption' id='gallery-1-9508'>\n\t\t\t\tALAIN MIKLI A01346M OPTIQUE 1010 FACHES THUMESNIL R\u00e9f 12656\n\t\t\t\t<\/dd><\/dl><dl class='gallery-item'>\n\t\t\t<dt class='gallery-icon landscape'>\n\t\t\t\t<a href='http:\/\/www.1010votropticien.com\/blog\/lunettes-de-vue\/alain-mikli\/alain-mikli-a01346m-v-optique-1010-faches-thumesnil-ref-12656\/'><img width=\"293\" height=\"200\" src=\"http:\/\/www.1010votropticien.com\/blog\/wp-content\/uploads\/2021\/01\/ALAIN-MIKLI-A01346M-V-OPTIQUE-1010-FACHES-THUMESNIL-R\u00e9f-12656-293x200.jpg\" class=\"attachment-thumbnail size-thumbnail\" alt=\"ALAIN MIKLI A01346M V OPTIQUE 1010 FACHES THUMESNIL R\u00e9f 12656\" decoding=\"async\" loading=\"lazy\" aria-describedby=\"gallery-1-9509\" \/><\/a>\n\t\t\t<\/dt>\n\t\t\t\t<dd class='wp-caption-text gallery-caption' id='gallery-1-9509'>\n\t\t\t\tALAIN MIKLI A01346M V OPTIQUE 1010 FACHES THUMESNIL R\u00e9f 12656\n\t\t\t\t<\/dd><\/dl><dl class='gallery-item'>\n\t\t\t<dt class='gallery-icon landscape'>\n\t\t\t\t<a href='http:\/\/www.1010votropticien.com\/blog\/lunettes-de-vue\/alain-mikli\/alain-mikli-a03016-optique-1010-faches-thumesnil-ref-12681\/'><img width=\"293\" height=\"200\" src=\"http:\/\/www.1010votropticien.com\/blog\/wp-content\/uploads\/2021\/01\/ALAIN-MIKLI-A03016-OPTIQUE-1010-FACHES-THUMESNIL-R\u00e9f-12681-293x200.jpg\" class=\"attachment-thumbnail size-thumbnail\" alt=\"ALAIN MIKLI A03016 OPTIQUE 1010 FACHES THUMESNIL R\u00e9f 12681\" decoding=\"async\" loading=\"lazy\" aria-describedby=\"gallery-1-9510\" \/><\/a>\n\t\t\t<\/dt>\n\t\t\t\t<dd class='wp-caption-text gallery-caption' id='gallery-1-9510'>\n\t\t\t\tALAIN MIKLI A03016 OPTIQUE 1010 FACHES THUMESNIL R\u00e9f 12681\n\t\t\t\t<\/dd><\/dl><br style=\"clear: both\" \/><dl class='gallery-item'>\n\t\t\t<dt class='gallery-icon landscape'>\n\t\t\t\t<a href='http:\/\/www.1010votropticien.com\/blog\/lunettes-de-vue\/alain-mikli\/alain-mikli-a03016-v-optique-1010-faches-thumesnil-ref-12681\/'><img width=\"293\" height=\"200\" src=\"http:\/\/www.1010votropticien.com\/blog\/wp-content\/uploads\/2021\/01\/ALAIN-MIKLI-A03016-V-OPTIQUE-1010-FACHES-THUMESNIL-R\u00e9f-12681-293x200.jpg\" class=\"attachment-thumbnail size-thumbnail\" alt=\"ALAIN MIKLI A03016 V OPTIQUE 1010 FACHES THUMESNIL R\u00e9f 12681\" decoding=\"async\" loading=\"lazy\" aria-describedby=\"gallery-1-9511\" \/><\/a>\n\t\t\t<\/dt>\n\t\t\t\t<dd class='wp-caption-text gallery-caption' id='gallery-1-9511'>\n\t\t\t\tALAIN MIKLI A03016 V OPTIQUE 1010 FACHES THUMESNIL R\u00e9f 12681\n\t\t\t\t<\/dd><\/dl><dl class='gallery-item'>\n\t\t\t<dt class='gallery-icon landscape'>\n\t\t\t\t<a href='http:\/\/www.1010votropticien.com\/blog\/lunettes-de-vue\/alain-mikli\/alain-mikli-a03040-optique-1010-faches-thumesnil-ref-13051\/'><img width=\"293\" height=\"200\" src=\"http:\/\/www.1010votropticien.com\/blog\/wp-content\/uploads\/2021\/01\/ALAIN-MIKLI-A03040-OPTIQUE-1010-FACHES-THUMESNIL-R\u00e9f-13051-293x200.jpg\" class=\"attachment-thumbnail size-thumbnail\" alt=\"ALAIN MIKLI A03040 OPTIQUE 1010 FACHES THUMESNIL R\u00e9f 13051\" decoding=\"async\" loading=\"lazy\" aria-describedby=\"gallery-1-9512\" \/><\/a>\n\t\t\t<\/dt>\n\t\t\t\t<dd class='wp-caption-text gallery-caption' id='gallery-1-9512'>\n\t\t\t\tALAIN MIKLI A03040 OPTIQUE 1010 FACHES THUMESNIL R\u00e9f 13051\n\t\t\t\t<\/dd><\/dl><dl class='gallery-item'>\n\t\t\t<dt class='gallery-icon landscape'>\n\t\t\t\t<a href='http:\/\/www.1010votropticien.com\/blog\/lunettes-de-vue\/alain-mikli\/alain-mikli-a03040-v-optique-1010-faches-thumesnil-ref-13051\/'><img width=\"293\" height=\"200\" src=\"http:\/\/www.1010votropticien.com\/blog\/wp-content\/uploads\/2021\/01\/ALAIN-MIKLI-A03040-V-OPTIQUE-1010-FACHES-THUMESNIL-R\u00e9f-13051-293x200.jpg\" class=\"attachment-thumbnail size-thumbnail\" alt=\"ALAIN MIKLI A03040 V OPTIQUE 1010 FACHES THUMESNIL R\u00e9f 13051\" decoding=\"async\" loading=\"lazy\" aria-describedby=\"gallery-1-9513\" \/><\/a>\n\t\t\t<\/dt>\n\t\t\t\t<dd class='wp-caption-text gallery-caption' id='gallery-1-9513'>\n\t\t\t\tALAIN MIKLI A03040 V OPTIQUE 1010 FACHES THUMESNIL R\u00e9f 13051\n\t\t\t\t<\/dd><\/dl><br style=\"clear: both\" \/><dl class='gallery-item'>\n\t\t\t<dt class='gallery-icon landscape'>\n\t\t\t\t<a href='http:\/\/www.1010votropticien.com\/blog\/lunettes-de-vue\/alain-mikli\/alain-mikli-a03045-optique-1010-faches-thumesnil-ref-13049\/'><img width=\"293\" height=\"200\" src=\"http:\/\/www.1010votropticien.com\/blog\/wp-content\/uploads\/2021\/01\/ALAIN-MIKLI-A03045-OPTIQUE-1010-FACHES-THUMESNIL-R\u00e9f-13049-293x200.jpg\" class=\"attachment-thumbnail size-thumbnail\" alt=\"ALAIN MIKLI A03045 OPTIQUE 1010 FACHES THUMESNIL R\u00e9f 13049\" decoding=\"async\" loading=\"lazy\" aria-describedby=\"gallery-1-9514\" \/><\/a>\n\t\t\t<\/dt>\n\t\t\t\t<dd class='wp-caption-text gallery-caption' id='gallery-1-9514'>\n\t\t\t\tALAIN MIKLI A03045 OPTIQUE 1010 FACHES THUMESNIL R\u00e9f 13049\n\t\t\t\t<\/dd><\/dl><dl class='gallery-item'>\n\t\t\t<dt class='gallery-icon landscape'>\n\t\t\t\t<a href='http:\/\/www.1010votropticien.com\/blog\/lunettes-de-vue\/alain-mikli\/alain-mikli-a03045-v-optique-1010-faches-thumesnil-ref-13049\/'><img width=\"293\" height=\"200\" src=\"http:\/\/www.1010votropticien.com\/blog\/wp-content\/uploads\/2021\/01\/ALAIN-MIKLI-A03045-V-OPTIQUE-1010-FACHES-THUMESNIL-R\u00e9f-13049-293x200.jpg\" class=\"attachment-thumbnail size-thumbnail\" alt=\"ALAIN MIKLI A03045 V OPTIQUE 1010 FACHES THUMESNIL R\u00e9f 13049\" decoding=\"async\" loading=\"lazy\" aria-describedby=\"gallery-1-9515\" \/><\/a>\n\t\t\t<\/dt>\n\t\t\t\t<dd class='wp-caption-text gallery-caption' id='gallery-1-9515'>\n\t\t\t\tALAIN MIKLI A03045 V OPTIQUE 1010 FACHES THUMESNIL R\u00e9f 13049\n\t\t\t\t<\/dd><\/dl><dl class='gallery-item'>\n\t\t\t<dt class='gallery-icon landscape'>\n\t\t\t\t<a href='http:\/\/www.1010votropticien.com\/blog\/lunettes-de-vue\/alain-mikli\/alain-mikli-a03050-optique-1010-faches-thumesnil-ref-13053\/'><img width=\"293\" height=\"200\" src=\"http:\/\/www.1010votropticien.com\/blog\/wp-content\/uploads\/2021\/01\/ALAIN-MIKLI-A03050-OPTIQUE-1010-FACHES-THUMESNIL-R\u00e9f-13053-293x200.jpg\" class=\"attachment-thumbnail size-thumbnail\" alt=\"ALAIN MIKLI A03050 OPTIQUE 1010 FACHES THUMESNIL R\u00e9f 13053\" decoding=\"async\" loading=\"lazy\" aria-describedby=\"gallery-1-9517\" \/><\/a>\n\t\t\t<\/dt>\n\t\t\t\t<dd class='wp-caption-text gallery-caption' id='gallery-1-9517'>\n\t\t\t\tALAIN MIKLI A03050 OPTIQUE 1010 FACHES THUMESNIL R\u00e9f 13053\n\t\t\t\t<\/dd><\/dl><br style=\"clear: both\" \/><dl class='gallery-item'>\n\t\t\t<dt class='gallery-icon landscape'>\n\t\t\t\t<a href='http:\/\/www.1010votropticien.com\/blog\/lunettes-de-vue\/alain-mikli\/alain-mikli-a03050-v-optique-1010-faches-thumesnil-ref-13053\/'><img width=\"293\" height=\"200\" src=\"http:\/\/www.1010votropticien.com\/blog\/wp-content\/uploads\/2021\/01\/ALAIN-MIKLI-A03050-V-OPTIQUE-1010-FACHES-THUMESNIL-R\u00e9f-13053-293x200.jpg\" class=\"attachment-thumbnail size-thumbnail\" alt=\"ALAIN MIKLI A03050 V OPTIQUE 1010 FACHES THUMESNIL R\u00e9f 13053\" decoding=\"async\" loading=\"lazy\" aria-describedby=\"gallery-1-9518\" \/><\/a>\n\t\t\t<\/dt>\n\t\t\t\t<dd class='wp-caption-text gallery-caption' id='gallery-1-9518'>\n\t\t\t\tALAIN MIKLI A03050 V OPTIQUE 1010 FACHES THUMESNIL R\u00e9f 13053\n\t\t\t\t<\/dd><\/dl><dl class='gallery-item'>\n\t\t\t<dt class='gallery-icon landscape'>\n\t\t\t\t<a href='http:\/\/www.1010votropticien.com\/blog\/lunettes-de-vue\/alain-mikli\/alain-mikli-a03059-optique-1010-faches-thumesnil-ref-13263\/'><img width=\"293\" height=\"200\" src=\"http:\/\/www.1010votropticien.com\/blog\/wp-content\/uploads\/2021\/01\/ALAIN-MIKLI-A03059-OPTIQUE-1010-FACHES-THUMESNIL-R\u00e9f-13263-293x200.jpg\" class=\"attachment-thumbnail size-thumbnail\" alt=\"ALAIN MIKLI A03059 OPTIQUE 1010 FACHES THUMESNIL R\u00e9f 13263\" decoding=\"async\" loading=\"lazy\" aria-describedby=\"gallery-1-9519\" \/><\/a>\n\t\t\t<\/dt>\n\t\t\t\t<dd class='wp-caption-text gallery-caption' id='gallery-1-9519'>\n\t\t\t\tALAIN MIKLI A03059 OPTIQUE 1010 FACHES THUMESNIL R\u00e9f 13263\n\t\t\t\t<\/dd><\/dl><dl class='gallery-item'>\n\t\t\t<dt class='gallery-icon landscape'>\n\t\t\t\t<a href='http:\/\/www.1010votropticien.com\/blog\/lunettes-de-vue\/alain-mikli\/alain-mikli-a03059-v-optique-1010-faches-thumesnil-ref-13263\/'><img width=\"293\" height=\"200\" src=\"http:\/\/www.1010votropticien.com\/blog\/wp-content\/uploads\/2021\/01\/ALAIN-MIKLI-A03059-V-OPTIQUE-1010-FACHES-THUMESNIL-R\u00e9f-13263-293x200.jpg\" class=\"attachment-thumbnail size-thumbnail\" alt=\"ALAIN MIKLI A03059 V OPTIQUE 1010 FACHES THUMESNIL R\u00e9f 13263\" decoding=\"async\" loading=\"lazy\" aria-describedby=\"gallery-1-9520\" \/><\/a>\n\t\t\t<\/dt>\n\t\t\t\t<dd class='wp-caption-text gallery-caption' id='gallery-1-9520'>\n\t\t\t\tALAIN MIKLI A03059 V OPTIQUE 1010 FACHES THUMESNIL R\u00e9f 13263\n\t\t\t\t<\/dd><\/dl><br style=\"clear: both\" \/>\n\t\t<\/div>\n\n<h3>Voici un petit aper\u00e7u des mod\u00e8les de la collection Alain Mikli &#8230; Venez vite en magasin les essayer et d\u00e9couvrir d&rsquo;autres mod\u00e8les!<\/h3>\n<h4>&nbsp;<\/h4>\n<p>&nbsp;<\/p>\n<h4><span style=\"color: #ff0000;\">Alain Mikli<\/span>, le c\u00e9l\u00e8bre <span style=\"color: #ff0000;\">designer<\/span> qu&rsquo;on ne pr\u00e9sente plus &#8230;<\/h4>\n<h4>Comme toujours vous trouverez dans cette collection des <span style=\"color: #ff0000;\">couleurs \u00e9tonnantes<\/span>, des <span style=\"color: #ff0000;\">plaques d&rsquo;ac\u00e9tate<\/span> tr\u00e8s <span style=\"color: #ff0000;\">originales<\/span> et <span style=\"color: #ff0000;\">qualitatives<\/span>.<\/h4>\n<h4>Pour ne pas porter les lunettes de \u00ab\u00a0tout le monde\u00a0\u00bb, optez pour le <span style=\"color: #ff0000;\">design<\/span> de cette collection <span style=\"color: #ff0000;\">hors du commun<\/span>.<\/h4>\n<h4>Le <span style=\"color: #ff0000;\">souci du d\u00e9tail<\/span> reste omnipr\u00e9sent, pour faire de votre monture un <span style=\"color: #ff0000;\">accessoire haut-de-gamme et agr\u00e9able \u00e0 porter<\/span>.<\/h4>\n<h5>&nbsp;<\/h5>\n","protected":false},"excerpt":{"rendered":"<p>Voici un petit aper\u00e7u des mod\u00e8les de la collection Alain Mikli &#8230; Venez vite en magasin les essayer et d\u00e9couvrir d&rsquo;autres mod\u00e8les! &nbsp; &nbsp; Alain Mikli, le c\u00e9l\u00e8bre designer qu&rsquo;on ne pr\u00e9sente plus &#8230; Comme toujours vous trouverez dans cette collection des couleurs \u00e9tonnantes, des plaques d&rsquo;ac\u00e9tate tr\u00e8s originales et qualitatives. Pour ne pas porter [&hellip;]<\/p>\n","protected":false},"author":1,"featured_media":0,"parent":1290,"menu_order":0,"comment_status":"open","ping_status":"closed","template":"","meta":{"ngg_post_thumbnail":0},"_links":{"self":[{"href":"http:\/\/www.1010votropticien.com\/blog\/wp-json\/wp\/v2\/pages\/187"}],"collection":[{"href":"http:\/\/www.1010votropticien.com\/blog\/wp-json\/wp\/v2\/pages"}],"about":[{"href":"http:\/\/www.1010votropticien.com\/blog\/wp-json\/wp\/v2\/types\/page"}],"author":[{"embeddable":true,"href":"http:\/\/www.1010votropticien.com\/blog\/wp-json\/wp\/v2\/users\/1"}],"replies":[{"embeddable":true,"href":"http:\/\/www.1010votropticien.com\/blog\/wp-json\/wp\/v2\/comments?post=187"}],"version-history":[{"count":2,"href":"http:\/\/www.1010votropticien.com\/blog\/wp-json\/wp\/v2\/pages\/187\/revisions"}],"predecessor-version":[{"id":9521,"href":"http:\/\/www.1010votropticien.com\/blog\/wp-json\/wp\/v2\/pages\/187\/revisions\/9521"}],"up":[{"embeddable":true,"href":"http:\/\/www.1010votropticien.com\/blog\/wp-json\/wp\/v2\/pages\/1290"}],"wp:attachment":[{"href":"http:\/\/www.1010votropticien.com\/blog\/wp-json\/wp\/v2\/media?parent=187"}],"curies":[{"name":"wp","href":"https:\/\/api.w.org\/{rel}","templated":true}]}}