{"id":1447,"date":"2015-03-16T12:30:12","date_gmt":"2015-03-16T11:30:12","guid":{"rendered":"http:\/\/www.1010votropticien.com\/blog\/?page_id=1447"},"modified":"2021-04-14T21:37:43","modified_gmt":"2021-04-14T19:37:43","slug":"azzaro-solaires","status":"publish","type":"page","link":"http:\/\/www.1010votropticien.com\/blog\/solaires\/azzaro-solaires\/","title":{"rendered":"Azzaro solaires"},"content":{"rendered":"<h3 class=\"rich-text block-editor-rich-text__editable\" role=\"textbox\" contenteditable=\"true\" aria-multiline=\"true\" aria-label=\"R\u00e9digez un titre\u2026\"><span class=\"has-inline-color\" style=\"color: #ff0000;\" data-rich-text-format-boundary=\"true\">Nouveau : <\/span>Achetez votre Calvin Klein directement en ligne, livraison \u00e0 domicile ou retrait en magasin ou au drive sans frais en cliquant directement <a href=\"https:\/\/optique-10-10.myshopify.com\/search?q=Azzaro&amp;options%5Bprefix%5D=last\" target=\"_blank\" rel=\"noopener noreferrer\"><span class=\"has-inline-color\"><span style=\"color: #ff0000;\">ici<\/span><\/span><\/a><\/h3>\n<h4 style=\"text-align: justify;\">Voici un petit aper\u00e7u des mod\u00e8les de la collection Azzaro &#8230; Venez vite en magasin les essayer et d\u00e9couvrir d&rsquo;autres mod\u00e8les!<\/h4>\n<div class=\"infos\">&nbsp;<\/div>\n\n\t\t<style type=\"text\/css\">\n\t\t\t#gallery-1 {\n\t\t\t\tmargin: auto;\n\t\t\t}\n\t\t\t#gallery-1 .gallery-item {\n\t\t\t\tfloat: left;\n\t\t\t\tmargin-top: 10px;\n\t\t\t\ttext-align: center;\n\t\t\t\twidth: 33%;\n\t\t\t}\n\t\t\t#gallery-1 img {\n\t\t\t\tborder: 2px solid #cfcfcf;\n\t\t\t}\n\t\t\t#gallery-1 .gallery-caption {\n\t\t\t\tmargin-left: 0;\n\t\t\t}\n\t\t\t\/* see gallery_shortcode() in wp-includes\/media.php *\/\n\t\t<\/style>\n\t\t<div id='gallery-1' class='gallery galleryid-1447 gallery-columns-3 gallery-size-thumbnail'><dl class='gallery-item'>\n\t\t\t<dt class='gallery-icon landscape'>\n\t\t\t\t<a href='http:\/\/www.1010votropticien.com\/blog\/solaires\/azzaro-solaires\/azzaro-az33040-optique1010-faches-thumesnil-ref-17940\/'><img width=\"293\" height=\"200\" src=\"http:\/\/www.1010votropticien.com\/blog\/wp-content\/uploads\/2021\/02\/Azzaro-AZ33040-OPTIQUE1010-FACHES-THUMESNIL-R\u00e9f-17940-293x200.jpg\" class=\"attachment-thumbnail size-thumbnail\" alt=\"Azzaro AZ33040 OPTIQUE1010 FACHES THUMESNIL R\u00e9f 17940\" decoding=\"async\" loading=\"lazy\" aria-describedby=\"gallery-1-9575\" \/><\/a>\n\t\t\t<\/dt>\n\t\t\t\t<dd class='wp-caption-text gallery-caption' id='gallery-1-9575'>\n\t\t\t\tAzzaro AZ33040 OPTIQUE1010 FACHES THUMESNIL R\u00e9f 17940\n\t\t\t\t<\/dd><\/dl><dl class='gallery-item'>\n\t\t\t<dt class='gallery-icon landscape'>\n\t\t\t\t<a href='http:\/\/www.1010votropticien.com\/blog\/solaires\/azzaro-solaires\/azzaro-az33040-b-optique1010-faches-thumesnil-ref-17939\/'><img width=\"293\" height=\"200\" src=\"http:\/\/www.1010votropticien.com\/blog\/wp-content\/uploads\/2021\/02\/Azzaro-AZ33040-B-OPTIQUE1010-FACHES-THUMESNIL-R\u00e9f-17939-293x200.jpg\" class=\"attachment-thumbnail size-thumbnail\" alt=\"Azzaro AZ33040 B OPTIQUE1010 FACHES THUMESNIL R\u00e9f 17939\" decoding=\"async\" loading=\"lazy\" aria-describedby=\"gallery-1-9577\" \/><\/a>\n\t\t\t<\/dt>\n\t\t\t\t<dd class='wp-caption-text gallery-caption' id='gallery-1-9577'>\n\t\t\t\tAzzaro AZ33040 B OPTIQUE1010 FACHES THUMESNIL R\u00e9f 17939\n\t\t\t\t<\/dd><\/dl><dl class='gallery-item'>\n\t\t\t<dt class='gallery-icon landscape'>\n\t\t\t\t<a href='http:\/\/www.1010votropticien.com\/blog\/solaires\/azzaro-solaires\/azzaro-az33040-v-optique1010-faches-thumesnil-ref-17940\/'><img width=\"293\" height=\"200\" src=\"http:\/\/www.1010votropticien.com\/blog\/wp-content\/uploads\/2021\/02\/Azzaro-AZ33040-V-OPTIQUE1010-FACHES-THUMESNIL-R\u00e9f-17940-293x200.jpg\" class=\"attachment-thumbnail size-thumbnail\" alt=\"Azzaro AZ33040 V OPTIQUE1010 FACHES THUMESNIL R\u00e9f 17940\" decoding=\"async\" loading=\"lazy\" aria-describedby=\"gallery-1-9578\" \/><\/a>\n\t\t\t<\/dt>\n\t\t\t\t<dd class='wp-caption-text gallery-caption' id='gallery-1-9578'>\n\t\t\t\tAzzaro AZ33040 V OPTIQUE1010 FACHES THUMESNIL R\u00e9f 17940\n\t\t\t\t<\/dd><\/dl><br style=\"clear: both\" \/><dl class='gallery-item'>\n\t\t\t<dt class='gallery-icon landscape'>\n\t\t\t\t<a href='http:\/\/www.1010votropticien.com\/blog\/solaires\/azzaro-solaires\/azzaro-az33041-optique1010-faches-thumesnil-ref-17938\/'><img width=\"293\" height=\"200\" src=\"http:\/\/www.1010votropticien.com\/blog\/wp-content\/uploads\/2021\/02\/Azzaro-AZ33041-OPTIQUE1010-FACHES-THUMESNIL-R\u00e9f-17938-293x200.jpg\" class=\"attachment-thumbnail size-thumbnail\" alt=\"Azzaro AZ33041 OPTIQUE1010 FACHES THUMESNIL R\u00e9f 17938\" decoding=\"async\" loading=\"lazy\" aria-describedby=\"gallery-1-9579\" \/><\/a>\n\t\t\t<\/dt>\n\t\t\t\t<dd class='wp-caption-text gallery-caption' id='gallery-1-9579'>\n\t\t\t\tAzzaro AZ33041 OPTIQUE1010 FACHES THUMESNIL R\u00e9f 17938\n\t\t\t\t<\/dd><\/dl><dl class='gallery-item'>\n\t\t\t<dt class='gallery-icon landscape'>\n\t\t\t\t<a href='http:\/\/www.1010votropticien.com\/blog\/solaires\/azzaro-solaires\/azzaro-az33041-optique1010-faches-thumesnil-ref-17941\/'><img width=\"293\" height=\"200\" src=\"http:\/\/www.1010votropticien.com\/blog\/wp-content\/uploads\/2021\/02\/Azzaro-AZ33041-OPTIQUE1010-FACHES-THUMESNIL-R\u00e9f-17941-293x200.jpg\" class=\"attachment-thumbnail size-thumbnail\" alt=\"Azzaro AZ33041 OPTIQUE1010 FACHES THUMESNIL R\u00e9f 17941\" decoding=\"async\" loading=\"lazy\" aria-describedby=\"gallery-1-9580\" \/><\/a>\n\t\t\t<\/dt>\n\t\t\t\t<dd class='wp-caption-text gallery-caption' id='gallery-1-9580'>\n\t\t\t\tAzzaro AZ33041 OPTIQUE1010 FACHES THUMESNIL R\u00e9f 17941\n\t\t\t\t<\/dd><\/dl><dl class='gallery-item'>\n\t\t\t<dt class='gallery-icon landscape'>\n\t\t\t\t<a href='http:\/\/www.1010votropticien.com\/blog\/solaires\/azzaro-solaires\/azzaro-az33041-v-optique1010-faches-thumesnil-ref-17938\/'><img width=\"293\" height=\"200\" src=\"http:\/\/www.1010votropticien.com\/blog\/wp-content\/uploads\/2021\/02\/Azzaro-AZ33041-V-OPTIQUE1010-FACHES-THUMESNIL-R\u00e9f-17938-293x200.jpg\" class=\"attachment-thumbnail size-thumbnail\" alt=\"Azzaro AZ33041 V OPTIQUE1010 FACHES THUMESNIL R\u00e9f 17938\" decoding=\"async\" loading=\"lazy\" aria-describedby=\"gallery-1-9581\" \/><\/a>\n\t\t\t<\/dt>\n\t\t\t\t<dd class='wp-caption-text gallery-caption' id='gallery-1-9581'>\n\t\t\t\tAzzaro AZ33041 V OPTIQUE1010 FACHES THUMESNIL R\u00e9f 17938\n\t\t\t\t<\/dd><\/dl><br style=\"clear: both\" \/><dl class='gallery-item'>\n\t\t\t<dt class='gallery-icon landscape'>\n\t\t\t\t<a href='http:\/\/www.1010votropticien.com\/blog\/solaires\/azzaro-solaires\/azzaro-az33042-optique1010-faches-thumesnil-ref-17932\/'><img width=\"293\" height=\"200\" src=\"http:\/\/www.1010votropticien.com\/blog\/wp-content\/uploads\/2021\/02\/Azzaro-AZ33042-OPTIQUE1010-FACHES-THUMESNIL-R\u00e9f-17932-293x200.jpg\" class=\"attachment-thumbnail size-thumbnail\" alt=\"Azzaro AZ33042 OPTIQUE1010 FACHES THUMESNIL R\u00e9f 17932\" decoding=\"async\" loading=\"lazy\" aria-describedby=\"gallery-1-9582\" \/><\/a>\n\t\t\t<\/dt>\n\t\t\t\t<dd class='wp-caption-text gallery-caption' id='gallery-1-9582'>\n\t\t\t\tAzzaro AZ33042 OPTIQUE1010 FACHES THUMESNIL R\u00e9f 17932\n\t\t\t\t<\/dd><\/dl><dl class='gallery-item'>\n\t\t\t<dt class='gallery-icon landscape'>\n\t\t\t\t<a href='http:\/\/www.1010votropticien.com\/blog\/solaires\/azzaro-solaires\/azzaro-az33042-optique1010-faches-thumesnil-ref-17933\/'><img width=\"293\" height=\"200\" src=\"http:\/\/www.1010votropticien.com\/blog\/wp-content\/uploads\/2021\/02\/Azzaro-AZ33042-OPTIQUE1010-FACHES-THUMESNIL-R\u00e9f-17933-293x200.jpg\" class=\"attachment-thumbnail size-thumbnail\" alt=\"Azzaro AZ33042 OPTIQUE1010 FACHES THUMESNIL R\u00e9f 17933\" decoding=\"async\" loading=\"lazy\" aria-describedby=\"gallery-1-9583\" \/><\/a>\n\t\t\t<\/dt>\n\t\t\t\t<dd class='wp-caption-text gallery-caption' id='gallery-1-9583'>\n\t\t\t\tAzzaro AZ33042 OPTIQUE1010 FACHES THUMESNIL R\u00e9f 17933\n\t\t\t\t<\/dd><\/dl><dl class='gallery-item'>\n\t\t\t<dt class='gallery-icon landscape'>\n\t\t\t\t<a href='http:\/\/www.1010votropticien.com\/blog\/solaires\/azzaro-solaires\/azzaro-az33042-f-optique1010-faches-thumesnil-ref-17932\/'><img width=\"293\" height=\"200\" src=\"http:\/\/www.1010votropticien.com\/blog\/wp-content\/uploads\/2021\/02\/Azzaro-AZ33042-F-OPTIQUE1010-FACHES-THUMESNIL-R\u00e9f-17932-293x200.jpg\" class=\"attachment-thumbnail size-thumbnail\" alt=\"Azzaro AZ33042 F OPTIQUE1010 FACHES THUMESNIL R\u00e9f 17932\" decoding=\"async\" loading=\"lazy\" aria-describedby=\"gallery-1-9584\" \/><\/a>\n\t\t\t<\/dt>\n\t\t\t\t<dd class='wp-caption-text gallery-caption' id='gallery-1-9584'>\n\t\t\t\tAzzaro AZ33042 F OPTIQUE1010 FACHES THUMESNIL R\u00e9f 17932\n\t\t\t\t<\/dd><\/dl><br style=\"clear: both\" \/><dl class='gallery-item'>\n\t\t\t<dt class='gallery-icon landscape'>\n\t\t\t\t<a href='http:\/\/www.1010votropticien.com\/blog\/solaires\/azzaro-solaires\/azzaro-az33042-v-optique1010-faches-thumesnil-ref-17933\/'><img width=\"293\" height=\"200\" src=\"http:\/\/www.1010votropticien.com\/blog\/wp-content\/uploads\/2021\/02\/Azzaro-AZ33042-V-OPTIQUE1010-FACHES-THUMESNIL-R\u00e9f-17933-293x200.jpg\" class=\"attachment-thumbnail size-thumbnail\" alt=\"Azzaro AZ33042 V OPTIQUE1010 FACHES THUMESNIL R\u00e9f 17933\" decoding=\"async\" loading=\"lazy\" aria-describedby=\"gallery-1-9585\" \/><\/a>\n\t\t\t<\/dt>\n\t\t\t\t<dd class='wp-caption-text gallery-caption' id='gallery-1-9585'>\n\t\t\t\tAzzaro AZ33042 V OPTIQUE1010 FACHES THUMESNIL R\u00e9f 17933\n\t\t\t\t<\/dd><\/dl><dl class='gallery-item'>\n\t\t\t<dt class='gallery-icon landscape'>\n\t\t\t\t<a href='http:\/\/www.1010votropticien.com\/blog\/solaires\/azzaro-solaires\/azzaro-az33043-b-optique1010-faches-thumesnil-ref-17931\/'><img width=\"293\" height=\"200\" src=\"http:\/\/www.1010votropticien.com\/blog\/wp-content\/uploads\/2021\/02\/Azzaro-AZ33043-B-OPTIQUE1010-FACHES-THUMESNIL-R\u00e9f-17931-293x200.jpg\" class=\"attachment-thumbnail size-thumbnail\" alt=\"Azzaro AZ33043 B OPTIQUE1010 FACHES THUMESNIL R\u00e9f 17931\" decoding=\"async\" loading=\"lazy\" aria-describedby=\"gallery-1-9586\" \/><\/a>\n\t\t\t<\/dt>\n\t\t\t\t<dd class='wp-caption-text gallery-caption' id='gallery-1-9586'>\n\t\t\t\tAzzaro AZ33043 B OPTIQUE1010 FACHES THUMESNIL R\u00e9f 17931\n\t\t\t\t<\/dd><\/dl><dl class='gallery-item'>\n\t\t\t<dt class='gallery-icon landscape'>\n\t\t\t\t<a href='http:\/\/www.1010votropticien.com\/blog\/solaires\/azzaro-solaires\/azzaro-az33043-f-optique1010-faches-thumesnil-ref-17931\/'><img width=\"293\" height=\"200\" src=\"http:\/\/www.1010votropticien.com\/blog\/wp-content\/uploads\/2021\/02\/Azzaro-AZ33043-F-OPTIQUE1010-FACHES-THUMESNIL-R\u00e9f-17931-293x200.jpg\" class=\"attachment-thumbnail size-thumbnail\" alt=\"Azzaro AZ33043 F OPTIQUE1010 FACHES THUMESNIL R\u00e9f 17931\" decoding=\"async\" loading=\"lazy\" aria-describedby=\"gallery-1-9587\" \/><\/a>\n\t\t\t<\/dt>\n\t\t\t\t<dd class='wp-caption-text gallery-caption' id='gallery-1-9587'>\n\t\t\t\tAzzaro AZ33043 F OPTIQUE1010 FACHES THUMESNIL R\u00e9f 17931\n\t\t\t\t<\/dd><\/dl><br style=\"clear: both\" \/><dl class='gallery-item'>\n\t\t\t<dt class='gallery-icon landscape'>\n\t\t\t\t<a href='http:\/\/www.1010votropticien.com\/blog\/solaires\/azzaro-solaires\/azzaro-az33044-optique1010-faches-thumesnil-ref-17937\/'><img width=\"293\" height=\"200\" src=\"http:\/\/www.1010votropticien.com\/blog\/wp-content\/uploads\/2021\/02\/Azzaro-AZ33044-OPTIQUE1010-FACHES-THUMESNIL-R\u00e9f-17937-293x200.jpg\" class=\"attachment-thumbnail size-thumbnail\" alt=\"Azzaro AZ33044 OPTIQUE1010 FACHES THUMESNIL R\u00e9f 17937\" decoding=\"async\" loading=\"lazy\" aria-describedby=\"gallery-1-9588\" \/><\/a>\n\t\t\t<\/dt>\n\t\t\t\t<dd class='wp-caption-text gallery-caption' id='gallery-1-9588'>\n\t\t\t\tAzzaro AZ33044 OPTIQUE1010 FACHES THUMESNIL R\u00e9f 17937\n\t\t\t\t<\/dd><\/dl><dl class='gallery-item'>\n\t\t\t<dt class='gallery-icon landscape'>\n\t\t\t\t<a href='http:\/\/www.1010votropticien.com\/blog\/solaires\/azzaro-solaires\/azzaro-az33044-v-optique1010-faches-thumesnil-ref-17937\/'><img width=\"293\" height=\"200\" src=\"http:\/\/www.1010votropticien.com\/blog\/wp-content\/uploads\/2021\/02\/Azzaro-AZ33044-V-OPTIQUE1010-FACHES-THUMESNIL-R\u00e9f-17937-293x200.jpg\" class=\"attachment-thumbnail size-thumbnail\" alt=\"Azzaro AZ33044 V OPTIQUE1010 FACHES THUMESNIL R\u00e9f 17937\" decoding=\"async\" loading=\"lazy\" aria-describedby=\"gallery-1-9589\" \/><\/a>\n\t\t\t<\/dt>\n\t\t\t\t<dd class='wp-caption-text gallery-caption' id='gallery-1-9589'>\n\t\t\t\tAzzaro AZ33044 V OPTIQUE1010 FACHES THUMESNIL R\u00e9f 17937\n\t\t\t\t<\/dd><\/dl>\n\t\t\t<br style='clear: both' \/>\n\t\t<\/div>\n\n","protected":false},"excerpt":{"rendered":"<p>Nouveau : Achetez votre Calvin Klein directement en ligne, livraison \u00e0 domicile ou retrait en magasin ou au drive sans frais en cliquant directement ici Voici un petit aper\u00e7u des mod\u00e8les de la collection Azzaro &#8230; Venez vite en magasin les essayer et d\u00e9couvrir d&rsquo;autres mod\u00e8les! &nbsp;<\/p>\n","protected":false},"author":2,"featured_media":0,"parent":1293,"menu_order":0,"comment_status":"open","ping_status":"open","template":"","meta":{"ngg_post_thumbnail":0},"_links":{"self":[{"href":"http:\/\/www.1010votropticien.com\/blog\/wp-json\/wp\/v2\/pages\/1447"}],"collection":[{"href":"http:\/\/www.1010votropticien.com\/blog\/wp-json\/wp\/v2\/pages"}],"about":[{"href":"http:\/\/www.1010votropticien.com\/blog\/wp-json\/wp\/v2\/types\/page"}],"author":[{"embeddable":true,"href":"http:\/\/www.1010votropticien.com\/blog\/wp-json\/wp\/v2\/users\/2"}],"replies":[{"embeddable":true,"href":"http:\/\/www.1010votropticien.com\/blog\/wp-json\/wp\/v2\/comments?post=1447"}],"version-history":[{"count":2,"href":"http:\/\/www.1010votropticien.com\/blog\/wp-json\/wp\/v2\/pages\/1447\/revisions"}],"predecessor-version":[{"id":10343,"href":"http:\/\/www.1010votropticien.com\/blog\/wp-json\/wp\/v2\/pages\/1447\/revisions\/10343"}],"up":[{"embeddable":true,"href":"http:\/\/www.1010votropticien.com\/blog\/wp-json\/wp\/v2\/pages\/1293"}],"wp:attachment":[{"href":"http:\/\/www.1010votropticien.com\/blog\/wp-json\/wp\/v2\/media?parent=1447"}],"curies":[{"name":"wp","href":"https:\/\/api.w.org\/{rel}","templated":true}]}}