{"id":1441,"date":"2015-03-16T12:29:08","date_gmt":"2015-03-16T11:29:08","guid":{"rendered":"http:\/\/www.1010votropticien.com\/blog\/?page_id=1441"},"modified":"2023-01-31T12:50:14","modified_gmt":"2023-01-31T11:50:14","slug":"chloe-solaires","status":"publish","type":"page","link":"http:\/\/www.1010votropticien.com\/blog\/solaires\/chloe-solaires\/","title":{"rendered":"Chlo\u00e9 solaires"},"content":{"rendered":"<h3><span style=\"color: #ff0000;\">Nouveau<\/span> : Achetez votre Chlo\u00e9 directement en ligne, livraison \u00e0 domicile ou retrait en magasin ou au drive sans frais en cliquant directement <a href=\"https:\/\/optique-10-10.myshopify.com\/search?q=chloe&amp;options%5Bprefix%5D=last\" target=\"_blank\" rel=\"noopener noreferrer\"><span style=\"color: #ff0000;\">ici<\/span><\/a><\/h3>\n<h4>Voici un petit aper\u00e7u des mod\u00e8les de la collection Chlo\u00e9 &#8230; Venez vite en magasin les essayer et d\u00e9couvrir d&rsquo;autres mod\u00e8les!<\/h4>\n\n\t\t<style type=\"text\/css\">\n\t\t\t#gallery-1 {\n\t\t\t\tmargin: auto;\n\t\t\t}\n\t\t\t#gallery-1 .gallery-item {\n\t\t\t\tfloat: left;\n\t\t\t\tmargin-top: 10px;\n\t\t\t\ttext-align: center;\n\t\t\t\twidth: 33%;\n\t\t\t}\n\t\t\t#gallery-1 img {\n\t\t\t\tborder: 2px solid #cfcfcf;\n\t\t\t}\n\t\t\t#gallery-1 .gallery-caption {\n\t\t\t\tmargin-left: 0;\n\t\t\t}\n\t\t\t\/* see gallery_shortcode() in wp-includes\/media.php *\/\n\t\t<\/style>\n\t\t<div id='gallery-1' class='gallery galleryid-1441 gallery-columns-3 gallery-size-thumbnail'><dl class='gallery-item'>\n\t\t\t<dt class='gallery-icon landscape'>\n\t\t\t\t<a href='http:\/\/www.1010votropticien.com\/blog\/solaires\/chloe-solaires\/inshot_20230123_1922168401\/'><img width=\"293\" height=\"200\" src=\"http:\/\/www.1010votropticien.com\/blog\/wp-content\/uploads\/2023\/01\/InShot_20230123_1922168401-293x200.jpg\" class=\"attachment-thumbnail size-thumbnail\" alt=\"\" decoding=\"async\" loading=\"lazy\" \/><\/a>\n\t\t\t<\/dt><\/dl><dl class='gallery-item'>\n\t\t\t<dt class='gallery-icon landscape'>\n\t\t\t\t<a href='http:\/\/www.1010votropticien.com\/blog\/solaires\/chloe-solaires\/inshot_20230123_1923545841\/'><img width=\"293\" height=\"200\" src=\"http:\/\/www.1010votropticien.com\/blog\/wp-content\/uploads\/2023\/01\/InShot_20230123_1923545841-293x200.jpg\" class=\"attachment-thumbnail size-thumbnail\" alt=\"\" decoding=\"async\" loading=\"lazy\" \/><\/a>\n\t\t\t<\/dt><\/dl><dl class='gallery-item'>\n\t\t\t<dt class='gallery-icon landscape'>\n\t\t\t\t<a href='http:\/\/www.1010votropticien.com\/blog\/solaires\/chloe-solaires\/inshot_20230123_1924326021\/'><img width=\"293\" height=\"200\" src=\"http:\/\/www.1010votropticien.com\/blog\/wp-content\/uploads\/2023\/01\/InShot_20230123_1924326021-293x200.jpg\" class=\"attachment-thumbnail size-thumbnail\" alt=\"\" decoding=\"async\" loading=\"lazy\" \/><\/a>\n\t\t\t<\/dt><\/dl><br style=\"clear: both\" \/><dl class='gallery-item'>\n\t\t\t<dt class='gallery-icon landscape'>\n\t\t\t\t<a href='http:\/\/www.1010votropticien.com\/blog\/solaires\/chloe-solaires\/inshot_20230123_1925534701\/'><img width=\"293\" height=\"200\" src=\"http:\/\/www.1010votropticien.com\/blog\/wp-content\/uploads\/2023\/01\/InShot_20230123_1925534701-293x200.jpg\" class=\"attachment-thumbnail size-thumbnail\" alt=\"\" decoding=\"async\" loading=\"lazy\" \/><\/a>\n\t\t\t<\/dt><\/dl><dl class='gallery-item'>\n\t\t\t<dt class='gallery-icon landscape'>\n\t\t\t\t<a href='http:\/\/www.1010votropticien.com\/blog\/solaires\/chloe-solaires\/inshot_20230123_1926184601\/'><img width=\"293\" height=\"200\" src=\"http:\/\/www.1010votropticien.com\/blog\/wp-content\/uploads\/2023\/01\/InShot_20230123_1926184601-293x200.jpg\" class=\"attachment-thumbnail size-thumbnail\" alt=\"\" decoding=\"async\" loading=\"lazy\" \/><\/a>\n\t\t\t<\/dt><\/dl><dl class='gallery-item'>\n\t\t\t<dt class='gallery-icon landscape'>\n\t\t\t\t<a href='http:\/\/www.1010votropticien.com\/blog\/solaires\/chloe-solaires\/inshot_20230123_1927040971\/'><img width=\"293\" height=\"200\" src=\"http:\/\/www.1010votropticien.com\/blog\/wp-content\/uploads\/2023\/01\/InShot_20230123_1927040971-293x200.jpg\" class=\"attachment-thumbnail size-thumbnail\" alt=\"\" decoding=\"async\" loading=\"lazy\" \/><\/a>\n\t\t\t<\/dt><\/dl><br style=\"clear: both\" \/><dl class='gallery-item'>\n\t\t\t<dt class='gallery-icon landscape'>\n\t\t\t\t<a href='http:\/\/www.1010votropticien.com\/blog\/solaires\/chloe-solaires\/inshot_20230123_1928226221\/'><img width=\"293\" height=\"200\" src=\"http:\/\/www.1010votropticien.com\/blog\/wp-content\/uploads\/2023\/01\/InShot_20230123_1928226221-293x200.jpg\" class=\"attachment-thumbnail size-thumbnail\" alt=\"\" decoding=\"async\" loading=\"lazy\" \/><\/a>\n\t\t\t<\/dt><\/dl>\n\t\t\t<br style='clear: both' \/>\n\t\t<\/div>\n\n<h4>DES LUNETTES <span style=\"color: #ff0000;\">F\u00c9MININES<\/span> QUI INCARNENT TOUS LES CODES DE LA <span style=\"color: #ff0000;\">MARQUE CHLO\u00c9<\/span>.<\/h4>\n<h4>Chlo\u00e9 est une marque bas\u00e9e sur la <span style=\"color: #ff0000;\">solidarit\u00e9 f\u00e9minine<\/span>, avec un esprit tourn\u00e9 vers les femmes. La <span style=\"color: #ff0000;\">f\u00e9minit\u00e9<\/span>, la <span style=\"color: #ff0000;\">libert\u00e9,<\/span> la <span style=\"color: #ff0000;\">modernit\u00e9<\/span>, la <span style=\"color: #ff0000;\">gr\u00e2ce<\/span> et la <span style=\"color: #ff0000;\">beaut\u00e9 naturelle<\/span> sont les caract\u00e9ristiques principales de la marque et forme l\u2019<span style=\"color: #ff0000;\">essence des collections de lunettes.<\/span><\/h4>\n<h4>&nbsp;<\/h4>\n<h4>Puisant leur inspiration dans la <span style=\"color: #ff0000;\">collection de pr\u00eat-\u00e0-porter<\/span>, les lunettes Chlo\u00e9 affichent les c<span style=\"color: #ff0000;\">odes signature<\/span> de la marque : <span style=\"color: #ff0000;\">mati\u00e8res douces<\/span>, <span style=\"color: #ff0000;\">formes arrondies<\/span> et <span style=\"color: #ff0000;\">teintes chaudes<\/span> dans des <span style=\"color: #ff0000;\">nuances sable<\/span>. D\u00e9clin\u00e9e dans un <span style=\"color: #ff0000;\">style r\u00e9tro<\/span> ou <span style=\"color: #ff0000;\">aviateur<\/span>,<span style=\"color: #ff0000;\"> intemporel<\/span> ou <span style=\"color: #ff0000;\">grand format<\/span>, chaque cr\u00e9ation joue avec les<span style=\"color: #ff0000;\"> formes<\/span> et les <span style=\"color: #ff0000;\">volumes<\/span>.<\/h4>\n<h4>&nbsp;<\/h4>\n<h4>&nbsp;La c\u00e9l\u00e8bre marque <span style=\"color: #ff0000;\">haute couture<\/span> ne vous d\u00e9cevra pas, les lunettes optiques ou solaires sont \u00e0 l\u2019image de la marque, \u00e0 essayer de toute urgence!<\/h4>\n<p>&nbsp;<\/p>\n<h5><a href=\"https:\/\/www.chloe.com\/fr\" target=\"_blank\" rel=\"noopener noreferrer\"><span style=\"color: #ff6600;\">Retrouvez ici l&rsquo;univers de Chlo\u00e9.<\/span><\/a><\/h5>\n","protected":false},"excerpt":{"rendered":"<p>Nouveau : Achetez votre Chlo\u00e9 directement en ligne, livraison \u00e0 domicile ou retrait en magasin ou au drive sans frais en cliquant directement ici Voici un petit aper\u00e7u des mod\u00e8les de la collection Chlo\u00e9 &#8230; Venez vite en magasin les essayer et d\u00e9couvrir d&rsquo;autres mod\u00e8les! DES LUNETTES F\u00c9MININES QUI INCARNENT TOUS LES CODES DE LA [&hellip;]<\/p>\n","protected":false},"author":2,"featured_media":0,"parent":1293,"menu_order":0,"comment_status":"open","ping_status":"open","template":"","meta":{"ngg_post_thumbnail":0},"_links":{"self":[{"href":"http:\/\/www.1010votropticien.com\/blog\/wp-json\/wp\/v2\/pages\/1441"}],"collection":[{"href":"http:\/\/www.1010votropticien.com\/blog\/wp-json\/wp\/v2\/pages"}],"about":[{"href":"http:\/\/www.1010votropticien.com\/blog\/wp-json\/wp\/v2\/types\/page"}],"author":[{"embeddable":true,"href":"http:\/\/www.1010votropticien.com\/blog\/wp-json\/wp\/v2\/users\/2"}],"replies":[{"embeddable":true,"href":"http:\/\/www.1010votropticien.com\/blog\/wp-json\/wp\/v2\/comments?post=1441"}],"version-history":[{"count":1,"href":"http:\/\/www.1010votropticien.com\/blog\/wp-json\/wp\/v2\/pages\/1441\/revisions"}],"predecessor-version":[{"id":10951,"href":"http:\/\/www.1010votropticien.com\/blog\/wp-json\/wp\/v2\/pages\/1441\/revisions\/10951"}],"up":[{"embeddable":true,"href":"http:\/\/www.1010votropticien.com\/blog\/wp-json\/wp\/v2\/pages\/1293"}],"wp:attachment":[{"href":"http:\/\/www.1010votropticien.com\/blog\/wp-json\/wp\/v2\/media?parent=1441"}],"curies":[{"name":"wp","href":"https:\/\/api.w.org\/{rel}","templated":true}]}}