{"id":1435,"date":"2015-03-16T12:28:29","date_gmt":"2015-03-16T11:28:29","guid":{"rendered":"http:\/\/www.1010votropticien.com\/blog\/?page_id=1435"},"modified":"2021-04-14T21:58:56","modified_gmt":"2021-04-14T19:58:56","slug":"dolce-gabbana-solaires","status":"publish","type":"page","link":"http:\/\/www.1010votropticien.com\/blog\/solaires\/dolce-gabbana-solaires\/","title":{"rendered":"Dolce &#038; Gabbana solaires"},"content":{"rendered":"<h3><span style=\"color: #ff0000;\">Nouveau<\/span> : Achetez votre Dolce &amp; Gabbana directement en ligne, livraison \u00e0 domicile ou retrait en magasin ou au drive sans frais en cliquant directement <a href=\"https:\/\/optique-10-10.myshopify.com\/search?q=dolce&amp;options%5Bprefix%5D=last\" target=\"_blank\" rel=\"noopener noreferrer\"><span style=\"color: #ff0000;\">ici<\/span><\/a><\/h3>\n<h4>Voici un petit aper\u00e7u des mod\u00e8les de la collection Dolce &amp; Gabbana &#8230; Venez vite en magasin les essayer et d\u00e9couvrir d&rsquo;autres mod\u00e8les!<\/h4>\n<h5>&nbsp;<\/h5>\n\n\t\t<style type=\"text\/css\">\n\t\t\t#gallery-1 {\n\t\t\t\tmargin: auto;\n\t\t\t}\n\t\t\t#gallery-1 .gallery-item {\n\t\t\t\tfloat: left;\n\t\t\t\tmargin-top: 10px;\n\t\t\t\ttext-align: center;\n\t\t\t\twidth: 33%;\n\t\t\t}\n\t\t\t#gallery-1 img {\n\t\t\t\tborder: 2px solid #cfcfcf;\n\t\t\t}\n\t\t\t#gallery-1 .gallery-caption {\n\t\t\t\tmargin-left: 0;\n\t\t\t}\n\t\t\t\/* see gallery_shortcode() in wp-includes\/media.php *\/\n\t\t<\/style>\n\t\t<div id='gallery-1' class='gallery galleryid-1435 gallery-columns-3 gallery-size-thumbnail'><dl class='gallery-item'>\n\t\t\t<dt class='gallery-icon landscape'>\n\t\t\t\t<a href='http:\/\/www.1010votropticien.com\/blog\/solaires\/dolce-gabbana-solaires\/dolce-gabbana-dg2205-b-optique-10-10-faches-thumesnil-ref-16352\/'><img width=\"293\" height=\"200\" src=\"http:\/\/www.1010votropticien.com\/blog\/wp-content\/uploads\/2021\/04\/DOLCE-GABBANA-DG2205-B-OPTIQUE-10-10-FACHES-THUMESNIL-R\u00e9f-16352-293x200.jpg\" class=\"attachment-thumbnail size-thumbnail\" alt=\"DOLCE GABBANA DG2205 B OPTIQUE 10 10 FACHES THUMESNIL R\u00e9f 16352\" decoding=\"async\" loading=\"lazy\" \/><\/a>\n\t\t\t<\/dt><\/dl><dl class='gallery-item'>\n\t\t\t<dt class='gallery-icon landscape'>\n\t\t\t\t<a href='http:\/\/www.1010votropticien.com\/blog\/solaires\/dolce-gabbana-solaires\/dolce-gabbana-dg2205-optique-10-10-faches-thumesnil-ref-16352\/'><img width=\"293\" height=\"200\" src=\"http:\/\/www.1010votropticien.com\/blog\/wp-content\/uploads\/2021\/04\/DOLCE-GABBANA-DG2205-OPTIQUE-10-10-FACHES-THUMESNIL-R\u00e9f-16352-293x200.jpg\" class=\"attachment-thumbnail size-thumbnail\" alt=\"DOLCE GABBANA DG2205 OPTIQUE 10 10 FACHES THUMESNIL R\u00e9f 16352\" decoding=\"async\" loading=\"lazy\" \/><\/a>\n\t\t\t<\/dt><\/dl><dl class='gallery-item'>\n\t\t\t<dt class='gallery-icon landscape'>\n\t\t\t\t<a href='http:\/\/www.1010votropticien.com\/blog\/solaires\/dolce-gabbana-solaires\/dolce-gabbana-dg2205-v-optique-10-10-faches-thumesnil-ref-16352\/'><img width=\"293\" height=\"200\" src=\"http:\/\/www.1010votropticien.com\/blog\/wp-content\/uploads\/2021\/04\/DOLCE-GABBANA-DG2205-V-OPTIQUE-10-10-FACHES-THUMESNIL-R\u00e9f-16352-293x200.jpg\" class=\"attachment-thumbnail size-thumbnail\" alt=\"\" decoding=\"async\" loading=\"lazy\" \/><\/a>\n\t\t\t<\/dt><\/dl><br style=\"clear: both\" \/><dl class='gallery-item'>\n\t\t\t<dt class='gallery-icon landscape'>\n\t\t\t\t<a href='http:\/\/www.1010votropticien.com\/blog\/solaires\/dolce-gabbana-solaires\/dolcegabbana-gd225-optique-10-10-fraches-thumesnil-ref-17184\/'><img width=\"293\" height=\"200\" src=\"http:\/\/www.1010votropticien.com\/blog\/wp-content\/uploads\/2021\/04\/DolceGabbana-GD225-OPTIQUE-10-10-FRACHES-THUMESNIL-R\u00e9f-17184-293x200.jpg\" class=\"attachment-thumbnail size-thumbnail\" alt=\"Dolce&amp;Gabbana GD225 OPTIQUE 10 10 FRACHES THUMESNIL R\u00e9f 17184\" decoding=\"async\" loading=\"lazy\" \/><\/a>\n\t\t\t<\/dt><\/dl><dl class='gallery-item'>\n\t\t\t<dt class='gallery-icon landscape'>\n\t\t\t\t<a href='http:\/\/www.1010votropticien.com\/blog\/solaires\/dolce-gabbana-solaires\/dolcegabbana-gd227-j-optique-10-10-fraches-thumesnil-ref-17182\/'><img width=\"293\" height=\"200\" src=\"http:\/\/www.1010votropticien.com\/blog\/wp-content\/uploads\/2021\/04\/DolceGabbana-GD227-J-OPTIQUE-10-10-FRACHES-THUMESNIL-R\u00e9f-17182-293x200.jpg\" class=\"attachment-thumbnail size-thumbnail\" alt=\"Dolce&amp;Gabbana GD227-J OPTIQUE 10 10 FRACHES THUMESNIL R\u00e9f 17182\" decoding=\"async\" loading=\"lazy\" \/><\/a>\n\t\t\t<\/dt><\/dl><dl class='gallery-item'>\n\t\t\t<dt class='gallery-icon landscape'>\n\t\t\t\t<a href='http:\/\/www.1010votropticien.com\/blog\/solaires\/dolce-gabbana-solaires\/dolcegabbana-gd2235-optique-10-10-fraches-thumesnil-ref-17164\/'><img width=\"293\" height=\"200\" src=\"http:\/\/www.1010votropticien.com\/blog\/wp-content\/uploads\/2021\/04\/DolceGabbana-GD2235-OPTIQUE-10-10-FRACHES-THUMESNIL-R\u00e9f-17164-293x200.jpg\" class=\"attachment-thumbnail size-thumbnail\" alt=\"Dolce&amp;Gabbana GD2235 OPTIQUE 10 10 FRACHES THUMESNIL R\u00e9f 17164\" decoding=\"async\" loading=\"lazy\" \/><\/a>\n\t\t\t<\/dt><\/dl><br style=\"clear: both\" \/><dl class='gallery-item'>\n\t\t\t<dt class='gallery-icon landscape'>\n\t\t\t\t<a href='http:\/\/www.1010votropticien.com\/blog\/solaires\/dolce-gabbana-solaires\/dolcegabbana-gd2245-optique-10-10-fraches-thumesnil-ref-17169\/'><img width=\"293\" height=\"200\" src=\"http:\/\/www.1010votropticien.com\/blog\/wp-content\/uploads\/2021\/04\/DolceGabbana-GD2245-OPTIQUE-10-10-FRACHES-THUMESNIL-R\u00e9f-17169-293x200.jpg\" class=\"attachment-thumbnail size-thumbnail\" alt=\"Dolce&amp;Gabbana GD2245 OPTIQUE 10 10 FRACHES THUMESNIL R\u00e9f 17169\" decoding=\"async\" loading=\"lazy\" \/><\/a>\n\t\t\t<\/dt><\/dl><dl class='gallery-item'>\n\t\t\t<dt class='gallery-icon landscape'>\n\t\t\t\t<a href='http:\/\/www.1010votropticien.com\/blog\/solaires\/dolce-gabbana-solaires\/dolcegabbana-gd6136-optique-10-10-fraches-thumesnil-ref-17327\/'><img width=\"293\" height=\"200\" src=\"http:\/\/www.1010votropticien.com\/blog\/wp-content\/uploads\/2021\/04\/DolceGabbana-GD6136-OPTIQUE-10-10-FRACHES-THUMESNIL-R\u00e9f-17327-293x200.jpg\" class=\"attachment-thumbnail size-thumbnail\" alt=\"Dolce&amp;Gabbana GD6136 OPTIQUE 10 10 FRACHES THUMESNIL R\u00e9f 17327\" decoding=\"async\" loading=\"lazy\" \/><\/a>\n\t\t\t<\/dt><\/dl><dl class='gallery-item'>\n\t\t\t<dt class='gallery-icon landscape'>\n\t\t\t\t<a href='http:\/\/www.1010votropticien.com\/blog\/solaires\/dolce-gabbana-solaires\/dolce_gabbanadg2253-h-optique1010fachesthumesnil\/'><img width=\"293\" height=\"200\" src=\"http:\/\/www.1010votropticien.com\/blog\/wp-content\/uploads\/2021\/04\/DOLCE_GABBANADG2253-H-OPTIQUE1010FACHESTHUMESNIL-293x200.jpg\" class=\"attachment-thumbnail size-thumbnail\" alt=\"DOLCE_GABBANADG2253-H OPTIQUE1010FACHESTHUMESNIL\" decoding=\"async\" loading=\"lazy\" \/><\/a>\n\t\t\t<\/dt><\/dl><br style=\"clear: both\" \/><dl class='gallery-item'>\n\t\t\t<dt class='gallery-icon landscape'>\n\t\t\t\t<a href='http:\/\/www.1010votropticien.com\/blog\/solaires\/dolce-gabbana-solaires\/dolce_gabbanadg2253-h-optique1010fachesthumesnild\/'><img width=\"293\" height=\"200\" src=\"http:\/\/www.1010votropticien.com\/blog\/wp-content\/uploads\/2021\/04\/DOLCE_GABBANADG2253-H-OPTIQUE1010FACHESTHUMESNILD-293x200.jpg\" class=\"attachment-thumbnail size-thumbnail\" alt=\"DOLCE_GABBANADG2253-H OPTIQUE1010FACHESTHUMESNILD\" decoding=\"async\" loading=\"lazy\" \/><\/a>\n\t\t\t<\/dt><\/dl><dl class='gallery-item'>\n\t\t\t<dt class='gallery-icon landscape'>\n\t\t\t\t<a href='http:\/\/www.1010votropticien.com\/blog\/solaires\/dolce-gabbana-solaires\/dolce_gabbanadg2253-h-optique1010fachesthumesnilf-ref-17253\/'><img width=\"293\" height=\"200\" src=\"http:\/\/www.1010votropticien.com\/blog\/wp-content\/uploads\/2021\/04\/DOLCE_GABBANADG2253-H-OPTIQUE1010FACHESTHUMESNILF-R\u00e9f-17253-293x200.jpg\" class=\"attachment-thumbnail size-thumbnail\" alt=\"DOLCE_GABBANADG2253-H OPTIQUE1010FACHESTHUMESNILF R\u00e9f 17253\" decoding=\"async\" loading=\"lazy\" \/><\/a>\n\t\t\t<\/dt><\/dl><dl class='gallery-item'>\n\t\t\t<dt class='gallery-icon landscape'>\n\t\t\t\t<a href='http:\/\/www.1010votropticien.com\/blog\/solaires\/dolce-gabbana-solaires\/dolce_gabbanadg2253-h-optique1010fachesthumesnilp\/'><img width=\"293\" height=\"200\" src=\"http:\/\/www.1010votropticien.com\/blog\/wp-content\/uploads\/2021\/04\/DOLCE_GABBANADG2253-H-OPTIQUE1010FACHESTHUMESNILP--293x200.jpg\" class=\"attachment-thumbnail size-thumbnail\" alt=\"DOLCE_GABBANADG2253\" decoding=\"async\" loading=\"lazy\" \/><\/a>\n\t\t\t<\/dt><\/dl><br style=\"clear: both\" \/>\n\t\t<\/div>\n\n<p>La c\u00e9l\u00e8bre marque de luxe vous offre des mod\u00e8les toujours plus originaux. Les montures femme sont \u00e9quip\u00e9es par exemple de perles, \u00e0 d\u00e9couvrir de toute urgence!<\/p>\n<p>&nbsp;<\/p>\n<p>&nbsp;<\/p>\n","protected":false},"excerpt":{"rendered":"<p>Nouveau : Achetez votre Dolce &amp; Gabbana directement en ligne, livraison \u00e0 domicile ou retrait en magasin ou au drive sans frais en cliquant directement ici Voici un petit aper\u00e7u des mod\u00e8les de la collection Dolce &amp; Gabbana &#8230; Venez vite en magasin les essayer et d\u00e9couvrir d&rsquo;autres mod\u00e8les! &nbsp; La c\u00e9l\u00e8bre marque de luxe [&hellip;]<\/p>\n","protected":false},"author":2,"featured_media":0,"parent":1293,"menu_order":0,"comment_status":"open","ping_status":"open","template":"","meta":{"ngg_post_thumbnail":0},"_links":{"self":[{"href":"http:\/\/www.1010votropticien.com\/blog\/wp-json\/wp\/v2\/pages\/1435"}],"collection":[{"href":"http:\/\/www.1010votropticien.com\/blog\/wp-json\/wp\/v2\/pages"}],"about":[{"href":"http:\/\/www.1010votropticien.com\/blog\/wp-json\/wp\/v2\/types\/page"}],"author":[{"embeddable":true,"href":"http:\/\/www.1010votropticien.com\/blog\/wp-json\/wp\/v2\/users\/2"}],"replies":[{"embeddable":true,"href":"http:\/\/www.1010votropticien.com\/blog\/wp-json\/wp\/v2\/comments?post=1435"}],"version-history":[{"count":2,"href":"http:\/\/www.1010votropticien.com\/blog\/wp-json\/wp\/v2\/pages\/1435\/revisions"}],"predecessor-version":[{"id":10354,"href":"http:\/\/www.1010votropticien.com\/blog\/wp-json\/wp\/v2\/pages\/1435\/revisions\/10354"}],"up":[{"embeddable":true,"href":"http:\/\/www.1010votropticien.com\/blog\/wp-json\/wp\/v2\/pages\/1293"}],"wp:attachment":[{"href":"http:\/\/www.1010votropticien.com\/blog\/wp-json\/wp\/v2\/media?parent=1435"}],"curies":[{"name":"wp","href":"https:\/\/api.w.org\/{rel}","templated":true}]}}