{"id":1426,"date":"2015-03-16T12:27:33","date_gmt":"2015-03-16T11:27:33","guid":{"rendered":"http:\/\/www.1010votropticien.com\/blog\/?page_id=1426"},"modified":"2021-04-14T22:14:59","modified_gmt":"2021-04-14T20:14:59","slug":"jaguar-solaires","status":"publish","type":"page","link":"http:\/\/www.1010votropticien.com\/blog\/solaires\/jaguar-solaires\/","title":{"rendered":"Jaguar solaires"},"content":{"rendered":"<h3><span style=\"color: #ff0000;\">Nouveau<\/span> : Achetez votre Jaguar directement en ligne, livraison \u00e0 domicile ou retrait en magasin ou au drive sans frais en cliquant directement <a href=\"https:\/\/optique-10-10.myshopify.com\/search?q=jaguar&amp;options%5Bprefix%5D=last\" target=\"_blank\" rel=\"noopener noreferrer\"><span style=\"color: #ff0000;\">ici<\/span><\/a><\/h3>\n<h4>Voici un petit aper\u00e7u des mod\u00e8les de la collection Jaguar &#8230; Venez vite en magasin les essayer et d\u00e9couvrir d&rsquo;autres mod\u00e8les!<\/h4>\n<h5>&nbsp;<\/h5>\n<p>&nbsp;<\/p>\n\n\t\t<style type=\"text\/css\">\n\t\t\t#gallery-1 {\n\t\t\t\tmargin: auto;\n\t\t\t}\n\t\t\t#gallery-1 .gallery-item {\n\t\t\t\tfloat: left;\n\t\t\t\tmargin-top: 10px;\n\t\t\t\ttext-align: center;\n\t\t\t\twidth: 33%;\n\t\t\t}\n\t\t\t#gallery-1 img {\n\t\t\t\tborder: 2px solid #cfcfcf;\n\t\t\t}\n\t\t\t#gallery-1 .gallery-caption {\n\t\t\t\tmargin-left: 0;\n\t\t\t}\n\t\t\t\/* see gallery_shortcode() in wp-includes\/media.php *\/\n\t\t<\/style>\n\t\t<div id='gallery-1' class='gallery galleryid-1426 gallery-columns-3 gallery-size-thumbnail'><dl class='gallery-item'>\n\t\t\t<dt class='gallery-icon landscape'>\n\t\t\t\t<a href='http:\/\/www.1010votropticien.com\/blog\/solaires\/jaguar-solaires\/lunettes-de-soleil-jaguar-37120-b-optique-1010-faches-thumesnil-ref-17226\/'><img width=\"293\" height=\"200\" src=\"http:\/\/www.1010votropticien.com\/blog\/wp-content\/uploads\/2021\/04\/Lunettes-de-soleil-Jaguar-37120-B-OPTIQUE-1010-FACHES-THUMESNIL-R\u00e9f-17226-293x200.jpg\" class=\"attachment-thumbnail size-thumbnail\" alt=\"Lunettes de soleil Jaguar 37120 B OPTIQUE 1010 FACHES THUMESNIL R\u00e9f 17226\" decoding=\"async\" loading=\"lazy\" \/><\/a>\n\t\t\t<\/dt><\/dl><dl class='gallery-item'>\n\t\t\t<dt class='gallery-icon landscape'>\n\t\t\t\t<a href='http:\/\/www.1010votropticien.com\/blog\/solaires\/jaguar-solaires\/lunettes-de-soleil-jaguar-37120-optique-1010-faches-thumesnil-ref-17226\/'><img width=\"293\" height=\"200\" src=\"http:\/\/www.1010votropticien.com\/blog\/wp-content\/uploads\/2021\/04\/Lunettes-de-soleil-Jaguar-37120-OPTIQUE-1010-FACHES-THUMESNIL-R\u00e9f-17226-293x200.jpg\" class=\"attachment-thumbnail size-thumbnail\" alt=\"Lunettes de soleil Jaguar 37120 OPTIQUE 1010 FACHES THUMESNIL R\u00e9f 17226\" decoding=\"async\" loading=\"lazy\" \/><\/a>\n\t\t\t<\/dt><\/dl><dl class='gallery-item'>\n\t\t\t<dt class='gallery-icon landscape'>\n\t\t\t\t<a href='http:\/\/www.1010votropticien.com\/blog\/solaires\/jaguar-solaires\/lunettes-de-soleil-jaguar-37120-v-optique-1010-faches-thumesnil-ref-17226\/'><img width=\"293\" height=\"200\" src=\"http:\/\/www.1010votropticien.com\/blog\/wp-content\/uploads\/2021\/04\/Lunettes-de-soleil-Jaguar-37120-V-OPTIQUE-1010-FACHES-THUMESNIL-R\u00e9f-17226-293x200.jpg\" class=\"attachment-thumbnail size-thumbnail\" alt=\"Lunettes de soleil Jaguar 37120 V OPTIQUE 1010 FACHES THUMESNIL R\u00e9f 17226\" decoding=\"async\" loading=\"lazy\" \/><\/a>\n\t\t\t<\/dt><\/dl><br style=\"clear: both\" \/><dl class='gallery-item'>\n\t\t\t<dt class='gallery-icon landscape'>\n\t\t\t\t<a href='http:\/\/www.1010votropticien.com\/blog\/solaires\/jaguar-solaires\/lunettes-de-soleil-jaguar-37452-b-optique-1010-faches-thumesnil-ref-17394\/'><img width=\"293\" height=\"200\" src=\"http:\/\/www.1010votropticien.com\/blog\/wp-content\/uploads\/2021\/04\/Lunettes-de-soleil-Jaguar-37452-B-OPTIQUE-1010-FACHES-THUMESNIL-R\u00e9f-17394-293x200.jpg\" class=\"attachment-thumbnail size-thumbnail\" alt=\"Lunettes de soleil Jaguar 37452 B OPTIQUE 1010 FACHES THUMESNIL R\u00e9f 17394\" decoding=\"async\" loading=\"lazy\" \/><\/a>\n\t\t\t<\/dt><\/dl><dl class='gallery-item'>\n\t\t\t<dt class='gallery-icon landscape'>\n\t\t\t\t<a href='http:\/\/www.1010votropticien.com\/blog\/solaires\/jaguar-solaires\/lunettes-de-soleil-jaguar-37452-optique-1010-faches-thumesnil-ref-17394\/'><img width=\"293\" height=\"200\" src=\"http:\/\/www.1010votropticien.com\/blog\/wp-content\/uploads\/2021\/04\/Lunettes-de-soleil-Jaguar-37452-OPTIQUE-1010-FACHES-THUMESNIL-R\u00e9f-17394-293x200.jpg\" class=\"attachment-thumbnail size-thumbnail\" alt=\"Lunettes de soleil Jaguar 37452 OPTIQUE 1010 FACHES THUMESNIL R\u00e9f 17394\" decoding=\"async\" loading=\"lazy\" \/><\/a>\n\t\t\t<\/dt><\/dl><dl class='gallery-item'>\n\t\t\t<dt class='gallery-icon landscape'>\n\t\t\t\t<a href='http:\/\/www.1010votropticien.com\/blog\/solaires\/jaguar-solaires\/lunettes-de-soleil-jaguar-37452-v-optique-1010-faches-thumesnil-ref-17394\/'><img width=\"293\" height=\"200\" src=\"http:\/\/www.1010votropticien.com\/blog\/wp-content\/uploads\/2021\/04\/Lunettes-de-soleil-Jaguar-37452-V-OPTIQUE-1010-FACHES-THUMESNIL-R\u00e9f-17394-293x200.jpg\" class=\"attachment-thumbnail size-thumbnail\" alt=\"Lunettes de soleil Jaguar 37452 V OPTIQUE 1010 FACHES THUMESNIL R\u00e9f 17394\" decoding=\"async\" loading=\"lazy\" \/><\/a>\n\t\t\t<\/dt><\/dl><br style=\"clear: both\" \/><dl class='gallery-item'>\n\t\t\t<dt class='gallery-icon landscape'>\n\t\t\t\t<a href='http:\/\/www.1010votropticien.com\/blog\/solaires\/jaguar-solaires\/lunettes-de-soleil-jaguar-37581-optique-1010-faches-thumesnil-ref-17231\/'><img width=\"293\" height=\"200\" src=\"http:\/\/www.1010votropticien.com\/blog\/wp-content\/uploads\/2021\/04\/Lunettes-de-soleil-Jaguar-37581-OPTIQUE-1010-FACHES-THUMESNIL-R\u00e9f-17231-293x200.jpg\" class=\"attachment-thumbnail size-thumbnail\" alt=\"Lunettes de soleil Jaguar 37581 OPTIQUE 1010 FACHES THUMESNIL R\u00e9f 17231\" decoding=\"async\" loading=\"lazy\" \/><\/a>\n\t\t\t<\/dt><\/dl><dl class='gallery-item'>\n\t\t\t<dt class='gallery-icon landscape'>\n\t\t\t\t<a href='http:\/\/www.1010votropticien.com\/blog\/solaires\/jaguar-solaires\/lunettes-de-soleil-jaguar-37613-optique1010-faches-thumesnil-ref-17234\/'><img width=\"293\" height=\"200\" src=\"http:\/\/www.1010votropticien.com\/blog\/wp-content\/uploads\/2021\/04\/Lunettes-de-soleil-Jaguar-37613-OPTIQUE1010-FACHES-THUMESNIL-R\u00e9f-17234-293x200.jpg\" class=\"attachment-thumbnail size-thumbnail\" alt=\"Lunettes de soleil Jaguar 37613 OPTIQUE1010 FACHES THUMESNIL R\u00e9f 17234\" decoding=\"async\" loading=\"lazy\" \/><\/a>\n\t\t\t<\/dt><\/dl>\n\t\t\t<br style='clear: both' \/>\n\t\t<\/div>\n\n<h4 style=\"text-align: justify;\"><span style=\"color: #ff0000;\">Jaguar<\/span> s\u2019est r\u00e9cemment d\u00e9velopp\u00e9 dans l\u2019optique avec ses <span style=\"color: #ff0000;\">lunettes de soleil<\/span> exclusivement pour <span style=\"color: #ff0000;\">homme<\/span>.<\/h4>\n<h4 style=\"text-align: justify;\">La <span style=\"color: #ff0000;\">philosophie<\/span> de Jaguar reste la m\u00eame en alliant<span style=\"color: #ff0000;\"> confort<\/span>, <span style=\"color: #ff0000;\">\u00e9l\u00e9gance<\/span> et <span style=\"color: #ff0000;\">d\u00e9licatesse<\/span> mais ses montures restent <span style=\"color: #ff0000;\">tr\u00e8s masculines<\/span>.<\/h4>\n<h4 style=\"text-align: justify;\">D&rsquo;autres paires de lunettes un peu <span style=\"color: #ff0000;\">plus d\u00e9contract\u00e9es<\/span> sont tout de m\u00eame pr\u00e9sentes mais restent toujours tr\u00e8s<span style=\"color: #ff0000;\"> \u00e9l\u00e9gantes<\/span> avec un <span style=\"color: #ff0000;\">arri\u00e8re gout de luxe<\/span>.<\/h4>\n<h5>&nbsp;<\/h5>\n<p>&nbsp;<\/p>\n","protected":false},"excerpt":{"rendered":"<p>Nouveau : Achetez votre Jaguar directement en ligne, livraison \u00e0 domicile ou retrait en magasin ou au drive sans frais en cliquant directement ici Voici un petit aper\u00e7u des mod\u00e8les de la collection Jaguar &#8230; Venez vite en magasin les essayer et d\u00e9couvrir d&rsquo;autres mod\u00e8les! &nbsp; &nbsp; Jaguar s\u2019est r\u00e9cemment d\u00e9velopp\u00e9 dans l\u2019optique avec ses [&hellip;]<\/p>\n","protected":false},"author":2,"featured_media":0,"parent":1293,"menu_order":0,"comment_status":"open","ping_status":"open","template":"","meta":{"ngg_post_thumbnail":0},"_links":{"self":[{"href":"http:\/\/www.1010votropticien.com\/blog\/wp-json\/wp\/v2\/pages\/1426"}],"collection":[{"href":"http:\/\/www.1010votropticien.com\/blog\/wp-json\/wp\/v2\/pages"}],"about":[{"href":"http:\/\/www.1010votropticien.com\/blog\/wp-json\/wp\/v2\/types\/page"}],"author":[{"embeddable":true,"href":"http:\/\/www.1010votropticien.com\/blog\/wp-json\/wp\/v2\/users\/2"}],"replies":[{"embeddable":true,"href":"http:\/\/www.1010votropticien.com\/blog\/wp-json\/wp\/v2\/comments?post=1426"}],"version-history":[{"count":2,"href":"http:\/\/www.1010votropticien.com\/blog\/wp-json\/wp\/v2\/pages\/1426\/revisions"}],"predecessor-version":[{"id":10367,"href":"http:\/\/www.1010votropticien.com\/blog\/wp-json\/wp\/v2\/pages\/1426\/revisions\/10367"}],"up":[{"embeddable":true,"href":"http:\/\/www.1010votropticien.com\/blog\/wp-json\/wp\/v2\/pages\/1293"}],"wp:attachment":[{"href":"http:\/\/www.1010votropticien.com\/blog\/wp-json\/wp\/v2\/media?parent=1426"}],"curies":[{"name":"wp","href":"https:\/\/api.w.org\/{rel}","templated":true}]}}