{"id":1420,"date":"2015-03-16T12:26:33","date_gmt":"2015-03-16T11:26:33","guid":{"rendered":"http:\/\/www.1010votropticien.com\/blog\/?page_id=1420"},"modified":"2021-04-14T22:14:26","modified_gmt":"2021-04-14T20:14:26","slug":"g-star-solaires","status":"publish","type":"page","link":"http:\/\/www.1010votropticien.com\/blog\/solaires\/g-star-solaires\/","title":{"rendered":"G-Star solaires"},"content":{"rendered":"<h3><span style=\"color: #ff0000;\">Nouveau<\/span> : Achetez votre G-STAR directement en ligne, livraison \u00e0 domicile ou retrait en magasin ou au drive sans frais en cliquant directement <a href=\"https:\/\/optique-10-10.myshopify.com\/search?q=G-STAR&amp;options%5Bprefix%5D=last\" target=\"_blank\" rel=\"noopener noreferrer\"><span style=\"color: #ff0000;\">ici<\/span><\/a><\/h3>\n<h4>Voici un petit aper\u00e7u des mod\u00e8les de la collection G-Star&#8230; Venez vite en magasin les essayer et d\u00e9couvrir d&rsquo;autres mod\u00e8les!<\/h4>\n<h4>&nbsp;<\/h4>\n\n\t\t<style type=\"text\/css\">\n\t\t\t#gallery-1 {\n\t\t\t\tmargin: auto;\n\t\t\t}\n\t\t\t#gallery-1 .gallery-item {\n\t\t\t\tfloat: left;\n\t\t\t\tmargin-top: 10px;\n\t\t\t\ttext-align: center;\n\t\t\t\twidth: 33%;\n\t\t\t}\n\t\t\t#gallery-1 img {\n\t\t\t\tborder: 2px solid #cfcfcf;\n\t\t\t}\n\t\t\t#gallery-1 .gallery-caption {\n\t\t\t\tmargin-left: 0;\n\t\t\t}\n\t\t\t\/* see gallery_shortcode() in wp-includes\/media.php *\/\n\t\t<\/style>\n\t\t<div id='gallery-1' class='gallery galleryid-1420 gallery-columns-3 gallery-size-thumbnail'><dl class='gallery-item'>\n\t\t\t<dt class='gallery-icon landscape'>\n\t\t\t\t<a href='http:\/\/www.1010votropticien.com\/blog\/solaires\/g-star-solaires\/g-star-gs104s4-optique-10-10-faches-thumesnil-ref-14482\/'><img width=\"293\" height=\"200\" src=\"http:\/\/www.1010votropticien.com\/blog\/wp-content\/uploads\/2021\/04\/G-Star-GS104S4-OPTIQUE-10-10-FACHES-THUMESNIL-R\u00e9f-14482-293x200.jpg\" class=\"attachment-thumbnail size-thumbnail\" alt=\"G-Star GS104S4 OPTIQUE 10 10 FACHES THUMESNIL R\u00e9f 14482\" decoding=\"async\" loading=\"lazy\" \/><\/a>\n\t\t\t<\/dt><\/dl><dl class='gallery-item'>\n\t\t\t<dt class='gallery-icon landscape'>\n\t\t\t\t<a href='http:\/\/www.1010votropticien.com\/blog\/solaires\/g-star-solaires\/g-star-gs104s4-v-optique-10-10-faches-thumesnil-ref-14482\/'><img width=\"293\" height=\"200\" src=\"http:\/\/www.1010votropticien.com\/blog\/wp-content\/uploads\/2021\/04\/G-Star-GS104S4-V-OPTIQUE-10-10-FACHES-THUMESNIL-R\u00e9f-14482-293x200.jpg\" class=\"attachment-thumbnail size-thumbnail\" alt=\"G-Star GS104S4 V OPTIQUE 10 10 FACHES THUMESNIL R\u00e9f 14482\" decoding=\"async\" loading=\"lazy\" \/><\/a>\n\t\t\t<\/dt><\/dl><dl class='gallery-item'>\n\t\t\t<dt class='gallery-icon landscape'>\n\t\t\t\t<a href='http:\/\/www.1010votropticien.com\/blog\/solaires\/g-star-solaires\/g-star-gs605s-d-optique-10-10-faches-thumesnil-ref-10927\/'><img width=\"293\" height=\"200\" src=\"http:\/\/www.1010votropticien.com\/blog\/wp-content\/uploads\/2021\/04\/G-Star-GS605S-D-OPTIQUE-10-10-FACHES-THUMESNIL-R\u00e9f-10927-293x200.jpg\" class=\"attachment-thumbnail size-thumbnail\" alt=\"G-Star GS605S D OPTIQUE 10 10 FACHES THUMESNIL R\u00e9f 10927\" decoding=\"async\" loading=\"lazy\" \/><\/a>\n\t\t\t<\/dt><\/dl><br style=\"clear: both\" \/><dl class='gallery-item'>\n\t\t\t<dt class='gallery-icon landscape'>\n\t\t\t\t<a href='http:\/\/www.1010votropticien.com\/blog\/solaires\/g-star-solaires\/g-star-gs605s-optique-10-10-faches-thumesnil-ref-10927\/'><img width=\"293\" height=\"200\" src=\"http:\/\/www.1010votropticien.com\/blog\/wp-content\/uploads\/2021\/04\/G-Star-GS605S-OPTIQUE-10-10-FACHES-THUMESNIL-R\u00e9f-10927-293x200.jpg\" class=\"attachment-thumbnail size-thumbnail\" alt=\"G-Star GS605S OPTIQUE 10 10 FACHES THUMESNIL R\u00e9f 10927\" decoding=\"async\" loading=\"lazy\" \/><\/a>\n\t\t\t<\/dt><\/dl><dl class='gallery-item'>\n\t\t\t<dt class='gallery-icon landscape'>\n\t\t\t\t<a href='http:\/\/www.1010votropticien.com\/blog\/solaires\/g-star-solaires\/g-star-gs634s-b-optique-10-10-faches-thumesnil-ref-14480\/'><img width=\"293\" height=\"200\" src=\"http:\/\/www.1010votropticien.com\/blog\/wp-content\/uploads\/2021\/04\/G-Star-GS634S-B-OPTIQUE-10-10-FACHES-THUMESNIL-R\u00e9f-14480-293x200.jpg\" class=\"attachment-thumbnail size-thumbnail\" alt=\"G-Star GS634S B OPTIQUE 10 10 FACHES THUMESNIL R\u00e9f 14480\" decoding=\"async\" loading=\"lazy\" \/><\/a>\n\t\t\t<\/dt><\/dl><dl class='gallery-item'>\n\t\t\t<dt class='gallery-icon landscape'>\n\t\t\t\t<a href='http:\/\/www.1010votropticien.com\/blog\/solaires\/g-star-solaires\/g-star-gs634s-d-optique-10-10-faches-thumesnil-ref-14480\/'><img width=\"293\" height=\"200\" src=\"http:\/\/www.1010votropticien.com\/blog\/wp-content\/uploads\/2021\/04\/G-Star-GS634S-D-OPTIQUE-10-10-FACHES-THUMESNIL-R\u00e9f-14480-293x200.jpg\" class=\"attachment-thumbnail size-thumbnail\" alt=\"G-Star GS634S D OPTIQUE 10 10 FACHES THUMESNIL R\u00e9f 14480\" decoding=\"async\" loading=\"lazy\" \/><\/a>\n\t\t\t<\/dt><\/dl><br style=\"clear: both\" \/><dl class='gallery-item'>\n\t\t\t<dt class='gallery-icon landscape'>\n\t\t\t\t<a href='http:\/\/www.1010votropticien.com\/blog\/solaires\/g-star-solaires\/g-star-gs634s-optique-10-10-faches-thumesnil-ref-14480\/'><img width=\"293\" height=\"200\" src=\"http:\/\/www.1010votropticien.com\/blog\/wp-content\/uploads\/2021\/04\/G-Star-GS634S-OPTIQUE-10-10-FACHES-THUMESNIL-R\u00e9f-14480-293x200.jpg\" class=\"attachment-thumbnail size-thumbnail\" alt=\"G-Star GS634S OPTIQUE 10 10 FACHES THUMESNIL R\u00e9f 14480\" decoding=\"async\" loading=\"lazy\" \/><\/a>\n\t\t\t<\/dt><\/dl><dl class='gallery-item'>\n\t\t\t<dt class='gallery-icon landscape'>\n\t\t\t\t<a href='http:\/\/www.1010votropticien.com\/blog\/solaires\/g-star-solaires\/g-star-gs660s-optique-10-10-faches-thumesnil-ref-14479\/'><img width=\"293\" height=\"200\" src=\"http:\/\/www.1010votropticien.com\/blog\/wp-content\/uploads\/2021\/04\/G-Star-GS660S-OPTIQUE-10-10-FACHES-THUMESNIL-R\u00e9f-14479-293x200.jpg\" class=\"attachment-thumbnail size-thumbnail\" alt=\"G-Star GS660S OPTIQUE 10 10 FACHES THUMESNIL R\u00e9f 14479\" decoding=\"async\" loading=\"lazy\" \/><\/a>\n\t\t\t<\/dt><\/dl>\n\t\t\t<br style='clear: both' \/>\n\t\t<\/div>\n\n<h4 style=\"text-align: justify;\"><span style=\"color: #ff0000;\">G-STAR<\/span>, la marque <span style=\"color: #ff0000;\">denim<\/span> r\u00e9put\u00e9e, pr\u00e9sente ses premi\u00e8res collections solaires et optiques.<\/h4>\n<h4 style=\"text-align: justify;\">Des montures \u00e0 la fois <span style=\"color: #ff0000;\">classiques<\/span>, gr\u00e2ce \u00e0 des formes <span style=\"color: #ff0000;\">embl\u00e9matiques<\/span> de la lunetterie et <span style=\"color: #ff0000;\">originales<\/span> parce que le sens du <span style=\"color: #ff0000;\">d\u00e9tail<\/span> est l\u00e0 pour <span style=\"color: #ff0000;\">taper \u00e0 l&rsquo;oeil<\/span>!<\/h4>\n<h5>&nbsp;<\/h5>\n","protected":false},"excerpt":{"rendered":"<p>Nouveau : Achetez votre G-STAR directement en ligne, livraison \u00e0 domicile ou retrait en magasin ou au drive sans frais en cliquant directement ici Voici un petit aper\u00e7u des mod\u00e8les de la collection G-Star&#8230; Venez vite en magasin les essayer et d\u00e9couvrir d&rsquo;autres mod\u00e8les! &nbsp; G-STAR, la marque denim r\u00e9put\u00e9e, pr\u00e9sente ses premi\u00e8res collections solaires [&hellip;]<\/p>\n","protected":false},"author":2,"featured_media":0,"parent":1293,"menu_order":0,"comment_status":"open","ping_status":"open","template":"","meta":{"ngg_post_thumbnail":0},"_links":{"self":[{"href":"http:\/\/www.1010votropticien.com\/blog\/wp-json\/wp\/v2\/pages\/1420"}],"collection":[{"href":"http:\/\/www.1010votropticien.com\/blog\/wp-json\/wp\/v2\/pages"}],"about":[{"href":"http:\/\/www.1010votropticien.com\/blog\/wp-json\/wp\/v2\/types\/page"}],"author":[{"embeddable":true,"href":"http:\/\/www.1010votropticien.com\/blog\/wp-json\/wp\/v2\/users\/2"}],"replies":[{"embeddable":true,"href":"http:\/\/www.1010votropticien.com\/blog\/wp-json\/wp\/v2\/comments?post=1420"}],"version-history":[{"count":2,"href":"http:\/\/www.1010votropticien.com\/blog\/wp-json\/wp\/v2\/pages\/1420\/revisions"}],"predecessor-version":[{"id":10366,"href":"http:\/\/www.1010votropticien.com\/blog\/wp-json\/wp\/v2\/pages\/1420\/revisions\/10366"}],"up":[{"embeddable":true,"href":"http:\/\/www.1010votropticien.com\/blog\/wp-json\/wp\/v2\/pages\/1293"}],"wp:attachment":[{"href":"http:\/\/www.1010votropticien.com\/blog\/wp-json\/wp\/v2\/media?parent=1420"}],"curies":[{"name":"wp","href":"https:\/\/api.w.org\/{rel}","templated":true}]}}