{"id":1417,"date":"2015-03-16T12:26:16","date_gmt":"2015-03-16T11:26:16","guid":{"rendered":"http:\/\/www.1010votropticien.com\/blog\/?page_id=1417"},"modified":"2023-06-02T15:23:29","modified_gmt":"2023-06-02T13:23:29","slug":"carrera-solaires","status":"publish","type":"page","link":"http:\/\/www.1010votropticien.com\/blog\/solaires\/carrera-solaires\/","title":{"rendered":"Carrera solaires"},"content":{"rendered":"<h3 style=\"text-align: justify;\">Voici un petit aper\u00e7u des mod\u00e8les de la collection Carrera &#8230; Venez vite en magasin les essayer et d\u00e9couvrir d&rsquo;autres mod\u00e8les!<\/h3>\n\n\t\t<style type=\"text\/css\">\n\t\t\t#gallery-1 {\n\t\t\t\tmargin: auto;\n\t\t\t}\n\t\t\t#gallery-1 .gallery-item {\n\t\t\t\tfloat: left;\n\t\t\t\tmargin-top: 10px;\n\t\t\t\ttext-align: center;\n\t\t\t\twidth: 33%;\n\t\t\t}\n\t\t\t#gallery-1 img {\n\t\t\t\tborder: 2px solid #cfcfcf;\n\t\t\t}\n\t\t\t#gallery-1 .gallery-caption {\n\t\t\t\tmargin-left: 0;\n\t\t\t}\n\t\t\t\/* see gallery_shortcode() in wp-includes\/media.php *\/\n\t\t<\/style>\n\t\t<div id='gallery-1' class='gallery galleryid-1417 gallery-columns-3 gallery-size-thumbnail'><dl class='gallery-item'>\n\t\t\t<dt class='gallery-icon landscape'>\n\t\t\t\t<a href='http:\/\/www.1010votropticien.com\/blog\/solaires\/carrera-solaires\/inshot_20230601_103019890\/'><img width=\"293\" height=\"200\" src=\"http:\/\/www.1010votropticien.com\/blog\/wp-content\/uploads\/2023\/06\/InShot_20230601_103019890-293x200.jpg\" class=\"attachment-thumbnail size-thumbnail\" alt=\"\" decoding=\"async\" loading=\"lazy\" \/><\/a>\n\t\t\t<\/dt><\/dl><dl class='gallery-item'>\n\t\t\t<dt class='gallery-icon landscape'>\n\t\t\t\t<a href='http:\/\/www.1010votropticien.com\/blog\/solaires\/carrera-solaires\/inshot_20230601_103004645\/'><img width=\"293\" height=\"200\" src=\"http:\/\/www.1010votropticien.com\/blog\/wp-content\/uploads\/2023\/06\/InShot_20230601_103004645-293x200.jpg\" class=\"attachment-thumbnail size-thumbnail\" alt=\"\" decoding=\"async\" loading=\"lazy\" \/><\/a>\n\t\t\t<\/dt><\/dl><dl class='gallery-item'>\n\t\t\t<dt class='gallery-icon landscape'>\n\t\t\t\t<a href='http:\/\/www.1010votropticien.com\/blog\/solaires\/carrera-solaires\/inshot_20230601_102948078\/'><img width=\"293\" height=\"200\" src=\"http:\/\/www.1010votropticien.com\/blog\/wp-content\/uploads\/2023\/06\/InShot_20230601_102948078-293x200.jpg\" class=\"attachment-thumbnail size-thumbnail\" alt=\"\" decoding=\"async\" loading=\"lazy\" \/><\/a>\n\t\t\t<\/dt><\/dl><br style=\"clear: both\" \/><dl class='gallery-item'>\n\t\t\t<dt class='gallery-icon landscape'>\n\t\t\t\t<a href='http:\/\/www.1010votropticien.com\/blog\/solaires\/carrera-solaires\/inshot_20230601_102852462\/'><img width=\"293\" height=\"200\" src=\"http:\/\/www.1010votropticien.com\/blog\/wp-content\/uploads\/2023\/06\/InShot_20230601_102852462-293x200.jpg\" class=\"attachment-thumbnail size-thumbnail\" alt=\"\" decoding=\"async\" loading=\"lazy\" \/><\/a>\n\t\t\t<\/dt><\/dl><dl class='gallery-item'>\n\t\t\t<dt class='gallery-icon landscape'>\n\t\t\t\t<a href='http:\/\/www.1010votropticien.com\/blog\/solaires\/carrera-solaires\/inshot_20230601_102833787\/'><img width=\"293\" height=\"200\" src=\"http:\/\/www.1010votropticien.com\/blog\/wp-content\/uploads\/2023\/06\/InShot_20230601_102833787-293x200.jpg\" class=\"attachment-thumbnail size-thumbnail\" alt=\"\" decoding=\"async\" loading=\"lazy\" \/><\/a>\n\t\t\t<\/dt><\/dl><dl class='gallery-item'>\n\t\t\t<dt class='gallery-icon landscape'>\n\t\t\t\t<a href='http:\/\/www.1010votropticien.com\/blog\/solaires\/carrera-solaires\/inshot_20230601_102816771\/'><img width=\"293\" height=\"200\" src=\"http:\/\/www.1010votropticien.com\/blog\/wp-content\/uploads\/2023\/06\/InShot_20230601_102816771-293x200.jpg\" class=\"attachment-thumbnail size-thumbnail\" alt=\"\" decoding=\"async\" loading=\"lazy\" \/><\/a>\n\t\t\t<\/dt><\/dl><br style=\"clear: both\" \/><dl class='gallery-item'>\n\t\t\t<dt class='gallery-icon landscape'>\n\t\t\t\t<a href='http:\/\/www.1010votropticien.com\/blog\/solaires\/carrera-solaires\/inshot_20230601_102754352\/'><img width=\"293\" height=\"200\" src=\"http:\/\/www.1010votropticien.com\/blog\/wp-content\/uploads\/2023\/06\/InShot_20230601_102754352-293x200.jpg\" class=\"attachment-thumbnail size-thumbnail\" alt=\"\" decoding=\"async\" loading=\"lazy\" \/><\/a>\n\t\t\t<\/dt><\/dl><dl class='gallery-item'>\n\t\t\t<dt class='gallery-icon landscape'>\n\t\t\t\t<a href='http:\/\/www.1010votropticien.com\/blog\/solaires\/carrera-solaires\/inshot_20230601_102734045\/'><img width=\"293\" height=\"200\" src=\"http:\/\/www.1010votropticien.com\/blog\/wp-content\/uploads\/2023\/06\/InShot_20230601_102734045-293x200.jpg\" class=\"attachment-thumbnail size-thumbnail\" alt=\"\" decoding=\"async\" loading=\"lazy\" \/><\/a>\n\t\t\t<\/dt><\/dl><dl class='gallery-item'>\n\t\t\t<dt class='gallery-icon landscape'>\n\t\t\t\t<a href='http:\/\/www.1010votropticien.com\/blog\/solaires\/carrera-solaires\/inshot_20230601_102714565\/'><img width=\"293\" height=\"200\" src=\"http:\/\/www.1010votropticien.com\/blog\/wp-content\/uploads\/2023\/06\/InShot_20230601_102714565-293x200.jpg\" class=\"attachment-thumbnail size-thumbnail\" alt=\"\" decoding=\"async\" loading=\"lazy\" \/><\/a>\n\t\t\t<\/dt><\/dl><br style=\"clear: both\" \/><dl class='gallery-item'>\n\t\t\t<dt class='gallery-icon landscape'>\n\t\t\t\t<a href='http:\/\/www.1010votropticien.com\/blog\/solaires\/carrera-solaires\/inshot_20230601_102653496\/'><img width=\"293\" height=\"200\" src=\"http:\/\/www.1010votropticien.com\/blog\/wp-content\/uploads\/2023\/06\/InShot_20230601_102653496-293x200.jpg\" class=\"attachment-thumbnail size-thumbnail\" alt=\"\" decoding=\"async\" loading=\"lazy\" \/><\/a>\n\t\t\t<\/dt><\/dl><dl class='gallery-item'>\n\t\t\t<dt class='gallery-icon landscape'>\n\t\t\t\t<a href='http:\/\/www.1010votropticien.com\/blog\/solaires\/carrera-solaires\/inshot_20230601_102630256\/'><img width=\"293\" height=\"200\" src=\"http:\/\/www.1010votropticien.com\/blog\/wp-content\/uploads\/2023\/06\/InShot_20230601_102630256-293x200.jpg\" class=\"attachment-thumbnail size-thumbnail\" alt=\"\" decoding=\"async\" loading=\"lazy\" \/><\/a>\n\t\t\t<\/dt><\/dl><dl class='gallery-item'>\n\t\t\t<dt class='gallery-icon landscape'>\n\t\t\t\t<a href='http:\/\/www.1010votropticien.com\/blog\/solaires\/carrera-solaires\/inshot_20230601_102610741\/'><img width=\"293\" height=\"200\" src=\"http:\/\/www.1010votropticien.com\/blog\/wp-content\/uploads\/2023\/06\/InShot_20230601_102610741-293x200.jpg\" class=\"attachment-thumbnail size-thumbnail\" alt=\"\" decoding=\"async\" loading=\"lazy\" \/><\/a>\n\t\t\t<\/dt><\/dl><br style=\"clear: both\" \/><dl class='gallery-item'>\n\t\t\t<dt class='gallery-icon landscape'>\n\t\t\t\t<a href='http:\/\/www.1010votropticien.com\/blog\/solaires\/carrera-solaires\/inshot_20230601_102557917\/'><img width=\"293\" height=\"200\" src=\"http:\/\/www.1010votropticien.com\/blog\/wp-content\/uploads\/2023\/06\/InShot_20230601_102557917-293x200.jpg\" class=\"attachment-thumbnail size-thumbnail\" alt=\"\" decoding=\"async\" loading=\"lazy\" \/><\/a>\n\t\t\t<\/dt><\/dl><dl class='gallery-item'>\n\t\t\t<dt class='gallery-icon landscape'>\n\t\t\t\t<a href='http:\/\/www.1010votropticien.com\/blog\/solaires\/carrera-solaires\/inshot_20230601_102543872\/'><img width=\"293\" height=\"200\" src=\"http:\/\/www.1010votropticien.com\/blog\/wp-content\/uploads\/2023\/06\/InShot_20230601_102543872-293x200.jpg\" class=\"attachment-thumbnail size-thumbnail\" alt=\"\" decoding=\"async\" loading=\"lazy\" \/><\/a>\n\t\t\t<\/dt><\/dl><dl class='gallery-item'>\n\t\t\t<dt class='gallery-icon landscape'>\n\t\t\t\t<a href='http:\/\/www.1010votropticien.com\/blog\/solaires\/carrera-solaires\/inshot_20230601_102525305\/'><img width=\"293\" height=\"200\" src=\"http:\/\/www.1010votropticien.com\/blog\/wp-content\/uploads\/2023\/06\/InShot_20230601_102525305-293x200.jpg\" class=\"attachment-thumbnail size-thumbnail\" alt=\"\" decoding=\"async\" loading=\"lazy\" \/><\/a>\n\t\t\t<\/dt><\/dl><br style=\"clear: both\" \/><dl class='gallery-item'>\n\t\t\t<dt class='gallery-icon landscape'>\n\t\t\t\t<a href='http:\/\/www.1010votropticien.com\/blog\/solaires\/carrera-solaires\/inshot_20230601_102456597\/'><img width=\"293\" height=\"200\" src=\"http:\/\/www.1010votropticien.com\/blog\/wp-content\/uploads\/2023\/06\/InShot_20230601_102456597-293x200.jpg\" class=\"attachment-thumbnail size-thumbnail\" alt=\"\" decoding=\"async\" loading=\"lazy\" \/><\/a>\n\t\t\t<\/dt><\/dl><dl class='gallery-item'>\n\t\t\t<dt class='gallery-icon landscape'>\n\t\t\t\t<a href='http:\/\/www.1010votropticien.com\/blog\/solaires\/carrera-solaires\/inshot_20230601_102425335\/'><img width=\"293\" height=\"200\" src=\"http:\/\/www.1010votropticien.com\/blog\/wp-content\/uploads\/2023\/06\/InShot_20230601_102425335-293x200.jpg\" class=\"attachment-thumbnail size-thumbnail\" alt=\"\" decoding=\"async\" loading=\"lazy\" \/><\/a>\n\t\t\t<\/dt><\/dl><dl class='gallery-item'>\n\t\t\t<dt class='gallery-icon landscape'>\n\t\t\t\t<a href='http:\/\/www.1010votropticien.com\/blog\/solaires\/carrera-solaires\/inshot_20230601_1030198901\/'><img width=\"293\" height=\"200\" src=\"http:\/\/www.1010votropticien.com\/blog\/wp-content\/uploads\/2023\/06\/InShot_20230601_1030198901-293x200.jpg\" class=\"attachment-thumbnail size-thumbnail\" alt=\"\" decoding=\"async\" loading=\"lazy\" \/><\/a>\n\t\t\t<\/dt><\/dl><br style=\"clear: both\" \/><dl class='gallery-item'>\n\t\t\t<dt class='gallery-icon landscape'>\n\t\t\t\t<a href='http:\/\/www.1010votropticien.com\/blog\/solaires\/inshot_20230601_1024253351\/'><img width=\"293\" height=\"200\" src=\"http:\/\/www.1010votropticien.com\/blog\/wp-content\/uploads\/2023\/06\/InShot_20230601_1024253351-293x200.jpg\" class=\"attachment-thumbnail size-thumbnail\" alt=\"\" decoding=\"async\" loading=\"lazy\" \/><\/a>\n\t\t\t<\/dt><\/dl>\n\t\t\t<br style='clear: both' \/>\n\t\t<\/div>\n\n<p>&nbsp;<\/p>\n<p>&nbsp;<\/p>\n","protected":false},"excerpt":{"rendered":"<p>Voici un petit aper\u00e7u des mod\u00e8les de la collection Carrera &#8230; Venez vite en magasin les essayer et d\u00e9couvrir d&rsquo;autres mod\u00e8les! &nbsp; &nbsp;<\/p>\n","protected":false},"author":2,"featured_media":0,"parent":1293,"menu_order":0,"comment_status":"open","ping_status":"open","template":"page-gallery.php","meta":{"ngg_post_thumbnail":0},"_links":{"self":[{"href":"http:\/\/www.1010votropticien.com\/blog\/wp-json\/wp\/v2\/pages\/1417"}],"collection":[{"href":"http:\/\/www.1010votropticien.com\/blog\/wp-json\/wp\/v2\/pages"}],"about":[{"href":"http:\/\/www.1010votropticien.com\/blog\/wp-json\/wp\/v2\/types\/page"}],"author":[{"embeddable":true,"href":"http:\/\/www.1010votropticien.com\/blog\/wp-json\/wp\/v2\/users\/2"}],"replies":[{"embeddable":true,"href":"http:\/\/www.1010votropticien.com\/blog\/wp-json\/wp\/v2\/comments?post=1417"}],"version-history":[{"count":2,"href":"http:\/\/www.1010votropticien.com\/blog\/wp-json\/wp\/v2\/pages\/1417\/revisions"}],"predecessor-version":[{"id":11190,"href":"http:\/\/www.1010votropticien.com\/blog\/wp-json\/wp\/v2\/pages\/1417\/revisions\/11190"}],"up":[{"embeddable":true,"href":"http:\/\/www.1010votropticien.com\/blog\/wp-json\/wp\/v2\/pages\/1293"}],"wp:attachment":[{"href":"http:\/\/www.1010votropticien.com\/blog\/wp-json\/wp\/v2\/media?parent=1417"}],"curies":[{"name":"wp","href":"https:\/\/api.w.org\/{rel}","templated":true}]}}