{"id":1398,"date":"2015-03-16T12:21:29","date_gmt":"2015-03-16T11:21:29","guid":{"rendered":"http:\/\/www.1010votropticien.com\/blog\/?page_id=1398"},"modified":"2018-09-16T10:12:59","modified_gmt":"2018-09-16T08:12:59","slug":"pierre-eyewear","status":"publish","type":"page","link":"http:\/\/www.1010votropticien.com\/blog\/lunettes-de-vue\/pierre-eyewear\/","title":{"rendered":"Pierre eyewear"},"content":{"rendered":"<p>&nbsp;<\/p>\n<h3>Voici un petit aper\u00e7u des mod\u00e8les de la collection Pierre Eyewear &#8230; Venez vite en magasin les essayer et d\u00e9couvrir d&rsquo;autres mod\u00e8les!<\/h3>\n<div id=\"attachment_7505\" style=\"width: 310px\" class=\"wp-caption alignleft\"><img aria-describedby=\"caption-attachment-7505\" decoding=\"async\" loading=\"lazy\" class=\"size-medium wp-image-7505\" src=\"http:\/\/www.1010votropticien.com\/blog\/wp-content\/uploads\/2018\/09\/DSC_0038-300x199.jpg\" alt=\"PIERRE EYEWEAR OPTIQUE 10\/10 FACHES THUMESNIL\" width=\"300\" height=\"199\" srcset=\"http:\/\/www.1010votropticien.com\/blog\/wp-content\/uploads\/2018\/09\/DSC_0038-300x199.jpg 300w, http:\/\/www.1010votropticien.com\/blog\/wp-content\/uploads\/2018\/09\/DSC_0038-768x509.jpg 768w, http:\/\/www.1010votropticien.com\/blog\/wp-content\/uploads\/2018\/09\/DSC_0038-1024x679.jpg 1024w, http:\/\/www.1010votropticien.com\/blog\/wp-content\/uploads\/2018\/09\/DSC_0038-321x214.jpg 321w, http:\/\/www.1010votropticien.com\/blog\/wp-content\/uploads\/2018\/09\/DSC_0038-207x136.jpg 207w, http:\/\/www.1010votropticien.com\/blog\/wp-content\/uploads\/2018\/09\/DSC_0038-140x94.jpg 140w\" sizes=\"(max-width: 300px) 100vw, 300px\" \/><p id=\"caption-attachment-7505\" class=\"wp-caption-text\">PIERRE EYEWEAR OPTIQUE 10\/10 FACHES THUMESNIL<\/p><\/div>\n<div id=\"attachment_7504\" style=\"width: 310px\" class=\"wp-caption alignleft\"><img aria-describedby=\"caption-attachment-7504\" decoding=\"async\" loading=\"lazy\" class=\"size-medium wp-image-7504\" src=\"http:\/\/www.1010votropticien.com\/blog\/wp-content\/uploads\/2018\/09\/DSC_0037-300x199.jpg\" alt=\"PIERRE EYEWEAR OPTIQUE 10\/10 FACHES THUMESNIL\" width=\"300\" height=\"199\" srcset=\"http:\/\/www.1010votropticien.com\/blog\/wp-content\/uploads\/2018\/09\/DSC_0037-300x199.jpg 300w, http:\/\/www.1010votropticien.com\/blog\/wp-content\/uploads\/2018\/09\/DSC_0037-768x509.jpg 768w, http:\/\/www.1010votropticien.com\/blog\/wp-content\/uploads\/2018\/09\/DSC_0037-1024x679.jpg 1024w, http:\/\/www.1010votropticien.com\/blog\/wp-content\/uploads\/2018\/09\/DSC_0037-321x214.jpg 321w, http:\/\/www.1010votropticien.com\/blog\/wp-content\/uploads\/2018\/09\/DSC_0037-207x136.jpg 207w, http:\/\/www.1010votropticien.com\/blog\/wp-content\/uploads\/2018\/09\/DSC_0037-140x94.jpg 140w\" sizes=\"(max-width: 300px) 100vw, 300px\" \/><p id=\"caption-attachment-7504\" class=\"wp-caption-text\">PIERRE EYEWEAR OPTIQUE 10\/10 FACHES THUMESNIL<\/p><\/div>\n<div id=\"attachment_7503\" style=\"width: 310px\" class=\"wp-caption alignleft\"><img aria-describedby=\"caption-attachment-7503\" decoding=\"async\" loading=\"lazy\" class=\"size-medium wp-image-7503\" src=\"http:\/\/www.1010votropticien.com\/blog\/wp-content\/uploads\/2018\/09\/DSC_0036-300x199.jpg\" alt=\"PIERRE EYEWEAR OPTIQUE 10\/10 FACHES THUMESNIL\" width=\"300\" height=\"199\" srcset=\"http:\/\/www.1010votropticien.com\/blog\/wp-content\/uploads\/2018\/09\/DSC_0036-300x199.jpg 300w, http:\/\/www.1010votropticien.com\/blog\/wp-content\/uploads\/2018\/09\/DSC_0036-768x509.jpg 768w, http:\/\/www.1010votropticien.com\/blog\/wp-content\/uploads\/2018\/09\/DSC_0036-1024x679.jpg 1024w, http:\/\/www.1010votropticien.com\/blog\/wp-content\/uploads\/2018\/09\/DSC_0036-321x214.jpg 321w, http:\/\/www.1010votropticien.com\/blog\/wp-content\/uploads\/2018\/09\/DSC_0036-207x136.jpg 207w, http:\/\/www.1010votropticien.com\/blog\/wp-content\/uploads\/2018\/09\/DSC_0036-140x94.jpg 140w\" sizes=\"(max-width: 300px) 100vw, 300px\" \/><p id=\"caption-attachment-7503\" class=\"wp-caption-text\">PIERRE EYEWEAR OPTIQUE 10\/10 FACHES THUMESNIL<\/p><\/div>\n<div id=\"attachment_7502\" style=\"width: 310px\" class=\"wp-caption alignleft\"><img aria-describedby=\"caption-attachment-7502\" decoding=\"async\" loading=\"lazy\" class=\"size-medium wp-image-7502\" src=\"http:\/\/www.1010votropticien.com\/blog\/wp-content\/uploads\/2018\/09\/DSC_0035-300x199.jpg\" alt=\"PIERRE EYEWEAR OPTIQUE 10\/10 FACHES THUMESNIL\" width=\"300\" height=\"199\" srcset=\"http:\/\/www.1010votropticien.com\/blog\/wp-content\/uploads\/2018\/09\/DSC_0035-300x199.jpg 300w, http:\/\/www.1010votropticien.com\/blog\/wp-content\/uploads\/2018\/09\/DSC_0035-768x509.jpg 768w, http:\/\/www.1010votropticien.com\/blog\/wp-content\/uploads\/2018\/09\/DSC_0035-1024x679.jpg 1024w, http:\/\/www.1010votropticien.com\/blog\/wp-content\/uploads\/2018\/09\/DSC_0035-321x214.jpg 321w, http:\/\/www.1010votropticien.com\/blog\/wp-content\/uploads\/2018\/09\/DSC_0035-207x136.jpg 207w, http:\/\/www.1010votropticien.com\/blog\/wp-content\/uploads\/2018\/09\/DSC_0035-140x94.jpg 140w\" sizes=\"(max-width: 300px) 100vw, 300px\" \/><p id=\"caption-attachment-7502\" class=\"wp-caption-text\">PIERRE EYEWEAR OPTIQUE 10\/10 FACHES THUMESNIL<\/p><\/div>\n<div id=\"attachment_7501\" style=\"width: 310px\" class=\"wp-caption alignleft\"><img aria-describedby=\"caption-attachment-7501\" decoding=\"async\" loading=\"lazy\" class=\"size-medium wp-image-7501\" src=\"http:\/\/www.1010votropticien.com\/blog\/wp-content\/uploads\/2018\/09\/DSC_0034-300x199.jpg\" alt=\"PIERRE EYEWEAR OPTIQUE 10\/10 FACHES THUMESNIL\" width=\"300\" height=\"199\" srcset=\"http:\/\/www.1010votropticien.com\/blog\/wp-content\/uploads\/2018\/09\/DSC_0034-300x199.jpg 300w, http:\/\/www.1010votropticien.com\/blog\/wp-content\/uploads\/2018\/09\/DSC_0034-768x509.jpg 768w, http:\/\/www.1010votropticien.com\/blog\/wp-content\/uploads\/2018\/09\/DSC_0034-1024x679.jpg 1024w, http:\/\/www.1010votropticien.com\/blog\/wp-content\/uploads\/2018\/09\/DSC_0034-321x214.jpg 321w, http:\/\/www.1010votropticien.com\/blog\/wp-content\/uploads\/2018\/09\/DSC_0034-207x136.jpg 207w, http:\/\/www.1010votropticien.com\/blog\/wp-content\/uploads\/2018\/09\/DSC_0034-140x94.jpg 140w\" sizes=\"(max-width: 300px) 100vw, 300px\" \/><p id=\"caption-attachment-7501\" class=\"wp-caption-text\">PIERRE EYEWEAR OPTIQUE 10\/10 FACHES THUMESNIL<\/p><\/div>\n<h4>&nbsp; \u00ab&nbsp;Etre <span style=\"color: #ff0000;\">cr\u00e9ateur<\/span> aujourd\u2019hui, c\u2019est ne pas subir la tendance en cours, c\u2019est plut\u00f4t composer avec, l\u2019<span style=\"color: #ff0000;\">inventer<\/span> encore et l\u2019<span style=\"color: #ff0000;\">innover<\/span> toujours, avec patience et d\u00e9termination.&nbsp;\u00bb P. Cariven<\/h4>\n<h4>Chaque monture fait l\u2019objet d\u2019une <span style=\"color: #ff0000;\">fabrication de qualit\u00e9, faite main<\/span>, par des <span style=\"color: #ff0000;\">artisans chevronn\u00e9s<\/span>, s\u2019appuyant sur des techniques avanc\u00e9es.<br \/>\nL\u2019expertise de la <span style=\"color: #ff0000;\">fabrication fran\u00e7aise<\/span> sur le march\u00e9 international de la lunetterie est soutenue par \u00abPierre-Eyewear\u00bb:<\/h4>\n<h4><span style=\"color: #ff0000;\">\u00ab100% Certified, Hand Made in France\u00bb est son embl\u00e8me qualit\u00e9.<\/span><\/h4>\n<h4>De la patience et de la d\u00e9termination Pierre n\u2019en manque pas : D\u00e8s son jeune \u00e2ge, il est passionn\u00e9 par le <span style=\"color: #ff0000;\">Design<\/span> (Admirateur inconditionn\u00e9 de Ferdinand Alexander Porsche et de sa 911) et par la Mode, il fera cependant une Ecole de Commerce.<\/h4>\n<h4>A 21 ans, \u00e0 peine dipl\u00f4m\u00e9, son attrait pour la nouveaut\u00e9 et le changement le conduit aux Etats-Unis o\u00f9 il reste une dizaine d\u2019ann\u00e9es. C\u2019est l\u00e0-bas qu\u2019il d\u00e9couvre le monde de l\u2019optique en contribuant au d\u00e9veloppement des collections \u00ab Lacoste \u00bb, \u00ab L\u2019Amy \u00bb et \u00ab Nina Ricci \u00bb.<\/h4>\n<h4>De retour en France sa rencontre et sa collaboration avec plusieurs cr\u00e9ateurs, r\u00e9animent son esprit cr\u00e9atif et entrepreneur.<\/h4>\n<h4>Pourquoi ne pas laisser libre cours \u00e0 son <span style=\"color: #ff0000;\">inspiration novatrice<\/span> et cr\u00e9er sa propre collection ?<\/h4>\n<h4>Fort de son <span style=\"color: #ff0000;\">exp\u00e9rience atypique<\/span> et encourag\u00e9 par sa client\u00e8le, il r\u00e9alise ses premiers mod\u00e8les. Des esquisses plein la t\u00eate li\u00e9es \u00e0 son go\u00fbt de l\u2019<span style=\"color: #ff0000;\">innovation<\/span> feront venir \u00e0 maturit\u00e9 sa d\u00e9cision de se lancer en tant que <span style=\"color: #ff0000;\">cr\u00e9ateur autodidacte<\/span>. Il faut savoir que Pierre ne poss\u00e8de aucun parrainage familial ni professionnel pour l\u2019introduire dans l\u2019univers de la lunetterie. Il ne peut compter que sur sa d\u00e9termination pour r\u00e9aliser son r\u00eave.<\/h4>\n<h4>Pour lui, la <span style=\"color: #ff0000;\">lunett<\/span>e doit \u00eatre avant tout, un <span style=\"color: #ff0000;\">bel objet<\/span>. Au-del\u00e0 d\u2019un accessoire n\u00e9cessaire ou de mode, elle pourrait \u00eatre un <span style=\"color: #ff0000;\">objet d\u2019art<\/span> ! Un objet <span style=\"color: #ff0000;\">ergonomique<\/span> et <span style=\"color: #ff0000;\">confortable<\/span> qu\u2019on a plaisir \u00e0 regarder, \u00e0 poss\u00e9der, et bien s\u00fbr, \u00e0 porter.<\/h4>\n<h4>Un <span style=\"color: #ff0000;\">style pour le moins singulier Subtil et ing\u00e9nieux<\/span>. Beaucoup d\u2019<span style=\"color: #ff0000;\">allure<\/span> pour cette collection au design \u00e9pur\u00e9 !<\/h4>\n<h4>Des <span style=\"color: #ff0000;\">formes astucieuses<\/span>, mises en valeur par un choix de <span style=\"color: #ff0000;\">couleurs<\/span> soign\u00e9es.<\/h4>\n<h4>Sa botte : <span style=\"color: #ff0000;\">L\u2019harmonie entre \u00e9l\u00e9gance et simplicit\u00e9.<\/span><\/h4>\n<p>&nbsp;<\/p>\n<h5><span style=\"color: #ff6600;\"><a style=\"color: #ff6600;\" href=\"http:\/\/pierre-eyewear.com\/\" target=\"_blank\" rel=\"noopener\">Retrouvez ici l&rsquo;univers de Pierre Ewear.<\/a><\/span><\/h5>\n","protected":false},"excerpt":{"rendered":"<p>&nbsp; Voici un petit aper\u00e7u des mod\u00e8les de la collection Pierre Eyewear &#8230; Venez vite en magasin les essayer et d\u00e9couvrir d&rsquo;autres mod\u00e8les! &nbsp; \u00ab&nbsp;Etre cr\u00e9ateur aujourd\u2019hui, c\u2019est ne pas subir la tendance en cours, c\u2019est plut\u00f4t composer avec, l\u2019inventer encore et l\u2019innover toujours, avec patience et d\u00e9termination.&nbsp;\u00bb P. Cariven Chaque monture fait l\u2019objet d\u2019une [&hellip;]<\/p>\n","protected":false},"author":2,"featured_media":0,"parent":1290,"menu_order":0,"comment_status":"open","ping_status":"open","template":"","meta":{"ngg_post_thumbnail":0},"_links":{"self":[{"href":"http:\/\/www.1010votropticien.com\/blog\/wp-json\/wp\/v2\/pages\/1398"}],"collection":[{"href":"http:\/\/www.1010votropticien.com\/blog\/wp-json\/wp\/v2\/pages"}],"about":[{"href":"http:\/\/www.1010votropticien.com\/blog\/wp-json\/wp\/v2\/types\/page"}],"author":[{"embeddable":true,"href":"http:\/\/www.1010votropticien.com\/blog\/wp-json\/wp\/v2\/users\/2"}],"replies":[{"embeddable":true,"href":"http:\/\/www.1010votropticien.com\/blog\/wp-json\/wp\/v2\/comments?post=1398"}],"version-history":[{"count":4,"href":"http:\/\/www.1010votropticien.com\/blog\/wp-json\/wp\/v2\/pages\/1398\/revisions"}],"predecessor-version":[{"id":7509,"href":"http:\/\/www.1010votropticien.com\/blog\/wp-json\/wp\/v2\/pages\/1398\/revisions\/7509"}],"up":[{"embeddable":true,"href":"http:\/\/www.1010votropticien.com\/blog\/wp-json\/wp\/v2\/pages\/1290"}],"wp:attachment":[{"href":"http:\/\/www.1010votropticien.com\/blog\/wp-json\/wp\/v2\/media?parent=1398"}],"curies":[{"name":"wp","href":"https:\/\/api.w.org\/{rel}","templated":true}]}}